{"id":179,"date":"2019-06-06T12:16:15","date_gmt":"2019-06-06T10:16:15","guid":{"rendered":"https:\/\/instytutpolski.pl\/sztokholm\/?page_id=179"},"modified":"2025-08-26T10:51:01","modified_gmt":"2025-08-26T08:51:01","slug":"o-instytucie-polskim-w-sztokholmie","status":"publish","type":"page","link":"https:\/\/instytutpolski.pl\/stockholm\/pl\/o-instytucie-polskim-w-sztokholmie\/","title":{"rendered":"O nas"},"content":{"rendered":"\n<p>Dzia\u0142alno\u015b\u0107 <strong>Instytutu Polskiego w Sztokholmie<\/strong> ma na celu promocj\u0119 wsp\u00f3\u0142czesnej Polski &#8211; pa\u0144stwa nowoczesnego, aktywnego na arenie mi\u0119dzynarodowej, przyk\u0142adu pokojowych, zako\u0144czonych sukcesem przemian politycznych i gospodarczych. <\/p>\n\n\n\n<p>Powo\u0142ywane\ndecyzj\u0105 ministra spraw zagranicznych Instytuty Polskie s\u0105 wa\u017cnym narz\u0119dziem\npolskiej polityki zagranicznej. G\u0142\u00f3wnym zadaniem sieci Instytut\u00f3w&nbsp;jest\nrealizacja przes\u0142ania polskiej dyplomacji publicznej: dbania o dobre imi\u0119\nPolski i jej pozytywny wizerunek, w szczeg\u00f3lno\u015bci poprzez zapewnienie polskiej\nobecno\u015bci w przedsi\u0119wzi\u0119ciach mi\u0119dzynarodowych oraz nawi\u0105zywanie i utrzymywanie\nkontakt\u00f3w z zagranicznymi partnerami z dziedziny kultury, edukacji, nauki i\n\u017cycia spo\u0142ecznego.<\/p>\n\n\n\n<p>Instytut Polski\nw Sztokholmie podejmuje konsekwentne dzia\u0142ania w celu dotarcia do w\u0142a\u015bciwego\nkr\u0119gu odbiorc\u00f3w. Wsp\u00f3\u0142pracuje z lokalnymi instytucjami kultury, organizacjami\npolonijnymi, o\u015brodkami badawczo-rozwojowymi i lokalnymi mediami w Szwecji.<\/p>\n\n\n\n<p>Wielop\u0142aszczyznowa aktywno\u015b\u0107 Instytutu\ndotyczy dzia\u0142a\u0144 z zakresu szeroko rozumianej dyplomacji publicznej oraz\nbudowania pozytywnego wizerunku Polski za granic\u0105, takich jak: polityka\ninformacyjna, gospodarka, historia, kultura, edukacja, nauka, szkolnictwo i\nj\u0119zyk, jak r\u00f3wnie\u017c sport i turystyka.<\/p>\n\n\n\n<p>Na nowej stronie Instytutu <a href=\"https:\/\/instytutpolski.pl\/stockholm\/pl\/\" target=\"_blank\" rel=\"noreferrer noopener\">www.instytutpolski.pl\/stockholm<\/a>\u00a0znajduj\u0105 si\u0119 informacje o bie\u017c\u0105cych projektach instytutu, aktualno\u015bci zapowiadaj\u0105ce najbli\u017csze imprezy oraz linki do interesuj\u0105cych polskich stron internetowych.<\/p>\n\n\n\n<p>Instytut aktywnie dzia\u0142a r\u00f3wnie\u017c na portalach spo\u0142eczno\u015bciowych:<br><a href=\"https:\/\/www.facebook.com\/Polska.institutet\/\" target=\"_blank\" rel=\"noreferrer noopener\">Facebook<\/a><br><a href=\"https:\/\/twitter.com\/PLinstStockholm\" target=\"_blank\" rel=\"noreferrer noopener\">X<\/a><br><a href=\"https:\/\/www.instagram.com\/polskainstitutet\/\" target=\"_blank\" rel=\"noreferrer noopener\">Instagram<\/a><br><a href=\"https:\/\/www.youtube.com\/user\/PolskaInstitutet\" target=\"_blank\" rel=\"noreferrer noopener\">YouTube<\/a><\/p>\n","protected":false},"excerpt":{"rendered":"<p>Dzia\u0142alno\u015b\u0107 Instytutu Polskiego w Sztokholmie ma na celu promocj\u0119 wsp\u00f3\u0142czesnej Polski &#8211; pa\u0144stwa nowoczesnego, aktywnego na arenie mi\u0119dzynarodowej, przyk\u0142adu pokojowych, zako\u0144czonych sukcesem przemian politycznych i gospodarczych. Powo\u0142ywane decyzj\u0105 ministra spraw zagranicznych Instytuty Polskie s\u0105 wa\u017cnym narz\u0119dziem polskiej polityki zagranicznej. G\u0142\u00f3wnym zadaniem sieci Instytut\u00f3w&nbsp;jest realizacja przes\u0142ania polskiej dyplomacji publicznej: dbania o dobre imi\u0119 Polski i jej [&hellip;]<\/p>\n","protected":false},"author":9,"featured_media":9323,"parent":0,"menu_order":0,"comment_status":"closed","ping_status":"closed","template":"","meta":{"inline_featured_image":false,"_monsterinsights_skip_tracking":false,"_monsterinsights_sitenote_active":false,"_monsterinsights_sitenote_note":"","_monsterinsights_sitenote_category":0,"footnotes":""},"class_list":["post-179","page","type-page","status-publish","has-post-thumbnail","hentry"],"yoast_head":"<!-- This site is optimized with the Yoast SEO plugin v24.6 - https:\/\/yoast.com\/wordpress\/plugins\/seo\/ -->\n<title>O nas - Instytut Polski w Sztokholmie<\/title>\n<meta name=\"robots\" content=\"index, follow, max-snippet:-1, max-image-preview:large, max-video-preview:-1\" \/>\n<link rel=\"canonical\" href=\"https:\/\/instytutpolski.pl\/stockholm\/pl\/o-instytucie-polskim-w-sztokholmie\/\" \/>\n<meta property=\"og:locale\" content=\"pl_PL\" \/>\n<meta property=\"og:type\" content=\"article\" \/>\n<meta property=\"og:title\" content=\"O nas - Instytut Polski w Sztokholmie\" \/>\n<meta property=\"og:description\" content=\"Dzia\u0142alno\u015b\u0107 Instytutu Polskiego w Sztokholmie ma na celu promocj\u0119 wsp\u00f3\u0142czesnej Polski &#8211; pa\u0144stwa nowoczesnego, aktywnego na arenie mi\u0119dzynarodowej, przyk\u0142adu pokojowych, zako\u0144czonych sukcesem przemian politycznych i gospodarczych. Powo\u0142ywane decyzj\u0105 ministra spraw zagranicznych Instytuty Polskie s\u0105 wa\u017cnym narz\u0119dziem polskiej polityki zagranicznej. G\u0142\u00f3wnym zadaniem sieci Instytut\u00f3w&nbsp;jest realizacja przes\u0142ania polskiej dyplomacji publicznej: dbania o dobre imi\u0119 Polski i jej [&hellip;]\" \/>\n<meta property=\"og:url\" content=\"https:\/\/instytutpolski.pl\/stockholm\/pl\/o-instytucie-polskim-w-sztokholmie\/\" \/>\n<meta property=\"og:site_name\" content=\"Instytut Polski w Sztokholmie\" \/>\n<meta property=\"article:modified_time\" content=\"2025-08-26T08:51:01+00:00\" \/>\n<meta property=\"og:image\" content=\"https:\/\/instytutpolski.pl\/stockholm\/wp-content\/uploads\/sites\/17\/2022\/09\/logo-ip.jpg\" \/>\n\t<meta property=\"og:image:width\" content=\"2000\" \/>\n\t<meta property=\"og:image:height\" content=\"1125\" \/>\n\t<meta property=\"og:image:type\" content=\"image\/jpeg\" \/>\n<meta name=\"twitter:card\" content=\"summary_large_image\" \/>\n<meta name=\"twitter:label1\" content=\"Szacowany czas czytania\" \/>\n\t<meta name=\"twitter:data1\" content=\"2 minuty\" \/>\n<script type=\"application\/ld+json\" class=\"yoast-schema-graph\">{\"@context\":\"https:\/\/schema.org\",\"@graph\":[{\"@type\":\"WebPage\",\"@id\":\"https:\/\/instytutpolski.pl\/stockholm\/pl\/o-instytucie-polskim-w-sztokholmie\/\",\"url\":\"https:\/\/instytutpolski.pl\/stockholm\/pl\/o-instytucie-polskim-w-sztokholmie\/\",\"name\":\"O nas - Instytut Polski w Sztokholmie\",\"isPartOf\":{\"@id\":\"https:\/\/instytutpolski.pl\/stockholm\/#website\"},\"primaryImageOfPage\":{\"@id\":\"https:\/\/instytutpolski.pl\/stockholm\/pl\/o-instytucie-polskim-w-sztokholmie\/#primaryimage\"},\"image\":{\"@id\":\"https:\/\/instytutpolski.pl\/stockholm\/pl\/o-instytucie-polskim-w-sztokholmie\/#primaryimage\"},\"thumbnailUrl\":\"https:\/\/instytutpolski.pl\/stockholm\/wp-content\/uploads\/sites\/17\/2022\/09\/logo-ip.jpg\",\"datePublished\":\"2019-06-06T10:16:15+00:00\",\"dateModified\":\"2025-08-26T08:51:01+00:00\",\"breadcrumb\":{\"@id\":\"https:\/\/instytutpolski.pl\/stockholm\/pl\/o-instytucie-polskim-w-sztokholmie\/#breadcrumb\"},\"inLanguage\":\"pl-PL\",\"potentialAction\":[{\"@type\":\"ReadAction\",\"target\":[\"https:\/\/instytutpolski.pl\/stockholm\/pl\/o-instytucie-polskim-w-sztokholmie\/\"]}]},{\"@type\":\"ImageObject\",\"inLanguage\":\"pl-PL\",\"@id\":\"https:\/\/instytutpolski.pl\/stockholm\/pl\/o-instytucie-polskim-w-sztokholmie\/#primaryimage\",\"url\":\"https:\/\/instytutpolski.pl\/stockholm\/wp-content\/uploads\/sites\/17\/2022\/09\/logo-ip.jpg\",\"contentUrl\":\"https:\/\/instytutpolski.pl\/stockholm\/wp-content\/uploads\/sites\/17\/2022\/09\/logo-ip.jpg\",\"width\":2000,\"height\":1125},{\"@type\":\"BreadcrumbList\",\"@id\":\"https:\/\/instytutpolski.pl\/stockholm\/pl\/o-instytucie-polskim-w-sztokholmie\/#breadcrumb\",\"itemListElement\":[{\"@type\":\"ListItem\",\"position\":1,\"name\":\"Home\",\"item\":\"https:\/\/instytutpolski.pl\/stockholm\/\"},{\"@type\":\"ListItem\",\"position\":2,\"name\":\"O nas\"}]},{\"@type\":\"WebSite\",\"@id\":\"https:\/\/instytutpolski.pl\/stockholm\/#website\",\"url\":\"https:\/\/instytutpolski.pl\/stockholm\/\",\"name\":\"Instytut Polski w Sztokholmie\",\"description\":\"Instytuty Polskie\",\"potentialAction\":[{\"@type\":\"SearchAction\",\"target\":{\"@type\":\"EntryPoint\",\"urlTemplate\":\"https:\/\/instytutpolski.pl\/stockholm\/?s={search_term_string}\"},\"query-input\":{\"@type\":\"PropertyValueSpecification\",\"valueRequired\":true,\"valueName\":\"search_term_string\"}}],\"inLanguage\":\"pl-PL\"}]}<\/script>\n<!-- \/ Yoast SEO plugin. -->","yoast_head_json":{"title":"O nas - Instytut Polski w Sztokholmie","robots":{"index":"index","follow":"follow","max-snippet":"max-snippet:-1","max-image-preview":"max-image-preview:large","max-video-preview":"max-video-preview:-1"},"canonical":"https:\/\/instytutpolski.pl\/stockholm\/pl\/o-instytucie-polskim-w-sztokholmie\/","og_locale":"pl_PL","og_type":"article","og_title":"O nas - Instytut Polski w Sztokholmie","og_description":"Dzia\u0142alno\u015b\u0107 Instytutu Polskiego w Sztokholmie ma na celu promocj\u0119 wsp\u00f3\u0142czesnej Polski &#8211; pa\u0144stwa nowoczesnego, aktywnego na arenie mi\u0119dzynarodowej, przyk\u0142adu pokojowych, zako\u0144czonych sukcesem przemian politycznych i gospodarczych. Powo\u0142ywane decyzj\u0105 ministra spraw zagranicznych Instytuty Polskie s\u0105 wa\u017cnym narz\u0119dziem polskiej polityki zagranicznej. G\u0142\u00f3wnym zadaniem sieci Instytut\u00f3w&nbsp;jest realizacja przes\u0142ania polskiej dyplomacji publicznej: dbania o dobre imi\u0119 Polski i jej [&hellip;]","og_url":"https:\/\/instytutpolski.pl\/stockholm\/pl\/o-instytucie-polskim-w-sztokholmie\/","og_site_name":"Instytut Polski w Sztokholmie","article_modified_time":"2025-08-26T08:51:01+00:00","og_image":[{"width":2000,"height":1125,"url":"https:\/\/instytutpolski.pl\/stockholm\/wp-content\/uploads\/sites\/17\/2022\/09\/logo-ip.jpg","type":"image\/jpeg"}],"twitter_card":"summary_large_image","twitter_misc":{"Szacowany czas czytania":"2 minuty"},"schema":{"@context":"https:\/\/schema.org","@graph":[{"@type":"WebPage","@id":"https:\/\/instytutpolski.pl\/stockholm\/pl\/o-instytucie-polskim-w-sztokholmie\/","url":"https:\/\/instytutpolski.pl\/stockholm\/pl\/o-instytucie-polskim-w-sztokholmie\/","name":"O nas - Instytut Polski w Sztokholmie","isPartOf":{"@id":"https:\/\/instytutpolski.pl\/stockholm\/#website"},"primaryImageOfPage":{"@id":"https:\/\/instytutpolski.pl\/stockholm\/pl\/o-instytucie-polskim-w-sztokholmie\/#primaryimage"},"image":{"@id":"https:\/\/instytutpolski.pl\/stockholm\/pl\/o-instytucie-polskim-w-sztokholmie\/#primaryimage"},"thumbnailUrl":"https:\/\/instytutpolski.pl\/stockholm\/wp-content\/uploads\/sites\/17\/2022\/09\/logo-ip.jpg","datePublished":"2019-06-06T10:16:15+00:00","dateModified":"2025-08-26T08:51:01+00:00","breadcrumb":{"@id":"https:\/\/instytutpolski.pl\/stockholm\/pl\/o-instytucie-polskim-w-sztokholmie\/#breadcrumb"},"inLanguage":"pl-PL","potentialAction":[{"@type":"ReadAction","target":["https:\/\/instytutpolski.pl\/stockholm\/pl\/o-instytucie-polskim-w-sztokholmie\/"]}]},{"@type":"ImageObject","inLanguage":"pl-PL","@id":"https:\/\/instytutpolski.pl\/stockholm\/pl\/o-instytucie-polskim-w-sztokholmie\/#primaryimage","url":"https:\/\/instytutpolski.pl\/stockholm\/wp-content\/uploads\/sites\/17\/2022\/09\/logo-ip.jpg","contentUrl":"https:\/\/instytutpolski.pl\/stockholm\/wp-content\/uploads\/sites\/17\/2022\/09\/logo-ip.jpg","width":2000,"height":1125},{"@type":"BreadcrumbList","@id":"https:\/\/instytutpolski.pl\/stockholm\/pl\/o-instytucie-polskim-w-sztokholmie\/#breadcrumb","itemListElement":[{"@type":"ListItem","position":1,"name":"Home","item":"https:\/\/instytutpolski.pl\/stockholm\/"},{"@type":"ListItem","position":2,"name":"O nas"}]},{"@type":"WebSite","@id":"https:\/\/instytutpolski.pl\/stockholm\/#website","url":"https:\/\/instytutpolski.pl\/stockholm\/","name":"Instytut Polski w Sztokholmie","description":"Instytuty Polskie","potentialAction":[{"@type":"SearchAction","target":{"@type":"EntryPoint","urlTemplate":"https:\/\/instytutpolski.pl\/stockholm\/?s={search_term_string}"},"query-input":{"@type":"PropertyValueSpecification","valueRequired":true,"valueName":"search_term_string"}}],"inLanguage":"pl-PL"}]}},"_links":{"self":[{"href":"https:\/\/instytutpolski.pl\/stockholm\/wp-json\/wp\/v2\/pages\/179","targetHints":{"allow":["GET"]}}],"collection":[{"href":"https:\/\/instytutpolski.pl\/stockholm\/wp-json\/wp\/v2\/pages"}],"about":[{"href":"https:\/\/instytutpolski.pl\/stockholm\/wp-json\/wp\/v2\/types\/page"}],"author":[{"embeddable":true,"href":"https:\/\/instytutpolski.pl\/stockholm\/wp-json\/wp\/v2\/users\/9"}],"replies":[{"embeddable":true,"href":"https:\/\/instytutpolski.pl\/stockholm\/wp-json\/wp\/v2\/comments?post=179"}],"version-history":[{"count":10,"href":"https:\/\/instytutpolski.pl\/stockholm\/wp-json\/wp\/v2\/pages\/179\/revisions"}],"predecessor-version":[{"id":14484,"href":"https:\/\/instytutpolski.pl\/stockholm\/wp-json\/wp\/v2\/pages\/179\/revisions\/14484"}],"wp:featuredmedia":[{"embeddable":true,"href":"https:\/\/instytutpolski.pl\/stockholm\/wp-json\/wp\/v2\/media\/9323"}],"wp:attachment":[{"href":"https:\/\/instytutpolski.pl\/stockholm\/wp-json\/wp\/v2\/media?parent=179"}],"curies":[{"name":"wp","href":"https:\/\/api.w.org\/{rel}","templated":true}]}}