{"id":187,"date":"2019-06-25T13:12:09","date_gmt":"2019-06-25T11:12:09","guid":{"rendered":"https:\/\/instytutpolski.pl\/sztokholm\/?page_id=187"},"modified":"2025-10-14T15:40:48","modified_gmt":"2025-10-14T13:40:48","slug":"praktyki","status":"publish","type":"page","link":"https:\/\/instytutpolski.pl\/stockholm\/pl\/o-instytucie-polskim-w-sztokholmie\/praktyki\/","title":{"rendered":"Praktyki"},"content":{"rendered":"\n<p><strong>Je\u017celi jeste\u015b&#8230;<\/strong><\/p>\n\n\n\n<p>&#8230;osob\u0105 lubi\u0105c\u0105 wyzwania, kreatywn\u0105, samodzieln\u0105, aczkolwiek umiej\u0119tnie pracuj\u0105c\u0105 w grupie, wykazuj\u0105c\u0105 si\u0119 zaanga\u017cowaniem oraz ch\u0119ci\u0105 rozwoju, zainteresowan\u0105 zar\u00f3wno kultur\u0105 szwedzk\u0105 jak i polsk\u0105&#8230;<\/p>\n\n\n\n<p>&#8230;to masz mo\u017cliwo\u015b\u0107 odbycia interesuj\u0105cych&nbsp;praktyk studenckich&nbsp;\/ praktyk absolwenckich&nbsp;lub&nbsp;wolontariatu, podczas kt\u00f3rych b\u0119dziesz mia\u0142a\/mia\u0142\u201a szans\u0119 pracowa\u0107 z pr\u0119\u017cnym, kreatywnym zespo\u0142em, zdoby\u0107 do\u015bwiadczenie z dziedziny komunikacji, PR, pracy nad realizacj\u0105 projekt\u00f3w kulturalnych, a przede wszystkim &#8211; wykaza\u0107 si\u0119 w\u0142asn\u0105 inicjatyw\u0105. Odbywaj\u0105c praktyk\u0119 w Instytucie Polskim uzyskasz r\u00f3wnie\u017c mo\u017cliwo\u015b\u0107 poznania wielu ciekawych postaci polskiego oraz szwedzkiego \u015bwiata kultury.&nbsp;<\/p>\n\n\n\n<hr class=\"wp-block-separator has-css-opacity\" \/>\n\n\n\n<h4 class=\"wp-block-heading\"><strong>PRAKTYKI STUDENCKIE<\/strong><\/h4>\n\n\n\n<p><strong>Wymagania formalne<\/strong>:<\/p>\n\n\n\n<ul class=\"wp-block-list\">\n<li>posiadanie obywatelstwa polskiego lub innego kraju cz\u0142onkowskiego Unii Europejskiej<\/li>\n\n\n\n<li>bycie studentem min. III roku studi\u00f3w* na kierunkach: kulturoznawczych, filologicznych, marketingu i zarz\u0105dzania, public relations, dziennikarskich, literaturoznawczych lub innych kierunkach humanistycznych<br>(<em>* dotyczy r\u00f3wnie\u017c studi\u00f3w podyplomowych oraz doktoranckich<\/em>.)<\/li>\n\n\n\n<li>znajomo\u015b\u0107 j\u0119zyka szwedzkiego, polskiego i angielskiego<\/li>\n\n\n\n<li>posiadanie aktualnego ubezpieczenia od nast\u0119pstw nieszcz\u0119\u015bliwych wypadk\u00f3w (NFZ, ISIC, Karta Euro 26 lub inne)&nbsp;&nbsp;<\/li>\n\n\n\n<li>podpisane o\u015bwiadczenie o niekaralno\u015bci (za\u0142\u0105cznik)<\/li>\n<\/ul>\n\n\n\n<p>Praktyki studenckie w Instytucie Polskim s\u0105 bezp\u0142atne; odbywaj\u0105 si\u0119 przez ca\u0142y rok kalendarzowy w pe\u0142nym wymiarze godzin przez okres jednego miesi\u0105ca lub w niepe\u0142nym wymiarze godzin przez okres dw\u00f3ch miesi\u0119cy.&nbsp;<br><em><br><\/em><strong>IP nie zapewnia zakwaterowania oraz&nbsp; nie ponosi koszt\u00f3w zwi\u0105zanych z podr\u00f3\u017c\u0105, wy\u017cywieniem, itp.<\/strong><\/p>\n\n\n\n<p>CV, list motywacyjny oraz wype\u0142nione dokumenty (do pobrania poni\u017cej) prosimy wysy\u0142a\u0107 na adres:&nbsp;<a href=\"mailto:info@polskainstitutet.se\">info@polskainstitutet.se<\/a>&nbsp;(nie p\u00f3\u017cniej ni\u017c 45 dni przed planowanym terminem rozpocz\u0119cia praktyk).<br><strong><br>Dokumenty do pobrania:<\/strong><\/p>\n\n\n\n<div class=\"wp-block-file\"><a href=\"https:\/\/instytutpolski.pl\/sztokholm\/wp-content\/uploads\/sites\/17\/2019\/06\/zal_5_form_aplik_prakt_studencka-1.doc\">Formularz aplikacyjny<\/a><a href=\"https:\/\/instytutpolski.pl\/sztokholm\/wp-content\/uploads\/sites\/17\/2019\/06\/zal_5_form_aplik_prakt_studencka-1.doc\" class=\"wp-block-file__button wp-element-button\" download>Pobierz<\/a><\/div>\n\n\n\n<div class=\"wp-block-file\"><a href=\"https:\/\/instytutpolski.pl\/sztokholm\/wp-content\/uploads\/sites\/17\/2019\/06\/zal_2_oswiadczenie_o_niekaralnosci.doc\">O\u015bwiadczenie o niekaralno\u015bci<\/a><a href=\"https:\/\/instytutpolski.pl\/sztokholm\/wp-content\/uploads\/sites\/17\/2019\/06\/zal_2_oswiadczenie_o_niekaralnosci.doc\" class=\"wp-block-file__button wp-element-button\" download>Pobierz<\/a><\/div>\n\n\n\n<div class=\"wp-block-file\"><a href=\"https:\/\/instytutpolski.pl\/sztokholm\/wp-content\/uploads\/sites\/17\/2019\/06\/z13-DGSZ-2011.pdf\">Regulamin praktyk oraz wolontariatu w MSZ i plac\u00f3wkach zagranicznych<\/a><a href=\"https:\/\/instytutpolski.pl\/sztokholm\/wp-content\/uploads\/sites\/17\/2019\/06\/z13-DGSZ-2011.pdf\" class=\"wp-block-file__button wp-element-button\" download>Pobierz<\/a><\/div>\n\n\n\n<p><strong>Wi\u0119cej informacji:<\/strong><\/p>\n\n\n\n<p><a rel=\"noreferrer noopener\" href=\"http:\/\/www.msz.gov.pl\/pl\/ministerstwo\/praca_i_kariera\/praktyki\/praktyki__wolontariat_i_staz\" target=\"_blank\">http:\/\/www.msz.gov.pl\/pl\/ministerstwo\/praca_i_kariera\/praktyki\/praktyki__wolontariat_i_staz<\/a><\/p>\n\n\n\n<hr class=\"wp-block-separator has-css-opacity\" \/>\n\n\n\n<h4 class=\"wp-block-heading\"><strong>PRAKTYKI ABSOLWENCKIE<\/strong><\/h4>\n\n\n\n<p><strong>Wymagania formalne:<\/strong><\/p>\n\n\n\n<ul class=\"wp-block-list\">\n<li>posiadanie obywatelstwa polskiego lub innego kraju cz\u0142onkowskiego Unii Europejskiej,<\/li>\n\n\n\n<li>bycie absolwentem szko\u0142y policealnej, studi\u00f3w pierwszego, drugiego lub trzeciego stopnia lub studi\u00f3w podyplomowych na kierunkach kulturoznawczych, filologicznych, marketingu i zarz\u0105dzania, public relations, literaturoznawczych lub innych kierunk\u00f3w humanistycznych<\/li>\n\n\n\n<li>od uko\u0144czenia studi\u00f3w nie min\u0119\u0142o wi\u0119cej ni\u017c 5 lat<\/li>\n\n\n\n<li>dobra znajomo\u015b\u0107 j\u0119zyka szwedzkiego, polskiego i angielskiego<\/li>\n\n\n\n<li>posiadanie aktualnego ubezpieczenia od nast\u0119pstw nieszcz\u0119\u015bliwych wypadk\u00f3w (NFZ, ISIC, Karta Euro 26 lub inne)&nbsp;&nbsp;<\/li>\n\n\n\n<li>podpisane o\u015bwiadczenie o niekaralno\u015bci (za\u0142\u0105cznik)<\/li>\n<\/ul>\n\n\n\n<p>Praktyki absolwenckie w Instytucie Polskim mog\u0105 odbywa\u0107 si\u0119 bezp\u0142atnie lub odp\u0142atnie (decyzj\u0105 Dyrektora plac\u00f3wki).&nbsp;Praktyki odbywaj\u0105 si\u0119 przez ca\u0142y rok kalendarzowy w pe\u0142nym lub w niepe\u0142nym wymiarze godzin, przez okres 1-3 miesi\u0105cy.&nbsp;<\/p>\n\n\n\n<p><strong>IP nie zapewnia zakwaterowania oraz nie ponosi koszt\u00f3w zwi\u0105zanych z podr\u00f3\u017c\u0105, wy\u017cywieniem, itp.<\/strong><em><br><br><\/em>CV, list motywacyjny oraz wype\u0142nione dokumenty (do pobrania poni\u017cej) prosimy wysy\u0142a\u0107 na adres:&nbsp;<a rel=\"noreferrer noopener\" href=\"mailto:info@polskainstitutet.se\" target=\"_blank\">info@polskainstitutet.se<\/a>&nbsp;(nie p\u00f3\u017aniej ni\u017c 45 dni przed planowanym terminem rozpocz\u0119cia praktyk).<\/p>\n\n\n\n<p><strong>Dokumenty do pobrania:<\/strong><\/p>\n\n\n\n<div class=\"wp-block-file\"><a href=\"https:\/\/instytutpolski.pl\/sztokholm\/wp-content\/uploads\/sites\/17\/2019\/06\/zal_8_formularz_aplik_prakt_absolwencka-1.doc\">Formularz aplikacyjny<\/a><a href=\"https:\/\/instytutpolski.pl\/sztokholm\/wp-content\/uploads\/sites\/17\/2019\/06\/zal_8_formularz_aplik_prakt_absolwencka-1.doc\" class=\"wp-block-file__button wp-element-button\" download>Pobierz<\/a><\/div>\n\n\n\n<div class=\"wp-block-file\"><a href=\"https:\/\/instytutpolski.pl\/sztokholm\/wp-content\/uploads\/sites\/17\/2019\/06\/zal_2_oswiadczenie_o_niekaralnosci-1.doc\">O\u015bwiadczenie o niekaralno\u015bci<\/a><a href=\"https:\/\/instytutpolski.pl\/sztokholm\/wp-content\/uploads\/sites\/17\/2019\/06\/zal_2_oswiadczenie_o_niekaralnosci-1.doc\" class=\"wp-block-file__button wp-element-button\" download>Pobierz<\/a><\/div>\n\n\n\n<div class=\"wp-block-file\"><a href=\"https:\/\/instytutpolski.pl\/sztokholm\/wp-content\/uploads\/sites\/17\/2019\/06\/z13-DGSZ-2011-1.pdf\">Regulamin praktyk oraz wolontariatu  w MSZ i plac\u00f3wkach zagranicznych<\/a><a href=\"https:\/\/instytutpolski.pl\/sztokholm\/wp-content\/uploads\/sites\/17\/2019\/06\/z13-DGSZ-2011-1.pdf\" class=\"wp-block-file__button wp-element-button\" download>Pobierz<\/a><\/div>\n\n\n\n<p><strong>Wi\u0119cej informacji:<\/strong><\/p>\n\n\n\n<p><a rel=\"noreferrer noopener\" href=\"http:\/\/www.msz.gov.pl\/pl\/ministerstwo\/praca_i_kariera\/praktyki\/praktyki__wolontariat_i_staz\" target=\"_blank\">http:\/\/www.msz.gov.pl\/pl\/ministerstwo\/praca_i_kariera\/praktyki\/praktyki__wolontariat_i_staz<\/a><br><\/p>\n\n\n\n<hr class=\"wp-block-separator has-css-opacity\" \/>\n\n\n\n<h4 class=\"wp-block-heading\"><strong>WOLONTARIAT<\/strong><\/h4>\n\n\n\n<p><strong>Wymagania formalne:<\/strong><\/p>\n\n\n\n<ul class=\"wp-block-list\">\n<li>posiadanie obywatelstwa polskiego lub innego kraju cz\u0142onkowskiego Unii Europejskiej,<\/li>\n\n\n\n<li>bycie studentem lub absolwentem studi\u00f3w na kierunkach kulturoznawczych, filologicznych, marketingu i zarz\u0105dzania, public relations, literaturoznawczych lub innych kierunk\u00f3w humanistycznych<\/li>\n\n\n\n<li>dobra znajomo\u015b\u0107 j\u0119zyka szwedzkiego, polskiego i angielskiego<\/li>\n\n\n\n<li>posiadanie aktualnego ubezpieczenia od nast\u0119pstw nieszcz\u0119\u015bliwych wypadk\u00f3w (NFZ, ISIC, Karta Euro 26 lub inne)&nbsp;&nbsp;<\/li>\n\n\n\n<li>podpisane o\u015bwiadczenie o niekaralno\u015bci (za\u0142\u0105cznik)<\/li>\n<\/ul>\n\n\n\n<p>Wolontariat&nbsp; w Instytucie Polskim jest bezp\u0142atny; odbywa si\u0119 przez ca\u0142y rok kalendarzowy, maksymalnie przez okres 3 miesi\u0119cy.<\/p>\n\n\n\n<p><strong>IP nie zapewnia zakwaterowania oraz&nbsp; nie ponosi koszt\u00f3w zwi\u0105zanych z podr\u00f3\u017c\u0105, wy\u017cywieniem, itp.<\/strong><\/p>\n\n\n\n<p>CV, list motywacyjny oraz wype\u0142nione dokumenty (do pobrania poni\u017cej) prosimy wysy\u0142a\u0107 na adres: sztokholm@instytutpolski.pl (nie p\u00f3\u017aniej ni\u017c 45 dni przed planowanym terminem rozpocz\u0119cia wolontariatu).<\/p>\n\n\n\n<p><strong>Dokumenty do pobrania:<\/strong><\/p>\n\n\n\n<div class=\"wp-block-file\"><a href=\"https:\/\/instytutpolski.pl\/sztokholm\/wp-content\/uploads\/sites\/17\/2019\/06\/zal_10_formularz_aplik_wolontariat.doc\">Formularz aplikacyjny<\/a><a href=\"https:\/\/instytutpolski.pl\/sztokholm\/wp-content\/uploads\/sites\/17\/2019\/06\/zal_10_formularz_aplik_wolontariat.doc\" class=\"wp-block-file__button wp-element-button\" download>Pobierz<\/a><\/div>\n\n\n\n<div class=\"wp-block-file\"><a href=\"https:\/\/instytutpolski.pl\/sztokholm\/wp-content\/uploads\/sites\/17\/2019\/06\/zal_2_oswiadczenie_o_niekaralnosci-2.doc\">O\u015bwiadczenie o niekaralno\u015bci<\/a><a href=\"https:\/\/instytutpolski.pl\/sztokholm\/wp-content\/uploads\/sites\/17\/2019\/06\/zal_2_oswiadczenie_o_niekaralnosci-2.doc\" class=\"wp-block-file__button wp-element-button\" download>Pobierz<\/a><\/div>\n\n\n\n<div class=\"wp-block-file\"><a href=\"https:\/\/instytutpolski.pl\/sztokholm\/wp-content\/uploads\/sites\/17\/2019\/06\/z13-DGSZ-2011-2.pdf\">Regulamin praktyk oraz wolontariatu w MSZ i plac\u00f3wkach zagranicznych<\/a><a href=\"https:\/\/instytutpolski.pl\/sztokholm\/wp-content\/uploads\/sites\/17\/2019\/06\/z13-DGSZ-2011-2.pdf\" class=\"wp-block-file__button wp-element-button\" download>Pobierz<\/a><\/div>\n\n\n\n<p><strong>Wi\u0119cej informacji<\/strong>:<\/p>\n<p><a href=\"http:\/\/www.msz.gov.pl\/pl\/ministerstwo\/praca_i_kariera\/praktyki\/praktyki__wolontariat_i_staz\" target=\"_blank\" rel=\"noreferrer noopener\">http:\/\/www.msz.gov.pl\/pl\/ministerstwo\/praca_i_kariera\/praktyki\/praktyki__wolontariat_i_staz<\/a><\/p>\n","protected":false},"excerpt":{"rendered":"<p>Je\u017celi jeste\u015b&#8230; &#8230;osob\u0105 lubi\u0105c\u0105 wyzwania, kreatywn\u0105, samodzieln\u0105, aczkolwiek umiej\u0119tnie pracuj\u0105c\u0105 w grupie, wykazuj\u0105c\u0105 si\u0119 zaanga\u017cowaniem oraz ch\u0119ci\u0105 rozwoju, zainteresowan\u0105 zar\u00f3wno kultur\u0105 szwedzk\u0105 jak i polsk\u0105&#8230; &#8230;to masz mo\u017cliwo\u015b\u0107 odbycia interesuj\u0105cych&nbsp;praktyk studenckich&nbsp;\/ praktyk absolwenckich&nbsp;lub&nbsp;wolontariatu, podczas kt\u00f3rych b\u0119dziesz mia\u0142a\/mia\u0142\u201a szans\u0119 pracowa\u0107 z pr\u0119\u017cnym, kreatywnym zespo\u0142em, zdoby\u0107 do\u015bwiadczenie z dziedziny komunikacji, PR, pracy nad realizacj\u0105 projekt\u00f3w kulturalnych, a [&hellip;]<\/p>\n","protected":false},"author":9,"featured_media":2733,"parent":179,"menu_order":0,"comment_status":"closed","ping_status":"closed","template":"","meta":{"inline_featured_image":false,"_monsterinsights_skip_tracking":false,"_monsterinsights_sitenote_active":false,"_monsterinsights_sitenote_note":"","_monsterinsights_sitenote_category":0,"footnotes":""},"class_list":["post-187","page","type-page","status-publish","has-post-thumbnail","hentry"],"yoast_head":"<!-- This site is optimized with the Yoast SEO plugin v24.6 - https:\/\/yoast.com\/wordpress\/plugins\/seo\/ -->\n<title>Praktyki - Instytut Polski w Sztokholmie<\/title>\n<meta name=\"robots\" content=\"index, follow, max-snippet:-1, max-image-preview:large, max-video-preview:-1\" \/>\n<link rel=\"canonical\" href=\"https:\/\/instytutpolski.pl\/stockholm\/pl\/o-instytucie-polskim-w-sztokholmie\/praktyki\/\" \/>\n<meta property=\"og:locale\" content=\"pl_PL\" \/>\n<meta property=\"og:type\" content=\"article\" \/>\n<meta property=\"og:title\" content=\"Praktyki - Instytut Polski w Sztokholmie\" \/>\n<meta property=\"og:description\" content=\"Je\u017celi jeste\u015b&#8230; &#8230;osob\u0105 lubi\u0105c\u0105 wyzwania, kreatywn\u0105, samodzieln\u0105, aczkolwiek umiej\u0119tnie pracuj\u0105c\u0105 w grupie, wykazuj\u0105c\u0105 si\u0119 zaanga\u017cowaniem oraz ch\u0119ci\u0105 rozwoju, zainteresowan\u0105 zar\u00f3wno kultur\u0105 szwedzk\u0105 jak i polsk\u0105&#8230; &#8230;to masz mo\u017cliwo\u015b\u0107 odbycia interesuj\u0105cych&nbsp;praktyk studenckich&nbsp;\/ praktyk absolwenckich&nbsp;lub&nbsp;wolontariatu, podczas kt\u00f3rych b\u0119dziesz mia\u0142a\/mia\u0142\u201a szans\u0119 pracowa\u0107 z pr\u0119\u017cnym, kreatywnym zespo\u0142em, zdoby\u0107 do\u015bwiadczenie z dziedziny komunikacji, PR, pracy nad realizacj\u0105 projekt\u00f3w kulturalnych, a [&hellip;]\" \/>\n<meta property=\"og:url\" content=\"https:\/\/instytutpolski.pl\/stockholm\/pl\/o-instytucie-polskim-w-sztokholmie\/praktyki\/\" \/>\n<meta property=\"og:site_name\" content=\"Instytut Polski w Sztokholmie\" \/>\n<meta property=\"article:modified_time\" content=\"2025-10-14T13:40:48+00:00\" \/>\n<meta property=\"og:image\" content=\"https:\/\/instytutpolski.pl\/stockholm\/wp-content\/uploads\/sites\/17\/2020\/06\/duy-pham-Cecb0_8Hx-o-unsplash.jpg\" \/>\n\t<meta property=\"og:image:width\" content=\"2000\" \/>\n\t<meta property=\"og:image:height\" content=\"1125\" \/>\n\t<meta property=\"og:image:type\" content=\"image\/jpeg\" \/>\n<meta name=\"twitter:card\" content=\"summary_large_image\" \/>\n<meta name=\"twitter:label1\" content=\"Szacowany czas czytania\" \/>\n\t<meta name=\"twitter:data1\" content=\"4 minuty\" \/>\n<script type=\"application\/ld+json\" class=\"yoast-schema-graph\">{\"@context\":\"https:\/\/schema.org\",\"@graph\":[{\"@type\":\"WebPage\",\"@id\":\"https:\/\/instytutpolski.pl\/stockholm\/pl\/o-instytucie-polskim-w-sztokholmie\/praktyki\/\",\"url\":\"https:\/\/instytutpolski.pl\/stockholm\/pl\/o-instytucie-polskim-w-sztokholmie\/praktyki\/\",\"name\":\"Praktyki - Instytut Polski w Sztokholmie\",\"isPartOf\":{\"@id\":\"https:\/\/instytutpolski.pl\/stockholm\/#website\"},\"primaryImageOfPage\":{\"@id\":\"https:\/\/instytutpolski.pl\/stockholm\/pl\/o-instytucie-polskim-w-sztokholmie\/praktyki\/#primaryimage\"},\"image\":{\"@id\":\"https:\/\/instytutpolski.pl\/stockholm\/pl\/o-instytucie-polskim-w-sztokholmie\/praktyki\/#primaryimage\"},\"thumbnailUrl\":\"https:\/\/instytutpolski.pl\/stockholm\/wp-content\/uploads\/sites\/17\/2020\/06\/duy-pham-Cecb0_8Hx-o-unsplash.jpg\",\"datePublished\":\"2019-06-25T11:12:09+00:00\",\"dateModified\":\"2025-10-14T13:40:48+00:00\",\"breadcrumb\":{\"@id\":\"https:\/\/instytutpolski.pl\/stockholm\/pl\/o-instytucie-polskim-w-sztokholmie\/praktyki\/#breadcrumb\"},\"inLanguage\":\"pl-PL\",\"potentialAction\":[{\"@type\":\"ReadAction\",\"target\":[\"https:\/\/instytutpolski.pl\/stockholm\/pl\/o-instytucie-polskim-w-sztokholmie\/praktyki\/\"]}]},{\"@type\":\"ImageObject\",\"inLanguage\":\"pl-PL\",\"@id\":\"https:\/\/instytutpolski.pl\/stockholm\/pl\/o-instytucie-polskim-w-sztokholmie\/praktyki\/#primaryimage\",\"url\":\"https:\/\/instytutpolski.pl\/stockholm\/wp-content\/uploads\/sites\/17\/2020\/06\/duy-pham-Cecb0_8Hx-o-unsplash.jpg\",\"contentUrl\":\"https:\/\/instytutpolski.pl\/stockholm\/wp-content\/uploads\/sites\/17\/2020\/06\/duy-pham-Cecb0_8Hx-o-unsplash.jpg\",\"width\":2000,\"height\":1125},{\"@type\":\"BreadcrumbList\",\"@id\":\"https:\/\/instytutpolski.pl\/stockholm\/pl\/o-instytucie-polskim-w-sztokholmie\/praktyki\/#breadcrumb\",\"itemListElement\":[{\"@type\":\"ListItem\",\"position\":1,\"name\":\"Home\",\"item\":\"https:\/\/instytutpolski.pl\/stockholm\/\"},{\"@type\":\"ListItem\",\"position\":2,\"name\":\"O nas\",\"item\":\"https:\/\/instytutpolski.pl\/stockholm\/pl\/o-instytucie-polskim-w-sztokholmie\/\"},{\"@type\":\"ListItem\",\"position\":3,\"name\":\"Praktyki\"}]},{\"@type\":\"WebSite\",\"@id\":\"https:\/\/instytutpolski.pl\/stockholm\/#website\",\"url\":\"https:\/\/instytutpolski.pl\/stockholm\/\",\"name\":\"Instytut Polski w Sztokholmie\",\"description\":\"Instytuty Polskie\",\"potentialAction\":[{\"@type\":\"SearchAction\",\"target\":{\"@type\":\"EntryPoint\",\"urlTemplate\":\"https:\/\/instytutpolski.pl\/stockholm\/?s={search_term_string}\"},\"query-input\":{\"@type\":\"PropertyValueSpecification\",\"valueRequired\":true,\"valueName\":\"search_term_string\"}}],\"inLanguage\":\"pl-PL\"}]}<\/script>\n<!-- \/ Yoast SEO plugin. -->","yoast_head_json":{"title":"Praktyki - Instytut Polski w Sztokholmie","robots":{"index":"index","follow":"follow","max-snippet":"max-snippet:-1","max-image-preview":"max-image-preview:large","max-video-preview":"max-video-preview:-1"},"canonical":"https:\/\/instytutpolski.pl\/stockholm\/pl\/o-instytucie-polskim-w-sztokholmie\/praktyki\/","og_locale":"pl_PL","og_type":"article","og_title":"Praktyki - Instytut Polski w Sztokholmie","og_description":"Je\u017celi jeste\u015b&#8230; &#8230;osob\u0105 lubi\u0105c\u0105 wyzwania, kreatywn\u0105, samodzieln\u0105, aczkolwiek umiej\u0119tnie pracuj\u0105c\u0105 w grupie, wykazuj\u0105c\u0105 si\u0119 zaanga\u017cowaniem oraz ch\u0119ci\u0105 rozwoju, zainteresowan\u0105 zar\u00f3wno kultur\u0105 szwedzk\u0105 jak i polsk\u0105&#8230; &#8230;to masz mo\u017cliwo\u015b\u0107 odbycia interesuj\u0105cych&nbsp;praktyk studenckich&nbsp;\/ praktyk absolwenckich&nbsp;lub&nbsp;wolontariatu, podczas kt\u00f3rych b\u0119dziesz mia\u0142a\/mia\u0142\u201a szans\u0119 pracowa\u0107 z pr\u0119\u017cnym, kreatywnym zespo\u0142em, zdoby\u0107 do\u015bwiadczenie z dziedziny komunikacji, PR, pracy nad realizacj\u0105 projekt\u00f3w kulturalnych, a [&hellip;]","og_url":"https:\/\/instytutpolski.pl\/stockholm\/pl\/o-instytucie-polskim-w-sztokholmie\/praktyki\/","og_site_name":"Instytut Polski w Sztokholmie","article_modified_time":"2025-10-14T13:40:48+00:00","og_image":[{"width":2000,"height":1125,"url":"https:\/\/instytutpolski.pl\/stockholm\/wp-content\/uploads\/sites\/17\/2020\/06\/duy-pham-Cecb0_8Hx-o-unsplash.jpg","type":"image\/jpeg"}],"twitter_card":"summary_large_image","twitter_misc":{"Szacowany czas czytania":"4 minuty"},"schema":{"@context":"https:\/\/schema.org","@graph":[{"@type":"WebPage","@id":"https:\/\/instytutpolski.pl\/stockholm\/pl\/o-instytucie-polskim-w-sztokholmie\/praktyki\/","url":"https:\/\/instytutpolski.pl\/stockholm\/pl\/o-instytucie-polskim-w-sztokholmie\/praktyki\/","name":"Praktyki - Instytut Polski w Sztokholmie","isPartOf":{"@id":"https:\/\/instytutpolski.pl\/stockholm\/#website"},"primaryImageOfPage":{"@id":"https:\/\/instytutpolski.pl\/stockholm\/pl\/o-instytucie-polskim-w-sztokholmie\/praktyki\/#primaryimage"},"image":{"@id":"https:\/\/instytutpolski.pl\/stockholm\/pl\/o-instytucie-polskim-w-sztokholmie\/praktyki\/#primaryimage"},"thumbnailUrl":"https:\/\/instytutpolski.pl\/stockholm\/wp-content\/uploads\/sites\/17\/2020\/06\/duy-pham-Cecb0_8Hx-o-unsplash.jpg","datePublished":"2019-06-25T11:12:09+00:00","dateModified":"2025-10-14T13:40:48+00:00","breadcrumb":{"@id":"https:\/\/instytutpolski.pl\/stockholm\/pl\/o-instytucie-polskim-w-sztokholmie\/praktyki\/#breadcrumb"},"inLanguage":"pl-PL","potentialAction":[{"@type":"ReadAction","target":["https:\/\/instytutpolski.pl\/stockholm\/pl\/o-instytucie-polskim-w-sztokholmie\/praktyki\/"]}]},{"@type":"ImageObject","inLanguage":"pl-PL","@id":"https:\/\/instytutpolski.pl\/stockholm\/pl\/o-instytucie-polskim-w-sztokholmie\/praktyki\/#primaryimage","url":"https:\/\/instytutpolski.pl\/stockholm\/wp-content\/uploads\/sites\/17\/2020\/06\/duy-pham-Cecb0_8Hx-o-unsplash.jpg","contentUrl":"https:\/\/instytutpolski.pl\/stockholm\/wp-content\/uploads\/sites\/17\/2020\/06\/duy-pham-Cecb0_8Hx-o-unsplash.jpg","width":2000,"height":1125},{"@type":"BreadcrumbList","@id":"https:\/\/instytutpolski.pl\/stockholm\/pl\/o-instytucie-polskim-w-sztokholmie\/praktyki\/#breadcrumb","itemListElement":[{"@type":"ListItem","position":1,"name":"Home","item":"https:\/\/instytutpolski.pl\/stockholm\/"},{"@type":"ListItem","position":2,"name":"O nas","item":"https:\/\/instytutpolski.pl\/stockholm\/pl\/o-instytucie-polskim-w-sztokholmie\/"},{"@type":"ListItem","position":3,"name":"Praktyki"}]},{"@type":"WebSite","@id":"https:\/\/instytutpolski.pl\/stockholm\/#website","url":"https:\/\/instytutpolski.pl\/stockholm\/","name":"Instytut Polski w Sztokholmie","description":"Instytuty Polskie","potentialAction":[{"@type":"SearchAction","target":{"@type":"EntryPoint","urlTemplate":"https:\/\/instytutpolski.pl\/stockholm\/?s={search_term_string}"},"query-input":{"@type":"PropertyValueSpecification","valueRequired":true,"valueName":"search_term_string"}}],"inLanguage":"pl-PL"}]}},"_links":{"self":[{"href":"https:\/\/instytutpolski.pl\/stockholm\/wp-json\/wp\/v2\/pages\/187","targetHints":{"allow":["GET"]}}],"collection":[{"href":"https:\/\/instytutpolski.pl\/stockholm\/wp-json\/wp\/v2\/pages"}],"about":[{"href":"https:\/\/instytutpolski.pl\/stockholm\/wp-json\/wp\/v2\/types\/page"}],"author":[{"embeddable":true,"href":"https:\/\/instytutpolski.pl\/stockholm\/wp-json\/wp\/v2\/users\/9"}],"replies":[{"embeddable":true,"href":"https:\/\/instytutpolski.pl\/stockholm\/wp-json\/wp\/v2\/comments?post=187"}],"version-history":[{"count":12,"href":"https:\/\/instytutpolski.pl\/stockholm\/wp-json\/wp\/v2\/pages\/187\/revisions"}],"predecessor-version":[{"id":14637,"href":"https:\/\/instytutpolski.pl\/stockholm\/wp-json\/wp\/v2\/pages\/187\/revisions\/14637"}],"up":[{"embeddable":true,"href":"https:\/\/instytutpolski.pl\/stockholm\/wp-json\/wp\/v2\/pages\/179"}],"wp:featuredmedia":[{"embeddable":true,"href":"https:\/\/instytutpolski.pl\/stockholm\/wp-json\/wp\/v2\/media\/2733"}],"wp:attachment":[{"href":"https:\/\/instytutpolski.pl\/stockholm\/wp-json\/wp\/v2\/media?parent=187"}],"curies":[{"name":"wp","href":"https:\/\/api.w.org\/{rel}","templated":true}]}}