{"id":22,"date":"2019-06-05T08:53:47","date_gmt":"2019-06-05T06:53:47","guid":{"rendered":"https:\/\/instytutpolski.pl\/sztokholm\/?page_id=22"},"modified":"2025-12-01T11:54:52","modified_gmt":"2025-12-01T10:54:52","slug":"kontakt-3","status":"publish","type":"page","link":"https:\/\/instytutpolski.pl\/stockholm\/kontakt-3\/","title":{"rendered":"Kontakt"},"content":{"rendered":"\n<p><strong>Polska institutet<\/strong> i <strong>Stockholm<\/strong><br><br><strong>Adress:<\/strong><br>Friggagatan 4<br>114 27 Stockholm<br>Sverige<\/p>\n\n\n\n<p><strong>Telefon och \u00f6ppettider:<\/strong><br>m\u00e5ndag &#8211; fredag<br>9.00 &#8211; 17.00<br>(0046) 8 50 57 50 80<br><a href=\"mailto:sztokholm@instytutpolski.pl\" target=\"_blank\" rel=\"noreferrer noopener\">sztokholm@instytutpolski.pl<\/a><br><\/p>\n\n\n\n<pre class=\"wp-block-verse has-vivid-red-color has-text-color has-link-color wp-elements-37a531860612ca90f08efd2b366ee891\">H\u00e4rmed informerar vi att e-postadressen; <em>sztokholm.instytutpolski.pl@hotmail.com<\/em> <strong><span style=\"text-decoration: underline\">inte \u00e4r<\/span><\/strong> en officiell e-postadress kopplad till Polska institutet i Stockholm.\n\n<\/pre>\n\n\n\n<p><em>Bes\u00f6k efter \u00f6verenskommelse. Var god, ring oss f\u00f6r tidsbokning under \u00f6ppettiderna.<\/em><\/p>\n\n\n\n<p><em>Visitors by appointment only. Please, contact us to arrange the meeting during our opening hours.<\/em><strong><br><\/strong><\/p>\n","protected":false},"excerpt":{"rendered":"<p>Polska institutet i Stockholm Adress:Friggagatan 4114 27 StockholmSverige Telefon och \u00f6ppettider:m\u00e5ndag &#8211; fredag9.00 &#8211; 17.00(0046) 8 50 57 50 80sztokholm@instytutpolski.pl H\u00e4rmed informerar vi att e-postadressen; sztokholm.instytutpolski.pl@hotmail.com inte \u00e4r en officiell e-postadress kopplad till Polska institutet i Stockholm. Bes\u00f6k efter \u00f6verenskommelse. Var god, ring oss f\u00f6r tidsbokning under \u00f6ppettiderna. Visitors by appointment only. Please, contact us [&hellip;]<\/p>\n","protected":false},"author":9,"featured_media":2719,"parent":0,"menu_order":0,"comment_status":"closed","ping_status":"closed","template":"","meta":{"inline_featured_image":false,"_monsterinsights_skip_tracking":false,"_monsterinsights_sitenote_active":false,"_monsterinsights_sitenote_note":"","_monsterinsights_sitenote_category":0,"footnotes":""},"class_list":["post-22","page","type-page","status-publish","has-post-thumbnail","hentry"],"yoast_head":"<!-- This site is optimized with the Yoast SEO plugin v24.6 - https:\/\/yoast.com\/wordpress\/plugins\/seo\/ -->\n<title>Kontakt - Instytut Polski w Sztokholmie<\/title>\n<meta name=\"robots\" content=\"index, follow, max-snippet:-1, max-image-preview:large, max-video-preview:-1\" \/>\n<link rel=\"canonical\" href=\"https:\/\/instytutpolski.pl\/stockholm\/kontakt-3\/\" \/>\n<meta property=\"og:locale\" content=\"pl_PL\" \/>\n<meta property=\"og:type\" content=\"article\" \/>\n<meta property=\"og:title\" content=\"Kontakt - Instytut Polski w Sztokholmie\" \/>\n<meta property=\"og:description\" content=\"Polska institutet i Stockholm Adress:Friggagatan 4114 27 StockholmSverige Telefon och \u00f6ppettider:m\u00e5ndag &#8211; fredag9.00 &#8211; 17.00(0046) 8 50 57 50 80sztokholm@instytutpolski.pl H\u00e4rmed informerar vi att e-postadressen; sztokholm.instytutpolski.pl@hotmail.com inte \u00e4r en officiell e-postadress kopplad till Polska institutet i Stockholm. Bes\u00f6k efter \u00f6verenskommelse. Var god, ring oss f\u00f6r tidsbokning under \u00f6ppettiderna. Visitors by appointment only. Please, contact us [&hellip;]\" \/>\n<meta property=\"og:url\" content=\"https:\/\/instytutpolski.pl\/stockholm\/kontakt-3\/\" \/>\n<meta property=\"og:site_name\" content=\"Instytut Polski w Sztokholmie\" \/>\n<meta property=\"article:modified_time\" content=\"2025-12-01T10:54:52+00:00\" \/>\n<meta property=\"og:image\" content=\"https:\/\/instytutpolski.pl\/stockholm\/wp-content\/uploads\/sites\/17\/2020\/06\/corinne-kutz-tMI2_-r5Nfo-unsplash.jpg\" \/>\n\t<meta property=\"og:image:width\" content=\"2000\" \/>\n\t<meta property=\"og:image:height\" content=\"1333\" \/>\n\t<meta property=\"og:image:type\" content=\"image\/jpeg\" \/>\n<meta name=\"twitter:card\" content=\"summary_large_image\" \/>\n<meta name=\"twitter:label1\" content=\"Szacowany czas czytania\" \/>\n\t<meta name=\"twitter:data1\" content=\"1 minuta\" \/>\n<script type=\"application\/ld+json\" class=\"yoast-schema-graph\">{\"@context\":\"https:\/\/schema.org\",\"@graph\":[{\"@type\":\"WebPage\",\"@id\":\"https:\/\/instytutpolski.pl\/stockholm\/kontakt-3\/\",\"url\":\"https:\/\/instytutpolski.pl\/stockholm\/kontakt-3\/\",\"name\":\"Kontakt - Instytut Polski w Sztokholmie\",\"isPartOf\":{\"@id\":\"https:\/\/instytutpolski.pl\/stockholm\/#website\"},\"primaryImageOfPage\":{\"@id\":\"https:\/\/instytutpolski.pl\/stockholm\/kontakt-3\/#primaryimage\"},\"image\":{\"@id\":\"https:\/\/instytutpolski.pl\/stockholm\/kontakt-3\/#primaryimage\"},\"thumbnailUrl\":\"https:\/\/instytutpolski.pl\/stockholm\/wp-content\/uploads\/sites\/17\/2020\/06\/corinne-kutz-tMI2_-r5Nfo-unsplash.jpg\",\"datePublished\":\"2019-06-05T06:53:47+00:00\",\"dateModified\":\"2025-12-01T10:54:52+00:00\",\"breadcrumb\":{\"@id\":\"https:\/\/instytutpolski.pl\/stockholm\/kontakt-3\/#breadcrumb\"},\"inLanguage\":\"pl-PL\",\"potentialAction\":[{\"@type\":\"ReadAction\",\"target\":[\"https:\/\/instytutpolski.pl\/stockholm\/kontakt-3\/\"]}]},{\"@type\":\"ImageObject\",\"inLanguage\":\"pl-PL\",\"@id\":\"https:\/\/instytutpolski.pl\/stockholm\/kontakt-3\/#primaryimage\",\"url\":\"https:\/\/instytutpolski.pl\/stockholm\/wp-content\/uploads\/sites\/17\/2020\/06\/corinne-kutz-tMI2_-r5Nfo-unsplash.jpg\",\"contentUrl\":\"https:\/\/instytutpolski.pl\/stockholm\/wp-content\/uploads\/sites\/17\/2020\/06\/corinne-kutz-tMI2_-r5Nfo-unsplash.jpg\",\"width\":2000,\"height\":1333},{\"@type\":\"BreadcrumbList\",\"@id\":\"https:\/\/instytutpolski.pl\/stockholm\/kontakt-3\/#breadcrumb\",\"itemListElement\":[{\"@type\":\"ListItem\",\"position\":1,\"name\":\"Home\",\"item\":\"https:\/\/instytutpolski.pl\/stockholm\/\"},{\"@type\":\"ListItem\",\"position\":2,\"name\":\"Kontakt\"}]},{\"@type\":\"WebSite\",\"@id\":\"https:\/\/instytutpolski.pl\/stockholm\/#website\",\"url\":\"https:\/\/instytutpolski.pl\/stockholm\/\",\"name\":\"Instytut Polski w Sztokholmie\",\"description\":\"Instytuty Polskie\",\"potentialAction\":[{\"@type\":\"SearchAction\",\"target\":{\"@type\":\"EntryPoint\",\"urlTemplate\":\"https:\/\/instytutpolski.pl\/stockholm\/?s={search_term_string}\"},\"query-input\":{\"@type\":\"PropertyValueSpecification\",\"valueRequired\":true,\"valueName\":\"search_term_string\"}}],\"inLanguage\":\"pl-PL\"}]}<\/script>\n<!-- \/ Yoast SEO plugin. -->","yoast_head_json":{"title":"Kontakt - Instytut Polski w Sztokholmie","robots":{"index":"index","follow":"follow","max-snippet":"max-snippet:-1","max-image-preview":"max-image-preview:large","max-video-preview":"max-video-preview:-1"},"canonical":"https:\/\/instytutpolski.pl\/stockholm\/kontakt-3\/","og_locale":"pl_PL","og_type":"article","og_title":"Kontakt - Instytut Polski w Sztokholmie","og_description":"Polska institutet i Stockholm Adress:Friggagatan 4114 27 StockholmSverige Telefon och \u00f6ppettider:m\u00e5ndag &#8211; fredag9.00 &#8211; 17.00(0046) 8 50 57 50 80sztokholm@instytutpolski.pl H\u00e4rmed informerar vi att e-postadressen; sztokholm.instytutpolski.pl@hotmail.com inte \u00e4r en officiell e-postadress kopplad till Polska institutet i Stockholm. Bes\u00f6k efter \u00f6verenskommelse. Var god, ring oss f\u00f6r tidsbokning under \u00f6ppettiderna. Visitors by appointment only. Please, contact us [&hellip;]","og_url":"https:\/\/instytutpolski.pl\/stockholm\/kontakt-3\/","og_site_name":"Instytut Polski w Sztokholmie","article_modified_time":"2025-12-01T10:54:52+00:00","og_image":[{"width":2000,"height":1333,"url":"https:\/\/instytutpolski.pl\/stockholm\/wp-content\/uploads\/sites\/17\/2020\/06\/corinne-kutz-tMI2_-r5Nfo-unsplash.jpg","type":"image\/jpeg"}],"twitter_card":"summary_large_image","twitter_misc":{"Szacowany czas czytania":"1 minuta"},"schema":{"@context":"https:\/\/schema.org","@graph":[{"@type":"WebPage","@id":"https:\/\/instytutpolski.pl\/stockholm\/kontakt-3\/","url":"https:\/\/instytutpolski.pl\/stockholm\/kontakt-3\/","name":"Kontakt - Instytut Polski w Sztokholmie","isPartOf":{"@id":"https:\/\/instytutpolski.pl\/stockholm\/#website"},"primaryImageOfPage":{"@id":"https:\/\/instytutpolski.pl\/stockholm\/kontakt-3\/#primaryimage"},"image":{"@id":"https:\/\/instytutpolski.pl\/stockholm\/kontakt-3\/#primaryimage"},"thumbnailUrl":"https:\/\/instytutpolski.pl\/stockholm\/wp-content\/uploads\/sites\/17\/2020\/06\/corinne-kutz-tMI2_-r5Nfo-unsplash.jpg","datePublished":"2019-06-05T06:53:47+00:00","dateModified":"2025-12-01T10:54:52+00:00","breadcrumb":{"@id":"https:\/\/instytutpolski.pl\/stockholm\/kontakt-3\/#breadcrumb"},"inLanguage":"pl-PL","potentialAction":[{"@type":"ReadAction","target":["https:\/\/instytutpolski.pl\/stockholm\/kontakt-3\/"]}]},{"@type":"ImageObject","inLanguage":"pl-PL","@id":"https:\/\/instytutpolski.pl\/stockholm\/kontakt-3\/#primaryimage","url":"https:\/\/instytutpolski.pl\/stockholm\/wp-content\/uploads\/sites\/17\/2020\/06\/corinne-kutz-tMI2_-r5Nfo-unsplash.jpg","contentUrl":"https:\/\/instytutpolski.pl\/stockholm\/wp-content\/uploads\/sites\/17\/2020\/06\/corinne-kutz-tMI2_-r5Nfo-unsplash.jpg","width":2000,"height":1333},{"@type":"BreadcrumbList","@id":"https:\/\/instytutpolski.pl\/stockholm\/kontakt-3\/#breadcrumb","itemListElement":[{"@type":"ListItem","position":1,"name":"Home","item":"https:\/\/instytutpolski.pl\/stockholm\/"},{"@type":"ListItem","position":2,"name":"Kontakt"}]},{"@type":"WebSite","@id":"https:\/\/instytutpolski.pl\/stockholm\/#website","url":"https:\/\/instytutpolski.pl\/stockholm\/","name":"Instytut Polski w Sztokholmie","description":"Instytuty Polskie","potentialAction":[{"@type":"SearchAction","target":{"@type":"EntryPoint","urlTemplate":"https:\/\/instytutpolski.pl\/stockholm\/?s={search_term_string}"},"query-input":{"@type":"PropertyValueSpecification","valueRequired":true,"valueName":"search_term_string"}}],"inLanguage":"pl-PL"}]}},"_links":{"self":[{"href":"https:\/\/instytutpolski.pl\/stockholm\/wp-json\/wp\/v2\/pages\/22","targetHints":{"allow":["GET"]}}],"collection":[{"href":"https:\/\/instytutpolski.pl\/stockholm\/wp-json\/wp\/v2\/pages"}],"about":[{"href":"https:\/\/instytutpolski.pl\/stockholm\/wp-json\/wp\/v2\/types\/page"}],"author":[{"embeddable":true,"href":"https:\/\/instytutpolski.pl\/stockholm\/wp-json\/wp\/v2\/users\/9"}],"replies":[{"embeddable":true,"href":"https:\/\/instytutpolski.pl\/stockholm\/wp-json\/wp\/v2\/comments?post=22"}],"version-history":[{"count":26,"href":"https:\/\/instytutpolski.pl\/stockholm\/wp-json\/wp\/v2\/pages\/22\/revisions"}],"predecessor-version":[{"id":14727,"href":"https:\/\/instytutpolski.pl\/stockholm\/wp-json\/wp\/v2\/pages\/22\/revisions\/14727"}],"wp:featuredmedia":[{"embeddable":true,"href":"https:\/\/instytutpolski.pl\/stockholm\/wp-json\/wp\/v2\/media\/2719"}],"wp:attachment":[{"href":"https:\/\/instytutpolski.pl\/stockholm\/wp-json\/wp\/v2\/media?parent=22"}],"curies":[{"name":"wp","href":"https:\/\/api.w.org\/{rel}","templated":true}]}}