{"id":229,"date":"2019-06-06T15:44:44","date_gmt":"2019-06-06T13:44:44","guid":{"rendered":"https:\/\/instytutpolski.pl\/sztokholm\/?page_id=229"},"modified":"2021-04-23T10:26:52","modified_gmt":"2021-04-23T08:26:52","slug":"bocker","status":"publish","type":"page","link":"https:\/\/instytutpolski.pl\/stockholm\/kultur\/bocker\/","title":{"rendered":"B\u00f6cker"},"content":{"rendered":"\n<p>Polska b\u00f6cker \u00f6versatta till svenska, b\u00f6cker av polacker bosatta i Sverige, b\u00f6cker om Polen&#8230;<\/p>\n<p>H\u00e4r finner du till exempel b\u00f6cker av nobelpristagarna Olga Tokarczuk, Czes\u0142aw Mi\u0142osz, Wis\u0142awa Szymborska och Isaac Bashevis Singer (f\u00f6dd i Polen, bosatt i USA, skrev p\u00e5 jiddisch) sp\u00e4nnande antologier med poesi, noveller och reportage, 60-talsgenerationens stora stj\u00e4rnor Olga Tokarczuk och Andrzej Stasiuk, de n\u00e5got \u00e4ldre Stefan Chwin och Tomek Tryzna, Joanna Olczak-Ronikier och andra som skildrar polska judars livs\u00f6den, det litter\u00e4ra reportagets okr\u00f6nte kung Ryszard Kapu\u015bci\u0144ski, det litter\u00e4ra geniet Witold Gombrowicz, de polska b\u00f6garnas besjungare Micha\u0142 Witkowski. Dessutom b\u00f6cker om Polen och Polens historia, om stressforskning, om modernitetens ambivalens, och inte minst Maciej Zarembas vassa reportage om dagens Sverige. Ja, Polen \u00e4r ett av Europas stora litteraturl\u00e4nder, hoppas denna lista ska inspirera till vidare l\u00e4sning.<\/p>\n<p>Av utrymmessk\u00e4l begr\u00e4nsar vi oss till\u00a0 b\u00f6cker utkomna utkomna p\u00e5 2000-talet. P\u00e5 dagens bokmarknad \u00e4r oms\u00e4ttningen snabb, s\u00e5 m\u00e5nga av b\u00f6ckerna kanske inte finns i bokhandeln l\u00e4ngre, men biblioteken och antikvariat \u00e4r alltid ett hett tips f\u00f6r den l\u00e4ssugne.<\/p>\n<p>Presentationerna \u00e4r, om ej annat anges, h\u00e4mtade ur f\u00f6rlagens informationsmaterial.\u00a0<\/p>\n\n\n\n<p><\/p>\n","protected":false},"excerpt":{"rendered":"<p>Polska b\u00f6cker \u00f6versatta till svenska, b\u00f6cker av polacker bosatta i Sverige, b\u00f6cker om Polen&#8230; H\u00e4r finner du till exempel b\u00f6cker av nobelpristagarna Olga Tokarczuk, Czes\u0142aw Mi\u0142osz, Wis\u0142awa Szymborska och Isaac Bashevis Singer (f\u00f6dd i Polen, bosatt i USA, skrev p\u00e5 jiddisch) sp\u00e4nnande antologier med poesi, noveller och reportage, 60-talsgenerationens stora stj\u00e4rnor Olga Tokarczuk och Andrzej [&hellip;]<\/p>\n","protected":false},"author":1,"featured_media":2640,"parent":2452,"menu_order":0,"comment_status":"closed","ping_status":"closed","template":"page-repeater.php","meta":{"inline_featured_image":false,"_monsterinsights_skip_tracking":false,"_monsterinsights_sitenote_active":false,"_monsterinsights_sitenote_note":"","_monsterinsights_sitenote_category":0,"footnotes":""},"class_list":["post-229","page","type-page","status-publish","has-post-thumbnail","hentry"],"yoast_head":"<!-- This site is optimized with the Yoast SEO plugin v24.6 - https:\/\/yoast.com\/wordpress\/plugins\/seo\/ -->\n<title>B\u00f6cker - Instytut Polski w Sztokholmie<\/title>\n<meta name=\"robots\" content=\"index, follow, max-snippet:-1, max-image-preview:large, max-video-preview:-1\" \/>\n<link rel=\"canonical\" href=\"https:\/\/instytutpolski.pl\/stockholm\/kultur\/bocker\/\" \/>\n<meta property=\"og:locale\" content=\"pl_PL\" \/>\n<meta property=\"og:type\" content=\"article\" \/>\n<meta property=\"og:title\" content=\"B\u00f6cker - Instytut Polski w Sztokholmie\" \/>\n<meta property=\"og:description\" content=\"Polska b\u00f6cker \u00f6versatta till svenska, b\u00f6cker av polacker bosatta i Sverige, b\u00f6cker om Polen&#8230; H\u00e4r finner du till exempel b\u00f6cker av nobelpristagarna Olga Tokarczuk, Czes\u0142aw Mi\u0142osz, Wis\u0142awa Szymborska och Isaac Bashevis Singer (f\u00f6dd i Polen, bosatt i USA, skrev p\u00e5 jiddisch) sp\u00e4nnande antologier med poesi, noveller och reportage, 60-talsgenerationens stora stj\u00e4rnor Olga Tokarczuk och Andrzej [&hellip;]\" \/>\n<meta property=\"og:url\" content=\"https:\/\/instytutpolski.pl\/stockholm\/kultur\/bocker\/\" \/>\n<meta property=\"og:site_name\" content=\"Instytut Polski w Sztokholmie\" \/>\n<meta property=\"article:modified_time\" content=\"2021-04-23T08:26:52+00:00\" \/>\n<meta property=\"og:image\" content=\"https:\/\/instytutpolski.pl\/stockholm\/wp-content\/uploads\/sites\/17\/2020\/06\/chuttersnap-dERxI-Rna2E-unsplash-2-scaled.jpg\" \/>\n\t<meta property=\"og:image:width\" content=\"2560\" \/>\n\t<meta property=\"og:image:height\" content=\"1709\" \/>\n\t<meta property=\"og:image:type\" content=\"image\/jpeg\" \/>\n<meta name=\"twitter:card\" content=\"summary_large_image\" \/>\n<meta name=\"twitter:label1\" content=\"Szacowany czas czytania\" \/>\n\t<meta name=\"twitter:data1\" content=\"1 minuta\" \/>\n<script type=\"application\/ld+json\" class=\"yoast-schema-graph\">{\"@context\":\"https:\/\/schema.org\",\"@graph\":[{\"@type\":\"WebPage\",\"@id\":\"https:\/\/instytutpolski.pl\/stockholm\/kultur\/bocker\/\",\"url\":\"https:\/\/instytutpolski.pl\/stockholm\/kultur\/bocker\/\",\"name\":\"B\u00f6cker - Instytut Polski w Sztokholmie\",\"isPartOf\":{\"@id\":\"https:\/\/instytutpolski.pl\/stockholm\/#website\"},\"primaryImageOfPage\":{\"@id\":\"https:\/\/instytutpolski.pl\/stockholm\/kultur\/bocker\/#primaryimage\"},\"image\":{\"@id\":\"https:\/\/instytutpolski.pl\/stockholm\/kultur\/bocker\/#primaryimage\"},\"thumbnailUrl\":\"https:\/\/instytutpolski.pl\/stockholm\/wp-content\/uploads\/sites\/17\/2020\/06\/chuttersnap-dERxI-Rna2E-unsplash-2-scaled.jpg\",\"datePublished\":\"2019-06-06T13:44:44+00:00\",\"dateModified\":\"2021-04-23T08:26:52+00:00\",\"breadcrumb\":{\"@id\":\"https:\/\/instytutpolski.pl\/stockholm\/kultur\/bocker\/#breadcrumb\"},\"inLanguage\":\"pl-PL\",\"potentialAction\":[{\"@type\":\"ReadAction\",\"target\":[\"https:\/\/instytutpolski.pl\/stockholm\/kultur\/bocker\/\"]}]},{\"@type\":\"ImageObject\",\"inLanguage\":\"pl-PL\",\"@id\":\"https:\/\/instytutpolski.pl\/stockholm\/kultur\/bocker\/#primaryimage\",\"url\":\"https:\/\/instytutpolski.pl\/stockholm\/wp-content\/uploads\/sites\/17\/2020\/06\/chuttersnap-dERxI-Rna2E-unsplash-2-scaled.jpg\",\"contentUrl\":\"https:\/\/instytutpolski.pl\/stockholm\/wp-content\/uploads\/sites\/17\/2020\/06\/chuttersnap-dERxI-Rna2E-unsplash-2-scaled.jpg\",\"width\":2560,\"height\":1709},{\"@type\":\"BreadcrumbList\",\"@id\":\"https:\/\/instytutpolski.pl\/stockholm\/kultur\/bocker\/#breadcrumb\",\"itemListElement\":[{\"@type\":\"ListItem\",\"position\":1,\"name\":\"Home\",\"item\":\"https:\/\/instytutpolski.pl\/stockholm\/\"},{\"@type\":\"ListItem\",\"position\":2,\"name\":\"Kultur\",\"item\":\"https:\/\/instytutpolski.pl\/stockholm\/kultur\/\"},{\"@type\":\"ListItem\",\"position\":3,\"name\":\"B\u00f6cker\"}]},{\"@type\":\"WebSite\",\"@id\":\"https:\/\/instytutpolski.pl\/stockholm\/#website\",\"url\":\"https:\/\/instytutpolski.pl\/stockholm\/\",\"name\":\"Instytut Polski w Sztokholmie\",\"description\":\"Instytuty Polskie\",\"potentialAction\":[{\"@type\":\"SearchAction\",\"target\":{\"@type\":\"EntryPoint\",\"urlTemplate\":\"https:\/\/instytutpolski.pl\/stockholm\/?s={search_term_string}\"},\"query-input\":{\"@type\":\"PropertyValueSpecification\",\"valueRequired\":true,\"valueName\":\"search_term_string\"}}],\"inLanguage\":\"pl-PL\"}]}<\/script>\n<!-- \/ Yoast SEO plugin. -->","yoast_head_json":{"title":"B\u00f6cker - Instytut Polski w Sztokholmie","robots":{"index":"index","follow":"follow","max-snippet":"max-snippet:-1","max-image-preview":"max-image-preview:large","max-video-preview":"max-video-preview:-1"},"canonical":"https:\/\/instytutpolski.pl\/stockholm\/kultur\/bocker\/","og_locale":"pl_PL","og_type":"article","og_title":"B\u00f6cker - Instytut Polski w Sztokholmie","og_description":"Polska b\u00f6cker \u00f6versatta till svenska, b\u00f6cker av polacker bosatta i Sverige, b\u00f6cker om Polen&#8230; H\u00e4r finner du till exempel b\u00f6cker av nobelpristagarna Olga Tokarczuk, Czes\u0142aw Mi\u0142osz, Wis\u0142awa Szymborska och Isaac Bashevis Singer (f\u00f6dd i Polen, bosatt i USA, skrev p\u00e5 jiddisch) sp\u00e4nnande antologier med poesi, noveller och reportage, 60-talsgenerationens stora stj\u00e4rnor Olga Tokarczuk och Andrzej [&hellip;]","og_url":"https:\/\/instytutpolski.pl\/stockholm\/kultur\/bocker\/","og_site_name":"Instytut Polski w Sztokholmie","article_modified_time":"2021-04-23T08:26:52+00:00","og_image":[{"width":2560,"height":1709,"url":"https:\/\/instytutpolski.pl\/stockholm\/wp-content\/uploads\/sites\/17\/2020\/06\/chuttersnap-dERxI-Rna2E-unsplash-2-scaled.jpg","type":"image\/jpeg"}],"twitter_card":"summary_large_image","twitter_misc":{"Szacowany czas czytania":"1 minuta"},"schema":{"@context":"https:\/\/schema.org","@graph":[{"@type":"WebPage","@id":"https:\/\/instytutpolski.pl\/stockholm\/kultur\/bocker\/","url":"https:\/\/instytutpolski.pl\/stockholm\/kultur\/bocker\/","name":"B\u00f6cker - Instytut Polski w Sztokholmie","isPartOf":{"@id":"https:\/\/instytutpolski.pl\/stockholm\/#website"},"primaryImageOfPage":{"@id":"https:\/\/instytutpolski.pl\/stockholm\/kultur\/bocker\/#primaryimage"},"image":{"@id":"https:\/\/instytutpolski.pl\/stockholm\/kultur\/bocker\/#primaryimage"},"thumbnailUrl":"https:\/\/instytutpolski.pl\/stockholm\/wp-content\/uploads\/sites\/17\/2020\/06\/chuttersnap-dERxI-Rna2E-unsplash-2-scaled.jpg","datePublished":"2019-06-06T13:44:44+00:00","dateModified":"2021-04-23T08:26:52+00:00","breadcrumb":{"@id":"https:\/\/instytutpolski.pl\/stockholm\/kultur\/bocker\/#breadcrumb"},"inLanguage":"pl-PL","potentialAction":[{"@type":"ReadAction","target":["https:\/\/instytutpolski.pl\/stockholm\/kultur\/bocker\/"]}]},{"@type":"ImageObject","inLanguage":"pl-PL","@id":"https:\/\/instytutpolski.pl\/stockholm\/kultur\/bocker\/#primaryimage","url":"https:\/\/instytutpolski.pl\/stockholm\/wp-content\/uploads\/sites\/17\/2020\/06\/chuttersnap-dERxI-Rna2E-unsplash-2-scaled.jpg","contentUrl":"https:\/\/instytutpolski.pl\/stockholm\/wp-content\/uploads\/sites\/17\/2020\/06\/chuttersnap-dERxI-Rna2E-unsplash-2-scaled.jpg","width":2560,"height":1709},{"@type":"BreadcrumbList","@id":"https:\/\/instytutpolski.pl\/stockholm\/kultur\/bocker\/#breadcrumb","itemListElement":[{"@type":"ListItem","position":1,"name":"Home","item":"https:\/\/instytutpolski.pl\/stockholm\/"},{"@type":"ListItem","position":2,"name":"Kultur","item":"https:\/\/instytutpolski.pl\/stockholm\/kultur\/"},{"@type":"ListItem","position":3,"name":"B\u00f6cker"}]},{"@type":"WebSite","@id":"https:\/\/instytutpolski.pl\/stockholm\/#website","url":"https:\/\/instytutpolski.pl\/stockholm\/","name":"Instytut Polski w Sztokholmie","description":"Instytuty Polskie","potentialAction":[{"@type":"SearchAction","target":{"@type":"EntryPoint","urlTemplate":"https:\/\/instytutpolski.pl\/stockholm\/?s={search_term_string}"},"query-input":{"@type":"PropertyValueSpecification","valueRequired":true,"valueName":"search_term_string"}}],"inLanguage":"pl-PL"}]}},"_links":{"self":[{"href":"https:\/\/instytutpolski.pl\/stockholm\/wp-json\/wp\/v2\/pages\/229","targetHints":{"allow":["GET"]}}],"collection":[{"href":"https:\/\/instytutpolski.pl\/stockholm\/wp-json\/wp\/v2\/pages"}],"about":[{"href":"https:\/\/instytutpolski.pl\/stockholm\/wp-json\/wp\/v2\/types\/page"}],"author":[{"embeddable":true,"href":"https:\/\/instytutpolski.pl\/stockholm\/wp-json\/wp\/v2\/users\/1"}],"replies":[{"embeddable":true,"href":"https:\/\/instytutpolski.pl\/stockholm\/wp-json\/wp\/v2\/comments?post=229"}],"version-history":[{"count":81,"href":"https:\/\/instytutpolski.pl\/stockholm\/wp-json\/wp\/v2\/pages\/229\/revisions"}],"predecessor-version":[{"id":5496,"href":"https:\/\/instytutpolski.pl\/stockholm\/wp-json\/wp\/v2\/pages\/229\/revisions\/5496"}],"up":[{"embeddable":true,"href":"https:\/\/instytutpolski.pl\/stockholm\/wp-json\/wp\/v2\/pages\/2452"}],"wp:featuredmedia":[{"embeddable":true,"href":"https:\/\/instytutpolski.pl\/stockholm\/wp-json\/wp\/v2\/media\/2640"}],"wp:attachment":[{"href":"https:\/\/instytutpolski.pl\/stockholm\/wp-json\/wp\/v2\/media?parent=229"}],"curies":[{"name":"wp","href":"https:\/\/api.w.org\/{rel}","templated":true}]}}