{"id":3461,"date":"2020-09-30T12:10:34","date_gmt":"2020-09-30T10:10:34","guid":{"rendered":"https:\/\/instytutpolski.pl\/stockholm\/?page_id=3461"},"modified":"2021-09-01T14:43:27","modified_gmt":"2021-09-01T12:43:27","slug":"kinoteka","status":"publish","type":"page","link":"https:\/\/instytutpolski.pl\/stockholm\/kinoteka\/","title":{"rendered":"KINOTEKA 2020"},"content":{"rendered":"\n<h5 class=\"has-text-align-center wp-block-heading\"><br><strong><strong>Den 11:e upplagan av polska filmfestivalen Kinoteka Stockholm,<\/strong><\/strong><br><strong><strong>som arrangeras av Polska institutet, \u00e4ger rum den 9-10 oktober 2020 p\u00e5 Zita Folkets Bio.<\/strong><\/strong><br><strong><strong>Varje \u00e5r presenterar vi ett urval av nya spelfilmer, <\/strong><\/strong><br><strong><strong>intressanta dokument och polska klassikerp\u00e4rlor.<\/strong><\/strong><\/h5>\n\n\n\n<p class=\"has-text-align-center\"><br>\u00c5rets upplaga \u00e4r tyv\u00e4rr begr\u00e4nsad p\u00e5 grund av r\u00e5dande pandemin och kommer att vara sluten. <br>Under tv\u00e5 dagar presenterar vi fyra filmer med fokus p\u00e5 unga prisbel\u00f6nta skapare som synligg\u00f6r sociala problem och manar till eftertanke.<\/p>\n\n\n\n<p class=\"has-text-align-center\"><br>9-10 oktober 2020<br>Zita Folkets Bio<br>Birger Jarlsgatan 37, Stockholm<\/p>\n\n\n\n<p><\/p>\n\n\n\n<h5 class=\"has-text-align-center wp-block-heading\"><br><br><a rel=\"noreferrer noopener\" href=\"https:\/\/instytutpolski.pl\/stockholm\/kinoteka\/\" target=\"_blank\"><\/a><strong><a rel=\"noreferrer noopener\" href=\"https:\/\/instytutpolski.pl\/stockholm\/kinoteka\/om-kinoteka\/\" target=\"_blank\">OM KINOTEKA<\/a><\/strong> | <a rel=\"noreferrer noopener\" href=\"https:\/\/instytutpolski.pl\/stockholm\/kinoteka\/program-3\/\" target=\"_blank\"><strong>PROGRAM<\/strong><\/a>  |  <a rel=\"noreferrer noopener\" href=\"https:\/\/instytutpolski.pl\/stockholm\/kinoteka\/?view=events_archive&amp;id=3461\" target=\"_blank\"><strong>FILM OCH SAMTAL<\/strong><\/a><\/h5>\n\n\n\n<p><\/p>\n","protected":false},"excerpt":{"rendered":"<p>Den 11:e upplagan av polska filmfestivalen Kinoteka Stockholm,som arrangeras av Polska institutet, \u00e4ger rum den 9-10 oktober 2020 p\u00e5 Zita Folkets Bio.Varje \u00e5r presenterar vi ett urval av nya spelfilmer, intressanta dokument och polska klassikerp\u00e4rlor. \u00c5rets upplaga \u00e4r tyv\u00e4rr begr\u00e4nsad p\u00e5 grund av r\u00e5dande pandemin och kommer att vara sluten. Under tv\u00e5 dagar presenterar vi [&hellip;]<\/p>\n","protected":false},"author":29,"featured_media":3690,"parent":0,"menu_order":0,"comment_status":"closed","ping_status":"closed","template":"page-big-event.php","meta":{"inline_featured_image":false,"_monsterinsights_skip_tracking":false,"_monsterinsights_sitenote_active":false,"_monsterinsights_sitenote_note":"","_monsterinsights_sitenote_category":0,"footnotes":""},"class_list":["post-3461","page","type-page","status-publish","has-post-thumbnail","hentry"],"yoast_head":"<!-- This site is optimized with the Yoast SEO plugin v24.6 - https:\/\/yoast.com\/wordpress\/plugins\/seo\/ -->\n<title>KINOTEKA 2020 - Instytut Polski w Sztokholmie<\/title>\n<meta name=\"robots\" content=\"index, follow, max-snippet:-1, max-image-preview:large, max-video-preview:-1\" \/>\n<link rel=\"canonical\" href=\"https:\/\/instytutpolski.pl\/stockholm\/kinoteka\/\" \/>\n<meta property=\"og:locale\" content=\"pl_PL\" \/>\n<meta property=\"og:type\" content=\"article\" \/>\n<meta property=\"og:title\" content=\"KINOTEKA 2020 - Instytut Polski w Sztokholmie\" \/>\n<meta property=\"og:description\" content=\"Den 11:e upplagan av polska filmfestivalen Kinoteka Stockholm,som arrangeras av Polska institutet, \u00e4ger rum den 9-10 oktober 2020 p\u00e5 Zita Folkets Bio.Varje \u00e5r presenterar vi ett urval av nya spelfilmer, intressanta dokument och polska klassikerp\u00e4rlor. \u00c5rets upplaga \u00e4r tyv\u00e4rr begr\u00e4nsad p\u00e5 grund av r\u00e5dande pandemin och kommer att vara sluten. Under tv\u00e5 dagar presenterar vi [&hellip;]\" \/>\n<meta property=\"og:url\" content=\"https:\/\/instytutpolski.pl\/stockholm\/kinoteka\/\" \/>\n<meta property=\"og:site_name\" content=\"Instytut Polski w Sztokholmie\" \/>\n<meta property=\"article:modified_time\" content=\"2021-09-01T12:43:27+00:00\" \/>\n<meta property=\"og:image\" content=\"https:\/\/instytutpolski.pl\/stockholm\/wp-content\/uploads\/sites\/17\/2020\/10\/Kinoteka-2020-Stockholm-1920x1080px.jpg\" \/>\n\t<meta property=\"og:image:width\" content=\"1920\" \/>\n\t<meta property=\"og:image:height\" content=\"1080\" \/>\n\t<meta property=\"og:image:type\" content=\"image\/jpeg\" \/>\n<meta name=\"twitter:card\" content=\"summary_large_image\" \/>\n<script type=\"application\/ld+json\" class=\"yoast-schema-graph\">{\"@context\":\"https:\/\/schema.org\",\"@graph\":[{\"@type\":\"WebPage\",\"@id\":\"https:\/\/instytutpolski.pl\/stockholm\/kinoteka\/\",\"url\":\"https:\/\/instytutpolski.pl\/stockholm\/kinoteka\/\",\"name\":\"KINOTEKA 2020 - Instytut Polski w Sztokholmie\",\"isPartOf\":{\"@id\":\"https:\/\/instytutpolski.pl\/stockholm\/#website\"},\"primaryImageOfPage\":{\"@id\":\"https:\/\/instytutpolski.pl\/stockholm\/kinoteka\/#primaryimage\"},\"image\":{\"@id\":\"https:\/\/instytutpolski.pl\/stockholm\/kinoteka\/#primaryimage\"},\"thumbnailUrl\":\"https:\/\/instytutpolski.pl\/stockholm\/wp-content\/uploads\/sites\/17\/2020\/10\/Kinoteka-2020-Stockholm-1920x1080px.jpg\",\"datePublished\":\"2020-09-30T10:10:34+00:00\",\"dateModified\":\"2021-09-01T12:43:27+00:00\",\"breadcrumb\":{\"@id\":\"https:\/\/instytutpolski.pl\/stockholm\/kinoteka\/#breadcrumb\"},\"inLanguage\":\"pl-PL\",\"potentialAction\":[{\"@type\":\"ReadAction\",\"target\":[\"https:\/\/instytutpolski.pl\/stockholm\/kinoteka\/\"]}]},{\"@type\":\"ImageObject\",\"inLanguage\":\"pl-PL\",\"@id\":\"https:\/\/instytutpolski.pl\/stockholm\/kinoteka\/#primaryimage\",\"url\":\"https:\/\/instytutpolski.pl\/stockholm\/wp-content\/uploads\/sites\/17\/2020\/10\/Kinoteka-2020-Stockholm-1920x1080px.jpg\",\"contentUrl\":\"https:\/\/instytutpolski.pl\/stockholm\/wp-content\/uploads\/sites\/17\/2020\/10\/Kinoteka-2020-Stockholm-1920x1080px.jpg\",\"width\":1920,\"height\":1080},{\"@type\":\"BreadcrumbList\",\"@id\":\"https:\/\/instytutpolski.pl\/stockholm\/kinoteka\/#breadcrumb\",\"itemListElement\":[{\"@type\":\"ListItem\",\"position\":1,\"name\":\"Home\",\"item\":\"https:\/\/instytutpolski.pl\/stockholm\/\"},{\"@type\":\"ListItem\",\"position\":2,\"name\":\"KINOTEKA 2020\"}]},{\"@type\":\"WebSite\",\"@id\":\"https:\/\/instytutpolski.pl\/stockholm\/#website\",\"url\":\"https:\/\/instytutpolski.pl\/stockholm\/\",\"name\":\"Instytut Polski w Sztokholmie\",\"description\":\"Instytuty Polskie\",\"potentialAction\":[{\"@type\":\"SearchAction\",\"target\":{\"@type\":\"EntryPoint\",\"urlTemplate\":\"https:\/\/instytutpolski.pl\/stockholm\/?s={search_term_string}\"},\"query-input\":{\"@type\":\"PropertyValueSpecification\",\"valueRequired\":true,\"valueName\":\"search_term_string\"}}],\"inLanguage\":\"pl-PL\"}]}<\/script>\n<!-- \/ Yoast SEO plugin. -->","yoast_head_json":{"title":"KINOTEKA 2020 - Instytut Polski w Sztokholmie","robots":{"index":"index","follow":"follow","max-snippet":"max-snippet:-1","max-image-preview":"max-image-preview:large","max-video-preview":"max-video-preview:-1"},"canonical":"https:\/\/instytutpolski.pl\/stockholm\/kinoteka\/","og_locale":"pl_PL","og_type":"article","og_title":"KINOTEKA 2020 - Instytut Polski w Sztokholmie","og_description":"Den 11:e upplagan av polska filmfestivalen Kinoteka Stockholm,som arrangeras av Polska institutet, \u00e4ger rum den 9-10 oktober 2020 p\u00e5 Zita Folkets Bio.Varje \u00e5r presenterar vi ett urval av nya spelfilmer, intressanta dokument och polska klassikerp\u00e4rlor. \u00c5rets upplaga \u00e4r tyv\u00e4rr begr\u00e4nsad p\u00e5 grund av r\u00e5dande pandemin och kommer att vara sluten. Under tv\u00e5 dagar presenterar vi [&hellip;]","og_url":"https:\/\/instytutpolski.pl\/stockholm\/kinoteka\/","og_site_name":"Instytut Polski w Sztokholmie","article_modified_time":"2021-09-01T12:43:27+00:00","og_image":[{"width":1920,"height":1080,"url":"https:\/\/instytutpolski.pl\/stockholm\/wp-content\/uploads\/sites\/17\/2020\/10\/Kinoteka-2020-Stockholm-1920x1080px.jpg","type":"image\/jpeg"}],"twitter_card":"summary_large_image","schema":{"@context":"https:\/\/schema.org","@graph":[{"@type":"WebPage","@id":"https:\/\/instytutpolski.pl\/stockholm\/kinoteka\/","url":"https:\/\/instytutpolski.pl\/stockholm\/kinoteka\/","name":"KINOTEKA 2020 - Instytut Polski w Sztokholmie","isPartOf":{"@id":"https:\/\/instytutpolski.pl\/stockholm\/#website"},"primaryImageOfPage":{"@id":"https:\/\/instytutpolski.pl\/stockholm\/kinoteka\/#primaryimage"},"image":{"@id":"https:\/\/instytutpolski.pl\/stockholm\/kinoteka\/#primaryimage"},"thumbnailUrl":"https:\/\/instytutpolski.pl\/stockholm\/wp-content\/uploads\/sites\/17\/2020\/10\/Kinoteka-2020-Stockholm-1920x1080px.jpg","datePublished":"2020-09-30T10:10:34+00:00","dateModified":"2021-09-01T12:43:27+00:00","breadcrumb":{"@id":"https:\/\/instytutpolski.pl\/stockholm\/kinoteka\/#breadcrumb"},"inLanguage":"pl-PL","potentialAction":[{"@type":"ReadAction","target":["https:\/\/instytutpolski.pl\/stockholm\/kinoteka\/"]}]},{"@type":"ImageObject","inLanguage":"pl-PL","@id":"https:\/\/instytutpolski.pl\/stockholm\/kinoteka\/#primaryimage","url":"https:\/\/instytutpolski.pl\/stockholm\/wp-content\/uploads\/sites\/17\/2020\/10\/Kinoteka-2020-Stockholm-1920x1080px.jpg","contentUrl":"https:\/\/instytutpolski.pl\/stockholm\/wp-content\/uploads\/sites\/17\/2020\/10\/Kinoteka-2020-Stockholm-1920x1080px.jpg","width":1920,"height":1080},{"@type":"BreadcrumbList","@id":"https:\/\/instytutpolski.pl\/stockholm\/kinoteka\/#breadcrumb","itemListElement":[{"@type":"ListItem","position":1,"name":"Home","item":"https:\/\/instytutpolski.pl\/stockholm\/"},{"@type":"ListItem","position":2,"name":"KINOTEKA 2020"}]},{"@type":"WebSite","@id":"https:\/\/instytutpolski.pl\/stockholm\/#website","url":"https:\/\/instytutpolski.pl\/stockholm\/","name":"Instytut Polski w Sztokholmie","description":"Instytuty Polskie","potentialAction":[{"@type":"SearchAction","target":{"@type":"EntryPoint","urlTemplate":"https:\/\/instytutpolski.pl\/stockholm\/?s={search_term_string}"},"query-input":{"@type":"PropertyValueSpecification","valueRequired":true,"valueName":"search_term_string"}}],"inLanguage":"pl-PL"}]}},"_links":{"self":[{"href":"https:\/\/instytutpolski.pl\/stockholm\/wp-json\/wp\/v2\/pages\/3461","targetHints":{"allow":["GET"]}}],"collection":[{"href":"https:\/\/instytutpolski.pl\/stockholm\/wp-json\/wp\/v2\/pages"}],"about":[{"href":"https:\/\/instytutpolski.pl\/stockholm\/wp-json\/wp\/v2\/types\/page"}],"author":[{"embeddable":true,"href":"https:\/\/instytutpolski.pl\/stockholm\/wp-json\/wp\/v2\/users\/29"}],"replies":[{"embeddable":true,"href":"https:\/\/instytutpolski.pl\/stockholm\/wp-json\/wp\/v2\/comments?post=3461"}],"version-history":[{"count":89,"href":"https:\/\/instytutpolski.pl\/stockholm\/wp-json\/wp\/v2\/pages\/3461\/revisions"}],"predecessor-version":[{"id":6208,"href":"https:\/\/instytutpolski.pl\/stockholm\/wp-json\/wp\/v2\/pages\/3461\/revisions\/6208"}],"wp:featuredmedia":[{"embeddable":true,"href":"https:\/\/instytutpolski.pl\/stockholm\/wp-json\/wp\/v2\/media\/3690"}],"wp:attachment":[{"href":"https:\/\/instytutpolski.pl\/stockholm\/wp-json\/wp\/v2\/media?parent=3461"}],"curies":[{"name":"wp","href":"https:\/\/api.w.org\/{rel}","templated":true}]}}