{"id":3781,"date":"2020-09-30T12:10:34","date_gmt":"2020-09-30T10:10:34","guid":{"rendered":"https:\/\/instytutpolski.pl\/stockholm\/?page_id=3781"},"modified":"2020-10-05T11:48:03","modified_gmt":"2020-10-05T09:48:03","slug":"kinoteka-2","status":"publish","type":"page","link":"https:\/\/instytutpolski.pl\/stockholm\/pl\/kinoteka-2\/","title":{"rendered":"KINOTEKA"},"content":{"rendered":"\n<h5 class=\"has-text-align-center wp-block-heading\"><strong>Zapraszamy na 11. edycj\u0119 festiwalu polskich film\u00f3w KINOTEKA STOCKHOLM, 9-10 pa\u017adziernika 2020, organizowanego przez Instytut Polski w Sztokholmie. Co roku prezentujemy wyb\u00f3r nowych film\u00f3w fabularnych, ciekawe dokumenty oraz pere\u0142ki klasyki polskiej kinematografii.<\/strong><\/h5>\n\n\n\n<p class=\"has-text-align-center\"><br>Tegoroczna edycja festiwalu, ze wzgl\u0119du na obecn\u0105 sytuacj\u0119 spowodowan\u0105 covid-19, odb\u0119dzie si\u0119 w nieco okrojonej wersji i b\u0119dzie mia\u0142a charakter zamkni\u0119ty. Podczas dw\u00f3ch dni festiwalu b\u0119dzie mo\u017cna zobaczy\u0107 cztery polskie produkcje filmowe. Pokazy zdominuje m\u0142ode kino nagradzane na polskich festiwalach filmowych, gdzie objawienia polskiej kinematografii diagnozuj\u0105 spo\u0142eczne podzia\u0142y, prowokuj\u0105 do dyskusji i zabieraj\u0105 widz\u00f3w w podr\u00f3\u017ce do ich w\u0142asnych, intymnych \u015bwiat\u00f3w.<\/p>\n\n\n\n<p class=\"has-text-align-center\"><strong><br><\/strong>9-10 pa\u017adziernika 2020<br>Zita Folkets Bio<br>Birger Jarlsgatan 37, Sztokholm<\/p>\n\n\n\n<p><\/p>\n\n\n\n<h5 class=\"has-text-align-center wp-block-heading\"><br><br><strong><a rel=\"noreferrer noopener\" href=\"https:\/\/instytutpolski.pl\/stockholm\/pl\/kinoteka-2\/o-kinotece\/\" target=\"_blank\">O KINOTECE<\/a><\/strong> | <strong><a rel=\"noreferrer noopener\" href=\"https:\/\/instytutpolski.pl\/stockholm\/pl\/kinoteka-2\/program\/\" target=\"_blank\">PROGRAM<\/a><\/strong> | <strong><a href=\"https:\/\/instytutpolski.pl\/stockholm\/pl\/kinoteka-2\/?view=events_archive&amp;id=3781\" target=\"_blank\" rel=\"noreferrer noopener\">FILMY I SPOTKANIA<\/a><\/strong><\/h5>\n\n\n\n<p><\/p>\n","protected":false},"excerpt":{"rendered":"<p>Zapraszamy na 11. edycj\u0119 festiwalu polskich film\u00f3w KINOTEKA STOCKHOLM, 9-10 pa\u017adziernika 2020, organizowanego przez Instytut Polski w Sztokholmie. Co roku prezentujemy wyb\u00f3r nowych film\u00f3w fabularnych, ciekawe dokumenty oraz pere\u0142ki klasyki polskiej kinematografii. Tegoroczna edycja festiwalu, ze wzgl\u0119du na obecn\u0105 sytuacj\u0119 spowodowan\u0105 covid-19, odb\u0119dzie si\u0119 w nieco okrojonej wersji i b\u0119dzie mia\u0142a charakter zamkni\u0119ty. Podczas dw\u00f3ch [&hellip;]<\/p>\n","protected":false},"author":29,"featured_media":3690,"parent":0,"menu_order":0,"comment_status":"closed","ping_status":"closed","template":"page-big-event.php","meta":{"inline_featured_image":false,"_monsterinsights_skip_tracking":false,"_monsterinsights_sitenote_active":false,"_monsterinsights_sitenote_note":"","_monsterinsights_sitenote_category":0,"footnotes":""},"class_list":["post-3781","page","type-page","status-publish","has-post-thumbnail","hentry"],"yoast_head":"<!-- This site is optimized with the Yoast SEO plugin v24.6 - https:\/\/yoast.com\/wordpress\/plugins\/seo\/ -->\n<title>KINOTEKA - Instytut Polski w Sztokholmie<\/title>\n<meta name=\"robots\" content=\"index, follow, max-snippet:-1, max-image-preview:large, max-video-preview:-1\" \/>\n<link rel=\"canonical\" href=\"https:\/\/instytutpolski.pl\/stockholm\/pl\/kinoteka-2\/\" \/>\n<meta property=\"og:locale\" content=\"pl_PL\" \/>\n<meta property=\"og:type\" content=\"article\" \/>\n<meta property=\"og:title\" content=\"KINOTEKA - Instytut Polski w Sztokholmie\" \/>\n<meta property=\"og:description\" content=\"Zapraszamy na 11. edycj\u0119 festiwalu polskich film\u00f3w KINOTEKA STOCKHOLM, 9-10 pa\u017adziernika 2020, organizowanego przez Instytut Polski w Sztokholmie. Co roku prezentujemy wyb\u00f3r nowych film\u00f3w fabularnych, ciekawe dokumenty oraz pere\u0142ki klasyki polskiej kinematografii. Tegoroczna edycja festiwalu, ze wzgl\u0119du na obecn\u0105 sytuacj\u0119 spowodowan\u0105 covid-19, odb\u0119dzie si\u0119 w nieco okrojonej wersji i b\u0119dzie mia\u0142a charakter zamkni\u0119ty. Podczas dw\u00f3ch [&hellip;]\" \/>\n<meta property=\"og:url\" content=\"https:\/\/instytutpolski.pl\/stockholm\/pl\/kinoteka-2\/\" \/>\n<meta property=\"og:site_name\" content=\"Instytut Polski w Sztokholmie\" \/>\n<meta property=\"article:modified_time\" content=\"2020-10-05T09:48:03+00:00\" \/>\n<meta property=\"og:image\" content=\"https:\/\/instytutpolski.pl\/stockholm\/wp-content\/uploads\/sites\/17\/2020\/10\/Kinoteka-2020-Stockholm-1920x1080px.jpg\" \/>\n\t<meta property=\"og:image:width\" content=\"1920\" \/>\n\t<meta property=\"og:image:height\" content=\"1080\" \/>\n\t<meta property=\"og:image:type\" content=\"image\/jpeg\" \/>\n<meta name=\"twitter:card\" content=\"summary_large_image\" \/>\n<meta name=\"twitter:label1\" content=\"Szacowany czas czytania\" \/>\n\t<meta name=\"twitter:data1\" content=\"1 minuta\" \/>\n<script type=\"application\/ld+json\" class=\"yoast-schema-graph\">{\"@context\":\"https:\/\/schema.org\",\"@graph\":[{\"@type\":\"WebPage\",\"@id\":\"https:\/\/instytutpolski.pl\/stockholm\/pl\/kinoteka-2\/\",\"url\":\"https:\/\/instytutpolski.pl\/stockholm\/pl\/kinoteka-2\/\",\"name\":\"KINOTEKA - Instytut Polski w Sztokholmie\",\"isPartOf\":{\"@id\":\"https:\/\/instytutpolski.pl\/stockholm\/#website\"},\"primaryImageOfPage\":{\"@id\":\"https:\/\/instytutpolski.pl\/stockholm\/pl\/kinoteka-2\/#primaryimage\"},\"image\":{\"@id\":\"https:\/\/instytutpolski.pl\/stockholm\/pl\/kinoteka-2\/#primaryimage\"},\"thumbnailUrl\":\"https:\/\/instytutpolski.pl\/stockholm\/wp-content\/uploads\/sites\/17\/2020\/10\/Kinoteka-2020-Stockholm-1920x1080px.jpg\",\"datePublished\":\"2020-09-30T10:10:34+00:00\",\"dateModified\":\"2020-10-05T09:48:03+00:00\",\"breadcrumb\":{\"@id\":\"https:\/\/instytutpolski.pl\/stockholm\/pl\/kinoteka-2\/#breadcrumb\"},\"inLanguage\":\"pl-PL\",\"potentialAction\":[{\"@type\":\"ReadAction\",\"target\":[\"https:\/\/instytutpolski.pl\/stockholm\/pl\/kinoteka-2\/\"]}]},{\"@type\":\"ImageObject\",\"inLanguage\":\"pl-PL\",\"@id\":\"https:\/\/instytutpolski.pl\/stockholm\/pl\/kinoteka-2\/#primaryimage\",\"url\":\"https:\/\/instytutpolski.pl\/stockholm\/wp-content\/uploads\/sites\/17\/2020\/10\/Kinoteka-2020-Stockholm-1920x1080px.jpg\",\"contentUrl\":\"https:\/\/instytutpolski.pl\/stockholm\/wp-content\/uploads\/sites\/17\/2020\/10\/Kinoteka-2020-Stockholm-1920x1080px.jpg\",\"width\":1920,\"height\":1080},{\"@type\":\"BreadcrumbList\",\"@id\":\"https:\/\/instytutpolski.pl\/stockholm\/pl\/kinoteka-2\/#breadcrumb\",\"itemListElement\":[{\"@type\":\"ListItem\",\"position\":1,\"name\":\"Home\",\"item\":\"https:\/\/instytutpolski.pl\/stockholm\/\"},{\"@type\":\"ListItem\",\"position\":2,\"name\":\"KINOTEKA\"}]},{\"@type\":\"WebSite\",\"@id\":\"https:\/\/instytutpolski.pl\/stockholm\/#website\",\"url\":\"https:\/\/instytutpolski.pl\/stockholm\/\",\"name\":\"Instytut Polski w Sztokholmie\",\"description\":\"Instytuty Polskie\",\"potentialAction\":[{\"@type\":\"SearchAction\",\"target\":{\"@type\":\"EntryPoint\",\"urlTemplate\":\"https:\/\/instytutpolski.pl\/stockholm\/?s={search_term_string}\"},\"query-input\":{\"@type\":\"PropertyValueSpecification\",\"valueRequired\":true,\"valueName\":\"search_term_string\"}}],\"inLanguage\":\"pl-PL\"}]}<\/script>\n<!-- \/ Yoast SEO plugin. -->","yoast_head_json":{"title":"KINOTEKA - Instytut Polski w Sztokholmie","robots":{"index":"index","follow":"follow","max-snippet":"max-snippet:-1","max-image-preview":"max-image-preview:large","max-video-preview":"max-video-preview:-1"},"canonical":"https:\/\/instytutpolski.pl\/stockholm\/pl\/kinoteka-2\/","og_locale":"pl_PL","og_type":"article","og_title":"KINOTEKA - Instytut Polski w Sztokholmie","og_description":"Zapraszamy na 11. edycj\u0119 festiwalu polskich film\u00f3w KINOTEKA STOCKHOLM, 9-10 pa\u017adziernika 2020, organizowanego przez Instytut Polski w Sztokholmie. Co roku prezentujemy wyb\u00f3r nowych film\u00f3w fabularnych, ciekawe dokumenty oraz pere\u0142ki klasyki polskiej kinematografii. Tegoroczna edycja festiwalu, ze wzgl\u0119du na obecn\u0105 sytuacj\u0119 spowodowan\u0105 covid-19, odb\u0119dzie si\u0119 w nieco okrojonej wersji i b\u0119dzie mia\u0142a charakter zamkni\u0119ty. Podczas dw\u00f3ch [&hellip;]","og_url":"https:\/\/instytutpolski.pl\/stockholm\/pl\/kinoteka-2\/","og_site_name":"Instytut Polski w Sztokholmie","article_modified_time":"2020-10-05T09:48:03+00:00","og_image":[{"width":1920,"height":1080,"url":"https:\/\/instytutpolski.pl\/stockholm\/wp-content\/uploads\/sites\/17\/2020\/10\/Kinoteka-2020-Stockholm-1920x1080px.jpg","type":"image\/jpeg"}],"twitter_card":"summary_large_image","twitter_misc":{"Szacowany czas czytania":"1 minuta"},"schema":{"@context":"https:\/\/schema.org","@graph":[{"@type":"WebPage","@id":"https:\/\/instytutpolski.pl\/stockholm\/pl\/kinoteka-2\/","url":"https:\/\/instytutpolski.pl\/stockholm\/pl\/kinoteka-2\/","name":"KINOTEKA - Instytut Polski w Sztokholmie","isPartOf":{"@id":"https:\/\/instytutpolski.pl\/stockholm\/#website"},"primaryImageOfPage":{"@id":"https:\/\/instytutpolski.pl\/stockholm\/pl\/kinoteka-2\/#primaryimage"},"image":{"@id":"https:\/\/instytutpolski.pl\/stockholm\/pl\/kinoteka-2\/#primaryimage"},"thumbnailUrl":"https:\/\/instytutpolski.pl\/stockholm\/wp-content\/uploads\/sites\/17\/2020\/10\/Kinoteka-2020-Stockholm-1920x1080px.jpg","datePublished":"2020-09-30T10:10:34+00:00","dateModified":"2020-10-05T09:48:03+00:00","breadcrumb":{"@id":"https:\/\/instytutpolski.pl\/stockholm\/pl\/kinoteka-2\/#breadcrumb"},"inLanguage":"pl-PL","potentialAction":[{"@type":"ReadAction","target":["https:\/\/instytutpolski.pl\/stockholm\/pl\/kinoteka-2\/"]}]},{"@type":"ImageObject","inLanguage":"pl-PL","@id":"https:\/\/instytutpolski.pl\/stockholm\/pl\/kinoteka-2\/#primaryimage","url":"https:\/\/instytutpolski.pl\/stockholm\/wp-content\/uploads\/sites\/17\/2020\/10\/Kinoteka-2020-Stockholm-1920x1080px.jpg","contentUrl":"https:\/\/instytutpolski.pl\/stockholm\/wp-content\/uploads\/sites\/17\/2020\/10\/Kinoteka-2020-Stockholm-1920x1080px.jpg","width":1920,"height":1080},{"@type":"BreadcrumbList","@id":"https:\/\/instytutpolski.pl\/stockholm\/pl\/kinoteka-2\/#breadcrumb","itemListElement":[{"@type":"ListItem","position":1,"name":"Home","item":"https:\/\/instytutpolski.pl\/stockholm\/"},{"@type":"ListItem","position":2,"name":"KINOTEKA"}]},{"@type":"WebSite","@id":"https:\/\/instytutpolski.pl\/stockholm\/#website","url":"https:\/\/instytutpolski.pl\/stockholm\/","name":"Instytut Polski w Sztokholmie","description":"Instytuty Polskie","potentialAction":[{"@type":"SearchAction","target":{"@type":"EntryPoint","urlTemplate":"https:\/\/instytutpolski.pl\/stockholm\/?s={search_term_string}"},"query-input":{"@type":"PropertyValueSpecification","valueRequired":true,"valueName":"search_term_string"}}],"inLanguage":"pl-PL"}]}},"_links":{"self":[{"href":"https:\/\/instytutpolski.pl\/stockholm\/wp-json\/wp\/v2\/pages\/3781","targetHints":{"allow":["GET"]}}],"collection":[{"href":"https:\/\/instytutpolski.pl\/stockholm\/wp-json\/wp\/v2\/pages"}],"about":[{"href":"https:\/\/instytutpolski.pl\/stockholm\/wp-json\/wp\/v2\/types\/page"}],"author":[{"embeddable":true,"href":"https:\/\/instytutpolski.pl\/stockholm\/wp-json\/wp\/v2\/users\/29"}],"replies":[{"embeddable":true,"href":"https:\/\/instytutpolski.pl\/stockholm\/wp-json\/wp\/v2\/comments?post=3781"}],"version-history":[{"count":6,"href":"https:\/\/instytutpolski.pl\/stockholm\/wp-json\/wp\/v2\/pages\/3781\/revisions"}],"predecessor-version":[{"id":3847,"href":"https:\/\/instytutpolski.pl\/stockholm\/wp-json\/wp\/v2\/pages\/3781\/revisions\/3847"}],"wp:featuredmedia":[{"embeddable":true,"href":"https:\/\/instytutpolski.pl\/stockholm\/wp-json\/wp\/v2\/media\/3690"}],"wp:attachment":[{"href":"https:\/\/instytutpolski.pl\/stockholm\/wp-json\/wp\/v2\/media?parent=3781"}],"curies":[{"name":"wp","href":"https:\/\/api.w.org\/{rel}","templated":true}]}}