{"id":4332,"date":"2020-10-27T12:33:55","date_gmt":"2020-10-27T11:33:55","guid":{"rendered":"https:\/\/instytutpolski.pl\/stockholm\/?page_id=4332"},"modified":"2020-11-20T12:11:41","modified_gmt":"2020-11-20T11:11:41","slug":"digitalt-nationalmuseum","status":"publish","type":"page","link":"https:\/\/instytutpolski.pl\/stockholm\/lar-kanna-polen\/kultur-i-polen\/museer-i-polen\/digitalt-nationalmuseum\/","title":{"rendered":"Digitalt Nationalmuseum"},"content":{"rendered":"\n<div class=\"wp-block-image\"><figure class=\"alignright\"><a href=\"https:\/\/instytutpolski.pl\/minsk\/pl\/cyfrowe-muzeum-narodowe\/fot_adam-oleksiak_mnw_5\/\" rel=\"attachment wp-att-8568\"><img decoding=\"async\" src=\"https:\/\/instytutpolski.pl\/minsk\/wp-content\/uploads\/sites\/6\/2020\/10\/fot_Adam-Oleksiak_MNW_5-300x200.jpg\" alt=\"\" class=\"wp-image-8568\" \/><\/a><figcaption>Foto: Adam Oleksiak\/MNW<\/figcaption><\/figure><\/div>\n\n\n\n<p><a rel=\"noreferrer noopener\" href=\"https:\/\/cyfrowe.mnw.art.pl\/en\/home\" target=\"_blank\">Digitalt Nationalmuseum i Warszawa<\/a> &#8211; presenterar hela 60 tusen av de \u00f6ver 800 tusen objekt som finns i museets samlingar. \u2013 Tack vare digitaliseringen av samlingarna har alla tillg\u00e5ng via dator eller mobiltelefon till enast\u00e5ende konstverk. Tack vare MNW:s nya digitala portal kan alla, oberoende av var man bor, ge sig ut p\u00e5 en digital rundvandring i Polens Nationalmuseum i Warszawa. Tj\u00e4nsten \u00e4r personaliserad. Anv\u00e4ndaren kan titta i samlingarna efter tidslinjen eller v\u00e4lja ut konkreta konstverk, och man kan spara s\u00f6khistoriken p\u00e5 sin profil i portalen.<\/p>\n\n\n\n<div class=\"wp-block-image\"><figure class=\"alignleft\"><a href=\"https:\/\/instytutpolski.pl\/wien\/pl\/cyfrowe-muzeum-narodowe\/fot_adam-oleksiak_mnw_8-ok-2\/\" rel=\"attachment wp-att-5762\"><img decoding=\"async\" src=\"https:\/\/instytutpolski.pl\/wien\/wp-content\/uploads\/sites\/2\/2020\/10\/fot_Adam-Oleksiak_MNW_8-ok-1-200x300.jpg\" alt=\"\" class=\"wp-image-5762\" \/><\/a><figcaption>Foto: Adam Oleksiak\/MNW<\/figcaption><\/figure><\/div>\n\n\n\n<p>\u2013 Objekt som \u00e4r s\u00e4rskilt v\u00e4rda att uppm\u00e4rksamma \u00e5terfinns i avdelningen f\u00f6r m\u00e4sterverk, s\u00e4ger Karolina Tabak. \u2013 Vi inbjuder \u00e4ven till tematiska sp\u00e5r \u2013 interaktiva presentationer utifr\u00e5n ett tema i museets samlingar, eller olika slags kulturfenomen i vid bem\u00e4rkelse, som t.ex. Faras \u2013 \u00f6knens skatter, Brott och d\u00f6d, Barnet, I konstn\u00e4rens atelj\u00e9, till\u00e4gger hon. I Digitalt MNW kan man t.ex. titta n\u00e4rmare p\u00e5 m\u00e5lningen \u201dSlaget vid Grunwald\u201d av Jan Matejko och genom att klicka p\u00e5 s\u00e4rskilda mark\u00f6rer kan man f\u00e5 veta mera om de olika gestalterna i m\u00e5lningen.<\/p>\n\n\n\n<p>Konst\u00e4lskare kan ladda ner foton p\u00e5 objekt som de tycker s\u00e4rskilt mycket om. P\u00e5 portalen \u00e4r fotografierna av konstverken f\u00f6rsedda med information om villkoren f\u00f6r deras nyttjande, d\u00e4ribland upphovsr\u00e4tt. De bilder av objekt som finns p\u00e5 den publika dom\u00e4nen kan man (om det g\u00e5tt minst 70 \u00e5r sedan konstn\u00e4rens d\u00f6d) ladda ner, bearbeta och nyttja utan begr\u00e4nsningar, \u00e4ven kommersiellt. Reproduktioner som finns p\u00e5 portalen Digitalt MNW f\u00e5r nyttjas till framst\u00e4llande av egna produkter.<\/p>\n\n\n\n<figure class=\"wp-block-image alignnone\"><a href=\"https:\/\/instytutpolski.pl\/wien\/pl\/cyfrowe-muzeum-narodowe\/fot_adam-oleksiak_mnw_9-ok-2\/\" rel=\"attachment wp-att-5763\"><img decoding=\"async\" src=\"https:\/\/instytutpolski.pl\/wien\/wp-content\/uploads\/sites\/2\/2020\/10\/fot_Adam-Oleksiak_MNW_9-ok-1-1024x683.jpg\" alt=\"\" class=\"wp-image-5763\" \/><\/a><figcaption>Foto: Adam Oleksiak\/MNW<\/figcaption><\/figure>\n\n\n\n<p><\/p>\n","protected":false},"excerpt":{"rendered":"<p>Digitalt Nationalmuseum i Warszawa &#8211; presenterar hela 60 tusen av de \u00f6ver 800 tusen objekt som finns i museets samlingar. \u2013 Tack vare digitaliseringen av samlingarna har alla tillg\u00e5ng via dator eller mobiltelefon till enast\u00e5ende konstverk. Tack vare MNW:s nya digitala portal kan alla, oberoende av var man bor, ge sig ut p\u00e5 en digital [&hellip;]<\/p>\n","protected":false},"author":29,"featured_media":4082,"parent":4188,"menu_order":0,"comment_status":"closed","ping_status":"closed","template":"","meta":{"inline_featured_image":false,"_monsterinsights_skip_tracking":false,"_monsterinsights_sitenote_active":false,"_monsterinsights_sitenote_note":"","_monsterinsights_sitenote_category":0,"footnotes":""},"class_list":["post-4332","page","type-page","status-publish","has-post-thumbnail","hentry"],"yoast_head":"<!-- This site is optimized with the Yoast SEO plugin v24.6 - https:\/\/yoast.com\/wordpress\/plugins\/seo\/ -->\n<title>Digitalt Nationalmuseum - Instytut Polski w Sztokholmie<\/title>\n<meta name=\"robots\" content=\"index, follow, max-snippet:-1, max-image-preview:large, max-video-preview:-1\" \/>\n<link rel=\"canonical\" href=\"https:\/\/instytutpolski.pl\/stockholm\/lar-kanna-polen\/kultur-i-polen\/museer-i-polen\/digitalt-nationalmuseum\/\" \/>\n<meta property=\"og:locale\" content=\"pl_PL\" \/>\n<meta property=\"og:type\" content=\"article\" \/>\n<meta property=\"og:title\" content=\"Digitalt Nationalmuseum - Instytut Polski w Sztokholmie\" \/>\n<meta property=\"og:description\" content=\"Digitalt Nationalmuseum i Warszawa &#8211; presenterar hela 60 tusen av de \u00f6ver 800 tusen objekt som finns i museets samlingar. \u2013 Tack vare digitaliseringen av samlingarna har alla tillg\u00e5ng via dator eller mobiltelefon till enast\u00e5ende konstverk. Tack vare MNW:s nya digitala portal kan alla, oberoende av var man bor, ge sig ut p\u00e5 en digital [&hellip;]\" \/>\n<meta property=\"og:url\" content=\"https:\/\/instytutpolski.pl\/stockholm\/lar-kanna-polen\/kultur-i-polen\/museer-i-polen\/digitalt-nationalmuseum\/\" \/>\n<meta property=\"og:site_name\" content=\"Instytut Polski w Sztokholmie\" \/>\n<meta property=\"article:modified_time\" content=\"2020-11-20T11:11:41+00:00\" \/>\n<meta property=\"og:image\" content=\"https:\/\/instytutpolski.pl\/stockholm\/wp-content\/uploads\/sites\/17\/2020\/10\/fot_Adam-Oleksiak_MNW_9-gotowe-scaled.jpg\" \/>\n\t<meta property=\"og:image:width\" content=\"2560\" \/>\n\t<meta property=\"og:image:height\" content=\"1003\" \/>\n\t<meta property=\"og:image:type\" content=\"image\/jpeg\" \/>\n<meta name=\"twitter:card\" content=\"summary_large_image\" \/>\n<meta name=\"twitter:label1\" content=\"Szacowany czas czytania\" \/>\n\t<meta name=\"twitter:data1\" content=\"1 minuta\" \/>\n<script type=\"application\/ld+json\" class=\"yoast-schema-graph\">{\"@context\":\"https:\/\/schema.org\",\"@graph\":[{\"@type\":\"WebPage\",\"@id\":\"https:\/\/instytutpolski.pl\/stockholm\/lar-kanna-polen\/kultur-i-polen\/museer-i-polen\/digitalt-nationalmuseum\/\",\"url\":\"https:\/\/instytutpolski.pl\/stockholm\/lar-kanna-polen\/kultur-i-polen\/museer-i-polen\/digitalt-nationalmuseum\/\",\"name\":\"Digitalt Nationalmuseum - Instytut Polski w Sztokholmie\",\"isPartOf\":{\"@id\":\"https:\/\/instytutpolski.pl\/stockholm\/#website\"},\"primaryImageOfPage\":{\"@id\":\"https:\/\/instytutpolski.pl\/stockholm\/lar-kanna-polen\/kultur-i-polen\/museer-i-polen\/digitalt-nationalmuseum\/#primaryimage\"},\"image\":{\"@id\":\"https:\/\/instytutpolski.pl\/stockholm\/lar-kanna-polen\/kultur-i-polen\/museer-i-polen\/digitalt-nationalmuseum\/#primaryimage\"},\"thumbnailUrl\":\"https:\/\/instytutpolski.pl\/stockholm\/wp-content\/uploads\/sites\/17\/2020\/10\/fot_Adam-Oleksiak_MNW_9-gotowe-scaled.jpg\",\"datePublished\":\"2020-10-27T11:33:55+00:00\",\"dateModified\":\"2020-11-20T11:11:41+00:00\",\"breadcrumb\":{\"@id\":\"https:\/\/instytutpolski.pl\/stockholm\/lar-kanna-polen\/kultur-i-polen\/museer-i-polen\/digitalt-nationalmuseum\/#breadcrumb\"},\"inLanguage\":\"pl-PL\",\"potentialAction\":[{\"@type\":\"ReadAction\",\"target\":[\"https:\/\/instytutpolski.pl\/stockholm\/lar-kanna-polen\/kultur-i-polen\/museer-i-polen\/digitalt-nationalmuseum\/\"]}]},{\"@type\":\"ImageObject\",\"inLanguage\":\"pl-PL\",\"@id\":\"https:\/\/instytutpolski.pl\/stockholm\/lar-kanna-polen\/kultur-i-polen\/museer-i-polen\/digitalt-nationalmuseum\/#primaryimage\",\"url\":\"https:\/\/instytutpolski.pl\/stockholm\/wp-content\/uploads\/sites\/17\/2020\/10\/fot_Adam-Oleksiak_MNW_9-gotowe-scaled.jpg\",\"contentUrl\":\"https:\/\/instytutpolski.pl\/stockholm\/wp-content\/uploads\/sites\/17\/2020\/10\/fot_Adam-Oleksiak_MNW_9-gotowe-scaled.jpg\",\"width\":2560,\"height\":1003},{\"@type\":\"BreadcrumbList\",\"@id\":\"https:\/\/instytutpolski.pl\/stockholm\/lar-kanna-polen\/kultur-i-polen\/museer-i-polen\/digitalt-nationalmuseum\/#breadcrumb\",\"itemListElement\":[{\"@type\":\"ListItem\",\"position\":1,\"name\":\"Home\",\"item\":\"https:\/\/instytutpolski.pl\/stockholm\/\"},{\"@type\":\"ListItem\",\"position\":2,\"name\":\"L\u00e4r k\u00e4nna Polen\",\"item\":\"https:\/\/instytutpolski.pl\/stockholm\/lar-kanna-polen\/\"},{\"@type\":\"ListItem\",\"position\":3,\"name\":\"Kultur i Polen\",\"item\":\"https:\/\/instytutpolski.pl\/stockholm\/lar-kanna-polen\/kultur-i-polen\/\"},{\"@type\":\"ListItem\",\"position\":4,\"name\":\"Museer i Polen\",\"item\":\"https:\/\/instytutpolski.pl\/stockholm\/lar-kanna-polen\/kultur-i-polen\/museer-i-polen\/\"},{\"@type\":\"ListItem\",\"position\":5,\"name\":\"Digitalt Nationalmuseum\"}]},{\"@type\":\"WebSite\",\"@id\":\"https:\/\/instytutpolski.pl\/stockholm\/#website\",\"url\":\"https:\/\/instytutpolski.pl\/stockholm\/\",\"name\":\"Instytut Polski w Sztokholmie\",\"description\":\"Instytuty Polskie\",\"potentialAction\":[{\"@type\":\"SearchAction\",\"target\":{\"@type\":\"EntryPoint\",\"urlTemplate\":\"https:\/\/instytutpolski.pl\/stockholm\/?s={search_term_string}\"},\"query-input\":{\"@type\":\"PropertyValueSpecification\",\"valueRequired\":true,\"valueName\":\"search_term_string\"}}],\"inLanguage\":\"pl-PL\"}]}<\/script>\n<!-- \/ Yoast SEO plugin. -->","yoast_head_json":{"title":"Digitalt Nationalmuseum - Instytut Polski w Sztokholmie","robots":{"index":"index","follow":"follow","max-snippet":"max-snippet:-1","max-image-preview":"max-image-preview:large","max-video-preview":"max-video-preview:-1"},"canonical":"https:\/\/instytutpolski.pl\/stockholm\/lar-kanna-polen\/kultur-i-polen\/museer-i-polen\/digitalt-nationalmuseum\/","og_locale":"pl_PL","og_type":"article","og_title":"Digitalt Nationalmuseum - Instytut Polski w Sztokholmie","og_description":"Digitalt Nationalmuseum i Warszawa &#8211; presenterar hela 60 tusen av de \u00f6ver 800 tusen objekt som finns i museets samlingar. \u2013 Tack vare digitaliseringen av samlingarna har alla tillg\u00e5ng via dator eller mobiltelefon till enast\u00e5ende konstverk. Tack vare MNW:s nya digitala portal kan alla, oberoende av var man bor, ge sig ut p\u00e5 en digital [&hellip;]","og_url":"https:\/\/instytutpolski.pl\/stockholm\/lar-kanna-polen\/kultur-i-polen\/museer-i-polen\/digitalt-nationalmuseum\/","og_site_name":"Instytut Polski w Sztokholmie","article_modified_time":"2020-11-20T11:11:41+00:00","og_image":[{"width":2560,"height":1003,"url":"https:\/\/instytutpolski.pl\/stockholm\/wp-content\/uploads\/sites\/17\/2020\/10\/fot_Adam-Oleksiak_MNW_9-gotowe-scaled.jpg","type":"image\/jpeg"}],"twitter_card":"summary_large_image","twitter_misc":{"Szacowany czas czytania":"1 minuta"},"schema":{"@context":"https:\/\/schema.org","@graph":[{"@type":"WebPage","@id":"https:\/\/instytutpolski.pl\/stockholm\/lar-kanna-polen\/kultur-i-polen\/museer-i-polen\/digitalt-nationalmuseum\/","url":"https:\/\/instytutpolski.pl\/stockholm\/lar-kanna-polen\/kultur-i-polen\/museer-i-polen\/digitalt-nationalmuseum\/","name":"Digitalt Nationalmuseum - Instytut Polski w Sztokholmie","isPartOf":{"@id":"https:\/\/instytutpolski.pl\/stockholm\/#website"},"primaryImageOfPage":{"@id":"https:\/\/instytutpolski.pl\/stockholm\/lar-kanna-polen\/kultur-i-polen\/museer-i-polen\/digitalt-nationalmuseum\/#primaryimage"},"image":{"@id":"https:\/\/instytutpolski.pl\/stockholm\/lar-kanna-polen\/kultur-i-polen\/museer-i-polen\/digitalt-nationalmuseum\/#primaryimage"},"thumbnailUrl":"https:\/\/instytutpolski.pl\/stockholm\/wp-content\/uploads\/sites\/17\/2020\/10\/fot_Adam-Oleksiak_MNW_9-gotowe-scaled.jpg","datePublished":"2020-10-27T11:33:55+00:00","dateModified":"2020-11-20T11:11:41+00:00","breadcrumb":{"@id":"https:\/\/instytutpolski.pl\/stockholm\/lar-kanna-polen\/kultur-i-polen\/museer-i-polen\/digitalt-nationalmuseum\/#breadcrumb"},"inLanguage":"pl-PL","potentialAction":[{"@type":"ReadAction","target":["https:\/\/instytutpolski.pl\/stockholm\/lar-kanna-polen\/kultur-i-polen\/museer-i-polen\/digitalt-nationalmuseum\/"]}]},{"@type":"ImageObject","inLanguage":"pl-PL","@id":"https:\/\/instytutpolski.pl\/stockholm\/lar-kanna-polen\/kultur-i-polen\/museer-i-polen\/digitalt-nationalmuseum\/#primaryimage","url":"https:\/\/instytutpolski.pl\/stockholm\/wp-content\/uploads\/sites\/17\/2020\/10\/fot_Adam-Oleksiak_MNW_9-gotowe-scaled.jpg","contentUrl":"https:\/\/instytutpolski.pl\/stockholm\/wp-content\/uploads\/sites\/17\/2020\/10\/fot_Adam-Oleksiak_MNW_9-gotowe-scaled.jpg","width":2560,"height":1003},{"@type":"BreadcrumbList","@id":"https:\/\/instytutpolski.pl\/stockholm\/lar-kanna-polen\/kultur-i-polen\/museer-i-polen\/digitalt-nationalmuseum\/#breadcrumb","itemListElement":[{"@type":"ListItem","position":1,"name":"Home","item":"https:\/\/instytutpolski.pl\/stockholm\/"},{"@type":"ListItem","position":2,"name":"L\u00e4r k\u00e4nna Polen","item":"https:\/\/instytutpolski.pl\/stockholm\/lar-kanna-polen\/"},{"@type":"ListItem","position":3,"name":"Kultur i Polen","item":"https:\/\/instytutpolski.pl\/stockholm\/lar-kanna-polen\/kultur-i-polen\/"},{"@type":"ListItem","position":4,"name":"Museer i Polen","item":"https:\/\/instytutpolski.pl\/stockholm\/lar-kanna-polen\/kultur-i-polen\/museer-i-polen\/"},{"@type":"ListItem","position":5,"name":"Digitalt Nationalmuseum"}]},{"@type":"WebSite","@id":"https:\/\/instytutpolski.pl\/stockholm\/#website","url":"https:\/\/instytutpolski.pl\/stockholm\/","name":"Instytut Polski w Sztokholmie","description":"Instytuty Polskie","potentialAction":[{"@type":"SearchAction","target":{"@type":"EntryPoint","urlTemplate":"https:\/\/instytutpolski.pl\/stockholm\/?s={search_term_string}"},"query-input":{"@type":"PropertyValueSpecification","valueRequired":true,"valueName":"search_term_string"}}],"inLanguage":"pl-PL"}]}},"_links":{"self":[{"href":"https:\/\/instytutpolski.pl\/stockholm\/wp-json\/wp\/v2\/pages\/4332","targetHints":{"allow":["GET"]}}],"collection":[{"href":"https:\/\/instytutpolski.pl\/stockholm\/wp-json\/wp\/v2\/pages"}],"about":[{"href":"https:\/\/instytutpolski.pl\/stockholm\/wp-json\/wp\/v2\/types\/page"}],"author":[{"embeddable":true,"href":"https:\/\/instytutpolski.pl\/stockholm\/wp-json\/wp\/v2\/users\/29"}],"replies":[{"embeddable":true,"href":"https:\/\/instytutpolski.pl\/stockholm\/wp-json\/wp\/v2\/comments?post=4332"}],"version-history":[{"count":4,"href":"https:\/\/instytutpolski.pl\/stockholm\/wp-json\/wp\/v2\/pages\/4332\/revisions"}],"predecessor-version":[{"id":4354,"href":"https:\/\/instytutpolski.pl\/stockholm\/wp-json\/wp\/v2\/pages\/4332\/revisions\/4354"}],"up":[{"embeddable":true,"href":"https:\/\/instytutpolski.pl\/stockholm\/wp-json\/wp\/v2\/pages\/4188"}],"wp:featuredmedia":[{"embeddable":true,"href":"https:\/\/instytutpolski.pl\/stockholm\/wp-json\/wp\/v2\/media\/4082"}],"wp:attachment":[{"href":"https:\/\/instytutpolski.pl\/stockholm\/wp-json\/wp\/v2\/media?parent=4332"}],"curies":[{"name":"wp","href":"https:\/\/api.w.org\/{rel}","templated":true}]}}