{"id":503,"date":"2019-06-25T12:45:57","date_gmt":"2019-06-25T10:45:57","guid":{"rendered":"https:\/\/instytutpolski.pl\/sztokholm\/?page_id=503"},"modified":"2020-06-05T10:41:30","modified_gmt":"2020-06-05T08:41:30","slug":"stipendier-i-polen","status":"publish","type":"page","link":"https:\/\/instytutpolski.pl\/stockholm\/lar-kanna-polen\/stipendier-i-polen\/","title":{"rendered":"Stipendier i Polen"},"content":{"rendered":"\n<p><strong>Polska utbildningsstipendier<\/strong><\/p>\n\n\n\n<p>Polen kan erbjuda flera olika slags stipendier f\u00f6r utl\u00e4nningar som vill studera eller forska i Polen.<\/p>\n\n\n\n<p>Bland dem finns Erasmus och bilaterala stipendieavtal, det centraleuropeiska programmet f\u00f6r universitetsutbyte CEEPUS, Visegradgruppens stipendieprogram, stipendier f\u00f6r studenter fr\u00e5n EU:s \u00d6stliga partnerskap och andra postsovjetiska l\u00e4nder, stipendier f\u00f6r medborgare i utvecklingsl\u00e4nder, Fulbrightprogrammet, Lane Kirkland-programmet, UNESCO\/Poland Co-Sponsored Fellowships Programme in Engineering, Programme of Fellowships under the Polish National Commission for UNESCO.<\/p>\n\n\n\n<p>Mer information: <a rel=\"noreferrer noopener\" href=\"http:\/\/www.go-poland.pl\/\" target=\"_blank\">http:\/\/www.go-poland.pl\/<\/a><\/p>\n","protected":false},"excerpt":{"rendered":"<p>Polska utbildningsstipendier Polen kan erbjuda flera olika slags stipendier f\u00f6r utl\u00e4nningar som vill studera eller forska i Polen. Bland dem finns Erasmus och bilaterala stipendieavtal, det centraleuropeiska programmet f\u00f6r universitetsutbyte CEEPUS, Visegradgruppens stipendieprogram, stipendier f\u00f6r studenter fr\u00e5n EU:s \u00d6stliga partnerskap och andra postsovjetiska l\u00e4nder, stipendier f\u00f6r medborgare i utvecklingsl\u00e4nder, Fulbrightprogrammet, Lane Kirkland-programmet, UNESCO\/Poland Co-Sponsored Fellowships [&hellip;]<\/p>\n","protected":false},"author":1,"featured_media":504,"parent":493,"menu_order":0,"comment_status":"closed","ping_status":"closed","template":"","meta":{"inline_featured_image":false,"_monsterinsights_skip_tracking":false,"_monsterinsights_sitenote_active":false,"_monsterinsights_sitenote_note":"","_monsterinsights_sitenote_category":0,"footnotes":""},"class_list":["post-503","page","type-page","status-publish","has-post-thumbnail","hentry"],"yoast_head":"<!-- This site is optimized with the Yoast SEO plugin v24.6 - https:\/\/yoast.com\/wordpress\/plugins\/seo\/ -->\n<title>Stipendier i Polen - Instytut Polski w Sztokholmie<\/title>\n<meta name=\"robots\" content=\"index, follow, max-snippet:-1, max-image-preview:large, max-video-preview:-1\" \/>\n<link rel=\"canonical\" href=\"https:\/\/instytutpolski.pl\/stockholm\/lar-kanna-polen\/stipendier-i-polen\/\" \/>\n<meta property=\"og:locale\" content=\"pl_PL\" \/>\n<meta property=\"og:type\" content=\"article\" \/>\n<meta property=\"og:title\" content=\"Stipendier i Polen - Instytut Polski w Sztokholmie\" \/>\n<meta property=\"og:description\" content=\"Polska utbildningsstipendier Polen kan erbjuda flera olika slags stipendier f\u00f6r utl\u00e4nningar som vill studera eller forska i Polen. Bland dem finns Erasmus och bilaterala stipendieavtal, det centraleuropeiska programmet f\u00f6r universitetsutbyte CEEPUS, Visegradgruppens stipendieprogram, stipendier f\u00f6r studenter fr\u00e5n EU:s \u00d6stliga partnerskap och andra postsovjetiska l\u00e4nder, stipendier f\u00f6r medborgare i utvecklingsl\u00e4nder, Fulbrightprogrammet, Lane Kirkland-programmet, UNESCO\/Poland Co-Sponsored Fellowships [&hellip;]\" \/>\n<meta property=\"og:url\" content=\"https:\/\/instytutpolski.pl\/stockholm\/lar-kanna-polen\/stipendier-i-polen\/\" \/>\n<meta property=\"og:site_name\" content=\"Instytut Polski w Sztokholmie\" \/>\n<meta property=\"article:modified_time\" content=\"2020-06-05T08:41:30+00:00\" \/>\n<meta property=\"og:image\" content=\"https:\/\/instytutpolski.pl\/stockholm\/wp-content\/uploads\/sites\/17\/2019\/06\/stypendia-w-polsce.jpg\" \/>\n\t<meta property=\"og:image:width\" content=\"1920\" \/>\n\t<meta property=\"og:image:height\" content=\"700\" \/>\n\t<meta property=\"og:image:type\" content=\"image\/jpeg\" \/>\n<meta name=\"twitter:card\" content=\"summary_large_image\" \/>\n<script type=\"application\/ld+json\" class=\"yoast-schema-graph\">{\"@context\":\"https:\/\/schema.org\",\"@graph\":[{\"@type\":\"WebPage\",\"@id\":\"https:\/\/instytutpolski.pl\/stockholm\/lar-kanna-polen\/stipendier-i-polen\/\",\"url\":\"https:\/\/instytutpolski.pl\/stockholm\/lar-kanna-polen\/stipendier-i-polen\/\",\"name\":\"Stipendier i Polen - Instytut Polski w Sztokholmie\",\"isPartOf\":{\"@id\":\"https:\/\/instytutpolski.pl\/stockholm\/#website\"},\"primaryImageOfPage\":{\"@id\":\"https:\/\/instytutpolski.pl\/stockholm\/lar-kanna-polen\/stipendier-i-polen\/#primaryimage\"},\"image\":{\"@id\":\"https:\/\/instytutpolski.pl\/stockholm\/lar-kanna-polen\/stipendier-i-polen\/#primaryimage\"},\"thumbnailUrl\":\"https:\/\/instytutpolski.pl\/stockholm\/wp-content\/uploads\/sites\/17\/2019\/06\/stypendia-w-polsce.jpg\",\"datePublished\":\"2019-06-25T10:45:57+00:00\",\"dateModified\":\"2020-06-05T08:41:30+00:00\",\"breadcrumb\":{\"@id\":\"https:\/\/instytutpolski.pl\/stockholm\/lar-kanna-polen\/stipendier-i-polen\/#breadcrumb\"},\"inLanguage\":\"pl-PL\",\"potentialAction\":[{\"@type\":\"ReadAction\",\"target\":[\"https:\/\/instytutpolski.pl\/stockholm\/lar-kanna-polen\/stipendier-i-polen\/\"]}]},{\"@type\":\"ImageObject\",\"inLanguage\":\"pl-PL\",\"@id\":\"https:\/\/instytutpolski.pl\/stockholm\/lar-kanna-polen\/stipendier-i-polen\/#primaryimage\",\"url\":\"https:\/\/instytutpolski.pl\/stockholm\/wp-content\/uploads\/sites\/17\/2019\/06\/stypendia-w-polsce.jpg\",\"contentUrl\":\"https:\/\/instytutpolski.pl\/stockholm\/wp-content\/uploads\/sites\/17\/2019\/06\/stypendia-w-polsce.jpg\",\"width\":1920,\"height\":700},{\"@type\":\"BreadcrumbList\",\"@id\":\"https:\/\/instytutpolski.pl\/stockholm\/lar-kanna-polen\/stipendier-i-polen\/#breadcrumb\",\"itemListElement\":[{\"@type\":\"ListItem\",\"position\":1,\"name\":\"Home\",\"item\":\"https:\/\/instytutpolski.pl\/stockholm\/\"},{\"@type\":\"ListItem\",\"position\":2,\"name\":\"L\u00e4r k\u00e4nna Polen\",\"item\":\"https:\/\/instytutpolski.pl\/stockholm\/lar-kanna-polen\/\"},{\"@type\":\"ListItem\",\"position\":3,\"name\":\"Stipendier i Polen\"}]},{\"@type\":\"WebSite\",\"@id\":\"https:\/\/instytutpolski.pl\/stockholm\/#website\",\"url\":\"https:\/\/instytutpolski.pl\/stockholm\/\",\"name\":\"Instytut Polski w Sztokholmie\",\"description\":\"Instytuty Polskie\",\"potentialAction\":[{\"@type\":\"SearchAction\",\"target\":{\"@type\":\"EntryPoint\",\"urlTemplate\":\"https:\/\/instytutpolski.pl\/stockholm\/?s={search_term_string}\"},\"query-input\":{\"@type\":\"PropertyValueSpecification\",\"valueRequired\":true,\"valueName\":\"search_term_string\"}}],\"inLanguage\":\"pl-PL\"}]}<\/script>\n<!-- \/ Yoast SEO plugin. -->","yoast_head_json":{"title":"Stipendier i Polen - Instytut Polski w Sztokholmie","robots":{"index":"index","follow":"follow","max-snippet":"max-snippet:-1","max-image-preview":"max-image-preview:large","max-video-preview":"max-video-preview:-1"},"canonical":"https:\/\/instytutpolski.pl\/stockholm\/lar-kanna-polen\/stipendier-i-polen\/","og_locale":"pl_PL","og_type":"article","og_title":"Stipendier i Polen - Instytut Polski w Sztokholmie","og_description":"Polska utbildningsstipendier Polen kan erbjuda flera olika slags stipendier f\u00f6r utl\u00e4nningar som vill studera eller forska i Polen. Bland dem finns Erasmus och bilaterala stipendieavtal, det centraleuropeiska programmet f\u00f6r universitetsutbyte CEEPUS, Visegradgruppens stipendieprogram, stipendier f\u00f6r studenter fr\u00e5n EU:s \u00d6stliga partnerskap och andra postsovjetiska l\u00e4nder, stipendier f\u00f6r medborgare i utvecklingsl\u00e4nder, Fulbrightprogrammet, Lane Kirkland-programmet, UNESCO\/Poland Co-Sponsored Fellowships [&hellip;]","og_url":"https:\/\/instytutpolski.pl\/stockholm\/lar-kanna-polen\/stipendier-i-polen\/","og_site_name":"Instytut Polski w Sztokholmie","article_modified_time":"2020-06-05T08:41:30+00:00","og_image":[{"width":1920,"height":700,"url":"https:\/\/instytutpolski.pl\/stockholm\/wp-content\/uploads\/sites\/17\/2019\/06\/stypendia-w-polsce.jpg","type":"image\/jpeg"}],"twitter_card":"summary_large_image","schema":{"@context":"https:\/\/schema.org","@graph":[{"@type":"WebPage","@id":"https:\/\/instytutpolski.pl\/stockholm\/lar-kanna-polen\/stipendier-i-polen\/","url":"https:\/\/instytutpolski.pl\/stockholm\/lar-kanna-polen\/stipendier-i-polen\/","name":"Stipendier i Polen - Instytut Polski w Sztokholmie","isPartOf":{"@id":"https:\/\/instytutpolski.pl\/stockholm\/#website"},"primaryImageOfPage":{"@id":"https:\/\/instytutpolski.pl\/stockholm\/lar-kanna-polen\/stipendier-i-polen\/#primaryimage"},"image":{"@id":"https:\/\/instytutpolski.pl\/stockholm\/lar-kanna-polen\/stipendier-i-polen\/#primaryimage"},"thumbnailUrl":"https:\/\/instytutpolski.pl\/stockholm\/wp-content\/uploads\/sites\/17\/2019\/06\/stypendia-w-polsce.jpg","datePublished":"2019-06-25T10:45:57+00:00","dateModified":"2020-06-05T08:41:30+00:00","breadcrumb":{"@id":"https:\/\/instytutpolski.pl\/stockholm\/lar-kanna-polen\/stipendier-i-polen\/#breadcrumb"},"inLanguage":"pl-PL","potentialAction":[{"@type":"ReadAction","target":["https:\/\/instytutpolski.pl\/stockholm\/lar-kanna-polen\/stipendier-i-polen\/"]}]},{"@type":"ImageObject","inLanguage":"pl-PL","@id":"https:\/\/instytutpolski.pl\/stockholm\/lar-kanna-polen\/stipendier-i-polen\/#primaryimage","url":"https:\/\/instytutpolski.pl\/stockholm\/wp-content\/uploads\/sites\/17\/2019\/06\/stypendia-w-polsce.jpg","contentUrl":"https:\/\/instytutpolski.pl\/stockholm\/wp-content\/uploads\/sites\/17\/2019\/06\/stypendia-w-polsce.jpg","width":1920,"height":700},{"@type":"BreadcrumbList","@id":"https:\/\/instytutpolski.pl\/stockholm\/lar-kanna-polen\/stipendier-i-polen\/#breadcrumb","itemListElement":[{"@type":"ListItem","position":1,"name":"Home","item":"https:\/\/instytutpolski.pl\/stockholm\/"},{"@type":"ListItem","position":2,"name":"L\u00e4r k\u00e4nna Polen","item":"https:\/\/instytutpolski.pl\/stockholm\/lar-kanna-polen\/"},{"@type":"ListItem","position":3,"name":"Stipendier i Polen"}]},{"@type":"WebSite","@id":"https:\/\/instytutpolski.pl\/stockholm\/#website","url":"https:\/\/instytutpolski.pl\/stockholm\/","name":"Instytut Polski w Sztokholmie","description":"Instytuty Polskie","potentialAction":[{"@type":"SearchAction","target":{"@type":"EntryPoint","urlTemplate":"https:\/\/instytutpolski.pl\/stockholm\/?s={search_term_string}"},"query-input":{"@type":"PropertyValueSpecification","valueRequired":true,"valueName":"search_term_string"}}],"inLanguage":"pl-PL"}]}},"_links":{"self":[{"href":"https:\/\/instytutpolski.pl\/stockholm\/wp-json\/wp\/v2\/pages\/503","targetHints":{"allow":["GET"]}}],"collection":[{"href":"https:\/\/instytutpolski.pl\/stockholm\/wp-json\/wp\/v2\/pages"}],"about":[{"href":"https:\/\/instytutpolski.pl\/stockholm\/wp-json\/wp\/v2\/types\/page"}],"author":[{"embeddable":true,"href":"https:\/\/instytutpolski.pl\/stockholm\/wp-json\/wp\/v2\/users\/1"}],"replies":[{"embeddable":true,"href":"https:\/\/instytutpolski.pl\/stockholm\/wp-json\/wp\/v2\/comments?post=503"}],"version-history":[{"count":4,"href":"https:\/\/instytutpolski.pl\/stockholm\/wp-json\/wp\/v2\/pages\/503\/revisions"}],"predecessor-version":[{"id":2552,"href":"https:\/\/instytutpolski.pl\/stockholm\/wp-json\/wp\/v2\/pages\/503\/revisions\/2552"}],"up":[{"embeddable":true,"href":"https:\/\/instytutpolski.pl\/stockholm\/wp-json\/wp\/v2\/pages\/493"}],"wp:featuredmedia":[{"embeddable":true,"href":"https:\/\/instytutpolski.pl\/stockholm\/wp-json\/wp\/v2\/media\/504"}],"wp:attachment":[{"href":"https:\/\/instytutpolski.pl\/stockholm\/wp-json\/wp\/v2\/media?parent=503"}],"curies":[{"name":"wp","href":"https:\/\/api.w.org\/{rel}","templated":true}]}}