{"id":510,"date":"2019-06-25T12:47:18","date_gmt":"2019-06-25T10:47:18","guid":{"rendered":"https:\/\/instytutpolski.pl\/sztokholm\/?page_id=510"},"modified":"2020-06-05T18:21:48","modified_gmt":"2020-06-05T16:21:48","slug":"forskningsstipendier","status":"publish","type":"page","link":"https:\/\/instytutpolski.pl\/stockholm\/lar-kanna-polen\/stipendier-i-polen\/forskningsstipendier\/","title":{"rendered":"Forskningsstipendier"},"content":{"rendered":"\n<p><strong>Bland projekt inriktade p\u00e5 forskare och doktorander finns:<\/strong><\/p>\n\n\n\n<ul>\n<li><strong>Programmet Poland My First Choice<\/strong> \u2013 f\u00f6r utl\u00e4ndska studenter som vill studera p\u00e5 masterniv\u00e5 och ta polsk masterexamen.<\/li>\n<\/ul>\n\n\n\n<p><em>Mer information om programmet och fullst\u00e4ndig lista p\u00e5 deltagande l\u00e4nder:<\/em> <a rel=\"noreferrer noopener\" href=\"https:\/\/www.nawa.gov.pl\/studenci\/studenci-zagraniczni\/program-poland-my-first-choice\" target=\"_blank\">https:\/\/www.nawa.gov.pl\/studenci\/studenci-zagraniczni\/program-poland-my-first-choice<\/a><\/p>\n\n\n\n<ul>\n<li><strong>Polskie powroty (Polska \u00e5terv\u00e4ndare)<\/strong> \u2013 f\u00f6r utm\u00e4rkta polska forskare som \u00e5terv\u00e4nder till hemlandet. F\u00f6r polska forskare som arbetar vid utl\u00e4ndska forskningsinstitut och vill utnyttja sina kunskaper och erfarenheter n\u00e4r de \u00e5terv\u00e4nder till hemlandet genom att grunda sin egen forskargrupp eller delta i redan existerande forskargrupper.<\/li>\n<\/ul>\n\n\n\n<p><em>Mer information om programmet: <\/em><a href=\"https:\/\/nawa.gov.pl\/naukowcy\/polskie-powroty\" target=\"_blank\" rel=\"noreferrer noopener\">https:\/\/nawa.gov.pl\/naukowcy\/polskie-powroty<\/a><\/p>\n\n\n\n<ul>\n<li><strong>Ulamprogrammet<\/strong> \u2013 ett stipendium f\u00f6r genomf\u00f6rande av forskning, d\u00e4ribland i samarbete med polska forskare eller forskargrupper; post doc-praktik; inf\u00f6rskaffande av material f\u00f6r forskning eller vetenskaplig publikation; insatser som akademisk g\u00e4stl\u00e4rare p\u00e5 annan institution<\/li>\n<\/ul>\n\n\n\n<p><em>Mer information om programmet:&nbsp;<\/em><a href=\"https:\/\/nawa.gov.pl\/naukowcy\/program-im-ulama\" target=\"_blank\" rel=\"noreferrer noopener\">https:\/\/nawa.gov.pl\/naukowcy\/program-im-ulama<\/a><\/p>\n\n\n\n<ul>\n<li><strong>General W\u0142adys\u0142aw Anders stipendieprogram f\u00f6r utlandspolacker<\/strong> \u2013 ett stipendium till ungdomar av polsk h\u00e4rstamning som \u00e4r medborgare i n\u00e5got av f\u00f6ljande l\u00e4nder: Albanien, Armenien, Azerbajdzjan, Bulgarien, Estland, Georgien, Kazakstan, Kirgizistan, Kroatien,Lettland, Litauen, Moldavien, Nordmakedonien, Rum\u00e4nien, Ryssland, Serbien, Slovakien, Tadjikistan, Tjeckien, Turkmenistan, Ukraina, Ungern, USA, Uzbekistan, Vitryssland, samt l\u00e4nderna i Sydamerika, Centralamerika och Afrika.<\/li>\n<\/ul>\n\n\n\n<p><em>Mer information om programmet:&nbsp;<\/em><a href=\"https:\/\/nawa.gov.pl\/studenci\/studenci-zagraniczni\/program-im-gen-andersa\" target=\"_blank\" rel=\"noreferrer noopener\">https:\/\/nawa.gov.pl\/studenci\/studenci-zagraniczni\/program-im-gen-andersa<\/a><\/p>\n\n\n\n<ul>\n<li><strong>Stefan Banachs stipendieprogram<\/strong> \u2013 uppstod p\u00e5 initiativ av polska utrikesministeriet och NAWA (Nationella byr\u00e5n f\u00f6r akademiskt utbyte). Programmet v\u00e4nder sig till medborgare i l\u00e4nder fr\u00e5n EU:s \u00d6stliga partnerskap, Centralasien och v\u00e4stra Balkan. Syftet \u00e4r att st\u00f6dje social och ekonomisk utveckling i utvecklingsl\u00e4nder genom att h\u00f6ja medborgarnas kunskaper och utbildning.<\/li>\n<\/ul>\n\n\n\n<p><em>Mer information om programmet: <\/em><a href=\"https:\/\/www.nawa.gov.pl\/studenci\/studenci-zagraniczni\/program-stypendialny-im-stefana-banacha\" target=\"_blank\" rel=\"noreferrer noopener\">https:\/\/www.nawa.gov.pl\/studenci\/studenci-zagraniczni\/program-stypendialny-im-stefana-banacha<\/a><\/p>\n\n\n\n<ul>\n<li><strong>Ignacy \u0141ukawiecz stipendieprogam<\/strong> \u2013 ett gemensamt initiativ av utrikesministeriet och NAWA. I likhet med Banach-programmet st\u00f6djer det social och ekonomisk utveckling i utvecklingsl\u00e4nder (f\u00f6rutom i Europa och Centralasien). F\u00f6retr\u00e4de ges till s\u00f6kande fr\u00e5n f\u00f6ljande l\u00e4nder: Angola, Colombia, Etiopien, Filippinerna, Indien, Indonesien, Kenya, Libanon, Mexiko, Myanmar, Nigeria, Palestina, Peru, Senegal, Sydafrika, Tanzania, Uganda, Vietnam.<\/li>\n<\/ul>\n\n\n\n<p><em>Mer information om programmet: <\/em><a href=\"https:\/\/www.nawa.gov.pl\/studenci\/studenci-zagraniczni\/program-stypendialny-im-ignacego-lukasiewicza\" target=\"_blank\" rel=\"noreferrer noopener\">https:\/\/www.nawa.gov.pl\/studenci\/studenci-zagraniczni\/program-stypendialny-im-ignacego-lukasiewicza<\/a><\/p>\n\n\n\n<p><br>Mer om NAWA:s program: <a href=\"https:\/\/www.nawa.gov.pl\/programy-nawa\/programy-nawa-alias\/trwajace\" target=\"_blank\" rel=\"noreferrer noopener\">https:\/\/www.nawa.gov.pl\/programy-nawa\/programy-nawa-alias\/trwajace<\/a><\/p>\n","protected":false},"excerpt":{"rendered":"<p>Bland projekt inriktade p\u00e5 forskare och doktorander finns: Programmet Poland My First Choice \u2013 f\u00f6r utl\u00e4ndska studenter som vill studera p\u00e5 masterniv\u00e5 och ta polsk masterexamen. Mer information om programmet och fullst\u00e4ndig lista p\u00e5 deltagande l\u00e4nder: https:\/\/www.nawa.gov.pl\/studenci\/studenci-zagraniczni\/program-poland-my-first-choice Polskie powroty (Polska \u00e5terv\u00e4ndare) \u2013 f\u00f6r utm\u00e4rkta polska forskare som \u00e5terv\u00e4nder till hemlandet. F\u00f6r polska forskare som arbetar [&hellip;]<\/p>\n","protected":false},"author":1,"featured_media":2654,"parent":503,"menu_order":0,"comment_status":"closed","ping_status":"closed","template":"","meta":{"inline_featured_image":false,"_monsterinsights_skip_tracking":false,"_monsterinsights_sitenote_active":false,"_monsterinsights_sitenote_note":"","_monsterinsights_sitenote_category":0,"footnotes":""},"class_list":["post-510","page","type-page","status-publish","has-post-thumbnail","hentry"],"yoast_head":"<!-- This site is optimized with the Yoast SEO plugin v24.6 - https:\/\/yoast.com\/wordpress\/plugins\/seo\/ -->\n<title>Forskningsstipendier - Instytut Polski w Sztokholmie<\/title>\n<meta name=\"robots\" content=\"index, follow, max-snippet:-1, max-image-preview:large, max-video-preview:-1\" \/>\n<link rel=\"canonical\" href=\"https:\/\/instytutpolski.pl\/stockholm\/lar-kanna-polen\/stipendier-i-polen\/forskningsstipendier\/\" \/>\n<meta property=\"og:locale\" content=\"pl_PL\" \/>\n<meta property=\"og:type\" content=\"article\" \/>\n<meta property=\"og:title\" content=\"Forskningsstipendier - Instytut Polski w Sztokholmie\" \/>\n<meta property=\"og:description\" content=\"Bland projekt inriktade p\u00e5 forskare och doktorander finns: Programmet Poland My First Choice \u2013 f\u00f6r utl\u00e4ndska studenter som vill studera p\u00e5 masterniv\u00e5 och ta polsk masterexamen. Mer information om programmet och fullst\u00e4ndig lista p\u00e5 deltagande l\u00e4nder: https:\/\/www.nawa.gov.pl\/studenci\/studenci-zagraniczni\/program-poland-my-first-choice Polskie powroty (Polska \u00e5terv\u00e4ndare) \u2013 f\u00f6r utm\u00e4rkta polska forskare som \u00e5terv\u00e4nder till hemlandet. F\u00f6r polska forskare som arbetar [&hellip;]\" \/>\n<meta property=\"og:url\" content=\"https:\/\/instytutpolski.pl\/stockholm\/lar-kanna-polen\/stipendier-i-polen\/forskningsstipendier\/\" \/>\n<meta property=\"og:site_name\" content=\"Instytut Polski w Sztokholmie\" \/>\n<meta property=\"article:modified_time\" content=\"2020-06-05T16:21:48+00:00\" \/>\n<meta property=\"og:image\" content=\"https:\/\/instytutpolski.pl\/stockholm\/wp-content\/uploads\/sites\/17\/2020\/06\/annie-spratt-QckxruozjRg-unsplash-scaled.jpg\" \/>\n\t<meta property=\"og:image:width\" content=\"2560\" \/>\n\t<meta property=\"og:image:height\" content=\"1708\" \/>\n\t<meta property=\"og:image:type\" content=\"image\/jpeg\" \/>\n<meta name=\"twitter:card\" content=\"summary_large_image\" \/>\n<meta name=\"twitter:label1\" content=\"Szacowany czas czytania\" \/>\n\t<meta name=\"twitter:data1\" content=\"2 minuty\" \/>\n<script type=\"application\/ld+json\" class=\"yoast-schema-graph\">{\"@context\":\"https:\/\/schema.org\",\"@graph\":[{\"@type\":\"WebPage\",\"@id\":\"https:\/\/instytutpolski.pl\/stockholm\/lar-kanna-polen\/stipendier-i-polen\/forskningsstipendier\/\",\"url\":\"https:\/\/instytutpolski.pl\/stockholm\/lar-kanna-polen\/stipendier-i-polen\/forskningsstipendier\/\",\"name\":\"Forskningsstipendier - Instytut Polski w Sztokholmie\",\"isPartOf\":{\"@id\":\"https:\/\/instytutpolski.pl\/stockholm\/#website\"},\"primaryImageOfPage\":{\"@id\":\"https:\/\/instytutpolski.pl\/stockholm\/lar-kanna-polen\/stipendier-i-polen\/forskningsstipendier\/#primaryimage\"},\"image\":{\"@id\":\"https:\/\/instytutpolski.pl\/stockholm\/lar-kanna-polen\/stipendier-i-polen\/forskningsstipendier\/#primaryimage\"},\"thumbnailUrl\":\"https:\/\/instytutpolski.pl\/stockholm\/wp-content\/uploads\/sites\/17\/2020\/06\/annie-spratt-QckxruozjRg-unsplash-scaled.jpg\",\"datePublished\":\"2019-06-25T10:47:18+00:00\",\"dateModified\":\"2020-06-05T16:21:48+00:00\",\"breadcrumb\":{\"@id\":\"https:\/\/instytutpolski.pl\/stockholm\/lar-kanna-polen\/stipendier-i-polen\/forskningsstipendier\/#breadcrumb\"},\"inLanguage\":\"pl-PL\",\"potentialAction\":[{\"@type\":\"ReadAction\",\"target\":[\"https:\/\/instytutpolski.pl\/stockholm\/lar-kanna-polen\/stipendier-i-polen\/forskningsstipendier\/\"]}]},{\"@type\":\"ImageObject\",\"inLanguage\":\"pl-PL\",\"@id\":\"https:\/\/instytutpolski.pl\/stockholm\/lar-kanna-polen\/stipendier-i-polen\/forskningsstipendier\/#primaryimage\",\"url\":\"https:\/\/instytutpolski.pl\/stockholm\/wp-content\/uploads\/sites\/17\/2020\/06\/annie-spratt-QckxruozjRg-unsplash-scaled.jpg\",\"contentUrl\":\"https:\/\/instytutpolski.pl\/stockholm\/wp-content\/uploads\/sites\/17\/2020\/06\/annie-spratt-QckxruozjRg-unsplash-scaled.jpg\",\"width\":2560,\"height\":1708},{\"@type\":\"BreadcrumbList\",\"@id\":\"https:\/\/instytutpolski.pl\/stockholm\/lar-kanna-polen\/stipendier-i-polen\/forskningsstipendier\/#breadcrumb\",\"itemListElement\":[{\"@type\":\"ListItem\",\"position\":1,\"name\":\"Home\",\"item\":\"https:\/\/instytutpolski.pl\/stockholm\/\"},{\"@type\":\"ListItem\",\"position\":2,\"name\":\"L\u00e4r k\u00e4nna Polen\",\"item\":\"https:\/\/instytutpolski.pl\/stockholm\/lar-kanna-polen\/\"},{\"@type\":\"ListItem\",\"position\":3,\"name\":\"Stipendier i Polen\",\"item\":\"https:\/\/instytutpolski.pl\/stockholm\/lar-kanna-polen\/stipendier-i-polen\/\"},{\"@type\":\"ListItem\",\"position\":4,\"name\":\"Forskningsstipendier\"}]},{\"@type\":\"WebSite\",\"@id\":\"https:\/\/instytutpolski.pl\/stockholm\/#website\",\"url\":\"https:\/\/instytutpolski.pl\/stockholm\/\",\"name\":\"Instytut Polski w Sztokholmie\",\"description\":\"Instytuty Polskie\",\"potentialAction\":[{\"@type\":\"SearchAction\",\"target\":{\"@type\":\"EntryPoint\",\"urlTemplate\":\"https:\/\/instytutpolski.pl\/stockholm\/?s={search_term_string}\"},\"query-input\":{\"@type\":\"PropertyValueSpecification\",\"valueRequired\":true,\"valueName\":\"search_term_string\"}}],\"inLanguage\":\"pl-PL\"}]}<\/script>\n<!-- \/ Yoast SEO plugin. -->","yoast_head_json":{"title":"Forskningsstipendier - Instytut Polski w Sztokholmie","robots":{"index":"index","follow":"follow","max-snippet":"max-snippet:-1","max-image-preview":"max-image-preview:large","max-video-preview":"max-video-preview:-1"},"canonical":"https:\/\/instytutpolski.pl\/stockholm\/lar-kanna-polen\/stipendier-i-polen\/forskningsstipendier\/","og_locale":"pl_PL","og_type":"article","og_title":"Forskningsstipendier - Instytut Polski w Sztokholmie","og_description":"Bland projekt inriktade p\u00e5 forskare och doktorander finns: Programmet Poland My First Choice \u2013 f\u00f6r utl\u00e4ndska studenter som vill studera p\u00e5 masterniv\u00e5 och ta polsk masterexamen. Mer information om programmet och fullst\u00e4ndig lista p\u00e5 deltagande l\u00e4nder: https:\/\/www.nawa.gov.pl\/studenci\/studenci-zagraniczni\/program-poland-my-first-choice Polskie powroty (Polska \u00e5terv\u00e4ndare) \u2013 f\u00f6r utm\u00e4rkta polska forskare som \u00e5terv\u00e4nder till hemlandet. F\u00f6r polska forskare som arbetar [&hellip;]","og_url":"https:\/\/instytutpolski.pl\/stockholm\/lar-kanna-polen\/stipendier-i-polen\/forskningsstipendier\/","og_site_name":"Instytut Polski w Sztokholmie","article_modified_time":"2020-06-05T16:21:48+00:00","og_image":[{"width":2560,"height":1708,"url":"https:\/\/instytutpolski.pl\/stockholm\/wp-content\/uploads\/sites\/17\/2020\/06\/annie-spratt-QckxruozjRg-unsplash-scaled.jpg","type":"image\/jpeg"}],"twitter_card":"summary_large_image","twitter_misc":{"Szacowany czas czytania":"2 minuty"},"schema":{"@context":"https:\/\/schema.org","@graph":[{"@type":"WebPage","@id":"https:\/\/instytutpolski.pl\/stockholm\/lar-kanna-polen\/stipendier-i-polen\/forskningsstipendier\/","url":"https:\/\/instytutpolski.pl\/stockholm\/lar-kanna-polen\/stipendier-i-polen\/forskningsstipendier\/","name":"Forskningsstipendier - Instytut Polski w Sztokholmie","isPartOf":{"@id":"https:\/\/instytutpolski.pl\/stockholm\/#website"},"primaryImageOfPage":{"@id":"https:\/\/instytutpolski.pl\/stockholm\/lar-kanna-polen\/stipendier-i-polen\/forskningsstipendier\/#primaryimage"},"image":{"@id":"https:\/\/instytutpolski.pl\/stockholm\/lar-kanna-polen\/stipendier-i-polen\/forskningsstipendier\/#primaryimage"},"thumbnailUrl":"https:\/\/instytutpolski.pl\/stockholm\/wp-content\/uploads\/sites\/17\/2020\/06\/annie-spratt-QckxruozjRg-unsplash-scaled.jpg","datePublished":"2019-06-25T10:47:18+00:00","dateModified":"2020-06-05T16:21:48+00:00","breadcrumb":{"@id":"https:\/\/instytutpolski.pl\/stockholm\/lar-kanna-polen\/stipendier-i-polen\/forskningsstipendier\/#breadcrumb"},"inLanguage":"pl-PL","potentialAction":[{"@type":"ReadAction","target":["https:\/\/instytutpolski.pl\/stockholm\/lar-kanna-polen\/stipendier-i-polen\/forskningsstipendier\/"]}]},{"@type":"ImageObject","inLanguage":"pl-PL","@id":"https:\/\/instytutpolski.pl\/stockholm\/lar-kanna-polen\/stipendier-i-polen\/forskningsstipendier\/#primaryimage","url":"https:\/\/instytutpolski.pl\/stockholm\/wp-content\/uploads\/sites\/17\/2020\/06\/annie-spratt-QckxruozjRg-unsplash-scaled.jpg","contentUrl":"https:\/\/instytutpolski.pl\/stockholm\/wp-content\/uploads\/sites\/17\/2020\/06\/annie-spratt-QckxruozjRg-unsplash-scaled.jpg","width":2560,"height":1708},{"@type":"BreadcrumbList","@id":"https:\/\/instytutpolski.pl\/stockholm\/lar-kanna-polen\/stipendier-i-polen\/forskningsstipendier\/#breadcrumb","itemListElement":[{"@type":"ListItem","position":1,"name":"Home","item":"https:\/\/instytutpolski.pl\/stockholm\/"},{"@type":"ListItem","position":2,"name":"L\u00e4r k\u00e4nna Polen","item":"https:\/\/instytutpolski.pl\/stockholm\/lar-kanna-polen\/"},{"@type":"ListItem","position":3,"name":"Stipendier i Polen","item":"https:\/\/instytutpolski.pl\/stockholm\/lar-kanna-polen\/stipendier-i-polen\/"},{"@type":"ListItem","position":4,"name":"Forskningsstipendier"}]},{"@type":"WebSite","@id":"https:\/\/instytutpolski.pl\/stockholm\/#website","url":"https:\/\/instytutpolski.pl\/stockholm\/","name":"Instytut Polski w Sztokholmie","description":"Instytuty Polskie","potentialAction":[{"@type":"SearchAction","target":{"@type":"EntryPoint","urlTemplate":"https:\/\/instytutpolski.pl\/stockholm\/?s={search_term_string}"},"query-input":{"@type":"PropertyValueSpecification","valueRequired":true,"valueName":"search_term_string"}}],"inLanguage":"pl-PL"}]}},"_links":{"self":[{"href":"https:\/\/instytutpolski.pl\/stockholm\/wp-json\/wp\/v2\/pages\/510","targetHints":{"allow":["GET"]}}],"collection":[{"href":"https:\/\/instytutpolski.pl\/stockholm\/wp-json\/wp\/v2\/pages"}],"about":[{"href":"https:\/\/instytutpolski.pl\/stockholm\/wp-json\/wp\/v2\/types\/page"}],"author":[{"embeddable":true,"href":"https:\/\/instytutpolski.pl\/stockholm\/wp-json\/wp\/v2\/users\/1"}],"replies":[{"embeddable":true,"href":"https:\/\/instytutpolski.pl\/stockholm\/wp-json\/wp\/v2\/comments?post=510"}],"version-history":[{"count":5,"href":"https:\/\/instytutpolski.pl\/stockholm\/wp-json\/wp\/v2\/pages\/510\/revisions"}],"predecessor-version":[{"id":2653,"href":"https:\/\/instytutpolski.pl\/stockholm\/wp-json\/wp\/v2\/pages\/510\/revisions\/2653"}],"up":[{"embeddable":true,"href":"https:\/\/instytutpolski.pl\/stockholm\/wp-json\/wp\/v2\/pages\/503"}],"wp:featuredmedia":[{"embeddable":true,"href":"https:\/\/instytutpolski.pl\/stockholm\/wp-json\/wp\/v2\/media\/2654"}],"wp:attachment":[{"href":"https:\/\/instytutpolski.pl\/stockholm\/wp-json\/wp\/v2\/media?parent=510"}],"curies":[{"name":"wp","href":"https:\/\/api.w.org\/{rel}","templated":true}]}}