{"id":514,"date":"2019-06-25T12:47:53","date_gmt":"2019-06-25T10:47:53","guid":{"rendered":"https:\/\/instytutpolski.pl\/sztokholm\/?page_id=514"},"modified":"2020-06-05T18:21:20","modified_gmt":"2020-06-05T16:21:20","slug":"utbytesstipendier","status":"publish","type":"page","link":"https:\/\/instytutpolski.pl\/stockholm\/lar-kanna-polen\/stipendier-i-polen\/utbytesstipendier\/","title":{"rendered":"Utbytesstipendier"},"content":{"rendered":"\n<p><strong>Stipendier inom ramen f\u00f6r bilaterala avtal<\/strong><\/p>\n\n\n\n<p>Samarbete finns bl a med: Armenien, Belgien\/Vallonien, Bulgarien, Egypten, Frankrike, Israel, Italien, Japan, Jemen, Kazakstan, Kina, Korea, Kroatien, Mongoliet, Nordmakedonien, Rum\u00e4nien, Serbien, Slovakien, Slovenien, Taiwan, Tjeckien, Ukraina, Ungern, Vietnam<\/p>\n\n\n\n<p>Vitryssland. En vistelse inom detta program kan p\u00e5g\u00e5 mellan 3 dagar och 12 m\u00e5nader inom samma l\u00e4s\u00e5r. Mer information om samarbetsprogrammen h\u00e4r: <a href=\"https:\/\/www.nawa.gov.pl\/studenci\/studenci-zagraniczni\/program-wymiany-osobowej-studentow-i-naukowcow-w-ramach-wspolpracy-bilateralnej-oferta-przyjazdowa\" target=\"_blank\" rel=\"noreferrer noopener\">https:\/\/www.nawa.gov.pl\/studenci\/studenci-zagraniczni\/program-wymiany-osobowej-studentow-i-naukowcow-w-ramach-wspolpracy-bilateralnej-oferta-przyjazdowa<\/a><\/p>\n\n\n\n<p>Mer om projekt inriktade mot olika institutioner: marknadsf\u00f6ring utomlands; PROM-programmet, <a href=\"https:\/\/www.nawa.gov.pl\/instytucje\/akademickie-partnerstwa-miedzynarodowe\" target=\"_blank\" rel=\"noreferrer noopener\">Akademiska internationella partnerskap;<\/a> Welcome to Poland; <a href=\"https:\/\/www.nawa.gov.pl\/instytucje\/ster-stypendia-doktorskie-dla-cudzoziemcow\" target=\"_blank\" rel=\"noreferrer noopener\">STER \u2013 Doktorandstipendier f\u00f6r utl\u00e4nningar;<\/a> KATAMARAN \u2013 F\u00f6rberedelser f\u00f6r och genomf\u00f6rande av gemensamma studier p\u00e5 masterniv\u00e5: <a href=\"https:\/\/www.nawa.gov.pl\/instytucje\" target=\"_blank\" rel=\"noreferrer noopener\">https:\/\/www.nawa.gov.pl\/instytucje<\/a><\/p>\n","protected":false},"excerpt":{"rendered":"<p>Stipendier inom ramen f\u00f6r bilaterala avtal Samarbete finns bl a med: Armenien, Belgien\/Vallonien, Bulgarien, Egypten, Frankrike, Israel, Italien, Japan, Jemen, Kazakstan, Kina, Korea, Kroatien, Mongoliet, Nordmakedonien, Rum\u00e4nien, Serbien, Slovakien, Slovenien, Taiwan, Tjeckien, Ukraina, Ungern, Vietnam Vitryssland. En vistelse inom detta program kan p\u00e5g\u00e5 mellan 3 dagar och 12 m\u00e5nader inom samma l\u00e4s\u00e5r. Mer information om [&hellip;]<\/p>\n","protected":false},"author":1,"featured_media":2652,"parent":503,"menu_order":0,"comment_status":"closed","ping_status":"closed","template":"","meta":{"inline_featured_image":false,"_monsterinsights_skip_tracking":false,"_monsterinsights_sitenote_active":false,"_monsterinsights_sitenote_note":"","_monsterinsights_sitenote_category":0,"footnotes":""},"class_list":["post-514","page","type-page","status-publish","has-post-thumbnail","hentry"],"yoast_head":"<!-- This site is optimized with the Yoast SEO plugin v24.6 - https:\/\/yoast.com\/wordpress\/plugins\/seo\/ -->\n<title>Utbytesstipendier - Instytut Polski w Sztokholmie<\/title>\n<meta name=\"robots\" content=\"index, follow, max-snippet:-1, max-image-preview:large, max-video-preview:-1\" \/>\n<link rel=\"canonical\" href=\"https:\/\/instytutpolski.pl\/stockholm\/lar-kanna-polen\/stipendier-i-polen\/utbytesstipendier\/\" \/>\n<meta property=\"og:locale\" content=\"pl_PL\" \/>\n<meta property=\"og:type\" content=\"article\" \/>\n<meta property=\"og:title\" content=\"Utbytesstipendier - Instytut Polski w Sztokholmie\" \/>\n<meta property=\"og:description\" content=\"Stipendier inom ramen f\u00f6r bilaterala avtal Samarbete finns bl a med: Armenien, Belgien\/Vallonien, Bulgarien, Egypten, Frankrike, Israel, Italien, Japan, Jemen, Kazakstan, Kina, Korea, Kroatien, Mongoliet, Nordmakedonien, Rum\u00e4nien, Serbien, Slovakien, Slovenien, Taiwan, Tjeckien, Ukraina, Ungern, Vietnam Vitryssland. En vistelse inom detta program kan p\u00e5g\u00e5 mellan 3 dagar och 12 m\u00e5nader inom samma l\u00e4s\u00e5r. Mer information om [&hellip;]\" \/>\n<meta property=\"og:url\" content=\"https:\/\/instytutpolski.pl\/stockholm\/lar-kanna-polen\/stipendier-i-polen\/utbytesstipendier\/\" \/>\n<meta property=\"og:site_name\" content=\"Instytut Polski w Sztokholmie\" \/>\n<meta property=\"article:modified_time\" content=\"2020-06-05T16:21:20+00:00\" \/>\n<meta property=\"og:image\" content=\"https:\/\/instytutpolski.pl\/stockholm\/wp-content\/uploads\/sites\/17\/2020\/06\/priscilla-du-preez-nF8xhLMmg0c-unsplash-scaled.jpg\" \/>\n\t<meta property=\"og:image:width\" content=\"2560\" \/>\n\t<meta property=\"og:image:height\" content=\"1707\" \/>\n\t<meta property=\"og:image:type\" content=\"image\/jpeg\" \/>\n<meta name=\"twitter:card\" content=\"summary_large_image\" \/>\n<meta name=\"twitter:label1\" content=\"Szacowany czas czytania\" \/>\n\t<meta name=\"twitter:data1\" content=\"1 minuta\" \/>\n<script type=\"application\/ld+json\" class=\"yoast-schema-graph\">{\"@context\":\"https:\/\/schema.org\",\"@graph\":[{\"@type\":\"WebPage\",\"@id\":\"https:\/\/instytutpolski.pl\/stockholm\/lar-kanna-polen\/stipendier-i-polen\/utbytesstipendier\/\",\"url\":\"https:\/\/instytutpolski.pl\/stockholm\/lar-kanna-polen\/stipendier-i-polen\/utbytesstipendier\/\",\"name\":\"Utbytesstipendier - Instytut Polski w Sztokholmie\",\"isPartOf\":{\"@id\":\"https:\/\/instytutpolski.pl\/stockholm\/#website\"},\"primaryImageOfPage\":{\"@id\":\"https:\/\/instytutpolski.pl\/stockholm\/lar-kanna-polen\/stipendier-i-polen\/utbytesstipendier\/#primaryimage\"},\"image\":{\"@id\":\"https:\/\/instytutpolski.pl\/stockholm\/lar-kanna-polen\/stipendier-i-polen\/utbytesstipendier\/#primaryimage\"},\"thumbnailUrl\":\"https:\/\/instytutpolski.pl\/stockholm\/wp-content\/uploads\/sites\/17\/2020\/06\/priscilla-du-preez-nF8xhLMmg0c-unsplash-scaled.jpg\",\"datePublished\":\"2019-06-25T10:47:53+00:00\",\"dateModified\":\"2020-06-05T16:21:20+00:00\",\"breadcrumb\":{\"@id\":\"https:\/\/instytutpolski.pl\/stockholm\/lar-kanna-polen\/stipendier-i-polen\/utbytesstipendier\/#breadcrumb\"},\"inLanguage\":\"pl-PL\",\"potentialAction\":[{\"@type\":\"ReadAction\",\"target\":[\"https:\/\/instytutpolski.pl\/stockholm\/lar-kanna-polen\/stipendier-i-polen\/utbytesstipendier\/\"]}]},{\"@type\":\"ImageObject\",\"inLanguage\":\"pl-PL\",\"@id\":\"https:\/\/instytutpolski.pl\/stockholm\/lar-kanna-polen\/stipendier-i-polen\/utbytesstipendier\/#primaryimage\",\"url\":\"https:\/\/instytutpolski.pl\/stockholm\/wp-content\/uploads\/sites\/17\/2020\/06\/priscilla-du-preez-nF8xhLMmg0c-unsplash-scaled.jpg\",\"contentUrl\":\"https:\/\/instytutpolski.pl\/stockholm\/wp-content\/uploads\/sites\/17\/2020\/06\/priscilla-du-preez-nF8xhLMmg0c-unsplash-scaled.jpg\",\"width\":2560,\"height\":1707},{\"@type\":\"BreadcrumbList\",\"@id\":\"https:\/\/instytutpolski.pl\/stockholm\/lar-kanna-polen\/stipendier-i-polen\/utbytesstipendier\/#breadcrumb\",\"itemListElement\":[{\"@type\":\"ListItem\",\"position\":1,\"name\":\"Home\",\"item\":\"https:\/\/instytutpolski.pl\/stockholm\/\"},{\"@type\":\"ListItem\",\"position\":2,\"name\":\"L\u00e4r k\u00e4nna Polen\",\"item\":\"https:\/\/instytutpolski.pl\/stockholm\/lar-kanna-polen\/\"},{\"@type\":\"ListItem\",\"position\":3,\"name\":\"Stipendier i Polen\",\"item\":\"https:\/\/instytutpolski.pl\/stockholm\/lar-kanna-polen\/stipendier-i-polen\/\"},{\"@type\":\"ListItem\",\"position\":4,\"name\":\"Utbytesstipendier\"}]},{\"@type\":\"WebSite\",\"@id\":\"https:\/\/instytutpolski.pl\/stockholm\/#website\",\"url\":\"https:\/\/instytutpolski.pl\/stockholm\/\",\"name\":\"Instytut Polski w Sztokholmie\",\"description\":\"Instytuty Polskie\",\"potentialAction\":[{\"@type\":\"SearchAction\",\"target\":{\"@type\":\"EntryPoint\",\"urlTemplate\":\"https:\/\/instytutpolski.pl\/stockholm\/?s={search_term_string}\"},\"query-input\":{\"@type\":\"PropertyValueSpecification\",\"valueRequired\":true,\"valueName\":\"search_term_string\"}}],\"inLanguage\":\"pl-PL\"}]}<\/script>\n<!-- \/ Yoast SEO plugin. -->","yoast_head_json":{"title":"Utbytesstipendier - Instytut Polski w Sztokholmie","robots":{"index":"index","follow":"follow","max-snippet":"max-snippet:-1","max-image-preview":"max-image-preview:large","max-video-preview":"max-video-preview:-1"},"canonical":"https:\/\/instytutpolski.pl\/stockholm\/lar-kanna-polen\/stipendier-i-polen\/utbytesstipendier\/","og_locale":"pl_PL","og_type":"article","og_title":"Utbytesstipendier - Instytut Polski w Sztokholmie","og_description":"Stipendier inom ramen f\u00f6r bilaterala avtal Samarbete finns bl a med: Armenien, Belgien\/Vallonien, Bulgarien, Egypten, Frankrike, Israel, Italien, Japan, Jemen, Kazakstan, Kina, Korea, Kroatien, Mongoliet, Nordmakedonien, Rum\u00e4nien, Serbien, Slovakien, Slovenien, Taiwan, Tjeckien, Ukraina, Ungern, Vietnam Vitryssland. En vistelse inom detta program kan p\u00e5g\u00e5 mellan 3 dagar och 12 m\u00e5nader inom samma l\u00e4s\u00e5r. Mer information om [&hellip;]","og_url":"https:\/\/instytutpolski.pl\/stockholm\/lar-kanna-polen\/stipendier-i-polen\/utbytesstipendier\/","og_site_name":"Instytut Polski w Sztokholmie","article_modified_time":"2020-06-05T16:21:20+00:00","og_image":[{"width":2560,"height":1707,"url":"https:\/\/instytutpolski.pl\/stockholm\/wp-content\/uploads\/sites\/17\/2020\/06\/priscilla-du-preez-nF8xhLMmg0c-unsplash-scaled.jpg","type":"image\/jpeg"}],"twitter_card":"summary_large_image","twitter_misc":{"Szacowany czas czytania":"1 minuta"},"schema":{"@context":"https:\/\/schema.org","@graph":[{"@type":"WebPage","@id":"https:\/\/instytutpolski.pl\/stockholm\/lar-kanna-polen\/stipendier-i-polen\/utbytesstipendier\/","url":"https:\/\/instytutpolski.pl\/stockholm\/lar-kanna-polen\/stipendier-i-polen\/utbytesstipendier\/","name":"Utbytesstipendier - Instytut Polski w Sztokholmie","isPartOf":{"@id":"https:\/\/instytutpolski.pl\/stockholm\/#website"},"primaryImageOfPage":{"@id":"https:\/\/instytutpolski.pl\/stockholm\/lar-kanna-polen\/stipendier-i-polen\/utbytesstipendier\/#primaryimage"},"image":{"@id":"https:\/\/instytutpolski.pl\/stockholm\/lar-kanna-polen\/stipendier-i-polen\/utbytesstipendier\/#primaryimage"},"thumbnailUrl":"https:\/\/instytutpolski.pl\/stockholm\/wp-content\/uploads\/sites\/17\/2020\/06\/priscilla-du-preez-nF8xhLMmg0c-unsplash-scaled.jpg","datePublished":"2019-06-25T10:47:53+00:00","dateModified":"2020-06-05T16:21:20+00:00","breadcrumb":{"@id":"https:\/\/instytutpolski.pl\/stockholm\/lar-kanna-polen\/stipendier-i-polen\/utbytesstipendier\/#breadcrumb"},"inLanguage":"pl-PL","potentialAction":[{"@type":"ReadAction","target":["https:\/\/instytutpolski.pl\/stockholm\/lar-kanna-polen\/stipendier-i-polen\/utbytesstipendier\/"]}]},{"@type":"ImageObject","inLanguage":"pl-PL","@id":"https:\/\/instytutpolski.pl\/stockholm\/lar-kanna-polen\/stipendier-i-polen\/utbytesstipendier\/#primaryimage","url":"https:\/\/instytutpolski.pl\/stockholm\/wp-content\/uploads\/sites\/17\/2020\/06\/priscilla-du-preez-nF8xhLMmg0c-unsplash-scaled.jpg","contentUrl":"https:\/\/instytutpolski.pl\/stockholm\/wp-content\/uploads\/sites\/17\/2020\/06\/priscilla-du-preez-nF8xhLMmg0c-unsplash-scaled.jpg","width":2560,"height":1707},{"@type":"BreadcrumbList","@id":"https:\/\/instytutpolski.pl\/stockholm\/lar-kanna-polen\/stipendier-i-polen\/utbytesstipendier\/#breadcrumb","itemListElement":[{"@type":"ListItem","position":1,"name":"Home","item":"https:\/\/instytutpolski.pl\/stockholm\/"},{"@type":"ListItem","position":2,"name":"L\u00e4r k\u00e4nna Polen","item":"https:\/\/instytutpolski.pl\/stockholm\/lar-kanna-polen\/"},{"@type":"ListItem","position":3,"name":"Stipendier i Polen","item":"https:\/\/instytutpolski.pl\/stockholm\/lar-kanna-polen\/stipendier-i-polen\/"},{"@type":"ListItem","position":4,"name":"Utbytesstipendier"}]},{"@type":"WebSite","@id":"https:\/\/instytutpolski.pl\/stockholm\/#website","url":"https:\/\/instytutpolski.pl\/stockholm\/","name":"Instytut Polski w Sztokholmie","description":"Instytuty Polskie","potentialAction":[{"@type":"SearchAction","target":{"@type":"EntryPoint","urlTemplate":"https:\/\/instytutpolski.pl\/stockholm\/?s={search_term_string}"},"query-input":{"@type":"PropertyValueSpecification","valueRequired":true,"valueName":"search_term_string"}}],"inLanguage":"pl-PL"}]}},"_links":{"self":[{"href":"https:\/\/instytutpolski.pl\/stockholm\/wp-json\/wp\/v2\/pages\/514","targetHints":{"allow":["GET"]}}],"collection":[{"href":"https:\/\/instytutpolski.pl\/stockholm\/wp-json\/wp\/v2\/pages"}],"about":[{"href":"https:\/\/instytutpolski.pl\/stockholm\/wp-json\/wp\/v2\/types\/page"}],"author":[{"embeddable":true,"href":"https:\/\/instytutpolski.pl\/stockholm\/wp-json\/wp\/v2\/users\/1"}],"replies":[{"embeddable":true,"href":"https:\/\/instytutpolski.pl\/stockholm\/wp-json\/wp\/v2\/comments?post=514"}],"version-history":[{"count":3,"href":"https:\/\/instytutpolski.pl\/stockholm\/wp-json\/wp\/v2\/pages\/514\/revisions"}],"predecessor-version":[{"id":2655,"href":"https:\/\/instytutpolski.pl\/stockholm\/wp-json\/wp\/v2\/pages\/514\/revisions\/2655"}],"up":[{"embeddable":true,"href":"https:\/\/instytutpolski.pl\/stockholm\/wp-json\/wp\/v2\/pages\/503"}],"wp:featuredmedia":[{"embeddable":true,"href":"https:\/\/instytutpolski.pl\/stockholm\/wp-json\/wp\/v2\/media\/2652"}],"wp:attachment":[{"href":"https:\/\/instytutpolski.pl\/stockholm\/wp-json\/wp\/v2\/media?parent=514"}],"curies":[{"name":"wp","href":"https:\/\/api.w.org\/{rel}","templated":true}]}}