{"id":518,"date":"2019-06-25T12:48:21","date_gmt":"2019-06-25T10:48:21","guid":{"rendered":"https:\/\/instytutpolski.pl\/sztokholm\/?page_id=518"},"modified":"2020-06-05T10:13:21","modified_gmt":"2020-06-05T08:13:21","slug":"polens-utbildning","status":"publish","type":"page","link":"https:\/\/instytutpolski.pl\/stockholm\/lar-kanna-polen\/polens-utbildning\/","title":{"rendered":"Polens utbildning"},"content":{"rendered":"\n<p>I Polen b\u00f6rjar skolan med klass 0, dvs sex\u00e5rsklassen (som antingen \u00e4r placerad i en f\u00f6rskola eller grundskola) och slutar i och med examen fr\u00e5n klass 8 i grundskolan. Barnet kan b\u00f6rja i grundskolan vid 6 eller 7 \u00e5rs \u00e5lder.<\/p>\n\n\n\n<p>H\u00e4r \u00e4r skolsystemets etapper i Polen:<\/p>\n\n\n\n<ul>\n<li><strong>Grundskola<\/strong><\/li>\n<\/ul>\n\n\n\n<p>Grundskolan b\u00f6rjar vid antingen 6 eller 7 \u00e5rs \u00e5lder och p\u00e5g\u00e5r till 14 \u00e5rs \u00e5lder. Fram till skol\u00e5ret 2016\/17 var det sex \u00e5rskurser i grundskolan (som f\u00f6ljdes av l\u00e4roverk, se vidare nedan). Fr\u00e5n 1 september 2017 inneh\u00e5ller grundskolan \u00e5tta \u00e5rskurser. B\u00e5de den gamla och nya varianten av grundskola \u00e4r indelad i tv\u00e5 stadier. I det f\u00f6rsta stadiet \u00e4r klassen samlad och eleverna har en eller tv\u00e5 l\u00e4rare som undervisar i alla \u00e4mnen, vilket \u00e4r viktigt f\u00f6r barnets utveckling. Betygen ges som omd\u00f6men. Under det andra stadiet, klass 4-8, finns olika l\u00e4rare i olika \u00e4mnen och betygen ges i form av siffrorna 1-6.<\/p>\n\n\n\n<ul>\n<li><strong>Sekund\u00e4rskola<\/strong><\/li>\n<\/ul>\n\n\n\n<p>Teoretiskt gymnasium (polska: liceum) \u00e4r en av de inriktningar man kan v\u00e4lja efter grundskolan. Studietiden \u00e4r fyra \u00e5r. Det finns ocks\u00e5 fem\u00e5rigt yrkesinriktat gymnasium (polska: technikum) och tre\u00e5riga yrkesskolor (polska: szko\u0142a bran\u017cowa eller szko\u0142a zawodowa). Teoretiskt gymnasium ger ingen yrkesutbildning, vilket inte betyder att det \u00e4r om\u00f6jligt att s\u00f6ka arbete efter examen. Ungdomar med avslutat gymnasium f\u00e5r ofta arbete som olika typer av tj\u00e4nstem\u00e4n. Huvudm\u00e5let \u00e4r dock att f\u00f6rbereda ungdomarna f\u00f6r h\u00f6gre studier. Undervisningen \u00e4r mycket intensiv med h\u00f6g niv\u00e5, s\u00e4rskilt i de specialiserade teoretiska gymnasierna d\u00e4r eleverna f\u00f6rutom bas\u00e4mnena har fler lektioner i matematiska vetenskaper (t ex matematik, fysik, informationsteknik), naturl\u00e4ra (t ex kemi och biologi) eller humanistiska \u00e4mnen (polska, fr\u00e4mmande spr\u00e5k, samh\u00e4llskunskap, kulturvetenskapliga \u00e4mnen). Teoretiskt gymnasium f\u00f6rbereder eleverna f\u00f6r studentexamen (polska: matura). M\u00e5nga privata gymnasier ger ocks\u00e5 m\u00f6jlighet att ta en internationell studentexamen.<\/p>\n\n\n\n<ul>\n<li><strong>L\u00e4roverk (avskaffat 2019)<\/strong><\/li>\n<\/ul>\n\n\n\n<p>L\u00e4roverk (polska: gimnazjum) var en tre\u00e5rig skola f\u00f6r 12-14-\u00e5ringar, allts\u00e5 ungef\u00e4r motsvarande det svenska h\u00f6gstadiet. L\u00e4roverken b\u00f6rjade avvecklas 2017 och var helt f\u00f6rsvunna 2019. Det polska skolsystemet \u00e4r allts\u00e5 numera tv\u00e5delat i grundskola och sekund\u00e4rskola.<\/p>\n\n\n\n<p><\/p>\n","protected":false},"excerpt":{"rendered":"<p>I Polen b\u00f6rjar skolan med klass 0, dvs sex\u00e5rsklassen (som antingen \u00e4r placerad i en f\u00f6rskola eller grundskola) och slutar i och med examen fr\u00e5n klass 8 i grundskolan. Barnet kan b\u00f6rja i grundskolan vid 6 eller 7 \u00e5rs \u00e5lder. H\u00e4r \u00e4r skolsystemets etapper i Polen: Grundskola Grundskolan b\u00f6rjar vid antingen 6 eller 7 \u00e5rs [&hellip;]<\/p>\n","protected":false},"author":1,"featured_media":519,"parent":493,"menu_order":0,"comment_status":"closed","ping_status":"closed","template":"","meta":{"inline_featured_image":false,"_monsterinsights_skip_tracking":false,"_monsterinsights_sitenote_active":false,"_monsterinsights_sitenote_note":"","_monsterinsights_sitenote_category":0,"footnotes":""},"class_list":["post-518","page","type-page","status-publish","has-post-thumbnail","hentry"],"yoast_head":"<!-- This site is optimized with the Yoast SEO plugin v24.6 - https:\/\/yoast.com\/wordpress\/plugins\/seo\/ -->\n<title>Polens utbildning - Instytut Polski w Sztokholmie<\/title>\n<meta name=\"robots\" content=\"index, follow, max-snippet:-1, max-image-preview:large, max-video-preview:-1\" \/>\n<link rel=\"canonical\" href=\"https:\/\/instytutpolski.pl\/stockholm\/lar-kanna-polen\/polens-utbildning\/\" \/>\n<meta property=\"og:locale\" content=\"pl_PL\" \/>\n<meta property=\"og:type\" content=\"article\" \/>\n<meta property=\"og:title\" content=\"Polens utbildning - Instytut Polski w Sztokholmie\" \/>\n<meta property=\"og:description\" content=\"I Polen b\u00f6rjar skolan med klass 0, dvs sex\u00e5rsklassen (som antingen \u00e4r placerad i en f\u00f6rskola eller grundskola) och slutar i och med examen fr\u00e5n klass 8 i grundskolan. Barnet kan b\u00f6rja i grundskolan vid 6 eller 7 \u00e5rs \u00e5lder. H\u00e4r \u00e4r skolsystemets etapper i Polen: Grundskola Grundskolan b\u00f6rjar vid antingen 6 eller 7 \u00e5rs [&hellip;]\" \/>\n<meta property=\"og:url\" content=\"https:\/\/instytutpolski.pl\/stockholm\/lar-kanna-polen\/polens-utbildning\/\" \/>\n<meta property=\"og:site_name\" content=\"Instytut Polski w Sztokholmie\" \/>\n<meta property=\"article:modified_time\" content=\"2020-06-05T08:13:21+00:00\" \/>\n<meta property=\"og:image\" content=\"https:\/\/instytutpolski.pl\/stockholm\/wp-content\/uploads\/sites\/17\/2019\/06\/edukacja-w-polsce.jpg\" \/>\n\t<meta property=\"og:image:width\" content=\"1920\" \/>\n\t<meta property=\"og:image:height\" content=\"700\" \/>\n\t<meta property=\"og:image:type\" content=\"image\/jpeg\" \/>\n<meta name=\"twitter:card\" content=\"summary_large_image\" \/>\n<meta name=\"twitter:label1\" content=\"Szacowany czas czytania\" \/>\n\t<meta name=\"twitter:data1\" content=\"2 minuty\" \/>\n<script type=\"application\/ld+json\" class=\"yoast-schema-graph\">{\"@context\":\"https:\/\/schema.org\",\"@graph\":[{\"@type\":\"WebPage\",\"@id\":\"https:\/\/instytutpolski.pl\/stockholm\/lar-kanna-polen\/polens-utbildning\/\",\"url\":\"https:\/\/instytutpolski.pl\/stockholm\/lar-kanna-polen\/polens-utbildning\/\",\"name\":\"Polens utbildning - Instytut Polski w Sztokholmie\",\"isPartOf\":{\"@id\":\"https:\/\/instytutpolski.pl\/stockholm\/#website\"},\"primaryImageOfPage\":{\"@id\":\"https:\/\/instytutpolski.pl\/stockholm\/lar-kanna-polen\/polens-utbildning\/#primaryimage\"},\"image\":{\"@id\":\"https:\/\/instytutpolski.pl\/stockholm\/lar-kanna-polen\/polens-utbildning\/#primaryimage\"},\"thumbnailUrl\":\"https:\/\/instytutpolski.pl\/stockholm\/wp-content\/uploads\/sites\/17\/2019\/06\/edukacja-w-polsce.jpg\",\"datePublished\":\"2019-06-25T10:48:21+00:00\",\"dateModified\":\"2020-06-05T08:13:21+00:00\",\"breadcrumb\":{\"@id\":\"https:\/\/instytutpolski.pl\/stockholm\/lar-kanna-polen\/polens-utbildning\/#breadcrumb\"},\"inLanguage\":\"pl-PL\",\"potentialAction\":[{\"@type\":\"ReadAction\",\"target\":[\"https:\/\/instytutpolski.pl\/stockholm\/lar-kanna-polen\/polens-utbildning\/\"]}]},{\"@type\":\"ImageObject\",\"inLanguage\":\"pl-PL\",\"@id\":\"https:\/\/instytutpolski.pl\/stockholm\/lar-kanna-polen\/polens-utbildning\/#primaryimage\",\"url\":\"https:\/\/instytutpolski.pl\/stockholm\/wp-content\/uploads\/sites\/17\/2019\/06\/edukacja-w-polsce.jpg\",\"contentUrl\":\"https:\/\/instytutpolski.pl\/stockholm\/wp-content\/uploads\/sites\/17\/2019\/06\/edukacja-w-polsce.jpg\",\"width\":1920,\"height\":700},{\"@type\":\"BreadcrumbList\",\"@id\":\"https:\/\/instytutpolski.pl\/stockholm\/lar-kanna-polen\/polens-utbildning\/#breadcrumb\",\"itemListElement\":[{\"@type\":\"ListItem\",\"position\":1,\"name\":\"Home\",\"item\":\"https:\/\/instytutpolski.pl\/stockholm\/\"},{\"@type\":\"ListItem\",\"position\":2,\"name\":\"L\u00e4r k\u00e4nna Polen\",\"item\":\"https:\/\/instytutpolski.pl\/stockholm\/lar-kanna-polen\/\"},{\"@type\":\"ListItem\",\"position\":3,\"name\":\"Polens utbildning\"}]},{\"@type\":\"WebSite\",\"@id\":\"https:\/\/instytutpolski.pl\/stockholm\/#website\",\"url\":\"https:\/\/instytutpolski.pl\/stockholm\/\",\"name\":\"Instytut Polski w Sztokholmie\",\"description\":\"Instytuty Polskie\",\"potentialAction\":[{\"@type\":\"SearchAction\",\"target\":{\"@type\":\"EntryPoint\",\"urlTemplate\":\"https:\/\/instytutpolski.pl\/stockholm\/?s={search_term_string}\"},\"query-input\":{\"@type\":\"PropertyValueSpecification\",\"valueRequired\":true,\"valueName\":\"search_term_string\"}}],\"inLanguage\":\"pl-PL\"}]}<\/script>\n<!-- \/ Yoast SEO plugin. -->","yoast_head_json":{"title":"Polens utbildning - Instytut Polski w Sztokholmie","robots":{"index":"index","follow":"follow","max-snippet":"max-snippet:-1","max-image-preview":"max-image-preview:large","max-video-preview":"max-video-preview:-1"},"canonical":"https:\/\/instytutpolski.pl\/stockholm\/lar-kanna-polen\/polens-utbildning\/","og_locale":"pl_PL","og_type":"article","og_title":"Polens utbildning - Instytut Polski w Sztokholmie","og_description":"I Polen b\u00f6rjar skolan med klass 0, dvs sex\u00e5rsklassen (som antingen \u00e4r placerad i en f\u00f6rskola eller grundskola) och slutar i och med examen fr\u00e5n klass 8 i grundskolan. Barnet kan b\u00f6rja i grundskolan vid 6 eller 7 \u00e5rs \u00e5lder. H\u00e4r \u00e4r skolsystemets etapper i Polen: Grundskola Grundskolan b\u00f6rjar vid antingen 6 eller 7 \u00e5rs [&hellip;]","og_url":"https:\/\/instytutpolski.pl\/stockholm\/lar-kanna-polen\/polens-utbildning\/","og_site_name":"Instytut Polski w Sztokholmie","article_modified_time":"2020-06-05T08:13:21+00:00","og_image":[{"width":1920,"height":700,"url":"https:\/\/instytutpolski.pl\/stockholm\/wp-content\/uploads\/sites\/17\/2019\/06\/edukacja-w-polsce.jpg","type":"image\/jpeg"}],"twitter_card":"summary_large_image","twitter_misc":{"Szacowany czas czytania":"2 minuty"},"schema":{"@context":"https:\/\/schema.org","@graph":[{"@type":"WebPage","@id":"https:\/\/instytutpolski.pl\/stockholm\/lar-kanna-polen\/polens-utbildning\/","url":"https:\/\/instytutpolski.pl\/stockholm\/lar-kanna-polen\/polens-utbildning\/","name":"Polens utbildning - Instytut Polski w Sztokholmie","isPartOf":{"@id":"https:\/\/instytutpolski.pl\/stockholm\/#website"},"primaryImageOfPage":{"@id":"https:\/\/instytutpolski.pl\/stockholm\/lar-kanna-polen\/polens-utbildning\/#primaryimage"},"image":{"@id":"https:\/\/instytutpolski.pl\/stockholm\/lar-kanna-polen\/polens-utbildning\/#primaryimage"},"thumbnailUrl":"https:\/\/instytutpolski.pl\/stockholm\/wp-content\/uploads\/sites\/17\/2019\/06\/edukacja-w-polsce.jpg","datePublished":"2019-06-25T10:48:21+00:00","dateModified":"2020-06-05T08:13:21+00:00","breadcrumb":{"@id":"https:\/\/instytutpolski.pl\/stockholm\/lar-kanna-polen\/polens-utbildning\/#breadcrumb"},"inLanguage":"pl-PL","potentialAction":[{"@type":"ReadAction","target":["https:\/\/instytutpolski.pl\/stockholm\/lar-kanna-polen\/polens-utbildning\/"]}]},{"@type":"ImageObject","inLanguage":"pl-PL","@id":"https:\/\/instytutpolski.pl\/stockholm\/lar-kanna-polen\/polens-utbildning\/#primaryimage","url":"https:\/\/instytutpolski.pl\/stockholm\/wp-content\/uploads\/sites\/17\/2019\/06\/edukacja-w-polsce.jpg","contentUrl":"https:\/\/instytutpolski.pl\/stockholm\/wp-content\/uploads\/sites\/17\/2019\/06\/edukacja-w-polsce.jpg","width":1920,"height":700},{"@type":"BreadcrumbList","@id":"https:\/\/instytutpolski.pl\/stockholm\/lar-kanna-polen\/polens-utbildning\/#breadcrumb","itemListElement":[{"@type":"ListItem","position":1,"name":"Home","item":"https:\/\/instytutpolski.pl\/stockholm\/"},{"@type":"ListItem","position":2,"name":"L\u00e4r k\u00e4nna Polen","item":"https:\/\/instytutpolski.pl\/stockholm\/lar-kanna-polen\/"},{"@type":"ListItem","position":3,"name":"Polens utbildning"}]},{"@type":"WebSite","@id":"https:\/\/instytutpolski.pl\/stockholm\/#website","url":"https:\/\/instytutpolski.pl\/stockholm\/","name":"Instytut Polski w Sztokholmie","description":"Instytuty Polskie","potentialAction":[{"@type":"SearchAction","target":{"@type":"EntryPoint","urlTemplate":"https:\/\/instytutpolski.pl\/stockholm\/?s={search_term_string}"},"query-input":{"@type":"PropertyValueSpecification","valueRequired":true,"valueName":"search_term_string"}}],"inLanguage":"pl-PL"}]}},"_links":{"self":[{"href":"https:\/\/instytutpolski.pl\/stockholm\/wp-json\/wp\/v2\/pages\/518","targetHints":{"allow":["GET"]}}],"collection":[{"href":"https:\/\/instytutpolski.pl\/stockholm\/wp-json\/wp\/v2\/pages"}],"about":[{"href":"https:\/\/instytutpolski.pl\/stockholm\/wp-json\/wp\/v2\/types\/page"}],"author":[{"embeddable":true,"href":"https:\/\/instytutpolski.pl\/stockholm\/wp-json\/wp\/v2\/users\/1"}],"replies":[{"embeddable":true,"href":"https:\/\/instytutpolski.pl\/stockholm\/wp-json\/wp\/v2\/comments?post=518"}],"version-history":[{"count":8,"href":"https:\/\/instytutpolski.pl\/stockholm\/wp-json\/wp\/v2\/pages\/518\/revisions"}],"predecessor-version":[{"id":2554,"href":"https:\/\/instytutpolski.pl\/stockholm\/wp-json\/wp\/v2\/pages\/518\/revisions\/2554"}],"up":[{"embeddable":true,"href":"https:\/\/instytutpolski.pl\/stockholm\/wp-json\/wp\/v2\/pages\/493"}],"wp:featuredmedia":[{"embeddable":true,"href":"https:\/\/instytutpolski.pl\/stockholm\/wp-json\/wp\/v2\/media\/519"}],"wp:attachment":[{"href":"https:\/\/instytutpolski.pl\/stockholm\/wp-json\/wp\/v2\/media?parent=518"}],"curies":[{"name":"wp","href":"https:\/\/api.w.org\/{rel}","templated":true}]}}