{"id":522,"date":"2019-06-25T12:48:21","date_gmt":"2019-06-25T10:48:21","guid":{"rendered":"https:\/\/instytutpolski.pl\/sztokholm\/?page_id=522"},"modified":"2020-06-05T10:14:27","modified_gmt":"2020-06-05T08:14:27","slug":"edukacja-w-polsce","status":"publish","type":"page","link":"https:\/\/instytutpolski.pl\/stockholm\/pl\/poznaj-polske\/edukacja-w-polsce\/","title":{"rendered":"Edukacja w Polsce"},"content":{"rendered":"\n<p>W Polsce obowi\u0105zek nauki rozpoczyna si\u0119 w tzw. zer\u00f3wce \u2013 klasie 0 (kt\u00f3r\u0105 dziecko mo\u017ce odby\u0107 w&nbsp;przedszkolu&nbsp;lub w&nbsp;szkole podstawowej), a ko\u0144czy si\u0119 wraz z uko\u0144czeniem 8-letniej szko\u0142y podstawowej. Dziecko mo\u017ce rozpocz\u0105\u0107 nauk\u0119 w szkole podstawowej w wieku 6 lub 7 lat. <\/p>\n\n\n\n<p>Oto etapy edukacji w Polsce:<\/p>\n\n\n\n<ul>\n<li><strong>Szko\u0142a podstawowa<\/strong><\/li>\n<\/ul>\n\n\n\n<p>Szko\u0142a podstawowa, zwana te\u017c \u201epodstaw\u00f3wk\u0105\u201d, rozpoczyna si\u0119 dla dzieci w wieku 6\/7 lat i trwa do 14. roku \u017cycia. Do ko\u0144ca roku szkolnego 2016\/2017 szko\u0142a podstawowa obejmowa\u0142a sze\u015b\u0107 klas. Od 1 wrze\u015bnia 2017 r. szko\u0142a podstawowa jest o\u015bmioklasowa. Nauka w szkole podstawowej (r\u00f3wnie\u017c tej zreformowanej), inaczej ni\u017c w Ameryce P\u00f3\u0142nocnej, jest podzielona na dwa etapy. W pierwszym etapie obowi\u0105zuje zintegrowany program nauczania, kt\u00f3ry jest realizowany przez jednego b\u0105d\u017a dw\u00f3ch pracuj\u0105cych jednocze\u015bnie nauczycieli, co ma istotne znaczenie dla rozwoju dziecka. Na tym etapie stosuje si\u0119 oceny opisowe. Drugi etap obejmuje klasy IV-VIII i tu ju\u017c przedmioty wyk\u0142adane s\u0105 przez r\u00f3\u017cnych nauczycieli, a oceny na \u015bwiadectwach s\u0105 wyra\u017cane w skali od 1 (niedostateczna) do 6 (celuj\u0105ca).<\/p>\n\n\n\n<ul>\n<li><strong>Szko\u0142a \u015brednia<\/strong><\/li>\n<\/ul>\n\n\n\n<p>Liceum og\u00f3lnokszta\u0142c\u0105ce to jedna ze szk\u00f3\u0142, kt\u00f3r\u0105 mo\u017cna wybra\u0107 po uko\u0144czeniu nauki w szkole podstawowej. Edukacja w liceum trwa cztery lata. Do szk\u00f3\u0142 \u015brednich nale\u017c\u0105 tak\u017ce technika (obecnie pi\u0119cioletnie) oraz trzyletnie szko\u0142y bran\u017cowe (dotychczas szko\u0142y zawodowe). Ta szko\u0142a nie daje uczniom konkretnych kwalifikacji zawodowych, co nie znaczy, \u017ce nie mo\u017cna po niej pracowa\u0107. Bardzo cz\u0119sto jej absolwenci zasilaj\u0105 szeregi pracownik\u00f3w biurowych. Liceum ma jednak na celu przygotowanie uczni\u00f3w do dalszej nauki na uczelniach wy\u017cszych. Program nauczania jest bardzo intensywny, a poziom wysoki, zw\u0142aszcza w liceach sprofilowanych przedmiotowo, gdzie obok podstawowej wiedzy uczniowie maj\u0105 zwi\u0119kszon\u0105 liczb\u0119 godzin przedmiot\u00f3w \u015bcis\u0142ych (np. matematyki, fizyki, informatyki), przyrodniczych (np. chemii, biologii) lub humanistycznych (np. j\u0119zyka polskiego i obcego, wiedzy o spo\u0142ecze\u0144stwie, kultury i sztuki). Licea przygotowuj\u0105 m\u0142odzie\u017c do zdania egzaminu dojrza\u0142o\u015bci (matury), a w przypadku sporej cz\u0119\u015bci szk\u00f3\u0142 niepublicznych r\u00f3wnie\u017c matury mi\u0119dzynarodowej.<\/p>\n\n\n\n<ul>\n<li><strong>Gimnazjum (zlikwidowane w 2019 roku)<\/strong><\/li>\n<\/ul>\n\n\n\n<p>Gimnazja by\u0142y trzyletni\u0105 szko\u0142\u0105, przeznaczon\u0105 dla uczni\u00f3w w wieku 12-14 lat. W 2019 r., w ramach&nbsp;reformy systemu o\u015bwiatowego w Polsce z roku 2017, znikn\u0119\u0142y ca\u0142kowicie z polskiego systemu szkolnego, kt\u00f3ry obecnie jest dwustopniowy: szko\u0142a podstawowa i szko\u0142a \u015brednia.&nbsp;Proces wygaszania gimnazj\u00f3w&nbsp;zachodzi\u0142 stopniowo.<\/p>\n","protected":false},"excerpt":{"rendered":"<p>W Polsce obowi\u0105zek nauki rozpoczyna si\u0119 w tzw. zer\u00f3wce \u2013 klasie 0 (kt\u00f3r\u0105 dziecko mo\u017ce odby\u0107 w&nbsp;przedszkolu&nbsp;lub w&nbsp;szkole podstawowej), a ko\u0144czy si\u0119 wraz z uko\u0144czeniem 8-letniej szko\u0142y podstawowej. Dziecko mo\u017ce rozpocz\u0105\u0107 nauk\u0119 w szkole podstawowej w wieku 6 lub 7 lat. Oto etapy edukacji w Polsce: Szko\u0142a podstawowa Szko\u0142a podstawowa, zwana te\u017c \u201epodstaw\u00f3wk\u0105\u201d, rozpoczyna si\u0119 [&hellip;]<\/p>\n","protected":false},"author":1,"featured_media":519,"parent":496,"menu_order":0,"comment_status":"closed","ping_status":"closed","template":"","meta":{"inline_featured_image":false,"_monsterinsights_skip_tracking":false,"_monsterinsights_sitenote_active":false,"_monsterinsights_sitenote_note":"","_monsterinsights_sitenote_category":0,"footnotes":""},"class_list":["post-522","page","type-page","status-publish","has-post-thumbnail","hentry"],"yoast_head":"<!-- This site is optimized with the Yoast SEO plugin v24.6 - https:\/\/yoast.com\/wordpress\/plugins\/seo\/ -->\n<title>Edukacja w Polsce - Instytut Polski w Sztokholmie<\/title>\n<meta name=\"robots\" content=\"index, follow, max-snippet:-1, max-image-preview:large, max-video-preview:-1\" \/>\n<link rel=\"canonical\" href=\"https:\/\/instytutpolski.pl\/stockholm\/pl\/poznaj-polske\/edukacja-w-polsce\/\" \/>\n<meta property=\"og:locale\" content=\"pl_PL\" \/>\n<meta property=\"og:type\" content=\"article\" \/>\n<meta property=\"og:title\" content=\"Edukacja w Polsce - Instytut Polski w Sztokholmie\" \/>\n<meta property=\"og:description\" content=\"W Polsce obowi\u0105zek nauki rozpoczyna si\u0119 w tzw. zer\u00f3wce \u2013 klasie 0 (kt\u00f3r\u0105 dziecko mo\u017ce odby\u0107 w&nbsp;przedszkolu&nbsp;lub w&nbsp;szkole podstawowej), a ko\u0144czy si\u0119 wraz z uko\u0144czeniem 8-letniej szko\u0142y podstawowej. Dziecko mo\u017ce rozpocz\u0105\u0107 nauk\u0119 w szkole podstawowej w wieku 6 lub 7 lat. Oto etapy edukacji w Polsce: Szko\u0142a podstawowa Szko\u0142a podstawowa, zwana te\u017c \u201epodstaw\u00f3wk\u0105\u201d, rozpoczyna si\u0119 [&hellip;]\" \/>\n<meta property=\"og:url\" content=\"https:\/\/instytutpolski.pl\/stockholm\/pl\/poznaj-polske\/edukacja-w-polsce\/\" \/>\n<meta property=\"og:site_name\" content=\"Instytut Polski w Sztokholmie\" \/>\n<meta property=\"article:modified_time\" content=\"2020-06-05T08:14:27+00:00\" \/>\n<meta property=\"og:image\" content=\"https:\/\/instytutpolski.pl\/stockholm\/wp-content\/uploads\/sites\/17\/2019\/06\/edukacja-w-polsce.jpg\" \/>\n\t<meta property=\"og:image:width\" content=\"1920\" \/>\n\t<meta property=\"og:image:height\" content=\"700\" \/>\n\t<meta property=\"og:image:type\" content=\"image\/jpeg\" \/>\n<meta name=\"twitter:card\" content=\"summary_large_image\" \/>\n<meta name=\"twitter:label1\" content=\"Szacowany czas czytania\" \/>\n\t<meta name=\"twitter:data1\" content=\"2 minuty\" \/>\n<script type=\"application\/ld+json\" class=\"yoast-schema-graph\">{\"@context\":\"https:\/\/schema.org\",\"@graph\":[{\"@type\":\"WebPage\",\"@id\":\"https:\/\/instytutpolski.pl\/stockholm\/pl\/poznaj-polske\/edukacja-w-polsce\/\",\"url\":\"https:\/\/instytutpolski.pl\/stockholm\/pl\/poznaj-polske\/edukacja-w-polsce\/\",\"name\":\"Edukacja w Polsce - Instytut Polski w Sztokholmie\",\"isPartOf\":{\"@id\":\"https:\/\/instytutpolski.pl\/stockholm\/#website\"},\"primaryImageOfPage\":{\"@id\":\"https:\/\/instytutpolski.pl\/stockholm\/pl\/poznaj-polske\/edukacja-w-polsce\/#primaryimage\"},\"image\":{\"@id\":\"https:\/\/instytutpolski.pl\/stockholm\/pl\/poznaj-polske\/edukacja-w-polsce\/#primaryimage\"},\"thumbnailUrl\":\"https:\/\/instytutpolski.pl\/stockholm\/wp-content\/uploads\/sites\/17\/2019\/06\/edukacja-w-polsce.jpg\",\"datePublished\":\"2019-06-25T10:48:21+00:00\",\"dateModified\":\"2020-06-05T08:14:27+00:00\",\"breadcrumb\":{\"@id\":\"https:\/\/instytutpolski.pl\/stockholm\/pl\/poznaj-polske\/edukacja-w-polsce\/#breadcrumb\"},\"inLanguage\":\"pl-PL\",\"potentialAction\":[{\"@type\":\"ReadAction\",\"target\":[\"https:\/\/instytutpolski.pl\/stockholm\/pl\/poznaj-polske\/edukacja-w-polsce\/\"]}]},{\"@type\":\"ImageObject\",\"inLanguage\":\"pl-PL\",\"@id\":\"https:\/\/instytutpolski.pl\/stockholm\/pl\/poznaj-polske\/edukacja-w-polsce\/#primaryimage\",\"url\":\"https:\/\/instytutpolski.pl\/stockholm\/wp-content\/uploads\/sites\/17\/2019\/06\/edukacja-w-polsce.jpg\",\"contentUrl\":\"https:\/\/instytutpolski.pl\/stockholm\/wp-content\/uploads\/sites\/17\/2019\/06\/edukacja-w-polsce.jpg\",\"width\":1920,\"height\":700},{\"@type\":\"BreadcrumbList\",\"@id\":\"https:\/\/instytutpolski.pl\/stockholm\/pl\/poznaj-polske\/edukacja-w-polsce\/#breadcrumb\",\"itemListElement\":[{\"@type\":\"ListItem\",\"position\":1,\"name\":\"Home\",\"item\":\"https:\/\/instytutpolski.pl\/stockholm\/\"},{\"@type\":\"ListItem\",\"position\":2,\"name\":\"Poznaj Polsk\u0119\",\"item\":\"https:\/\/instytutpolski.pl\/stockholm\/pl\/poznaj-polske\/\"},{\"@type\":\"ListItem\",\"position\":3,\"name\":\"Edukacja w Polsce\"}]},{\"@type\":\"WebSite\",\"@id\":\"https:\/\/instytutpolski.pl\/stockholm\/#website\",\"url\":\"https:\/\/instytutpolski.pl\/stockholm\/\",\"name\":\"Instytut Polski w Sztokholmie\",\"description\":\"Instytuty Polskie\",\"potentialAction\":[{\"@type\":\"SearchAction\",\"target\":{\"@type\":\"EntryPoint\",\"urlTemplate\":\"https:\/\/instytutpolski.pl\/stockholm\/?s={search_term_string}\"},\"query-input\":{\"@type\":\"PropertyValueSpecification\",\"valueRequired\":true,\"valueName\":\"search_term_string\"}}],\"inLanguage\":\"pl-PL\"}]}<\/script>\n<!-- \/ Yoast SEO plugin. -->","yoast_head_json":{"title":"Edukacja w Polsce - Instytut Polski w Sztokholmie","robots":{"index":"index","follow":"follow","max-snippet":"max-snippet:-1","max-image-preview":"max-image-preview:large","max-video-preview":"max-video-preview:-1"},"canonical":"https:\/\/instytutpolski.pl\/stockholm\/pl\/poznaj-polske\/edukacja-w-polsce\/","og_locale":"pl_PL","og_type":"article","og_title":"Edukacja w Polsce - Instytut Polski w Sztokholmie","og_description":"W Polsce obowi\u0105zek nauki rozpoczyna si\u0119 w tzw. zer\u00f3wce \u2013 klasie 0 (kt\u00f3r\u0105 dziecko mo\u017ce odby\u0107 w&nbsp;przedszkolu&nbsp;lub w&nbsp;szkole podstawowej), a ko\u0144czy si\u0119 wraz z uko\u0144czeniem 8-letniej szko\u0142y podstawowej. Dziecko mo\u017ce rozpocz\u0105\u0107 nauk\u0119 w szkole podstawowej w wieku 6 lub 7 lat. Oto etapy edukacji w Polsce: Szko\u0142a podstawowa Szko\u0142a podstawowa, zwana te\u017c \u201epodstaw\u00f3wk\u0105\u201d, rozpoczyna si\u0119 [&hellip;]","og_url":"https:\/\/instytutpolski.pl\/stockholm\/pl\/poznaj-polske\/edukacja-w-polsce\/","og_site_name":"Instytut Polski w Sztokholmie","article_modified_time":"2020-06-05T08:14:27+00:00","og_image":[{"width":1920,"height":700,"url":"https:\/\/instytutpolski.pl\/stockholm\/wp-content\/uploads\/sites\/17\/2019\/06\/edukacja-w-polsce.jpg","type":"image\/jpeg"}],"twitter_card":"summary_large_image","twitter_misc":{"Szacowany czas czytania":"2 minuty"},"schema":{"@context":"https:\/\/schema.org","@graph":[{"@type":"WebPage","@id":"https:\/\/instytutpolski.pl\/stockholm\/pl\/poznaj-polske\/edukacja-w-polsce\/","url":"https:\/\/instytutpolski.pl\/stockholm\/pl\/poznaj-polske\/edukacja-w-polsce\/","name":"Edukacja w Polsce - Instytut Polski w Sztokholmie","isPartOf":{"@id":"https:\/\/instytutpolski.pl\/stockholm\/#website"},"primaryImageOfPage":{"@id":"https:\/\/instytutpolski.pl\/stockholm\/pl\/poznaj-polske\/edukacja-w-polsce\/#primaryimage"},"image":{"@id":"https:\/\/instytutpolski.pl\/stockholm\/pl\/poznaj-polske\/edukacja-w-polsce\/#primaryimage"},"thumbnailUrl":"https:\/\/instytutpolski.pl\/stockholm\/wp-content\/uploads\/sites\/17\/2019\/06\/edukacja-w-polsce.jpg","datePublished":"2019-06-25T10:48:21+00:00","dateModified":"2020-06-05T08:14:27+00:00","breadcrumb":{"@id":"https:\/\/instytutpolski.pl\/stockholm\/pl\/poznaj-polske\/edukacja-w-polsce\/#breadcrumb"},"inLanguage":"pl-PL","potentialAction":[{"@type":"ReadAction","target":["https:\/\/instytutpolski.pl\/stockholm\/pl\/poznaj-polske\/edukacja-w-polsce\/"]}]},{"@type":"ImageObject","inLanguage":"pl-PL","@id":"https:\/\/instytutpolski.pl\/stockholm\/pl\/poznaj-polske\/edukacja-w-polsce\/#primaryimage","url":"https:\/\/instytutpolski.pl\/stockholm\/wp-content\/uploads\/sites\/17\/2019\/06\/edukacja-w-polsce.jpg","contentUrl":"https:\/\/instytutpolski.pl\/stockholm\/wp-content\/uploads\/sites\/17\/2019\/06\/edukacja-w-polsce.jpg","width":1920,"height":700},{"@type":"BreadcrumbList","@id":"https:\/\/instytutpolski.pl\/stockholm\/pl\/poznaj-polske\/edukacja-w-polsce\/#breadcrumb","itemListElement":[{"@type":"ListItem","position":1,"name":"Home","item":"https:\/\/instytutpolski.pl\/stockholm\/"},{"@type":"ListItem","position":2,"name":"Poznaj Polsk\u0119","item":"https:\/\/instytutpolski.pl\/stockholm\/pl\/poznaj-polske\/"},{"@type":"ListItem","position":3,"name":"Edukacja w Polsce"}]},{"@type":"WebSite","@id":"https:\/\/instytutpolski.pl\/stockholm\/#website","url":"https:\/\/instytutpolski.pl\/stockholm\/","name":"Instytut Polski w Sztokholmie","description":"Instytuty Polskie","potentialAction":[{"@type":"SearchAction","target":{"@type":"EntryPoint","urlTemplate":"https:\/\/instytutpolski.pl\/stockholm\/?s={search_term_string}"},"query-input":{"@type":"PropertyValueSpecification","valueRequired":true,"valueName":"search_term_string"}}],"inLanguage":"pl-PL"}]}},"_links":{"self":[{"href":"https:\/\/instytutpolski.pl\/stockholm\/wp-json\/wp\/v2\/pages\/522","targetHints":{"allow":["GET"]}}],"collection":[{"href":"https:\/\/instytutpolski.pl\/stockholm\/wp-json\/wp\/v2\/pages"}],"about":[{"href":"https:\/\/instytutpolski.pl\/stockholm\/wp-json\/wp\/v2\/types\/page"}],"author":[{"embeddable":true,"href":"https:\/\/instytutpolski.pl\/stockholm\/wp-json\/wp\/v2\/users\/1"}],"replies":[{"embeddable":true,"href":"https:\/\/instytutpolski.pl\/stockholm\/wp-json\/wp\/v2\/comments?post=522"}],"version-history":[{"count":4,"href":"https:\/\/instytutpolski.pl\/stockholm\/wp-json\/wp\/v2\/pages\/522\/revisions"}],"predecessor-version":[{"id":2555,"href":"https:\/\/instytutpolski.pl\/stockholm\/wp-json\/wp\/v2\/pages\/522\/revisions\/2555"}],"up":[{"embeddable":true,"href":"https:\/\/instytutpolski.pl\/stockholm\/wp-json\/wp\/v2\/pages\/496"}],"wp:featuredmedia":[{"embeddable":true,"href":"https:\/\/instytutpolski.pl\/stockholm\/wp-json\/wp\/v2\/media\/519"}],"wp:attachment":[{"href":"https:\/\/instytutpolski.pl\/stockholm\/wp-json\/wp\/v2\/media?parent=522"}],"curies":[{"name":"wp","href":"https:\/\/api.w.org\/{rel}","templated":true}]}}