{"id":543,"date":"2019-06-25T12:53:36","date_gmt":"2019-06-25T10:53:36","guid":{"rendered":"https:\/\/instytutpolski.pl\/sztokholm\/?page_id=543"},"modified":"2020-06-05T18:20:22","modified_gmt":"2020-06-05T16:20:22","slug":"erkannande-av-utlandska-utbildningar","status":"publish","type":"page","link":"https:\/\/instytutpolski.pl\/stockholm\/lar-kanna-polen\/erkannande-av-utlandska-utbildningar\/","title":{"rendered":"Erk\u00e4nnande av utl\u00e4ndska utbildningar"},"content":{"rendered":"\n<p>Utl\u00e4ndska examensbevis ger i Polen r\u00e4tt att forts\u00e4tta studierna enligt principer fastst\u00e4llda i internationella avtal, och om s\u00e5dant avtal saknas enligt till\u00e4mpliga polska best\u00e4mmelser.<\/p>\n\n\n\n<p>Se efter online vilka utl\u00e4ndska examina som erk\u00e4nns i Polen.<\/p>\n\n\n\n<p>KWALIFIKATOR \u00e4r en databas d\u00e4r du kan f\u00e5 allm\u00e4n information om olika typer av utl\u00e4ndska examensbevis. Du kan kontrollera niv\u00e5n och statusen f\u00f6r utbildningen i det land som utf\u00e4rdat beviset och f\u00e5 veta i vilken m\u00e5n ett visst utl\u00e4ndskt examenbevis eller akademisk titel erk\u00e4nns i Polen. D\u00e4r framg\u00e5r ocks\u00e5 vilken laglig grund som finns f\u00f6r olika r\u00e4ttigheter f\u00f6r innehavaren av ett examensbevis.<\/p>\n\n\n\n<p>Verktyget \u00e4r tillg\u00e4ngligt p\u00e5 polska och engelska.<\/p>\n\n\n\n<p>Mer information: <a href=\"https:\/\/nawa.gov.pl\/en\/recognition\/system-kwalifikator\" target=\"_blank\" rel=\"noreferrer noopener\">https:\/\/nawa.gov.pl\/en\/recognition\/system-kwalifikator<\/a><\/p>\n","protected":false},"excerpt":{"rendered":"<p>Utl\u00e4ndska examensbevis ger i Polen r\u00e4tt att forts\u00e4tta studierna enligt principer fastst\u00e4llda i internationella avtal, och om s\u00e5dant avtal saknas enligt till\u00e4mpliga polska best\u00e4mmelser. Se efter online vilka utl\u00e4ndska examina som erk\u00e4nns i Polen. KWALIFIKATOR \u00e4r en databas d\u00e4r du kan f\u00e5 allm\u00e4n information om olika typer av utl\u00e4ndska examensbevis. Du kan kontrollera niv\u00e5n och [&hellip;]<\/p>\n","protected":false},"author":1,"featured_media":2659,"parent":493,"menu_order":0,"comment_status":"closed","ping_status":"closed","template":"","meta":{"inline_featured_image":false,"_monsterinsights_skip_tracking":false,"_monsterinsights_sitenote_active":false,"_monsterinsights_sitenote_note":"","_monsterinsights_sitenote_category":0,"footnotes":""},"class_list":["post-543","page","type-page","status-publish","has-post-thumbnail","hentry"],"yoast_head":"<!-- This site is optimized with the Yoast SEO plugin v24.6 - https:\/\/yoast.com\/wordpress\/plugins\/seo\/ -->\n<title>Erk\u00e4nnande av utl\u00e4ndska utbildningar - Instytut Polski w Sztokholmie<\/title>\n<meta name=\"robots\" content=\"index, follow, max-snippet:-1, max-image-preview:large, max-video-preview:-1\" \/>\n<link rel=\"canonical\" href=\"https:\/\/instytutpolski.pl\/stockholm\/lar-kanna-polen\/erkannande-av-utlandska-utbildningar\/\" \/>\n<meta property=\"og:locale\" content=\"pl_PL\" \/>\n<meta property=\"og:type\" content=\"article\" \/>\n<meta property=\"og:title\" content=\"Erk\u00e4nnande av utl\u00e4ndska utbildningar - Instytut Polski w Sztokholmie\" \/>\n<meta property=\"og:description\" content=\"Utl\u00e4ndska examensbevis ger i Polen r\u00e4tt att forts\u00e4tta studierna enligt principer fastst\u00e4llda i internationella avtal, och om s\u00e5dant avtal saknas enligt till\u00e4mpliga polska best\u00e4mmelser. Se efter online vilka utl\u00e4ndska examina som erk\u00e4nns i Polen. KWALIFIKATOR \u00e4r en databas d\u00e4r du kan f\u00e5 allm\u00e4n information om olika typer av utl\u00e4ndska examensbevis. Du kan kontrollera niv\u00e5n och [&hellip;]\" \/>\n<meta property=\"og:url\" content=\"https:\/\/instytutpolski.pl\/stockholm\/lar-kanna-polen\/erkannande-av-utlandska-utbildningar\/\" \/>\n<meta property=\"og:site_name\" content=\"Instytut Polski w Sztokholmie\" \/>\n<meta property=\"article:modified_time\" content=\"2020-06-05T16:20:22+00:00\" \/>\n<meta property=\"og:image\" content=\"https:\/\/instytutpolski.pl\/stockholm\/wp-content\/uploads\/sites\/17\/2020\/06\/susan-yin-2JIvboGLeho-unsplash-scaled.jpg\" \/>\n\t<meta property=\"og:image:width\" content=\"2560\" \/>\n\t<meta property=\"og:image:height\" content=\"1708\" \/>\n\t<meta property=\"og:image:type\" content=\"image\/jpeg\" \/>\n<meta name=\"twitter:card\" content=\"summary_large_image\" \/>\n<meta name=\"twitter:label1\" content=\"Szacowany czas czytania\" \/>\n\t<meta name=\"twitter:data1\" content=\"1 minuta\" \/>\n<script type=\"application\/ld+json\" class=\"yoast-schema-graph\">{\"@context\":\"https:\/\/schema.org\",\"@graph\":[{\"@type\":\"WebPage\",\"@id\":\"https:\/\/instytutpolski.pl\/stockholm\/lar-kanna-polen\/erkannande-av-utlandska-utbildningar\/\",\"url\":\"https:\/\/instytutpolski.pl\/stockholm\/lar-kanna-polen\/erkannande-av-utlandska-utbildningar\/\",\"name\":\"Erk\u00e4nnande av utl\u00e4ndska utbildningar - Instytut Polski w Sztokholmie\",\"isPartOf\":{\"@id\":\"https:\/\/instytutpolski.pl\/stockholm\/#website\"},\"primaryImageOfPage\":{\"@id\":\"https:\/\/instytutpolski.pl\/stockholm\/lar-kanna-polen\/erkannande-av-utlandska-utbildningar\/#primaryimage\"},\"image\":{\"@id\":\"https:\/\/instytutpolski.pl\/stockholm\/lar-kanna-polen\/erkannande-av-utlandska-utbildningar\/#primaryimage\"},\"thumbnailUrl\":\"https:\/\/instytutpolski.pl\/stockholm\/wp-content\/uploads\/sites\/17\/2020\/06\/susan-yin-2JIvboGLeho-unsplash-scaled.jpg\",\"datePublished\":\"2019-06-25T10:53:36+00:00\",\"dateModified\":\"2020-06-05T16:20:22+00:00\",\"breadcrumb\":{\"@id\":\"https:\/\/instytutpolski.pl\/stockholm\/lar-kanna-polen\/erkannande-av-utlandska-utbildningar\/#breadcrumb\"},\"inLanguage\":\"pl-PL\",\"potentialAction\":[{\"@type\":\"ReadAction\",\"target\":[\"https:\/\/instytutpolski.pl\/stockholm\/lar-kanna-polen\/erkannande-av-utlandska-utbildningar\/\"]}]},{\"@type\":\"ImageObject\",\"inLanguage\":\"pl-PL\",\"@id\":\"https:\/\/instytutpolski.pl\/stockholm\/lar-kanna-polen\/erkannande-av-utlandska-utbildningar\/#primaryimage\",\"url\":\"https:\/\/instytutpolski.pl\/stockholm\/wp-content\/uploads\/sites\/17\/2020\/06\/susan-yin-2JIvboGLeho-unsplash-scaled.jpg\",\"contentUrl\":\"https:\/\/instytutpolski.pl\/stockholm\/wp-content\/uploads\/sites\/17\/2020\/06\/susan-yin-2JIvboGLeho-unsplash-scaled.jpg\",\"width\":2560,\"height\":1708},{\"@type\":\"BreadcrumbList\",\"@id\":\"https:\/\/instytutpolski.pl\/stockholm\/lar-kanna-polen\/erkannande-av-utlandska-utbildningar\/#breadcrumb\",\"itemListElement\":[{\"@type\":\"ListItem\",\"position\":1,\"name\":\"Home\",\"item\":\"https:\/\/instytutpolski.pl\/stockholm\/\"},{\"@type\":\"ListItem\",\"position\":2,\"name\":\"L\u00e4r k\u00e4nna Polen\",\"item\":\"https:\/\/instytutpolski.pl\/stockholm\/lar-kanna-polen\/\"},{\"@type\":\"ListItem\",\"position\":3,\"name\":\"Erk\u00e4nnande av utl\u00e4ndska utbildningar\"}]},{\"@type\":\"WebSite\",\"@id\":\"https:\/\/instytutpolski.pl\/stockholm\/#website\",\"url\":\"https:\/\/instytutpolski.pl\/stockholm\/\",\"name\":\"Instytut Polski w Sztokholmie\",\"description\":\"Instytuty Polskie\",\"potentialAction\":[{\"@type\":\"SearchAction\",\"target\":{\"@type\":\"EntryPoint\",\"urlTemplate\":\"https:\/\/instytutpolski.pl\/stockholm\/?s={search_term_string}\"},\"query-input\":{\"@type\":\"PropertyValueSpecification\",\"valueRequired\":true,\"valueName\":\"search_term_string\"}}],\"inLanguage\":\"pl-PL\"}]}<\/script>\n<!-- \/ Yoast SEO plugin. -->","yoast_head_json":{"title":"Erk\u00e4nnande av utl\u00e4ndska utbildningar - Instytut Polski w Sztokholmie","robots":{"index":"index","follow":"follow","max-snippet":"max-snippet:-1","max-image-preview":"max-image-preview:large","max-video-preview":"max-video-preview:-1"},"canonical":"https:\/\/instytutpolski.pl\/stockholm\/lar-kanna-polen\/erkannande-av-utlandska-utbildningar\/","og_locale":"pl_PL","og_type":"article","og_title":"Erk\u00e4nnande av utl\u00e4ndska utbildningar - Instytut Polski w Sztokholmie","og_description":"Utl\u00e4ndska examensbevis ger i Polen r\u00e4tt att forts\u00e4tta studierna enligt principer fastst\u00e4llda i internationella avtal, och om s\u00e5dant avtal saknas enligt till\u00e4mpliga polska best\u00e4mmelser. Se efter online vilka utl\u00e4ndska examina som erk\u00e4nns i Polen. KWALIFIKATOR \u00e4r en databas d\u00e4r du kan f\u00e5 allm\u00e4n information om olika typer av utl\u00e4ndska examensbevis. Du kan kontrollera niv\u00e5n och [&hellip;]","og_url":"https:\/\/instytutpolski.pl\/stockholm\/lar-kanna-polen\/erkannande-av-utlandska-utbildningar\/","og_site_name":"Instytut Polski w Sztokholmie","article_modified_time":"2020-06-05T16:20:22+00:00","og_image":[{"width":2560,"height":1708,"url":"https:\/\/instytutpolski.pl\/stockholm\/wp-content\/uploads\/sites\/17\/2020\/06\/susan-yin-2JIvboGLeho-unsplash-scaled.jpg","type":"image\/jpeg"}],"twitter_card":"summary_large_image","twitter_misc":{"Szacowany czas czytania":"1 minuta"},"schema":{"@context":"https:\/\/schema.org","@graph":[{"@type":"WebPage","@id":"https:\/\/instytutpolski.pl\/stockholm\/lar-kanna-polen\/erkannande-av-utlandska-utbildningar\/","url":"https:\/\/instytutpolski.pl\/stockholm\/lar-kanna-polen\/erkannande-av-utlandska-utbildningar\/","name":"Erk\u00e4nnande av utl\u00e4ndska utbildningar - Instytut Polski w Sztokholmie","isPartOf":{"@id":"https:\/\/instytutpolski.pl\/stockholm\/#website"},"primaryImageOfPage":{"@id":"https:\/\/instytutpolski.pl\/stockholm\/lar-kanna-polen\/erkannande-av-utlandska-utbildningar\/#primaryimage"},"image":{"@id":"https:\/\/instytutpolski.pl\/stockholm\/lar-kanna-polen\/erkannande-av-utlandska-utbildningar\/#primaryimage"},"thumbnailUrl":"https:\/\/instytutpolski.pl\/stockholm\/wp-content\/uploads\/sites\/17\/2020\/06\/susan-yin-2JIvboGLeho-unsplash-scaled.jpg","datePublished":"2019-06-25T10:53:36+00:00","dateModified":"2020-06-05T16:20:22+00:00","breadcrumb":{"@id":"https:\/\/instytutpolski.pl\/stockholm\/lar-kanna-polen\/erkannande-av-utlandska-utbildningar\/#breadcrumb"},"inLanguage":"pl-PL","potentialAction":[{"@type":"ReadAction","target":["https:\/\/instytutpolski.pl\/stockholm\/lar-kanna-polen\/erkannande-av-utlandska-utbildningar\/"]}]},{"@type":"ImageObject","inLanguage":"pl-PL","@id":"https:\/\/instytutpolski.pl\/stockholm\/lar-kanna-polen\/erkannande-av-utlandska-utbildningar\/#primaryimage","url":"https:\/\/instytutpolski.pl\/stockholm\/wp-content\/uploads\/sites\/17\/2020\/06\/susan-yin-2JIvboGLeho-unsplash-scaled.jpg","contentUrl":"https:\/\/instytutpolski.pl\/stockholm\/wp-content\/uploads\/sites\/17\/2020\/06\/susan-yin-2JIvboGLeho-unsplash-scaled.jpg","width":2560,"height":1708},{"@type":"BreadcrumbList","@id":"https:\/\/instytutpolski.pl\/stockholm\/lar-kanna-polen\/erkannande-av-utlandska-utbildningar\/#breadcrumb","itemListElement":[{"@type":"ListItem","position":1,"name":"Home","item":"https:\/\/instytutpolski.pl\/stockholm\/"},{"@type":"ListItem","position":2,"name":"L\u00e4r k\u00e4nna Polen","item":"https:\/\/instytutpolski.pl\/stockholm\/lar-kanna-polen\/"},{"@type":"ListItem","position":3,"name":"Erk\u00e4nnande av utl\u00e4ndska utbildningar"}]},{"@type":"WebSite","@id":"https:\/\/instytutpolski.pl\/stockholm\/#website","url":"https:\/\/instytutpolski.pl\/stockholm\/","name":"Instytut Polski w Sztokholmie","description":"Instytuty Polskie","potentialAction":[{"@type":"SearchAction","target":{"@type":"EntryPoint","urlTemplate":"https:\/\/instytutpolski.pl\/stockholm\/?s={search_term_string}"},"query-input":{"@type":"PropertyValueSpecification","valueRequired":true,"valueName":"search_term_string"}}],"inLanguage":"pl-PL"}]}},"_links":{"self":[{"href":"https:\/\/instytutpolski.pl\/stockholm\/wp-json\/wp\/v2\/pages\/543","targetHints":{"allow":["GET"]}}],"collection":[{"href":"https:\/\/instytutpolski.pl\/stockholm\/wp-json\/wp\/v2\/pages"}],"about":[{"href":"https:\/\/instytutpolski.pl\/stockholm\/wp-json\/wp\/v2\/types\/page"}],"author":[{"embeddable":true,"href":"https:\/\/instytutpolski.pl\/stockholm\/wp-json\/wp\/v2\/users\/1"}],"replies":[{"embeddable":true,"href":"https:\/\/instytutpolski.pl\/stockholm\/wp-json\/wp\/v2\/comments?post=543"}],"version-history":[{"count":4,"href":"https:\/\/instytutpolski.pl\/stockholm\/wp-json\/wp\/v2\/pages\/543\/revisions"}],"predecessor-version":[{"id":2657,"href":"https:\/\/instytutpolski.pl\/stockholm\/wp-json\/wp\/v2\/pages\/543\/revisions\/2657"}],"up":[{"embeddable":true,"href":"https:\/\/instytutpolski.pl\/stockholm\/wp-json\/wp\/v2\/pages\/493"}],"wp:featuredmedia":[{"embeddable":true,"href":"https:\/\/instytutpolski.pl\/stockholm\/wp-json\/wp\/v2\/media\/2659"}],"wp:attachment":[{"href":"https:\/\/instytutpolski.pl\/stockholm\/wp-json\/wp\/v2\/media?parent=543"}],"curies":[{"name":"wp","href":"https:\/\/api.w.org\/{rel}","templated":true}]}}