{"id":545,"date":"2019-06-25T12:53:36","date_gmt":"2019-06-25T10:53:36","guid":{"rendered":"https:\/\/instytutpolski.pl\/sztokholm\/?page_id=545"},"modified":"2020-06-05T18:56:53","modified_gmt":"2020-06-05T16:56:53","slug":"zasady-uznawalnosci-wyksztalcenia","status":"publish","type":"page","link":"https:\/\/instytutpolski.pl\/stockholm\/pl\/poznaj-polske\/zasady-uznawalnosci-wyksztalcenia\/","title":{"rendered":"Zasady uznawalno\u015bci wykszta\u0142cenia"},"content":{"rendered":"\n<p>Zagraniczne dyplomy uprawniaj\u0105 w&nbsp;Polsce do kontynuacji kszta\u0142cenia na zasadach okre\u015blonych w&nbsp;umowach mi\u0119dzynarodowych, a&nbsp;w&nbsp;przypadku braku takich um\u00f3w \u2013 na podstawie odpowiednich przepis\u00f3w krajowych.&nbsp;<\/p>\n\n\n\n<p><strong>Sprawd\u017a online jak zagraniczne dyplomy s\u0105 uznawane w&nbsp;Polsce<\/strong><\/p>\n\n\n\n<p>KWALIFIKATOR to baza danych, kt\u00f3ra umo\u017cliwia automatyczne sprawdzenie og\u00f3lnych informacji o&nbsp;wybranych rodzajach dyplom\u00f3w uko\u0144czenia studi\u00f3w wy\u017cszych uzyskanych za granic\u0105. Pozwala oceni\u0107 poziom i&nbsp;status kwalifikacji w&nbsp;pa\u0144stwie ich wydania oraz dowiedzie\u0107 si\u0119 w&nbsp;jaki spos\u00f3b dany zagraniczny dyplom lub stopie\u0144 naukowy jest uznawany w&nbsp;Polsce. Wskazuje tak\u017ce konkretne podstawy prawne, z&nbsp;kt\u00f3rych wynikaj\u0105 poszczeg\u00f3lne uprawnienia posiadacza dyplomu. <\/p>\n\n\n\n<p>Narz\u0119dzie dost\u0119pne jest w&nbsp;j\u0119zyku polskim i&nbsp;angielskim.&nbsp;<\/p>\n\n\n\n<p>Wi\u0119cej informacji: <a href=\"https:\/\/nawa.gov.pl\/uznawalnosc\/system-kwalifikator\" target=\"_blank\" rel=\"noreferrer noopener\">https:\/\/nawa.gov.pl\/uznawalnosc\/system-kwalifikator<\/a><\/p>\n","protected":false},"excerpt":{"rendered":"<p>Zagraniczne dyplomy uprawniaj\u0105 w&nbsp;Polsce do kontynuacji kszta\u0142cenia na zasadach okre\u015blonych w&nbsp;umowach mi\u0119dzynarodowych, a&nbsp;w&nbsp;przypadku braku takich um\u00f3w \u2013 na podstawie odpowiednich przepis\u00f3w krajowych.&nbsp; Sprawd\u017a online jak zagraniczne dyplomy s\u0105 uznawane w&nbsp;Polsce KWALIFIKATOR to baza danych, kt\u00f3ra umo\u017cliwia automatyczne sprawdzenie og\u00f3lnych informacji o&nbsp;wybranych rodzajach dyplom\u00f3w uko\u0144czenia studi\u00f3w wy\u017cszych uzyskanych za granic\u0105. Pozwala oceni\u0107 poziom i&nbsp;status kwalifikacji w&nbsp;pa\u0144stwie [&hellip;]<\/p>\n","protected":false},"author":1,"featured_media":2659,"parent":496,"menu_order":0,"comment_status":"closed","ping_status":"closed","template":"","meta":{"inline_featured_image":false,"_monsterinsights_skip_tracking":false,"_monsterinsights_sitenote_active":false,"_monsterinsights_sitenote_note":"","_monsterinsights_sitenote_category":0,"footnotes":""},"class_list":["post-545","page","type-page","status-publish","has-post-thumbnail","hentry"],"yoast_head":"<!-- This site is optimized with the Yoast SEO plugin v24.6 - https:\/\/yoast.com\/wordpress\/plugins\/seo\/ -->\n<title>Zasady uznawalno\u015bci wykszta\u0142cenia - Instytut Polski w Sztokholmie<\/title>\n<meta name=\"robots\" content=\"index, follow, max-snippet:-1, max-image-preview:large, max-video-preview:-1\" \/>\n<link rel=\"canonical\" href=\"https:\/\/instytutpolski.pl\/stockholm\/pl\/poznaj-polske\/zasady-uznawalnosci-wyksztalcenia\/\" \/>\n<meta property=\"og:locale\" content=\"pl_PL\" \/>\n<meta property=\"og:type\" content=\"article\" \/>\n<meta property=\"og:title\" content=\"Zasady uznawalno\u015bci wykszta\u0142cenia - Instytut Polski w Sztokholmie\" \/>\n<meta property=\"og:description\" content=\"Zagraniczne dyplomy uprawniaj\u0105 w&nbsp;Polsce do kontynuacji kszta\u0142cenia na zasadach okre\u015blonych w&nbsp;umowach mi\u0119dzynarodowych, a&nbsp;w&nbsp;przypadku braku takich um\u00f3w \u2013 na podstawie odpowiednich przepis\u00f3w krajowych.&nbsp; Sprawd\u017a online jak zagraniczne dyplomy s\u0105 uznawane w&nbsp;Polsce KWALIFIKATOR to baza danych, kt\u00f3ra umo\u017cliwia automatyczne sprawdzenie og\u00f3lnych informacji o&nbsp;wybranych rodzajach dyplom\u00f3w uko\u0144czenia studi\u00f3w wy\u017cszych uzyskanych za granic\u0105. Pozwala oceni\u0107 poziom i&nbsp;status kwalifikacji w&nbsp;pa\u0144stwie [&hellip;]\" \/>\n<meta property=\"og:url\" content=\"https:\/\/instytutpolski.pl\/stockholm\/pl\/poznaj-polske\/zasady-uznawalnosci-wyksztalcenia\/\" \/>\n<meta property=\"og:site_name\" content=\"Instytut Polski w Sztokholmie\" \/>\n<meta property=\"article:modified_time\" content=\"2020-06-05T16:56:53+00:00\" \/>\n<meta property=\"og:image\" content=\"https:\/\/instytutpolski.pl\/stockholm\/wp-content\/uploads\/sites\/17\/2020\/06\/susan-yin-2JIvboGLeho-unsplash-scaled.jpg\" \/>\n\t<meta property=\"og:image:width\" content=\"2560\" \/>\n\t<meta property=\"og:image:height\" content=\"1708\" \/>\n\t<meta property=\"og:image:type\" content=\"image\/jpeg\" \/>\n<meta name=\"twitter:card\" content=\"summary_large_image\" \/>\n<meta name=\"twitter:label1\" content=\"Szacowany czas czytania\" \/>\n\t<meta name=\"twitter:data1\" content=\"1 minuta\" \/>\n<script type=\"application\/ld+json\" class=\"yoast-schema-graph\">{\"@context\":\"https:\/\/schema.org\",\"@graph\":[{\"@type\":\"WebPage\",\"@id\":\"https:\/\/instytutpolski.pl\/stockholm\/pl\/poznaj-polske\/zasady-uznawalnosci-wyksztalcenia\/\",\"url\":\"https:\/\/instytutpolski.pl\/stockholm\/pl\/poznaj-polske\/zasady-uznawalnosci-wyksztalcenia\/\",\"name\":\"Zasady uznawalno\u015bci wykszta\u0142cenia - Instytut Polski w Sztokholmie\",\"isPartOf\":{\"@id\":\"https:\/\/instytutpolski.pl\/stockholm\/#website\"},\"primaryImageOfPage\":{\"@id\":\"https:\/\/instytutpolski.pl\/stockholm\/pl\/poznaj-polske\/zasady-uznawalnosci-wyksztalcenia\/#primaryimage\"},\"image\":{\"@id\":\"https:\/\/instytutpolski.pl\/stockholm\/pl\/poznaj-polske\/zasady-uznawalnosci-wyksztalcenia\/#primaryimage\"},\"thumbnailUrl\":\"https:\/\/instytutpolski.pl\/stockholm\/wp-content\/uploads\/sites\/17\/2020\/06\/susan-yin-2JIvboGLeho-unsplash-scaled.jpg\",\"datePublished\":\"2019-06-25T10:53:36+00:00\",\"dateModified\":\"2020-06-05T16:56:53+00:00\",\"breadcrumb\":{\"@id\":\"https:\/\/instytutpolski.pl\/stockholm\/pl\/poznaj-polske\/zasady-uznawalnosci-wyksztalcenia\/#breadcrumb\"},\"inLanguage\":\"pl-PL\",\"potentialAction\":[{\"@type\":\"ReadAction\",\"target\":[\"https:\/\/instytutpolski.pl\/stockholm\/pl\/poznaj-polske\/zasady-uznawalnosci-wyksztalcenia\/\"]}]},{\"@type\":\"ImageObject\",\"inLanguage\":\"pl-PL\",\"@id\":\"https:\/\/instytutpolski.pl\/stockholm\/pl\/poznaj-polske\/zasady-uznawalnosci-wyksztalcenia\/#primaryimage\",\"url\":\"https:\/\/instytutpolski.pl\/stockholm\/wp-content\/uploads\/sites\/17\/2020\/06\/susan-yin-2JIvboGLeho-unsplash-scaled.jpg\",\"contentUrl\":\"https:\/\/instytutpolski.pl\/stockholm\/wp-content\/uploads\/sites\/17\/2020\/06\/susan-yin-2JIvboGLeho-unsplash-scaled.jpg\",\"width\":2560,\"height\":1708},{\"@type\":\"BreadcrumbList\",\"@id\":\"https:\/\/instytutpolski.pl\/stockholm\/pl\/poznaj-polske\/zasady-uznawalnosci-wyksztalcenia\/#breadcrumb\",\"itemListElement\":[{\"@type\":\"ListItem\",\"position\":1,\"name\":\"Home\",\"item\":\"https:\/\/instytutpolski.pl\/stockholm\/\"},{\"@type\":\"ListItem\",\"position\":2,\"name\":\"Poznaj Polsk\u0119\",\"item\":\"https:\/\/instytutpolski.pl\/stockholm\/pl\/poznaj-polske\/\"},{\"@type\":\"ListItem\",\"position\":3,\"name\":\"Zasady uznawalno\u015bci wykszta\u0142cenia\"}]},{\"@type\":\"WebSite\",\"@id\":\"https:\/\/instytutpolski.pl\/stockholm\/#website\",\"url\":\"https:\/\/instytutpolski.pl\/stockholm\/\",\"name\":\"Instytut Polski w Sztokholmie\",\"description\":\"Instytuty Polskie\",\"potentialAction\":[{\"@type\":\"SearchAction\",\"target\":{\"@type\":\"EntryPoint\",\"urlTemplate\":\"https:\/\/instytutpolski.pl\/stockholm\/?s={search_term_string}\"},\"query-input\":{\"@type\":\"PropertyValueSpecification\",\"valueRequired\":true,\"valueName\":\"search_term_string\"}}],\"inLanguage\":\"pl-PL\"}]}<\/script>\n<!-- \/ Yoast SEO plugin. -->","yoast_head_json":{"title":"Zasady uznawalno\u015bci wykszta\u0142cenia - Instytut Polski w Sztokholmie","robots":{"index":"index","follow":"follow","max-snippet":"max-snippet:-1","max-image-preview":"max-image-preview:large","max-video-preview":"max-video-preview:-1"},"canonical":"https:\/\/instytutpolski.pl\/stockholm\/pl\/poznaj-polske\/zasady-uznawalnosci-wyksztalcenia\/","og_locale":"pl_PL","og_type":"article","og_title":"Zasady uznawalno\u015bci wykszta\u0142cenia - Instytut Polski w Sztokholmie","og_description":"Zagraniczne dyplomy uprawniaj\u0105 w&nbsp;Polsce do kontynuacji kszta\u0142cenia na zasadach okre\u015blonych w&nbsp;umowach mi\u0119dzynarodowych, a&nbsp;w&nbsp;przypadku braku takich um\u00f3w \u2013 na podstawie odpowiednich przepis\u00f3w krajowych.&nbsp; Sprawd\u017a online jak zagraniczne dyplomy s\u0105 uznawane w&nbsp;Polsce KWALIFIKATOR to baza danych, kt\u00f3ra umo\u017cliwia automatyczne sprawdzenie og\u00f3lnych informacji o&nbsp;wybranych rodzajach dyplom\u00f3w uko\u0144czenia studi\u00f3w wy\u017cszych uzyskanych za granic\u0105. Pozwala oceni\u0107 poziom i&nbsp;status kwalifikacji w&nbsp;pa\u0144stwie [&hellip;]","og_url":"https:\/\/instytutpolski.pl\/stockholm\/pl\/poznaj-polske\/zasady-uznawalnosci-wyksztalcenia\/","og_site_name":"Instytut Polski w Sztokholmie","article_modified_time":"2020-06-05T16:56:53+00:00","og_image":[{"width":2560,"height":1708,"url":"https:\/\/instytutpolski.pl\/stockholm\/wp-content\/uploads\/sites\/17\/2020\/06\/susan-yin-2JIvboGLeho-unsplash-scaled.jpg","type":"image\/jpeg"}],"twitter_card":"summary_large_image","twitter_misc":{"Szacowany czas czytania":"1 minuta"},"schema":{"@context":"https:\/\/schema.org","@graph":[{"@type":"WebPage","@id":"https:\/\/instytutpolski.pl\/stockholm\/pl\/poznaj-polske\/zasady-uznawalnosci-wyksztalcenia\/","url":"https:\/\/instytutpolski.pl\/stockholm\/pl\/poznaj-polske\/zasady-uznawalnosci-wyksztalcenia\/","name":"Zasady uznawalno\u015bci wykszta\u0142cenia - Instytut Polski w Sztokholmie","isPartOf":{"@id":"https:\/\/instytutpolski.pl\/stockholm\/#website"},"primaryImageOfPage":{"@id":"https:\/\/instytutpolski.pl\/stockholm\/pl\/poznaj-polske\/zasady-uznawalnosci-wyksztalcenia\/#primaryimage"},"image":{"@id":"https:\/\/instytutpolski.pl\/stockholm\/pl\/poznaj-polske\/zasady-uznawalnosci-wyksztalcenia\/#primaryimage"},"thumbnailUrl":"https:\/\/instytutpolski.pl\/stockholm\/wp-content\/uploads\/sites\/17\/2020\/06\/susan-yin-2JIvboGLeho-unsplash-scaled.jpg","datePublished":"2019-06-25T10:53:36+00:00","dateModified":"2020-06-05T16:56:53+00:00","breadcrumb":{"@id":"https:\/\/instytutpolski.pl\/stockholm\/pl\/poznaj-polske\/zasady-uznawalnosci-wyksztalcenia\/#breadcrumb"},"inLanguage":"pl-PL","potentialAction":[{"@type":"ReadAction","target":["https:\/\/instytutpolski.pl\/stockholm\/pl\/poznaj-polske\/zasady-uznawalnosci-wyksztalcenia\/"]}]},{"@type":"ImageObject","inLanguage":"pl-PL","@id":"https:\/\/instytutpolski.pl\/stockholm\/pl\/poznaj-polske\/zasady-uznawalnosci-wyksztalcenia\/#primaryimage","url":"https:\/\/instytutpolski.pl\/stockholm\/wp-content\/uploads\/sites\/17\/2020\/06\/susan-yin-2JIvboGLeho-unsplash-scaled.jpg","contentUrl":"https:\/\/instytutpolski.pl\/stockholm\/wp-content\/uploads\/sites\/17\/2020\/06\/susan-yin-2JIvboGLeho-unsplash-scaled.jpg","width":2560,"height":1708},{"@type":"BreadcrumbList","@id":"https:\/\/instytutpolski.pl\/stockholm\/pl\/poznaj-polske\/zasady-uznawalnosci-wyksztalcenia\/#breadcrumb","itemListElement":[{"@type":"ListItem","position":1,"name":"Home","item":"https:\/\/instytutpolski.pl\/stockholm\/"},{"@type":"ListItem","position":2,"name":"Poznaj Polsk\u0119","item":"https:\/\/instytutpolski.pl\/stockholm\/pl\/poznaj-polske\/"},{"@type":"ListItem","position":3,"name":"Zasady uznawalno\u015bci wykszta\u0142cenia"}]},{"@type":"WebSite","@id":"https:\/\/instytutpolski.pl\/stockholm\/#website","url":"https:\/\/instytutpolski.pl\/stockholm\/","name":"Instytut Polski w Sztokholmie","description":"Instytuty Polskie","potentialAction":[{"@type":"SearchAction","target":{"@type":"EntryPoint","urlTemplate":"https:\/\/instytutpolski.pl\/stockholm\/?s={search_term_string}"},"query-input":{"@type":"PropertyValueSpecification","valueRequired":true,"valueName":"search_term_string"}}],"inLanguage":"pl-PL"}]}},"_links":{"self":[{"href":"https:\/\/instytutpolski.pl\/stockholm\/wp-json\/wp\/v2\/pages\/545","targetHints":{"allow":["GET"]}}],"collection":[{"href":"https:\/\/instytutpolski.pl\/stockholm\/wp-json\/wp\/v2\/pages"}],"about":[{"href":"https:\/\/instytutpolski.pl\/stockholm\/wp-json\/wp\/v2\/types\/page"}],"author":[{"embeddable":true,"href":"https:\/\/instytutpolski.pl\/stockholm\/wp-json\/wp\/v2\/users\/1"}],"replies":[{"embeddable":true,"href":"https:\/\/instytutpolski.pl\/stockholm\/wp-json\/wp\/v2\/comments?post=545"}],"version-history":[{"count":4,"href":"https:\/\/instytutpolski.pl\/stockholm\/wp-json\/wp\/v2\/pages\/545\/revisions"}],"predecessor-version":[{"id":2678,"href":"https:\/\/instytutpolski.pl\/stockholm\/wp-json\/wp\/v2\/pages\/545\/revisions\/2678"}],"up":[{"embeddable":true,"href":"https:\/\/instytutpolski.pl\/stockholm\/wp-json\/wp\/v2\/pages\/496"}],"wp:featuredmedia":[{"embeddable":true,"href":"https:\/\/instytutpolski.pl\/stockholm\/wp-json\/wp\/v2\/media\/2659"}],"wp:attachment":[{"href":"https:\/\/instytutpolski.pl\/stockholm\/wp-json\/wp\/v2\/media?parent=545"}],"curies":[{"name":"wp","href":"https:\/\/api.w.org\/{rel}","templated":true}]}}