{"id":555,"date":"2019-06-25T12:55:25","date_gmt":"2019-06-25T10:55:25","guid":{"rendered":"https:\/\/instytutpolski.pl\/sztokholm\/?page_id=555"},"modified":"2020-06-05T10:44:57","modified_gmt":"2020-06-05T08:44:57","slug":"studera-i-polen","status":"publish","type":"page","link":"https:\/\/instytutpolski.pl\/stockholm\/lar-kanna-polen\/studera-i-polen\/","title":{"rendered":"Studera i Polen"},"content":{"rendered":"\n<p>Polens \u00f6ver 400 h\u00f6gskolor och universitet har omkring 1 100 000 studenter. Under l\u00e4s\u00e5ret 2019-20 fanns omkring 85 000 utl\u00e4ndska studenter i Polen. H\u00e4r kan du sj\u00e4lv \u00f6vertyga dig om att Polen \u00e4r ett bra land att studera i.<\/p>\n\n\n\n<p>Mer information om polska universitet och h\u00f6gskolor, principer f\u00f6r tillgodor\u00e4knande av utl\u00e4ndska studier och praktiska r\u00e5d f\u00f6r den som vill studera i Polen: <a href=\"http:\/\/www.go-poland.pl\/\" target=\"_blank\" rel=\"noreferrer noopener\">http:\/\/www.go-poland.pl\/<\/a><\/p>\n\n\n\n<p><\/p>\n\n\n\n<p><br>Bureau for Academic Recognition and International Exchange<br><a rel=\"noreferrer noopener\" href=\"http:\/\/www.buwiwm.edu.pl\/\" target=\"_blank\">http:\/\/www.buwiwm.edu.pl\/<\/a><\/p>\n\n\n\n<p>Erasmus\/Socrates:<br><a href=\"http:\/\/www.erasmus.org.pl\/\" target=\"_blank\" rel=\"noreferrer noopener\">http:\/\/www.erasmus.org.pl\/<\/a><\/p>\n\n\n\n<p>Ministry of Science and Higher Education<br><a rel=\"noreferrer noopener\" href=\"http:\/\/www.nauka.gov.pl\/higher-education\/higher-education-in-poland\" target=\"_blank\">http:\/\/www.nauka.gov.pl\/higher-education\/higher-education-in-poland\/<\/a><br><\/p>\n\n\n\n<figure class=\"wp-block-embed-youtube wp-block-embed is-type-video is-provider-youtube wp-embed-aspect-16-9 wp-has-aspect-ratio\"><div class=\"wp-block-embed__wrapper\">\nhttps:\/\/youtu.be\/kqxSHztEB6Q\n<\/div><\/figure>\n\n\n\n<p><\/p>\n\n\n\n<p><\/p>\n","protected":false},"excerpt":{"rendered":"<p>Polens \u00f6ver 400 h\u00f6gskolor och universitet har omkring 1 100 000 studenter. Under l\u00e4s\u00e5ret 2019-20 fanns omkring 85 000 utl\u00e4ndska studenter i Polen. H\u00e4r kan du sj\u00e4lv \u00f6vertyga dig om att Polen \u00e4r ett bra land att studera i. Mer information om polska universitet och h\u00f6gskolor, principer f\u00f6r tillgodor\u00e4knande av utl\u00e4ndska studier och praktiska r\u00e5d [&hellip;]<\/p>\n","protected":false},"author":1,"featured_media":561,"parent":493,"menu_order":0,"comment_status":"closed","ping_status":"closed","template":"","meta":{"inline_featured_image":false,"_monsterinsights_skip_tracking":false,"_monsterinsights_sitenote_active":false,"_monsterinsights_sitenote_note":"","_monsterinsights_sitenote_category":0,"footnotes":""},"class_list":["post-555","page","type-page","status-publish","has-post-thumbnail","hentry"],"yoast_head":"<!-- This site is optimized with the Yoast SEO plugin v24.6 - https:\/\/yoast.com\/wordpress\/plugins\/seo\/ -->\n<title>Studera i Polen - Instytut Polski w Sztokholmie<\/title>\n<meta name=\"robots\" content=\"index, follow, max-snippet:-1, max-image-preview:large, max-video-preview:-1\" \/>\n<link rel=\"canonical\" href=\"https:\/\/instytutpolski.pl\/stockholm\/lar-kanna-polen\/studera-i-polen\/\" \/>\n<meta property=\"og:locale\" content=\"pl_PL\" \/>\n<meta property=\"og:type\" content=\"article\" \/>\n<meta property=\"og:title\" content=\"Studera i Polen - Instytut Polski w Sztokholmie\" \/>\n<meta property=\"og:description\" content=\"Polens \u00f6ver 400 h\u00f6gskolor och universitet har omkring 1 100 000 studenter. Under l\u00e4s\u00e5ret 2019-20 fanns omkring 85 000 utl\u00e4ndska studenter i Polen. H\u00e4r kan du sj\u00e4lv \u00f6vertyga dig om att Polen \u00e4r ett bra land att studera i. Mer information om polska universitet och h\u00f6gskolor, principer f\u00f6r tillgodor\u00e4knande av utl\u00e4ndska studier och praktiska r\u00e5d [&hellip;]\" \/>\n<meta property=\"og:url\" content=\"https:\/\/instytutpolski.pl\/stockholm\/lar-kanna-polen\/studera-i-polen\/\" \/>\n<meta property=\"og:site_name\" content=\"Instytut Polski w Sztokholmie\" \/>\n<meta property=\"article:modified_time\" content=\"2020-06-05T08:44:57+00:00\" \/>\n<meta property=\"og:image\" content=\"https:\/\/instytutpolski.pl\/stockholm\/wp-content\/uploads\/sites\/17\/2019\/06\/studiuj-w-polsce.jpg\" \/>\n\t<meta property=\"og:image:width\" content=\"1920\" \/>\n\t<meta property=\"og:image:height\" content=\"700\" \/>\n\t<meta property=\"og:image:type\" content=\"image\/jpeg\" \/>\n<meta name=\"twitter:card\" content=\"summary_large_image\" \/>\n<meta name=\"twitter:label1\" content=\"Szacowany czas czytania\" \/>\n\t<meta name=\"twitter:data1\" content=\"1 minuta\" \/>\n<script type=\"application\/ld+json\" class=\"yoast-schema-graph\">{\"@context\":\"https:\/\/schema.org\",\"@graph\":[{\"@type\":\"WebPage\",\"@id\":\"https:\/\/instytutpolski.pl\/stockholm\/lar-kanna-polen\/studera-i-polen\/\",\"url\":\"https:\/\/instytutpolski.pl\/stockholm\/lar-kanna-polen\/studera-i-polen\/\",\"name\":\"Studera i Polen - Instytut Polski w Sztokholmie\",\"isPartOf\":{\"@id\":\"https:\/\/instytutpolski.pl\/stockholm\/#website\"},\"primaryImageOfPage\":{\"@id\":\"https:\/\/instytutpolski.pl\/stockholm\/lar-kanna-polen\/studera-i-polen\/#primaryimage\"},\"image\":{\"@id\":\"https:\/\/instytutpolski.pl\/stockholm\/lar-kanna-polen\/studera-i-polen\/#primaryimage\"},\"thumbnailUrl\":\"https:\/\/instytutpolski.pl\/stockholm\/wp-content\/uploads\/sites\/17\/2019\/06\/studiuj-w-polsce.jpg\",\"datePublished\":\"2019-06-25T10:55:25+00:00\",\"dateModified\":\"2020-06-05T08:44:57+00:00\",\"breadcrumb\":{\"@id\":\"https:\/\/instytutpolski.pl\/stockholm\/lar-kanna-polen\/studera-i-polen\/#breadcrumb\"},\"inLanguage\":\"pl-PL\",\"potentialAction\":[{\"@type\":\"ReadAction\",\"target\":[\"https:\/\/instytutpolski.pl\/stockholm\/lar-kanna-polen\/studera-i-polen\/\"]}]},{\"@type\":\"ImageObject\",\"inLanguage\":\"pl-PL\",\"@id\":\"https:\/\/instytutpolski.pl\/stockholm\/lar-kanna-polen\/studera-i-polen\/#primaryimage\",\"url\":\"https:\/\/instytutpolski.pl\/stockholm\/wp-content\/uploads\/sites\/17\/2019\/06\/studiuj-w-polsce.jpg\",\"contentUrl\":\"https:\/\/instytutpolski.pl\/stockholm\/wp-content\/uploads\/sites\/17\/2019\/06\/studiuj-w-polsce.jpg\",\"width\":1920,\"height\":700},{\"@type\":\"BreadcrumbList\",\"@id\":\"https:\/\/instytutpolski.pl\/stockholm\/lar-kanna-polen\/studera-i-polen\/#breadcrumb\",\"itemListElement\":[{\"@type\":\"ListItem\",\"position\":1,\"name\":\"Home\",\"item\":\"https:\/\/instytutpolski.pl\/stockholm\/\"},{\"@type\":\"ListItem\",\"position\":2,\"name\":\"L\u00e4r k\u00e4nna Polen\",\"item\":\"https:\/\/instytutpolski.pl\/stockholm\/lar-kanna-polen\/\"},{\"@type\":\"ListItem\",\"position\":3,\"name\":\"Studera i Polen\"}]},{\"@type\":\"WebSite\",\"@id\":\"https:\/\/instytutpolski.pl\/stockholm\/#website\",\"url\":\"https:\/\/instytutpolski.pl\/stockholm\/\",\"name\":\"Instytut Polski w Sztokholmie\",\"description\":\"Instytuty Polskie\",\"potentialAction\":[{\"@type\":\"SearchAction\",\"target\":{\"@type\":\"EntryPoint\",\"urlTemplate\":\"https:\/\/instytutpolski.pl\/stockholm\/?s={search_term_string}\"},\"query-input\":{\"@type\":\"PropertyValueSpecification\",\"valueRequired\":true,\"valueName\":\"search_term_string\"}}],\"inLanguage\":\"pl-PL\"}]}<\/script>\n<!-- \/ Yoast SEO plugin. -->","yoast_head_json":{"title":"Studera i Polen - Instytut Polski w Sztokholmie","robots":{"index":"index","follow":"follow","max-snippet":"max-snippet:-1","max-image-preview":"max-image-preview:large","max-video-preview":"max-video-preview:-1"},"canonical":"https:\/\/instytutpolski.pl\/stockholm\/lar-kanna-polen\/studera-i-polen\/","og_locale":"pl_PL","og_type":"article","og_title":"Studera i Polen - Instytut Polski w Sztokholmie","og_description":"Polens \u00f6ver 400 h\u00f6gskolor och universitet har omkring 1 100 000 studenter. Under l\u00e4s\u00e5ret 2019-20 fanns omkring 85 000 utl\u00e4ndska studenter i Polen. H\u00e4r kan du sj\u00e4lv \u00f6vertyga dig om att Polen \u00e4r ett bra land att studera i. Mer information om polska universitet och h\u00f6gskolor, principer f\u00f6r tillgodor\u00e4knande av utl\u00e4ndska studier och praktiska r\u00e5d [&hellip;]","og_url":"https:\/\/instytutpolski.pl\/stockholm\/lar-kanna-polen\/studera-i-polen\/","og_site_name":"Instytut Polski w Sztokholmie","article_modified_time":"2020-06-05T08:44:57+00:00","og_image":[{"width":1920,"height":700,"url":"https:\/\/instytutpolski.pl\/stockholm\/wp-content\/uploads\/sites\/17\/2019\/06\/studiuj-w-polsce.jpg","type":"image\/jpeg"}],"twitter_card":"summary_large_image","twitter_misc":{"Szacowany czas czytania":"1 minuta"},"schema":{"@context":"https:\/\/schema.org","@graph":[{"@type":"WebPage","@id":"https:\/\/instytutpolski.pl\/stockholm\/lar-kanna-polen\/studera-i-polen\/","url":"https:\/\/instytutpolski.pl\/stockholm\/lar-kanna-polen\/studera-i-polen\/","name":"Studera i Polen - Instytut Polski w Sztokholmie","isPartOf":{"@id":"https:\/\/instytutpolski.pl\/stockholm\/#website"},"primaryImageOfPage":{"@id":"https:\/\/instytutpolski.pl\/stockholm\/lar-kanna-polen\/studera-i-polen\/#primaryimage"},"image":{"@id":"https:\/\/instytutpolski.pl\/stockholm\/lar-kanna-polen\/studera-i-polen\/#primaryimage"},"thumbnailUrl":"https:\/\/instytutpolski.pl\/stockholm\/wp-content\/uploads\/sites\/17\/2019\/06\/studiuj-w-polsce.jpg","datePublished":"2019-06-25T10:55:25+00:00","dateModified":"2020-06-05T08:44:57+00:00","breadcrumb":{"@id":"https:\/\/instytutpolski.pl\/stockholm\/lar-kanna-polen\/studera-i-polen\/#breadcrumb"},"inLanguage":"pl-PL","potentialAction":[{"@type":"ReadAction","target":["https:\/\/instytutpolski.pl\/stockholm\/lar-kanna-polen\/studera-i-polen\/"]}]},{"@type":"ImageObject","inLanguage":"pl-PL","@id":"https:\/\/instytutpolski.pl\/stockholm\/lar-kanna-polen\/studera-i-polen\/#primaryimage","url":"https:\/\/instytutpolski.pl\/stockholm\/wp-content\/uploads\/sites\/17\/2019\/06\/studiuj-w-polsce.jpg","contentUrl":"https:\/\/instytutpolski.pl\/stockholm\/wp-content\/uploads\/sites\/17\/2019\/06\/studiuj-w-polsce.jpg","width":1920,"height":700},{"@type":"BreadcrumbList","@id":"https:\/\/instytutpolski.pl\/stockholm\/lar-kanna-polen\/studera-i-polen\/#breadcrumb","itemListElement":[{"@type":"ListItem","position":1,"name":"Home","item":"https:\/\/instytutpolski.pl\/stockholm\/"},{"@type":"ListItem","position":2,"name":"L\u00e4r k\u00e4nna Polen","item":"https:\/\/instytutpolski.pl\/stockholm\/lar-kanna-polen\/"},{"@type":"ListItem","position":3,"name":"Studera i Polen"}]},{"@type":"WebSite","@id":"https:\/\/instytutpolski.pl\/stockholm\/#website","url":"https:\/\/instytutpolski.pl\/stockholm\/","name":"Instytut Polski w Sztokholmie","description":"Instytuty Polskie","potentialAction":[{"@type":"SearchAction","target":{"@type":"EntryPoint","urlTemplate":"https:\/\/instytutpolski.pl\/stockholm\/?s={search_term_string}"},"query-input":{"@type":"PropertyValueSpecification","valueRequired":true,"valueName":"search_term_string"}}],"inLanguage":"pl-PL"}]}},"_links":{"self":[{"href":"https:\/\/instytutpolski.pl\/stockholm\/wp-json\/wp\/v2\/pages\/555","targetHints":{"allow":["GET"]}}],"collection":[{"href":"https:\/\/instytutpolski.pl\/stockholm\/wp-json\/wp\/v2\/pages"}],"about":[{"href":"https:\/\/instytutpolski.pl\/stockholm\/wp-json\/wp\/v2\/types\/page"}],"author":[{"embeddable":true,"href":"https:\/\/instytutpolski.pl\/stockholm\/wp-json\/wp\/v2\/users\/1"}],"replies":[{"embeddable":true,"href":"https:\/\/instytutpolski.pl\/stockholm\/wp-json\/wp\/v2\/comments?post=555"}],"version-history":[{"count":7,"href":"https:\/\/instytutpolski.pl\/stockholm\/wp-json\/wp\/v2\/pages\/555\/revisions"}],"predecessor-version":[{"id":2571,"href":"https:\/\/instytutpolski.pl\/stockholm\/wp-json\/wp\/v2\/pages\/555\/revisions\/2571"}],"up":[{"embeddable":true,"href":"https:\/\/instytutpolski.pl\/stockholm\/wp-json\/wp\/v2\/pages\/493"}],"wp:featuredmedia":[{"embeddable":true,"href":"https:\/\/instytutpolski.pl\/stockholm\/wp-json\/wp\/v2\/media\/561"}],"wp:attachment":[{"href":"https:\/\/instytutpolski.pl\/stockholm\/wp-json\/wp\/v2\/media?parent=555"}],"curies":[{"name":"wp","href":"https:\/\/api.w.org\/{rel}","templated":true}]}}