{"id":587,"date":"2019-06-25T13:08:38","date_gmt":"2019-06-25T11:08:38","guid":{"rendered":"https:\/\/instytutpolski.pl\/sztokholm\/?page_id=587"},"modified":"2020-06-09T13:46:21","modified_gmt":"2020-06-09T11:46:21","slug":"polska-sprakcertifikat","status":"publish","type":"page","link":"https:\/\/instytutpolski.pl\/stockholm\/polska-spraket\/polska-sprakcertifikat\/","title":{"rendered":"Polska spr\u00e5kcertifikat"},"content":{"rendered":"\n<p>De statliga proven f\u00f6r certifikat i polska som fr\u00e4mmande spr\u00e5k testar spr\u00e5kkompetensen enligt Europar\u00e5dets niv\u00e5skala i Gemensam europeisk referensram f\u00f6r spr\u00e5k.<\/p>\n\n\n\n<p><strong>Provet f\u00e5r g\u00f6ras av utl\u00e4nningar samt av polska medborgare bosatta utomlands, i \u00e5lder fr\u00e5n 14 \u00e5r och upp\u00e5t.<\/strong><\/p>\n\n\n\n<p>Prov f\u00f6r polskt spr\u00e5kcertifikat har anordnats sedan \u00e5r 2004. Totalt har 267 provtillf\u00e4llen h\u00e5llits med 11 697 deltagare. Man kan avl\u00e4gga prov f\u00f6r niv\u00e5erna B1, B2, C1 eller C2.<\/p>\n\n\n\n<p>Kunskap i polska definieras som f\u00f6rm\u00e5gan att f\u00f6rst\u00e5 nutida skriven och talad polska samt f\u00f6rm\u00e5gan att anv\u00e4nda spr\u00e5ket i tal och skrift.<\/p>\n\n\n\n<p><strong>F\u00f6ljande f\u00f6rm\u00e5gor bed\u00f6ms:<\/strong><\/p>\n\n\n\n<ul>\n<li>h\u00f6rf\u00f6rst\u00e5else<\/li>\n<li>grammatisk korrekthet<\/li>\n<li>l\u00e4sf\u00f6rst\u00e5else<\/li>\n<li>skrivf\u00f6rm\u00e5ga<\/li>\n<li>talf\u00f6rm\u00e5ga<\/li>\n<\/ul>\n\n\n\n<p>R\u00e4ttslig grund f\u00f6r certifikatssystemet \u00e4r lagen om polska spr\u00e5ket, f\u00f6rordningen som reglerar verksamheten f\u00f6r Statliga kommissionen f\u00f6r vidimering av kunskaper i polska som fr\u00e4mmande spr\u00e5k samt utbildningsministerns f\u00f6rordning fr\u00e5n 26 februari 2016 om prov i polska som fr\u00e4mmande spr\u00e5k. H\u00e4r beskrivs principerna f\u00f6r proven samt f\u00f6r utf\u00e4rdande av certifikat utan f\u00f6reg\u00e5ende prov, vilket personer med examen fr\u00e5n en polska eftergymnasial utbildning kan ans\u00f6ka om.<\/p>\n\n\n\n<p>Detaljerad information om polska spr\u00e5kcertifikat finns p\u00e5 hemsidan <a href=\"http:\/\/www.certyfikatpolski.pl\/\" target=\"_blank\" rel=\"noreferrer noopener\">www.certyfikatpolski.pl<\/a>.<\/p>\n\n\n\n<p>Fr\u00e5gor besvaras p\u00e5 adressen <a rel=\"noreferrer noopener\" href=\"mailto:certyfikacja@nawa.gov.pl\" target=\"_blank\">certyfikacja@nawa.gov.pl<\/a> eller per telefon 0048 \u2013\u00a0 22 390 35 37.<\/p>\n","protected":false},"excerpt":{"rendered":"<p>De statliga proven f\u00f6r certifikat i polska som fr\u00e4mmande spr\u00e5k testar spr\u00e5kkompetensen enligt Europar\u00e5dets niv\u00e5skala i Gemensam europeisk referensram f\u00f6r spr\u00e5k. Provet f\u00e5r g\u00f6ras av utl\u00e4nningar samt av polska medborgare bosatta utomlands, i \u00e5lder fr\u00e5n 14 \u00e5r och upp\u00e5t. Prov f\u00f6r polskt spr\u00e5kcertifikat har anordnats sedan \u00e5r 2004. Totalt har 267 provtillf\u00e4llen h\u00e5llits med 11 [&hellip;]<\/p>\n","protected":false},"author":1,"featured_media":589,"parent":564,"menu_order":0,"comment_status":"closed","ping_status":"closed","template":"","meta":{"inline_featured_image":false,"_monsterinsights_skip_tracking":false,"_monsterinsights_sitenote_active":false,"_monsterinsights_sitenote_note":"","_monsterinsights_sitenote_category":0,"footnotes":""},"class_list":["post-587","page","type-page","status-publish","has-post-thumbnail","hentry"],"yoast_head":"<!-- This site is optimized with the Yoast SEO plugin v24.6 - https:\/\/yoast.com\/wordpress\/plugins\/seo\/ -->\n<title>Polska spr\u00e5kcertifikat - Instytut Polski w Sztokholmie<\/title>\n<meta name=\"robots\" content=\"index, follow, max-snippet:-1, max-image-preview:large, max-video-preview:-1\" \/>\n<link rel=\"canonical\" href=\"https:\/\/instytutpolski.pl\/stockholm\/polska-spraket\/polska-sprakcertifikat\/\" \/>\n<meta property=\"og:locale\" content=\"pl_PL\" \/>\n<meta property=\"og:type\" content=\"article\" \/>\n<meta property=\"og:title\" content=\"Polska spr\u00e5kcertifikat - Instytut Polski w Sztokholmie\" \/>\n<meta property=\"og:description\" content=\"De statliga proven f\u00f6r certifikat i polska som fr\u00e4mmande spr\u00e5k testar spr\u00e5kkompetensen enligt Europar\u00e5dets niv\u00e5skala i Gemensam europeisk referensram f\u00f6r spr\u00e5k. Provet f\u00e5r g\u00f6ras av utl\u00e4nningar samt av polska medborgare bosatta utomlands, i \u00e5lder fr\u00e5n 14 \u00e5r och upp\u00e5t. Prov f\u00f6r polskt spr\u00e5kcertifikat har anordnats sedan \u00e5r 2004. Totalt har 267 provtillf\u00e4llen h\u00e5llits med 11 [&hellip;]\" \/>\n<meta property=\"og:url\" content=\"https:\/\/instytutpolski.pl\/stockholm\/polska-spraket\/polska-sprakcertifikat\/\" \/>\n<meta property=\"og:site_name\" content=\"Instytut Polski w Sztokholmie\" \/>\n<meta property=\"article:modified_time\" content=\"2020-06-09T11:46:21+00:00\" \/>\n<meta property=\"og:image\" content=\"https:\/\/instytutpolski.pl\/stockholm\/wp-content\/uploads\/sites\/17\/2019\/06\/certyfikacja-znajomosci.jpg\" \/>\n\t<meta property=\"og:image:width\" content=\"1920\" \/>\n\t<meta property=\"og:image:height\" content=\"700\" \/>\n\t<meta property=\"og:image:type\" content=\"image\/jpeg\" \/>\n<meta name=\"twitter:card\" content=\"summary_large_image\" \/>\n<meta name=\"twitter:label1\" content=\"Szacowany czas czytania\" \/>\n\t<meta name=\"twitter:data1\" content=\"1 minuta\" \/>\n<script type=\"application\/ld+json\" class=\"yoast-schema-graph\">{\"@context\":\"https:\/\/schema.org\",\"@graph\":[{\"@type\":\"WebPage\",\"@id\":\"https:\/\/instytutpolski.pl\/stockholm\/polska-spraket\/polska-sprakcertifikat\/\",\"url\":\"https:\/\/instytutpolski.pl\/stockholm\/polska-spraket\/polska-sprakcertifikat\/\",\"name\":\"Polska spr\u00e5kcertifikat - Instytut Polski w Sztokholmie\",\"isPartOf\":{\"@id\":\"https:\/\/instytutpolski.pl\/stockholm\/#website\"},\"primaryImageOfPage\":{\"@id\":\"https:\/\/instytutpolski.pl\/stockholm\/polska-spraket\/polska-sprakcertifikat\/#primaryimage\"},\"image\":{\"@id\":\"https:\/\/instytutpolski.pl\/stockholm\/polska-spraket\/polska-sprakcertifikat\/#primaryimage\"},\"thumbnailUrl\":\"https:\/\/instytutpolski.pl\/stockholm\/wp-content\/uploads\/sites\/17\/2019\/06\/certyfikacja-znajomosci.jpg\",\"datePublished\":\"2019-06-25T11:08:38+00:00\",\"dateModified\":\"2020-06-09T11:46:21+00:00\",\"breadcrumb\":{\"@id\":\"https:\/\/instytutpolski.pl\/stockholm\/polska-spraket\/polska-sprakcertifikat\/#breadcrumb\"},\"inLanguage\":\"pl-PL\",\"potentialAction\":[{\"@type\":\"ReadAction\",\"target\":[\"https:\/\/instytutpolski.pl\/stockholm\/polska-spraket\/polska-sprakcertifikat\/\"]}]},{\"@type\":\"ImageObject\",\"inLanguage\":\"pl-PL\",\"@id\":\"https:\/\/instytutpolski.pl\/stockholm\/polska-spraket\/polska-sprakcertifikat\/#primaryimage\",\"url\":\"https:\/\/instytutpolski.pl\/stockholm\/wp-content\/uploads\/sites\/17\/2019\/06\/certyfikacja-znajomosci.jpg\",\"contentUrl\":\"https:\/\/instytutpolski.pl\/stockholm\/wp-content\/uploads\/sites\/17\/2019\/06\/certyfikacja-znajomosci.jpg\",\"width\":1920,\"height\":700},{\"@type\":\"BreadcrumbList\",\"@id\":\"https:\/\/instytutpolski.pl\/stockholm\/polska-spraket\/polska-sprakcertifikat\/#breadcrumb\",\"itemListElement\":[{\"@type\":\"ListItem\",\"position\":1,\"name\":\"Home\",\"item\":\"https:\/\/instytutpolski.pl\/stockholm\/\"},{\"@type\":\"ListItem\",\"position\":2,\"name\":\"Polska spr\u00e5ket\",\"item\":\"https:\/\/instytutpolski.pl\/stockholm\/polska-spraket\/\"},{\"@type\":\"ListItem\",\"position\":3,\"name\":\"Polska spr\u00e5kcertifikat\"}]},{\"@type\":\"WebSite\",\"@id\":\"https:\/\/instytutpolski.pl\/stockholm\/#website\",\"url\":\"https:\/\/instytutpolski.pl\/stockholm\/\",\"name\":\"Instytut Polski w Sztokholmie\",\"description\":\"Instytuty Polskie\",\"potentialAction\":[{\"@type\":\"SearchAction\",\"target\":{\"@type\":\"EntryPoint\",\"urlTemplate\":\"https:\/\/instytutpolski.pl\/stockholm\/?s={search_term_string}\"},\"query-input\":{\"@type\":\"PropertyValueSpecification\",\"valueRequired\":true,\"valueName\":\"search_term_string\"}}],\"inLanguage\":\"pl-PL\"}]}<\/script>\n<!-- \/ Yoast SEO plugin. -->","yoast_head_json":{"title":"Polska spr\u00e5kcertifikat - Instytut Polski w Sztokholmie","robots":{"index":"index","follow":"follow","max-snippet":"max-snippet:-1","max-image-preview":"max-image-preview:large","max-video-preview":"max-video-preview:-1"},"canonical":"https:\/\/instytutpolski.pl\/stockholm\/polska-spraket\/polska-sprakcertifikat\/","og_locale":"pl_PL","og_type":"article","og_title":"Polska spr\u00e5kcertifikat - Instytut Polski w Sztokholmie","og_description":"De statliga proven f\u00f6r certifikat i polska som fr\u00e4mmande spr\u00e5k testar spr\u00e5kkompetensen enligt Europar\u00e5dets niv\u00e5skala i Gemensam europeisk referensram f\u00f6r spr\u00e5k. Provet f\u00e5r g\u00f6ras av utl\u00e4nningar samt av polska medborgare bosatta utomlands, i \u00e5lder fr\u00e5n 14 \u00e5r och upp\u00e5t. Prov f\u00f6r polskt spr\u00e5kcertifikat har anordnats sedan \u00e5r 2004. Totalt har 267 provtillf\u00e4llen h\u00e5llits med 11 [&hellip;]","og_url":"https:\/\/instytutpolski.pl\/stockholm\/polska-spraket\/polska-sprakcertifikat\/","og_site_name":"Instytut Polski w Sztokholmie","article_modified_time":"2020-06-09T11:46:21+00:00","og_image":[{"width":1920,"height":700,"url":"https:\/\/instytutpolski.pl\/stockholm\/wp-content\/uploads\/sites\/17\/2019\/06\/certyfikacja-znajomosci.jpg","type":"image\/jpeg"}],"twitter_card":"summary_large_image","twitter_misc":{"Szacowany czas czytania":"1 minuta"},"schema":{"@context":"https:\/\/schema.org","@graph":[{"@type":"WebPage","@id":"https:\/\/instytutpolski.pl\/stockholm\/polska-spraket\/polska-sprakcertifikat\/","url":"https:\/\/instytutpolski.pl\/stockholm\/polska-spraket\/polska-sprakcertifikat\/","name":"Polska spr\u00e5kcertifikat - Instytut Polski w Sztokholmie","isPartOf":{"@id":"https:\/\/instytutpolski.pl\/stockholm\/#website"},"primaryImageOfPage":{"@id":"https:\/\/instytutpolski.pl\/stockholm\/polska-spraket\/polska-sprakcertifikat\/#primaryimage"},"image":{"@id":"https:\/\/instytutpolski.pl\/stockholm\/polska-spraket\/polska-sprakcertifikat\/#primaryimage"},"thumbnailUrl":"https:\/\/instytutpolski.pl\/stockholm\/wp-content\/uploads\/sites\/17\/2019\/06\/certyfikacja-znajomosci.jpg","datePublished":"2019-06-25T11:08:38+00:00","dateModified":"2020-06-09T11:46:21+00:00","breadcrumb":{"@id":"https:\/\/instytutpolski.pl\/stockholm\/polska-spraket\/polska-sprakcertifikat\/#breadcrumb"},"inLanguage":"pl-PL","potentialAction":[{"@type":"ReadAction","target":["https:\/\/instytutpolski.pl\/stockholm\/polska-spraket\/polska-sprakcertifikat\/"]}]},{"@type":"ImageObject","inLanguage":"pl-PL","@id":"https:\/\/instytutpolski.pl\/stockholm\/polska-spraket\/polska-sprakcertifikat\/#primaryimage","url":"https:\/\/instytutpolski.pl\/stockholm\/wp-content\/uploads\/sites\/17\/2019\/06\/certyfikacja-znajomosci.jpg","contentUrl":"https:\/\/instytutpolski.pl\/stockholm\/wp-content\/uploads\/sites\/17\/2019\/06\/certyfikacja-znajomosci.jpg","width":1920,"height":700},{"@type":"BreadcrumbList","@id":"https:\/\/instytutpolski.pl\/stockholm\/polska-spraket\/polska-sprakcertifikat\/#breadcrumb","itemListElement":[{"@type":"ListItem","position":1,"name":"Home","item":"https:\/\/instytutpolski.pl\/stockholm\/"},{"@type":"ListItem","position":2,"name":"Polska spr\u00e5ket","item":"https:\/\/instytutpolski.pl\/stockholm\/polska-spraket\/"},{"@type":"ListItem","position":3,"name":"Polska spr\u00e5kcertifikat"}]},{"@type":"WebSite","@id":"https:\/\/instytutpolski.pl\/stockholm\/#website","url":"https:\/\/instytutpolski.pl\/stockholm\/","name":"Instytut Polski w Sztokholmie","description":"Instytuty Polskie","potentialAction":[{"@type":"SearchAction","target":{"@type":"EntryPoint","urlTemplate":"https:\/\/instytutpolski.pl\/stockholm\/?s={search_term_string}"},"query-input":{"@type":"PropertyValueSpecification","valueRequired":true,"valueName":"search_term_string"}}],"inLanguage":"pl-PL"}]}},"_links":{"self":[{"href":"https:\/\/instytutpolski.pl\/stockholm\/wp-json\/wp\/v2\/pages\/587","targetHints":{"allow":["GET"]}}],"collection":[{"href":"https:\/\/instytutpolski.pl\/stockholm\/wp-json\/wp\/v2\/pages"}],"about":[{"href":"https:\/\/instytutpolski.pl\/stockholm\/wp-json\/wp\/v2\/types\/page"}],"author":[{"embeddable":true,"href":"https:\/\/instytutpolski.pl\/stockholm\/wp-json\/wp\/v2\/users\/1"}],"replies":[{"embeddable":true,"href":"https:\/\/instytutpolski.pl\/stockholm\/wp-json\/wp\/v2\/comments?post=587"}],"version-history":[{"count":4,"href":"https:\/\/instytutpolski.pl\/stockholm\/wp-json\/wp\/v2\/pages\/587\/revisions"}],"predecessor-version":[{"id":2778,"href":"https:\/\/instytutpolski.pl\/stockholm\/wp-json\/wp\/v2\/pages\/587\/revisions\/2778"}],"up":[{"embeddable":true,"href":"https:\/\/instytutpolski.pl\/stockholm\/wp-json\/wp\/v2\/pages\/564"}],"wp:featuredmedia":[{"embeddable":true,"href":"https:\/\/instytutpolski.pl\/stockholm\/wp-json\/wp\/v2\/media\/589"}],"wp:attachment":[{"href":"https:\/\/instytutpolski.pl\/stockholm\/wp-json\/wp\/v2\/media?parent=587"}],"curies":[{"name":"wp","href":"https:\/\/api.w.org\/{rel}","templated":true}]}}