{"id":591,"date":"2019-06-25T13:08:38","date_gmt":"2019-06-25T11:08:38","guid":{"rendered":"https:\/\/instytutpolski.pl\/sztokholm\/?page_id=591"},"modified":"2020-05-29T17:58:55","modified_gmt":"2020-05-29T15:58:55","slug":"certyfikacja-znajomosci-jezyka-polskiego","status":"publish","type":"page","link":"https:\/\/instytutpolski.pl\/stockholm\/pl\/jezyk-polski\/certyfikacja-znajomosci-jezyka-polskiego\/","title":{"rendered":"Certyfikacja znajomo\u015bci j\u0119zyka polskiego"},"content":{"rendered":"\n<p>Pa\u0144stwowe egzaminy certyfikatowe z\u00a0j\u0119zyka polskiego jako obcego sprawdzaj\u0105 poziom kompetencji j\u0119zykowych zdaj\u0105cych zgodnie z\u00a0wytycznymi\u00a0<a href=\"https:\/\/europass.cedefop.europa.eu\/pl\/resources\/european-language-levels-cefr\" target=\"_blank\" rel=\"noreferrer noopener\">Europejskiego Systemu Opisu Kszta\u0142cenia J\u0119zykowego<\/a>.<\/p>\n\n\n\n<p><strong>Do egzaminu mog\u0105 przyst\u0105pi\u0107 wszyscy cudzoziemcy oraz obywatele polscy na sta\u0142e mieszkaj\u0105cy za granic\u0105. Egzamin certyfikatowy mog\u0105 zdawa\u0107 doro\u015bli oraz m\u0142odzie\u017c w&nbsp;wieku 14-17 lat.<\/strong><\/p>\n\n\n\n<p>Egzaminy certyfikatowe z&nbsp;j\u0119zyka polskiego jako obcego mo\u017cna zdawa\u0107 od 2004 roku. Od tego czasu odby\u0142o si\u0119 267 egzamin\u00f3w, do kt\u00f3rych przyst\u0105pi\u0142o 11 697 os\u00f3b. Zdaj\u0105cy mogli zdawa\u0107 egzamin na poziomie B1, B2, C1 lub C2.<\/p>\n\n\n\n<p>Znajomo\u015b\u0107 j\u0119zyka polskiego okre\u015bla si\u0119 jako umiej\u0119tno\u015b\u0107 rozumienia wsp\u00f3\u0142czesnej polszczyzny pisanej i&nbsp;m\u00f3wionej oraz umiej\u0119tno\u015b\u0107 u\u017cywania j\u0119zyka polskiego w&nbsp;mowie i&nbsp;pi\u015bmie.<\/p>\n\n\n\n<p><strong>Przedmiotem oceny s\u0105 nast\u0119puj\u0105ce sprawno\u015bci:<\/strong><\/p>\n\n\n\n<ul class=\"wp-block-list\"><li>&nbsp;rozumienie ze s\u0142uchu,<\/li><li>&nbsp;poprawno\u015b\u0107 gramatyczna,<\/li><li>&nbsp;rozumienie tekst\u00f3w pisanych,<\/li><li>&nbsp;pisanie,<\/li><li>&nbsp;m\u00f3wienie.<\/li><\/ul>\n\n\n\n<p>Akty prawne, wed\u0142ug kt\u00f3rych dzia\u0142a system certyfikacji to\u00a0<a href=\"https:\/\/nawa.gov.pl\/images\/Jezyk-polski\/ustawa-o-JP.pdf\" target=\"_blank\" rel=\"noreferrer noopener\">ustawa o\u00a0j\u0119zyku polskim<\/a>,\u00a0<a href=\"https:\/\/nawa.gov.pl\/images\/Jezyk-polski\/2_Rozporzadzenie-o-PKdsPZJPjO.pdf\" target=\"_blank\" rel=\"noreferrer noopener\">rozporz\u0105dzenie<\/a>\u00a0reguluj\u0105ce funkcjonowanie Pa\u0144stwowej Komisji do spraw Po\u015bwiadczania Znajomo\u015bci J\u0119zyka Polskiego jako Obcego\u00a0oraz\u00a0<a href=\"http:\/\/certyfikatpolski.pl\/wp-content\/uploads\/2018\/05\/rozp_26_2_16.pdf\" target=\"_blank\" rel=\"noreferrer noopener\">Rozporz\u0105dzenie Ministra Nauki i\u00a0Szkolnictwa Wy\u017cszego z\u00a0dnia 26 lutego 2016 r. w\u00a0sprawie egzamin\u00f3w z\u00a0j\u0119zyka polskiego jako obcego<\/a>\u00a0okre\u015blaj\u0105ce zasady organizacji egzamin\u00f3w, a\u00a0tak\u017ce zasady wydawania certyfikat\u00f3w bez zdawania egzaminu, o\u00a0kt\u00f3re wnioskowa\u0107 mog\u0105 absolwenci polskich szk\u00f3\u0142 ponadgimnazjalnych, \u015brednich oraz wy\u017cszych.<\/p>\n\n\n\n<p>Szczeg\u00f3\u0142owe informacje dotycz\u0105ce certyfikacji j\u0119zyka polskiego jako obcego znajduj\u0105 si\u0119 na stronie\u00a0<a href=\"http:\/\/www.certyfikatpolski.pl\/\"><strong>www.<\/strong><\/a><strong><a href=\"http:\/\/www.certyfikatpolski.pl\/\" target=\"_blank\" rel=\"noreferrer noopener\">certyfikatpolski<\/a><\/strong><a href=\"http:\/\/www.certyfikatpolski.pl\/\"><strong>.pl<\/strong><\/a>.\u00a0<\/p>\n\n\n\n<p>Pytania prosimy kierowa\u0107 na adres mailowy:&nbsp;<a href=\"mailto:certyfikacja@nawa.gov.pl\">certyfikacja@nawa.gov.pl<\/a>&nbsp;lub telefonicznie 22-390-35-37<\/p>\n","protected":false},"excerpt":{"rendered":"<p>Pa\u0144stwowe egzaminy certyfikatowe z\u00a0j\u0119zyka polskiego jako obcego sprawdzaj\u0105 poziom kompetencji j\u0119zykowych zdaj\u0105cych zgodnie z\u00a0wytycznymi\u00a0Europejskiego Systemu Opisu Kszta\u0142cenia J\u0119zykowego. Do egzaminu mog\u0105 przyst\u0105pi\u0107 wszyscy cudzoziemcy oraz obywatele polscy na sta\u0142e mieszkaj\u0105cy za granic\u0105. Egzamin certyfikatowy mog\u0105 zdawa\u0107 doro\u015bli oraz m\u0142odzie\u017c w&nbsp;wieku 14-17 lat. Egzaminy certyfikatowe z&nbsp;j\u0119zyka polskiego jako obcego mo\u017cna zdawa\u0107 od 2004 roku. Od tego [&hellip;]<\/p>\n","protected":false},"author":1,"featured_media":589,"parent":568,"menu_order":0,"comment_status":"closed","ping_status":"closed","template":"","meta":{"inline_featured_image":false,"_monsterinsights_skip_tracking":false,"_monsterinsights_sitenote_active":false,"_monsterinsights_sitenote_note":"","_monsterinsights_sitenote_category":0,"footnotes":""},"class_list":["post-591","page","type-page","status-publish","has-post-thumbnail","hentry"],"yoast_head":"<!-- This site is optimized with the Yoast SEO plugin v24.6 - https:\/\/yoast.com\/wordpress\/plugins\/seo\/ -->\n<title>Certyfikacja znajomo\u015bci j\u0119zyka polskiego - Instytut Polski w Sztokholmie<\/title>\n<meta name=\"robots\" content=\"index, follow, max-snippet:-1, max-image-preview:large, max-video-preview:-1\" \/>\n<link rel=\"canonical\" href=\"https:\/\/instytutpolski.pl\/stockholm\/pl\/jezyk-polski\/certyfikacja-znajomosci-jezyka-polskiego\/\" \/>\n<meta property=\"og:locale\" content=\"pl_PL\" \/>\n<meta property=\"og:type\" content=\"article\" \/>\n<meta property=\"og:title\" content=\"Certyfikacja znajomo\u015bci j\u0119zyka polskiego - Instytut Polski w Sztokholmie\" \/>\n<meta property=\"og:description\" content=\"Pa\u0144stwowe egzaminy certyfikatowe z\u00a0j\u0119zyka polskiego jako obcego sprawdzaj\u0105 poziom kompetencji j\u0119zykowych zdaj\u0105cych zgodnie z\u00a0wytycznymi\u00a0Europejskiego Systemu Opisu Kszta\u0142cenia J\u0119zykowego. Do egzaminu mog\u0105 przyst\u0105pi\u0107 wszyscy cudzoziemcy oraz obywatele polscy na sta\u0142e mieszkaj\u0105cy za granic\u0105. Egzamin certyfikatowy mog\u0105 zdawa\u0107 doro\u015bli oraz m\u0142odzie\u017c w&nbsp;wieku 14-17 lat. Egzaminy certyfikatowe z&nbsp;j\u0119zyka polskiego jako obcego mo\u017cna zdawa\u0107 od 2004 roku. Od tego [&hellip;]\" \/>\n<meta property=\"og:url\" content=\"https:\/\/instytutpolski.pl\/stockholm\/pl\/jezyk-polski\/certyfikacja-znajomosci-jezyka-polskiego\/\" \/>\n<meta property=\"og:site_name\" content=\"Instytut Polski w Sztokholmie\" \/>\n<meta property=\"article:modified_time\" content=\"2020-05-29T15:58:55+00:00\" \/>\n<meta property=\"og:image\" content=\"https:\/\/instytutpolski.pl\/stockholm\/wp-content\/uploads\/sites\/17\/2019\/06\/certyfikacja-znajomosci.jpg\" \/>\n\t<meta property=\"og:image:width\" content=\"1920\" \/>\n\t<meta property=\"og:image:height\" content=\"700\" \/>\n\t<meta property=\"og:image:type\" content=\"image\/jpeg\" \/>\n<meta name=\"twitter:card\" content=\"summary_large_image\" \/>\n<meta name=\"twitter:label1\" content=\"Szacowany czas czytania\" \/>\n\t<meta name=\"twitter:data1\" content=\"1 minuta\" \/>\n<script type=\"application\/ld+json\" class=\"yoast-schema-graph\">{\"@context\":\"https:\/\/schema.org\",\"@graph\":[{\"@type\":\"WebPage\",\"@id\":\"https:\/\/instytutpolski.pl\/stockholm\/pl\/jezyk-polski\/certyfikacja-znajomosci-jezyka-polskiego\/\",\"url\":\"https:\/\/instytutpolski.pl\/stockholm\/pl\/jezyk-polski\/certyfikacja-znajomosci-jezyka-polskiego\/\",\"name\":\"Certyfikacja znajomo\u015bci j\u0119zyka polskiego - Instytut Polski w Sztokholmie\",\"isPartOf\":{\"@id\":\"https:\/\/instytutpolski.pl\/stockholm\/#website\"},\"primaryImageOfPage\":{\"@id\":\"https:\/\/instytutpolski.pl\/stockholm\/pl\/jezyk-polski\/certyfikacja-znajomosci-jezyka-polskiego\/#primaryimage\"},\"image\":{\"@id\":\"https:\/\/instytutpolski.pl\/stockholm\/pl\/jezyk-polski\/certyfikacja-znajomosci-jezyka-polskiego\/#primaryimage\"},\"thumbnailUrl\":\"https:\/\/instytutpolski.pl\/stockholm\/wp-content\/uploads\/sites\/17\/2019\/06\/certyfikacja-znajomosci.jpg\",\"datePublished\":\"2019-06-25T11:08:38+00:00\",\"dateModified\":\"2020-05-29T15:58:55+00:00\",\"breadcrumb\":{\"@id\":\"https:\/\/instytutpolski.pl\/stockholm\/pl\/jezyk-polski\/certyfikacja-znajomosci-jezyka-polskiego\/#breadcrumb\"},\"inLanguage\":\"pl-PL\",\"potentialAction\":[{\"@type\":\"ReadAction\",\"target\":[\"https:\/\/instytutpolski.pl\/stockholm\/pl\/jezyk-polski\/certyfikacja-znajomosci-jezyka-polskiego\/\"]}]},{\"@type\":\"ImageObject\",\"inLanguage\":\"pl-PL\",\"@id\":\"https:\/\/instytutpolski.pl\/stockholm\/pl\/jezyk-polski\/certyfikacja-znajomosci-jezyka-polskiego\/#primaryimage\",\"url\":\"https:\/\/instytutpolski.pl\/stockholm\/wp-content\/uploads\/sites\/17\/2019\/06\/certyfikacja-znajomosci.jpg\",\"contentUrl\":\"https:\/\/instytutpolski.pl\/stockholm\/wp-content\/uploads\/sites\/17\/2019\/06\/certyfikacja-znajomosci.jpg\",\"width\":1920,\"height\":700},{\"@type\":\"BreadcrumbList\",\"@id\":\"https:\/\/instytutpolski.pl\/stockholm\/pl\/jezyk-polski\/certyfikacja-znajomosci-jezyka-polskiego\/#breadcrumb\",\"itemListElement\":[{\"@type\":\"ListItem\",\"position\":1,\"name\":\"Home\",\"item\":\"https:\/\/instytutpolski.pl\/stockholm\/\"},{\"@type\":\"ListItem\",\"position\":2,\"name\":\"J\u0119zyk polski\",\"item\":\"https:\/\/instytutpolski.pl\/stockholm\/pl\/jezyk-polski\/\"},{\"@type\":\"ListItem\",\"position\":3,\"name\":\"Certyfikacja znajomo\u015bci j\u0119zyka polskiego\"}]},{\"@type\":\"WebSite\",\"@id\":\"https:\/\/instytutpolski.pl\/stockholm\/#website\",\"url\":\"https:\/\/instytutpolski.pl\/stockholm\/\",\"name\":\"Instytut Polski w Sztokholmie\",\"description\":\"Instytuty Polskie\",\"potentialAction\":[{\"@type\":\"SearchAction\",\"target\":{\"@type\":\"EntryPoint\",\"urlTemplate\":\"https:\/\/instytutpolski.pl\/stockholm\/?s={search_term_string}\"},\"query-input\":{\"@type\":\"PropertyValueSpecification\",\"valueRequired\":true,\"valueName\":\"search_term_string\"}}],\"inLanguage\":\"pl-PL\"}]}<\/script>\n<!-- \/ Yoast SEO plugin. -->","yoast_head_json":{"title":"Certyfikacja znajomo\u015bci j\u0119zyka polskiego - Instytut Polski w Sztokholmie","robots":{"index":"index","follow":"follow","max-snippet":"max-snippet:-1","max-image-preview":"max-image-preview:large","max-video-preview":"max-video-preview:-1"},"canonical":"https:\/\/instytutpolski.pl\/stockholm\/pl\/jezyk-polski\/certyfikacja-znajomosci-jezyka-polskiego\/","og_locale":"pl_PL","og_type":"article","og_title":"Certyfikacja znajomo\u015bci j\u0119zyka polskiego - Instytut Polski w Sztokholmie","og_description":"Pa\u0144stwowe egzaminy certyfikatowe z\u00a0j\u0119zyka polskiego jako obcego sprawdzaj\u0105 poziom kompetencji j\u0119zykowych zdaj\u0105cych zgodnie z\u00a0wytycznymi\u00a0Europejskiego Systemu Opisu Kszta\u0142cenia J\u0119zykowego. Do egzaminu mog\u0105 przyst\u0105pi\u0107 wszyscy cudzoziemcy oraz obywatele polscy na sta\u0142e mieszkaj\u0105cy za granic\u0105. Egzamin certyfikatowy mog\u0105 zdawa\u0107 doro\u015bli oraz m\u0142odzie\u017c w&nbsp;wieku 14-17 lat. Egzaminy certyfikatowe z&nbsp;j\u0119zyka polskiego jako obcego mo\u017cna zdawa\u0107 od 2004 roku. Od tego [&hellip;]","og_url":"https:\/\/instytutpolski.pl\/stockholm\/pl\/jezyk-polski\/certyfikacja-znajomosci-jezyka-polskiego\/","og_site_name":"Instytut Polski w Sztokholmie","article_modified_time":"2020-05-29T15:58:55+00:00","og_image":[{"width":1920,"height":700,"url":"https:\/\/instytutpolski.pl\/stockholm\/wp-content\/uploads\/sites\/17\/2019\/06\/certyfikacja-znajomosci.jpg","type":"image\/jpeg"}],"twitter_card":"summary_large_image","twitter_misc":{"Szacowany czas czytania":"1 minuta"},"schema":{"@context":"https:\/\/schema.org","@graph":[{"@type":"WebPage","@id":"https:\/\/instytutpolski.pl\/stockholm\/pl\/jezyk-polski\/certyfikacja-znajomosci-jezyka-polskiego\/","url":"https:\/\/instytutpolski.pl\/stockholm\/pl\/jezyk-polski\/certyfikacja-znajomosci-jezyka-polskiego\/","name":"Certyfikacja znajomo\u015bci j\u0119zyka polskiego - Instytut Polski w Sztokholmie","isPartOf":{"@id":"https:\/\/instytutpolski.pl\/stockholm\/#website"},"primaryImageOfPage":{"@id":"https:\/\/instytutpolski.pl\/stockholm\/pl\/jezyk-polski\/certyfikacja-znajomosci-jezyka-polskiego\/#primaryimage"},"image":{"@id":"https:\/\/instytutpolski.pl\/stockholm\/pl\/jezyk-polski\/certyfikacja-znajomosci-jezyka-polskiego\/#primaryimage"},"thumbnailUrl":"https:\/\/instytutpolski.pl\/stockholm\/wp-content\/uploads\/sites\/17\/2019\/06\/certyfikacja-znajomosci.jpg","datePublished":"2019-06-25T11:08:38+00:00","dateModified":"2020-05-29T15:58:55+00:00","breadcrumb":{"@id":"https:\/\/instytutpolski.pl\/stockholm\/pl\/jezyk-polski\/certyfikacja-znajomosci-jezyka-polskiego\/#breadcrumb"},"inLanguage":"pl-PL","potentialAction":[{"@type":"ReadAction","target":["https:\/\/instytutpolski.pl\/stockholm\/pl\/jezyk-polski\/certyfikacja-znajomosci-jezyka-polskiego\/"]}]},{"@type":"ImageObject","inLanguage":"pl-PL","@id":"https:\/\/instytutpolski.pl\/stockholm\/pl\/jezyk-polski\/certyfikacja-znajomosci-jezyka-polskiego\/#primaryimage","url":"https:\/\/instytutpolski.pl\/stockholm\/wp-content\/uploads\/sites\/17\/2019\/06\/certyfikacja-znajomosci.jpg","contentUrl":"https:\/\/instytutpolski.pl\/stockholm\/wp-content\/uploads\/sites\/17\/2019\/06\/certyfikacja-znajomosci.jpg","width":1920,"height":700},{"@type":"BreadcrumbList","@id":"https:\/\/instytutpolski.pl\/stockholm\/pl\/jezyk-polski\/certyfikacja-znajomosci-jezyka-polskiego\/#breadcrumb","itemListElement":[{"@type":"ListItem","position":1,"name":"Home","item":"https:\/\/instytutpolski.pl\/stockholm\/"},{"@type":"ListItem","position":2,"name":"J\u0119zyk polski","item":"https:\/\/instytutpolski.pl\/stockholm\/pl\/jezyk-polski\/"},{"@type":"ListItem","position":3,"name":"Certyfikacja znajomo\u015bci j\u0119zyka polskiego"}]},{"@type":"WebSite","@id":"https:\/\/instytutpolski.pl\/stockholm\/#website","url":"https:\/\/instytutpolski.pl\/stockholm\/","name":"Instytut Polski w Sztokholmie","description":"Instytuty Polskie","potentialAction":[{"@type":"SearchAction","target":{"@type":"EntryPoint","urlTemplate":"https:\/\/instytutpolski.pl\/stockholm\/?s={search_term_string}"},"query-input":{"@type":"PropertyValueSpecification","valueRequired":true,"valueName":"search_term_string"}}],"inLanguage":"pl-PL"}]}},"_links":{"self":[{"href":"https:\/\/instytutpolski.pl\/stockholm\/wp-json\/wp\/v2\/pages\/591","targetHints":{"allow":["GET"]}}],"collection":[{"href":"https:\/\/instytutpolski.pl\/stockholm\/wp-json\/wp\/v2\/pages"}],"about":[{"href":"https:\/\/instytutpolski.pl\/stockholm\/wp-json\/wp\/v2\/types\/page"}],"author":[{"embeddable":true,"href":"https:\/\/instytutpolski.pl\/stockholm\/wp-json\/wp\/v2\/users\/1"}],"replies":[{"embeddable":true,"href":"https:\/\/instytutpolski.pl\/stockholm\/wp-json\/wp\/v2\/comments?post=591"}],"version-history":[{"count":3,"href":"https:\/\/instytutpolski.pl\/stockholm\/wp-json\/wp\/v2\/pages\/591\/revisions"}],"predecessor-version":[{"id":2260,"href":"https:\/\/instytutpolski.pl\/stockholm\/wp-json\/wp\/v2\/pages\/591\/revisions\/2260"}],"up":[{"embeddable":true,"href":"https:\/\/instytutpolski.pl\/stockholm\/wp-json\/wp\/v2\/pages\/568"}],"wp:featuredmedia":[{"embeddable":true,"href":"https:\/\/instytutpolski.pl\/stockholm\/wp-json\/wp\/v2\/media\/589"}],"wp:attachment":[{"href":"https:\/\/instytutpolski.pl\/stockholm\/wp-json\/wp\/v2\/media?parent=591"}],"curies":[{"name":"wp","href":"https:\/\/api.w.org\/{rel}","templated":true}]}}