{"id":594,"date":"2019-06-25T13:09:17","date_gmt":"2019-06-25T11:09:17","guid":{"rendered":"https:\/\/instytutpolski.pl\/sztokholm\/?page_id=594"},"modified":"2020-06-09T13:26:24","modified_gmt":"2020-06-09T11:26:24","slug":"kurser-och-kursmaterial-online","status":"publish","type":"page","link":"https:\/\/instytutpolski.pl\/stockholm\/polska-spraket\/kurser-och-kursmaterial-online\/","title":{"rendered":"Kurser och kursmaterial online"},"content":{"rendered":"\n<p><strong>L\u00e4r dig polska &#8211; ett av Europas st\u00f6rsta spr\u00e5k<\/strong><\/p>\n\n\n\n<p><a href=\"https:\/\/mowicpopolsku.com\/\" target=\"_blank\" rel=\"noreferrer noopener\">M\u00f3wi\u0107 po polsku<\/a>: ett rikt urval av gratis polskalektioner. Inneh\u00e5ller moduler om allt fr\u00e5n uttal till grammatik.<\/p>\n\n\n\n<p><a href=\"https:\/\/en.wikibooks.org\/wiki\/Polish\" target=\"_blank\" rel=\"noreferrer noopener\">Wikibooks 1<\/a>: gratis l\u00e4robok i polska online<\/p>\n\n\n\n<p><a href=\"https:\/\/en.wikibooks.org\/wiki\/Polish\/Some_useful_expressions?fbclid=IwAR1alm4efhdKe17lm0oGHyh1lg-wp-a3w0LrP613N6ZUYtAcko67eoUr-Nc\" target=\"_blank\" rel=\"noreferrer noopener\">Wikibooks 2:<\/a> praktiska fraser p\u00e5 polska inklusive uttal<\/p>\n\n\n\n<p><a href=\"https:\/\/www.livelingua.com\/project\/fsi\/Polish\/\" target=\"_blank\" rel=\"noreferrer noopener\">Live Lingua<\/a>: P\u00e5 Live Lingua finns fler gratis polska spr\u00e5kkurser, en lista \u00f6ver l\u00e4rob\u00f6cker fr\u00e5n FSI (Foreign Service Institute) och audiomaterial.<\/p>\n\n\n\n<p><a href=\"http:\/\/faculty.las.illinois.edu\/gladney\/Elementary_Polish\/Start.html\" target=\"_blank\" rel=\"noreferrer noopener\">Elementary Polish<\/a> \u00e4r en gratis grundkurs i polska skapad av en l\u00e4rare fr\u00e5n universitetet i Chicago.<\/p>\n\n\n\n<p><a href=\"http:\/\/polishgrammar.com\/free-online-course\/\" target=\"_blank\" rel=\"noreferrer noopener\">Polish Grammar<\/a>\u00a0inneh\u00e5ller gratis polska spr\u00e5klektioner, grammatik, digitala memoreringskort f\u00f6r spr\u00e5kinl\u00e4rning och information om polsk kultur.<\/p>\n\n\n\n<p><a href=\"https:\/\/www.repeto.org\/blog\/languages\/polish\" target=\"_blank\" rel=\"noreferrer noopener\">Repeto: I Will Teach You Polish<\/a>: undervisar i polska med hj\u00e4lp av texter med ljud. Det finns lektioner om olika \u00e4mnen och situationer, som t ex att g\u00e5 p\u00e5 bio, liksom spr\u00e5kundervisning med hj\u00e4lp av s\u00e5ngtexter.<\/p>\n\n\n\n<p><a href=\"http:\/\/www.polskiinternet.com\/english\/education\/polishalphabet.shtml\" target=\"_blank\" rel=\"noreferrer noopener\">Polishinternet.com:<\/a> 45 gratis videolektioner i polska<\/p>\n\n\n\n<p><a rel=\"noreferrer noopener\" href=\"http:\/\/www.learnpolishfeelgood.com\/index.html\" target=\"_blank\">Learn Polish Feel Good:<\/a> gratis lektioner i polskans grammatik och ordf\u00f6rr\u00e5d.<\/p>\n\n\n\n<hr class=\"wp-block-separator\" \/>\n\n\n\n<p><strong>L<strong>\u00e4<\/strong>s mer information om polska spr\u00e5ket&nbsp;h\u00e4r<\/strong>:<\/p>\n\n\n<a href=\"https:\/\/instytutpolski.pl\/stockholm\/wp-content\/uploads\/sites\/17\/2020\/06\/internet-JP-szwedzki.pdf\" class=\"pdfemb-viewer\" style=\"\" data-width=\"max\" data-height=\"max\" data-toolbar=\"bottom\" data-toolbar-fixed=\"off\">internet-JP-szwedzki<\/a>\n<p class=\"wp-block-pdfemb-pdf-embedder-viewer\"><\/p>\n\n\n\n<p><\/p>\n","protected":false},"excerpt":{"rendered":"<p>L\u00e4r dig polska &#8211; ett av Europas st\u00f6rsta spr\u00e5k M\u00f3wi\u0107 po polsku: ett rikt urval av gratis polskalektioner. Inneh\u00e5ller moduler om allt fr\u00e5n uttal till grammatik. Wikibooks 1: gratis l\u00e4robok i polska online Wikibooks 2: praktiska fraser p\u00e5 polska inklusive uttal Live Lingua: P\u00e5 Live Lingua finns fler gratis polska spr\u00e5kkurser, en lista \u00f6ver l\u00e4rob\u00f6cker [&hellip;]<\/p>\n","protected":false},"author":1,"featured_media":2686,"parent":564,"menu_order":0,"comment_status":"closed","ping_status":"closed","template":"","meta":{"inline_featured_image":false,"_monsterinsights_skip_tracking":false,"_monsterinsights_sitenote_active":false,"_monsterinsights_sitenote_note":"","_monsterinsights_sitenote_category":0,"footnotes":""},"class_list":["post-594","page","type-page","status-publish","has-post-thumbnail","hentry"],"yoast_head":"<!-- This site is optimized with the Yoast SEO plugin v24.6 - https:\/\/yoast.com\/wordpress\/plugins\/seo\/ -->\n<title>Kurser och kursmaterial online - Instytut Polski w Sztokholmie<\/title>\n<meta name=\"robots\" content=\"index, follow, max-snippet:-1, max-image-preview:large, max-video-preview:-1\" \/>\n<link rel=\"canonical\" href=\"https:\/\/instytutpolski.pl\/stockholm\/polska-spraket\/kurser-och-kursmaterial-online\/\" \/>\n<meta property=\"og:locale\" content=\"pl_PL\" \/>\n<meta property=\"og:type\" content=\"article\" \/>\n<meta property=\"og:title\" content=\"Kurser och kursmaterial online - Instytut Polski w Sztokholmie\" \/>\n<meta property=\"og:description\" content=\"L\u00e4r dig polska &#8211; ett av Europas st\u00f6rsta spr\u00e5k M\u00f3wi\u0107 po polsku: ett rikt urval av gratis polskalektioner. Inneh\u00e5ller moduler om allt fr\u00e5n uttal till grammatik. Wikibooks 1: gratis l\u00e4robok i polska online Wikibooks 2: praktiska fraser p\u00e5 polska inklusive uttal Live Lingua: P\u00e5 Live Lingua finns fler gratis polska spr\u00e5kkurser, en lista \u00f6ver l\u00e4rob\u00f6cker [&hellip;]\" \/>\n<meta property=\"og:url\" content=\"https:\/\/instytutpolski.pl\/stockholm\/polska-spraket\/kurser-och-kursmaterial-online\/\" \/>\n<meta property=\"og:site_name\" content=\"Instytut Polski w Sztokholmie\" \/>\n<meta property=\"article:modified_time\" content=\"2020-06-09T11:26:24+00:00\" \/>\n<meta property=\"og:image\" content=\"https:\/\/instytutpolski.pl\/stockholm\/wp-content\/uploads\/sites\/17\/2020\/06\/jess-bailey-q10VITrVYUM-unsplash.jpg\" \/>\n\t<meta property=\"og:image:width\" content=\"2000\" \/>\n\t<meta property=\"og:image:height\" content=\"1500\" \/>\n\t<meta property=\"og:image:type\" content=\"image\/jpeg\" \/>\n<meta name=\"twitter:card\" content=\"summary_large_image\" \/>\n<meta name=\"twitter:label1\" content=\"Szacowany czas czytania\" \/>\n\t<meta name=\"twitter:data1\" content=\"1 minuta\" \/>\n<script type=\"application\/ld+json\" class=\"yoast-schema-graph\">{\"@context\":\"https:\/\/schema.org\",\"@graph\":[{\"@type\":\"WebPage\",\"@id\":\"https:\/\/instytutpolski.pl\/stockholm\/polska-spraket\/kurser-och-kursmaterial-online\/\",\"url\":\"https:\/\/instytutpolski.pl\/stockholm\/polska-spraket\/kurser-och-kursmaterial-online\/\",\"name\":\"Kurser och kursmaterial online - Instytut Polski w Sztokholmie\",\"isPartOf\":{\"@id\":\"https:\/\/instytutpolski.pl\/stockholm\/#website\"},\"primaryImageOfPage\":{\"@id\":\"https:\/\/instytutpolski.pl\/stockholm\/polska-spraket\/kurser-och-kursmaterial-online\/#primaryimage\"},\"image\":{\"@id\":\"https:\/\/instytutpolski.pl\/stockholm\/polska-spraket\/kurser-och-kursmaterial-online\/#primaryimage\"},\"thumbnailUrl\":\"https:\/\/instytutpolski.pl\/stockholm\/wp-content\/uploads\/sites\/17\/2020\/06\/jess-bailey-q10VITrVYUM-unsplash.jpg\",\"datePublished\":\"2019-06-25T11:09:17+00:00\",\"dateModified\":\"2020-06-09T11:26:24+00:00\",\"breadcrumb\":{\"@id\":\"https:\/\/instytutpolski.pl\/stockholm\/polska-spraket\/kurser-och-kursmaterial-online\/#breadcrumb\"},\"inLanguage\":\"pl-PL\",\"potentialAction\":[{\"@type\":\"ReadAction\",\"target\":[\"https:\/\/instytutpolski.pl\/stockholm\/polska-spraket\/kurser-och-kursmaterial-online\/\"]}]},{\"@type\":\"ImageObject\",\"inLanguage\":\"pl-PL\",\"@id\":\"https:\/\/instytutpolski.pl\/stockholm\/polska-spraket\/kurser-och-kursmaterial-online\/#primaryimage\",\"url\":\"https:\/\/instytutpolski.pl\/stockholm\/wp-content\/uploads\/sites\/17\/2020\/06\/jess-bailey-q10VITrVYUM-unsplash.jpg\",\"contentUrl\":\"https:\/\/instytutpolski.pl\/stockholm\/wp-content\/uploads\/sites\/17\/2020\/06\/jess-bailey-q10VITrVYUM-unsplash.jpg\",\"width\":2000,\"height\":1500},{\"@type\":\"BreadcrumbList\",\"@id\":\"https:\/\/instytutpolski.pl\/stockholm\/polska-spraket\/kurser-och-kursmaterial-online\/#breadcrumb\",\"itemListElement\":[{\"@type\":\"ListItem\",\"position\":1,\"name\":\"Home\",\"item\":\"https:\/\/instytutpolski.pl\/stockholm\/\"},{\"@type\":\"ListItem\",\"position\":2,\"name\":\"Polska spr\u00e5ket\",\"item\":\"https:\/\/instytutpolski.pl\/stockholm\/polska-spraket\/\"},{\"@type\":\"ListItem\",\"position\":3,\"name\":\"Kurser och kursmaterial online\"}]},{\"@type\":\"WebSite\",\"@id\":\"https:\/\/instytutpolski.pl\/stockholm\/#website\",\"url\":\"https:\/\/instytutpolski.pl\/stockholm\/\",\"name\":\"Instytut Polski w Sztokholmie\",\"description\":\"Instytuty Polskie\",\"potentialAction\":[{\"@type\":\"SearchAction\",\"target\":{\"@type\":\"EntryPoint\",\"urlTemplate\":\"https:\/\/instytutpolski.pl\/stockholm\/?s={search_term_string}\"},\"query-input\":{\"@type\":\"PropertyValueSpecification\",\"valueRequired\":true,\"valueName\":\"search_term_string\"}}],\"inLanguage\":\"pl-PL\"}]}<\/script>\n<!-- \/ Yoast SEO plugin. -->","yoast_head_json":{"title":"Kurser och kursmaterial online - Instytut Polski w Sztokholmie","robots":{"index":"index","follow":"follow","max-snippet":"max-snippet:-1","max-image-preview":"max-image-preview:large","max-video-preview":"max-video-preview:-1"},"canonical":"https:\/\/instytutpolski.pl\/stockholm\/polska-spraket\/kurser-och-kursmaterial-online\/","og_locale":"pl_PL","og_type":"article","og_title":"Kurser och kursmaterial online - Instytut Polski w Sztokholmie","og_description":"L\u00e4r dig polska &#8211; ett av Europas st\u00f6rsta spr\u00e5k M\u00f3wi\u0107 po polsku: ett rikt urval av gratis polskalektioner. Inneh\u00e5ller moduler om allt fr\u00e5n uttal till grammatik. Wikibooks 1: gratis l\u00e4robok i polska online Wikibooks 2: praktiska fraser p\u00e5 polska inklusive uttal Live Lingua: P\u00e5 Live Lingua finns fler gratis polska spr\u00e5kkurser, en lista \u00f6ver l\u00e4rob\u00f6cker [&hellip;]","og_url":"https:\/\/instytutpolski.pl\/stockholm\/polska-spraket\/kurser-och-kursmaterial-online\/","og_site_name":"Instytut Polski w Sztokholmie","article_modified_time":"2020-06-09T11:26:24+00:00","og_image":[{"width":2000,"height":1500,"url":"https:\/\/instytutpolski.pl\/stockholm\/wp-content\/uploads\/sites\/17\/2020\/06\/jess-bailey-q10VITrVYUM-unsplash.jpg","type":"image\/jpeg"}],"twitter_card":"summary_large_image","twitter_misc":{"Szacowany czas czytania":"1 minuta"},"schema":{"@context":"https:\/\/schema.org","@graph":[{"@type":"WebPage","@id":"https:\/\/instytutpolski.pl\/stockholm\/polska-spraket\/kurser-och-kursmaterial-online\/","url":"https:\/\/instytutpolski.pl\/stockholm\/polska-spraket\/kurser-och-kursmaterial-online\/","name":"Kurser och kursmaterial online - Instytut Polski w Sztokholmie","isPartOf":{"@id":"https:\/\/instytutpolski.pl\/stockholm\/#website"},"primaryImageOfPage":{"@id":"https:\/\/instytutpolski.pl\/stockholm\/polska-spraket\/kurser-och-kursmaterial-online\/#primaryimage"},"image":{"@id":"https:\/\/instytutpolski.pl\/stockholm\/polska-spraket\/kurser-och-kursmaterial-online\/#primaryimage"},"thumbnailUrl":"https:\/\/instytutpolski.pl\/stockholm\/wp-content\/uploads\/sites\/17\/2020\/06\/jess-bailey-q10VITrVYUM-unsplash.jpg","datePublished":"2019-06-25T11:09:17+00:00","dateModified":"2020-06-09T11:26:24+00:00","breadcrumb":{"@id":"https:\/\/instytutpolski.pl\/stockholm\/polska-spraket\/kurser-och-kursmaterial-online\/#breadcrumb"},"inLanguage":"pl-PL","potentialAction":[{"@type":"ReadAction","target":["https:\/\/instytutpolski.pl\/stockholm\/polska-spraket\/kurser-och-kursmaterial-online\/"]}]},{"@type":"ImageObject","inLanguage":"pl-PL","@id":"https:\/\/instytutpolski.pl\/stockholm\/polska-spraket\/kurser-och-kursmaterial-online\/#primaryimage","url":"https:\/\/instytutpolski.pl\/stockholm\/wp-content\/uploads\/sites\/17\/2020\/06\/jess-bailey-q10VITrVYUM-unsplash.jpg","contentUrl":"https:\/\/instytutpolski.pl\/stockholm\/wp-content\/uploads\/sites\/17\/2020\/06\/jess-bailey-q10VITrVYUM-unsplash.jpg","width":2000,"height":1500},{"@type":"BreadcrumbList","@id":"https:\/\/instytutpolski.pl\/stockholm\/polska-spraket\/kurser-och-kursmaterial-online\/#breadcrumb","itemListElement":[{"@type":"ListItem","position":1,"name":"Home","item":"https:\/\/instytutpolski.pl\/stockholm\/"},{"@type":"ListItem","position":2,"name":"Polska spr\u00e5ket","item":"https:\/\/instytutpolski.pl\/stockholm\/polska-spraket\/"},{"@type":"ListItem","position":3,"name":"Kurser och kursmaterial online"}]},{"@type":"WebSite","@id":"https:\/\/instytutpolski.pl\/stockholm\/#website","url":"https:\/\/instytutpolski.pl\/stockholm\/","name":"Instytut Polski w Sztokholmie","description":"Instytuty Polskie","potentialAction":[{"@type":"SearchAction","target":{"@type":"EntryPoint","urlTemplate":"https:\/\/instytutpolski.pl\/stockholm\/?s={search_term_string}"},"query-input":{"@type":"PropertyValueSpecification","valueRequired":true,"valueName":"search_term_string"}}],"inLanguage":"pl-PL"}]}},"_links":{"self":[{"href":"https:\/\/instytutpolski.pl\/stockholm\/wp-json\/wp\/v2\/pages\/594","targetHints":{"allow":["GET"]}}],"collection":[{"href":"https:\/\/instytutpolski.pl\/stockholm\/wp-json\/wp\/v2\/pages"}],"about":[{"href":"https:\/\/instytutpolski.pl\/stockholm\/wp-json\/wp\/v2\/types\/page"}],"author":[{"embeddable":true,"href":"https:\/\/instytutpolski.pl\/stockholm\/wp-json\/wp\/v2\/users\/1"}],"replies":[{"embeddable":true,"href":"https:\/\/instytutpolski.pl\/stockholm\/wp-json\/wp\/v2\/comments?post=594"}],"version-history":[{"count":11,"href":"https:\/\/instytutpolski.pl\/stockholm\/wp-json\/wp\/v2\/pages\/594\/revisions"}],"predecessor-version":[{"id":2769,"href":"https:\/\/instytutpolski.pl\/stockholm\/wp-json\/wp\/v2\/pages\/594\/revisions\/2769"}],"up":[{"embeddable":true,"href":"https:\/\/instytutpolski.pl\/stockholm\/wp-json\/wp\/v2\/pages\/564"}],"wp:featuredmedia":[{"embeddable":true,"href":"https:\/\/instytutpolski.pl\/stockholm\/wp-json\/wp\/v2\/media\/2686"}],"wp:attachment":[{"href":"https:\/\/instytutpolski.pl\/stockholm\/wp-json\/wp\/v2\/media?parent=594"}],"curies":[{"name":"wp","href":"https:\/\/api.w.org\/{rel}","templated":true}]}}