{"id":6194,"date":"2021-09-01T14:40:52","date_gmt":"2021-09-01T12:40:52","guid":{"rendered":"https:\/\/instytutpolski.pl\/stockholm\/?page_id=6194"},"modified":"2024-09-13T16:50:58","modified_gmt":"2024-09-13T14:50:58","slug":"kinoteka-2021","status":"publish","type":"page","link":"https:\/\/instytutpolski.pl\/stockholm\/kinoteka-2021\/","title":{"rendered":"KINOTEKA 2024"},"content":{"rendered":"\n<p class=\"has-text-align-center\"><strong>Den 15:e upplagan av polska filmfestivalen Kinoteka Stockholm h\u00e5lls den 2-4 oktober 2024 p\u00e5 Zita Folkets Bio, i arrangemang av Polska institutet. Varje \u00e5r presenterar vi n\u00e5gra av de b\u00e4sta nya polska filmerna.<\/strong><\/p>\n\n\n\n<p>\u00c5rets upplaga av Kinoteka Stockholm fokuserar p\u00e5 nya, prisbel\u00f6nta filmer av debuterande regiss\u00f6rer. Dessutom visas en ny film av Ma\u0142gorzata Szumowska och Micha\u0142 Englert. Efter visningen kommer ett samtal med en speciell g\u00e4st fr\u00e5n Polen.<\/p>\n\n\n\n<p>2 \u2013 4 oktober 2024<\/p>\n\n\n\n<p>Zita Folkets Bio<\/p>\n\n\n\n<p>Birger Jarlsgatan 37, 111 45 Stockholm<\/p>\n\n\n\n<div style=\"height:59px\" aria-hidden=\"true\" class=\"wp-block-spacer\"><\/div>\n\n\n\n<p class=\"has-text-align-center\"><a href=\"https:\/\/instytutpolski.pl\/stockholm\/2024\/09\/13\/kinoteka-2024\/\">OM KINOTEKA<\/a> | <a href=\"https:\/\/instytutpolski.pl\/stockholm\/2024\/09\/13\/program-kinoteka-2024\/\">PROGRAM<\/a><\/p>\n","protected":false},"excerpt":{"rendered":"<p>Den 15:e upplagan av polska filmfestivalen Kinoteka Stockholm h\u00e5lls den 2-4 oktober 2024 p\u00e5 Zita Folkets Bio, i arrangemang av Polska institutet. Varje \u00e5r presenterar vi n\u00e5gra av de b\u00e4sta nya polska filmerna. \u00c5rets upplaga av Kinoteka Stockholm fokuserar p\u00e5 nya, prisbel\u00f6nta filmer av debuterande regiss\u00f6rer. Dessutom visas en ny film av Ma\u0142gorzata Szumowska och [&hellip;]<\/p>\n","protected":false},"author":29,"featured_media":12845,"parent":0,"menu_order":0,"comment_status":"closed","ping_status":"closed","template":"page-big-event.php","meta":{"inline_featured_image":false,"_monsterinsights_skip_tracking":false,"_monsterinsights_sitenote_active":false,"_monsterinsights_sitenote_note":"","_monsterinsights_sitenote_category":0,"footnotes":""},"class_list":["post-6194","page","type-page","status-publish","has-post-thumbnail","hentry"],"yoast_head":"<!-- This site is optimized with the Yoast SEO plugin v24.6 - https:\/\/yoast.com\/wordpress\/plugins\/seo\/ -->\n<title>KINOTEKA 2024 - Instytut Polski w Sztokholmie<\/title>\n<meta name=\"description\" content=\"Den 15:e upplagan av polska filmfestivalen Kinoteka Stockholm h\u00e5lls den 2-4 oktober 2024 p\u00e5 Zita Folkets Bio, i arrangemang av Polska institutet. Varje \u00e5r presenterar vi n\u00e5gra av de b\u00e4sta nya polska filmerna.\" \/>\n<meta name=\"robots\" content=\"index, follow, max-snippet:-1, max-image-preview:large, max-video-preview:-1\" \/>\n<link rel=\"canonical\" href=\"https:\/\/instytutpolski.pl\/stockholm\/kinoteka-2021\/\" \/>\n<meta property=\"og:locale\" content=\"pl_PL\" \/>\n<meta property=\"og:type\" content=\"article\" \/>\n<meta property=\"og:title\" content=\"KINOTEKA 2024 - Instytut Polski w Sztokholmie\" \/>\n<meta property=\"og:description\" content=\"Den 15:e upplagan av polska filmfestivalen Kinoteka Stockholm h\u00e5lls den 2-4 oktober 2024 p\u00e5 Zita Folkets Bio, i arrangemang av Polska institutet. Varje \u00e5r presenterar vi n\u00e5gra av de b\u00e4sta nya polska filmerna.\" \/>\n<meta property=\"og:url\" content=\"https:\/\/instytutpolski.pl\/stockholm\/kinoteka-2021\/\" \/>\n<meta property=\"og:site_name\" content=\"Instytut Polski w Sztokholmie\" \/>\n<meta property=\"article:modified_time\" content=\"2024-09-13T14:50:58+00:00\" \/>\n<meta property=\"og:image\" content=\"https:\/\/instytutpolski.pl\/stockholm\/wp-content\/uploads\/sites\/17\/2024\/09\/Kinoteka-Web-2024-min.png\" \/>\n\t<meta property=\"og:image:width\" content=\"4668\" \/>\n\t<meta property=\"og:image:height\" content=\"2584\" \/>\n\t<meta property=\"og:image:type\" content=\"image\/png\" \/>\n<meta name=\"twitter:card\" content=\"summary_large_image\" \/>\n<meta name=\"twitter:label1\" content=\"Szacowany czas czytania\" \/>\n\t<meta name=\"twitter:data1\" content=\"1 minuta\" \/>\n<script type=\"application\/ld+json\" class=\"yoast-schema-graph\">{\"@context\":\"https:\/\/schema.org\",\"@graph\":[{\"@type\":\"WebPage\",\"@id\":\"https:\/\/instytutpolski.pl\/stockholm\/kinoteka-2021\/\",\"url\":\"https:\/\/instytutpolski.pl\/stockholm\/kinoteka-2021\/\",\"name\":\"KINOTEKA 2024 - Instytut Polski w Sztokholmie\",\"isPartOf\":{\"@id\":\"https:\/\/instytutpolski.pl\/stockholm\/#website\"},\"primaryImageOfPage\":{\"@id\":\"https:\/\/instytutpolski.pl\/stockholm\/kinoteka-2021\/#primaryimage\"},\"image\":{\"@id\":\"https:\/\/instytutpolski.pl\/stockholm\/kinoteka-2021\/#primaryimage\"},\"thumbnailUrl\":\"https:\/\/instytutpolski.pl\/stockholm\/wp-content\/uploads\/sites\/17\/2024\/09\/Kinoteka-Web-2024-min.png\",\"datePublished\":\"2021-09-01T12:40:52+00:00\",\"dateModified\":\"2024-09-13T14:50:58+00:00\",\"description\":\"Den 15:e upplagan av polska filmfestivalen Kinoteka Stockholm h\u00e5lls den 2-4 oktober 2024 p\u00e5 Zita Folkets Bio, i arrangemang av Polska institutet. Varje \u00e5r presenterar vi n\u00e5gra av de b\u00e4sta nya polska filmerna.\",\"breadcrumb\":{\"@id\":\"https:\/\/instytutpolski.pl\/stockholm\/kinoteka-2021\/#breadcrumb\"},\"inLanguage\":\"pl-PL\",\"potentialAction\":[{\"@type\":\"ReadAction\",\"target\":[\"https:\/\/instytutpolski.pl\/stockholm\/kinoteka-2021\/\"]}]},{\"@type\":\"ImageObject\",\"inLanguage\":\"pl-PL\",\"@id\":\"https:\/\/instytutpolski.pl\/stockholm\/kinoteka-2021\/#primaryimage\",\"url\":\"https:\/\/instytutpolski.pl\/stockholm\/wp-content\/uploads\/sites\/17\/2024\/09\/Kinoteka-Web-2024-min.png\",\"contentUrl\":\"https:\/\/instytutpolski.pl\/stockholm\/wp-content\/uploads\/sites\/17\/2024\/09\/Kinoteka-Web-2024-min.png\",\"width\":4668,\"height\":2584},{\"@type\":\"BreadcrumbList\",\"@id\":\"https:\/\/instytutpolski.pl\/stockholm\/kinoteka-2021\/#breadcrumb\",\"itemListElement\":[{\"@type\":\"ListItem\",\"position\":1,\"name\":\"Home\",\"item\":\"https:\/\/instytutpolski.pl\/stockholm\/\"},{\"@type\":\"ListItem\",\"position\":2,\"name\":\"KINOTEKA 2024\"}]},{\"@type\":\"WebSite\",\"@id\":\"https:\/\/instytutpolski.pl\/stockholm\/#website\",\"url\":\"https:\/\/instytutpolski.pl\/stockholm\/\",\"name\":\"Instytut Polski w Sztokholmie\",\"description\":\"Instytuty Polskie\",\"potentialAction\":[{\"@type\":\"SearchAction\",\"target\":{\"@type\":\"EntryPoint\",\"urlTemplate\":\"https:\/\/instytutpolski.pl\/stockholm\/?s={search_term_string}\"},\"query-input\":{\"@type\":\"PropertyValueSpecification\",\"valueRequired\":true,\"valueName\":\"search_term_string\"}}],\"inLanguage\":\"pl-PL\"}]}<\/script>\n<!-- \/ Yoast SEO plugin. -->","yoast_head_json":{"title":"KINOTEKA 2024 - Instytut Polski w Sztokholmie","description":"Den 15:e upplagan av polska filmfestivalen Kinoteka Stockholm h\u00e5lls den 2-4 oktober 2024 p\u00e5 Zita Folkets Bio, i arrangemang av Polska institutet. Varje \u00e5r presenterar vi n\u00e5gra av de b\u00e4sta nya polska filmerna.","robots":{"index":"index","follow":"follow","max-snippet":"max-snippet:-1","max-image-preview":"max-image-preview:large","max-video-preview":"max-video-preview:-1"},"canonical":"https:\/\/instytutpolski.pl\/stockholm\/kinoteka-2021\/","og_locale":"pl_PL","og_type":"article","og_title":"KINOTEKA 2024 - Instytut Polski w Sztokholmie","og_description":"Den 15:e upplagan av polska filmfestivalen Kinoteka Stockholm h\u00e5lls den 2-4 oktober 2024 p\u00e5 Zita Folkets Bio, i arrangemang av Polska institutet. Varje \u00e5r presenterar vi n\u00e5gra av de b\u00e4sta nya polska filmerna.","og_url":"https:\/\/instytutpolski.pl\/stockholm\/kinoteka-2021\/","og_site_name":"Instytut Polski w Sztokholmie","article_modified_time":"2024-09-13T14:50:58+00:00","og_image":[{"width":4668,"height":2584,"url":"https:\/\/instytutpolski.pl\/stockholm\/wp-content\/uploads\/sites\/17\/2024\/09\/Kinoteka-Web-2024-min.png","type":"image\/png"}],"twitter_card":"summary_large_image","twitter_misc":{"Szacowany czas czytania":"1 minuta"},"schema":{"@context":"https:\/\/schema.org","@graph":[{"@type":"WebPage","@id":"https:\/\/instytutpolski.pl\/stockholm\/kinoteka-2021\/","url":"https:\/\/instytutpolski.pl\/stockholm\/kinoteka-2021\/","name":"KINOTEKA 2024 - Instytut Polski w Sztokholmie","isPartOf":{"@id":"https:\/\/instytutpolski.pl\/stockholm\/#website"},"primaryImageOfPage":{"@id":"https:\/\/instytutpolski.pl\/stockholm\/kinoteka-2021\/#primaryimage"},"image":{"@id":"https:\/\/instytutpolski.pl\/stockholm\/kinoteka-2021\/#primaryimage"},"thumbnailUrl":"https:\/\/instytutpolski.pl\/stockholm\/wp-content\/uploads\/sites\/17\/2024\/09\/Kinoteka-Web-2024-min.png","datePublished":"2021-09-01T12:40:52+00:00","dateModified":"2024-09-13T14:50:58+00:00","description":"Den 15:e upplagan av polska filmfestivalen Kinoteka Stockholm h\u00e5lls den 2-4 oktober 2024 p\u00e5 Zita Folkets Bio, i arrangemang av Polska institutet. Varje \u00e5r presenterar vi n\u00e5gra av de b\u00e4sta nya polska filmerna.","breadcrumb":{"@id":"https:\/\/instytutpolski.pl\/stockholm\/kinoteka-2021\/#breadcrumb"},"inLanguage":"pl-PL","potentialAction":[{"@type":"ReadAction","target":["https:\/\/instytutpolski.pl\/stockholm\/kinoteka-2021\/"]}]},{"@type":"ImageObject","inLanguage":"pl-PL","@id":"https:\/\/instytutpolski.pl\/stockholm\/kinoteka-2021\/#primaryimage","url":"https:\/\/instytutpolski.pl\/stockholm\/wp-content\/uploads\/sites\/17\/2024\/09\/Kinoteka-Web-2024-min.png","contentUrl":"https:\/\/instytutpolski.pl\/stockholm\/wp-content\/uploads\/sites\/17\/2024\/09\/Kinoteka-Web-2024-min.png","width":4668,"height":2584},{"@type":"BreadcrumbList","@id":"https:\/\/instytutpolski.pl\/stockholm\/kinoteka-2021\/#breadcrumb","itemListElement":[{"@type":"ListItem","position":1,"name":"Home","item":"https:\/\/instytutpolski.pl\/stockholm\/"},{"@type":"ListItem","position":2,"name":"KINOTEKA 2024"}]},{"@type":"WebSite","@id":"https:\/\/instytutpolski.pl\/stockholm\/#website","url":"https:\/\/instytutpolski.pl\/stockholm\/","name":"Instytut Polski w Sztokholmie","description":"Instytuty Polskie","potentialAction":[{"@type":"SearchAction","target":{"@type":"EntryPoint","urlTemplate":"https:\/\/instytutpolski.pl\/stockholm\/?s={search_term_string}"},"query-input":{"@type":"PropertyValueSpecification","valueRequired":true,"valueName":"search_term_string"}}],"inLanguage":"pl-PL"}]}},"_links":{"self":[{"href":"https:\/\/instytutpolski.pl\/stockholm\/wp-json\/wp\/v2\/pages\/6194","targetHints":{"allow":["GET"]}}],"collection":[{"href":"https:\/\/instytutpolski.pl\/stockholm\/wp-json\/wp\/v2\/pages"}],"about":[{"href":"https:\/\/instytutpolski.pl\/stockholm\/wp-json\/wp\/v2\/types\/page"}],"author":[{"embeddable":true,"href":"https:\/\/instytutpolski.pl\/stockholm\/wp-json\/wp\/v2\/users\/29"}],"replies":[{"embeddable":true,"href":"https:\/\/instytutpolski.pl\/stockholm\/wp-json\/wp\/v2\/comments?post=6194"}],"version-history":[{"count":19,"href":"https:\/\/instytutpolski.pl\/stockholm\/wp-json\/wp\/v2\/pages\/6194\/revisions"}],"predecessor-version":[{"id":14903,"href":"https:\/\/instytutpolski.pl\/stockholm\/wp-json\/wp\/v2\/pages\/6194\/revisions\/14903"}],"wp:featuredmedia":[{"embeddable":true,"href":"https:\/\/instytutpolski.pl\/stockholm\/wp-json\/wp\/v2\/media\/12845"}],"wp:attachment":[{"href":"https:\/\/instytutpolski.pl\/stockholm\/wp-json\/wp\/v2\/media?parent=6194"}],"curies":[{"name":"wp","href":"https:\/\/api.w.org\/{rel}","templated":true}]}}