{"id":620,"date":"2019-06-25T13:12:33","date_gmt":"2019-06-25T11:12:33","guid":{"rendered":"https:\/\/instytutpolski.pl\/sztokholm\/?page_id=620"},"modified":"2026-02-12T13:04:02","modified_gmt":"2026-02-12T12:04:02","slug":"medarbetarea","status":"publish","type":"page","link":"https:\/\/instytutpolski.pl\/stockholm\/medarbetarea\/","title":{"rendered":"Medarbetare"},"content":{"rendered":"\n<p><strong><br><strong><strong>Direkt\u00f6r<\/strong><\/strong><\/strong><br>Joanna Tamborska<br>T (0046) 8 50 57 50 80<br>sztokholm@instytutpolski.pl<\/p>\n\n\n\n<pre class=\"wp-block-verse\"><\/pre>\n\n\n\n<p><strong><strong><strong>Bitr\u00e4dande Direkt\u00f6<\/strong><\/strong>r<\/strong><br>Martyna van Nieuwland<br>T (0046) 8 50 57 50 80<br>sztokholm@instytutpolski.pl<\/p>\n\n\n\n<p><br><strong>Sekretariat <\/strong><br>T (0046) 8 50 57 50 80<br>sztokholm@instytutpolski.pl &nbsp;<\/p>\n\n\n\n<p><br><strong>Projektledare<\/strong><br>Dominika Jamroz<br>T (0046) 709 449 094<br>dominika.jamroz@instytutpolski.pl<\/p>\n\n\n\n<p><br><strong>Projektledare<\/strong><br>Micha\u0142 Piotrowski&nbsp;<br>T (0046) 763 16 57 94<br>michal.piotrowski@instytutpolski.pl <\/p>\n\n\n\n<p><br><strong>Projektledare<\/strong><br>Patrycja Anna Treichel<br>T (0046) 709 45 67 34<br>patrycja.treichel@instytutpolski.pl<\/p>\n\n\n\n<p><br><strong>\u00d6vers\u00e4ttare<\/strong><br>Tomas H\u00e5kanson<br>tomas.hakanson@instytutpolski.pl<\/p>\n\n\n\n<p><br><strong>Ekonomi- och administrationsansvarig<\/strong><br>Paulina Kilian<br>T (0046) 8 50 57 50 80<br>paulina.kilian@instytutpolski.pl<\/p>\n\n\n\n<pre class=\"wp-block-verse\"><\/pre>\n","protected":false},"excerpt":{"rendered":"<p>Direkt\u00f6rJoanna TamborskaT (0046) 8 50 57 50 80sztokholm@instytutpolski.pl Bitr\u00e4dande Direkt\u00f6rMartyna van NieuwlandT (0046) 8 50 57 50 80sztokholm@instytutpolski.pl Sekretariat T (0046) 8 50 57 50 80sztokholm@instytutpolski.pl &nbsp; ProjektledareDominika JamrozT (0046) 709 449 094dominika.jamroz@instytutpolski.pl ProjektledareMicha\u0142 Piotrowski&nbsp;T (0046) 763 16 57 94michal.piotrowski@instytutpolski.pl ProjektledarePatrycja Anna TreichelT (0046) 709 45 67 34patrycja.treichel@instytutpolski.pl \u00d6vers\u00e4ttareTomas H\u00e5kansontomas.hakanson@instytutpolski.pl Ekonomi- och administrationsansvarigPaulina KilianT (0046) [&hellip;]<\/p>\n","protected":false},"author":1,"featured_media":9323,"parent":0,"menu_order":0,"comment_status":"closed","ping_status":"closed","template":"","meta":{"inline_featured_image":false,"_monsterinsights_skip_tracking":false,"_monsterinsights_sitenote_active":false,"_monsterinsights_sitenote_note":"","_monsterinsights_sitenote_category":0,"footnotes":""},"class_list":["post-620","page","type-page","status-publish","has-post-thumbnail","hentry"],"yoast_head":"<!-- This site is optimized with the Yoast SEO plugin v24.6 - https:\/\/yoast.com\/wordpress\/plugins\/seo\/ -->\n<title>Medarbetare - Instytut Polski w Sztokholmie<\/title>\n<meta name=\"robots\" content=\"index, follow, max-snippet:-1, max-image-preview:large, max-video-preview:-1\" \/>\n<link rel=\"canonical\" href=\"https:\/\/instytutpolski.pl\/stockholm\/medarbetarea\/\" \/>\n<meta property=\"og:locale\" content=\"pl_PL\" \/>\n<meta property=\"og:type\" content=\"article\" \/>\n<meta property=\"og:title\" content=\"Medarbetare - Instytut Polski w Sztokholmie\" \/>\n<meta property=\"og:description\" content=\"Direkt\u00f6rJoanna TamborskaT (0046) 8 50 57 50 80sztokholm@instytutpolski.pl Bitr\u00e4dande Direkt\u00f6rMartyna van NieuwlandT (0046) 8 50 57 50 80sztokholm@instytutpolski.pl Sekretariat T (0046) 8 50 57 50 80sztokholm@instytutpolski.pl &nbsp; ProjektledareDominika JamrozT (0046) 709 449 094dominika.jamroz@instytutpolski.pl ProjektledareMicha\u0142 Piotrowski&nbsp;T (0046) 763 16 57 94michal.piotrowski@instytutpolski.pl ProjektledarePatrycja Anna TreichelT (0046) 709 45 67 34patrycja.treichel@instytutpolski.pl \u00d6vers\u00e4ttareTomas H\u00e5kansontomas.hakanson@instytutpolski.pl Ekonomi- och administrationsansvarigPaulina KilianT (0046) [&hellip;]\" \/>\n<meta property=\"og:url\" content=\"https:\/\/instytutpolski.pl\/stockholm\/medarbetarea\/\" \/>\n<meta property=\"og:site_name\" content=\"Instytut Polski w Sztokholmie\" \/>\n<meta property=\"article:modified_time\" content=\"2026-02-12T12:04:02+00:00\" \/>\n<meta property=\"og:image\" content=\"https:\/\/instytutpolski.pl\/stockholm\/wp-content\/uploads\/sites\/17\/2022\/09\/logo-ip.jpg\" \/>\n\t<meta property=\"og:image:width\" content=\"2000\" \/>\n\t<meta property=\"og:image:height\" content=\"1125\" \/>\n\t<meta property=\"og:image:type\" content=\"image\/jpeg\" \/>\n<meta name=\"twitter:card\" content=\"summary_large_image\" \/>\n<meta name=\"twitter:label1\" content=\"Szacowany czas czytania\" \/>\n\t<meta name=\"twitter:data1\" content=\"1 minuta\" \/>\n<script type=\"application\/ld+json\" class=\"yoast-schema-graph\">{\"@context\":\"https:\/\/schema.org\",\"@graph\":[{\"@type\":\"WebPage\",\"@id\":\"https:\/\/instytutpolski.pl\/stockholm\/medarbetarea\/\",\"url\":\"https:\/\/instytutpolski.pl\/stockholm\/medarbetarea\/\",\"name\":\"Medarbetare - Instytut Polski w Sztokholmie\",\"isPartOf\":{\"@id\":\"https:\/\/instytutpolski.pl\/stockholm\/#website\"},\"primaryImageOfPage\":{\"@id\":\"https:\/\/instytutpolski.pl\/stockholm\/medarbetarea\/#primaryimage\"},\"image\":{\"@id\":\"https:\/\/instytutpolski.pl\/stockholm\/medarbetarea\/#primaryimage\"},\"thumbnailUrl\":\"https:\/\/instytutpolski.pl\/stockholm\/wp-content\/uploads\/sites\/17\/2022\/09\/logo-ip.jpg\",\"datePublished\":\"2019-06-25T11:12:33+00:00\",\"dateModified\":\"2026-02-12T12:04:02+00:00\",\"breadcrumb\":{\"@id\":\"https:\/\/instytutpolski.pl\/stockholm\/medarbetarea\/#breadcrumb\"},\"inLanguage\":\"pl-PL\",\"potentialAction\":[{\"@type\":\"ReadAction\",\"target\":[\"https:\/\/instytutpolski.pl\/stockholm\/medarbetarea\/\"]}]},{\"@type\":\"ImageObject\",\"inLanguage\":\"pl-PL\",\"@id\":\"https:\/\/instytutpolski.pl\/stockholm\/medarbetarea\/#primaryimage\",\"url\":\"https:\/\/instytutpolski.pl\/stockholm\/wp-content\/uploads\/sites\/17\/2022\/09\/logo-ip.jpg\",\"contentUrl\":\"https:\/\/instytutpolski.pl\/stockholm\/wp-content\/uploads\/sites\/17\/2022\/09\/logo-ip.jpg\",\"width\":2000,\"height\":1125},{\"@type\":\"BreadcrumbList\",\"@id\":\"https:\/\/instytutpolski.pl\/stockholm\/medarbetarea\/#breadcrumb\",\"itemListElement\":[{\"@type\":\"ListItem\",\"position\":1,\"name\":\"Home\",\"item\":\"https:\/\/instytutpolski.pl\/stockholm\/\"},{\"@type\":\"ListItem\",\"position\":2,\"name\":\"Medarbetare\"}]},{\"@type\":\"WebSite\",\"@id\":\"https:\/\/instytutpolski.pl\/stockholm\/#website\",\"url\":\"https:\/\/instytutpolski.pl\/stockholm\/\",\"name\":\"Instytut Polski w Sztokholmie\",\"description\":\"Instytuty Polskie\",\"potentialAction\":[{\"@type\":\"SearchAction\",\"target\":{\"@type\":\"EntryPoint\",\"urlTemplate\":\"https:\/\/instytutpolski.pl\/stockholm\/?s={search_term_string}\"},\"query-input\":{\"@type\":\"PropertyValueSpecification\",\"valueRequired\":true,\"valueName\":\"search_term_string\"}}],\"inLanguage\":\"pl-PL\"}]}<\/script>\n<!-- \/ Yoast SEO plugin. -->","yoast_head_json":{"title":"Medarbetare - Instytut Polski w Sztokholmie","robots":{"index":"index","follow":"follow","max-snippet":"max-snippet:-1","max-image-preview":"max-image-preview:large","max-video-preview":"max-video-preview:-1"},"canonical":"https:\/\/instytutpolski.pl\/stockholm\/medarbetarea\/","og_locale":"pl_PL","og_type":"article","og_title":"Medarbetare - Instytut Polski w Sztokholmie","og_description":"Direkt\u00f6rJoanna TamborskaT (0046) 8 50 57 50 80sztokholm@instytutpolski.pl Bitr\u00e4dande Direkt\u00f6rMartyna van NieuwlandT (0046) 8 50 57 50 80sztokholm@instytutpolski.pl Sekretariat T (0046) 8 50 57 50 80sztokholm@instytutpolski.pl &nbsp; ProjektledareDominika JamrozT (0046) 709 449 094dominika.jamroz@instytutpolski.pl ProjektledareMicha\u0142 Piotrowski&nbsp;T (0046) 763 16 57 94michal.piotrowski@instytutpolski.pl ProjektledarePatrycja Anna TreichelT (0046) 709 45 67 34patrycja.treichel@instytutpolski.pl \u00d6vers\u00e4ttareTomas H\u00e5kansontomas.hakanson@instytutpolski.pl Ekonomi- och administrationsansvarigPaulina KilianT (0046) [&hellip;]","og_url":"https:\/\/instytutpolski.pl\/stockholm\/medarbetarea\/","og_site_name":"Instytut Polski w Sztokholmie","article_modified_time":"2026-02-12T12:04:02+00:00","og_image":[{"width":2000,"height":1125,"url":"https:\/\/instytutpolski.pl\/stockholm\/wp-content\/uploads\/sites\/17\/2022\/09\/logo-ip.jpg","type":"image\/jpeg"}],"twitter_card":"summary_large_image","twitter_misc":{"Szacowany czas czytania":"1 minuta"},"schema":{"@context":"https:\/\/schema.org","@graph":[{"@type":"WebPage","@id":"https:\/\/instytutpolski.pl\/stockholm\/medarbetarea\/","url":"https:\/\/instytutpolski.pl\/stockholm\/medarbetarea\/","name":"Medarbetare - Instytut Polski w Sztokholmie","isPartOf":{"@id":"https:\/\/instytutpolski.pl\/stockholm\/#website"},"primaryImageOfPage":{"@id":"https:\/\/instytutpolski.pl\/stockholm\/medarbetarea\/#primaryimage"},"image":{"@id":"https:\/\/instytutpolski.pl\/stockholm\/medarbetarea\/#primaryimage"},"thumbnailUrl":"https:\/\/instytutpolski.pl\/stockholm\/wp-content\/uploads\/sites\/17\/2022\/09\/logo-ip.jpg","datePublished":"2019-06-25T11:12:33+00:00","dateModified":"2026-02-12T12:04:02+00:00","breadcrumb":{"@id":"https:\/\/instytutpolski.pl\/stockholm\/medarbetarea\/#breadcrumb"},"inLanguage":"pl-PL","potentialAction":[{"@type":"ReadAction","target":["https:\/\/instytutpolski.pl\/stockholm\/medarbetarea\/"]}]},{"@type":"ImageObject","inLanguage":"pl-PL","@id":"https:\/\/instytutpolski.pl\/stockholm\/medarbetarea\/#primaryimage","url":"https:\/\/instytutpolski.pl\/stockholm\/wp-content\/uploads\/sites\/17\/2022\/09\/logo-ip.jpg","contentUrl":"https:\/\/instytutpolski.pl\/stockholm\/wp-content\/uploads\/sites\/17\/2022\/09\/logo-ip.jpg","width":2000,"height":1125},{"@type":"BreadcrumbList","@id":"https:\/\/instytutpolski.pl\/stockholm\/medarbetarea\/#breadcrumb","itemListElement":[{"@type":"ListItem","position":1,"name":"Home","item":"https:\/\/instytutpolski.pl\/stockholm\/"},{"@type":"ListItem","position":2,"name":"Medarbetare"}]},{"@type":"WebSite","@id":"https:\/\/instytutpolski.pl\/stockholm\/#website","url":"https:\/\/instytutpolski.pl\/stockholm\/","name":"Instytut Polski w Sztokholmie","description":"Instytuty Polskie","potentialAction":[{"@type":"SearchAction","target":{"@type":"EntryPoint","urlTemplate":"https:\/\/instytutpolski.pl\/stockholm\/?s={search_term_string}"},"query-input":{"@type":"PropertyValueSpecification","valueRequired":true,"valueName":"search_term_string"}}],"inLanguage":"pl-PL"}]}},"_links":{"self":[{"href":"https:\/\/instytutpolski.pl\/stockholm\/wp-json\/wp\/v2\/pages\/620","targetHints":{"allow":["GET"]}}],"collection":[{"href":"https:\/\/instytutpolski.pl\/stockholm\/wp-json\/wp\/v2\/pages"}],"about":[{"href":"https:\/\/instytutpolski.pl\/stockholm\/wp-json\/wp\/v2\/types\/page"}],"author":[{"embeddable":true,"href":"https:\/\/instytutpolski.pl\/stockholm\/wp-json\/wp\/v2\/users\/1"}],"replies":[{"embeddable":true,"href":"https:\/\/instytutpolski.pl\/stockholm\/wp-json\/wp\/v2\/comments?post=620"}],"version-history":[{"count":52,"href":"https:\/\/instytutpolski.pl\/stockholm\/wp-json\/wp\/v2\/pages\/620\/revisions"}],"predecessor-version":[{"id":15034,"href":"https:\/\/instytutpolski.pl\/stockholm\/wp-json\/wp\/v2\/pages\/620\/revisions\/15034"}],"wp:featuredmedia":[{"embeddable":true,"href":"https:\/\/instytutpolski.pl\/stockholm\/wp-json\/wp\/v2\/media\/9323"}],"wp:attachment":[{"href":"https:\/\/instytutpolski.pl\/stockholm\/wp-json\/wp\/v2\/media?parent=620"}],"curies":[{"name":"wp","href":"https:\/\/api.w.org\/{rel}","templated":true}]}}