{"id":6210,"date":"2021-09-01T14:56:05","date_gmt":"2021-09-01T12:56:05","guid":{"rendered":"https:\/\/instytutpolski.pl\/stockholm\/?page_id=6210"},"modified":"2021-09-06T17:02:44","modified_gmt":"2021-09-06T15:02:44","slug":"om-kinoteka-2021","status":"publish","type":"page","link":"https:\/\/instytutpolski.pl\/stockholm\/kinoteka\/om-kinoteka-2021\/","title":{"rendered":"Om Kinoteka"},"content":{"rendered":"\n<h5 class=\"wp-block-heading\"><strong>\u00c5rets upplaga av filmfestivalen Kinoteka Stockholm tar fokus p\u00e5 animation och litteraturinspirerade filmer. Kinotekas f\u00f6rsta dag handlar f\u00f6rst och fr\u00e4mst om polsk filmanimation medan de tv\u00e5 sista festivaldagarna till\u00e4gnas filmer som inspirerades av verk av den otroligt sp\u00e4nnande polska romanf\u00f6rfattaren, Stanis\u0142aw Lem, i festivalens nya filmsektion &#8211; Lemoteka.<\/strong><\/h5>\n\n\n\n<p><br>Kinoteka Stockholm 2021 inleds med\u00a0<strong>Mariusz Wilczy\u0144ski<\/strong>s animerade film\u00a0<strong>D\u00d6DA DET OCH L\u00c4MNA DEN H\u00c4R STADEN \/ ZABIJ TO I WYJED\u0179 Z TEGO MIASTA<\/strong>. Filmen ber\u00e4ttar om en vilsen person som i jakt efter trygghet flyr till ett minnenas land d\u00e4r tiden st\u00e5r still och alla hans k\u00e4ra och n\u00e4ra fortfarande finns kvar. Det \u00e4r en vacker och k\u00e4nslom\u00e4ssig resa genom huvudkarakt\u00e4rens minnen och dr\u00f6mmar. I \u00e5r vann filmen flera \u00d6rnar (Or\u0142y) \u2013 Polska filmakademins pris \u2013 i kategorier: b\u00e4sta film, b\u00e4sta musik, b\u00e4sta ljud och b\u00e4sta manus. Filmvisningen f\u00f6ljs av ett samtal med filmens regiss\u00f6r, Mariusz Wilczy\u0144ski.<\/p>\n\n\n\n<p>Under f\u00f6rsta festivaldagen visas ocks\u00e5&nbsp;<strong>Antoniszczak-retrospektiv<\/strong>. Antoniszczak, eller Antonisz, f\u00f6ddes den 8 november 1941 i Nowy S\u0105cz. Han var manusf\u00f6rfattare, regiss\u00f6r f\u00f6r animerade filmer, komposit\u00f6r och skapare av experimentell animation. Sedan 1977 gjorde han konsekvent filmer utan kamera \u2013 skapade utan anv\u00e4ndning av en kamera, ritade direkt p\u00e5 film.<\/p>\n\n\n\n<p>P\u00e5 andra och tredje dagen av festivalen visas filmer som \u00e4r baserade p\u00e5 eller inspirerade av <strong>Stanis\u0142aw Lem<\/strong> \u2013 den polska litteraturens m\u00e4stare i science fiction. Vi kallar denna sektion f\u00f6r <strong>Lemoteka<\/strong>.<\/p>\n\n\n\n<p>P\u00e5 Lemoteka presenterar vi <strong>Hanka Bruli\u0144ska<\/strong>s kortfilm <strong>THE MASK (MASKEN \/ MASKA)<\/strong> som bygger p\u00e5 en av Lems mest k\u00e4nda ber\u00e4ttelser, med samma titel. Efter filmvisningen h\u00e5lls ett samtal med regiss\u00f6ren, Hanka Bruli\u0144ska.<\/p>\n\n\n\n<p>Under festivalen visas ocks\u00e5 den delvis tecknade filmen <strong>THE CONGRESS (KONGRESSEN \/ KONGRES)<\/strong> av <strong>Ari Folman<\/strong>. Filmen baserades p\u00e5 ber\u00e4ttelsen <em>Kongres Futurologiczny<\/em> (<em>Den stora framtidskongressen<\/em>) av Stanis\u0142aw Lem. Filmen \u00e4r en samproduktion d\u00e4r polska animat\u00f6rer spelade en avg\u00f6rande roll.<\/p>\n\n\n\n<p>P\u00e5 sista dagen av festivalen presenterar vi <strong>RUMMET \/ POK\u00d3J<\/strong> av <strong>Krzysztof Jankowski<\/strong>. I filmen \u00e4r Ijon Tichy, en av Lems favoritkarakt\u00e4rer, delegat till det panslaviska parlamentet och f\u00f6r att bevara s\u00e4kerhet i rymden f\u00f6rs\u00f6ker han hindra inf\u00f6randet av \u201drumtidsb\u00f6jningsvapen&#8221; f\u00f6r allm\u00e4nheten.<\/p>\n\n\n\n<p>Senare visas <strong>KUNG HYDROPS R\u00c5DGIVARE \/ DORADCY KR\u00d3LA HYDROPSA<\/strong> av <strong>Natalia Bro\u017cy\u0144ska<\/strong>. Filmen ber\u00e4ttar en historia om kungen av Akwacja, Hydrops, och hans r\u00e5dgivare som beordrades att skapa kungens nya eftertr\u00e4dare.<\/p>\n\n\n\n<p>Festivalen avslutas med <strong>Andrzej Wajda<\/strong>s film <strong>LAGER P\u00c5 LAGER \/ ROLY POLY \/ PRZEK\u0141ADANIEC<\/strong> som bygger p\u00e5 <em>Czy Pan istnieje, Mr Johns? (Finns Ni, Mr John?)<\/em>.&nbsp;Filmmanuset skrevs av Stanis\u0142aw Lem, f\u00f6rfattaren till originalber\u00e4ttelsen och en expert p\u00e5 science-fiction och det groteska<a>. <\/a>Av alla filmatiseringar av hans b\u00f6cker var det den enda som Lem godk\u00e4nde och uppskattade.<\/p>\n\n\n\n<p>Vi hoppas att ni kommer att uppskatta \u00e5rets filmprogram i den begr\u00e4nsade upplagan av Kinoteka Stockholm.<\/p>\n\n\n\n<p>Vi \u00f6nskar er storartade filmupplevelser!<\/p>\n\n\n\n<p><br><em><strong>Samarbetspartners:<\/strong> Zita Folkets Bio, Rok Lema 2021, Filmoteka Narodowa, Ego Movies<\/em><\/p>\n\n\n\n<p><em><strong>Affisch: <\/strong>Krzysztof Ducki<\/em><\/p>\n\n\n\n<h6 class=\"has-text-align-center wp-block-heading\"><br><br><strong><a href=\"https:\/\/instytutpolski.pl\/stockholm\/kinoteka-lemoteka-2021\/\" target=\"_blank\" rel=\"noreferrer noopener\">KINOTEKA STOCKHOLM<\/a><\/strong> | <strong><a href=\"https:\/\/instytutpolski.pl\/stockholm\/kinoteka\/om-kinoteka-2021\/\" target=\"_blank\" rel=\"noreferrer noopener\">OM KINOTEKA<\/a><\/strong> | <strong><a href=\"https:\/\/instytutpolski.pl\/stockholm\/kinoteka\/program-2021\/\" target=\"_blank\" rel=\"noreferrer noopener\">PROGRAM<\/a><\/strong>  |  <strong>FILM OCH SAMTAL<\/strong><\/h6>\n","protected":false},"excerpt":{"rendered":"<p>\u00c5rets upplaga av filmfestivalen Kinoteka Stockholm tar fokus p\u00e5 animation och litteraturinspirerade filmer. Kinotekas f\u00f6rsta dag handlar f\u00f6rst och fr\u00e4mst om polsk filmanimation medan de tv\u00e5 sista festivaldagarna till\u00e4gnas filmer som inspirerades av verk av den otroligt sp\u00e4nnande polska romanf\u00f6rfattaren, Stanis\u0142aw Lem, i festivalens nya filmsektion &#8211; Lemoteka. Kinoteka Stockholm 2021 inleds med\u00a0Mariusz Wilczy\u0144skis animerade [&hellip;]<\/p>\n","protected":false},"author":29,"featured_media":6227,"parent":3461,"menu_order":0,"comment_status":"closed","ping_status":"closed","template":"","meta":{"inline_featured_image":false,"_monsterinsights_skip_tracking":false,"_monsterinsights_sitenote_active":false,"_monsterinsights_sitenote_note":"","_monsterinsights_sitenote_category":0,"footnotes":""},"class_list":["post-6210","page","type-page","status-publish","has-post-thumbnail","hentry"],"yoast_head":"<!-- This site is optimized with the Yoast SEO plugin v24.6 - https:\/\/yoast.com\/wordpress\/plugins\/seo\/ -->\n<title>Om Kinoteka - Instytut Polski w Sztokholmie<\/title>\n<meta name=\"robots\" content=\"index, follow, max-snippet:-1, max-image-preview:large, max-video-preview:-1\" \/>\n<link rel=\"canonical\" href=\"https:\/\/instytutpolski.pl\/stockholm\/kinoteka\/om-kinoteka-2021\/\" \/>\n<meta property=\"og:locale\" content=\"pl_PL\" \/>\n<meta property=\"og:type\" content=\"article\" \/>\n<meta property=\"og:title\" content=\"Om Kinoteka - Instytut Polski w Sztokholmie\" \/>\n<meta property=\"og:description\" content=\"\u00c5rets upplaga av filmfestivalen Kinoteka Stockholm tar fokus p\u00e5 animation och litteraturinspirerade filmer. Kinotekas f\u00f6rsta dag handlar f\u00f6rst och fr\u00e4mst om polsk filmanimation medan de tv\u00e5 sista festivaldagarna till\u00e4gnas filmer som inspirerades av verk av den otroligt sp\u00e4nnande polska romanf\u00f6rfattaren, Stanis\u0142aw Lem, i festivalens nya filmsektion &#8211; Lemoteka. Kinoteka Stockholm 2021 inleds med\u00a0Mariusz Wilczy\u0144skis animerade [&hellip;]\" \/>\n<meta property=\"og:url\" content=\"https:\/\/instytutpolski.pl\/stockholm\/kinoteka\/om-kinoteka-2021\/\" \/>\n<meta property=\"og:site_name\" content=\"Instytut Polski w Sztokholmie\" \/>\n<meta property=\"article:modified_time\" content=\"2021-09-06T15:02:44+00:00\" \/>\n<meta property=\"og:image\" content=\"https:\/\/instytutpolski.pl\/stockholm\/wp-content\/uploads\/sites\/17\/2021\/09\/LEM-900x507pxNEW.jpg\" \/>\n\t<meta property=\"og:image:width\" content=\"900\" \/>\n\t<meta property=\"og:image:height\" content=\"507\" \/>\n\t<meta property=\"og:image:type\" content=\"image\/jpeg\" \/>\n<meta name=\"twitter:card\" content=\"summary_large_image\" \/>\n<meta name=\"twitter:label1\" content=\"Szacowany czas czytania\" \/>\n\t<meta name=\"twitter:data1\" content=\"3 minuty\" \/>\n<script type=\"application\/ld+json\" class=\"yoast-schema-graph\">{\"@context\":\"https:\/\/schema.org\",\"@graph\":[{\"@type\":\"WebPage\",\"@id\":\"https:\/\/instytutpolski.pl\/stockholm\/kinoteka\/om-kinoteka-2021\/\",\"url\":\"https:\/\/instytutpolski.pl\/stockholm\/kinoteka\/om-kinoteka-2021\/\",\"name\":\"Om Kinoteka - Instytut Polski w Sztokholmie\",\"isPartOf\":{\"@id\":\"https:\/\/instytutpolski.pl\/stockholm\/#website\"},\"primaryImageOfPage\":{\"@id\":\"https:\/\/instytutpolski.pl\/stockholm\/kinoteka\/om-kinoteka-2021\/#primaryimage\"},\"image\":{\"@id\":\"https:\/\/instytutpolski.pl\/stockholm\/kinoteka\/om-kinoteka-2021\/#primaryimage\"},\"thumbnailUrl\":\"https:\/\/instytutpolski.pl\/stockholm\/wp-content\/uploads\/sites\/17\/2021\/09\/LEM-900x507pxNEW.jpg\",\"datePublished\":\"2021-09-01T12:56:05+00:00\",\"dateModified\":\"2021-09-06T15:02:44+00:00\",\"breadcrumb\":{\"@id\":\"https:\/\/instytutpolski.pl\/stockholm\/kinoteka\/om-kinoteka-2021\/#breadcrumb\"},\"inLanguage\":\"pl-PL\",\"potentialAction\":[{\"@type\":\"ReadAction\",\"target\":[\"https:\/\/instytutpolski.pl\/stockholm\/kinoteka\/om-kinoteka-2021\/\"]}]},{\"@type\":\"ImageObject\",\"inLanguage\":\"pl-PL\",\"@id\":\"https:\/\/instytutpolski.pl\/stockholm\/kinoteka\/om-kinoteka-2021\/#primaryimage\",\"url\":\"https:\/\/instytutpolski.pl\/stockholm\/wp-content\/uploads\/sites\/17\/2021\/09\/LEM-900x507pxNEW.jpg\",\"contentUrl\":\"https:\/\/instytutpolski.pl\/stockholm\/wp-content\/uploads\/sites\/17\/2021\/09\/LEM-900x507pxNEW.jpg\",\"width\":900,\"height\":507},{\"@type\":\"BreadcrumbList\",\"@id\":\"https:\/\/instytutpolski.pl\/stockholm\/kinoteka\/om-kinoteka-2021\/#breadcrumb\",\"itemListElement\":[{\"@type\":\"ListItem\",\"position\":1,\"name\":\"Home\",\"item\":\"https:\/\/instytutpolski.pl\/stockholm\/\"},{\"@type\":\"ListItem\",\"position\":2,\"name\":\"KINOTEKA 2020\",\"item\":\"https:\/\/instytutpolski.pl\/stockholm\/kinoteka\/\"},{\"@type\":\"ListItem\",\"position\":3,\"name\":\"Om Kinoteka\"}]},{\"@type\":\"WebSite\",\"@id\":\"https:\/\/instytutpolski.pl\/stockholm\/#website\",\"url\":\"https:\/\/instytutpolski.pl\/stockholm\/\",\"name\":\"Instytut Polski w Sztokholmie\",\"description\":\"Instytuty Polskie\",\"potentialAction\":[{\"@type\":\"SearchAction\",\"target\":{\"@type\":\"EntryPoint\",\"urlTemplate\":\"https:\/\/instytutpolski.pl\/stockholm\/?s={search_term_string}\"},\"query-input\":{\"@type\":\"PropertyValueSpecification\",\"valueRequired\":true,\"valueName\":\"search_term_string\"}}],\"inLanguage\":\"pl-PL\"}]}<\/script>\n<!-- \/ Yoast SEO plugin. -->","yoast_head_json":{"title":"Om Kinoteka - Instytut Polski w Sztokholmie","robots":{"index":"index","follow":"follow","max-snippet":"max-snippet:-1","max-image-preview":"max-image-preview:large","max-video-preview":"max-video-preview:-1"},"canonical":"https:\/\/instytutpolski.pl\/stockholm\/kinoteka\/om-kinoteka-2021\/","og_locale":"pl_PL","og_type":"article","og_title":"Om Kinoteka - Instytut Polski w Sztokholmie","og_description":"\u00c5rets upplaga av filmfestivalen Kinoteka Stockholm tar fokus p\u00e5 animation och litteraturinspirerade filmer. Kinotekas f\u00f6rsta dag handlar f\u00f6rst och fr\u00e4mst om polsk filmanimation medan de tv\u00e5 sista festivaldagarna till\u00e4gnas filmer som inspirerades av verk av den otroligt sp\u00e4nnande polska romanf\u00f6rfattaren, Stanis\u0142aw Lem, i festivalens nya filmsektion &#8211; Lemoteka. Kinoteka Stockholm 2021 inleds med\u00a0Mariusz Wilczy\u0144skis animerade [&hellip;]","og_url":"https:\/\/instytutpolski.pl\/stockholm\/kinoteka\/om-kinoteka-2021\/","og_site_name":"Instytut Polski w Sztokholmie","article_modified_time":"2021-09-06T15:02:44+00:00","og_image":[{"width":900,"height":507,"url":"https:\/\/instytutpolski.pl\/stockholm\/wp-content\/uploads\/sites\/17\/2021\/09\/LEM-900x507pxNEW.jpg","type":"image\/jpeg"}],"twitter_card":"summary_large_image","twitter_misc":{"Szacowany czas czytania":"3 minuty"},"schema":{"@context":"https:\/\/schema.org","@graph":[{"@type":"WebPage","@id":"https:\/\/instytutpolski.pl\/stockholm\/kinoteka\/om-kinoteka-2021\/","url":"https:\/\/instytutpolski.pl\/stockholm\/kinoteka\/om-kinoteka-2021\/","name":"Om Kinoteka - Instytut Polski w Sztokholmie","isPartOf":{"@id":"https:\/\/instytutpolski.pl\/stockholm\/#website"},"primaryImageOfPage":{"@id":"https:\/\/instytutpolski.pl\/stockholm\/kinoteka\/om-kinoteka-2021\/#primaryimage"},"image":{"@id":"https:\/\/instytutpolski.pl\/stockholm\/kinoteka\/om-kinoteka-2021\/#primaryimage"},"thumbnailUrl":"https:\/\/instytutpolski.pl\/stockholm\/wp-content\/uploads\/sites\/17\/2021\/09\/LEM-900x507pxNEW.jpg","datePublished":"2021-09-01T12:56:05+00:00","dateModified":"2021-09-06T15:02:44+00:00","breadcrumb":{"@id":"https:\/\/instytutpolski.pl\/stockholm\/kinoteka\/om-kinoteka-2021\/#breadcrumb"},"inLanguage":"pl-PL","potentialAction":[{"@type":"ReadAction","target":["https:\/\/instytutpolski.pl\/stockholm\/kinoteka\/om-kinoteka-2021\/"]}]},{"@type":"ImageObject","inLanguage":"pl-PL","@id":"https:\/\/instytutpolski.pl\/stockholm\/kinoteka\/om-kinoteka-2021\/#primaryimage","url":"https:\/\/instytutpolski.pl\/stockholm\/wp-content\/uploads\/sites\/17\/2021\/09\/LEM-900x507pxNEW.jpg","contentUrl":"https:\/\/instytutpolski.pl\/stockholm\/wp-content\/uploads\/sites\/17\/2021\/09\/LEM-900x507pxNEW.jpg","width":900,"height":507},{"@type":"BreadcrumbList","@id":"https:\/\/instytutpolski.pl\/stockholm\/kinoteka\/om-kinoteka-2021\/#breadcrumb","itemListElement":[{"@type":"ListItem","position":1,"name":"Home","item":"https:\/\/instytutpolski.pl\/stockholm\/"},{"@type":"ListItem","position":2,"name":"KINOTEKA 2020","item":"https:\/\/instytutpolski.pl\/stockholm\/kinoteka\/"},{"@type":"ListItem","position":3,"name":"Om Kinoteka"}]},{"@type":"WebSite","@id":"https:\/\/instytutpolski.pl\/stockholm\/#website","url":"https:\/\/instytutpolski.pl\/stockholm\/","name":"Instytut Polski w Sztokholmie","description":"Instytuty Polskie","potentialAction":[{"@type":"SearchAction","target":{"@type":"EntryPoint","urlTemplate":"https:\/\/instytutpolski.pl\/stockholm\/?s={search_term_string}"},"query-input":{"@type":"PropertyValueSpecification","valueRequired":true,"valueName":"search_term_string"}}],"inLanguage":"pl-PL"}]}},"_links":{"self":[{"href":"https:\/\/instytutpolski.pl\/stockholm\/wp-json\/wp\/v2\/pages\/6210","targetHints":{"allow":["GET"]}}],"collection":[{"href":"https:\/\/instytutpolski.pl\/stockholm\/wp-json\/wp\/v2\/pages"}],"about":[{"href":"https:\/\/instytutpolski.pl\/stockholm\/wp-json\/wp\/v2\/types\/page"}],"author":[{"embeddable":true,"href":"https:\/\/instytutpolski.pl\/stockholm\/wp-json\/wp\/v2\/users\/29"}],"replies":[{"embeddable":true,"href":"https:\/\/instytutpolski.pl\/stockholm\/wp-json\/wp\/v2\/comments?post=6210"}],"version-history":[{"count":8,"href":"https:\/\/instytutpolski.pl\/stockholm\/wp-json\/wp\/v2\/pages\/6210\/revisions"}],"predecessor-version":[{"id":6448,"href":"https:\/\/instytutpolski.pl\/stockholm\/wp-json\/wp\/v2\/pages\/6210\/revisions\/6448"}],"up":[{"embeddable":true,"href":"https:\/\/instytutpolski.pl\/stockholm\/wp-json\/wp\/v2\/pages\/3461"}],"wp:featuredmedia":[{"embeddable":true,"href":"https:\/\/instytutpolski.pl\/stockholm\/wp-json\/wp\/v2\/media\/6227"}],"wp:attachment":[{"href":"https:\/\/instytutpolski.pl\/stockholm\/wp-json\/wp\/v2\/media?parent=6210"}],"curies":[{"name":"wp","href":"https:\/\/api.w.org\/{rel}","templated":true}]}}