{"id":6212,"date":"2021-09-01T15:17:25","date_gmt":"2021-09-01T13:17:25","guid":{"rendered":"https:\/\/instytutpolski.pl\/stockholm\/?page_id=6212"},"modified":"2021-09-06T16:59:53","modified_gmt":"2021-09-06T14:59:53","slug":"program-2021","status":"publish","type":"page","link":"https:\/\/instytutpolski.pl\/stockholm\/kinoteka\/program-2021\/","title":{"rendered":"Program"},"content":{"rendered":"\n<h5 class=\"wp-block-heading\"><strong>Under tre dagar presentera vi olika filmer<\/strong> <strong>och samtal med specialg\u00e4ster:<\/strong><\/h5>\n\n\n\n<h5 class=\"wp-block-heading\"><br><strong>Fredag 10 september 2021<\/strong><\/h5>\n\n\n\n<p><br>17:30 | Invigning <\/p>\n\n\n\n<p>17:45 |  D\u00d6DA DET OCH L\u00c4MNA DEN H\u00c4R STADEN av Mariusz Wilczy\u0144ski (88 min.)  <\/p>\n\n\n\n<p>19:15 |  Samtal med regiss\u00f6ren Mariusz Wilczy\u0144ski <\/p>\n\n\n\n<p>20:30 |  Antoniszczaks filmer &#8211; retrospektiv <\/p>\n\n\n\n<div style=\"height:25px\" aria-hidden=\"true\" class=\"wp-block-spacer\"><\/div>\n\n\n\n<hr class=\"wp-block-separator\" \/>\n\n\n\n<h5 class=\"wp-block-heading\"><br><strong>L\u00f6rdag 11 september 2021<\/strong><\/h5>\n\n\n\n<p><strong>LEMOTEKA<\/strong><\/p>\n\n\n\n<p><br>17:30 | Mingel<\/p>\n\n\n\n<p>18:00 | THE MASK av Hanka Bruli\u0144ska (14 min.)<\/p>\n\n\n\n<p>18:15 | Samtal med regiss\u00f6ren Hanka Bruli\u0144ska <\/p>\n\n\n\n<p>19:00 | Mingel<\/p>\n\n\n\n<p>19:15 | THE CONGRESS av Ari Folman (120 min.)<\/p>\n\n\n\n<div style=\"height:25px\" aria-hidden=\"true\" class=\"wp-block-spacer\"><\/div>\n\n\n\n<hr class=\"wp-block-separator\" \/>\n\n\n\n<h5 class=\"wp-block-heading\"><br><strong>S\u00f6ndag 12 september 2021<\/strong><\/h5>\n\n\n\n<p><strong>LEMOTEKA<\/strong><\/p>\n\n\n\n<p><br>17:00 | Mingel<\/p>\n\n\n\n<p>17:30 | RUMMET av Krzysztof Jankowski (20 min.)<\/p>\n\n\n\n<p>17:50 | Mingel<\/p>\n\n\n\n<p>18:00 | KUNG HYDROPS R\u00c5DGIVARE av Natalia Bro\u017cy\u0144ska (20 min.)<\/p>\n\n\n\n<p>18:20 | Mingel<\/p>\n\n\n\n<p>18:30 | LAGER P\u00c5 LAGER \/ ROLY POLY av Andrzej Wajda (35 min.)<\/p>\n\n\n\n<p>19:10 | Festivalens avslutning<\/p>\n\n\n\n<div style=\"height:25px\" aria-hidden=\"true\" class=\"wp-block-spacer\"><\/div>\n\n\n\n<hr class=\"wp-block-separator\" \/>\n\n\n\n<p><br><strong>Alla filmer visas p\u00e5 biografen Zita, Birger Jarlsgatan 37, Stockholm (salong 1).<\/strong><\/p>\n\n\n\n<p> <strong>Fri entr\u00e9! <\/strong><\/p>\n\n\n\n<p><br><strong>Boka din plats:<\/strong><\/p>\n\n\n\n<p>\u00c4lskar du polska filmer s\u00e5som vi g\u00f6r? Gl\u00f6m inte att boka din plats genom att skicka ditt namn och efternamn och den dag du vill komma (du kan ocks\u00e5 boka alla 3 dagar) till denna e-postadress&nbsp;<a rel=\"noreferrer noopener\" href=\"mailto:sztokholm@instytutpolski.pl\" target=\"_blank\">sztokholm@instytutpolski.pl<\/a>&nbsp;senast den 9 september. <\/p>\n\n\n\n<p>(p.g.a. r\u00e5dande restriktioner h\u00f6gst 50 personer i publiken)<\/p>\n\n\n\n<p>OBS!&nbsp;Reservationen g\u00e4ller en hel festivaldag, inte enstaka filmvisningar.&nbsp;<\/p>\n\n\n\n<p><\/p>\n\n\n\n<p><\/p>\n\n\n\n<h6 class=\"has-text-align-center wp-block-heading\"><br><a href=\"https:\/\/instytutpolski.pl\/stockholm\/kinoteka-lemoteka-2021\/\"><br><strong>KINOTEKA STOCKHOLM<\/strong><\/a> | <strong><a rel=\"noreferrer noopener\" href=\"https:\/\/instytutpolski.pl\/stockholm\/kinoteka\/om-kinoteka-2021\/\" target=\"_blank\">OM KINOTEKA<\/a><\/strong> | <strong><a rel=\"noreferrer noopener\" href=\"https:\/\/instytutpolski.pl\/stockholm\/kinoteka\/program-2021\/\" target=\"_blank\">PROGRAM<\/a><\/strong> | <strong><a href=\"https:\/\/instytutpolski.pl\/stockholm\/kinoteka\/film-och-samtal\/\" target=\"_blank\" rel=\"noreferrer noopener\">FILM OCH SAMTAL<\/a><\/strong><\/h6>\n\n\n\n<p><\/p>\n","protected":false},"excerpt":{"rendered":"<p>Under tre dagar presentera vi olika filmer och samtal med specialg\u00e4ster: Fredag 10 september 2021 17:30 | Invigning 17:45 | D\u00d6DA DET OCH L\u00c4MNA DEN H\u00c4R STADEN av Mariusz Wilczy\u0144ski (88 min.) 19:15 | Samtal med regiss\u00f6ren Mariusz Wilczy\u0144ski 20:30 | Antoniszczaks filmer &#8211; retrospektiv L\u00f6rdag 11 september 2021 LEMOTEKA 17:30 | Mingel 18:00 | [&hellip;]<\/p>\n","protected":false},"author":29,"featured_media":6227,"parent":3461,"menu_order":0,"comment_status":"closed","ping_status":"closed","template":"","meta":{"inline_featured_image":false,"_monsterinsights_skip_tracking":false,"_monsterinsights_sitenote_active":false,"_monsterinsights_sitenote_note":"","_monsterinsights_sitenote_category":0,"footnotes":""},"class_list":["post-6212","page","type-page","status-publish","has-post-thumbnail","hentry"],"yoast_head":"<!-- This site is optimized with the Yoast SEO plugin v24.6 - https:\/\/yoast.com\/wordpress\/plugins\/seo\/ -->\n<title>Program - Instytut Polski w Sztokholmie<\/title>\n<meta name=\"robots\" content=\"index, follow, max-snippet:-1, max-image-preview:large, max-video-preview:-1\" \/>\n<link rel=\"canonical\" href=\"https:\/\/instytutpolski.pl\/stockholm\/kinoteka\/program-2021\/\" \/>\n<meta property=\"og:locale\" content=\"pl_PL\" \/>\n<meta property=\"og:type\" content=\"article\" \/>\n<meta property=\"og:title\" content=\"Program - Instytut Polski w Sztokholmie\" \/>\n<meta property=\"og:description\" content=\"Under tre dagar presentera vi olika filmer och samtal med specialg\u00e4ster: Fredag 10 september 2021 17:30 | Invigning 17:45 | D\u00d6DA DET OCH L\u00c4MNA DEN H\u00c4R STADEN av Mariusz Wilczy\u0144ski (88 min.) 19:15 | Samtal med regiss\u00f6ren Mariusz Wilczy\u0144ski 20:30 | Antoniszczaks filmer &#8211; retrospektiv L\u00f6rdag 11 september 2021 LEMOTEKA 17:30 | Mingel 18:00 | [&hellip;]\" \/>\n<meta property=\"og:url\" content=\"https:\/\/instytutpolski.pl\/stockholm\/kinoteka\/program-2021\/\" \/>\n<meta property=\"og:site_name\" content=\"Instytut Polski w Sztokholmie\" \/>\n<meta property=\"article:modified_time\" content=\"2021-09-06T14:59:53+00:00\" \/>\n<meta property=\"og:image\" content=\"https:\/\/instytutpolski.pl\/stockholm\/wp-content\/uploads\/sites\/17\/2021\/09\/LEM-900x507pxNEW.jpg\" \/>\n\t<meta property=\"og:image:width\" content=\"900\" \/>\n\t<meta property=\"og:image:height\" content=\"507\" \/>\n\t<meta property=\"og:image:type\" content=\"image\/jpeg\" \/>\n<meta name=\"twitter:card\" content=\"summary_large_image\" \/>\n<meta name=\"twitter:label1\" content=\"Szacowany czas czytania\" \/>\n\t<meta name=\"twitter:data1\" content=\"1 minuta\" \/>\n<script type=\"application\/ld+json\" class=\"yoast-schema-graph\">{\"@context\":\"https:\/\/schema.org\",\"@graph\":[{\"@type\":\"WebPage\",\"@id\":\"https:\/\/instytutpolski.pl\/stockholm\/kinoteka\/program-2021\/\",\"url\":\"https:\/\/instytutpolski.pl\/stockholm\/kinoteka\/program-2021\/\",\"name\":\"Program - Instytut Polski w Sztokholmie\",\"isPartOf\":{\"@id\":\"https:\/\/instytutpolski.pl\/stockholm\/#website\"},\"primaryImageOfPage\":{\"@id\":\"https:\/\/instytutpolski.pl\/stockholm\/kinoteka\/program-2021\/#primaryimage\"},\"image\":{\"@id\":\"https:\/\/instytutpolski.pl\/stockholm\/kinoteka\/program-2021\/#primaryimage\"},\"thumbnailUrl\":\"https:\/\/instytutpolski.pl\/stockholm\/wp-content\/uploads\/sites\/17\/2021\/09\/LEM-900x507pxNEW.jpg\",\"datePublished\":\"2021-09-01T13:17:25+00:00\",\"dateModified\":\"2021-09-06T14:59:53+00:00\",\"breadcrumb\":{\"@id\":\"https:\/\/instytutpolski.pl\/stockholm\/kinoteka\/program-2021\/#breadcrumb\"},\"inLanguage\":\"pl-PL\",\"potentialAction\":[{\"@type\":\"ReadAction\",\"target\":[\"https:\/\/instytutpolski.pl\/stockholm\/kinoteka\/program-2021\/\"]}]},{\"@type\":\"ImageObject\",\"inLanguage\":\"pl-PL\",\"@id\":\"https:\/\/instytutpolski.pl\/stockholm\/kinoteka\/program-2021\/#primaryimage\",\"url\":\"https:\/\/instytutpolski.pl\/stockholm\/wp-content\/uploads\/sites\/17\/2021\/09\/LEM-900x507pxNEW.jpg\",\"contentUrl\":\"https:\/\/instytutpolski.pl\/stockholm\/wp-content\/uploads\/sites\/17\/2021\/09\/LEM-900x507pxNEW.jpg\",\"width\":900,\"height\":507},{\"@type\":\"BreadcrumbList\",\"@id\":\"https:\/\/instytutpolski.pl\/stockholm\/kinoteka\/program-2021\/#breadcrumb\",\"itemListElement\":[{\"@type\":\"ListItem\",\"position\":1,\"name\":\"Home\",\"item\":\"https:\/\/instytutpolski.pl\/stockholm\/\"},{\"@type\":\"ListItem\",\"position\":2,\"name\":\"KINOTEKA 2020\",\"item\":\"https:\/\/instytutpolski.pl\/stockholm\/kinoteka\/\"},{\"@type\":\"ListItem\",\"position\":3,\"name\":\"Program\"}]},{\"@type\":\"WebSite\",\"@id\":\"https:\/\/instytutpolski.pl\/stockholm\/#website\",\"url\":\"https:\/\/instytutpolski.pl\/stockholm\/\",\"name\":\"Instytut Polski w Sztokholmie\",\"description\":\"Instytuty Polskie\",\"potentialAction\":[{\"@type\":\"SearchAction\",\"target\":{\"@type\":\"EntryPoint\",\"urlTemplate\":\"https:\/\/instytutpolski.pl\/stockholm\/?s={search_term_string}\"},\"query-input\":{\"@type\":\"PropertyValueSpecification\",\"valueRequired\":true,\"valueName\":\"search_term_string\"}}],\"inLanguage\":\"pl-PL\"}]}<\/script>\n<!-- \/ Yoast SEO plugin. -->","yoast_head_json":{"title":"Program - Instytut Polski w Sztokholmie","robots":{"index":"index","follow":"follow","max-snippet":"max-snippet:-1","max-image-preview":"max-image-preview:large","max-video-preview":"max-video-preview:-1"},"canonical":"https:\/\/instytutpolski.pl\/stockholm\/kinoteka\/program-2021\/","og_locale":"pl_PL","og_type":"article","og_title":"Program - Instytut Polski w Sztokholmie","og_description":"Under tre dagar presentera vi olika filmer och samtal med specialg\u00e4ster: Fredag 10 september 2021 17:30 | Invigning 17:45 | D\u00d6DA DET OCH L\u00c4MNA DEN H\u00c4R STADEN av Mariusz Wilczy\u0144ski (88 min.) 19:15 | Samtal med regiss\u00f6ren Mariusz Wilczy\u0144ski 20:30 | Antoniszczaks filmer &#8211; retrospektiv L\u00f6rdag 11 september 2021 LEMOTEKA 17:30 | Mingel 18:00 | [&hellip;]","og_url":"https:\/\/instytutpolski.pl\/stockholm\/kinoteka\/program-2021\/","og_site_name":"Instytut Polski w Sztokholmie","article_modified_time":"2021-09-06T14:59:53+00:00","og_image":[{"width":900,"height":507,"url":"https:\/\/instytutpolski.pl\/stockholm\/wp-content\/uploads\/sites\/17\/2021\/09\/LEM-900x507pxNEW.jpg","type":"image\/jpeg"}],"twitter_card":"summary_large_image","twitter_misc":{"Szacowany czas czytania":"1 minuta"},"schema":{"@context":"https:\/\/schema.org","@graph":[{"@type":"WebPage","@id":"https:\/\/instytutpolski.pl\/stockholm\/kinoteka\/program-2021\/","url":"https:\/\/instytutpolski.pl\/stockholm\/kinoteka\/program-2021\/","name":"Program - Instytut Polski w Sztokholmie","isPartOf":{"@id":"https:\/\/instytutpolski.pl\/stockholm\/#website"},"primaryImageOfPage":{"@id":"https:\/\/instytutpolski.pl\/stockholm\/kinoteka\/program-2021\/#primaryimage"},"image":{"@id":"https:\/\/instytutpolski.pl\/stockholm\/kinoteka\/program-2021\/#primaryimage"},"thumbnailUrl":"https:\/\/instytutpolski.pl\/stockholm\/wp-content\/uploads\/sites\/17\/2021\/09\/LEM-900x507pxNEW.jpg","datePublished":"2021-09-01T13:17:25+00:00","dateModified":"2021-09-06T14:59:53+00:00","breadcrumb":{"@id":"https:\/\/instytutpolski.pl\/stockholm\/kinoteka\/program-2021\/#breadcrumb"},"inLanguage":"pl-PL","potentialAction":[{"@type":"ReadAction","target":["https:\/\/instytutpolski.pl\/stockholm\/kinoteka\/program-2021\/"]}]},{"@type":"ImageObject","inLanguage":"pl-PL","@id":"https:\/\/instytutpolski.pl\/stockholm\/kinoteka\/program-2021\/#primaryimage","url":"https:\/\/instytutpolski.pl\/stockholm\/wp-content\/uploads\/sites\/17\/2021\/09\/LEM-900x507pxNEW.jpg","contentUrl":"https:\/\/instytutpolski.pl\/stockholm\/wp-content\/uploads\/sites\/17\/2021\/09\/LEM-900x507pxNEW.jpg","width":900,"height":507},{"@type":"BreadcrumbList","@id":"https:\/\/instytutpolski.pl\/stockholm\/kinoteka\/program-2021\/#breadcrumb","itemListElement":[{"@type":"ListItem","position":1,"name":"Home","item":"https:\/\/instytutpolski.pl\/stockholm\/"},{"@type":"ListItem","position":2,"name":"KINOTEKA 2020","item":"https:\/\/instytutpolski.pl\/stockholm\/kinoteka\/"},{"@type":"ListItem","position":3,"name":"Program"}]},{"@type":"WebSite","@id":"https:\/\/instytutpolski.pl\/stockholm\/#website","url":"https:\/\/instytutpolski.pl\/stockholm\/","name":"Instytut Polski w Sztokholmie","description":"Instytuty Polskie","potentialAction":[{"@type":"SearchAction","target":{"@type":"EntryPoint","urlTemplate":"https:\/\/instytutpolski.pl\/stockholm\/?s={search_term_string}"},"query-input":{"@type":"PropertyValueSpecification","valueRequired":true,"valueName":"search_term_string"}}],"inLanguage":"pl-PL"}]}},"_links":{"self":[{"href":"https:\/\/instytutpolski.pl\/stockholm\/wp-json\/wp\/v2\/pages\/6212","targetHints":{"allow":["GET"]}}],"collection":[{"href":"https:\/\/instytutpolski.pl\/stockholm\/wp-json\/wp\/v2\/pages"}],"about":[{"href":"https:\/\/instytutpolski.pl\/stockholm\/wp-json\/wp\/v2\/types\/page"}],"author":[{"embeddable":true,"href":"https:\/\/instytutpolski.pl\/stockholm\/wp-json\/wp\/v2\/users\/29"}],"replies":[{"embeddable":true,"href":"https:\/\/instytutpolski.pl\/stockholm\/wp-json\/wp\/v2\/comments?post=6212"}],"version-history":[{"count":12,"href":"https:\/\/instytutpolski.pl\/stockholm\/wp-json\/wp\/v2\/pages\/6212\/revisions"}],"predecessor-version":[{"id":6447,"href":"https:\/\/instytutpolski.pl\/stockholm\/wp-json\/wp\/v2\/pages\/6212\/revisions\/6447"}],"up":[{"embeddable":true,"href":"https:\/\/instytutpolski.pl\/stockholm\/wp-json\/wp\/v2\/pages\/3461"}],"wp:featuredmedia":[{"embeddable":true,"href":"https:\/\/instytutpolski.pl\/stockholm\/wp-json\/wp\/v2\/media\/6227"}],"wp:attachment":[{"href":"https:\/\/instytutpolski.pl\/stockholm\/wp-json\/wp\/v2\/media?parent=6212"}],"curies":[{"name":"wp","href":"https:\/\/api.w.org\/{rel}","templated":true}]}}