{"id":633,"date":"2019-06-25T13:15:04","date_gmt":"2019-06-25T11:15:04","guid":{"rendered":"https:\/\/instytutpolski.pl\/sztokholm\/?page_id=633"},"modified":"2020-06-08T17:38:29","modified_gmt":"2020-06-08T15:38:29","slug":"instytucje","status":"publish","type":"page","link":"https:\/\/instytutpolski.pl\/stockholm\/pl\/instytucje\/","title":{"rendered":"Instytucje"},"content":{"rendered":"\n<p><strong>Ministerstwo Spraw Zagranicznych RP<\/strong><\/p>\n\n\n\n<p>Al. J. Szucha 23<br>Warszawa 00-580<br>Polska<br>T: 0048 22 523 900<br><a href=\"https:\/\/www.gov.pl\/web\/diplomacy\" target=\"_blank\" rel=\"noreferrer noopener\">www.msz.gov.pl<\/a><\/p>\n\n\n\n<p><strong><br>Ambasada RP w Sztokholmie<\/strong><\/p>\n\n\n\n<p>Karlav\u00e4gen 35,<br>114 31 Sztokholm<br>T: 08-50 57 50 00<br>F: 08-50 57 50 86<br><a href=\"mailto:info.polen@polemb.se\">sztokholm.amb.sekretariat@msz.gov.pl<\/a><br><a href=\"https:\/\/www.gov.pl\/web\/szwecja\">https:\/\/www.gov.pl\/web\/szwecja<\/a><\/p>\n\n\n\n<p><br><strong>Polska Organizacja Turystyczna w Sztokholmie<\/strong><\/p>\n\n\n\n<p>Karlav\u00e4gen 47 B<br>114 49 Sztokholm<br>T: 00 46 8 21 60 75&nbsp;<br>F: 00 46 8 21 04 65<br><a href=\"mailto:info.scan@polen.travel\">info.scan@polen.travel<\/a><br><a href=\"https:\/\/www.polen.travel\/sv\">https:\/\/www.polen.travel\/sv<\/a><\/p>\n\n\n\n<p><br><strong>Instytuty Polskie:<\/strong><\/p>\n\n\n\n<p><a href=\"https:\/\/instytutpolski.pl\/\"><strong>Tutaj znajdziesz map\u0119 z Polskimi Instytutami z ca\u0142ego \u015bwiata.<\/strong><\/a><\/p>\n\n\n\n<p>Instytut Polski w Berlinie:&nbsp;<a href=\"http:\/\/berlin.polnischekultur.de\/\">http:\/\/berlin.polnischekultur.de\/<\/a><br>Instytut Polski w Berlinie \u2013 filia w Lipsku:&nbsp;<a href=\"http:\/\/leipzig.polnischekultur.de\/\">http:\/\/leipzig.polnischekultur.de\/<\/a><br>Instytut Polski w Bratys\u0142awie:&nbsp;<a rel=\"noreferrer noopener\" href=\"http:\/\/www.polinst.sk\/\" target=\"_blank\">www.polinst.sk<\/a><br>Wydzia\u0142 Kultury Ambasady RP w Belgii: <a rel=\"noreferrer noopener\" href=\"http:\/\/www.culturepolonaise.eu\/undefined\" target=\"_blank\">www.culturepolonaise.eu<\/a><br>Instytut Polski w Budapeszcie:&nbsp;<a rel=\"noreferrer noopener\" href=\"http:\/\/www.polinst.hu\/\" target=\"_blank\">www.polinst.hu<br><\/a>Instytut Polski w Bukareszcie:&nbsp;<a rel=\"noreferrer noopener\" href=\"http:\/\/www.culturapoloneza.ro\/\" target=\"_blank\">www.culturapoloneza.ro<br><\/a>Instytut Polski w D\u00fcsseldorfie:&nbsp;<a rel=\"noreferrer noopener\" href=\"http:\/\/www.polnisches-institut.de\/\" target=\"_blank\">www.polnisches-institut.de<br><\/a>Instytut Polski w Kijowie:&nbsp;<a rel=\"noreferrer noopener\" href=\"http:\/\/www.polinst.kiev.ua\/\" target=\"_blank\">www.polinst.kiev.ua<br><\/a>Instytut Polski w Londonie:&nbsp;<a rel=\"noreferrer noopener\" href=\"http:\/\/www.polishculture.org.uk\/\" target=\"_blank\">www.polishculture.org.uk<br><\/a>Instytut Polski w Madrycie:&nbsp;<a rel=\"noreferrer noopener\" href=\"http:\/\/www.culturapolaca.es\/\" target=\"_blank\">www.culturapolaca.es<\/a><br>Instytut Polski w Mi\u0144sku:&nbsp;<a rel=\"noreferrer noopener\" href=\"http:\/\/www.instpol.by\/\" target=\"_blank\">www.instpol.by<\/a><br>Instytut Polski w Moskwie:&nbsp;<a rel=\"noreferrer noopener\" href=\"http:\/\/%20www.ipol.ru\/\" target=\"_blank\">www.ipol.ru<\/a><br>Instytut Polski w New Delhi:&nbsp;<a rel=\"noreferrer noopener\" href=\"http:\/\/polishinstitute.in\/\" target=\"_blank\">www.polishinstitute.in<\/a><br>Instytut Polski w Nowym Jorku:&nbsp;<a rel=\"noreferrer noopener\" href=\"http:\/\/www.polishculture-nyc.org\/\" target=\"_blank\">www.polishculture-nyc.org<\/a><br>Instytut Polski w Pary\u017cu:&nbsp;<a rel=\"noreferrer noopener\" href=\"http:\/\/www.institutpolonais.fr\/\" target=\"_blank\">www.institutpolonais.fr&nbsp;<\/a>&nbsp;&nbsp;<br>Instytut Polski w Pradze:&nbsp;<a rel=\"noreferrer noopener\" href=\"http:\/\/www.polskyinstitut.cz\/\" target=\"_blank\">www.polskyinstitut.cz<\/a><br>Instytut Polski w Rzymie:&nbsp;<a rel=\"noreferrer noopener\" href=\"http:\/\/www.istitutopolacco.it\/\" target=\"_blank\">www.istitutopolacco.it<br><\/a>Instytut Polski w Sankt Petersburgu:&nbsp;<a rel=\"noreferrer noopener\" href=\"http:\/\/www.polinst.ru\/\" target=\"_blank\">www.polinst.ru<\/a><br>Instytut Polski w Sofii:&nbsp;<a rel=\"noreferrer noopener\" href=\"http:\/\/www.polinst-bg.org\/\" target=\"_blank\">www.polinst-bg.org<br><\/a>Instytut Polski w Sztokholmie:<a rel=\"noreferrer noopener\" href=\"https:\/\/www.polskainstitutet.se\/\" target=\"_blank\">&nbsp;www.polskainstitutet.se<\/a><br>Instytut Polski w Tel-Aviv:&nbsp;<a rel=\"noreferrer noopener\" href=\"http:\/\/www.polishinstitute.org.il\/\" target=\"_blank\">www.polishinstitute.org.il<br><\/a>Instytut Polski w Tokio:&nbsp;<a rel=\"noreferrer noopener\" href=\"http:\/\/pl.instytut-polski.org\/\" target=\"_blank\">http:\/\/pl.instytut-polski.org\/<\/a><br>Instytut Polski w Wiedniu:&nbsp;<a rel=\"noreferrer noopener\" href=\"http:\/\/www.polnisches-institut.at\/\" target=\"_blank\">www.polnisches-institut.at<\/a><br>Instytut Polski w Wilnie:&nbsp;<a rel=\"noreferrer noopener\" href=\"http:\/\/www.lenkukultura.lt\/\" target=\"_blank\">www.lenkukultura.lt<\/a><\/p>\n","protected":false},"excerpt":{"rendered":"<p>Ministerstwo Spraw Zagranicznych RP Al. J. Szucha 23Warszawa 00-580PolskaT: 0048 22 523 900www.msz.gov.pl Ambasada RP w Sztokholmie Karlav\u00e4gen 35,114 31 SztokholmT: 08-50 57 50 00F: 08-50 57 50 86sztokholm.amb.sekretariat@msz.gov.plhttps:\/\/www.gov.pl\/web\/szwecja Polska Organizacja Turystyczna w Sztokholmie Karlav\u00e4gen 47 B114 49 SztokholmT: 00 46 8 21 60 75&nbsp;F: 00 46 8 21 04 65info.scan@polen.travelhttps:\/\/www.polen.travel\/sv Instytuty Polskie: Tutaj znajdziesz [&hellip;]<\/p>\n","protected":false},"author":1,"featured_media":2746,"parent":0,"menu_order":0,"comment_status":"closed","ping_status":"closed","template":"","meta":{"inline_featured_image":false,"_monsterinsights_skip_tracking":false,"_monsterinsights_sitenote_active":false,"_monsterinsights_sitenote_note":"","_monsterinsights_sitenote_category":0,"footnotes":""},"class_list":["post-633","page","type-page","status-publish","has-post-thumbnail","hentry"],"yoast_head":"<!-- This site is optimized with the Yoast SEO plugin v24.6 - https:\/\/yoast.com\/wordpress\/plugins\/seo\/ -->\n<title>Instytucje - Instytut Polski w Sztokholmie<\/title>\n<meta name=\"robots\" content=\"index, follow, max-snippet:-1, max-image-preview:large, max-video-preview:-1\" \/>\n<link rel=\"canonical\" href=\"https:\/\/instytutpolski.pl\/stockholm\/pl\/instytucje\/\" \/>\n<meta property=\"og:locale\" content=\"pl_PL\" \/>\n<meta property=\"og:type\" content=\"article\" \/>\n<meta property=\"og:title\" content=\"Instytucje - Instytut Polski w Sztokholmie\" \/>\n<meta property=\"og:description\" content=\"Ministerstwo Spraw Zagranicznych RP Al. J. Szucha 23Warszawa 00-580PolskaT: 0048 22 523 900www.msz.gov.pl Ambasada RP w Sztokholmie Karlav\u00e4gen 35,114 31 SztokholmT: 08-50 57 50 00F: 08-50 57 50 86sztokholm.amb.sekretariat@msz.gov.plhttps:\/\/www.gov.pl\/web\/szwecja Polska Organizacja Turystyczna w Sztokholmie Karlav\u00e4gen 47 B114 49 SztokholmT: 00 46 8 21 60 75&nbsp;F: 00 46 8 21 04 65info.scan@polen.travelhttps:\/\/www.polen.travel\/sv Instytuty Polskie: Tutaj znajdziesz [&hellip;]\" \/>\n<meta property=\"og:url\" content=\"https:\/\/instytutpolski.pl\/stockholm\/pl\/instytucje\/\" \/>\n<meta property=\"og:site_name\" content=\"Instytut Polski w Sztokholmie\" \/>\n<meta property=\"article:modified_time\" content=\"2020-06-08T15:38:29+00:00\" \/>\n<meta property=\"og:image\" content=\"https:\/\/instytutpolski.pl\/stockholm\/wp-content\/uploads\/sites\/17\/2020\/06\/alexey-topolyanskiy-U5pWAW6iK6g-unsplash.jpg\" \/>\n\t<meta property=\"og:image:width\" content=\"2000\" \/>\n\t<meta property=\"og:image:height\" content=\"907\" \/>\n\t<meta property=\"og:image:type\" content=\"image\/jpeg\" \/>\n<meta name=\"twitter:card\" content=\"summary_large_image\" \/>\n<meta name=\"twitter:label1\" content=\"Szacowany czas czytania\" \/>\n\t<meta name=\"twitter:data1\" content=\"1 minuta\" \/>\n<script type=\"application\/ld+json\" class=\"yoast-schema-graph\">{\"@context\":\"https:\/\/schema.org\",\"@graph\":[{\"@type\":\"WebPage\",\"@id\":\"https:\/\/instytutpolski.pl\/stockholm\/pl\/instytucje\/\",\"url\":\"https:\/\/instytutpolski.pl\/stockholm\/pl\/instytucje\/\",\"name\":\"Instytucje - Instytut Polski w Sztokholmie\",\"isPartOf\":{\"@id\":\"https:\/\/instytutpolski.pl\/stockholm\/#website\"},\"primaryImageOfPage\":{\"@id\":\"https:\/\/instytutpolski.pl\/stockholm\/pl\/instytucje\/#primaryimage\"},\"image\":{\"@id\":\"https:\/\/instytutpolski.pl\/stockholm\/pl\/instytucje\/#primaryimage\"},\"thumbnailUrl\":\"https:\/\/instytutpolski.pl\/stockholm\/wp-content\/uploads\/sites\/17\/2020\/06\/alexey-topolyanskiy-U5pWAW6iK6g-unsplash.jpg\",\"datePublished\":\"2019-06-25T11:15:04+00:00\",\"dateModified\":\"2020-06-08T15:38:29+00:00\",\"breadcrumb\":{\"@id\":\"https:\/\/instytutpolski.pl\/stockholm\/pl\/instytucje\/#breadcrumb\"},\"inLanguage\":\"pl-PL\",\"potentialAction\":[{\"@type\":\"ReadAction\",\"target\":[\"https:\/\/instytutpolski.pl\/stockholm\/pl\/instytucje\/\"]}]},{\"@type\":\"ImageObject\",\"inLanguage\":\"pl-PL\",\"@id\":\"https:\/\/instytutpolski.pl\/stockholm\/pl\/instytucje\/#primaryimage\",\"url\":\"https:\/\/instytutpolski.pl\/stockholm\/wp-content\/uploads\/sites\/17\/2020\/06\/alexey-topolyanskiy-U5pWAW6iK6g-unsplash.jpg\",\"contentUrl\":\"https:\/\/instytutpolski.pl\/stockholm\/wp-content\/uploads\/sites\/17\/2020\/06\/alexey-topolyanskiy-U5pWAW6iK6g-unsplash.jpg\",\"width\":2000,\"height\":907},{\"@type\":\"BreadcrumbList\",\"@id\":\"https:\/\/instytutpolski.pl\/stockholm\/pl\/instytucje\/#breadcrumb\",\"itemListElement\":[{\"@type\":\"ListItem\",\"position\":1,\"name\":\"Home\",\"item\":\"https:\/\/instytutpolski.pl\/stockholm\/\"},{\"@type\":\"ListItem\",\"position\":2,\"name\":\"Instytucje\"}]},{\"@type\":\"WebSite\",\"@id\":\"https:\/\/instytutpolski.pl\/stockholm\/#website\",\"url\":\"https:\/\/instytutpolski.pl\/stockholm\/\",\"name\":\"Instytut Polski w Sztokholmie\",\"description\":\"Instytuty Polskie\",\"potentialAction\":[{\"@type\":\"SearchAction\",\"target\":{\"@type\":\"EntryPoint\",\"urlTemplate\":\"https:\/\/instytutpolski.pl\/stockholm\/?s={search_term_string}\"},\"query-input\":{\"@type\":\"PropertyValueSpecification\",\"valueRequired\":true,\"valueName\":\"search_term_string\"}}],\"inLanguage\":\"pl-PL\"}]}<\/script>\n<!-- \/ Yoast SEO plugin. -->","yoast_head_json":{"title":"Instytucje - Instytut Polski w Sztokholmie","robots":{"index":"index","follow":"follow","max-snippet":"max-snippet:-1","max-image-preview":"max-image-preview:large","max-video-preview":"max-video-preview:-1"},"canonical":"https:\/\/instytutpolski.pl\/stockholm\/pl\/instytucje\/","og_locale":"pl_PL","og_type":"article","og_title":"Instytucje - Instytut Polski w Sztokholmie","og_description":"Ministerstwo Spraw Zagranicznych RP Al. J. Szucha 23Warszawa 00-580PolskaT: 0048 22 523 900www.msz.gov.pl Ambasada RP w Sztokholmie Karlav\u00e4gen 35,114 31 SztokholmT: 08-50 57 50 00F: 08-50 57 50 86sztokholm.amb.sekretariat@msz.gov.plhttps:\/\/www.gov.pl\/web\/szwecja Polska Organizacja Turystyczna w Sztokholmie Karlav\u00e4gen 47 B114 49 SztokholmT: 00 46 8 21 60 75&nbsp;F: 00 46 8 21 04 65info.scan@polen.travelhttps:\/\/www.polen.travel\/sv Instytuty Polskie: Tutaj znajdziesz [&hellip;]","og_url":"https:\/\/instytutpolski.pl\/stockholm\/pl\/instytucje\/","og_site_name":"Instytut Polski w Sztokholmie","article_modified_time":"2020-06-08T15:38:29+00:00","og_image":[{"width":2000,"height":907,"url":"https:\/\/instytutpolski.pl\/stockholm\/wp-content\/uploads\/sites\/17\/2020\/06\/alexey-topolyanskiy-U5pWAW6iK6g-unsplash.jpg","type":"image\/jpeg"}],"twitter_card":"summary_large_image","twitter_misc":{"Szacowany czas czytania":"1 minuta"},"schema":{"@context":"https:\/\/schema.org","@graph":[{"@type":"WebPage","@id":"https:\/\/instytutpolski.pl\/stockholm\/pl\/instytucje\/","url":"https:\/\/instytutpolski.pl\/stockholm\/pl\/instytucje\/","name":"Instytucje - Instytut Polski w Sztokholmie","isPartOf":{"@id":"https:\/\/instytutpolski.pl\/stockholm\/#website"},"primaryImageOfPage":{"@id":"https:\/\/instytutpolski.pl\/stockholm\/pl\/instytucje\/#primaryimage"},"image":{"@id":"https:\/\/instytutpolski.pl\/stockholm\/pl\/instytucje\/#primaryimage"},"thumbnailUrl":"https:\/\/instytutpolski.pl\/stockholm\/wp-content\/uploads\/sites\/17\/2020\/06\/alexey-topolyanskiy-U5pWAW6iK6g-unsplash.jpg","datePublished":"2019-06-25T11:15:04+00:00","dateModified":"2020-06-08T15:38:29+00:00","breadcrumb":{"@id":"https:\/\/instytutpolski.pl\/stockholm\/pl\/instytucje\/#breadcrumb"},"inLanguage":"pl-PL","potentialAction":[{"@type":"ReadAction","target":["https:\/\/instytutpolski.pl\/stockholm\/pl\/instytucje\/"]}]},{"@type":"ImageObject","inLanguage":"pl-PL","@id":"https:\/\/instytutpolski.pl\/stockholm\/pl\/instytucje\/#primaryimage","url":"https:\/\/instytutpolski.pl\/stockholm\/wp-content\/uploads\/sites\/17\/2020\/06\/alexey-topolyanskiy-U5pWAW6iK6g-unsplash.jpg","contentUrl":"https:\/\/instytutpolski.pl\/stockholm\/wp-content\/uploads\/sites\/17\/2020\/06\/alexey-topolyanskiy-U5pWAW6iK6g-unsplash.jpg","width":2000,"height":907},{"@type":"BreadcrumbList","@id":"https:\/\/instytutpolski.pl\/stockholm\/pl\/instytucje\/#breadcrumb","itemListElement":[{"@type":"ListItem","position":1,"name":"Home","item":"https:\/\/instytutpolski.pl\/stockholm\/"},{"@type":"ListItem","position":2,"name":"Instytucje"}]},{"@type":"WebSite","@id":"https:\/\/instytutpolski.pl\/stockholm\/#website","url":"https:\/\/instytutpolski.pl\/stockholm\/","name":"Instytut Polski w Sztokholmie","description":"Instytuty Polskie","potentialAction":[{"@type":"SearchAction","target":{"@type":"EntryPoint","urlTemplate":"https:\/\/instytutpolski.pl\/stockholm\/?s={search_term_string}"},"query-input":{"@type":"PropertyValueSpecification","valueRequired":true,"valueName":"search_term_string"}}],"inLanguage":"pl-PL"}]}},"_links":{"self":[{"href":"https:\/\/instytutpolski.pl\/stockholm\/wp-json\/wp\/v2\/pages\/633","targetHints":{"allow":["GET"]}}],"collection":[{"href":"https:\/\/instytutpolski.pl\/stockholm\/wp-json\/wp\/v2\/pages"}],"about":[{"href":"https:\/\/instytutpolski.pl\/stockholm\/wp-json\/wp\/v2\/types\/page"}],"author":[{"embeddable":true,"href":"https:\/\/instytutpolski.pl\/stockholm\/wp-json\/wp\/v2\/users\/1"}],"replies":[{"embeddable":true,"href":"https:\/\/instytutpolski.pl\/stockholm\/wp-json\/wp\/v2\/comments?post=633"}],"version-history":[{"count":8,"href":"https:\/\/instytutpolski.pl\/stockholm\/wp-json\/wp\/v2\/pages\/633\/revisions"}],"predecessor-version":[{"id":2747,"href":"https:\/\/instytutpolski.pl\/stockholm\/wp-json\/wp\/v2\/pages\/633\/revisions\/2747"}],"wp:featuredmedia":[{"embeddable":true,"href":"https:\/\/instytutpolski.pl\/stockholm\/wp-json\/wp\/v2\/media\/2746"}],"wp:attachment":[{"href":"https:\/\/instytutpolski.pl\/stockholm\/wp-json\/wp\/v2\/media?parent=633"}],"curies":[{"name":"wp","href":"https:\/\/api.w.org\/{rel}","templated":true}]}}