{"id":637,"date":"2019-06-25T13:15:34","date_gmt":"2019-06-25T11:15:34","guid":{"rendered":"https:\/\/instytutpolski.pl\/sztokholm\/?page_id=637"},"modified":"2020-06-08T17:17:46","modified_gmt":"2020-06-08T15:17:46","slug":"partnerzy","status":"publish","type":"page","link":"https:\/\/instytutpolski.pl\/stockholm\/pl\/partnerzy\/","title":{"rendered":"Partnerzy"},"content":{"rendered":"\n<p>Instytut Polski w Sztokholmie jest cz\u0142onkiem EUNIC Stockholm, organizacji zrzeszaj\u0105cej krajowe instytuty kultury i ambasady 17 kraj\u00f3w Unii Europejskiej. EUNIC Stockholm to szwedzka sie\u0107 organizacji europejskich w sektorze kultury. Jest to szwedzka podorganizacja &nbsp;Stowarzyszenia Narodowych Instytut\u00f3w Kultury Unii Europejskiej (EUNIC) w Brukseli &#8211; partnerstwa krajowych instytut\u00f3w kultury, kt\u00f3re s\u0105 r\u00f3wnie\u017c zaanga\u017cowane poza granicami kraju i dzia\u0142aj\u0105 niezale\u017cnie w imieniu rz\u0105du danego kraju.<\/p>\n\n\n\n<p>EUNIC w Brukseli ma w sumie 36 organizacji cz\u0142onkowskich z kraj\u00f3w Unii Europejskiej. EUNIC dzia\u0142a za po\u015brednictwem siedziby g\u0142\u00f3wnej w Brukseli i sieci krajowych. Sieci krajowe s\u0105 organizacjami zrzeszaj\u0105cymi 36 pa\u0144stw cz\u0142onkowskich w r\u00f3\u017cnych miastach w ca\u0142ej Europie.<\/p>\n\n\n\n<p>Celem sztokholmskiej sieci EUNIC jest stworzenie skutecznego partnerstwa i sieci w celu poprawy i promowania r\u00f3\u017cnorodno\u015bci kulturowej, zrozumienia mi\u0119dzy organizacjami europejskimi oraz wzmocnienia mi\u0119dzynarodowego dialogu i wsp\u00f3\u0142pracy kulturalnej z krajami spoza Europy.<\/p>\n\n\n\n<p>EUNIC Stockholm ma s\u0142u\u017cy\u0107 jako platforma komunikacji i jako organizator r\u00f3\u017cnego rodzaju wydarze\u0144 kulturalnych.<\/p>\n\n\n\n<p><strong>Cz\u0142onkami EUNIC Stockholm s\u0105:<\/strong> Austria, Czechy, Finlandia, Francja, Grecja, Litwa, Hiszpania, Holandia, Niemcy, Polska, Portugalia, Rumunia, S\u0142owacja, Szwecja, W\u0119gry, Wielka Brytania, W\u0142ochy.<\/p>\n\n\n\n<p>Odwied\u017a EUNIC Stockholm na Facebooku: <a href=\"https:\/\/www.facebook.com\/eunicstockholm\/\" target=\"_blank\" rel=\"noreferrer noopener\">https:\/\/www.facebook.com\/eunicstockholm\/<\/a><\/p>\n\n\n\n<p>Strona internetowa EUNIC: <a href=\"https:\/\/www.eunicglobal.eu\/\" target=\"_blank\" rel=\"noreferrer noopener\">https:\/\/www.eunicglobal.eu\/<\/a><\/p>\n","protected":false},"excerpt":{"rendered":"<p>Instytut Polski w Sztokholmie jest cz\u0142onkiem EUNIC Stockholm, organizacji zrzeszaj\u0105cej krajowe instytuty kultury i ambasady 17 kraj\u00f3w Unii Europejskiej. EUNIC Stockholm to szwedzka sie\u0107 organizacji europejskich w sektorze kultury. Jest to szwedzka podorganizacja &nbsp;Stowarzyszenia Narodowych Instytut\u00f3w Kultury Unii Europejskiej (EUNIC) w Brukseli &#8211; partnerstwa krajowych instytut\u00f3w kultury, kt\u00f3re s\u0105 r\u00f3wnie\u017c zaanga\u017cowane poza granicami kraju i [&hellip;]<\/p>\n","protected":false},"author":1,"featured_media":2734,"parent":0,"menu_order":0,"comment_status":"closed","ping_status":"closed","template":"","meta":{"inline_featured_image":false,"_monsterinsights_skip_tracking":false,"_monsterinsights_sitenote_active":false,"_monsterinsights_sitenote_note":"","_monsterinsights_sitenote_category":0,"footnotes":""},"class_list":["post-637","page","type-page","status-publish","has-post-thumbnail","hentry"],"yoast_head":"<!-- This site is optimized with the Yoast SEO plugin v24.6 - https:\/\/yoast.com\/wordpress\/plugins\/seo\/ -->\n<title>Partnerzy - Instytut Polski w Sztokholmie<\/title>\n<meta name=\"robots\" content=\"index, follow, max-snippet:-1, max-image-preview:large, max-video-preview:-1\" \/>\n<link rel=\"canonical\" href=\"https:\/\/instytutpolski.pl\/stockholm\/pl\/partnerzy\/\" \/>\n<meta property=\"og:locale\" content=\"pl_PL\" \/>\n<meta property=\"og:type\" content=\"article\" \/>\n<meta property=\"og:title\" content=\"Partnerzy - Instytut Polski w Sztokholmie\" \/>\n<meta property=\"og:description\" content=\"Instytut Polski w Sztokholmie jest cz\u0142onkiem EUNIC Stockholm, organizacji zrzeszaj\u0105cej krajowe instytuty kultury i ambasady 17 kraj\u00f3w Unii Europejskiej. EUNIC Stockholm to szwedzka sie\u0107 organizacji europejskich w sektorze kultury. Jest to szwedzka podorganizacja &nbsp;Stowarzyszenia Narodowych Instytut\u00f3w Kultury Unii Europejskiej (EUNIC) w Brukseli &#8211; partnerstwa krajowych instytut\u00f3w kultury, kt\u00f3re s\u0105 r\u00f3wnie\u017c zaanga\u017cowane poza granicami kraju i [&hellip;]\" \/>\n<meta property=\"og:url\" content=\"https:\/\/instytutpolski.pl\/stockholm\/pl\/partnerzy\/\" \/>\n<meta property=\"og:site_name\" content=\"Instytut Polski w Sztokholmie\" \/>\n<meta property=\"article:modified_time\" content=\"2020-06-08T15:17:46+00:00\" \/>\n<meta property=\"og:image\" content=\"https:\/\/instytutpolski.pl\/stockholm\/wp-content\/uploads\/sites\/17\/2020\/06\/deanna-j-3GZlhROZIQg-unsplash.jpg\" \/>\n\t<meta property=\"og:image:width\" content=\"2000\" \/>\n\t<meta property=\"og:image:height\" content=\"1169\" \/>\n\t<meta property=\"og:image:type\" content=\"image\/jpeg\" \/>\n<meta name=\"twitter:card\" content=\"summary_large_image\" \/>\n<meta name=\"twitter:label1\" content=\"Szacowany czas czytania\" \/>\n\t<meta name=\"twitter:data1\" content=\"1 minuta\" \/>\n<script type=\"application\/ld+json\" class=\"yoast-schema-graph\">{\"@context\":\"https:\/\/schema.org\",\"@graph\":[{\"@type\":\"WebPage\",\"@id\":\"https:\/\/instytutpolski.pl\/stockholm\/pl\/partnerzy\/\",\"url\":\"https:\/\/instytutpolski.pl\/stockholm\/pl\/partnerzy\/\",\"name\":\"Partnerzy - Instytut Polski w Sztokholmie\",\"isPartOf\":{\"@id\":\"https:\/\/instytutpolski.pl\/stockholm\/#website\"},\"primaryImageOfPage\":{\"@id\":\"https:\/\/instytutpolski.pl\/stockholm\/pl\/partnerzy\/#primaryimage\"},\"image\":{\"@id\":\"https:\/\/instytutpolski.pl\/stockholm\/pl\/partnerzy\/#primaryimage\"},\"thumbnailUrl\":\"https:\/\/instytutpolski.pl\/stockholm\/wp-content\/uploads\/sites\/17\/2020\/06\/deanna-j-3GZlhROZIQg-unsplash.jpg\",\"datePublished\":\"2019-06-25T11:15:34+00:00\",\"dateModified\":\"2020-06-08T15:17:46+00:00\",\"breadcrumb\":{\"@id\":\"https:\/\/instytutpolski.pl\/stockholm\/pl\/partnerzy\/#breadcrumb\"},\"inLanguage\":\"pl-PL\",\"potentialAction\":[{\"@type\":\"ReadAction\",\"target\":[\"https:\/\/instytutpolski.pl\/stockholm\/pl\/partnerzy\/\"]}]},{\"@type\":\"ImageObject\",\"inLanguage\":\"pl-PL\",\"@id\":\"https:\/\/instytutpolski.pl\/stockholm\/pl\/partnerzy\/#primaryimage\",\"url\":\"https:\/\/instytutpolski.pl\/stockholm\/wp-content\/uploads\/sites\/17\/2020\/06\/deanna-j-3GZlhROZIQg-unsplash.jpg\",\"contentUrl\":\"https:\/\/instytutpolski.pl\/stockholm\/wp-content\/uploads\/sites\/17\/2020\/06\/deanna-j-3GZlhROZIQg-unsplash.jpg\",\"width\":2000,\"height\":1169},{\"@type\":\"BreadcrumbList\",\"@id\":\"https:\/\/instytutpolski.pl\/stockholm\/pl\/partnerzy\/#breadcrumb\",\"itemListElement\":[{\"@type\":\"ListItem\",\"position\":1,\"name\":\"Home\",\"item\":\"https:\/\/instytutpolski.pl\/stockholm\/\"},{\"@type\":\"ListItem\",\"position\":2,\"name\":\"Partnerzy\"}]},{\"@type\":\"WebSite\",\"@id\":\"https:\/\/instytutpolski.pl\/stockholm\/#website\",\"url\":\"https:\/\/instytutpolski.pl\/stockholm\/\",\"name\":\"Instytut Polski w Sztokholmie\",\"description\":\"Instytuty Polskie\",\"potentialAction\":[{\"@type\":\"SearchAction\",\"target\":{\"@type\":\"EntryPoint\",\"urlTemplate\":\"https:\/\/instytutpolski.pl\/stockholm\/?s={search_term_string}\"},\"query-input\":{\"@type\":\"PropertyValueSpecification\",\"valueRequired\":true,\"valueName\":\"search_term_string\"}}],\"inLanguage\":\"pl-PL\"}]}<\/script>\n<!-- \/ Yoast SEO plugin. -->","yoast_head_json":{"title":"Partnerzy - Instytut Polski w Sztokholmie","robots":{"index":"index","follow":"follow","max-snippet":"max-snippet:-1","max-image-preview":"max-image-preview:large","max-video-preview":"max-video-preview:-1"},"canonical":"https:\/\/instytutpolski.pl\/stockholm\/pl\/partnerzy\/","og_locale":"pl_PL","og_type":"article","og_title":"Partnerzy - Instytut Polski w Sztokholmie","og_description":"Instytut Polski w Sztokholmie jest cz\u0142onkiem EUNIC Stockholm, organizacji zrzeszaj\u0105cej krajowe instytuty kultury i ambasady 17 kraj\u00f3w Unii Europejskiej. EUNIC Stockholm to szwedzka sie\u0107 organizacji europejskich w sektorze kultury. Jest to szwedzka podorganizacja &nbsp;Stowarzyszenia Narodowych Instytut\u00f3w Kultury Unii Europejskiej (EUNIC) w Brukseli &#8211; partnerstwa krajowych instytut\u00f3w kultury, kt\u00f3re s\u0105 r\u00f3wnie\u017c zaanga\u017cowane poza granicami kraju i [&hellip;]","og_url":"https:\/\/instytutpolski.pl\/stockholm\/pl\/partnerzy\/","og_site_name":"Instytut Polski w Sztokholmie","article_modified_time":"2020-06-08T15:17:46+00:00","og_image":[{"width":2000,"height":1169,"url":"https:\/\/instytutpolski.pl\/stockholm\/wp-content\/uploads\/sites\/17\/2020\/06\/deanna-j-3GZlhROZIQg-unsplash.jpg","type":"image\/jpeg"}],"twitter_card":"summary_large_image","twitter_misc":{"Szacowany czas czytania":"1 minuta"},"schema":{"@context":"https:\/\/schema.org","@graph":[{"@type":"WebPage","@id":"https:\/\/instytutpolski.pl\/stockholm\/pl\/partnerzy\/","url":"https:\/\/instytutpolski.pl\/stockholm\/pl\/partnerzy\/","name":"Partnerzy - Instytut Polski w Sztokholmie","isPartOf":{"@id":"https:\/\/instytutpolski.pl\/stockholm\/#website"},"primaryImageOfPage":{"@id":"https:\/\/instytutpolski.pl\/stockholm\/pl\/partnerzy\/#primaryimage"},"image":{"@id":"https:\/\/instytutpolski.pl\/stockholm\/pl\/partnerzy\/#primaryimage"},"thumbnailUrl":"https:\/\/instytutpolski.pl\/stockholm\/wp-content\/uploads\/sites\/17\/2020\/06\/deanna-j-3GZlhROZIQg-unsplash.jpg","datePublished":"2019-06-25T11:15:34+00:00","dateModified":"2020-06-08T15:17:46+00:00","breadcrumb":{"@id":"https:\/\/instytutpolski.pl\/stockholm\/pl\/partnerzy\/#breadcrumb"},"inLanguage":"pl-PL","potentialAction":[{"@type":"ReadAction","target":["https:\/\/instytutpolski.pl\/stockholm\/pl\/partnerzy\/"]}]},{"@type":"ImageObject","inLanguage":"pl-PL","@id":"https:\/\/instytutpolski.pl\/stockholm\/pl\/partnerzy\/#primaryimage","url":"https:\/\/instytutpolski.pl\/stockholm\/wp-content\/uploads\/sites\/17\/2020\/06\/deanna-j-3GZlhROZIQg-unsplash.jpg","contentUrl":"https:\/\/instytutpolski.pl\/stockholm\/wp-content\/uploads\/sites\/17\/2020\/06\/deanna-j-3GZlhROZIQg-unsplash.jpg","width":2000,"height":1169},{"@type":"BreadcrumbList","@id":"https:\/\/instytutpolski.pl\/stockholm\/pl\/partnerzy\/#breadcrumb","itemListElement":[{"@type":"ListItem","position":1,"name":"Home","item":"https:\/\/instytutpolski.pl\/stockholm\/"},{"@type":"ListItem","position":2,"name":"Partnerzy"}]},{"@type":"WebSite","@id":"https:\/\/instytutpolski.pl\/stockholm\/#website","url":"https:\/\/instytutpolski.pl\/stockholm\/","name":"Instytut Polski w Sztokholmie","description":"Instytuty Polskie","potentialAction":[{"@type":"SearchAction","target":{"@type":"EntryPoint","urlTemplate":"https:\/\/instytutpolski.pl\/stockholm\/?s={search_term_string}"},"query-input":{"@type":"PropertyValueSpecification","valueRequired":true,"valueName":"search_term_string"}}],"inLanguage":"pl-PL"}]}},"_links":{"self":[{"href":"https:\/\/instytutpolski.pl\/stockholm\/wp-json\/wp\/v2\/pages\/637","targetHints":{"allow":["GET"]}}],"collection":[{"href":"https:\/\/instytutpolski.pl\/stockholm\/wp-json\/wp\/v2\/pages"}],"about":[{"href":"https:\/\/instytutpolski.pl\/stockholm\/wp-json\/wp\/v2\/types\/page"}],"author":[{"embeddable":true,"href":"https:\/\/instytutpolski.pl\/stockholm\/wp-json\/wp\/v2\/users\/1"}],"replies":[{"embeddable":true,"href":"https:\/\/instytutpolski.pl\/stockholm\/wp-json\/wp\/v2\/comments?post=637"}],"version-history":[{"count":6,"href":"https:\/\/instytutpolski.pl\/stockholm\/wp-json\/wp\/v2\/pages\/637\/revisions"}],"predecessor-version":[{"id":2739,"href":"https:\/\/instytutpolski.pl\/stockholm\/wp-json\/wp\/v2\/pages\/637\/revisions\/2739"}],"wp:featuredmedia":[{"embeddable":true,"href":"https:\/\/instytutpolski.pl\/stockholm\/wp-json\/wp\/v2\/media\/2734"}],"wp:attachment":[{"href":"https:\/\/instytutpolski.pl\/stockholm\/wp-json\/wp\/v2\/media?parent=637"}],"curies":[{"name":"wp","href":"https:\/\/api.w.org\/{rel}","templated":true}]}}