{"id":64,"date":"2019-06-05T09:59:44","date_gmt":"2019-06-05T07:59:44","guid":{"rendered":"https:\/\/instytutpolski.pl\/sztokholm\/?page_id=64"},"modified":"2019-06-05T09:59:44","modified_gmt":"2019-06-05T07:59:44","slug":"filmha-gskolor","status":"publish","type":"page","link":"https:\/\/instytutpolski.pl\/stockholm\/polska-institutet-i-stockholm\/studera-i-polen\/filmha-gskolor\/","title":{"rendered":"FILMH\u00c3\u2013GSKOLOR"},"content":{"rendered":"\n<p>\n\nWarszawska Szkola Filmowa \/Warsaw Film School&nbsp;<a href=\"http:\/\/www.szkolafilmowa.pl\/palio\/html.run?_Instance=www.szkolafilmowa.pl&amp;_PageID=205&amp;_SessionID=420228&amp;_SessionKey=953542698&amp;_LangID=2&amp;_CheckSum=181038139\" target=\"_blank\" rel=\"noreferrer noopener\">http:\/\/www.szkolafilmowa.pl\/palio\/html.run?_Instance=www.szkolafilmowa.pl&amp;_PageID=205&amp;_SessionID=420228&amp;_SessionKey=953542698&amp;_LangID=2&amp;_CheckSum=181038139<\/a><\/p>\n\n\n\n<p>Panstwowa Wyzsza Szkola Filmowa, Telewizyjna i Teatralna im. L. Schillera w Lodzi (PWSFTviT) \/The National Film, Television &amp; Theatre School in Lodz&nbsp;<br><a href=\"http:\/\/www.filmschool.lodz.pl\/\" target=\"_blank\" rel=\"noreferrer noopener\">http:\/\/www.filmschool.lodz.pl\/<\/a><\/p>\n\n\n\n<p>Szko\u00c5\u201aa Andrzeja Wajdy w Warszawie\/Andrzej Wajda School in Warsaw<br><a href=\"http:\/\/www.wajdaschool.pl\/\" target=\"_blank\" rel=\"noreferrer noopener\">http:\/\/www.wajdaschool.pl\/<\/a><\/p>\n\n\n\n<p>Wydzia\u00c5\u201a Radia i Telewizji im. Krzysztofa Kie\u00c5\u203alowskiego, Uniwersytet \u00c5\u0161l\u00c4\u2026ski w Katowicach\/Krzysztof Kieslowski Radio and Television Faculty, Silesian University in Katowice<br><a href=\"http:\/\/www.writv.us.edu.pl\/\" target=\"_blank\" rel=\"noreferrer noopener\">http:\/\/www.writv.us.edu.pl\/<\/a><\/p>\n\n\n\n<p>Krakowska Szko\u00c5\u201aa Filmowa im. Jerzego Hasa\/Jerzy Has Krakow Film School<br><a href=\"http:\/\/ksfilm.pl\/\" target=\"_blank\" rel=\"noreferrer noopener\">http:\/\/ksfilm.pl\/<\/a><\/p>\n","protected":false},"excerpt":{"rendered":"<p>Warszawska Szkola Filmowa \/Warsaw Film School&nbsp;http:\/\/www.szkolafilmowa.pl\/palio\/html.run?_Instance=www.szkolafilmowa.pl&amp;_PageID=205&amp;_SessionID=420228&amp;_SessionKey=953542698&amp;_LangID=2&amp;_CheckSum=181038139 Panstwowa Wyzsza Szkola Filmowa, Telewizyjna i Teatralna im. L. Schillera w Lodzi (PWSFTviT) \/The National Film, Television &amp; Theatre School in Lodz&nbsp;http:\/\/www.filmschool.lodz.pl\/ Szko\u00c5\u201aa Andrzeja Wajdy w Warszawie\/Andrzej Wajda School in Warsawhttp:\/\/www.wajdaschool.pl\/ Wydzia\u00c5\u201a Radia i Telewizji im. Krzysztofa Kie\u00c5\u203alowskiego, Uniwersytet \u00c5\u0161l\u00c4\u2026ski w Katowicach\/Krzysztof Kieslowski Radio and Television Faculty, Silesian University [&hellip;]<\/p>\n","protected":false},"author":9,"featured_media":0,"parent":43,"menu_order":0,"comment_status":"closed","ping_status":"closed","template":"","meta":{"inline_featured_image":false,"_monsterinsights_skip_tracking":false,"_monsterinsights_sitenote_active":false,"_monsterinsights_sitenote_note":"","_monsterinsights_sitenote_category":0,"footnotes":""},"class_list":["post-64","page","type-page","status-publish","hentry"],"yoast_head":"<!-- This site is optimized with the Yoast SEO plugin v24.6 - https:\/\/yoast.com\/wordpress\/plugins\/seo\/ -->\n<title>FILMH\u00c3\u2013GSKOLOR - Instytut Polski w Sztokholmie<\/title>\n<meta name=\"robots\" content=\"index, follow, max-snippet:-1, max-image-preview:large, max-video-preview:-1\" \/>\n<link rel=\"canonical\" href=\"https:\/\/instytutpolski.pl\/stockholm\/polska-institutet-i-stockholm\/studera-i-polen\/filmha-gskolor\/\" \/>\n<meta property=\"og:locale\" content=\"pl_PL\" \/>\n<meta property=\"og:type\" content=\"article\" \/>\n<meta property=\"og:title\" content=\"FILMH\u00c3\u2013GSKOLOR - Instytut Polski w Sztokholmie\" \/>\n<meta property=\"og:description\" content=\"Warszawska Szkola Filmowa \/Warsaw Film School&nbsp;http:\/\/www.szkolafilmowa.pl\/palio\/html.run?_Instance=www.szkolafilmowa.pl&amp;_PageID=205&amp;_SessionID=420228&amp;_SessionKey=953542698&amp;_LangID=2&amp;_CheckSum=181038139 Panstwowa Wyzsza Szkola Filmowa, Telewizyjna i Teatralna im. L. Schillera w Lodzi (PWSFTviT) \/The National Film, Television &amp; Theatre School in Lodz&nbsp;http:\/\/www.filmschool.lodz.pl\/ Szko\u00c5\u201aa Andrzeja Wajdy w Warszawie\/Andrzej Wajda School in Warsawhttp:\/\/www.wajdaschool.pl\/ Wydzia\u00c5\u201a Radia i Telewizji im. Krzysztofa Kie\u00c5\u203alowskiego, Uniwersytet \u00c5\u0161l\u00c4\u2026ski w Katowicach\/Krzysztof Kieslowski Radio and Television Faculty, Silesian University [&hellip;]\" \/>\n<meta property=\"og:url\" content=\"https:\/\/instytutpolski.pl\/stockholm\/polska-institutet-i-stockholm\/studera-i-polen\/filmha-gskolor\/\" \/>\n<meta property=\"og:site_name\" content=\"Instytut Polski w Sztokholmie\" \/>\n<meta name=\"twitter:card\" content=\"summary_large_image\" \/>\n<meta name=\"twitter:label1\" content=\"Szacowany czas czytania\" \/>\n\t<meta name=\"twitter:data1\" content=\"1 minuta\" \/>\n<script type=\"application\/ld+json\" class=\"yoast-schema-graph\">{\"@context\":\"https:\/\/schema.org\",\"@graph\":[{\"@type\":\"WebPage\",\"@id\":\"https:\/\/instytutpolski.pl\/stockholm\/polska-institutet-i-stockholm\/studera-i-polen\/filmha-gskolor\/\",\"url\":\"https:\/\/instytutpolski.pl\/stockholm\/polska-institutet-i-stockholm\/studera-i-polen\/filmha-gskolor\/\",\"name\":\"FILMH\u00c3\u2013GSKOLOR - Instytut Polski w Sztokholmie\",\"isPartOf\":{\"@id\":\"https:\/\/instytutpolski.pl\/stockholm\/#website\"},\"datePublished\":\"2019-06-05T07:59:44+00:00\",\"breadcrumb\":{\"@id\":\"https:\/\/instytutpolski.pl\/stockholm\/polska-institutet-i-stockholm\/studera-i-polen\/filmha-gskolor\/#breadcrumb\"},\"inLanguage\":\"pl-PL\",\"potentialAction\":[{\"@type\":\"ReadAction\",\"target\":[\"https:\/\/instytutpolski.pl\/stockholm\/polska-institutet-i-stockholm\/studera-i-polen\/filmha-gskolor\/\"]}]},{\"@type\":\"BreadcrumbList\",\"@id\":\"https:\/\/instytutpolski.pl\/stockholm\/polska-institutet-i-stockholm\/studera-i-polen\/filmha-gskolor\/#breadcrumb\",\"itemListElement\":[{\"@type\":\"ListItem\",\"position\":1,\"name\":\"Home\",\"item\":\"https:\/\/instytutpolski.pl\/stockholm\/\"},{\"@type\":\"ListItem\",\"position\":2,\"name\":\"POLSKA INSTITUTET I STOCKHOLM\",\"item\":\"https:\/\/instytutpolski.pl\/stockholm\/?page_id=20\"},{\"@type\":\"ListItem\",\"position\":3,\"name\":\"STUDERA I POLEN\",\"item\":\"https:\/\/instytutpolski.pl\/stockholm\/polska-institutet-i-stockholm\/studera-i-polen\/\"},{\"@type\":\"ListItem\",\"position\":4,\"name\":\"FILMH\u00c3\u2013GSKOLOR\"}]},{\"@type\":\"WebSite\",\"@id\":\"https:\/\/instytutpolski.pl\/stockholm\/#website\",\"url\":\"https:\/\/instytutpolski.pl\/stockholm\/\",\"name\":\"Instytut Polski w Sztokholmie\",\"description\":\"Instytuty Polskie\",\"potentialAction\":[{\"@type\":\"SearchAction\",\"target\":{\"@type\":\"EntryPoint\",\"urlTemplate\":\"https:\/\/instytutpolski.pl\/stockholm\/?s={search_term_string}\"},\"query-input\":{\"@type\":\"PropertyValueSpecification\",\"valueRequired\":true,\"valueName\":\"search_term_string\"}}],\"inLanguage\":\"pl-PL\"}]}<\/script>\n<!-- \/ Yoast SEO plugin. -->","yoast_head_json":{"title":"FILMH\u00c3\u2013GSKOLOR - Instytut Polski w Sztokholmie","robots":{"index":"index","follow":"follow","max-snippet":"max-snippet:-1","max-image-preview":"max-image-preview:large","max-video-preview":"max-video-preview:-1"},"canonical":"https:\/\/instytutpolski.pl\/stockholm\/polska-institutet-i-stockholm\/studera-i-polen\/filmha-gskolor\/","og_locale":"pl_PL","og_type":"article","og_title":"FILMH\u00c3\u2013GSKOLOR - Instytut Polski w Sztokholmie","og_description":"Warszawska Szkola Filmowa \/Warsaw Film School&nbsp;http:\/\/www.szkolafilmowa.pl\/palio\/html.run?_Instance=www.szkolafilmowa.pl&amp;_PageID=205&amp;_SessionID=420228&amp;_SessionKey=953542698&amp;_LangID=2&amp;_CheckSum=181038139 Panstwowa Wyzsza Szkola Filmowa, Telewizyjna i Teatralna im. L. Schillera w Lodzi (PWSFTviT) \/The National Film, Television &amp; Theatre School in Lodz&nbsp;http:\/\/www.filmschool.lodz.pl\/ Szko\u00c5\u201aa Andrzeja Wajdy w Warszawie\/Andrzej Wajda School in Warsawhttp:\/\/www.wajdaschool.pl\/ Wydzia\u00c5\u201a Radia i Telewizji im. Krzysztofa Kie\u00c5\u203alowskiego, Uniwersytet \u00c5\u0161l\u00c4\u2026ski w Katowicach\/Krzysztof Kieslowski Radio and Television Faculty, Silesian University [&hellip;]","og_url":"https:\/\/instytutpolski.pl\/stockholm\/polska-institutet-i-stockholm\/studera-i-polen\/filmha-gskolor\/","og_site_name":"Instytut Polski w Sztokholmie","twitter_card":"summary_large_image","twitter_misc":{"Szacowany czas czytania":"1 minuta"},"schema":{"@context":"https:\/\/schema.org","@graph":[{"@type":"WebPage","@id":"https:\/\/instytutpolski.pl\/stockholm\/polska-institutet-i-stockholm\/studera-i-polen\/filmha-gskolor\/","url":"https:\/\/instytutpolski.pl\/stockholm\/polska-institutet-i-stockholm\/studera-i-polen\/filmha-gskolor\/","name":"FILMH\u00c3\u2013GSKOLOR - Instytut Polski w Sztokholmie","isPartOf":{"@id":"https:\/\/instytutpolski.pl\/stockholm\/#website"},"datePublished":"2019-06-05T07:59:44+00:00","breadcrumb":{"@id":"https:\/\/instytutpolski.pl\/stockholm\/polska-institutet-i-stockholm\/studera-i-polen\/filmha-gskolor\/#breadcrumb"},"inLanguage":"pl-PL","potentialAction":[{"@type":"ReadAction","target":["https:\/\/instytutpolski.pl\/stockholm\/polska-institutet-i-stockholm\/studera-i-polen\/filmha-gskolor\/"]}]},{"@type":"BreadcrumbList","@id":"https:\/\/instytutpolski.pl\/stockholm\/polska-institutet-i-stockholm\/studera-i-polen\/filmha-gskolor\/#breadcrumb","itemListElement":[{"@type":"ListItem","position":1,"name":"Home","item":"https:\/\/instytutpolski.pl\/stockholm\/"},{"@type":"ListItem","position":2,"name":"POLSKA INSTITUTET I STOCKHOLM","item":"https:\/\/instytutpolski.pl\/stockholm\/?page_id=20"},{"@type":"ListItem","position":3,"name":"STUDERA I POLEN","item":"https:\/\/instytutpolski.pl\/stockholm\/polska-institutet-i-stockholm\/studera-i-polen\/"},{"@type":"ListItem","position":4,"name":"FILMH\u00c3\u2013GSKOLOR"}]},{"@type":"WebSite","@id":"https:\/\/instytutpolski.pl\/stockholm\/#website","url":"https:\/\/instytutpolski.pl\/stockholm\/","name":"Instytut Polski w Sztokholmie","description":"Instytuty Polskie","potentialAction":[{"@type":"SearchAction","target":{"@type":"EntryPoint","urlTemplate":"https:\/\/instytutpolski.pl\/stockholm\/?s={search_term_string}"},"query-input":{"@type":"PropertyValueSpecification","valueRequired":true,"valueName":"search_term_string"}}],"inLanguage":"pl-PL"}]}},"_links":{"self":[{"href":"https:\/\/instytutpolski.pl\/stockholm\/wp-json\/wp\/v2\/pages\/64","targetHints":{"allow":["GET"]}}],"collection":[{"href":"https:\/\/instytutpolski.pl\/stockholm\/wp-json\/wp\/v2\/pages"}],"about":[{"href":"https:\/\/instytutpolski.pl\/stockholm\/wp-json\/wp\/v2\/types\/page"}],"author":[{"embeddable":true,"href":"https:\/\/instytutpolski.pl\/stockholm\/wp-json\/wp\/v2\/users\/9"}],"replies":[{"embeddable":true,"href":"https:\/\/instytutpolski.pl\/stockholm\/wp-json\/wp\/v2\/comments?post=64"}],"version-history":[{"count":1,"href":"https:\/\/instytutpolski.pl\/stockholm\/wp-json\/wp\/v2\/pages\/64\/revisions"}],"predecessor-version":[{"id":65,"href":"https:\/\/instytutpolski.pl\/stockholm\/wp-json\/wp\/v2\/pages\/64\/revisions\/65"}],"up":[{"embeddable":true,"href":"https:\/\/instytutpolski.pl\/stockholm\/wp-json\/wp\/v2\/pages\/43"}],"wp:attachment":[{"href":"https:\/\/instytutpolski.pl\/stockholm\/wp-json\/wp\/v2\/media?parent=64"}],"curies":[{"name":"wp","href":"https:\/\/api.w.org\/{rel}","templated":true}]}}