{"id":6408,"date":"2021-09-01T14:40:52","date_gmt":"2021-09-01T12:40:52","guid":{"rendered":"https:\/\/instytutpolski.pl\/stockholm\/?page_id=6408"},"modified":"2022-08-02T12:45:13","modified_gmt":"2022-08-02T10:45:13","slug":"kinoteka-2021-2","status":"publish","type":"page","link":"https:\/\/instytutpolski.pl\/stockholm\/pl\/kinoteka-2021-2\/","title":{"rendered":"KINOTEKA \/ LEMOTEKA 2021"},"content":{"rendered":"\n<h5 class=\"has-text-align-center wp-block-heading\"><strong>Zapraszamy na 12. edycj\u0119 festiwalu polskich film\u00f3w KINOTEKA STOCKHOLM, 10-12 wrze\u015bnia 2021<\/strong><br><strong>w Kinie Zita w Sztokholmie, organizowanego przez Instytut Polski w Sztokholmie. Co roku prezentujemy wyb\u00f3r<\/strong><br><strong>nowych film\u00f3w fabularnych, ciekawe dokumenty oraz pere\u0142ki klasyki polskiej kinematografii.<\/strong><\/h5>\n\n\n\n<p class=\"has-text-align-center\"><br>Podczas tegorocznej edycji Kinoteki Stockholm skupimy si\u0119 na animacji i filmach inspirowanych literatur\u0105.<br>Pierwszy dzie\u0144 festiwalu to przede wszystkich polska animacja filmowa.<br>Podczas dw\u00f3ch kolejnych dni Kinoteki przybli\u017cymy wam obrazy inspirowane tw\u00f3rczo\u015bci\u0105 jednego<br>z najwybitniejszych polskich pisarzy, Stanis\u0142awa Lema w nowej sekcji filmowej festiwalu \u2013 Lemoteka.<\/p>\n\n\n\n<p><\/p>\n\n\n\n<p class=\"has-text-align-center\"> <br>10-12 wrze\u015bnia 2021<br>Kino Zita<br>Birger Jarlsgatan 37, Sztokholm <\/p>\n\n\n\n<p><\/p>\n\n\n\n<h5 class=\"has-text-align-center wp-block-heading\"> <br><br><a rel=\"noreferrer noopener\" href=\"https:\/\/instytutpolski.pl\/stockholm\/kinoteka\/\" target=\"_blank\"><\/a><strong><a rel=\"noreferrer noopener\" href=\"https:\/\/instytutpolski.pl\/stockholm\/pl\/kinoteka-2\/o-kinotece-2021\/\" target=\"_blank\">O KINOTECE<\/a><\/strong>  |  <strong><a rel=\"noreferrer noopener\" href=\"https:\/\/instytutpolski.pl\/stockholm\/pl\/kinoteka-2\/program-2021\/\" target=\"_blank\">PROGRAM<\/a><\/strong>  |  <strong><a href=\"https:\/\/instytutpolski.pl\/stockholm\/pl\/kinoteka-2\/filmy-i-spotkania-2021\/\" target=\"_blank\" rel=\"noreferrer noopener\">FILMY I SPOTKANIA<\/a><\/strong><\/h5>\n\n\n<div class=\"wp-block-image\">\n<figure class=\"aligncenter size-full\"><a href=\"https:\/\/instytutpolski.pl\/stockholm\/kinoteka-2022\/\"><img loading=\"lazy\" decoding=\"async\" width=\"960\" height=\"365\" src=\"https:\/\/instytutpolski.pl\/stockholm\/wp-content\/uploads\/sites\/17\/2022\/08\/plakat-KINOTEKA-13FB.jpg\" alt=\"\" class=\"wp-image-8923\" srcset=\"https:\/\/instytutpolski.pl\/stockholm\/wp-content\/uploads\/sites\/17\/2022\/08\/plakat-KINOTEKA-13FB.jpg 960w, https:\/\/instytutpolski.pl\/stockholm\/wp-content\/uploads\/sites\/17\/2022\/08\/plakat-KINOTEKA-13FB-300x114.jpg 300w, https:\/\/instytutpolski.pl\/stockholm\/wp-content\/uploads\/sites\/17\/2022\/08\/plakat-KINOTEKA-13FB-768x292.jpg 768w\" sizes=\"auto, (max-width: 960px) 100vw, 960px\" \/><\/a><\/figure><\/div>\n\n\n<p class=\"has-text-align-center\"><a href=\"https:\/\/instytutpolski.pl\/stockholm\/kinoteka-2022\/\">PRZEJD\u0179 DO NOWEJ EDYCJI KINOTEKI 2022<\/a><\/p>\n","protected":false},"excerpt":{"rendered":"<p>Zapraszamy na 12. edycj\u0119 festiwalu polskich film\u00f3w KINOTEKA STOCKHOLM, 10-12 wrze\u015bnia 2021w Kinie Zita w Sztokholmie, organizowanego przez Instytut Polski w Sztokholmie. Co roku prezentujemy wyb\u00f3rnowych film\u00f3w fabularnych, ciekawe dokumenty oraz pere\u0142ki klasyki polskiej kinematografii. Podczas tegorocznej edycji Kinoteki Stockholm skupimy si\u0119 na animacji i filmach inspirowanych literatur\u0105.Pierwszy dzie\u0144 festiwalu to przede wszystkich polska animacja [&hellip;]<\/p>\n","protected":false},"author":29,"featured_media":12845,"parent":0,"menu_order":0,"comment_status":"closed","ping_status":"closed","template":"page-big-event.php","meta":{"inline_featured_image":false,"_monsterinsights_skip_tracking":false,"_monsterinsights_sitenote_active":false,"_monsterinsights_sitenote_note":"","_monsterinsights_sitenote_category":0,"footnotes":""},"class_list":["post-6408","page","type-page","status-publish","has-post-thumbnail","hentry"],"yoast_head":"<!-- This site is optimized with the Yoast SEO plugin v24.6 - https:\/\/yoast.com\/wordpress\/plugins\/seo\/ -->\n<title>KINOTEKA \/ LEMOTEKA 2021 - Instytut Polski w Sztokholmie<\/title>\n<meta name=\"robots\" content=\"index, follow, max-snippet:-1, max-image-preview:large, max-video-preview:-1\" \/>\n<link rel=\"canonical\" href=\"https:\/\/instytutpolski.pl\/stockholm\/pl\/kinoteka-2021-2\/\" \/>\n<meta property=\"og:locale\" content=\"pl_PL\" \/>\n<meta property=\"og:type\" content=\"article\" \/>\n<meta property=\"og:title\" content=\"KINOTEKA \/ LEMOTEKA 2021 - Instytut Polski w Sztokholmie\" \/>\n<meta property=\"og:description\" content=\"Zapraszamy na 12. edycj\u0119 festiwalu polskich film\u00f3w KINOTEKA STOCKHOLM, 10-12 wrze\u015bnia 2021w Kinie Zita w Sztokholmie, organizowanego przez Instytut Polski w Sztokholmie. Co roku prezentujemy wyb\u00f3rnowych film\u00f3w fabularnych, ciekawe dokumenty oraz pere\u0142ki klasyki polskiej kinematografii. Podczas tegorocznej edycji Kinoteki Stockholm skupimy si\u0119 na animacji i filmach inspirowanych literatur\u0105.Pierwszy dzie\u0144 festiwalu to przede wszystkich polska animacja [&hellip;]\" \/>\n<meta property=\"og:url\" content=\"https:\/\/instytutpolski.pl\/stockholm\/pl\/kinoteka-2021-2\/\" \/>\n<meta property=\"og:site_name\" content=\"Instytut Polski w Sztokholmie\" \/>\n<meta property=\"article:modified_time\" content=\"2022-08-02T10:45:13+00:00\" \/>\n<meta property=\"og:image\" content=\"https:\/\/instytutpolski.pl\/stockholm\/wp-content\/uploads\/sites\/17\/2021\/09\/LEM-1120x630pxNEW.jpg\" \/>\n\t<meta property=\"og:image:width\" content=\"1120\" \/>\n\t<meta property=\"og:image:height\" content=\"630\" \/>\n\t<meta property=\"og:image:type\" content=\"image\/jpeg\" \/>\n<meta name=\"twitter:card\" content=\"summary_large_image\" \/>\n<meta name=\"twitter:label1\" content=\"Szacowany czas czytania\" \/>\n\t<meta name=\"twitter:data1\" content=\"1 minuta\" \/>\n<script type=\"application\/ld+json\" class=\"yoast-schema-graph\">{\"@context\":\"https:\/\/schema.org\",\"@graph\":[{\"@type\":\"WebPage\",\"@id\":\"https:\/\/instytutpolski.pl\/stockholm\/pl\/kinoteka-2021-2\/\",\"url\":\"https:\/\/instytutpolski.pl\/stockholm\/pl\/kinoteka-2021-2\/\",\"name\":\"KINOTEKA \/ LEMOTEKA 2021 - Instytut Polski w Sztokholmie\",\"isPartOf\":{\"@id\":\"https:\/\/instytutpolski.pl\/stockholm\/#website\"},\"primaryImageOfPage\":{\"@id\":\"https:\/\/instytutpolski.pl\/stockholm\/pl\/kinoteka-2021-2\/#primaryimage\"},\"image\":{\"@id\":\"https:\/\/instytutpolski.pl\/stockholm\/pl\/kinoteka-2021-2\/#primaryimage\"},\"thumbnailUrl\":\"https:\/\/instytutpolski.pl\/stockholm\/wp-content\/uploads\/sites\/17\/2024\/09\/Kinoteka-Web-2024-min.png\",\"datePublished\":\"2021-09-01T12:40:52+00:00\",\"dateModified\":\"2022-08-02T10:45:13+00:00\",\"breadcrumb\":{\"@id\":\"https:\/\/instytutpolski.pl\/stockholm\/pl\/kinoteka-2021-2\/#breadcrumb\"},\"inLanguage\":\"pl-PL\",\"potentialAction\":[{\"@type\":\"ReadAction\",\"target\":[\"https:\/\/instytutpolski.pl\/stockholm\/pl\/kinoteka-2021-2\/\"]}]},{\"@type\":\"ImageObject\",\"inLanguage\":\"pl-PL\",\"@id\":\"https:\/\/instytutpolski.pl\/stockholm\/pl\/kinoteka-2021-2\/#primaryimage\",\"url\":\"https:\/\/instytutpolski.pl\/stockholm\/wp-content\/uploads\/sites\/17\/2024\/09\/Kinoteka-Web-2024-min.png\",\"contentUrl\":\"https:\/\/instytutpolski.pl\/stockholm\/wp-content\/uploads\/sites\/17\/2024\/09\/Kinoteka-Web-2024-min.png\",\"width\":4668,\"height\":2584},{\"@type\":\"BreadcrumbList\",\"@id\":\"https:\/\/instytutpolski.pl\/stockholm\/pl\/kinoteka-2021-2\/#breadcrumb\",\"itemListElement\":[{\"@type\":\"ListItem\",\"position\":1,\"name\":\"Home\",\"item\":\"https:\/\/instytutpolski.pl\/stockholm\/\"},{\"@type\":\"ListItem\",\"position\":2,\"name\":\"KINOTEKA \/ LEMOTEKA 2021\"}]},{\"@type\":\"WebSite\",\"@id\":\"https:\/\/instytutpolski.pl\/stockholm\/#website\",\"url\":\"https:\/\/instytutpolski.pl\/stockholm\/\",\"name\":\"Instytut Polski w Sztokholmie\",\"description\":\"Instytuty Polskie\",\"potentialAction\":[{\"@type\":\"SearchAction\",\"target\":{\"@type\":\"EntryPoint\",\"urlTemplate\":\"https:\/\/instytutpolski.pl\/stockholm\/?s={search_term_string}\"},\"query-input\":{\"@type\":\"PropertyValueSpecification\",\"valueRequired\":true,\"valueName\":\"search_term_string\"}}],\"inLanguage\":\"pl-PL\"}]}<\/script>\n<!-- \/ Yoast SEO plugin. -->","yoast_head_json":{"title":"KINOTEKA \/ LEMOTEKA 2021 - Instytut Polski w Sztokholmie","robots":{"index":"index","follow":"follow","max-snippet":"max-snippet:-1","max-image-preview":"max-image-preview:large","max-video-preview":"max-video-preview:-1"},"canonical":"https:\/\/instytutpolski.pl\/stockholm\/pl\/kinoteka-2021-2\/","og_locale":"pl_PL","og_type":"article","og_title":"KINOTEKA \/ LEMOTEKA 2021 - Instytut Polski w Sztokholmie","og_description":"Zapraszamy na 12. edycj\u0119 festiwalu polskich film\u00f3w KINOTEKA STOCKHOLM, 10-12 wrze\u015bnia 2021w Kinie Zita w Sztokholmie, organizowanego przez Instytut Polski w Sztokholmie. Co roku prezentujemy wyb\u00f3rnowych film\u00f3w fabularnych, ciekawe dokumenty oraz pere\u0142ki klasyki polskiej kinematografii. Podczas tegorocznej edycji Kinoteki Stockholm skupimy si\u0119 na animacji i filmach inspirowanych literatur\u0105.Pierwszy dzie\u0144 festiwalu to przede wszystkich polska animacja [&hellip;]","og_url":"https:\/\/instytutpolski.pl\/stockholm\/pl\/kinoteka-2021-2\/","og_site_name":"Instytut Polski w Sztokholmie","article_modified_time":"2022-08-02T10:45:13+00:00","og_image":[{"width":1120,"height":630,"url":"https:\/\/instytutpolski.pl\/stockholm\/wp-content\/uploads\/sites\/17\/2021\/09\/LEM-1120x630pxNEW.jpg","type":"image\/jpeg"}],"twitter_card":"summary_large_image","twitter_misc":{"Szacowany czas czytania":"1 minuta"},"schema":{"@context":"https:\/\/schema.org","@graph":[{"@type":"WebPage","@id":"https:\/\/instytutpolski.pl\/stockholm\/pl\/kinoteka-2021-2\/","url":"https:\/\/instytutpolski.pl\/stockholm\/pl\/kinoteka-2021-2\/","name":"KINOTEKA \/ LEMOTEKA 2021 - Instytut Polski w Sztokholmie","isPartOf":{"@id":"https:\/\/instytutpolski.pl\/stockholm\/#website"},"primaryImageOfPage":{"@id":"https:\/\/instytutpolski.pl\/stockholm\/pl\/kinoteka-2021-2\/#primaryimage"},"image":{"@id":"https:\/\/instytutpolski.pl\/stockholm\/pl\/kinoteka-2021-2\/#primaryimage"},"thumbnailUrl":"https:\/\/instytutpolski.pl\/stockholm\/wp-content\/uploads\/sites\/17\/2024\/09\/Kinoteka-Web-2024-min.png","datePublished":"2021-09-01T12:40:52+00:00","dateModified":"2022-08-02T10:45:13+00:00","breadcrumb":{"@id":"https:\/\/instytutpolski.pl\/stockholm\/pl\/kinoteka-2021-2\/#breadcrumb"},"inLanguage":"pl-PL","potentialAction":[{"@type":"ReadAction","target":["https:\/\/instytutpolski.pl\/stockholm\/pl\/kinoteka-2021-2\/"]}]},{"@type":"ImageObject","inLanguage":"pl-PL","@id":"https:\/\/instytutpolski.pl\/stockholm\/pl\/kinoteka-2021-2\/#primaryimage","url":"https:\/\/instytutpolski.pl\/stockholm\/wp-content\/uploads\/sites\/17\/2024\/09\/Kinoteka-Web-2024-min.png","contentUrl":"https:\/\/instytutpolski.pl\/stockholm\/wp-content\/uploads\/sites\/17\/2024\/09\/Kinoteka-Web-2024-min.png","width":4668,"height":2584},{"@type":"BreadcrumbList","@id":"https:\/\/instytutpolski.pl\/stockholm\/pl\/kinoteka-2021-2\/#breadcrumb","itemListElement":[{"@type":"ListItem","position":1,"name":"Home","item":"https:\/\/instytutpolski.pl\/stockholm\/"},{"@type":"ListItem","position":2,"name":"KINOTEKA \/ LEMOTEKA 2021"}]},{"@type":"WebSite","@id":"https:\/\/instytutpolski.pl\/stockholm\/#website","url":"https:\/\/instytutpolski.pl\/stockholm\/","name":"Instytut Polski w Sztokholmie","description":"Instytuty Polskie","potentialAction":[{"@type":"SearchAction","target":{"@type":"EntryPoint","urlTemplate":"https:\/\/instytutpolski.pl\/stockholm\/?s={search_term_string}"},"query-input":{"@type":"PropertyValueSpecification","valueRequired":true,"valueName":"search_term_string"}}],"inLanguage":"pl-PL"}]}},"_links":{"self":[{"href":"https:\/\/instytutpolski.pl\/stockholm\/wp-json\/wp\/v2\/pages\/6408","targetHints":{"allow":["GET"]}}],"collection":[{"href":"https:\/\/instytutpolski.pl\/stockholm\/wp-json\/wp\/v2\/pages"}],"about":[{"href":"https:\/\/instytutpolski.pl\/stockholm\/wp-json\/wp\/v2\/types\/page"}],"author":[{"embeddable":true,"href":"https:\/\/instytutpolski.pl\/stockholm\/wp-json\/wp\/v2\/users\/29"}],"replies":[{"embeddable":true,"href":"https:\/\/instytutpolski.pl\/stockholm\/wp-json\/wp\/v2\/comments?post=6408"}],"version-history":[{"count":7,"href":"https:\/\/instytutpolski.pl\/stockholm\/wp-json\/wp\/v2\/pages\/6408\/revisions"}],"predecessor-version":[{"id":8925,"href":"https:\/\/instytutpolski.pl\/stockholm\/wp-json\/wp\/v2\/pages\/6408\/revisions\/8925"}],"wp:featuredmedia":[{"embeddable":true,"href":"https:\/\/instytutpolski.pl\/stockholm\/wp-json\/wp\/v2\/media\/12845"}],"wp:attachment":[{"href":"https:\/\/instytutpolski.pl\/stockholm\/wp-json\/wp\/v2\/media?parent=6408"}],"curies":[{"name":"wp","href":"https:\/\/api.w.org\/{rel}","templated":true}]}}