{"id":6409,"date":"2021-09-01T14:56:05","date_gmt":"2021-09-01T12:56:05","guid":{"rendered":"https:\/\/instytutpolski.pl\/stockholm\/?page_id=6409"},"modified":"2021-09-03T17:10:18","modified_gmt":"2021-09-03T15:10:18","slug":"o-kinotece-2021","status":"publish","type":"page","link":"https:\/\/instytutpolski.pl\/stockholm\/pl\/kinoteka-2\/o-kinotece-2021\/","title":{"rendered":"O Kinotece"},"content":{"rendered":"\n<h5 class=\"wp-block-heading\"><strong>Podczas tegorocznej edycji Kinoteki Stockholm skupimy si\u0119 na animacji i filmach inspirowanych literatur\u0105. Pierwszy dzie\u0144 festiwalu to przede wszystkich polska animacja filmowa. Podczas dw\u00f3ch kolejnych dni Kinoteki przybli\u017cymy wam obrazy inspirowane tw\u00f3rczo\u015bci\u0105 jednego z najwybitniejszych polskich pisarzy, Stanis\u0142awa Lema w nowej sekcji filmowej festiwalu \u2013 Lemoteka.<\/strong><\/h5>\n\n\n\n<p><br>Kinotek\u0119 Stockholm 2021 rozpoczniemy filmem animowanym&nbsp;<strong>Mariusza Wilczy\u0144skiego ZABIJ TO I WYJED\u0179 Z TEGO MIASTA<\/strong>. Film opowiada o zagubionym bohaterze, kt\u00f3ry ukrywa si\u0119 w bezpiecznym \u015bwiecie swoich wspomnie\u0144, gdzie czas stoi w miejscu, a wszyscy najbli\u017csi jego sercu s\u0105 wci\u0105\u017c blisko. Pokaz jest pi\u0119kn\u0105 i emocjonaln\u0105 podr\u00f3\u017c\u0105 przez my\u015bli i marzenia g\u0142\u00f3wnego bohatera. W tym roku film wygra\u0142 nagrody Polskiej Akademii Filmowej Or\u0142y 2021 za najlepszy film, najlepsz\u0105 muzyk\u0119, najlepszy d\u017awi\u0119k i najlepszy scenariusz. Po filmie serdecznie zapraszamy na rozmow\u0119 z re\u017cyserem Mariuszem Wilczy\u0144skim.<\/p>\n\n\n\n<p>Podczas pierwszego dnia festiwalu zobaczy\u0107 b\u0119dzie mo\u017cna r\u00f3wnie\u017c&nbsp;<strong>retrospektyw\u0119 film\u00f3w Antoniszczaka<\/strong>. Antoniszczak lub Antonisz, urodzi\u0142 si\u0119 8 listopada 1941 roku w Nowym S\u0105czu. By\u0142 scenarzyst\u0105, re\u017cyserem film\u00f3w animowanych, kompozytorem i tw\u00f3rc\u0105 animacji eksperymentalnej. Od 1977 konsekwentnie tworzy\u0142 filmy bez u\u017cycia kamery \u2013 rysowane bezpo\u015brednio na ta\u015bmie filmowej.<\/p>\n\n\n\n<p>W tym roku obchodzimy 100. rocznic\u0119 urodzin polskiego pisarza science fiction&nbsp;<strong>Stanis\u0142awa Lema<\/strong>. Z tej okazji 11 wrze\u015bnia przejdziemy do drugiej cz\u0119\u015bci festiwalu \u2013&nbsp;<strong>Lemoteki<\/strong>, czyli film\u00f3w inspirowanych tw\u00f3rczo\u015bci\u0105 Stanis\u0142awa Lema. Lemotek\u0119 rozpocznie kr\u00f3tkometra\u017cowy film&nbsp;<strong>Hanki Bruli\u0144skiej MASKA<\/strong>, stworzony na podstawie znanego opowiadania autorstwa Stanis\u0142awa Lema o tym samym tytule. Po pokazie filmowym zapraszamy na spotkanie z re\u017cyserk\u0105 Hank\u0105 Bruli\u0144sk\u0105.<\/p>\n\n\n\n<p>Podczas drugiego dnia festiwalu zaprezentowany zostanie r\u00f3wnie\u017c&nbsp;<strong>KONGRES<\/strong>&nbsp;autorstwa<strong>&nbsp;Ari Folman<\/strong>. W po\u0142owie sfilmowany, a w po\u0142owie animowany film na podstawie ksi\u0105\u017cki&nbsp;<em>Kongres Futurologiczny<\/em>&nbsp;Stanis\u0142awa Lema. Film ten to wsp\u00f3\u0142praca wielu kraj\u00f3w, gdzie polscy animatorzy odegrali kluczow\u0105 rol\u0119.<\/p>\n\n\n\n<p>Ostatni dzie\u0144 festiwalu Kinoteka Stockholm otworzy&nbsp;<strong>POK\u00d3J Krzysztofa Jankowskiego<\/strong>. W filmie Ijon Tichy, ulubiony bohater Stanis\u0142awa Lema, jest delegatem do Parlamentu Pans\u0142owia\u0144skiego i stara si\u0119 sprzeciwi\u0107 wprowadzeniu broni, kt\u00f3ra zagra\u017ca bezpiecze\u0144stwu w kosmosie. Nast\u0119pnie zaprezentowany zostanie film&nbsp;<strong>DORADCY KR\u00d3LA HYDROPSA autorstwa Natalii Bro\u017cy\u0144skiej<\/strong>. Jest to opowie\u015b\u0107 o Hydropsie, kr\u00f3lu Akwacji oraz jego doradcach, kt\u00f3rym zostaje zlecone stworzenie nast\u0119pcy tronu.<\/p>\n\n\n\n<p>Festiwal zamknie&nbsp;<strong>PRZEK\u0141ADANIEC Andrzeja Wajdy<\/strong>, stworzony na podstawie opowiadania Lema \u201cCzy Pan istnieje, Mr. Johns?\u201d. Scenariusz do filmu zosta\u0142 napisany przez samego Stanis\u0142awa Lema, specjalist\u0119 od fantastyki naukowej i groteski. Jest to jedyny film, kt\u00f3ry powsta\u0142 na podstawie tw\u00f3rczo\u015bci Lema, zaakceptowany i lubiany przez pisarza.<\/p>\n\n\n\n<p>Mamy nadziej\u0119, \u017ce doceni\u0105 Pa\u0144stwo filmy prezentowane w tym roku w limitowanej edycji Kinoteki Stockholm.<\/p>\n\n\n\n<p>\u017byczymy wspania\u0142ych, filmowych wra\u017ce\u0144!<\/p>\n\n\n\n<p><br><em><strong>Partnerzy projektu:<\/strong>&nbsp;Zita Folkets Bio, Rok Lema 2021, Filmoteka Narodowa, Ego Movies<\/em><\/p>\n\n\n\n<p><em><strong>Plakat:&nbsp;<\/strong>Krzysztof Ducki<\/em><\/p>\n\n\n\n<p><br><\/p>\n\n\n\n<p class=\"has-text-align-center\"><strong><a href=\"https:\/\/instytutpolski.pl\/stockholm\/pl\/kinoteka-2021-2\/\" target=\"_blank\" rel=\"noreferrer noopener\">KINOTEKA STOCKHOLM<\/a><\/strong>\u00a0|\u00a0<strong><a href=\"https:\/\/instytutpolski.pl\/stockholm\/pl\/kinoteka-2\/o-kinotece-2021\/\" target=\"_blank\" rel=\"noreferrer noopener\">O KINOTECE<\/a><\/strong>\u00a0|\u00a0<strong><a href=\"https:\/\/instytutpolski.pl\/stockholm\/pl\/kinoteka-2\/program-2021\/\" target=\"_blank\" rel=\"noreferrer noopener\">PROGRAM<\/a><\/strong>\u00a0|\u00a0<strong><a href=\"https:\/\/instytutpolski.pl\/stockholm\/pl\/kinoteka-2\/filmy-i-spotkania-2021\/\" target=\"_blank\" rel=\"noreferrer noopener\">FILMY I SPOTKANIA<\/a><\/strong><\/p>\n","protected":false},"excerpt":{"rendered":"<p>Podczas tegorocznej edycji Kinoteki Stockholm skupimy si\u0119 na animacji i filmach inspirowanych literatur\u0105. Pierwszy dzie\u0144 festiwalu to przede wszystkich polska animacja filmowa. Podczas dw\u00f3ch kolejnych dni Kinoteki przybli\u017cymy wam obrazy inspirowane tw\u00f3rczo\u015bci\u0105 jednego z najwybitniejszych polskich pisarzy, Stanis\u0142awa Lema w nowej sekcji filmowej festiwalu \u2013 Lemoteka. Kinotek\u0119 Stockholm 2021 rozpoczniemy filmem animowanym&nbsp;Mariusza Wilczy\u0144skiego ZABIJ TO [&hellip;]<\/p>\n","protected":false},"author":29,"featured_media":6227,"parent":3781,"menu_order":0,"comment_status":"closed","ping_status":"closed","template":"","meta":{"inline_featured_image":false,"_monsterinsights_skip_tracking":false,"_monsterinsights_sitenote_active":false,"_monsterinsights_sitenote_note":"","_monsterinsights_sitenote_category":0,"footnotes":""},"class_list":["post-6409","page","type-page","status-publish","has-post-thumbnail","hentry"],"yoast_head":"<!-- This site is optimized with the Yoast SEO plugin v24.6 - https:\/\/yoast.com\/wordpress\/plugins\/seo\/ -->\n<title>O Kinotece - Instytut Polski w Sztokholmie<\/title>\n<meta name=\"robots\" content=\"index, follow, max-snippet:-1, max-image-preview:large, max-video-preview:-1\" \/>\n<link rel=\"canonical\" href=\"https:\/\/instytutpolski.pl\/stockholm\/pl\/kinoteka-2\/o-kinotece-2021\/\" \/>\n<meta property=\"og:locale\" content=\"pl_PL\" \/>\n<meta property=\"og:type\" content=\"article\" \/>\n<meta property=\"og:title\" content=\"O Kinotece - Instytut Polski w Sztokholmie\" \/>\n<meta property=\"og:description\" content=\"Podczas tegorocznej edycji Kinoteki Stockholm skupimy si\u0119 na animacji i filmach inspirowanych literatur\u0105. Pierwszy dzie\u0144 festiwalu to przede wszystkich polska animacja filmowa. Podczas dw\u00f3ch kolejnych dni Kinoteki przybli\u017cymy wam obrazy inspirowane tw\u00f3rczo\u015bci\u0105 jednego z najwybitniejszych polskich pisarzy, Stanis\u0142awa Lema w nowej sekcji filmowej festiwalu \u2013 Lemoteka. Kinotek\u0119 Stockholm 2021 rozpoczniemy filmem animowanym&nbsp;Mariusza Wilczy\u0144skiego ZABIJ TO [&hellip;]\" \/>\n<meta property=\"og:url\" content=\"https:\/\/instytutpolski.pl\/stockholm\/pl\/kinoteka-2\/o-kinotece-2021\/\" \/>\n<meta property=\"og:site_name\" content=\"Instytut Polski w Sztokholmie\" \/>\n<meta property=\"article:modified_time\" content=\"2021-09-03T15:10:18+00:00\" \/>\n<meta property=\"og:image\" content=\"https:\/\/instytutpolski.pl\/stockholm\/wp-content\/uploads\/sites\/17\/2021\/09\/LEM-900x507pxNEW.jpg\" \/>\n\t<meta property=\"og:image:width\" content=\"900\" \/>\n\t<meta property=\"og:image:height\" content=\"507\" \/>\n\t<meta property=\"og:image:type\" content=\"image\/jpeg\" \/>\n<meta name=\"twitter:card\" content=\"summary_large_image\" \/>\n<meta name=\"twitter:label1\" content=\"Szacowany czas czytania\" \/>\n\t<meta name=\"twitter:data1\" content=\"2 minuty\" \/>\n<script type=\"application\/ld+json\" class=\"yoast-schema-graph\">{\"@context\":\"https:\/\/schema.org\",\"@graph\":[{\"@type\":\"WebPage\",\"@id\":\"https:\/\/instytutpolski.pl\/stockholm\/pl\/kinoteka-2\/o-kinotece-2021\/\",\"url\":\"https:\/\/instytutpolski.pl\/stockholm\/pl\/kinoteka-2\/o-kinotece-2021\/\",\"name\":\"O Kinotece - Instytut Polski w Sztokholmie\",\"isPartOf\":{\"@id\":\"https:\/\/instytutpolski.pl\/stockholm\/#website\"},\"primaryImageOfPage\":{\"@id\":\"https:\/\/instytutpolski.pl\/stockholm\/pl\/kinoteka-2\/o-kinotece-2021\/#primaryimage\"},\"image\":{\"@id\":\"https:\/\/instytutpolski.pl\/stockholm\/pl\/kinoteka-2\/o-kinotece-2021\/#primaryimage\"},\"thumbnailUrl\":\"https:\/\/instytutpolski.pl\/stockholm\/wp-content\/uploads\/sites\/17\/2021\/09\/LEM-900x507pxNEW.jpg\",\"datePublished\":\"2021-09-01T12:56:05+00:00\",\"dateModified\":\"2021-09-03T15:10:18+00:00\",\"breadcrumb\":{\"@id\":\"https:\/\/instytutpolski.pl\/stockholm\/pl\/kinoteka-2\/o-kinotece-2021\/#breadcrumb\"},\"inLanguage\":\"pl-PL\",\"potentialAction\":[{\"@type\":\"ReadAction\",\"target\":[\"https:\/\/instytutpolski.pl\/stockholm\/pl\/kinoteka-2\/o-kinotece-2021\/\"]}]},{\"@type\":\"ImageObject\",\"inLanguage\":\"pl-PL\",\"@id\":\"https:\/\/instytutpolski.pl\/stockholm\/pl\/kinoteka-2\/o-kinotece-2021\/#primaryimage\",\"url\":\"https:\/\/instytutpolski.pl\/stockholm\/wp-content\/uploads\/sites\/17\/2021\/09\/LEM-900x507pxNEW.jpg\",\"contentUrl\":\"https:\/\/instytutpolski.pl\/stockholm\/wp-content\/uploads\/sites\/17\/2021\/09\/LEM-900x507pxNEW.jpg\",\"width\":900,\"height\":507},{\"@type\":\"BreadcrumbList\",\"@id\":\"https:\/\/instytutpolski.pl\/stockholm\/pl\/kinoteka-2\/o-kinotece-2021\/#breadcrumb\",\"itemListElement\":[{\"@type\":\"ListItem\",\"position\":1,\"name\":\"Home\",\"item\":\"https:\/\/instytutpolski.pl\/stockholm\/\"},{\"@type\":\"ListItem\",\"position\":2,\"name\":\"KINOTEKA\",\"item\":\"https:\/\/instytutpolski.pl\/stockholm\/pl\/kinoteka-2\/\"},{\"@type\":\"ListItem\",\"position\":3,\"name\":\"O Kinotece\"}]},{\"@type\":\"WebSite\",\"@id\":\"https:\/\/instytutpolski.pl\/stockholm\/#website\",\"url\":\"https:\/\/instytutpolski.pl\/stockholm\/\",\"name\":\"Instytut Polski w Sztokholmie\",\"description\":\"Instytuty Polskie\",\"potentialAction\":[{\"@type\":\"SearchAction\",\"target\":{\"@type\":\"EntryPoint\",\"urlTemplate\":\"https:\/\/instytutpolski.pl\/stockholm\/?s={search_term_string}\"},\"query-input\":{\"@type\":\"PropertyValueSpecification\",\"valueRequired\":true,\"valueName\":\"search_term_string\"}}],\"inLanguage\":\"pl-PL\"}]}<\/script>\n<!-- \/ Yoast SEO plugin. -->","yoast_head_json":{"title":"O Kinotece - Instytut Polski w Sztokholmie","robots":{"index":"index","follow":"follow","max-snippet":"max-snippet:-1","max-image-preview":"max-image-preview:large","max-video-preview":"max-video-preview:-1"},"canonical":"https:\/\/instytutpolski.pl\/stockholm\/pl\/kinoteka-2\/o-kinotece-2021\/","og_locale":"pl_PL","og_type":"article","og_title":"O Kinotece - Instytut Polski w Sztokholmie","og_description":"Podczas tegorocznej edycji Kinoteki Stockholm skupimy si\u0119 na animacji i filmach inspirowanych literatur\u0105. Pierwszy dzie\u0144 festiwalu to przede wszystkich polska animacja filmowa. Podczas dw\u00f3ch kolejnych dni Kinoteki przybli\u017cymy wam obrazy inspirowane tw\u00f3rczo\u015bci\u0105 jednego z najwybitniejszych polskich pisarzy, Stanis\u0142awa Lema w nowej sekcji filmowej festiwalu \u2013 Lemoteka. Kinotek\u0119 Stockholm 2021 rozpoczniemy filmem animowanym&nbsp;Mariusza Wilczy\u0144skiego ZABIJ TO [&hellip;]","og_url":"https:\/\/instytutpolski.pl\/stockholm\/pl\/kinoteka-2\/o-kinotece-2021\/","og_site_name":"Instytut Polski w Sztokholmie","article_modified_time":"2021-09-03T15:10:18+00:00","og_image":[{"width":900,"height":507,"url":"https:\/\/instytutpolski.pl\/stockholm\/wp-content\/uploads\/sites\/17\/2021\/09\/LEM-900x507pxNEW.jpg","type":"image\/jpeg"}],"twitter_card":"summary_large_image","twitter_misc":{"Szacowany czas czytania":"2 minuty"},"schema":{"@context":"https:\/\/schema.org","@graph":[{"@type":"WebPage","@id":"https:\/\/instytutpolski.pl\/stockholm\/pl\/kinoteka-2\/o-kinotece-2021\/","url":"https:\/\/instytutpolski.pl\/stockholm\/pl\/kinoteka-2\/o-kinotece-2021\/","name":"O Kinotece - Instytut Polski w Sztokholmie","isPartOf":{"@id":"https:\/\/instytutpolski.pl\/stockholm\/#website"},"primaryImageOfPage":{"@id":"https:\/\/instytutpolski.pl\/stockholm\/pl\/kinoteka-2\/o-kinotece-2021\/#primaryimage"},"image":{"@id":"https:\/\/instytutpolski.pl\/stockholm\/pl\/kinoteka-2\/o-kinotece-2021\/#primaryimage"},"thumbnailUrl":"https:\/\/instytutpolski.pl\/stockholm\/wp-content\/uploads\/sites\/17\/2021\/09\/LEM-900x507pxNEW.jpg","datePublished":"2021-09-01T12:56:05+00:00","dateModified":"2021-09-03T15:10:18+00:00","breadcrumb":{"@id":"https:\/\/instytutpolski.pl\/stockholm\/pl\/kinoteka-2\/o-kinotece-2021\/#breadcrumb"},"inLanguage":"pl-PL","potentialAction":[{"@type":"ReadAction","target":["https:\/\/instytutpolski.pl\/stockholm\/pl\/kinoteka-2\/o-kinotece-2021\/"]}]},{"@type":"ImageObject","inLanguage":"pl-PL","@id":"https:\/\/instytutpolski.pl\/stockholm\/pl\/kinoteka-2\/o-kinotece-2021\/#primaryimage","url":"https:\/\/instytutpolski.pl\/stockholm\/wp-content\/uploads\/sites\/17\/2021\/09\/LEM-900x507pxNEW.jpg","contentUrl":"https:\/\/instytutpolski.pl\/stockholm\/wp-content\/uploads\/sites\/17\/2021\/09\/LEM-900x507pxNEW.jpg","width":900,"height":507},{"@type":"BreadcrumbList","@id":"https:\/\/instytutpolski.pl\/stockholm\/pl\/kinoteka-2\/o-kinotece-2021\/#breadcrumb","itemListElement":[{"@type":"ListItem","position":1,"name":"Home","item":"https:\/\/instytutpolski.pl\/stockholm\/"},{"@type":"ListItem","position":2,"name":"KINOTEKA","item":"https:\/\/instytutpolski.pl\/stockholm\/pl\/kinoteka-2\/"},{"@type":"ListItem","position":3,"name":"O Kinotece"}]},{"@type":"WebSite","@id":"https:\/\/instytutpolski.pl\/stockholm\/#website","url":"https:\/\/instytutpolski.pl\/stockholm\/","name":"Instytut Polski w Sztokholmie","description":"Instytuty Polskie","potentialAction":[{"@type":"SearchAction","target":{"@type":"EntryPoint","urlTemplate":"https:\/\/instytutpolski.pl\/stockholm\/?s={search_term_string}"},"query-input":{"@type":"PropertyValueSpecification","valueRequired":true,"valueName":"search_term_string"}}],"inLanguage":"pl-PL"}]}},"_links":{"self":[{"href":"https:\/\/instytutpolski.pl\/stockholm\/wp-json\/wp\/v2\/pages\/6409","targetHints":{"allow":["GET"]}}],"collection":[{"href":"https:\/\/instytutpolski.pl\/stockholm\/wp-json\/wp\/v2\/pages"}],"about":[{"href":"https:\/\/instytutpolski.pl\/stockholm\/wp-json\/wp\/v2\/types\/page"}],"author":[{"embeddable":true,"href":"https:\/\/instytutpolski.pl\/stockholm\/wp-json\/wp\/v2\/users\/29"}],"replies":[{"embeddable":true,"href":"https:\/\/instytutpolski.pl\/stockholm\/wp-json\/wp\/v2\/comments?post=6409"}],"version-history":[{"count":8,"href":"https:\/\/instytutpolski.pl\/stockholm\/wp-json\/wp\/v2\/pages\/6409\/revisions"}],"predecessor-version":[{"id":6443,"href":"https:\/\/instytutpolski.pl\/stockholm\/wp-json\/wp\/v2\/pages\/6409\/revisions\/6443"}],"up":[{"embeddable":true,"href":"https:\/\/instytutpolski.pl\/stockholm\/wp-json\/wp\/v2\/pages\/3781"}],"wp:featuredmedia":[{"embeddable":true,"href":"https:\/\/instytutpolski.pl\/stockholm\/wp-json\/wp\/v2\/media\/6227"}],"wp:attachment":[{"href":"https:\/\/instytutpolski.pl\/stockholm\/wp-json\/wp\/v2\/media?parent=6409"}],"curies":[{"name":"wp","href":"https:\/\/api.w.org\/{rel}","templated":true}]}}