{"id":181,"date":"2019-07-03T11:29:54","date_gmt":"2019-07-03T09:29:54","guid":{"rendered":"https:\/\/instytutpolski.pl\/tbilisi\/?page_id=181"},"modified":"2020-05-21T00:57:20","modified_gmt":"2020-05-20T22:57:20","slug":"kultura-w-polsce","status":"publish","type":"page","link":"https:\/\/instytutpolski.pl\/tbilisi\/pl\/poznaj-polske\/kultura-w-polsce\/","title":{"rendered":"Stypendia w Polsce"},"content":{"rendered":"\n<p>Polska oferuje kilka rodzaj\u00f3w stypendi\u00f3w dla obcokrajowc\u00f3w chc\u0105cych studiowa\u0107 w Polsce i prowadzi\u0107 tutaj badania naukowe.<\/p>\n\n\n\n<p>Dost\u0119pne s\u0105 m.in.: Erasmus +, stypendia w ramach um\u00f3w bilateralnych, \u015arodkowoeuropejski Program Wymiany Uniwersyteckiej CEEPUS, Wyszehradzki program stypendialny, stypendia dla student\u00f3w z kraj\u00f3w Partnerstwa Wschodniego oraz z kraj\u00f3w postsowieckich, stypendia dla obywateli kraj\u00f3w rozwijaj\u0105cych si\u0119, Program Fulbrighta, program stypendialny im. Lane\u2019a Kirklanda, UNESCO\/Poland Co-Sponsored Fellowships Programme in Engineering, Programme of Fellowships under the Polish National Commission for UNESCO.<\/p>\n\n\n\n<p>Wi\u0119cej informacji na <a href=\"http:\/\/www.go-poland.pl\/\">http:\/\/www.go-poland.pl\/<\/a><\/p>\n\n\n\n<p><strong><u>Stypendia naukowe<\/u><\/strong><\/p>\n\n\n\n<p>W\u015br\u00f3d projekt\u00f3w dedykowanych naukowcom i doktorantom znajduj\u0105 si\u0119:<\/p>\n\n\n\n<ul class=\"wp-block-list\"><li><strong>Program Poland My First Choice <\/strong>\u2013skierowany do student\u00f3w zagranicznych zainteresowanych odbyciem studi\u00f3w II stopnia i uzyskaniem tytu\u0142u magistra na polskiej uczelni.<\/li><\/ul>\n\n\n\n<p><strong><em>Wi\u0119cej informacji o programie oraz pe\u0142na lista kraj\u00f3w partnerskich<\/em><\/strong><strong>: <\/strong>https:\/\/www.nawa.gov.pl\/studenci\/studenci-zagraniczni\/program-poland-my-first-choice<\/p>\n\n\n\n<ul class=\"wp-block-list\"><li><strong>Polskie Powroty<\/strong> &#8211;&nbsp; program wspiera wyr\u00f3\u017cniaj\u0105cych si\u0119 polskich naukowc\u00f3w w powrocie do kraju. Skierowany do polskich naukowc\u00f3w pracuj\u0105cych w&nbsp;zagranicznych instytucjach naukowych, kt\u00f3rzy zdobyt\u0105 poza krajem wiedz\u0119 i&nbsp;do\u015bwiadczenie chc\u0105 wykorzysta\u0107 po powrocie do Polski, rozwijaj\u0105c w\u0142asn\u0105 grup\u0119 badawcz\u0105 b\u0105d\u017a w\u0142\u0105czaj\u0105c si\u0119 w&nbsp;badania prowadzone w&nbsp;ju\u017c dzia\u0142aj\u0105cych zespo\u0142ach naukowych.<\/li><\/ul>\n\n\n\n<p><em>Wi\u0119cej informacji o programie<\/em>: <a href=\"https:\/\/nawa.gov.pl\/naukowcy\/polskie-powroty\">https:\/\/nawa.gov.pl\/naukowcy\/polskie-powroty<\/a><\/p>\n\n\n\n<ul class=\"wp-block-list\"><li><strong>Program im. Ulama<\/strong> \u2013Stypendium umo\u017cliwia prowadzenie bada\u0144 naukowych, w tym we wsp\u00f3\u0142pracy z polskimi naukowcami lub grupami badawczymi; odbycie sta\u017cu podoktorskiego; pozyskanie materia\u0142\u00f3w do bada\u0144 lub publikacji naukowej; prowadzenie zaj\u0119\u0107 dydaktycznych w o\u015brodku goszcz\u0105cym.<\/li><\/ul>\n\n\n\n<p><em>Wi\u0119cej informacji o programie<\/em>: <a href=\"https:\/\/nawa.gov.pl\/naukowcy\/program-im-ulama\">https:\/\/nawa.gov.pl\/naukowcy\/program-im-ulama<\/a><\/p>\n\n\n\n<ul class=\"wp-block-list\"><li><strong>Program Stypendialny dla Polonii im. gen. W\u0142. Andersa<\/strong> \u2013stypendiumoferowane m\u0142odzie\u017cy polskiego pochodzenia, obywateli jednego z nast\u0119puj\u0105cych pa\u0144stw: Albania, Armenia, Azerbejd\u017can, Bia\u0142oru\u015b, Bu\u0142garia, Czechy, Chorwacja, Estonia, Gruzja, Kazachstan, Kirgistan, Litwa, \u0141otwa, Macedonia, Mo\u0142dawia, Rosja, Rumunia, Serbia, S\u0142owacja, Tad\u017cykistan, Turkmenistan, Ukraina, USA, Uzbekistan, W\u0119gry oraz pa\u0144stw Ameryki Po\u0142udniowej, Ameryki \u015arodkowej i Afryki.<\/li><li><strong>Program Stypendialny im. Stefana Banacha \u2013 <\/strong>powsta\u0142 z inicjatywy Ministerstwa Spraw Zagranicznych oraz Narodowej Agencji Wymiany Akademickiej. Celem programu skierowanego do obywateli pa\u0144stw Partnerstwa Wschodniego, Azji Centralnej oraz kraj\u00f3w Ba\u0142kan\u00f3w Zachodnich, jest wspieranie rozwoju spo\u0142eczno-gospodarczego kraj\u00f3w rozwijaj\u0105cych si\u0119 poprzez podnoszenie poziomu wiedzy i&nbsp;wykszta\u0142cenia obywateli.<\/li><\/ul>\n\n\n\n<p><strong><em>Wi\u0119cej informacji o programie<\/em><\/strong><strong>: <\/strong><a href=\"https:\/\/www.nawa.gov.pl\/studenci\/studenci-zagraniczni\/program-stypendialny-im-stefana-banacha\">https:\/\/www.nawa.gov.pl\/studenci\/studenci-zagraniczni\/program-stypendialny-im-stefana-banacha<\/a><\/p>\n\n\n\n<ul class=\"wp-block-list\"><li><strong>Program Stypendialny im. Ignacego \u0141ukasiewicza \u2013 <\/strong>zainicjowany wsp\u00f3lnie przez MSZ oraz NAWA w ramach polskiej pomocy rozwojowej, podobnie jak w przypadku Programu Stypendialnego im. Stefana Banacha, wspiera on rozw\u00f3j spo\u0142eczno-gospodarczy kraj\u00f3w rozwijaj\u0105cych si\u0119 (bez kraj\u00f3w Europy i Azji Centralnej). Pierwsze\u0144stwo maj\u0105 aplikanci z nast\u0119puj\u0105cych kraj\u00f3w: <strong>Angola, Etiopia, Filipiny, Indie, Indonezja, Kenia, Kolumbia, Liban, Meksyk, Mjanma, Nigeria, Palestyna, Peru, RPA, Senegal, Tanzania, Uganda, Wietnam<\/strong><strong>.<\/strong><\/li><\/ul>\n\n\n\n<p><strong><em>Wi\u0119cej informacji o programie<\/em><\/strong><strong>: <\/strong><a href=\"https:\/\/www.nawa.gov.pl\/studenci\/studenci-zagraniczni\/program-stypendialny-im-ignacego-lukasiewicza\">https:\/\/www.nawa.gov.pl\/studenci\/studenci-zagraniczni\/program-stypendialny-im-ignacego-lukasiewicza<\/a><\/p>\n\n\n\n<p>Wi\u0119cej o programach NAWA: <a href=\"https:\/\/www.nawa.gov.pl\/programy-nawa\/programy-nawa-alias\/trwajace\">https:\/\/www.nawa.gov.pl\/programy-nawa\/programy-nawa-alias\/trwajace<\/a><\/p>\n\n\n\n<p><strong><u>Stypendia w ramach um\u00f3w dwustronnych<\/u><\/strong><strong><\/strong><\/p>\n\n\n\n<p>Wsp\u00f3\u0142prac\u0105 obj\u0119te s\u0105 m.in.:&nbsp;Armenia, Belgia Walonia, Bia\u0142oru\u015b, Bu\u0142garia, Chiny, Chorwacja, Czechy, Egipt, Francja, Izrael, Japonia, Jemen, Kazachstan,&nbsp;Korea, Macedonia, Mongolia, Rumunia, Serbia, S\u0142owacja, S\u0142owenia, Tajwan, Ukraina, W\u0119gry, Wietnam, W\u0142ochy.W ramach programu pobyt mo\u017ce trwa\u0107 od 3 dni do 12 miesi\u0119cy w danym roku akademickim.Wi\u0119cej informacji o programie wsp\u00f3\u0142pracy tutaj: <a href=\"https:\/\/www.nawa.gov.pl\/studenci\/studenci-zagraniczni\/program-wymiany-osobowej-studentow-i-naukowcow-w-ramach-wspolpracy-bilateralnej-oferta-przyjazdowa\">https:\/\/www.nawa.gov.pl\/studenci\/studenci-zagraniczni\/program-wymiany-osobowej-studentow-i-naukowcow-w-ramach-wspolpracy-bilateralnej-oferta-przyjazdowa<\/a> .<\/p>\n\n\n\n<p>Wi\u0119cej o<strong> projektach dedykowanych instytucjom<\/strong>: Promocja Zagraniczna; Program PROM; <a href=\"https:\/\/www.nawa.gov.pl\/instytucje\/akademickie-partnerstwa-miedzynarodowe\">Akademickie Partnerstwa Mi\u0119dzynarodowe<\/a>; Welcome to Poland; <a href=\"https:\/\/www.nawa.gov.pl\/instytucje\/ster-stypendia-doktorskie-dla-cudzoziemcow\">STER &#8211; Stypendia doktorskie dla cudzoziemc\u00f3w<\/a>; KATAMARAN &#8211; Przygotowanie i realizacja wsp\u00f3lnych studi\u00f3w II stopnia: <a href=\"https:\/\/www.nawa.gov.pl\/instytucje\">https:\/\/www.nawa.gov.pl\/instytucje<\/a><strong><\/strong><\/p>\n","protected":false},"excerpt":{"rendered":"<p>Polska oferuje kilka rodzaj\u00f3w stypendi\u00f3w dla obcokrajowc\u00f3w chc\u0105cych studiowa\u0107 w Polsce i prowadzi\u0107 tutaj badania naukowe. Dost\u0119pne s\u0105 m.in.: Erasmus +, stypendia w ramach um\u00f3w bilateralnych, \u015arodkowoeuropejski Program Wymiany Uniwersyteckiej CEEPUS, Wyszehradzki program stypendialny, stypendia dla student\u00f3w z kraj\u00f3w Partnerstwa Wschodniego oraz z kraj\u00f3w postsowieckich, stypendia dla obywateli kraj\u00f3w rozwijaj\u0105cych si\u0119, Program Fulbrighta, program stypendialny [&hellip;]<\/p>\n","protected":false},"author":1,"featured_media":36,"parent":173,"menu_order":0,"comment_status":"closed","ping_status":"closed","template":"","meta":{"inline_featured_image":false,"_monsterinsights_skip_tracking":false,"_monsterinsights_sitenote_active":false,"_monsterinsights_sitenote_note":"","_monsterinsights_sitenote_category":0,"footnotes":""},"class_list":["post-181","page","type-page","status-publish","has-post-thumbnail","hentry"],"yoast_head":"<!-- This site is optimized with the Yoast SEO plugin v24.6 - https:\/\/yoast.com\/wordpress\/plugins\/seo\/ -->\n<title>Stypendia w Polsce - Instytut Polski w Tbilisi<\/title>\n<meta name=\"robots\" content=\"index, follow, max-snippet:-1, max-image-preview:large, max-video-preview:-1\" \/>\n<link rel=\"canonical\" href=\"https:\/\/instytutpolski.pl\/tbilisi\/pl\/poznaj-polske\/kultura-w-polsce\/\" \/>\n<meta property=\"og:locale\" content=\"pl_PL\" \/>\n<meta property=\"og:type\" content=\"article\" \/>\n<meta property=\"og:title\" content=\"Stypendia w Polsce - Instytut Polski w Tbilisi\" \/>\n<meta property=\"og:description\" content=\"Polska oferuje kilka rodzaj\u00f3w stypendi\u00f3w dla obcokrajowc\u00f3w chc\u0105cych studiowa\u0107 w Polsce i prowadzi\u0107 tutaj badania naukowe. Dost\u0119pne s\u0105 m.in.: Erasmus +, stypendia w ramach um\u00f3w bilateralnych, \u015arodkowoeuropejski Program Wymiany Uniwersyteckiej CEEPUS, Wyszehradzki program stypendialny, stypendia dla student\u00f3w z kraj\u00f3w Partnerstwa Wschodniego oraz z kraj\u00f3w postsowieckich, stypendia dla obywateli kraj\u00f3w rozwijaj\u0105cych si\u0119, Program Fulbrighta, program stypendialny [&hellip;]\" \/>\n<meta property=\"og:url\" content=\"https:\/\/instytutpolski.pl\/tbilisi\/pl\/poznaj-polske\/kultura-w-polsce\/\" \/>\n<meta property=\"og:site_name\" content=\"Instytut Polski w Tbilisi\" \/>\n<meta property=\"article:modified_time\" content=\"2020-05-20T22:57:20+00:00\" \/>\n<meta property=\"og:image\" content=\"https:\/\/instytutpolski.pl\/tbilisi\/wp-content\/uploads\/sites\/27\/2019\/07\/kultura-w-polsce.jpg\" \/>\n\t<meta property=\"og:image:width\" content=\"1920\" \/>\n\t<meta property=\"og:image:height\" content=\"700\" \/>\n\t<meta property=\"og:image:type\" content=\"image\/jpeg\" \/>\n<meta name=\"twitter:card\" content=\"summary_large_image\" \/>\n<meta name=\"twitter:label1\" content=\"Szacowany czas czytania\" \/>\n\t<meta name=\"twitter:data1\" content=\"3 minuty\" \/>\n<script type=\"application\/ld+json\" class=\"yoast-schema-graph\">{\"@context\":\"https:\/\/schema.org\",\"@graph\":[{\"@type\":\"WebPage\",\"@id\":\"https:\/\/instytutpolski.pl\/tbilisi\/pl\/poznaj-polske\/kultura-w-polsce\/\",\"url\":\"https:\/\/instytutpolski.pl\/tbilisi\/pl\/poznaj-polske\/kultura-w-polsce\/\",\"name\":\"Stypendia w Polsce - Instytut Polski w Tbilisi\",\"isPartOf\":{\"@id\":\"https:\/\/instytutpolski.pl\/tbilisi\/#website\"},\"primaryImageOfPage\":{\"@id\":\"https:\/\/instytutpolski.pl\/tbilisi\/pl\/poznaj-polske\/kultura-w-polsce\/#primaryimage\"},\"image\":{\"@id\":\"https:\/\/instytutpolski.pl\/tbilisi\/pl\/poznaj-polske\/kultura-w-polsce\/#primaryimage\"},\"thumbnailUrl\":\"https:\/\/instytutpolski.pl\/tbilisi\/wp-content\/uploads\/sites\/27\/2019\/07\/kultura-w-polsce.jpg\",\"datePublished\":\"2019-07-03T09:29:54+00:00\",\"dateModified\":\"2020-05-20T22:57:20+00:00\",\"breadcrumb\":{\"@id\":\"https:\/\/instytutpolski.pl\/tbilisi\/pl\/poznaj-polske\/kultura-w-polsce\/#breadcrumb\"},\"inLanguage\":\"pl-PL\",\"potentialAction\":[{\"@type\":\"ReadAction\",\"target\":[\"https:\/\/instytutpolski.pl\/tbilisi\/pl\/poznaj-polske\/kultura-w-polsce\/\"]}]},{\"@type\":\"ImageObject\",\"inLanguage\":\"pl-PL\",\"@id\":\"https:\/\/instytutpolski.pl\/tbilisi\/pl\/poznaj-polske\/kultura-w-polsce\/#primaryimage\",\"url\":\"https:\/\/instytutpolski.pl\/tbilisi\/wp-content\/uploads\/sites\/27\/2019\/07\/kultura-w-polsce.jpg\",\"contentUrl\":\"https:\/\/instytutpolski.pl\/tbilisi\/wp-content\/uploads\/sites\/27\/2019\/07\/kultura-w-polsce.jpg\",\"width\":1920,\"height\":700},{\"@type\":\"BreadcrumbList\",\"@id\":\"https:\/\/instytutpolski.pl\/tbilisi\/pl\/poznaj-polske\/kultura-w-polsce\/#breadcrumb\",\"itemListElement\":[{\"@type\":\"ListItem\",\"position\":1,\"name\":\"Home\",\"item\":\"https:\/\/instytutpolski.pl\/tbilisi\/\"},{\"@type\":\"ListItem\",\"position\":2,\"name\":\"Poznaj Polsk\u0119\",\"item\":\"https:\/\/instytutpolski.pl\/tbilisi\/pl\/poznaj-polske\/\"},{\"@type\":\"ListItem\",\"position\":3,\"name\":\"Stypendia w Polsce\"}]},{\"@type\":\"WebSite\",\"@id\":\"https:\/\/instytutpolski.pl\/tbilisi\/#website\",\"url\":\"https:\/\/instytutpolski.pl\/tbilisi\/\",\"name\":\"Instytut Polski w Tbilisi\",\"description\":\"Kolejna witryna sieci &#8222;Instytuty Polskie&#8221;\",\"potentialAction\":[{\"@type\":\"SearchAction\",\"target\":{\"@type\":\"EntryPoint\",\"urlTemplate\":\"https:\/\/instytutpolski.pl\/tbilisi\/?s={search_term_string}\"},\"query-input\":{\"@type\":\"PropertyValueSpecification\",\"valueRequired\":true,\"valueName\":\"search_term_string\"}}],\"inLanguage\":\"pl-PL\"}]}<\/script>\n<!-- \/ Yoast SEO plugin. -->","yoast_head_json":{"title":"Stypendia w Polsce - Instytut Polski w Tbilisi","robots":{"index":"index","follow":"follow","max-snippet":"max-snippet:-1","max-image-preview":"max-image-preview:large","max-video-preview":"max-video-preview:-1"},"canonical":"https:\/\/instytutpolski.pl\/tbilisi\/pl\/poznaj-polske\/kultura-w-polsce\/","og_locale":"pl_PL","og_type":"article","og_title":"Stypendia w Polsce - Instytut Polski w Tbilisi","og_description":"Polska oferuje kilka rodzaj\u00f3w stypendi\u00f3w dla obcokrajowc\u00f3w chc\u0105cych studiowa\u0107 w Polsce i prowadzi\u0107 tutaj badania naukowe. Dost\u0119pne s\u0105 m.in.: Erasmus +, stypendia w ramach um\u00f3w bilateralnych, \u015arodkowoeuropejski Program Wymiany Uniwersyteckiej CEEPUS, Wyszehradzki program stypendialny, stypendia dla student\u00f3w z kraj\u00f3w Partnerstwa Wschodniego oraz z kraj\u00f3w postsowieckich, stypendia dla obywateli kraj\u00f3w rozwijaj\u0105cych si\u0119, Program Fulbrighta, program stypendialny [&hellip;]","og_url":"https:\/\/instytutpolski.pl\/tbilisi\/pl\/poznaj-polske\/kultura-w-polsce\/","og_site_name":"Instytut Polski w Tbilisi","article_modified_time":"2020-05-20T22:57:20+00:00","og_image":[{"width":1920,"height":700,"url":"https:\/\/instytutpolski.pl\/tbilisi\/wp-content\/uploads\/sites\/27\/2019\/07\/kultura-w-polsce.jpg","type":"image\/jpeg"}],"twitter_card":"summary_large_image","twitter_misc":{"Szacowany czas czytania":"3 minuty"},"schema":{"@context":"https:\/\/schema.org","@graph":[{"@type":"WebPage","@id":"https:\/\/instytutpolski.pl\/tbilisi\/pl\/poznaj-polske\/kultura-w-polsce\/","url":"https:\/\/instytutpolski.pl\/tbilisi\/pl\/poznaj-polske\/kultura-w-polsce\/","name":"Stypendia w Polsce - Instytut Polski w Tbilisi","isPartOf":{"@id":"https:\/\/instytutpolski.pl\/tbilisi\/#website"},"primaryImageOfPage":{"@id":"https:\/\/instytutpolski.pl\/tbilisi\/pl\/poznaj-polske\/kultura-w-polsce\/#primaryimage"},"image":{"@id":"https:\/\/instytutpolski.pl\/tbilisi\/pl\/poznaj-polske\/kultura-w-polsce\/#primaryimage"},"thumbnailUrl":"https:\/\/instytutpolski.pl\/tbilisi\/wp-content\/uploads\/sites\/27\/2019\/07\/kultura-w-polsce.jpg","datePublished":"2019-07-03T09:29:54+00:00","dateModified":"2020-05-20T22:57:20+00:00","breadcrumb":{"@id":"https:\/\/instytutpolski.pl\/tbilisi\/pl\/poznaj-polske\/kultura-w-polsce\/#breadcrumb"},"inLanguage":"pl-PL","potentialAction":[{"@type":"ReadAction","target":["https:\/\/instytutpolski.pl\/tbilisi\/pl\/poznaj-polske\/kultura-w-polsce\/"]}]},{"@type":"ImageObject","inLanguage":"pl-PL","@id":"https:\/\/instytutpolski.pl\/tbilisi\/pl\/poznaj-polske\/kultura-w-polsce\/#primaryimage","url":"https:\/\/instytutpolski.pl\/tbilisi\/wp-content\/uploads\/sites\/27\/2019\/07\/kultura-w-polsce.jpg","contentUrl":"https:\/\/instytutpolski.pl\/tbilisi\/wp-content\/uploads\/sites\/27\/2019\/07\/kultura-w-polsce.jpg","width":1920,"height":700},{"@type":"BreadcrumbList","@id":"https:\/\/instytutpolski.pl\/tbilisi\/pl\/poznaj-polske\/kultura-w-polsce\/#breadcrumb","itemListElement":[{"@type":"ListItem","position":1,"name":"Home","item":"https:\/\/instytutpolski.pl\/tbilisi\/"},{"@type":"ListItem","position":2,"name":"Poznaj Polsk\u0119","item":"https:\/\/instytutpolski.pl\/tbilisi\/pl\/poznaj-polske\/"},{"@type":"ListItem","position":3,"name":"Stypendia w Polsce"}]},{"@type":"WebSite","@id":"https:\/\/instytutpolski.pl\/tbilisi\/#website","url":"https:\/\/instytutpolski.pl\/tbilisi\/","name":"Instytut Polski w Tbilisi","description":"Kolejna witryna sieci &#8222;Instytuty Polskie&#8221;","potentialAction":[{"@type":"SearchAction","target":{"@type":"EntryPoint","urlTemplate":"https:\/\/instytutpolski.pl\/tbilisi\/?s={search_term_string}"},"query-input":{"@type":"PropertyValueSpecification","valueRequired":true,"valueName":"search_term_string"}}],"inLanguage":"pl-PL"}]}},"_links":{"self":[{"href":"https:\/\/instytutpolski.pl\/tbilisi\/wp-json\/wp\/v2\/pages\/181","targetHints":{"allow":["GET"]}}],"collection":[{"href":"https:\/\/instytutpolski.pl\/tbilisi\/wp-json\/wp\/v2\/pages"}],"about":[{"href":"https:\/\/instytutpolski.pl\/tbilisi\/wp-json\/wp\/v2\/types\/page"}],"author":[{"embeddable":true,"href":"https:\/\/instytutpolski.pl\/tbilisi\/wp-json\/wp\/v2\/users\/1"}],"replies":[{"embeddable":true,"href":"https:\/\/instytutpolski.pl\/tbilisi\/wp-json\/wp\/v2\/comments?post=181"}],"version-history":[{"count":3,"href":"https:\/\/instytutpolski.pl\/tbilisi\/wp-json\/wp\/v2\/pages\/181\/revisions"}],"predecessor-version":[{"id":951,"href":"https:\/\/instytutpolski.pl\/tbilisi\/wp-json\/wp\/v2\/pages\/181\/revisions\/951"}],"up":[{"embeddable":true,"href":"https:\/\/instytutpolski.pl\/tbilisi\/wp-json\/wp\/v2\/pages\/173"}],"wp:featuredmedia":[{"embeddable":true,"href":"https:\/\/instytutpolski.pl\/tbilisi\/wp-json\/wp\/v2\/media\/36"}],"wp:attachment":[{"href":"https:\/\/instytutpolski.pl\/tbilisi\/wp-json\/wp\/v2\/media?parent=181"}],"curies":[{"name":"wp","href":"https:\/\/api.w.org\/{rel}","templated":true}]}}