{"id":235,"date":"2019-07-03T11:40:45","date_gmt":"2019-07-03T09:40:45","guid":{"rendered":"https:\/\/instytutpolski.pl\/tbilisi\/?page_id=235"},"modified":"2020-01-26T17:09:30","modified_gmt":"2020-01-26T16:09:30","slug":"certyfikaty-znajomosci-jezyka-polskiego","status":"publish","type":"page","link":"https:\/\/instytutpolski.pl\/tbilisi\/pl\/certyfikaty-znajomosci-jezyka-polskiego\/","title":{"rendered":"Certyfikaty znajomo\u015bci j\u0119zyka Polskiego"},"content":{"rendered":"\n<p>Pa\u0144stwowy egzamin certyfikatowy z j\u0119zyka polskiego ju\u017c w lutym br. w Tbilisi. Formularz rejestracyjny:<\/p>\n\n\n\n<figure class=\"wp-block-embed-wordpress wp-block-embed is-type-wp-embed is-provider-polonicum-uw\"><div class=\"wp-block-embed__wrapper\">\nhttp:\/\/polonicum.uw.edu.pl\/en\/panstwowe-egzaminy-certyfikatowe\n<\/div><\/figure>\n\n\n\n<p>Szczeg\u00f3\u0142y zwi\u0105zane z op\u0142atami: teona.mchedlishvili@msz.gov.pl<\/p>\n\n\n\n<p>Egzamin ma charakter konkursu: nagrod\u0105 za zdany egzamin jest zwrot poniesionej op\u0142aty.<\/p>\n\n\n\n<p>Powodzenia!<\/p>\n","protected":false},"excerpt":{"rendered":"<p>Pa\u0144stwowy egzamin certyfikatowy z j\u0119zyka polskiego ju\u017c w lutym br. w Tbilisi. Formularz rejestracyjny: Szczeg\u00f3\u0142y zwi\u0105zane z op\u0142atami: teona.mchedlishvili@msz.gov.pl Egzamin ma charakter konkursu: nagrod\u0105 za zdany egzamin jest zwrot poniesionej op\u0142aty. Powodzenia!<\/p>\n","protected":false},"author":1,"featured_media":75,"parent":0,"menu_order":0,"comment_status":"closed","ping_status":"closed","template":"","meta":{"inline_featured_image":false,"_monsterinsights_skip_tracking":false,"_monsterinsights_sitenote_active":false,"_monsterinsights_sitenote_note":"","_monsterinsights_sitenote_category":0,"footnotes":""},"class_list":["post-235","page","type-page","status-publish","has-post-thumbnail","hentry"],"yoast_head":"<!-- This site is optimized with the Yoast SEO plugin v24.6 - https:\/\/yoast.com\/wordpress\/plugins\/seo\/ -->\n<title>Certyfikaty znajomo\u015bci j\u0119zyka Polskiego - Instytut Polski w Tbilisi<\/title>\n<meta name=\"robots\" content=\"index, follow, max-snippet:-1, max-image-preview:large, max-video-preview:-1\" \/>\n<link rel=\"canonical\" href=\"https:\/\/instytutpolski.pl\/tbilisi\/pl\/certyfikaty-znajomosci-jezyka-polskiego\/\" \/>\n<meta property=\"og:locale\" content=\"pl_PL\" \/>\n<meta property=\"og:type\" content=\"article\" \/>\n<meta property=\"og:title\" content=\"Certyfikaty znajomo\u015bci j\u0119zyka Polskiego - Instytut Polski w Tbilisi\" \/>\n<meta property=\"og:description\" content=\"Pa\u0144stwowy egzamin certyfikatowy z j\u0119zyka polskiego ju\u017c w lutym br. w Tbilisi. Formularz rejestracyjny: Szczeg\u00f3\u0142y zwi\u0105zane z op\u0142atami: teona.mchedlishvili@msz.gov.pl Egzamin ma charakter konkursu: nagrod\u0105 za zdany egzamin jest zwrot poniesionej op\u0142aty. Powodzenia!\" \/>\n<meta property=\"og:url\" content=\"https:\/\/instytutpolski.pl\/tbilisi\/pl\/certyfikaty-znajomosci-jezyka-polskiego\/\" \/>\n<meta property=\"og:site_name\" content=\"Instytut Polski w Tbilisi\" \/>\n<meta property=\"article:modified_time\" content=\"2020-01-26T16:09:30+00:00\" \/>\n<meta property=\"og:image\" content=\"https:\/\/instytutpolski.pl\/tbilisi\/wp-content\/uploads\/sites\/27\/2019\/07\/certyfikacja-znajomosci.jpg\" \/>\n\t<meta property=\"og:image:width\" content=\"1920\" \/>\n\t<meta property=\"og:image:height\" content=\"700\" \/>\n\t<meta property=\"og:image:type\" content=\"image\/jpeg\" \/>\n<meta name=\"twitter:card\" content=\"summary_large_image\" \/>\n<script type=\"application\/ld+json\" class=\"yoast-schema-graph\">{\"@context\":\"https:\/\/schema.org\",\"@graph\":[{\"@type\":\"WebPage\",\"@id\":\"https:\/\/instytutpolski.pl\/tbilisi\/pl\/certyfikaty-znajomosci-jezyka-polskiego\/\",\"url\":\"https:\/\/instytutpolski.pl\/tbilisi\/pl\/certyfikaty-znajomosci-jezyka-polskiego\/\",\"name\":\"Certyfikaty znajomo\u015bci j\u0119zyka Polskiego - Instytut Polski w Tbilisi\",\"isPartOf\":{\"@id\":\"https:\/\/instytutpolski.pl\/tbilisi\/#website\"},\"primaryImageOfPage\":{\"@id\":\"https:\/\/instytutpolski.pl\/tbilisi\/pl\/certyfikaty-znajomosci-jezyka-polskiego\/#primaryimage\"},\"image\":{\"@id\":\"https:\/\/instytutpolski.pl\/tbilisi\/pl\/certyfikaty-znajomosci-jezyka-polskiego\/#primaryimage\"},\"thumbnailUrl\":\"https:\/\/instytutpolski.pl\/tbilisi\/wp-content\/uploads\/sites\/27\/2019\/07\/certyfikacja-znajomosci.jpg\",\"datePublished\":\"2019-07-03T09:40:45+00:00\",\"dateModified\":\"2020-01-26T16:09:30+00:00\",\"breadcrumb\":{\"@id\":\"https:\/\/instytutpolski.pl\/tbilisi\/pl\/certyfikaty-znajomosci-jezyka-polskiego\/#breadcrumb\"},\"inLanguage\":\"pl-PL\",\"potentialAction\":[{\"@type\":\"ReadAction\",\"target\":[\"https:\/\/instytutpolski.pl\/tbilisi\/pl\/certyfikaty-znajomosci-jezyka-polskiego\/\"]}]},{\"@type\":\"ImageObject\",\"inLanguage\":\"pl-PL\",\"@id\":\"https:\/\/instytutpolski.pl\/tbilisi\/pl\/certyfikaty-znajomosci-jezyka-polskiego\/#primaryimage\",\"url\":\"https:\/\/instytutpolski.pl\/tbilisi\/wp-content\/uploads\/sites\/27\/2019\/07\/certyfikacja-znajomosci.jpg\",\"contentUrl\":\"https:\/\/instytutpolski.pl\/tbilisi\/wp-content\/uploads\/sites\/27\/2019\/07\/certyfikacja-znajomosci.jpg\",\"width\":1920,\"height\":700},{\"@type\":\"BreadcrumbList\",\"@id\":\"https:\/\/instytutpolski.pl\/tbilisi\/pl\/certyfikaty-znajomosci-jezyka-polskiego\/#breadcrumb\",\"itemListElement\":[{\"@type\":\"ListItem\",\"position\":1,\"name\":\"Home\",\"item\":\"https:\/\/instytutpolski.pl\/tbilisi\/\"},{\"@type\":\"ListItem\",\"position\":2,\"name\":\"Certyfikaty znajomo\u015bci j\u0119zyka Polskiego\"}]},{\"@type\":\"WebSite\",\"@id\":\"https:\/\/instytutpolski.pl\/tbilisi\/#website\",\"url\":\"https:\/\/instytutpolski.pl\/tbilisi\/\",\"name\":\"Instytut Polski w Tbilisi\",\"description\":\"Kolejna witryna sieci &#8222;Instytuty Polskie&#8221;\",\"potentialAction\":[{\"@type\":\"SearchAction\",\"target\":{\"@type\":\"EntryPoint\",\"urlTemplate\":\"https:\/\/instytutpolski.pl\/tbilisi\/?s={search_term_string}\"},\"query-input\":{\"@type\":\"PropertyValueSpecification\",\"valueRequired\":true,\"valueName\":\"search_term_string\"}}],\"inLanguage\":\"pl-PL\"}]}<\/script>\n<!-- \/ Yoast SEO plugin. -->","yoast_head_json":{"title":"Certyfikaty znajomo\u015bci j\u0119zyka Polskiego - Instytut Polski w Tbilisi","robots":{"index":"index","follow":"follow","max-snippet":"max-snippet:-1","max-image-preview":"max-image-preview:large","max-video-preview":"max-video-preview:-1"},"canonical":"https:\/\/instytutpolski.pl\/tbilisi\/pl\/certyfikaty-znajomosci-jezyka-polskiego\/","og_locale":"pl_PL","og_type":"article","og_title":"Certyfikaty znajomo\u015bci j\u0119zyka Polskiego - Instytut Polski w Tbilisi","og_description":"Pa\u0144stwowy egzamin certyfikatowy z j\u0119zyka polskiego ju\u017c w lutym br. w Tbilisi. Formularz rejestracyjny: Szczeg\u00f3\u0142y zwi\u0105zane z op\u0142atami: teona.mchedlishvili@msz.gov.pl Egzamin ma charakter konkursu: nagrod\u0105 za zdany egzamin jest zwrot poniesionej op\u0142aty. Powodzenia!","og_url":"https:\/\/instytutpolski.pl\/tbilisi\/pl\/certyfikaty-znajomosci-jezyka-polskiego\/","og_site_name":"Instytut Polski w Tbilisi","article_modified_time":"2020-01-26T16:09:30+00:00","og_image":[{"width":1920,"height":700,"url":"https:\/\/instytutpolski.pl\/tbilisi\/wp-content\/uploads\/sites\/27\/2019\/07\/certyfikacja-znajomosci.jpg","type":"image\/jpeg"}],"twitter_card":"summary_large_image","schema":{"@context":"https:\/\/schema.org","@graph":[{"@type":"WebPage","@id":"https:\/\/instytutpolski.pl\/tbilisi\/pl\/certyfikaty-znajomosci-jezyka-polskiego\/","url":"https:\/\/instytutpolski.pl\/tbilisi\/pl\/certyfikaty-znajomosci-jezyka-polskiego\/","name":"Certyfikaty znajomo\u015bci j\u0119zyka Polskiego - Instytut Polski w Tbilisi","isPartOf":{"@id":"https:\/\/instytutpolski.pl\/tbilisi\/#website"},"primaryImageOfPage":{"@id":"https:\/\/instytutpolski.pl\/tbilisi\/pl\/certyfikaty-znajomosci-jezyka-polskiego\/#primaryimage"},"image":{"@id":"https:\/\/instytutpolski.pl\/tbilisi\/pl\/certyfikaty-znajomosci-jezyka-polskiego\/#primaryimage"},"thumbnailUrl":"https:\/\/instytutpolski.pl\/tbilisi\/wp-content\/uploads\/sites\/27\/2019\/07\/certyfikacja-znajomosci.jpg","datePublished":"2019-07-03T09:40:45+00:00","dateModified":"2020-01-26T16:09:30+00:00","breadcrumb":{"@id":"https:\/\/instytutpolski.pl\/tbilisi\/pl\/certyfikaty-znajomosci-jezyka-polskiego\/#breadcrumb"},"inLanguage":"pl-PL","potentialAction":[{"@type":"ReadAction","target":["https:\/\/instytutpolski.pl\/tbilisi\/pl\/certyfikaty-znajomosci-jezyka-polskiego\/"]}]},{"@type":"ImageObject","inLanguage":"pl-PL","@id":"https:\/\/instytutpolski.pl\/tbilisi\/pl\/certyfikaty-znajomosci-jezyka-polskiego\/#primaryimage","url":"https:\/\/instytutpolski.pl\/tbilisi\/wp-content\/uploads\/sites\/27\/2019\/07\/certyfikacja-znajomosci.jpg","contentUrl":"https:\/\/instytutpolski.pl\/tbilisi\/wp-content\/uploads\/sites\/27\/2019\/07\/certyfikacja-znajomosci.jpg","width":1920,"height":700},{"@type":"BreadcrumbList","@id":"https:\/\/instytutpolski.pl\/tbilisi\/pl\/certyfikaty-znajomosci-jezyka-polskiego\/#breadcrumb","itemListElement":[{"@type":"ListItem","position":1,"name":"Home","item":"https:\/\/instytutpolski.pl\/tbilisi\/"},{"@type":"ListItem","position":2,"name":"Certyfikaty znajomo\u015bci j\u0119zyka Polskiego"}]},{"@type":"WebSite","@id":"https:\/\/instytutpolski.pl\/tbilisi\/#website","url":"https:\/\/instytutpolski.pl\/tbilisi\/","name":"Instytut Polski w Tbilisi","description":"Kolejna witryna sieci &#8222;Instytuty Polskie&#8221;","potentialAction":[{"@type":"SearchAction","target":{"@type":"EntryPoint","urlTemplate":"https:\/\/instytutpolski.pl\/tbilisi\/?s={search_term_string}"},"query-input":{"@type":"PropertyValueSpecification","valueRequired":true,"valueName":"search_term_string"}}],"inLanguage":"pl-PL"}]}},"_links":{"self":[{"href":"https:\/\/instytutpolski.pl\/tbilisi\/wp-json\/wp\/v2\/pages\/235","targetHints":{"allow":["GET"]}}],"collection":[{"href":"https:\/\/instytutpolski.pl\/tbilisi\/wp-json\/wp\/v2\/pages"}],"about":[{"href":"https:\/\/instytutpolski.pl\/tbilisi\/wp-json\/wp\/v2\/types\/page"}],"author":[{"embeddable":true,"href":"https:\/\/instytutpolski.pl\/tbilisi\/wp-json\/wp\/v2\/users\/1"}],"replies":[{"embeddable":true,"href":"https:\/\/instytutpolski.pl\/tbilisi\/wp-json\/wp\/v2\/comments?post=235"}],"version-history":[{"count":4,"href":"https:\/\/instytutpolski.pl\/tbilisi\/wp-json\/wp\/v2\/pages\/235\/revisions"}],"predecessor-version":[{"id":707,"href":"https:\/\/instytutpolski.pl\/tbilisi\/wp-json\/wp\/v2\/pages\/235\/revisions\/707"}],"wp:featuredmedia":[{"embeddable":true,"href":"https:\/\/instytutpolski.pl\/tbilisi\/wp-json\/wp\/v2\/media\/75"}],"wp:attachment":[{"href":"https:\/\/instytutpolski.pl\/tbilisi\/wp-json\/wp\/v2\/media?parent=235"}],"curies":[{"name":"wp","href":"https:\/\/api.w.org\/{rel}","templated":true}]}}