{"id":259,"date":"2019-07-03T11:41:09","date_gmt":"2019-07-03T09:41:09","guid":{"rendered":"https:\/\/instytutpolski.pl\/tbilisi\/?page_id=259"},"modified":"2024-02-07T11:05:15","modified_gmt":"2024-02-07T10:05:15","slug":"o-instytucie-polskim","status":"publish","type":"page","link":"https:\/\/instytutpolski.pl\/tbilisi\/pl\/o-instytucie-polskim\/","title":{"rendered":"O Instytucie Polskim"},"content":{"rendered":"\n<p><strong>Minister Spraw Zagranicznych Rzeczypospolitej Polskiej powo\u0142a\u0142 Instytut Polski w Tbilisi w 2018 roku. Celem dzia\u0142alno\u015bci Instytutu, kt\u00f3ry oficjalnie rozpocz\u0105\u0142 aktywno\u015b\u0107&nbsp; 26 maja 2018 roku \u2013 w stulecie uzyskania przez Gruzj\u0119 niepodleg\u0142o\u015bci \u2013 jest wszechstronny rozw\u00f3j polsko\u2013gruzi\u0144skich stosunk\u00f3w w&nbsp;zakresie dyplomacji publicznej i kulturalnej. <\/strong><\/p>\n\n\n\n<p>Staramy si\u0119 aby Polska by\u0142a obecna w \u017cyciu spo\u0142ecznym i kulturalnym Gruzji.<\/p>\n\n\n\n<p> Dzi\u0119ki staraniom m.in. Instytutu&nbsp;Polskiego&nbsp;od 2018 r. funkcjonuje Interdyscyplinarne Centrum Badawcze im. Prof. Stefana Krukowskiego w Kutaisi. Celem Interdyscyplinarnego Centrum Badawczego jest koordynacja wszystkich polsko-gruzi\u0144skich prac archeologicznych w Gruzji.<\/p>\n\n\n\n<p>Wsp\u00f3lne prace wykopaliskowe s\u0105 obecnie realizowane przez samo Centrum Krukowskiego we wsp\u00f3\u0142pracy z Centrum Archeologii \u015ar\u00f3dziemnomorskiej UW, Narodow\u0105 Agencj\u0105 Ochrony Dziedzictwa Kulturowego Gruzji oraz Agencj\u0105 Ochrony Dziedzictwa Kulturowego Ad\u017carii.<\/p>\n\n\n\n<p>Polsko-Gruzi\u0144skie Centrum jest pierwsz\u0105 i jak dot\u0105d jedyn\u0105 zagraniczn\u0105 stacj\u0105 archeologiczn\u0105 na Kaukazie i prowadzi badania w Kutaisi oraz Gonio (rzymski fort Apsaros).<\/p>\n\n\n\n<p> Wsparcie polsko-gruzi\u0144skich bada\u0144 archeologicznych prowadzonych Centrum Krukowskiego jest zadaniem sta\u0142ym Instytutu.<\/p>\n\n\n\n<p>Link do strony Centrum Badawczego: <a href=\"https:\/\/www.krukowski-center.uw.edu.pl\/\">HOMEPAGE (uw.edu.pl)<\/a><\/p>\n\n\n\n<p>W Bibliotece Parlamentu Gruzji stworzyli\u015bmy, przy ogromnym wsparciu&nbsp;Instytutu Polskiego Dziedzictwa Kulturowego za Granic\u0105 Polonica,&nbsp;Sal\u0119 Sztuki im. Henryka&nbsp;Hryniewskiego &#8211; wybitnego polskiego malarza pocz\u0105tku XX w. i&nbsp;badacza architektury Gruzji, wsp\u00f3\u0142za\u0142o\u017cyciela Akademii Sztuki w Tbilisi.<\/p>\n\n\n\n<p>H. Hryniewski zaprojektowa\u0142 i wykona\u0142 mi\u0119dzy innymi wystr\u00f3j Banku Szlacheckiego (obecnie w\u0142a\u015bnie Biblioteka Parlamentu Gruzji).&nbsp;Sala&nbsp;jego imienia&nbsp;mie\u015bci liczne zbiory literatury polskiej.&nbsp;Odbywaj\u0105 si\u0119 tam&nbsp;cykliczne spotkania z kultur\u0105 polsk\u0105 i lekcje j\u0119zyka polskiego dla obcokrajowc\u00f3w.<\/p>\n\n\n\n<p>Naszym celem jest budowanie dobrych kontakt\u00f3w z gruzi\u0144skimi instytucjami kultury i rozbudowywanie grona przysz\u0142ych sprzymierze\u0144c\u00f3w Polski i polskiego dziedzictwa w Gruzji.&nbsp;Wydawnictwa gruzi\u0144skie wydaj\u0105 polsk\u0105 literatur\u0119, kt\u00f3ra jest obecna w wi\u0119kszo\u015bci ksi\u0119garni w Gruzji i na targach ksi\u0105\u017cki. Wsp\u00f3\u0142pracujemy z gruzi\u0144skimi pisarzami i t\u0142umaczami polskiej literatury. Polski teatr obecny jest na gruzi\u0144skich scenach. Polscy&nbsp;eksperci i naukowcy wsp\u00f3\u0142pracuj\u0105 z gruzi\u0144skimi uczelniami i instytucjami kultury. Prowadzimy lektoraty j\u0119zyka polskiego na uczelniach gruzi\u0144skich oraz w\u0142asne dla wszystkich zainteresowanych nauk\u0105 j\u0119zyka polskiego jako obcego.<\/p>\n\n\n\n<p>Dzi\u0119kujemy wszystkim polskimi i gruzi\u0144skimi instytucjom za \u017cyczliw\u0105 wsparcie naszych stara\u0144 i aktywno\u015bci.<\/p>\n\n\n\n<p><\/p>\n","protected":false},"excerpt":{"rendered":"<p>Minister Spraw Zagranicznych Rzeczypospolitej Polskiej powo\u0142a\u0142 Instytut Polski w Tbilisi w 2018 roku. Celem dzia\u0142alno\u015bci Instytutu, kt\u00f3ry oficjalnie rozpocz\u0105\u0142 aktywno\u015b\u0107&nbsp; 26 maja 2018 roku \u2013 w stulecie uzyskania przez Gruzj\u0119 niepodleg\u0142o\u015bci \u2013 jest wszechstronny rozw\u00f3j polsko\u2013gruzi\u0144skich stosunk\u00f3w w&nbsp;zakresie dyplomacji publicznej i kulturalnej. Staramy si\u0119 aby Polska by\u0142a obecna w \u017cyciu spo\u0142ecznym i kulturalnym Gruzji. Dzi\u0119ki [&hellip;]<\/p>\n","protected":false},"author":1,"featured_media":1056,"parent":0,"menu_order":0,"comment_status":"closed","ping_status":"closed","template":"","meta":{"inline_featured_image":false,"_monsterinsights_skip_tracking":false,"_monsterinsights_sitenote_active":false,"_monsterinsights_sitenote_note":"","_monsterinsights_sitenote_category":0,"footnotes":""},"class_list":["post-259","page","type-page","status-publish","has-post-thumbnail","hentry"],"yoast_head":"<!-- This site is optimized with the Yoast SEO plugin v24.6 - https:\/\/yoast.com\/wordpress\/plugins\/seo\/ -->\n<title>O Instytucie Polskim - Instytut Polski w Tbilisi<\/title>\n<meta name=\"robots\" content=\"index, follow, max-snippet:-1, max-image-preview:large, max-video-preview:-1\" \/>\n<link rel=\"canonical\" href=\"https:\/\/instytutpolski.pl\/tbilisi\/pl\/o-instytucie-polskim\/\" \/>\n<meta property=\"og:locale\" content=\"pl_PL\" \/>\n<meta property=\"og:type\" content=\"article\" \/>\n<meta property=\"og:title\" content=\"O Instytucie Polskim - Instytut Polski w Tbilisi\" \/>\n<meta property=\"og:description\" content=\"Minister Spraw Zagranicznych Rzeczypospolitej Polskiej powo\u0142a\u0142 Instytut Polski w Tbilisi w 2018 roku. Celem dzia\u0142alno\u015bci Instytutu, kt\u00f3ry oficjalnie rozpocz\u0105\u0142 aktywno\u015b\u0107&nbsp; 26 maja 2018 roku \u2013 w stulecie uzyskania przez Gruzj\u0119 niepodleg\u0142o\u015bci \u2013 jest wszechstronny rozw\u00f3j polsko\u2013gruzi\u0144skich stosunk\u00f3w w&nbsp;zakresie dyplomacji publicznej i kulturalnej. Staramy si\u0119 aby Polska by\u0142a obecna w \u017cyciu spo\u0142ecznym i kulturalnym Gruzji. Dzi\u0119ki [&hellip;]\" \/>\n<meta property=\"og:url\" content=\"https:\/\/instytutpolski.pl\/tbilisi\/pl\/o-instytucie-polskim\/\" \/>\n<meta property=\"og:site_name\" content=\"Instytut Polski w Tbilisi\" \/>\n<meta property=\"article:modified_time\" content=\"2024-02-07T10:05:15+00:00\" \/>\n<meta property=\"og:image\" content=\"https:\/\/instytutpolski.pl\/tbilisi\/wp-content\/uploads\/sites\/27\/2020\/05\/100061599_10158560692062235_2876375512647729152_n.jpg\" \/>\n\t<meta property=\"og:image:width\" content=\"463\" \/>\n\t<meta property=\"og:image:height\" content=\"417\" \/>\n\t<meta property=\"og:image:type\" content=\"image\/jpeg\" \/>\n<meta name=\"twitter:card\" content=\"summary_large_image\" \/>\n<meta name=\"twitter:label1\" content=\"Szacowany czas czytania\" \/>\n\t<meta name=\"twitter:data1\" content=\"2 minuty\" \/>\n<script type=\"application\/ld+json\" class=\"yoast-schema-graph\">{\"@context\":\"https:\/\/schema.org\",\"@graph\":[{\"@type\":\"WebPage\",\"@id\":\"https:\/\/instytutpolski.pl\/tbilisi\/pl\/o-instytucie-polskim\/\",\"url\":\"https:\/\/instytutpolski.pl\/tbilisi\/pl\/o-instytucie-polskim\/\",\"name\":\"O Instytucie Polskim - Instytut Polski w Tbilisi\",\"isPartOf\":{\"@id\":\"https:\/\/instytutpolski.pl\/tbilisi\/#website\"},\"primaryImageOfPage\":{\"@id\":\"https:\/\/instytutpolski.pl\/tbilisi\/pl\/o-instytucie-polskim\/#primaryimage\"},\"image\":{\"@id\":\"https:\/\/instytutpolski.pl\/tbilisi\/pl\/o-instytucie-polskim\/#primaryimage\"},\"thumbnailUrl\":\"https:\/\/instytutpolski.pl\/tbilisi\/wp-content\/uploads\/sites\/27\/2020\/05\/100061599_10158560692062235_2876375512647729152_n.jpg\",\"datePublished\":\"2019-07-03T09:41:09+00:00\",\"dateModified\":\"2024-02-07T10:05:15+00:00\",\"breadcrumb\":{\"@id\":\"https:\/\/instytutpolski.pl\/tbilisi\/pl\/o-instytucie-polskim\/#breadcrumb\"},\"inLanguage\":\"pl-PL\",\"potentialAction\":[{\"@type\":\"ReadAction\",\"target\":[\"https:\/\/instytutpolski.pl\/tbilisi\/pl\/o-instytucie-polskim\/\"]}]},{\"@type\":\"ImageObject\",\"inLanguage\":\"pl-PL\",\"@id\":\"https:\/\/instytutpolski.pl\/tbilisi\/pl\/o-instytucie-polskim\/#primaryimage\",\"url\":\"https:\/\/instytutpolski.pl\/tbilisi\/wp-content\/uploads\/sites\/27\/2020\/05\/100061599_10158560692062235_2876375512647729152_n.jpg\",\"contentUrl\":\"https:\/\/instytutpolski.pl\/tbilisi\/wp-content\/uploads\/sites\/27\/2020\/05\/100061599_10158560692062235_2876375512647729152_n.jpg\",\"width\":463,\"height\":417},{\"@type\":\"BreadcrumbList\",\"@id\":\"https:\/\/instytutpolski.pl\/tbilisi\/pl\/o-instytucie-polskim\/#breadcrumb\",\"itemListElement\":[{\"@type\":\"ListItem\",\"position\":1,\"name\":\"Home\",\"item\":\"https:\/\/instytutpolski.pl\/tbilisi\/\"},{\"@type\":\"ListItem\",\"position\":2,\"name\":\"O Instytucie Polskim\"}]},{\"@type\":\"WebSite\",\"@id\":\"https:\/\/instytutpolski.pl\/tbilisi\/#website\",\"url\":\"https:\/\/instytutpolski.pl\/tbilisi\/\",\"name\":\"Instytut Polski w Tbilisi\",\"description\":\"Kolejna witryna sieci &#8222;Instytuty Polskie&#8221;\",\"potentialAction\":[{\"@type\":\"SearchAction\",\"target\":{\"@type\":\"EntryPoint\",\"urlTemplate\":\"https:\/\/instytutpolski.pl\/tbilisi\/?s={search_term_string}\"},\"query-input\":{\"@type\":\"PropertyValueSpecification\",\"valueRequired\":true,\"valueName\":\"search_term_string\"}}],\"inLanguage\":\"pl-PL\"}]}<\/script>\n<!-- \/ Yoast SEO plugin. -->","yoast_head_json":{"title":"O Instytucie Polskim - Instytut Polski w Tbilisi","robots":{"index":"index","follow":"follow","max-snippet":"max-snippet:-1","max-image-preview":"max-image-preview:large","max-video-preview":"max-video-preview:-1"},"canonical":"https:\/\/instytutpolski.pl\/tbilisi\/pl\/o-instytucie-polskim\/","og_locale":"pl_PL","og_type":"article","og_title":"O Instytucie Polskim - Instytut Polski w Tbilisi","og_description":"Minister Spraw Zagranicznych Rzeczypospolitej Polskiej powo\u0142a\u0142 Instytut Polski w Tbilisi w 2018 roku. Celem dzia\u0142alno\u015bci Instytutu, kt\u00f3ry oficjalnie rozpocz\u0105\u0142 aktywno\u015b\u0107&nbsp; 26 maja 2018 roku \u2013 w stulecie uzyskania przez Gruzj\u0119 niepodleg\u0142o\u015bci \u2013 jest wszechstronny rozw\u00f3j polsko\u2013gruzi\u0144skich stosunk\u00f3w w&nbsp;zakresie dyplomacji publicznej i kulturalnej. Staramy si\u0119 aby Polska by\u0142a obecna w \u017cyciu spo\u0142ecznym i kulturalnym Gruzji. Dzi\u0119ki [&hellip;]","og_url":"https:\/\/instytutpolski.pl\/tbilisi\/pl\/o-instytucie-polskim\/","og_site_name":"Instytut Polski w Tbilisi","article_modified_time":"2024-02-07T10:05:15+00:00","og_image":[{"width":463,"height":417,"url":"https:\/\/instytutpolski.pl\/tbilisi\/wp-content\/uploads\/sites\/27\/2020\/05\/100061599_10158560692062235_2876375512647729152_n.jpg","type":"image\/jpeg"}],"twitter_card":"summary_large_image","twitter_misc":{"Szacowany czas czytania":"2 minuty"},"schema":{"@context":"https:\/\/schema.org","@graph":[{"@type":"WebPage","@id":"https:\/\/instytutpolski.pl\/tbilisi\/pl\/o-instytucie-polskim\/","url":"https:\/\/instytutpolski.pl\/tbilisi\/pl\/o-instytucie-polskim\/","name":"O Instytucie Polskim - Instytut Polski w Tbilisi","isPartOf":{"@id":"https:\/\/instytutpolski.pl\/tbilisi\/#website"},"primaryImageOfPage":{"@id":"https:\/\/instytutpolski.pl\/tbilisi\/pl\/o-instytucie-polskim\/#primaryimage"},"image":{"@id":"https:\/\/instytutpolski.pl\/tbilisi\/pl\/o-instytucie-polskim\/#primaryimage"},"thumbnailUrl":"https:\/\/instytutpolski.pl\/tbilisi\/wp-content\/uploads\/sites\/27\/2020\/05\/100061599_10158560692062235_2876375512647729152_n.jpg","datePublished":"2019-07-03T09:41:09+00:00","dateModified":"2024-02-07T10:05:15+00:00","breadcrumb":{"@id":"https:\/\/instytutpolski.pl\/tbilisi\/pl\/o-instytucie-polskim\/#breadcrumb"},"inLanguage":"pl-PL","potentialAction":[{"@type":"ReadAction","target":["https:\/\/instytutpolski.pl\/tbilisi\/pl\/o-instytucie-polskim\/"]}]},{"@type":"ImageObject","inLanguage":"pl-PL","@id":"https:\/\/instytutpolski.pl\/tbilisi\/pl\/o-instytucie-polskim\/#primaryimage","url":"https:\/\/instytutpolski.pl\/tbilisi\/wp-content\/uploads\/sites\/27\/2020\/05\/100061599_10158560692062235_2876375512647729152_n.jpg","contentUrl":"https:\/\/instytutpolski.pl\/tbilisi\/wp-content\/uploads\/sites\/27\/2020\/05\/100061599_10158560692062235_2876375512647729152_n.jpg","width":463,"height":417},{"@type":"BreadcrumbList","@id":"https:\/\/instytutpolski.pl\/tbilisi\/pl\/o-instytucie-polskim\/#breadcrumb","itemListElement":[{"@type":"ListItem","position":1,"name":"Home","item":"https:\/\/instytutpolski.pl\/tbilisi\/"},{"@type":"ListItem","position":2,"name":"O Instytucie Polskim"}]},{"@type":"WebSite","@id":"https:\/\/instytutpolski.pl\/tbilisi\/#website","url":"https:\/\/instytutpolski.pl\/tbilisi\/","name":"Instytut Polski w Tbilisi","description":"Kolejna witryna sieci &#8222;Instytuty Polskie&#8221;","potentialAction":[{"@type":"SearchAction","target":{"@type":"EntryPoint","urlTemplate":"https:\/\/instytutpolski.pl\/tbilisi\/?s={search_term_string}"},"query-input":{"@type":"PropertyValueSpecification","valueRequired":true,"valueName":"search_term_string"}}],"inLanguage":"pl-PL"}]}},"_links":{"self":[{"href":"https:\/\/instytutpolski.pl\/tbilisi\/wp-json\/wp\/v2\/pages\/259","targetHints":{"allow":["GET"]}}],"collection":[{"href":"https:\/\/instytutpolski.pl\/tbilisi\/wp-json\/wp\/v2\/pages"}],"about":[{"href":"https:\/\/instytutpolski.pl\/tbilisi\/wp-json\/wp\/v2\/types\/page"}],"author":[{"embeddable":true,"href":"https:\/\/instytutpolski.pl\/tbilisi\/wp-json\/wp\/v2\/users\/1"}],"replies":[{"embeddable":true,"href":"https:\/\/instytutpolski.pl\/tbilisi\/wp-json\/wp\/v2\/comments?post=259"}],"version-history":[{"count":18,"href":"https:\/\/instytutpolski.pl\/tbilisi\/wp-json\/wp\/v2\/pages\/259\/revisions"}],"predecessor-version":[{"id":2726,"href":"https:\/\/instytutpolski.pl\/tbilisi\/wp-json\/wp\/v2\/pages\/259\/revisions\/2726"}],"wp:featuredmedia":[{"embeddable":true,"href":"https:\/\/instytutpolski.pl\/tbilisi\/wp-json\/wp\/v2\/media\/1056"}],"wp:attachment":[{"href":"https:\/\/instytutpolski.pl\/tbilisi\/wp-json\/wp\/v2\/media?parent=259"}],"curies":[{"name":"wp","href":"https:\/\/api.w.org\/{rel}","templated":true}]}}