{"id":260,"date":"2019-07-03T11:41:46","date_gmt":"2019-07-03T09:41:46","guid":{"rendered":"https:\/\/instytutpolski.pl\/tbilisi\/?page_id=260"},"modified":"2024-02-02T10:27:15","modified_gmt":"2024-02-02T09:27:15","slug":"biblioteka","status":"publish","type":"page","link":"https:\/\/instytutpolski.pl\/tbilisi\/pl\/biblioteka\/","title":{"rendered":"Biblioteka"},"content":{"rendered":"\n<p>Zbiory biblioteki polskiej (blisko 10 tysi\u0119cy wolumin\u00f3w) znajduj\u0105 si\u0119 w Sali Sztuki im. Henryka Hryniewskiego w III budynku Narodowej Biblioteki Parlamentu Gruzji (ul. Lado Gudiashvili 7) w Tbilisi. <\/p>\n\n\n\n<p>Ze zbior\u00f3w mo\u017cna korzysta\u0107 na miejscu od poniedzia\u0142ku do pi\u0105tku w godzinach od 9 do 17. <\/p>\n\n\n\n<p>Budynek, w kt\u00f3rym znajduj\u0105 si\u0119 ksi\u0119gozbi\u00f3r zosta\u0142 zaprojektowany przez polskiego artyst\u0119 Henryka Hryniewskiego. Jego imieniem nazwana zosta\u0142a r\u00f3wnie\u017c, sala, w kt\u00f3rej udost\u0119pniane s\u0105 zbiory. <\/p>\n","protected":false},"excerpt":{"rendered":"<p>Zbiory biblioteki polskiej (blisko 10 tysi\u0119cy wolumin\u00f3w) znajduj\u0105 si\u0119 w Sali Sztuki im. Henryka Hryniewskiego w III budynku Narodowej Biblioteki Parlamentu Gruzji (ul. Lado Gudiashvili 7) w Tbilisi. Ze zbior\u00f3w mo\u017cna korzysta\u0107 na miejscu od poniedzia\u0142ku do pi\u0105tku w godzinach od 9 do 17. Budynek, w kt\u00f3rym znajduj\u0105 si\u0119 ksi\u0119gozbi\u00f3r zosta\u0142 zaprojektowany przez polskiego artyst\u0119 [&hellip;]<\/p>\n","protected":false},"author":1,"featured_media":2672,"parent":0,"menu_order":0,"comment_status":"closed","ping_status":"closed","template":"","meta":{"inline_featured_image":false,"_monsterinsights_skip_tracking":false,"_monsterinsights_sitenote_active":false,"_monsterinsights_sitenote_note":"","_monsterinsights_sitenote_category":0,"footnotes":""},"class_list":["post-260","page","type-page","status-publish","has-post-thumbnail","hentry"],"yoast_head":"<!-- This site is optimized with the Yoast SEO plugin v24.6 - https:\/\/yoast.com\/wordpress\/plugins\/seo\/ -->\n<title>Biblioteka - Instytut Polski w Tbilisi<\/title>\n<meta name=\"robots\" content=\"index, follow, max-snippet:-1, max-image-preview:large, max-video-preview:-1\" \/>\n<link rel=\"canonical\" href=\"https:\/\/instytutpolski.pl\/tbilisi\/pl\/biblioteka\/\" \/>\n<meta property=\"og:locale\" content=\"pl_PL\" \/>\n<meta property=\"og:type\" content=\"article\" \/>\n<meta property=\"og:title\" content=\"Biblioteka - Instytut Polski w Tbilisi\" \/>\n<meta property=\"og:description\" content=\"Zbiory biblioteki polskiej (blisko 10 tysi\u0119cy wolumin\u00f3w) znajduj\u0105 si\u0119 w Sali Sztuki im. Henryka Hryniewskiego w III budynku Narodowej Biblioteki Parlamentu Gruzji (ul. Lado Gudiashvili 7) w Tbilisi. Ze zbior\u00f3w mo\u017cna korzysta\u0107 na miejscu od poniedzia\u0142ku do pi\u0105tku w godzinach od 9 do 17. Budynek, w kt\u00f3rym znajduj\u0105 si\u0119 ksi\u0119gozbi\u00f3r zosta\u0142 zaprojektowany przez polskiego artyst\u0119 [&hellip;]\" \/>\n<meta property=\"og:url\" content=\"https:\/\/instytutpolski.pl\/tbilisi\/pl\/biblioteka\/\" \/>\n<meta property=\"og:site_name\" content=\"Instytut Polski w Tbilisi\" \/>\n<meta property=\"article:modified_time\" content=\"2024-02-02T09:27:15+00:00\" \/>\n<meta property=\"og:image\" content=\"https:\/\/instytutpolski.pl\/tbilisi\/wp-content\/uploads\/sites\/27\/2024\/02\/DSC_6332-male.jpg\" \/>\n\t<meta property=\"og:image:width\" content=\"1575\" \/>\n\t<meta property=\"og:image:height\" content=\"1051\" \/>\n\t<meta property=\"og:image:type\" content=\"image\/jpeg\" \/>\n<meta name=\"twitter:card\" content=\"summary_large_image\" \/>\n<meta name=\"twitter:label1\" content=\"Szacowany czas czytania\" \/>\n\t<meta name=\"twitter:data1\" content=\"1 minuta\" \/>\n<script type=\"application\/ld+json\" class=\"yoast-schema-graph\">{\"@context\":\"https:\/\/schema.org\",\"@graph\":[{\"@type\":\"WebPage\",\"@id\":\"https:\/\/instytutpolski.pl\/tbilisi\/pl\/biblioteka\/\",\"url\":\"https:\/\/instytutpolski.pl\/tbilisi\/pl\/biblioteka\/\",\"name\":\"Biblioteka - Instytut Polski w Tbilisi\",\"isPartOf\":{\"@id\":\"https:\/\/instytutpolski.pl\/tbilisi\/#website\"},\"primaryImageOfPage\":{\"@id\":\"https:\/\/instytutpolski.pl\/tbilisi\/pl\/biblioteka\/#primaryimage\"},\"image\":{\"@id\":\"https:\/\/instytutpolski.pl\/tbilisi\/pl\/biblioteka\/#primaryimage\"},\"thumbnailUrl\":\"https:\/\/instytutpolski.pl\/tbilisi\/wp-content\/uploads\/sites\/27\/2024\/02\/DSC_6332-male.jpg\",\"datePublished\":\"2019-07-03T09:41:46+00:00\",\"dateModified\":\"2024-02-02T09:27:15+00:00\",\"breadcrumb\":{\"@id\":\"https:\/\/instytutpolski.pl\/tbilisi\/pl\/biblioteka\/#breadcrumb\"},\"inLanguage\":\"pl-PL\",\"potentialAction\":[{\"@type\":\"ReadAction\",\"target\":[\"https:\/\/instytutpolski.pl\/tbilisi\/pl\/biblioteka\/\"]}]},{\"@type\":\"ImageObject\",\"inLanguage\":\"pl-PL\",\"@id\":\"https:\/\/instytutpolski.pl\/tbilisi\/pl\/biblioteka\/#primaryimage\",\"url\":\"https:\/\/instytutpolski.pl\/tbilisi\/wp-content\/uploads\/sites\/27\/2024\/02\/DSC_6332-male.jpg\",\"contentUrl\":\"https:\/\/instytutpolski.pl\/tbilisi\/wp-content\/uploads\/sites\/27\/2024\/02\/DSC_6332-male.jpg\",\"width\":1575,\"height\":1051},{\"@type\":\"BreadcrumbList\",\"@id\":\"https:\/\/instytutpolski.pl\/tbilisi\/pl\/biblioteka\/#breadcrumb\",\"itemListElement\":[{\"@type\":\"ListItem\",\"position\":1,\"name\":\"Home\",\"item\":\"https:\/\/instytutpolski.pl\/tbilisi\/\"},{\"@type\":\"ListItem\",\"position\":2,\"name\":\"Biblioteka\"}]},{\"@type\":\"WebSite\",\"@id\":\"https:\/\/instytutpolski.pl\/tbilisi\/#website\",\"url\":\"https:\/\/instytutpolski.pl\/tbilisi\/\",\"name\":\"Instytut Polski w Tbilisi\",\"description\":\"Kolejna witryna sieci &#8222;Instytuty Polskie&#8221;\",\"potentialAction\":[{\"@type\":\"SearchAction\",\"target\":{\"@type\":\"EntryPoint\",\"urlTemplate\":\"https:\/\/instytutpolski.pl\/tbilisi\/?s={search_term_string}\"},\"query-input\":{\"@type\":\"PropertyValueSpecification\",\"valueRequired\":true,\"valueName\":\"search_term_string\"}}],\"inLanguage\":\"pl-PL\"}]}<\/script>\n<!-- \/ Yoast SEO plugin. -->","yoast_head_json":{"title":"Biblioteka - Instytut Polski w Tbilisi","robots":{"index":"index","follow":"follow","max-snippet":"max-snippet:-1","max-image-preview":"max-image-preview:large","max-video-preview":"max-video-preview:-1"},"canonical":"https:\/\/instytutpolski.pl\/tbilisi\/pl\/biblioteka\/","og_locale":"pl_PL","og_type":"article","og_title":"Biblioteka - Instytut Polski w Tbilisi","og_description":"Zbiory biblioteki polskiej (blisko 10 tysi\u0119cy wolumin\u00f3w) znajduj\u0105 si\u0119 w Sali Sztuki im. Henryka Hryniewskiego w III budynku Narodowej Biblioteki Parlamentu Gruzji (ul. Lado Gudiashvili 7) w Tbilisi. Ze zbior\u00f3w mo\u017cna korzysta\u0107 na miejscu od poniedzia\u0142ku do pi\u0105tku w godzinach od 9 do 17. Budynek, w kt\u00f3rym znajduj\u0105 si\u0119 ksi\u0119gozbi\u00f3r zosta\u0142 zaprojektowany przez polskiego artyst\u0119 [&hellip;]","og_url":"https:\/\/instytutpolski.pl\/tbilisi\/pl\/biblioteka\/","og_site_name":"Instytut Polski w Tbilisi","article_modified_time":"2024-02-02T09:27:15+00:00","og_image":[{"width":1575,"height":1051,"url":"https:\/\/instytutpolski.pl\/tbilisi\/wp-content\/uploads\/sites\/27\/2024\/02\/DSC_6332-male.jpg","type":"image\/jpeg"}],"twitter_card":"summary_large_image","twitter_misc":{"Szacowany czas czytania":"1 minuta"},"schema":{"@context":"https:\/\/schema.org","@graph":[{"@type":"WebPage","@id":"https:\/\/instytutpolski.pl\/tbilisi\/pl\/biblioteka\/","url":"https:\/\/instytutpolski.pl\/tbilisi\/pl\/biblioteka\/","name":"Biblioteka - Instytut Polski w Tbilisi","isPartOf":{"@id":"https:\/\/instytutpolski.pl\/tbilisi\/#website"},"primaryImageOfPage":{"@id":"https:\/\/instytutpolski.pl\/tbilisi\/pl\/biblioteka\/#primaryimage"},"image":{"@id":"https:\/\/instytutpolski.pl\/tbilisi\/pl\/biblioteka\/#primaryimage"},"thumbnailUrl":"https:\/\/instytutpolski.pl\/tbilisi\/wp-content\/uploads\/sites\/27\/2024\/02\/DSC_6332-male.jpg","datePublished":"2019-07-03T09:41:46+00:00","dateModified":"2024-02-02T09:27:15+00:00","breadcrumb":{"@id":"https:\/\/instytutpolski.pl\/tbilisi\/pl\/biblioteka\/#breadcrumb"},"inLanguage":"pl-PL","potentialAction":[{"@type":"ReadAction","target":["https:\/\/instytutpolski.pl\/tbilisi\/pl\/biblioteka\/"]}]},{"@type":"ImageObject","inLanguage":"pl-PL","@id":"https:\/\/instytutpolski.pl\/tbilisi\/pl\/biblioteka\/#primaryimage","url":"https:\/\/instytutpolski.pl\/tbilisi\/wp-content\/uploads\/sites\/27\/2024\/02\/DSC_6332-male.jpg","contentUrl":"https:\/\/instytutpolski.pl\/tbilisi\/wp-content\/uploads\/sites\/27\/2024\/02\/DSC_6332-male.jpg","width":1575,"height":1051},{"@type":"BreadcrumbList","@id":"https:\/\/instytutpolski.pl\/tbilisi\/pl\/biblioteka\/#breadcrumb","itemListElement":[{"@type":"ListItem","position":1,"name":"Home","item":"https:\/\/instytutpolski.pl\/tbilisi\/"},{"@type":"ListItem","position":2,"name":"Biblioteka"}]},{"@type":"WebSite","@id":"https:\/\/instytutpolski.pl\/tbilisi\/#website","url":"https:\/\/instytutpolski.pl\/tbilisi\/","name":"Instytut Polski w Tbilisi","description":"Kolejna witryna sieci &#8222;Instytuty Polskie&#8221;","potentialAction":[{"@type":"SearchAction","target":{"@type":"EntryPoint","urlTemplate":"https:\/\/instytutpolski.pl\/tbilisi\/?s={search_term_string}"},"query-input":{"@type":"PropertyValueSpecification","valueRequired":true,"valueName":"search_term_string"}}],"inLanguage":"pl-PL"}]}},"_links":{"self":[{"href":"https:\/\/instytutpolski.pl\/tbilisi\/wp-json\/wp\/v2\/pages\/260","targetHints":{"allow":["GET"]}}],"collection":[{"href":"https:\/\/instytutpolski.pl\/tbilisi\/wp-json\/wp\/v2\/pages"}],"about":[{"href":"https:\/\/instytutpolski.pl\/tbilisi\/wp-json\/wp\/v2\/types\/page"}],"author":[{"embeddable":true,"href":"https:\/\/instytutpolski.pl\/tbilisi\/wp-json\/wp\/v2\/users\/1"}],"replies":[{"embeddable":true,"href":"https:\/\/instytutpolski.pl\/tbilisi\/wp-json\/wp\/v2\/comments?post=260"}],"version-history":[{"count":7,"href":"https:\/\/instytutpolski.pl\/tbilisi\/wp-json\/wp\/v2\/pages\/260\/revisions"}],"predecessor-version":[{"id":1276,"href":"https:\/\/instytutpolski.pl\/tbilisi\/wp-json\/wp\/v2\/pages\/260\/revisions\/1276"}],"wp:featuredmedia":[{"embeddable":true,"href":"https:\/\/instytutpolski.pl\/tbilisi\/wp-json\/wp\/v2\/media\/2672"}],"wp:attachment":[{"href":"https:\/\/instytutpolski.pl\/tbilisi\/wp-json\/wp\/v2\/media?parent=260"}],"curies":[{"name":"wp","href":"https:\/\/api.w.org\/{rel}","templated":true}]}}