{"id":264,"date":"2019-07-03T11:43:08","date_gmt":"2019-07-03T09:43:08","guid":{"rendered":"https:\/\/instytutpolski.pl\/tbilisi\/?page_id=264"},"modified":"2020-01-21T10:26:00","modified_gmt":"2020-01-21T09:26:00","slug":"instytucje","status":"publish","type":"page","link":"https:\/\/instytutpolski.pl\/tbilisi\/pl\/instytucje\/","title":{"rendered":"Instytucje"},"content":{"rendered":"\n<p>Instytut Polski w Tbilisi aktywnie wsp\u00f3\u0142pracuje z gruzi\u0144skimi i polskimi instytucjami. <\/p>\n\n\n\n<p><strong>ARCHEOLOGIA<\/strong><\/p>\n\n\n\n<p>Instytut Polski jest wsp\u00f3\u0142za\u0142o\u017cycielem Polsko-Gruzi\u0144skiego Interdyscyplinarnego Centrum Badawczego im. Prof. S. Krukowskiego w Kutaisi. Celem Centrum jest koordynacja prac polsko-gruzi\u0144skiej misji archeologicznej w Gruzji. Dzia\u0142alno\u015b\u0107 Centrum mo\u017cna \u015bledzi\u0107 na FB: https:\/\/www.facebook.com\/krukowski.center\/ <\/p>\n\n\n\n<p><strong>MUZEALNICTWO<\/strong><\/p>\n\n\n\n<p>We wsp\u00f3\u0142pracy z Muzeum Narodowym w Krakowie oraz Narodow\u0105 Agencj\u0105 Ochrony Kulturowego Dziedzictwa Gruzji Instytut Polski rozpocz\u0105\u0142 realizacj\u0119 wieloletniego projektu maj\u0105cego na celu podniesienie kwalifikacji pracownik\u00f3w gruzi\u0144skich muze\u00f3w regionalnych. <\/p>\n\n\n\n<p><strong>KONSULTACJE W ZAKRESIE OCHRONY DZIEDZICTWA<\/strong><\/p>\n\n\n\n<p>Instytut Polski realizuje projekt maj\u0105cy na celu podniesienie kwalifikacji os\u00f3b odpowiedzialnych za zarz\u0105dzanie dziedzictwem kulturowym w Gruzji. Dzia\u0142ania realizowane s\u0105 na rzecz Narodowej Agencji Ochrony Kulturowego Dziedzictwa Gruzji w zakresie rewitalizacji miast i wsi o du\u017cym znaczeniu kulturowym, tworzenia szlak\u00f3w dziedzictwa kulturowego oraz rewitalizacji wybranych obiekt\u00f3w. <\/p>\n\n\n\n<p><strong>POLSKO-GRUZI\u0143SKA KOMISJA HISTORYCZNA<\/strong><\/p>\n\n\n\n<p>Celem dzia\u0142ania Komisji jest rozw\u00f3j wsp\u00f3lnych bada\u0144 historycznych dotycz\u0105cy okresu 1917 \u2013 1921 ze szczeg\u00f3lnym uwzgl\u0119dnieniem relacji wzajemnych jak i polityki Rosji Sowieckiej wobec regionu poprzez: organizacj\u0119 serii seminari\u00f3w w Polsce i w Gruzji wraz z publikacjami nt. ww. okresu w stosunkach dwustronnych.<\/p>\n\n\n\n<p><strong>Sk\u0142ad Komisji:<\/strong><\/p>\n\n\n\n<p>  Zaza Abaszydze,  Giorgi Astamadze, Mikheil Bakhtadze,  Otar Janelidze,  Beka Kobakhidze, Dawid Kolbaia,  Pawe\u0142 Libera, Giorgi Mamoulia, Wojciech Materski, Grzegorz Mazur,  Pawe\u0142 Olszewski,  Henryk Paprocki, Dimitri Silakadze.<\/p>\n\n\n\n<p><\/p>\n\n\n\n<p><\/p>\n\n\n\n<p><\/p>\n\n\n\n<p><\/p>\n\n\n\n<p><\/p>\n\n\n\n<p><\/p>\n\n\n\n<p><\/p>\n","protected":false},"excerpt":{"rendered":"<p>Instytut Polski w Tbilisi aktywnie wsp\u00f3\u0142pracuje z gruzi\u0144skimi i polskimi instytucjami. ARCHEOLOGIA Instytut Polski jest wsp\u00f3\u0142za\u0142o\u017cycielem Polsko-Gruzi\u0144skiego Interdyscyplinarnego Centrum Badawczego im. Prof. S. Krukowskiego w Kutaisi. Celem Centrum jest koordynacja prac polsko-gruzi\u0144skiej misji archeologicznej w Gruzji. Dzia\u0142alno\u015b\u0107 Centrum mo\u017cna \u015bledzi\u0107 na FB: https:\/\/www.facebook.com\/krukowski.center\/ MUZEALNICTWO We wsp\u00f3\u0142pracy z Muzeum Narodowym w Krakowie oraz Narodow\u0105 Agencj\u0105 Ochrony [&hellip;]<\/p>\n","protected":false},"author":1,"featured_media":0,"parent":0,"menu_order":0,"comment_status":"closed","ping_status":"closed","template":"","meta":{"inline_featured_image":false,"_monsterinsights_skip_tracking":false,"_monsterinsights_sitenote_active":false,"_monsterinsights_sitenote_note":"","_monsterinsights_sitenote_category":0,"footnotes":""},"class_list":["post-264","page","type-page","status-publish","hentry"],"yoast_head":"<!-- This site is optimized with the Yoast SEO plugin v24.6 - https:\/\/yoast.com\/wordpress\/plugins\/seo\/ -->\n<title>Instytucje - Instytut Polski w Tbilisi<\/title>\n<meta name=\"robots\" content=\"index, follow, max-snippet:-1, max-image-preview:large, max-video-preview:-1\" \/>\n<link rel=\"canonical\" href=\"https:\/\/instytutpolski.pl\/tbilisi\/pl\/instytucje\/\" \/>\n<meta property=\"og:locale\" content=\"pl_PL\" \/>\n<meta property=\"og:type\" content=\"article\" \/>\n<meta property=\"og:title\" content=\"Instytucje - Instytut Polski w Tbilisi\" \/>\n<meta property=\"og:description\" content=\"Instytut Polski w Tbilisi aktywnie wsp\u00f3\u0142pracuje z gruzi\u0144skimi i polskimi instytucjami. ARCHEOLOGIA Instytut Polski jest wsp\u00f3\u0142za\u0142o\u017cycielem Polsko-Gruzi\u0144skiego Interdyscyplinarnego Centrum Badawczego im. Prof. S. Krukowskiego w Kutaisi. Celem Centrum jest koordynacja prac polsko-gruzi\u0144skiej misji archeologicznej w Gruzji. Dzia\u0142alno\u015b\u0107 Centrum mo\u017cna \u015bledzi\u0107 na FB: https:\/\/www.facebook.com\/krukowski.center\/ MUZEALNICTWO We wsp\u00f3\u0142pracy z Muzeum Narodowym w Krakowie oraz Narodow\u0105 Agencj\u0105 Ochrony [&hellip;]\" \/>\n<meta property=\"og:url\" content=\"https:\/\/instytutpolski.pl\/tbilisi\/pl\/instytucje\/\" \/>\n<meta property=\"og:site_name\" content=\"Instytut Polski w Tbilisi\" \/>\n<meta property=\"article:modified_time\" content=\"2020-01-21T09:26:00+00:00\" \/>\n<meta name=\"twitter:card\" content=\"summary_large_image\" \/>\n<meta name=\"twitter:label1\" content=\"Szacowany czas czytania\" \/>\n\t<meta name=\"twitter:data1\" content=\"1 minuta\" \/>\n<script type=\"application\/ld+json\" class=\"yoast-schema-graph\">{\"@context\":\"https:\/\/schema.org\",\"@graph\":[{\"@type\":\"WebPage\",\"@id\":\"https:\/\/instytutpolski.pl\/tbilisi\/pl\/instytucje\/\",\"url\":\"https:\/\/instytutpolski.pl\/tbilisi\/pl\/instytucje\/\",\"name\":\"Instytucje - Instytut Polski w Tbilisi\",\"isPartOf\":{\"@id\":\"https:\/\/instytutpolski.pl\/tbilisi\/#website\"},\"datePublished\":\"2019-07-03T09:43:08+00:00\",\"dateModified\":\"2020-01-21T09:26:00+00:00\",\"breadcrumb\":{\"@id\":\"https:\/\/instytutpolski.pl\/tbilisi\/pl\/instytucje\/#breadcrumb\"},\"inLanguage\":\"pl-PL\",\"potentialAction\":[{\"@type\":\"ReadAction\",\"target\":[\"https:\/\/instytutpolski.pl\/tbilisi\/pl\/instytucje\/\"]}]},{\"@type\":\"BreadcrumbList\",\"@id\":\"https:\/\/instytutpolski.pl\/tbilisi\/pl\/instytucje\/#breadcrumb\",\"itemListElement\":[{\"@type\":\"ListItem\",\"position\":1,\"name\":\"Home\",\"item\":\"https:\/\/instytutpolski.pl\/tbilisi\/\"},{\"@type\":\"ListItem\",\"position\":2,\"name\":\"Instytucje\"}]},{\"@type\":\"WebSite\",\"@id\":\"https:\/\/instytutpolski.pl\/tbilisi\/#website\",\"url\":\"https:\/\/instytutpolski.pl\/tbilisi\/\",\"name\":\"Instytut Polski w Tbilisi\",\"description\":\"Kolejna witryna sieci &#8222;Instytuty Polskie&#8221;\",\"potentialAction\":[{\"@type\":\"SearchAction\",\"target\":{\"@type\":\"EntryPoint\",\"urlTemplate\":\"https:\/\/instytutpolski.pl\/tbilisi\/?s={search_term_string}\"},\"query-input\":{\"@type\":\"PropertyValueSpecification\",\"valueRequired\":true,\"valueName\":\"search_term_string\"}}],\"inLanguage\":\"pl-PL\"}]}<\/script>\n<!-- \/ Yoast SEO plugin. -->","yoast_head_json":{"title":"Instytucje - Instytut Polski w Tbilisi","robots":{"index":"index","follow":"follow","max-snippet":"max-snippet:-1","max-image-preview":"max-image-preview:large","max-video-preview":"max-video-preview:-1"},"canonical":"https:\/\/instytutpolski.pl\/tbilisi\/pl\/instytucje\/","og_locale":"pl_PL","og_type":"article","og_title":"Instytucje - Instytut Polski w Tbilisi","og_description":"Instytut Polski w Tbilisi aktywnie wsp\u00f3\u0142pracuje z gruzi\u0144skimi i polskimi instytucjami. ARCHEOLOGIA Instytut Polski jest wsp\u00f3\u0142za\u0142o\u017cycielem Polsko-Gruzi\u0144skiego Interdyscyplinarnego Centrum Badawczego im. Prof. S. Krukowskiego w Kutaisi. Celem Centrum jest koordynacja prac polsko-gruzi\u0144skiej misji archeologicznej w Gruzji. Dzia\u0142alno\u015b\u0107 Centrum mo\u017cna \u015bledzi\u0107 na FB: https:\/\/www.facebook.com\/krukowski.center\/ MUZEALNICTWO We wsp\u00f3\u0142pracy z Muzeum Narodowym w Krakowie oraz Narodow\u0105 Agencj\u0105 Ochrony [&hellip;]","og_url":"https:\/\/instytutpolski.pl\/tbilisi\/pl\/instytucje\/","og_site_name":"Instytut Polski w Tbilisi","article_modified_time":"2020-01-21T09:26:00+00:00","twitter_card":"summary_large_image","twitter_misc":{"Szacowany czas czytania":"1 minuta"},"schema":{"@context":"https:\/\/schema.org","@graph":[{"@type":"WebPage","@id":"https:\/\/instytutpolski.pl\/tbilisi\/pl\/instytucje\/","url":"https:\/\/instytutpolski.pl\/tbilisi\/pl\/instytucje\/","name":"Instytucje - Instytut Polski w Tbilisi","isPartOf":{"@id":"https:\/\/instytutpolski.pl\/tbilisi\/#website"},"datePublished":"2019-07-03T09:43:08+00:00","dateModified":"2020-01-21T09:26:00+00:00","breadcrumb":{"@id":"https:\/\/instytutpolski.pl\/tbilisi\/pl\/instytucje\/#breadcrumb"},"inLanguage":"pl-PL","potentialAction":[{"@type":"ReadAction","target":["https:\/\/instytutpolski.pl\/tbilisi\/pl\/instytucje\/"]}]},{"@type":"BreadcrumbList","@id":"https:\/\/instytutpolski.pl\/tbilisi\/pl\/instytucje\/#breadcrumb","itemListElement":[{"@type":"ListItem","position":1,"name":"Home","item":"https:\/\/instytutpolski.pl\/tbilisi\/"},{"@type":"ListItem","position":2,"name":"Instytucje"}]},{"@type":"WebSite","@id":"https:\/\/instytutpolski.pl\/tbilisi\/#website","url":"https:\/\/instytutpolski.pl\/tbilisi\/","name":"Instytut Polski w Tbilisi","description":"Kolejna witryna sieci &#8222;Instytuty Polskie&#8221;","potentialAction":[{"@type":"SearchAction","target":{"@type":"EntryPoint","urlTemplate":"https:\/\/instytutpolski.pl\/tbilisi\/?s={search_term_string}"},"query-input":{"@type":"PropertyValueSpecification","valueRequired":true,"valueName":"search_term_string"}}],"inLanguage":"pl-PL"}]}},"_links":{"self":[{"href":"https:\/\/instytutpolski.pl\/tbilisi\/wp-json\/wp\/v2\/pages\/264","targetHints":{"allow":["GET"]}}],"collection":[{"href":"https:\/\/instytutpolski.pl\/tbilisi\/wp-json\/wp\/v2\/pages"}],"about":[{"href":"https:\/\/instytutpolski.pl\/tbilisi\/wp-json\/wp\/v2\/types\/page"}],"author":[{"embeddable":true,"href":"https:\/\/instytutpolski.pl\/tbilisi\/wp-json\/wp\/v2\/users\/1"}],"replies":[{"embeddable":true,"href":"https:\/\/instytutpolski.pl\/tbilisi\/wp-json\/wp\/v2\/comments?post=264"}],"version-history":[{"count":6,"href":"https:\/\/instytutpolski.pl\/tbilisi\/wp-json\/wp\/v2\/pages\/264\/revisions"}],"predecessor-version":[{"id":1792,"href":"https:\/\/instytutpolski.pl\/tbilisi\/wp-json\/wp\/v2\/pages\/264\/revisions\/1792"}],"wp:attachment":[{"href":"https:\/\/instytutpolski.pl\/tbilisi\/wp-json\/wp\/v2\/media?parent=264"}],"curies":[{"name":"wp","href":"https:\/\/api.w.org\/{rel}","templated":true}]}}