{"id":266,"date":"2019-07-03T11:43:21","date_gmt":"2019-07-03T09:43:21","guid":{"rendered":"https:\/\/instytutpolski.pl\/tbilisi\/?page_id=266"},"modified":"2021-06-07T12:42:43","modified_gmt":"2021-06-07T10:42:43","slug":"partnerzy","status":"publish","type":"page","link":"https:\/\/instytutpolski.pl\/tbilisi\/pl\/partnerzy\/","title":{"rendered":"Partnerzy"},"content":{"rendered":"\n<p><\/p>\n\n\n\n<p><strong>Gruzi\u0144skie Muzeum Narodowe <\/strong><\/p>\n\n\n\n<figure class=\"wp-block-embed\"><div class=\"wp-block-embed__wrapper\">\nhttp:\/\/museum.ge\n<\/div><\/figure>\n\n\n\n<p><strong>Narodowa Agencja Ochrony Kulturowego Dziedzictwa Gruzji <\/strong><\/p>\n\n\n\n<figure class=\"wp-block-embed\"><div class=\"wp-block-embed__wrapper\">\nhttps:\/\/www.heritagesites.ge\/en\n<\/div><\/figure>\n\n\n\n<p><strong>Pa\u0144stwowe Konserwatorium im. Wano Sarad\u017ciszwili w Tbilisi <\/strong><\/p>\n\n\n\n<figure class=\"wp-block-embed\"><div class=\"wp-block-embed__wrapper\">\nhttp:\/\/www.conservatoire.edu.ge\n<\/div><\/figure>\n\n\n\n<p><strong>Pa\u0144stwowe Muzeum Historyczne im. N. Berdzeniszwili w Kutaisi<\/strong><\/p>\n\n\n\n<figure class=\"wp-block-embed-facebook wp-block-embed\"><div class=\"wp-block-embed__wrapper\">\nhttps:\/\/www.facebook.com\/kutaisimuseum\/\n<\/div><\/figure>\n\n\n\n<p><strong>Narodowa Biblioteka Parlamentu Gruzji <\/strong><\/p>\n\n\n\n<figure class=\"wp-block-embed\"><div class=\"wp-block-embed__wrapper\">\nhttps:\/\/www.nplg.gov.ge\/eng\/home\n<\/div><\/figure>\n\n\n\n<p><strong>Interdyscyplinarne Centrum Badawcze im. Prof. Stefana Krukowskiego w Kutaisi<\/strong><\/p>\n\n\n\n<p><a href=\"https:\/\/www.youtube.com\/watch?v=tVQO2ozrXA8\">Interdyscyplinarne Centrum Badawcze im. Prof. Stefana Krukowskiego w Kutaisi &#8211; YouTube<\/a><\/p>\n","protected":false},"excerpt":{"rendered":"<p>Gruzi\u0144skie Muzeum Narodowe Narodowa Agencja Ochrony Kulturowego Dziedzictwa Gruzji Pa\u0144stwowe Konserwatorium im. Wano Sarad\u017ciszwili w Tbilisi Pa\u0144stwowe Muzeum Historyczne im. N. Berdzeniszwili w Kutaisi Narodowa Biblioteka Parlamentu Gruzji Interdyscyplinarne Centrum Badawcze im. Prof. Stefana Krukowskiego w Kutaisi Interdyscyplinarne Centrum Badawcze im. Prof. Stefana Krukowskiego w Kutaisi &#8211; YouTube<\/p>\n","protected":false},"author":1,"featured_media":0,"parent":0,"menu_order":0,"comment_status":"closed","ping_status":"closed","template":"","meta":{"inline_featured_image":false,"_monsterinsights_skip_tracking":false,"_monsterinsights_sitenote_active":false,"_monsterinsights_sitenote_note":"","_monsterinsights_sitenote_category":0,"footnotes":""},"class_list":["post-266","page","type-page","status-publish","hentry"],"yoast_head":"<!-- This site is optimized with the Yoast SEO plugin v24.6 - https:\/\/yoast.com\/wordpress\/plugins\/seo\/ -->\n<title>Partnerzy - Instytut Polski w Tbilisi<\/title>\n<meta name=\"robots\" content=\"index, follow, max-snippet:-1, max-image-preview:large, max-video-preview:-1\" \/>\n<link rel=\"canonical\" href=\"https:\/\/instytutpolski.pl\/tbilisi\/pl\/partnerzy\/\" \/>\n<meta property=\"og:locale\" content=\"pl_PL\" \/>\n<meta property=\"og:type\" content=\"article\" \/>\n<meta property=\"og:title\" content=\"Partnerzy - Instytut Polski w Tbilisi\" \/>\n<meta property=\"og:description\" content=\"Gruzi\u0144skie Muzeum Narodowe Narodowa Agencja Ochrony Kulturowego Dziedzictwa Gruzji Pa\u0144stwowe Konserwatorium im. Wano Sarad\u017ciszwili w Tbilisi Pa\u0144stwowe Muzeum Historyczne im. N. Berdzeniszwili w Kutaisi Narodowa Biblioteka Parlamentu Gruzji Interdyscyplinarne Centrum Badawcze im. Prof. Stefana Krukowskiego w Kutaisi Interdyscyplinarne Centrum Badawcze im. Prof. Stefana Krukowskiego w Kutaisi &#8211; YouTube\" \/>\n<meta property=\"og:url\" content=\"https:\/\/instytutpolski.pl\/tbilisi\/pl\/partnerzy\/\" \/>\n<meta property=\"og:site_name\" content=\"Instytut Polski w Tbilisi\" \/>\n<meta property=\"article:modified_time\" content=\"2021-06-07T10:42:43+00:00\" \/>\n<meta name=\"twitter:card\" content=\"summary_large_image\" \/>\n<script type=\"application\/ld+json\" class=\"yoast-schema-graph\">{\"@context\":\"https:\/\/schema.org\",\"@graph\":[{\"@type\":\"WebPage\",\"@id\":\"https:\/\/instytutpolski.pl\/tbilisi\/pl\/partnerzy\/\",\"url\":\"https:\/\/instytutpolski.pl\/tbilisi\/pl\/partnerzy\/\",\"name\":\"Partnerzy - Instytut Polski w Tbilisi\",\"isPartOf\":{\"@id\":\"https:\/\/instytutpolski.pl\/tbilisi\/#website\"},\"datePublished\":\"2019-07-03T09:43:21+00:00\",\"dateModified\":\"2021-06-07T10:42:43+00:00\",\"breadcrumb\":{\"@id\":\"https:\/\/instytutpolski.pl\/tbilisi\/pl\/partnerzy\/#breadcrumb\"},\"inLanguage\":\"pl-PL\",\"potentialAction\":[{\"@type\":\"ReadAction\",\"target\":[\"https:\/\/instytutpolski.pl\/tbilisi\/pl\/partnerzy\/\"]}]},{\"@type\":\"BreadcrumbList\",\"@id\":\"https:\/\/instytutpolski.pl\/tbilisi\/pl\/partnerzy\/#breadcrumb\",\"itemListElement\":[{\"@type\":\"ListItem\",\"position\":1,\"name\":\"Home\",\"item\":\"https:\/\/instytutpolski.pl\/tbilisi\/\"},{\"@type\":\"ListItem\",\"position\":2,\"name\":\"Partnerzy\"}]},{\"@type\":\"WebSite\",\"@id\":\"https:\/\/instytutpolski.pl\/tbilisi\/#website\",\"url\":\"https:\/\/instytutpolski.pl\/tbilisi\/\",\"name\":\"Instytut Polski w Tbilisi\",\"description\":\"Kolejna witryna sieci &#8222;Instytuty Polskie&#8221;\",\"potentialAction\":[{\"@type\":\"SearchAction\",\"target\":{\"@type\":\"EntryPoint\",\"urlTemplate\":\"https:\/\/instytutpolski.pl\/tbilisi\/?s={search_term_string}\"},\"query-input\":{\"@type\":\"PropertyValueSpecification\",\"valueRequired\":true,\"valueName\":\"search_term_string\"}}],\"inLanguage\":\"pl-PL\"}]}<\/script>\n<!-- \/ Yoast SEO plugin. -->","yoast_head_json":{"title":"Partnerzy - Instytut Polski w Tbilisi","robots":{"index":"index","follow":"follow","max-snippet":"max-snippet:-1","max-image-preview":"max-image-preview:large","max-video-preview":"max-video-preview:-1"},"canonical":"https:\/\/instytutpolski.pl\/tbilisi\/pl\/partnerzy\/","og_locale":"pl_PL","og_type":"article","og_title":"Partnerzy - Instytut Polski w Tbilisi","og_description":"Gruzi\u0144skie Muzeum Narodowe Narodowa Agencja Ochrony Kulturowego Dziedzictwa Gruzji Pa\u0144stwowe Konserwatorium im. Wano Sarad\u017ciszwili w Tbilisi Pa\u0144stwowe Muzeum Historyczne im. N. Berdzeniszwili w Kutaisi Narodowa Biblioteka Parlamentu Gruzji Interdyscyplinarne Centrum Badawcze im. Prof. Stefana Krukowskiego w Kutaisi Interdyscyplinarne Centrum Badawcze im. Prof. Stefana Krukowskiego w Kutaisi &#8211; YouTube","og_url":"https:\/\/instytutpolski.pl\/tbilisi\/pl\/partnerzy\/","og_site_name":"Instytut Polski w Tbilisi","article_modified_time":"2021-06-07T10:42:43+00:00","twitter_card":"summary_large_image","schema":{"@context":"https:\/\/schema.org","@graph":[{"@type":"WebPage","@id":"https:\/\/instytutpolski.pl\/tbilisi\/pl\/partnerzy\/","url":"https:\/\/instytutpolski.pl\/tbilisi\/pl\/partnerzy\/","name":"Partnerzy - Instytut Polski w Tbilisi","isPartOf":{"@id":"https:\/\/instytutpolski.pl\/tbilisi\/#website"},"datePublished":"2019-07-03T09:43:21+00:00","dateModified":"2021-06-07T10:42:43+00:00","breadcrumb":{"@id":"https:\/\/instytutpolski.pl\/tbilisi\/pl\/partnerzy\/#breadcrumb"},"inLanguage":"pl-PL","potentialAction":[{"@type":"ReadAction","target":["https:\/\/instytutpolski.pl\/tbilisi\/pl\/partnerzy\/"]}]},{"@type":"BreadcrumbList","@id":"https:\/\/instytutpolski.pl\/tbilisi\/pl\/partnerzy\/#breadcrumb","itemListElement":[{"@type":"ListItem","position":1,"name":"Home","item":"https:\/\/instytutpolski.pl\/tbilisi\/"},{"@type":"ListItem","position":2,"name":"Partnerzy"}]},{"@type":"WebSite","@id":"https:\/\/instytutpolski.pl\/tbilisi\/#website","url":"https:\/\/instytutpolski.pl\/tbilisi\/","name":"Instytut Polski w Tbilisi","description":"Kolejna witryna sieci &#8222;Instytuty Polskie&#8221;","potentialAction":[{"@type":"SearchAction","target":{"@type":"EntryPoint","urlTemplate":"https:\/\/instytutpolski.pl\/tbilisi\/?s={search_term_string}"},"query-input":{"@type":"PropertyValueSpecification","valueRequired":true,"valueName":"search_term_string"}}],"inLanguage":"pl-PL"}]}},"_links":{"self":[{"href":"https:\/\/instytutpolski.pl\/tbilisi\/wp-json\/wp\/v2\/pages\/266","targetHints":{"allow":["GET"]}}],"collection":[{"href":"https:\/\/instytutpolski.pl\/tbilisi\/wp-json\/wp\/v2\/pages"}],"about":[{"href":"https:\/\/instytutpolski.pl\/tbilisi\/wp-json\/wp\/v2\/types\/page"}],"author":[{"embeddable":true,"href":"https:\/\/instytutpolski.pl\/tbilisi\/wp-json\/wp\/v2\/users\/1"}],"replies":[{"embeddable":true,"href":"https:\/\/instytutpolski.pl\/tbilisi\/wp-json\/wp\/v2\/comments?post=266"}],"version-history":[{"count":3,"href":"https:\/\/instytutpolski.pl\/tbilisi\/wp-json\/wp\/v2\/pages\/266\/revisions"}],"predecessor-version":[{"id":1791,"href":"https:\/\/instytutpolski.pl\/tbilisi\/wp-json\/wp\/v2\/pages\/266\/revisions\/1791"}],"wp:attachment":[{"href":"https:\/\/instytutpolski.pl\/tbilisi\/wp-json\/wp\/v2\/media?parent=266"}],"curies":[{"name":"wp","href":"https:\/\/api.w.org\/{rel}","templated":true}]}}