{"id":270,"date":"2019-07-03T11:42:18","date_gmt":"2019-07-03T09:42:18","guid":{"rendered":"https:\/\/instytutpolski.pl\/tbilisi\/?page_id=270"},"modified":"2026-03-24T11:44:36","modified_gmt":"2026-03-24T10:44:36","slug":"zespol","status":"publish","type":"page","link":"https:\/\/instytutpolski.pl\/tbilisi\/pl\/zespol\/","title":{"rendered":"Zesp\u00f3\u0142"},"content":{"rendered":"\n<p>Dyrektor &#8211; Magdalena Wojdasiewicz<\/p>\n\n\n\n<p>Projekty &#8211; Gogita Keburia <\/p>\n\n\n\n<p>Finanse i rachunkowo\u015b\u0107 &#8211; Izabela Zawartko<\/p>\n\n\n\n<p>Media spo\u0142eczno\u015bciowe i projekty &#8211;  Anna Szyma\u0144ska<\/p>\n\n\n\n<p>Administracja i finanse &#8211; Urszula Or\u0142owska &#8211; W\u0119giel<\/p>\n\n\n\n<p>Projekty &#8211;   Agnieszka Strzelbicka &#8211; Jaremkiewicz<\/p>\n","protected":false},"excerpt":{"rendered":"<p>Dyrektor &#8211; Magdalena Wojdasiewicz Projekty &#8211; Gogita Keburia Finanse i rachunkowo\u015b\u0107 &#8211; Izabela Zawartko Media spo\u0142eczno\u015bciowe i projekty &#8211; Anna Szyma\u0144ska Administracja i finanse &#8211; Urszula Or\u0142owska &#8211; W\u0119giel Projekty &#8211; Agnieszka Strzelbicka &#8211; Jaremkiewicz<\/p>\n","protected":false},"author":1,"featured_media":3095,"parent":0,"menu_order":0,"comment_status":"closed","ping_status":"closed","template":"","meta":{"inline_featured_image":false,"_monsterinsights_skip_tracking":false,"_monsterinsights_sitenote_active":false,"_monsterinsights_sitenote_note":"","_monsterinsights_sitenote_category":0,"footnotes":""},"class_list":["post-270","page","type-page","status-publish","has-post-thumbnail","hentry"],"yoast_head":"<!-- This site is optimized with the Yoast SEO plugin v24.6 - https:\/\/yoast.com\/wordpress\/plugins\/seo\/ -->\n<title>Zesp\u00f3\u0142 - Instytut Polski w Tbilisi<\/title>\n<meta name=\"robots\" content=\"index, follow, max-snippet:-1, max-image-preview:large, max-video-preview:-1\" \/>\n<link rel=\"canonical\" href=\"https:\/\/instytutpolski.pl\/tbilisi\/pl\/zespol\/\" \/>\n<meta property=\"og:locale\" content=\"pl_PL\" \/>\n<meta property=\"og:type\" content=\"article\" \/>\n<meta property=\"og:title\" content=\"Zesp\u00f3\u0142 - Instytut Polski w Tbilisi\" \/>\n<meta property=\"og:description\" content=\"Dyrektor &#8211; Magdalena Wojdasiewicz Projekty &#8211; Gogita Keburia Finanse i rachunkowo\u015b\u0107 &#8211; Izabela Zawartko Media spo\u0142eczno\u015bciowe i projekty &#8211; Anna Szyma\u0144ska Administracja i finanse &#8211; Urszula Or\u0142owska &#8211; W\u0119giel Projekty &#8211; Agnieszka Strzelbicka &#8211; Jaremkiewicz\" \/>\n<meta property=\"og:url\" content=\"https:\/\/instytutpolski.pl\/tbilisi\/pl\/zespol\/\" \/>\n<meta property=\"og:site_name\" content=\"Instytut Polski w Tbilisi\" \/>\n<meta property=\"article:modified_time\" content=\"2026-03-24T10:44:36+00:00\" \/>\n<meta property=\"og:image\" content=\"https:\/\/instytutpolski.pl\/tbilisi\/wp-content\/uploads\/sites\/27\/2026\/03\/653975333_1405887431578849_7666095564763125005_n-1.jpg\" \/>\n\t<meta property=\"og:image:width\" content=\"1882\" \/>\n\t<meta property=\"og:image:height\" content=\"707\" \/>\n\t<meta property=\"og:image:type\" content=\"image\/jpeg\" \/>\n<meta name=\"twitter:card\" content=\"summary_large_image\" \/>\n<meta name=\"twitter:label1\" content=\"Szacowany czas czytania\" \/>\n\t<meta name=\"twitter:data1\" content=\"1 minuta\" \/>\n<script type=\"application\/ld+json\" class=\"yoast-schema-graph\">{\"@context\":\"https:\/\/schema.org\",\"@graph\":[{\"@type\":\"WebPage\",\"@id\":\"https:\/\/instytutpolski.pl\/tbilisi\/pl\/zespol\/\",\"url\":\"https:\/\/instytutpolski.pl\/tbilisi\/pl\/zespol\/\",\"name\":\"Zesp\u00f3\u0142 - Instytut Polski w Tbilisi\",\"isPartOf\":{\"@id\":\"https:\/\/instytutpolski.pl\/tbilisi\/#website\"},\"primaryImageOfPage\":{\"@id\":\"https:\/\/instytutpolski.pl\/tbilisi\/pl\/zespol\/#primaryimage\"},\"image\":{\"@id\":\"https:\/\/instytutpolski.pl\/tbilisi\/pl\/zespol\/#primaryimage\"},\"thumbnailUrl\":\"https:\/\/instytutpolski.pl\/tbilisi\/wp-content\/uploads\/sites\/27\/2026\/03\/653975333_1405887431578849_7666095564763125005_n-1.jpg\",\"datePublished\":\"2019-07-03T09:42:18+00:00\",\"dateModified\":\"2026-03-24T10:44:36+00:00\",\"breadcrumb\":{\"@id\":\"https:\/\/instytutpolski.pl\/tbilisi\/pl\/zespol\/#breadcrumb\"},\"inLanguage\":\"pl-PL\",\"potentialAction\":[{\"@type\":\"ReadAction\",\"target\":[\"https:\/\/instytutpolski.pl\/tbilisi\/pl\/zespol\/\"]}]},{\"@type\":\"ImageObject\",\"inLanguage\":\"pl-PL\",\"@id\":\"https:\/\/instytutpolski.pl\/tbilisi\/pl\/zespol\/#primaryimage\",\"url\":\"https:\/\/instytutpolski.pl\/tbilisi\/wp-content\/uploads\/sites\/27\/2026\/03\/653975333_1405887431578849_7666095564763125005_n-1.jpg\",\"contentUrl\":\"https:\/\/instytutpolski.pl\/tbilisi\/wp-content\/uploads\/sites\/27\/2026\/03\/653975333_1405887431578849_7666095564763125005_n-1.jpg\",\"width\":1882,\"height\":707},{\"@type\":\"BreadcrumbList\",\"@id\":\"https:\/\/instytutpolski.pl\/tbilisi\/pl\/zespol\/#breadcrumb\",\"itemListElement\":[{\"@type\":\"ListItem\",\"position\":1,\"name\":\"Home\",\"item\":\"https:\/\/instytutpolski.pl\/tbilisi\/\"},{\"@type\":\"ListItem\",\"position\":2,\"name\":\"Zesp\u00f3\u0142\"}]},{\"@type\":\"WebSite\",\"@id\":\"https:\/\/instytutpolski.pl\/tbilisi\/#website\",\"url\":\"https:\/\/instytutpolski.pl\/tbilisi\/\",\"name\":\"Instytut Polski w Tbilisi\",\"description\":\"Kolejna witryna sieci &#8222;Instytuty Polskie&#8221;\",\"potentialAction\":[{\"@type\":\"SearchAction\",\"target\":{\"@type\":\"EntryPoint\",\"urlTemplate\":\"https:\/\/instytutpolski.pl\/tbilisi\/?s={search_term_string}\"},\"query-input\":{\"@type\":\"PropertyValueSpecification\",\"valueRequired\":true,\"valueName\":\"search_term_string\"}}],\"inLanguage\":\"pl-PL\"}]}<\/script>\n<!-- \/ Yoast SEO plugin. -->","yoast_head_json":{"title":"Zesp\u00f3\u0142 - Instytut Polski w Tbilisi","robots":{"index":"index","follow":"follow","max-snippet":"max-snippet:-1","max-image-preview":"max-image-preview:large","max-video-preview":"max-video-preview:-1"},"canonical":"https:\/\/instytutpolski.pl\/tbilisi\/pl\/zespol\/","og_locale":"pl_PL","og_type":"article","og_title":"Zesp\u00f3\u0142 - Instytut Polski w Tbilisi","og_description":"Dyrektor &#8211; Magdalena Wojdasiewicz Projekty &#8211; Gogita Keburia Finanse i rachunkowo\u015b\u0107 &#8211; Izabela Zawartko Media spo\u0142eczno\u015bciowe i projekty &#8211; Anna Szyma\u0144ska Administracja i finanse &#8211; Urszula Or\u0142owska &#8211; W\u0119giel Projekty &#8211; Agnieszka Strzelbicka &#8211; Jaremkiewicz","og_url":"https:\/\/instytutpolski.pl\/tbilisi\/pl\/zespol\/","og_site_name":"Instytut Polski w Tbilisi","article_modified_time":"2026-03-24T10:44:36+00:00","og_image":[{"width":1882,"height":707,"url":"https:\/\/instytutpolski.pl\/tbilisi\/wp-content\/uploads\/sites\/27\/2026\/03\/653975333_1405887431578849_7666095564763125005_n-1.jpg","type":"image\/jpeg"}],"twitter_card":"summary_large_image","twitter_misc":{"Szacowany czas czytania":"1 minuta"},"schema":{"@context":"https:\/\/schema.org","@graph":[{"@type":"WebPage","@id":"https:\/\/instytutpolski.pl\/tbilisi\/pl\/zespol\/","url":"https:\/\/instytutpolski.pl\/tbilisi\/pl\/zespol\/","name":"Zesp\u00f3\u0142 - Instytut Polski w Tbilisi","isPartOf":{"@id":"https:\/\/instytutpolski.pl\/tbilisi\/#website"},"primaryImageOfPage":{"@id":"https:\/\/instytutpolski.pl\/tbilisi\/pl\/zespol\/#primaryimage"},"image":{"@id":"https:\/\/instytutpolski.pl\/tbilisi\/pl\/zespol\/#primaryimage"},"thumbnailUrl":"https:\/\/instytutpolski.pl\/tbilisi\/wp-content\/uploads\/sites\/27\/2026\/03\/653975333_1405887431578849_7666095564763125005_n-1.jpg","datePublished":"2019-07-03T09:42:18+00:00","dateModified":"2026-03-24T10:44:36+00:00","breadcrumb":{"@id":"https:\/\/instytutpolski.pl\/tbilisi\/pl\/zespol\/#breadcrumb"},"inLanguage":"pl-PL","potentialAction":[{"@type":"ReadAction","target":["https:\/\/instytutpolski.pl\/tbilisi\/pl\/zespol\/"]}]},{"@type":"ImageObject","inLanguage":"pl-PL","@id":"https:\/\/instytutpolski.pl\/tbilisi\/pl\/zespol\/#primaryimage","url":"https:\/\/instytutpolski.pl\/tbilisi\/wp-content\/uploads\/sites\/27\/2026\/03\/653975333_1405887431578849_7666095564763125005_n-1.jpg","contentUrl":"https:\/\/instytutpolski.pl\/tbilisi\/wp-content\/uploads\/sites\/27\/2026\/03\/653975333_1405887431578849_7666095564763125005_n-1.jpg","width":1882,"height":707},{"@type":"BreadcrumbList","@id":"https:\/\/instytutpolski.pl\/tbilisi\/pl\/zespol\/#breadcrumb","itemListElement":[{"@type":"ListItem","position":1,"name":"Home","item":"https:\/\/instytutpolski.pl\/tbilisi\/"},{"@type":"ListItem","position":2,"name":"Zesp\u00f3\u0142"}]},{"@type":"WebSite","@id":"https:\/\/instytutpolski.pl\/tbilisi\/#website","url":"https:\/\/instytutpolski.pl\/tbilisi\/","name":"Instytut Polski w Tbilisi","description":"Kolejna witryna sieci &#8222;Instytuty Polskie&#8221;","potentialAction":[{"@type":"SearchAction","target":{"@type":"EntryPoint","urlTemplate":"https:\/\/instytutpolski.pl\/tbilisi\/?s={search_term_string}"},"query-input":{"@type":"PropertyValueSpecification","valueRequired":true,"valueName":"search_term_string"}}],"inLanguage":"pl-PL"}]}},"_links":{"self":[{"href":"https:\/\/instytutpolski.pl\/tbilisi\/wp-json\/wp\/v2\/pages\/270","targetHints":{"allow":["GET"]}}],"collection":[{"href":"https:\/\/instytutpolski.pl\/tbilisi\/wp-json\/wp\/v2\/pages"}],"about":[{"href":"https:\/\/instytutpolski.pl\/tbilisi\/wp-json\/wp\/v2\/types\/page"}],"author":[{"embeddable":true,"href":"https:\/\/instytutpolski.pl\/tbilisi\/wp-json\/wp\/v2\/users\/1"}],"replies":[{"embeddable":true,"href":"https:\/\/instytutpolski.pl\/tbilisi\/wp-json\/wp\/v2\/comments?post=270"}],"version-history":[{"count":9,"href":"https:\/\/instytutpolski.pl\/tbilisi\/wp-json\/wp\/v2\/pages\/270\/revisions"}],"predecessor-version":[{"id":3091,"href":"https:\/\/instytutpolski.pl\/tbilisi\/wp-json\/wp\/v2\/pages\/270\/revisions\/3091"}],"wp:featuredmedia":[{"embeddable":true,"href":"https:\/\/instytutpolski.pl\/tbilisi\/wp-json\/wp\/v2\/media\/3095"}],"wp:attachment":[{"href":"https:\/\/instytutpolski.pl\/tbilisi\/wp-json\/wp\/v2\/media?parent=270"}],"curies":[{"name":"wp","href":"https:\/\/api.w.org\/{rel}","templated":true}]}}