{"id":78,"date":"2019-07-03T11:40:57","date_gmt":"2019-07-03T09:40:57","guid":{"rendered":"https:\/\/instytutpolski.pl\/tbilisi\/?page_id=78"},"modified":"2024-02-07T09:06:58","modified_gmt":"2024-02-07T08:06:58","slug":"%e1%83%9d%e1%83%9c%e1%83%9a%e1%83%90%e1%83%98%e1%83%9c-%e1%83%99%e1%83%a3%e1%83%a0%e1%83%a1%e1%83%94%e1%83%91%e1%83%98-%e1%83%93%e1%83%90-%e1%83%9b%e1%83%90%e1%83%a1%e1%83%90%e1%83%9a%e1%83%94","status":"publish","type":"page","link":"https:\/\/instytutpolski.pl\/tbilisi\/%e1%83%9d%e1%83%9c%e1%83%9a%e1%83%90%e1%83%98%e1%83%9c-%e1%83%99%e1%83%a3%e1%83%a0%e1%83%a1%e1%83%94%e1%83%91%e1%83%98-%e1%83%93%e1%83%90-%e1%83%9b%e1%83%90%e1%83%a1%e1%83%90%e1%83%9a%e1%83%94\/","title":{"rendered":"\u10de\u10dd\u10da\u10dd\u10dc\u10e3\u10e0\u10d8 \u10d4\u10dc\u10d8\u10e1 \u10dd\u10dc\u10da\u10d0\u10d8\u10dc \u10d9\u10e3\u10e0\u10e1\u10d4\u10d1\u10d8 \u10d3\u10d0 \u10db\u10d0\u10e1\u10d0\u10da\u10d4\u10d1\u10d8"},"content":{"rendered":"\n<p>&#x1f4cc;\u00a0<a href=\"https:\/\/www.facebook.com\/Polski-z-Ani%C4%85-207883243461103\/?__tn__=K-R&amp;eid=ARAYzoZLPd-8QiXNQdPFu_HihxgsuAIsxLa2J4GJZvrMuvaw0k36ZGFggNFjqqZCV6mNXCw7QeuH_Kc1&amp;fref=mentions&amp;__xts__%5B0%5D=68.ARDw3yL1gBxrJG0chVkqwXvKfvopS7rKt8atBwq6VQ3aRgbfZXp0nAhgwdJnHsMSZ-V2iA3Cj_ilMtgjO9ayMa74YGqu0LDk2M_WegvobfK7omK5dGbsHHqj39Y0m9keWpAmwuwpd-VJ99lqEKGEz9uNzmaKC_cpWNwFQpH66pFmnBy25nTWG4aa5nyupwi88d4tVqegyA2gloGkiS5xO7MN4VaCoSIe4EmHYa1MZGYXKpHrZl766oWHKXqYafj3M4m6O99qKMN3rZfCUGxXXfCwntb2QW2xPUfU-8JMN9tY3N39RSfW1rZLZIZHWVhCvTKX54tzEKrABL6E4_rtcFNsWw\">Polski z Ani\u0105<\/a><br>&#x1f4cc;\u00a0<a href=\"https:\/\/www.facebook.com\/polonicum\/?__tn__=K-R&amp;eid=ARAJFmNvHJpRY8izd20r9UJRyQDOEfayopM_ovY4pheR5wdjaEZ_JcG3BdNNRWrbbt62ViCAIZh-P8Hq&amp;fref=mentions&amp;__xts__%5B0%5D=68.ARDw3yL1gBxrJG0chVkqwXvKfvopS7rKt8atBwq6VQ3aRgbfZXp0nAhgwdJnHsMSZ-V2iA3Cj_ilMtgjO9ayMa74YGqu0LDk2M_WegvobfK7omK5dGbsHHqj39Y0m9keWpAmwuwpd-VJ99lqEKGEz9uNzmaKC_cpWNwFQpH66pFmnBy25nTWG4aa5nyupwi88d4tVqegyA2gloGkiS5xO7MN4VaCoSIe4EmHYa1MZGYXKpHrZl766oWHKXqYafj3M4m6O99qKMN3rZfCUGxXXfCwntb2QW2xPUfU-8JMN9tY3N39RSfW1rZLZIZHWVhCvTKX54tzEKrABL6E4_rtcFNsWw\">Polonicum Uniwersytet Warszawski<\/a><\/p>\n\n\n\n<p>&#x1f4cc; <a href=\"https:\/\/www.wuw.pl\/product-pol-17306-AE-Wirtualny-Festiwal-Jezyka-Polskiego-w-Gruzji-PDF.html?fbclid=IwAR1phDwcYGt9O9ieUH40NabuPnvPDvxi3LbCqpzVYyoP3DHq3l-8sIkDgho\">\u0104\u0118 \u2013 [Wirtualny] Festiwal J\u0119zyka Polskiego w Gruzji (PDF) | Nauki humanistyczne \\ Filologia polska Nauki humanistyczne \\ J\u0119zykoznawstwo | &#8211; Ksi\u0119garnia Wydawnictw Uniwersytetu Warszawskiego (wuw.pl)<\/a><\/p>\n\n\n\n<p>&#x1f4cc; <a href=\"https:\/\/www.youtube.com\/playlist?list=PLsA7ju-Cr9kvDTFD24uXjG9J5glyB8J3r\"> [Wirtualny] Festiwal J\u0119zyka Polskiego w Gruzji &#8211; YouTube<\/a><\/p>\n\n\n\n<p>&#x1f4cc; <a href=\"https:\/\/www.youtube.com\/playlist?list=PLsA7ju-Cr9ktwLSmbnZKFaMj-Kc67rJTR\"> II [Wirtualny] Festiwal J\u0119zyka Polskiego w Gruzji &#8211; YouTube<\/a><\/p>\n\n\n\n<p>&#x1f4cc; <a href=\"https:\/\/www.youtube.com\/playlist?list=PLsA7ju-Cr9kuokCN5XO9WMgxw4oYR9HdK\"> III [Wirtualny] Festiwal J\u0119zyka Polskiego w Gruzji &#8211; YouTube<\/a><\/p>\n\n\n\n<p>&#x1f4cc; <a href=\"https:\/\/www.youtube.com\/playlist?list=PLsA7ju-Cr9kukpzW_q3Y91bY_Dxqvvm0_\"> IV [Wirtualny] Festiwal J\u0119zyka Polskiego w Gruzji &#8211; YouTube<\/a><\/p>\n\n\n\n<p><a href=\"https:\/\/www.facebook.com\/hashtag\/%E1%83%95%E1%83%98%E1%83%A1%E1%83%90%E1%83%A3%E1%83%91%E1%83%A0%E1%83%9D%E1%83%97%E1%83%9E%E1%83%9D%E1%83%9A%E1%83%9D%E1%83%9C%E1%83%A3%E1%83%A0%E1%83%90%E1%83%93?source=feed_text&amp;epa=HASHTAG&amp;__xts__%5B0%5D=68.ARDw3yL1gBxrJG0chVkqwXvKfvopS7rKt8atBwq6VQ3aRgbfZXp0nAhgwdJnHsMSZ-V2iA3Cj_ilMtgjO9ayMa74YGqu0LDk2M_WegvobfK7omK5dGbsHHqj39Y0m9keWpAmwuwpd-VJ99lqEKGEz9uNzmaKC_cpWNwFQpH66pFmnBy25nTWG4aa5nyupwi88d4tVqegyA2gloGkiS5xO7MN4VaCoSIe4EmHYa1MZGYXKpHrZl766oWHKXqYafj3M4m6O99qKMN3rZfCUGxXXfCwntb2QW2xPUfU-8JMN9tY3N39RSfW1rZLZIZHWVhCvTKX54tzEKrABL6E4_rtcFNsWw&amp;__tn__=%2ANK-R\">#\u10d5\u10d8\u10e1\u10d0\u10e3\u10d1\u10e0\u10dd\u10d7\u10de\u10dd\u10da\u10dd\u10dc\u10e3\u10e0\u10d0\u10d3<\/a>&nbsp;<a href=\"https:\/\/www.facebook.com\/hashtag\/polskizani%C4%85?source=feed_text&amp;epa=HASHTAG&amp;__xts__%5B0%5D=68.ARDw3yL1gBxrJG0chVkqwXvKfvopS7rKt8atBwq6VQ3aRgbfZXp0nAhgwdJnHsMSZ-V2iA3Cj_ilMtgjO9ayMa74YGqu0LDk2M_WegvobfK7omK5dGbsHHqj39Y0m9keWpAmwuwpd-VJ99lqEKGEz9uNzmaKC_cpWNwFQpH66pFmnBy25nTWG4aa5nyupwi88d4tVqegyA2gloGkiS5xO7MN4VaCoSIe4EmHYa1MZGYXKpHrZl766oWHKXqYafj3M4m6O99qKMN3rZfCUGxXXfCwntb2QW2xPUfU-8JMN9tY3N39RSfW1rZLZIZHWVhCvTKX54tzEKrABL6E4_rtcFNsWw&amp;__tn__=%2ANK-R\">#polskizAni\u0105<\/a>&nbsp;<a href=\"https:\/\/www.facebook.com\/hashtag\/polonicum?source=feed_text&amp;epa=HASHTAG&amp;__xts__%5B0%5D=68.ARDw3yL1gBxrJG0chVkqwXvKfvopS7rKt8atBwq6VQ3aRgbfZXp0nAhgwdJnHsMSZ-V2iA3Cj_ilMtgjO9ayMa74YGqu0LDk2M_WegvobfK7omK5dGbsHHqj39Y0m9keWpAmwuwpd-VJ99lqEKGEz9uNzmaKC_cpWNwFQpH66pFmnBy25nTWG4aa5nyupwi88d4tVqegyA2gloGkiS5xO7MN4VaCoSIe4EmHYa1MZGYXKpHrZl766oWHKXqYafj3M4m6O99qKMN3rZfCUGxXXfCwntb2QW2xPUfU-8JMN9tY3N39RSfW1rZLZIZHWVhCvTKX54tzEKrABL6E4_rtcFNsWw&amp;__tn__=%2ANK-R\">#polonicum<\/a><\/p>\n\n\n\n<figure class=\"wp-block-embed is-type-video is-provider-youtube wp-block-embed-youtube wp-embed-aspect-16-9 wp-has-aspect-ratio\"><div class=\"wp-block-embed__wrapper\">\nhttps:\/\/youtu.be\/sGSsExKYT6Y\n<\/div><\/figure>\n\n\n\n<figure class=\"wp-block-embed is-type-video is-provider-youtube wp-block-embed-youtube wp-embed-aspect-16-9 wp-has-aspect-ratio\"><div class=\"wp-block-embed__wrapper\">\nhttps:\/\/www.youtube.com\/watch?v=6VGLGEdZSdc&#038;fbclid=IwAR0tnJ2d2cYO9Cgu3Jrd98R_wO00Fs1OXRCUKcU8anyJaiODRCfP4ylkzxo\n<\/div><\/figure>\n\n\n\n<figure class=\"wp-block-embed is-type-video is-provider-youtube wp-block-embed-youtube wp-embed-aspect-16-9 wp-has-aspect-ratio\"><div class=\"wp-block-embed__wrapper\">\nhttps:\/\/youtu.be\/VLIjMK8HmAk\n<\/div><\/figure>\n\n\n\n<figure class=\"wp-block-embed is-type-video is-provider-youtube wp-block-embed-youtube wp-embed-aspect-16-9 wp-has-aspect-ratio\"><div class=\"wp-block-embed__wrapper\">\nhttps:\/\/youtu.be\/9elTAwdXg0w\n<\/div><\/figure>\n\n\n\n<figure class=\"wp-block-embed is-type-video is-provider-youtube wp-block-embed-youtube wp-embed-aspect-16-9 wp-has-aspect-ratio\"><div class=\"wp-block-embed__wrapper\">\nhttps:\/\/youtu.be\/bjFotyP1xnY\n<\/div><\/figure>\n\n\n\n<figure class=\"wp-block-embed is-type-video is-provider-youtube wp-block-embed-youtube wp-embed-aspect-16-9 wp-has-aspect-ratio\"><div class=\"wp-block-embed__wrapper\">\nhttps:\/\/youtu.be\/umiILKeE5tE\n<\/div><\/figure>\n\n\n\n<figure class=\"wp-block-embed is-type-video is-provider-youtube wp-block-embed-youtube wp-embed-aspect-16-9 wp-has-aspect-ratio\"><div class=\"wp-block-embed__wrapper\">\nhttps:\/\/youtu.be\/Ox1cwGutmCs\n<\/div><\/figure>\n\n\n\n<figure class=\"wp-block-embed is-type-video is-provider-youtube wp-block-embed-youtube wp-embed-aspect-16-9 wp-has-aspect-ratio\"><div class=\"wp-block-embed__wrapper\">\nhttps:\/\/youtu.be\/bM-Uzgy225A\n<\/div><\/figure>\n","protected":false},"excerpt":{"rendered":"<p>&#x1f4cc;\u00a0Polski z Ani\u0105&#x1f4cc;\u00a0Polonicum Uniwersytet Warszawski &#x1f4cc; \u0104\u0118 \u2013 [Wirtualny] Festiwal J\u0119zyka Polskiego w Gruzji (PDF) | Nauki humanistyczne \\ Filologia polska Nauki humanistyczne \\ J\u0119zykoznawstwo | &#8211; Ksi\u0119garnia Wydawnictw Uniwersytetu Warszawskiego (wuw.pl) &#x1f4cc; [Wirtualny] Festiwal J\u0119zyka Polskiego w Gruzji &#8211; YouTube &#x1f4cc; II [Wirtualny] Festiwal J\u0119zyka Polskiego w Gruzji &#8211; YouTube &#x1f4cc; III [Wirtualny] Festiwal [&hellip;]<\/p>\n","protected":false},"author":111,"featured_media":0,"parent":0,"menu_order":0,"comment_status":"closed","ping_status":"closed","template":"","meta":{"inline_featured_image":false,"_monsterinsights_skip_tracking":false,"_monsterinsights_sitenote_active":false,"_monsterinsights_sitenote_note":"","_monsterinsights_sitenote_category":0,"footnotes":""},"class_list":["post-78","page","type-page","status-publish","hentry"],"yoast_head":"<!-- This site is optimized with the Yoast SEO plugin v24.6 - https:\/\/yoast.com\/wordpress\/plugins\/seo\/ -->\n<title>\u10de\u10dd\u10da\u10dd\u10dc\u10e3\u10e0\u10d8 \u10d4\u10dc\u10d8\u10e1 \u10dd\u10dc\u10da\u10d0\u10d8\u10dc \u10d9\u10e3\u10e0\u10e1\u10d4\u10d1\u10d8 \u10d3\u10d0 \u10db\u10d0\u10e1\u10d0\u10da\u10d4\u10d1\u10d8 - Instytut Polski w Tbilisi<\/title>\n<meta name=\"robots\" content=\"index, follow, max-snippet:-1, max-image-preview:large, max-video-preview:-1\" \/>\n<link rel=\"canonical\" href=\"https:\/\/instytutpolski.pl\/tbilisi\/\u10dd\u10dc\u10da\u10d0\u10d8\u10dc-\u10d9\u10e3\u10e0\u10e1\u10d4\u10d1\u10d8-\u10d3\u10d0-\u10db\u10d0\u10e1\u10d0\u10da\u10d4\/\" \/>\n<meta property=\"og:locale\" content=\"pl_PL\" \/>\n<meta property=\"og:type\" content=\"article\" \/>\n<meta property=\"og:title\" content=\"\u10de\u10dd\u10da\u10dd\u10dc\u10e3\u10e0\u10d8 \u10d4\u10dc\u10d8\u10e1 \u10dd\u10dc\u10da\u10d0\u10d8\u10dc \u10d9\u10e3\u10e0\u10e1\u10d4\u10d1\u10d8 \u10d3\u10d0 \u10db\u10d0\u10e1\u10d0\u10da\u10d4\u10d1\u10d8 - Instytut Polski w Tbilisi\" \/>\n<meta property=\"og:description\" content=\"&#x1f4cc;\u00a0Polski z Ani\u0105&#x1f4cc;\u00a0Polonicum Uniwersytet Warszawski &#x1f4cc; \u0104\u0118 \u2013 [Wirtualny] Festiwal J\u0119zyka Polskiego w Gruzji (PDF) | Nauki humanistyczne  Filologia polska Nauki humanistyczne  J\u0119zykoznawstwo | &#8211; Ksi\u0119garnia Wydawnictw Uniwersytetu Warszawskiego (wuw.pl) &#x1f4cc; [Wirtualny] Festiwal J\u0119zyka Polskiego w Gruzji &#8211; YouTube &#x1f4cc; II [Wirtualny] Festiwal J\u0119zyka Polskiego w Gruzji &#8211; YouTube &#x1f4cc; III [Wirtualny] Festiwal [&hellip;]\" \/>\n<meta property=\"og:url\" content=\"https:\/\/instytutpolski.pl\/tbilisi\/\u10dd\u10dc\u10da\u10d0\u10d8\u10dc-\u10d9\u10e3\u10e0\u10e1\u10d4\u10d1\u10d8-\u10d3\u10d0-\u10db\u10d0\u10e1\u10d0\u10da\u10d4\/\" \/>\n<meta property=\"og:site_name\" content=\"Instytut Polski w Tbilisi\" \/>\n<meta property=\"article:modified_time\" content=\"2024-02-07T08:06:58+00:00\" \/>\n<meta name=\"twitter:card\" content=\"summary_large_image\" \/>\n<meta name=\"twitter:label1\" content=\"Szacowany czas czytania\" \/>\n\t<meta name=\"twitter:data1\" content=\"1 minuta\" \/>\n<script type=\"application\/ld+json\" class=\"yoast-schema-graph\">{\"@context\":\"https:\/\/schema.org\",\"@graph\":[{\"@type\":\"WebPage\",\"@id\":\"https:\/\/instytutpolski.pl\/tbilisi\/%e1%83%9d%e1%83%9c%e1%83%9a%e1%83%90%e1%83%98%e1%83%9c-%e1%83%99%e1%83%a3%e1%83%a0%e1%83%a1%e1%83%94%e1%83%91%e1%83%98-%e1%83%93%e1%83%90-%e1%83%9b%e1%83%90%e1%83%a1%e1%83%90%e1%83%9a%e1%83%94\/\",\"url\":\"https:\/\/instytutpolski.pl\/tbilisi\/%e1%83%9d%e1%83%9c%e1%83%9a%e1%83%90%e1%83%98%e1%83%9c-%e1%83%99%e1%83%a3%e1%83%a0%e1%83%a1%e1%83%94%e1%83%91%e1%83%98-%e1%83%93%e1%83%90-%e1%83%9b%e1%83%90%e1%83%a1%e1%83%90%e1%83%9a%e1%83%94\/\",\"name\":\"\u10de\u10dd\u10da\u10dd\u10dc\u10e3\u10e0\u10d8 \u10d4\u10dc\u10d8\u10e1 \u10dd\u10dc\u10da\u10d0\u10d8\u10dc \u10d9\u10e3\u10e0\u10e1\u10d4\u10d1\u10d8 \u10d3\u10d0 \u10db\u10d0\u10e1\u10d0\u10da\u10d4\u10d1\u10d8 - Instytut Polski w Tbilisi\",\"isPartOf\":{\"@id\":\"https:\/\/instytutpolski.pl\/tbilisi\/#website\"},\"datePublished\":\"2019-07-03T09:40:57+00:00\",\"dateModified\":\"2024-02-07T08:06:58+00:00\",\"breadcrumb\":{\"@id\":\"https:\/\/instytutpolski.pl\/tbilisi\/%e1%83%9d%e1%83%9c%e1%83%9a%e1%83%90%e1%83%98%e1%83%9c-%e1%83%99%e1%83%a3%e1%83%a0%e1%83%a1%e1%83%94%e1%83%91%e1%83%98-%e1%83%93%e1%83%90-%e1%83%9b%e1%83%90%e1%83%a1%e1%83%90%e1%83%9a%e1%83%94\/#breadcrumb\"},\"inLanguage\":\"pl-PL\",\"potentialAction\":[{\"@type\":\"ReadAction\",\"target\":[\"https:\/\/instytutpolski.pl\/tbilisi\/%e1%83%9d%e1%83%9c%e1%83%9a%e1%83%90%e1%83%98%e1%83%9c-%e1%83%99%e1%83%a3%e1%83%a0%e1%83%a1%e1%83%94%e1%83%91%e1%83%98-%e1%83%93%e1%83%90-%e1%83%9b%e1%83%90%e1%83%a1%e1%83%90%e1%83%9a%e1%83%94\/\"]}]},{\"@type\":\"BreadcrumbList\",\"@id\":\"https:\/\/instytutpolski.pl\/tbilisi\/%e1%83%9d%e1%83%9c%e1%83%9a%e1%83%90%e1%83%98%e1%83%9c-%e1%83%99%e1%83%a3%e1%83%a0%e1%83%a1%e1%83%94%e1%83%91%e1%83%98-%e1%83%93%e1%83%90-%e1%83%9b%e1%83%90%e1%83%a1%e1%83%90%e1%83%9a%e1%83%94\/#breadcrumb\",\"itemListElement\":[{\"@type\":\"ListItem\",\"position\":1,\"name\":\"Home\",\"item\":\"https:\/\/instytutpolski.pl\/tbilisi\/\"},{\"@type\":\"ListItem\",\"position\":2,\"name\":\"\u10de\u10dd\u10da\u10dd\u10dc\u10e3\u10e0\u10d8 \u10d4\u10dc\u10d8\u10e1 \u10dd\u10dc\u10da\u10d0\u10d8\u10dc \u10d9\u10e3\u10e0\u10e1\u10d4\u10d1\u10d8 \u10d3\u10d0 \u10db\u10d0\u10e1\u10d0\u10da\u10d4\u10d1\u10d8\"}]},{\"@type\":\"WebSite\",\"@id\":\"https:\/\/instytutpolski.pl\/tbilisi\/#website\",\"url\":\"https:\/\/instytutpolski.pl\/tbilisi\/\",\"name\":\"Instytut Polski w Tbilisi\",\"description\":\"Kolejna witryna sieci &#8222;Instytuty Polskie&#8221;\",\"potentialAction\":[{\"@type\":\"SearchAction\",\"target\":{\"@type\":\"EntryPoint\",\"urlTemplate\":\"https:\/\/instytutpolski.pl\/tbilisi\/?s={search_term_string}\"},\"query-input\":{\"@type\":\"PropertyValueSpecification\",\"valueRequired\":true,\"valueName\":\"search_term_string\"}}],\"inLanguage\":\"pl-PL\"}]}<\/script>\n<!-- \/ Yoast SEO plugin. -->","yoast_head_json":{"title":"\u10de\u10dd\u10da\u10dd\u10dc\u10e3\u10e0\u10d8 \u10d4\u10dc\u10d8\u10e1 \u10dd\u10dc\u10da\u10d0\u10d8\u10dc \u10d9\u10e3\u10e0\u10e1\u10d4\u10d1\u10d8 \u10d3\u10d0 \u10db\u10d0\u10e1\u10d0\u10da\u10d4\u10d1\u10d8 - Instytut Polski w Tbilisi","robots":{"index":"index","follow":"follow","max-snippet":"max-snippet:-1","max-image-preview":"max-image-preview:large","max-video-preview":"max-video-preview:-1"},"canonical":"https:\/\/instytutpolski.pl\/tbilisi\/\u10dd\u10dc\u10da\u10d0\u10d8\u10dc-\u10d9\u10e3\u10e0\u10e1\u10d4\u10d1\u10d8-\u10d3\u10d0-\u10db\u10d0\u10e1\u10d0\u10da\u10d4\/","og_locale":"pl_PL","og_type":"article","og_title":"\u10de\u10dd\u10da\u10dd\u10dc\u10e3\u10e0\u10d8 \u10d4\u10dc\u10d8\u10e1 \u10dd\u10dc\u10da\u10d0\u10d8\u10dc \u10d9\u10e3\u10e0\u10e1\u10d4\u10d1\u10d8 \u10d3\u10d0 \u10db\u10d0\u10e1\u10d0\u10da\u10d4\u10d1\u10d8 - Instytut Polski w Tbilisi","og_description":"&#x1f4cc;\u00a0Polski z Ani\u0105&#x1f4cc;\u00a0Polonicum Uniwersytet Warszawski &#x1f4cc; \u0104\u0118 \u2013 [Wirtualny] Festiwal J\u0119zyka Polskiego w Gruzji (PDF) | Nauki humanistyczne  Filologia polska Nauki humanistyczne  J\u0119zykoznawstwo | &#8211; Ksi\u0119garnia Wydawnictw Uniwersytetu Warszawskiego (wuw.pl) &#x1f4cc; [Wirtualny] Festiwal J\u0119zyka Polskiego w Gruzji &#8211; YouTube &#x1f4cc; II [Wirtualny] Festiwal J\u0119zyka Polskiego w Gruzji &#8211; YouTube &#x1f4cc; III [Wirtualny] Festiwal [&hellip;]","og_url":"https:\/\/instytutpolski.pl\/tbilisi\/\u10dd\u10dc\u10da\u10d0\u10d8\u10dc-\u10d9\u10e3\u10e0\u10e1\u10d4\u10d1\u10d8-\u10d3\u10d0-\u10db\u10d0\u10e1\u10d0\u10da\u10d4\/","og_site_name":"Instytut Polski w Tbilisi","article_modified_time":"2024-02-07T08:06:58+00:00","twitter_card":"summary_large_image","twitter_misc":{"Szacowany czas czytania":"1 minuta"},"schema":{"@context":"https:\/\/schema.org","@graph":[{"@type":"WebPage","@id":"https:\/\/instytutpolski.pl\/tbilisi\/%e1%83%9d%e1%83%9c%e1%83%9a%e1%83%90%e1%83%98%e1%83%9c-%e1%83%99%e1%83%a3%e1%83%a0%e1%83%a1%e1%83%94%e1%83%91%e1%83%98-%e1%83%93%e1%83%90-%e1%83%9b%e1%83%90%e1%83%a1%e1%83%90%e1%83%9a%e1%83%94\/","url":"https:\/\/instytutpolski.pl\/tbilisi\/%e1%83%9d%e1%83%9c%e1%83%9a%e1%83%90%e1%83%98%e1%83%9c-%e1%83%99%e1%83%a3%e1%83%a0%e1%83%a1%e1%83%94%e1%83%91%e1%83%98-%e1%83%93%e1%83%90-%e1%83%9b%e1%83%90%e1%83%a1%e1%83%90%e1%83%9a%e1%83%94\/","name":"\u10de\u10dd\u10da\u10dd\u10dc\u10e3\u10e0\u10d8 \u10d4\u10dc\u10d8\u10e1 \u10dd\u10dc\u10da\u10d0\u10d8\u10dc \u10d9\u10e3\u10e0\u10e1\u10d4\u10d1\u10d8 \u10d3\u10d0 \u10db\u10d0\u10e1\u10d0\u10da\u10d4\u10d1\u10d8 - Instytut Polski w Tbilisi","isPartOf":{"@id":"https:\/\/instytutpolski.pl\/tbilisi\/#website"},"datePublished":"2019-07-03T09:40:57+00:00","dateModified":"2024-02-07T08:06:58+00:00","breadcrumb":{"@id":"https:\/\/instytutpolski.pl\/tbilisi\/%e1%83%9d%e1%83%9c%e1%83%9a%e1%83%90%e1%83%98%e1%83%9c-%e1%83%99%e1%83%a3%e1%83%a0%e1%83%a1%e1%83%94%e1%83%91%e1%83%98-%e1%83%93%e1%83%90-%e1%83%9b%e1%83%90%e1%83%a1%e1%83%90%e1%83%9a%e1%83%94\/#breadcrumb"},"inLanguage":"pl-PL","potentialAction":[{"@type":"ReadAction","target":["https:\/\/instytutpolski.pl\/tbilisi\/%e1%83%9d%e1%83%9c%e1%83%9a%e1%83%90%e1%83%98%e1%83%9c-%e1%83%99%e1%83%a3%e1%83%a0%e1%83%a1%e1%83%94%e1%83%91%e1%83%98-%e1%83%93%e1%83%90-%e1%83%9b%e1%83%90%e1%83%a1%e1%83%90%e1%83%9a%e1%83%94\/"]}]},{"@type":"BreadcrumbList","@id":"https:\/\/instytutpolski.pl\/tbilisi\/%e1%83%9d%e1%83%9c%e1%83%9a%e1%83%90%e1%83%98%e1%83%9c-%e1%83%99%e1%83%a3%e1%83%a0%e1%83%a1%e1%83%94%e1%83%91%e1%83%98-%e1%83%93%e1%83%90-%e1%83%9b%e1%83%90%e1%83%a1%e1%83%90%e1%83%9a%e1%83%94\/#breadcrumb","itemListElement":[{"@type":"ListItem","position":1,"name":"Home","item":"https:\/\/instytutpolski.pl\/tbilisi\/"},{"@type":"ListItem","position":2,"name":"\u10de\u10dd\u10da\u10dd\u10dc\u10e3\u10e0\u10d8 \u10d4\u10dc\u10d8\u10e1 \u10dd\u10dc\u10da\u10d0\u10d8\u10dc \u10d9\u10e3\u10e0\u10e1\u10d4\u10d1\u10d8 \u10d3\u10d0 \u10db\u10d0\u10e1\u10d0\u10da\u10d4\u10d1\u10d8"}]},{"@type":"WebSite","@id":"https:\/\/instytutpolski.pl\/tbilisi\/#website","url":"https:\/\/instytutpolski.pl\/tbilisi\/","name":"Instytut Polski w Tbilisi","description":"Kolejna witryna sieci &#8222;Instytuty Polskie&#8221;","potentialAction":[{"@type":"SearchAction","target":{"@type":"EntryPoint","urlTemplate":"https:\/\/instytutpolski.pl\/tbilisi\/?s={search_term_string}"},"query-input":{"@type":"PropertyValueSpecification","valueRequired":true,"valueName":"search_term_string"}}],"inLanguage":"pl-PL"}]}},"_links":{"self":[{"href":"https:\/\/instytutpolski.pl\/tbilisi\/wp-json\/wp\/v2\/pages\/78","targetHints":{"allow":["GET"]}}],"collection":[{"href":"https:\/\/instytutpolski.pl\/tbilisi\/wp-json\/wp\/v2\/pages"}],"about":[{"href":"https:\/\/instytutpolski.pl\/tbilisi\/wp-json\/wp\/v2\/types\/page"}],"author":[{"embeddable":true,"href":"https:\/\/instytutpolski.pl\/tbilisi\/wp-json\/wp\/v2\/users\/111"}],"replies":[{"embeddable":true,"href":"https:\/\/instytutpolski.pl\/tbilisi\/wp-json\/wp\/v2\/comments?post=78"}],"version-history":[{"count":4,"href":"https:\/\/instytutpolski.pl\/tbilisi\/wp-json\/wp\/v2\/pages\/78\/revisions"}],"predecessor-version":[{"id":2721,"href":"https:\/\/instytutpolski.pl\/tbilisi\/wp-json\/wp\/v2\/pages\/78\/revisions\/2721"}],"wp:attachment":[{"href":"https:\/\/instytutpolski.pl\/tbilisi\/wp-json\/wp\/v2\/media?parent=78"}],"curies":[{"name":"wp","href":"https:\/\/api.w.org\/{rel}","templated":true}]}}