{"id":1395,"date":"2020-07-08T11:16:35","date_gmt":"2020-07-08T09:16:35","guid":{"rendered":"https:\/\/instytutpolski.pl\/telaviv\/?page_id=1395"},"modified":"2021-09-27T09:20:13","modified_gmt":"2021-09-27T07:20:13","slug":"film","status":"publish","type":"page","link":"https:\/\/instytutpolski.pl\/telaviv\/en\/get-to-know-poland\/polish-culture\/film\/","title":{"rendered":"Film"},"content":{"rendered":"<p><img loading=\"lazy\" decoding=\"async\" class=\" wp-image-1513 aligncenter\" src=\"https:\/\/instytutpolski.pl\/telaviv\/wp-content\/uploads\/sites\/20\/2020\/07\/FINA.png\" alt=\"\" width=\"122\" height=\"109\" \/><\/p>\n<p><strong>The National Film Archive \u2013 Audiovisual Institute (FINA) <\/strong><\/p>\n<p>The National Film Archive \u2013 Audiovisual Institute (FINA) is tasked with digitalizing, collecting, restoring and, last but not least, promoting Polish audiovisual heritage and disseminating the most valuable items of Polish movie culture. The Institute is enabling access to its archive and thus it becomes a partner in international projects aimed at disseminating digital archive collection in various contexts. FINA\u2019s collection offers the entirety of Polish movies including a collection of pre-war movies. As the first movie archive in Europe, the Institute launched a full technical track using 4K technology.<\/p>\n<p><a href=\"https:\/\/fina.gov.pl\/\" target=\"_blank\" rel=\"noopener noreferrer\"><strong>For the website<\/strong><\/a><\/p>\n<p>&nbsp;<\/p>\n<p><img loading=\"lazy\" decoding=\"async\" class=\" wp-image-1517 aligncenter\" src=\"https:\/\/instytutpolski.pl\/telaviv\/wp-content\/uploads\/sites\/20\/2020\/07\/PISF-300x300.jpg\" alt=\"\" width=\"135\" height=\"135\" srcset=\"https:\/\/instytutpolski.pl\/telaviv\/wp-content\/uploads\/sites\/20\/2020\/07\/PISF-300x300.jpg 300w, https:\/\/instytutpolski.pl\/telaviv\/wp-content\/uploads\/sites\/20\/2020\/07\/PISF-150x150.jpg 150w, https:\/\/instytutpolski.pl\/telaviv\/wp-content\/uploads\/sites\/20\/2020\/07\/PISF.jpg 321w\" sizes=\"auto, (max-width: 135px) 100vw, 135px\" \/><\/p>\n<p><strong>The Polish Film Institute (PISF)<\/strong><\/p>\n<p>The Polish Film Institute (PISF) disseminates knowledge about Polish moviemaking abroad. The Institute cooperates with international cinematographic bodies to promote co-productions and the movie industry in general. It endeavors to enhance the recognition of Polish movies on the international scene by organizing reviews, retrospectives, special screenings, conferences and exhibitions.<\/p>\n<p><a href=\"https:\/\/pisf.pl\/en\/\" target=\"_blank\" rel=\"noopener noreferrer\"><strong>For the website<\/strong><\/a><\/p>\n<p>&nbsp;<\/p>\n<p><img loading=\"lazy\" decoding=\"async\" class=\" wp-image-2921 aligncenter\" src=\"https:\/\/instytutpolski.pl\/telaviv\/wp-content\/uploads\/sites\/20\/2021\/09\/Picture2.jpg\" alt=\"\" width=\"139\" height=\"87\" \/><\/p>\n<p><strong>The Animation Film Studio in Bielsko-Biala<\/strong><\/p>\n<p>The Animation Film Studio in Bielsko-Biala is the oldest Polish studio of this type. The studio created in excess of 1000 movies including 5 feature-length movies. The movie \u201cThe Great Journey of Bolek and Lolek\u201d was bought by 86 countries. The Studio promotes also the movie education of youngsters through its in-construction Interactive Center of Fairly Tales and Animation. Next to movies for children the studio also produced movies for adults. The Studio won several awards at domestic and international festivals. Many well-known artists such as Krzysztof Penderecki, Agnieszka Osiecka, Andzrej Czeczot, Zbigniew Lengren and Eryk Lipinski cooperated with the Studio\u05e5<\/p>\n<p><a href=\"http:\/\/www.en.sfr.com.pl\/\" target=\"_blank\" rel=\"noopener\"><strong>For the website<\/strong><\/a><\/p>\n<p>&nbsp;<\/p>\n<p><img loading=\"lazy\" decoding=\"async\" class=\"wp-image-2924 aligncenter\" src=\"https:\/\/instytutpolski.pl\/telaviv\/wp-content\/uploads\/sites\/20\/2021\/09\/Picture3-2-212x300.jpg\" alt=\"\" width=\"98\" height=\"138\" srcset=\"https:\/\/instytutpolski.pl\/telaviv\/wp-content\/uploads\/sites\/20\/2021\/09\/Picture3-2-212x300.jpg 212w, https:\/\/instytutpolski.pl\/telaviv\/wp-content\/uploads\/sites\/20\/2021\/09\/Picture3-2.jpg 236w\" sizes=\"auto, (max-width: 98px) 100vw, 98px\" \/><\/p>\n<p><strong>The Documentary and Feature Film Studios (WFDiF)\u00a0<\/strong><\/p>\n<p>The Documentary and Feature Film Studios (WFDiF) was founded in 1949. To begin with as a center for production of documentary films and the Polish Film Chronicle. However, in no time it also became an important center for feature film production.\u00a0The WFDiF produced famous Polish documentaries and hundreds of episodes of the PKF (Polish Film Chronicle). The WFDiF produced films by, among others, Andrzej Munk, Krzysztof Kie\u015blowski, Jan \u0141omnicki, Tadeusz Makarczy\u0144ski, Ludwik Perski, Maria Kwiatkowska, W\u0142adys\u0142aw \u015alesicki, Kazimierz Karabasz, Jerzy Hoffman, Edward Sk\u00f3rzewski, Marcel \u0141ozi\u0144ski, Pawe\u0142 K\u0119dzierski, Andrzej Brzozowski and Andrzej Titkow, Irena Kamie\u0144ska and many others. In the studios, laboratories and editing rooms of WFDiF, famous works were created, including those by Andrzej Wajda, Jerzy Antczak, Krzysztof Zanussi, Krzysztof Kie\u015blowski and Jerzy Hoffman.\u00a0In recent years, the WFDiF has become a recognized center of modern film education. A space of original WFDiF projects is visited every year by thousands of young participants from all over Poland who come to WFDiF for exceptional courses, tours and film workshops.<\/p>\n<p><a href=\"http:\/\/www.wfdif.pl\/en\" target=\"_blank\" rel=\"noopener\"><strong>For the website<\/strong><\/a><\/p>\n<p>&nbsp;<\/p>\n<p><img loading=\"lazy\" decoding=\"async\" class=\"wp-image-2927 aligncenter\" src=\"https:\/\/instytutpolski.pl\/telaviv\/wp-content\/uploads\/sites\/20\/2021\/09\/Picture4.jpg\" alt=\"\" width=\"176\" height=\"40\" \/><\/p>\n<p><strong>The European Film Center CAMERIMAGE (ECFC)<\/strong><\/p>\n<p>The European Film Center CAMERIMAGE (ECFC) is a state cultural institution founded at the end of 2019 by the Ministry of Culture and National Heritage, the City of Toru\u0144 and the Tumult Foundation, the aim of which is to build a permanent seat of the EnergaCAMERIMAGE International Film Festival in Toru\u0144. In addition to this task, ECFC is tasked with participation in the annual co-organization of the Festival and other exhibitions, cultural, educational and scientific projects in the field of Polish and world audio-visual culture\u05e5<\/p>\n<p><a href=\"https:\/\/ecfcamerimage.pl\/home,2,en.html\" target=\"_blank\" rel=\"noopener\"><strong>For the website<\/strong><\/a><\/p>\n<p>&nbsp;<\/p>\n<p><img loading=\"lazy\" decoding=\"async\" class=\"wp-image-2930 aligncenter\" src=\"https:\/\/instytutpolski.pl\/telaviv\/wp-content\/uploads\/sites\/20\/2021\/09\/Picture1-2-300x189.jpg\" alt=\"\" width=\"172\" height=\"108\" srcset=\"https:\/\/instytutpolski.pl\/telaviv\/wp-content\/uploads\/sites\/20\/2021\/09\/Picture1-2-300x189.jpg 300w, https:\/\/instytutpolski.pl\/telaviv\/wp-content\/uploads\/sites\/20\/2021\/09\/Picture1-2.jpg 411w\" sizes=\"auto, (max-width: 172px) 100vw, 172px\" \/><\/p>\n<p><strong>The Audiovisual Technology Center<\/strong><\/p>\n<p>The Audiovisual Technology Center is a modern institution of culture and the heir of the rich legacy of the Wroc\u0142aw Feature Film Studio (1954-2011). The Center pursues activities in the area of cinematography, television, the Internet, education and culture. The Center produces movies in cooperation with foreign moviemakers, it runs workshops with foreign actors and moviemakers, it organizes IT and state-of-the-art technology conferences, it stages abstract movie festivals and internships for students at foreign academies.<\/p>\n<p><a href=\"https:\/\/filmstudioceta.pl\/en\/\" target=\"_blank\" rel=\"noopener\"><strong>For the website<\/strong><\/a><\/p>\n<p>&nbsp;<\/p>\n<p><img loading=\"lazy\" decoding=\"async\" class=\" wp-image-2933 aligncenter\" src=\"https:\/\/instytutpolski.pl\/telaviv\/wp-content\/uploads\/sites\/20\/2021\/09\/Picture2-2.png\" alt=\"\" width=\"142\" height=\"66\" \/><\/p>\n<p><strong>The Museum \u2013 The House of the Pilecki Family in Ostrow Mazowiecki <\/strong><\/p>\n<p>The mission of the Museum \u2013 The House of the Pilecki Family in Ostrow Mazowiecki is to document, to commemorate and to disseminate knowledge about the life of the Polish cavalry officer Witold Pilecki and his wife Maria, both with strong ties to Ostrow Mazowiecki. The main objective of the museum\u2019s cultural activity is to present the figure of Witold Pilecki against the historical, cultural and social background and the care and preservation of the material and non-material legacy in connexion with his life and activity including the dissemination of the values and traditions of independent Poland as represented by him.\u00a0<\/p>\n<p><a href=\"http:\/\/www.muzeumpileckich.pl\/\" target=\"_blank\" rel=\"noopener\"><strong>For the website<\/strong><\/a><\/p>\n","protected":false},"excerpt":{"rendered":"<p>The National Film Archive \u2013 Audiovisual Institute (FINA) The National Film Archive \u2013 Audiovisual Institute (FINA) is tasked with digitalizing, collecting, restoring and, last but not least, promoting Polish audiovisual heritage and disseminating the most valuable items of Polish movie culture. The Institute is enabling access to its archive and thus it becomes a partner [&hellip;]<\/p>\n","protected":false},"author":26,"featured_media":1447,"parent":307,"menu_order":0,"comment_status":"closed","ping_status":"closed","template":"","meta":{"inline_featured_image":false,"_monsterinsights_skip_tracking":false,"_monsterinsights_sitenote_active":false,"_monsterinsights_sitenote_note":"","_monsterinsights_sitenote_category":0,"footnotes":""},"class_list":["post-1395","page","type-page","status-publish","has-post-thumbnail","hentry"],"yoast_head":"<!-- This site is optimized with the Yoast SEO plugin v24.6 - https:\/\/yoast.com\/wordpress\/plugins\/seo\/ -->\n<title>Film - Instytut Polski w Tel Avivie<\/title>\n<meta name=\"robots\" content=\"index, follow, max-snippet:-1, max-image-preview:large, max-video-preview:-1\" \/>\n<link rel=\"canonical\" href=\"https:\/\/instytutpolski.pl\/telaviv\/en\/get-to-know-poland\/polish-culture\/film\/\" \/>\n<meta property=\"og:locale\" content=\"en_GB\" \/>\n<meta property=\"og:type\" content=\"article\" \/>\n<meta property=\"og:title\" content=\"Film - Instytut Polski w Tel Avivie\" \/>\n<meta property=\"og:description\" content=\"The National Film Archive \u2013 Audiovisual Institute (FINA) The National Film Archive \u2013 Audiovisual Institute (FINA) is tasked with digitalizing, collecting, restoring and, last but not least, promoting Polish audiovisual heritage and disseminating the most valuable items of Polish movie culture. The Institute is enabling access to its archive and thus it becomes a partner [&hellip;]\" \/>\n<meta property=\"og:url\" content=\"https:\/\/instytutpolski.pl\/telaviv\/en\/get-to-know-poland\/polish-culture\/film\/\" \/>\n<meta property=\"og:site_name\" content=\"Instytut Polski w Tel Avivie\" \/>\n<meta property=\"article:modified_time\" content=\"2021-09-27T07:20:13+00:00\" \/>\n<meta property=\"og:image\" content=\"https:\/\/instytutpolski.pl\/telaviv\/wp-content\/uploads\/sites\/20\/2020\/07\/22902505322_62601c317e_k.jpg\" \/>\n\t<meta property=\"og:image:width\" content=\"2048\" \/>\n\t<meta property=\"og:image:height\" content=\"1365\" \/>\n\t<meta property=\"og:image:type\" content=\"image\/jpeg\" \/>\n<meta name=\"twitter:card\" content=\"summary_large_image\" \/>\n<meta name=\"twitter:label1\" content=\"Estimated reading time\" \/>\n\t<meta name=\"twitter:data1\" content=\"5 minutes\" \/>\n<script type=\"application\/ld+json\" class=\"yoast-schema-graph\">{\"@context\":\"https:\/\/schema.org\",\"@graph\":[{\"@type\":\"WebPage\",\"@id\":\"https:\/\/instytutpolski.pl\/telaviv\/en\/get-to-know-poland\/polish-culture\/film\/\",\"url\":\"https:\/\/instytutpolski.pl\/telaviv\/en\/get-to-know-poland\/polish-culture\/film\/\",\"name\":\"Film - Instytut Polski w Tel Avivie\",\"isPartOf\":{\"@id\":\"https:\/\/instytutpolski.pl\/telaviv\/#website\"},\"primaryImageOfPage\":{\"@id\":\"https:\/\/instytutpolski.pl\/telaviv\/en\/get-to-know-poland\/polish-culture\/film\/#primaryimage\"},\"image\":{\"@id\":\"https:\/\/instytutpolski.pl\/telaviv\/en\/get-to-know-poland\/polish-culture\/film\/#primaryimage\"},\"thumbnailUrl\":\"https:\/\/instytutpolski.pl\/telaviv\/wp-content\/uploads\/sites\/20\/2020\/07\/22902505322_62601c317e_k.jpg\",\"datePublished\":\"2020-07-08T09:16:35+00:00\",\"dateModified\":\"2021-09-27T07:20:13+00:00\",\"breadcrumb\":{\"@id\":\"https:\/\/instytutpolski.pl\/telaviv\/en\/get-to-know-poland\/polish-culture\/film\/#breadcrumb\"},\"inLanguage\":\"en-GB\",\"potentialAction\":[{\"@type\":\"ReadAction\",\"target\":[\"https:\/\/instytutpolski.pl\/telaviv\/en\/get-to-know-poland\/polish-culture\/film\/\"]}]},{\"@type\":\"ImageObject\",\"inLanguage\":\"en-GB\",\"@id\":\"https:\/\/instytutpolski.pl\/telaviv\/en\/get-to-know-poland\/polish-culture\/film\/#primaryimage\",\"url\":\"https:\/\/instytutpolski.pl\/telaviv\/wp-content\/uploads\/sites\/20\/2020\/07\/22902505322_62601c317e_k.jpg\",\"contentUrl\":\"https:\/\/instytutpolski.pl\/telaviv\/wp-content\/uploads\/sites\/20\/2020\/07\/22902505322_62601c317e_k.jpg\",\"width\":2048,\"height\":1365},{\"@type\":\"BreadcrumbList\",\"@id\":\"https:\/\/instytutpolski.pl\/telaviv\/en\/get-to-know-poland\/polish-culture\/film\/#breadcrumb\",\"itemListElement\":[{\"@type\":\"ListItem\",\"position\":1,\"name\":\"Home\",\"item\":\"https:\/\/instytutpolski.pl\/telaviv\/en\/\"},{\"@type\":\"ListItem\",\"position\":2,\"name\":\"Get to know Poland\",\"item\":\"https:\/\/instytutpolski.pl\/telaviv\/en\/get-to-know-poland\/\"},{\"@type\":\"ListItem\",\"position\":3,\"name\":\"Polish Culture\",\"item\":\"https:\/\/instytutpolski.pl\/telaviv\/en\/get-to-know-poland\/polish-culture\/\"},{\"@type\":\"ListItem\",\"position\":4,\"name\":\"Film\"}]},{\"@type\":\"WebSite\",\"@id\":\"https:\/\/instytutpolski.pl\/telaviv\/#website\",\"url\":\"https:\/\/instytutpolski.pl\/telaviv\/\",\"name\":\"Instytut Polski w Tel Avivie\",\"description\":\"Instytuty Polskie\",\"potentialAction\":[{\"@type\":\"SearchAction\",\"target\":{\"@type\":\"EntryPoint\",\"urlTemplate\":\"https:\/\/instytutpolski.pl\/telaviv\/?s={search_term_string}\"},\"query-input\":{\"@type\":\"PropertyValueSpecification\",\"valueRequired\":true,\"valueName\":\"search_term_string\"}}],\"inLanguage\":\"en-GB\"}]}<\/script>\n<!-- \/ Yoast SEO plugin. -->","yoast_head_json":{"title":"Film - Instytut Polski w Tel Avivie","robots":{"index":"index","follow":"follow","max-snippet":"max-snippet:-1","max-image-preview":"max-image-preview:large","max-video-preview":"max-video-preview:-1"},"canonical":"https:\/\/instytutpolski.pl\/telaviv\/en\/get-to-know-poland\/polish-culture\/film\/","og_locale":"en_GB","og_type":"article","og_title":"Film - Instytut Polski w Tel Avivie","og_description":"The National Film Archive \u2013 Audiovisual Institute (FINA) The National Film Archive \u2013 Audiovisual Institute (FINA) is tasked with digitalizing, collecting, restoring and, last but not least, promoting Polish audiovisual heritage and disseminating the most valuable items of Polish movie culture. The Institute is enabling access to its archive and thus it becomes a partner [&hellip;]","og_url":"https:\/\/instytutpolski.pl\/telaviv\/en\/get-to-know-poland\/polish-culture\/film\/","og_site_name":"Instytut Polski w Tel Avivie","article_modified_time":"2021-09-27T07:20:13+00:00","og_image":[{"width":2048,"height":1365,"url":"https:\/\/instytutpolski.pl\/telaviv\/wp-content\/uploads\/sites\/20\/2020\/07\/22902505322_62601c317e_k.jpg","type":"image\/jpeg"}],"twitter_card":"summary_large_image","twitter_misc":{"Estimated reading time":"5 minutes"},"schema":{"@context":"https:\/\/schema.org","@graph":[{"@type":"WebPage","@id":"https:\/\/instytutpolski.pl\/telaviv\/en\/get-to-know-poland\/polish-culture\/film\/","url":"https:\/\/instytutpolski.pl\/telaviv\/en\/get-to-know-poland\/polish-culture\/film\/","name":"Film - Instytut Polski w Tel Avivie","isPartOf":{"@id":"https:\/\/instytutpolski.pl\/telaviv\/#website"},"primaryImageOfPage":{"@id":"https:\/\/instytutpolski.pl\/telaviv\/en\/get-to-know-poland\/polish-culture\/film\/#primaryimage"},"image":{"@id":"https:\/\/instytutpolski.pl\/telaviv\/en\/get-to-know-poland\/polish-culture\/film\/#primaryimage"},"thumbnailUrl":"https:\/\/instytutpolski.pl\/telaviv\/wp-content\/uploads\/sites\/20\/2020\/07\/22902505322_62601c317e_k.jpg","datePublished":"2020-07-08T09:16:35+00:00","dateModified":"2021-09-27T07:20:13+00:00","breadcrumb":{"@id":"https:\/\/instytutpolski.pl\/telaviv\/en\/get-to-know-poland\/polish-culture\/film\/#breadcrumb"},"inLanguage":"en-GB","potentialAction":[{"@type":"ReadAction","target":["https:\/\/instytutpolski.pl\/telaviv\/en\/get-to-know-poland\/polish-culture\/film\/"]}]},{"@type":"ImageObject","inLanguage":"en-GB","@id":"https:\/\/instytutpolski.pl\/telaviv\/en\/get-to-know-poland\/polish-culture\/film\/#primaryimage","url":"https:\/\/instytutpolski.pl\/telaviv\/wp-content\/uploads\/sites\/20\/2020\/07\/22902505322_62601c317e_k.jpg","contentUrl":"https:\/\/instytutpolski.pl\/telaviv\/wp-content\/uploads\/sites\/20\/2020\/07\/22902505322_62601c317e_k.jpg","width":2048,"height":1365},{"@type":"BreadcrumbList","@id":"https:\/\/instytutpolski.pl\/telaviv\/en\/get-to-know-poland\/polish-culture\/film\/#breadcrumb","itemListElement":[{"@type":"ListItem","position":1,"name":"Home","item":"https:\/\/instytutpolski.pl\/telaviv\/en\/"},{"@type":"ListItem","position":2,"name":"Get to know Poland","item":"https:\/\/instytutpolski.pl\/telaviv\/en\/get-to-know-poland\/"},{"@type":"ListItem","position":3,"name":"Polish Culture","item":"https:\/\/instytutpolski.pl\/telaviv\/en\/get-to-know-poland\/polish-culture\/"},{"@type":"ListItem","position":4,"name":"Film"}]},{"@type":"WebSite","@id":"https:\/\/instytutpolski.pl\/telaviv\/#website","url":"https:\/\/instytutpolski.pl\/telaviv\/","name":"Instytut Polski w Tel Avivie","description":"Instytuty Polskie","potentialAction":[{"@type":"SearchAction","target":{"@type":"EntryPoint","urlTemplate":"https:\/\/instytutpolski.pl\/telaviv\/?s={search_term_string}"},"query-input":{"@type":"PropertyValueSpecification","valueRequired":true,"valueName":"search_term_string"}}],"inLanguage":"en-GB"}]}},"_links":{"self":[{"href":"https:\/\/instytutpolski.pl\/telaviv\/wp-json\/wp\/v2\/pages\/1395","targetHints":{"allow":["GET"]}}],"collection":[{"href":"https:\/\/instytutpolski.pl\/telaviv\/wp-json\/wp\/v2\/pages"}],"about":[{"href":"https:\/\/instytutpolski.pl\/telaviv\/wp-json\/wp\/v2\/types\/page"}],"author":[{"embeddable":true,"href":"https:\/\/instytutpolski.pl\/telaviv\/wp-json\/wp\/v2\/users\/26"}],"replies":[{"embeddable":true,"href":"https:\/\/instytutpolski.pl\/telaviv\/wp-json\/wp\/v2\/comments?post=1395"}],"version-history":[{"count":12,"href":"https:\/\/instytutpolski.pl\/telaviv\/wp-json\/wp\/v2\/pages\/1395\/revisions"}],"predecessor-version":[{"id":2934,"href":"https:\/\/instytutpolski.pl\/telaviv\/wp-json\/wp\/v2\/pages\/1395\/revisions\/2934"}],"up":[{"embeddable":true,"href":"https:\/\/instytutpolski.pl\/telaviv\/wp-json\/wp\/v2\/pages\/307"}],"wp:featuredmedia":[{"embeddable":true,"href":"https:\/\/instytutpolski.pl\/telaviv\/wp-json\/wp\/v2\/media\/1447"}],"wp:attachment":[{"href":"https:\/\/instytutpolski.pl\/telaviv\/wp-json\/wp\/v2\/media?parent=1395"}],"curies":[{"name":"wp","href":"https:\/\/api.w.org\/{rel}","templated":true}]}}