{"id":3748,"date":"2022-06-14T15:19:52","date_gmt":"2022-06-14T13:19:52","guid":{"rendered":"https:\/\/instytutpolski.pl\/telaviv\/?page_id=3748"},"modified":"2025-01-24T09:19:23","modified_gmt":"2025-01-24T08:19:23","slug":"o-nas","status":"publish","type":"page","link":"https:\/\/instytutpolski.pl\/telaviv\/pl\/o-nas\/","title":{"rendered":"O Instytucie Polskim"},"content":{"rendered":"<div dir=\"auto\">\n<p><a href=\"https:\/\/www.youtube.com\/watch?v=-CBxWyoGWu8\">https:\/\/www.youtube.com\/watch?v=-CBxWyoGWu8<\/a><\/p>\n<\/div>\n<div class=\"kvgmc6g5 cxmmr5t8 oygrvhab hcukyx3x c1et5uql\">\n<div dir=\"auto\">\n<p><span style=\"font-family: tahoma, arial, helvetica, sans-serif\">Instytut Polski w Tel Awiwie powsta\u0142 w czerwcu 2000 r. jako pierwsza (obok IP w Nowym Jorku) pozaeuropejska, kulturalna plac\u00f3wka zagraniczna podleg\u0142a Ministertswu Spraw Zagranicznych. <\/span><\/p>\n<p><span style=\"font-family: tahoma, arial, helvetica, sans-serif\">Od tamtej pory z ogromn\u0105 pasj\u0105 i po\u015bwi\u0119ceniem przedstawia izraelskiej publiczno\u015bci wsp\u00f3\u0142czesn\u0105 Polsk\u0119.<\/span><\/p>\n<p><span style=\"font-family: tahoma, arial, helvetica, sans-serif\">Naszym g\u0142\u00f3wnym celem jest promocja polskiej kultury i dziedzictwa w Izraelu. Traktujemy nasz Instytut jako most mi\u0119dzy oboma krajami, wspieraj\u0105c wsp\u00f3\u0142prac\u0119 mi\u0119dzy polskimi <\/span><span style=\"font-family: tahoma, arial, helvetica, sans-serif\">oraz izraelskimi instytucjami w r\u00f3\u017cnorakich projektach. Jeste\u015bmy obecni na najwa\u017cniejszych festiwalach w Izraelu oraz wsp\u00f3\u0142dzia\u0142amy z wiod\u0105cymi podmiotami w dziedzinie kultury, <\/span><span style=\"font-family: tahoma, arial, helvetica, sans-serif\">sztuki i nauki. Dzia\u0142amy tak\u017ce na polu edukacji poprzez programy edukacyjne dla nauczycieli i przewodnik\u00f3w. Organizujemy i wspieramy kursy j\u0119zyka polskiego oraz oferujemy <\/span><span style=\"font-family: tahoma, arial, helvetica, sans-serif\">bogaty zbi\u00f3r ksi\u0105\u017cek, czasopism i film\u00f3w naszej bibliotece.<\/span><\/p>\n<p><span style=\"font-family: tahoma, arial, helvetica, sans-serif\">Mamy nadziej\u0119, \u017ce na naszej stronie internetowej oraz profilach w mediach spo\u0142eczno\u015bciowych znajd\u0105 Pa\u0144stwo wiele interesuj\u0105cych informacji, zach\u0119caj\u0105cych Pa\u0144stwa do udzia\u0142u w <\/span><span style=\"font-family: tahoma, arial, helvetica, sans-serif\">szeregu wydarze\u0144 wsp\u00f3\u0142organizowanaych przez Instytut Polski wraz z naszymi izraelskimi partnerami.<\/span><\/p>\n<p><span style=\"font-family: tahoma, arial, helvetica, sans-serif\">Gor\u0105co zach\u0119camy do kontaktu z nami za po\u015brednictwem strony internetowej lub osobi\u015bcie w naszej siedzibie!<\/span><\/p>\n<p>&nbsp;<\/p>\n<p><strong><span style=\"font-family: tahoma, arial, helvetica, sans-serif\">Adres: Beit Psagot, ul. Ahad Ha&#8217;Am (do korespondencji: Al. Rothschilda 3, Tel Awiw), 22. pi\u0119tro<\/span><\/strong><\/p>\n<\/div>\n<\/div>\n<div dir=\"auto\">\u00a0<\/div>\n<div dir=\"auto\">\u00a0<\/div>\n","protected":false},"excerpt":{"rendered":"<p>Instytut Polski w Tel Awiwie powsta\u0142 w czerwcu 2000 r. jako pierwsza (obok IP w Nowym Jorku) pozaeuropejska, kulturalna plac\u00f3wka zagraniczna podleg\u0142a Ministertswu Spraw Zagranicznych. Od tamtej pory z ogromn\u0105 pasj\u0105 i po\u015bwi\u0119ceniem przedstawia izraelskiej publiczno\u015bci wsp\u00f3\u0142czesn\u0105 Polsk\u0119. Naszym g\u0142\u00f3wnym celem jest promocja polskiej kultury i dziedzictwa w Izraelu. Traktujemy nasz Instytut jako most mi\u0119dzy [&hellip;]<\/p>\n","protected":false},"author":26,"featured_media":634,"parent":0,"menu_order":0,"comment_status":"closed","ping_status":"closed","template":"","meta":{"inline_featured_image":false,"_monsterinsights_skip_tracking":false,"_monsterinsights_sitenote_active":false,"_monsterinsights_sitenote_note":"","_monsterinsights_sitenote_category":0,"footnotes":""},"class_list":["post-3748","page","type-page","status-publish","has-post-thumbnail","hentry"],"yoast_head":"<!-- This site is optimized with the Yoast SEO plugin v24.6 - https:\/\/yoast.com\/wordpress\/plugins\/seo\/ -->\n<title>O Instytucie Polskim - Instytut Polski w Tel Avivie<\/title>\n<meta name=\"robots\" content=\"index, follow, max-snippet:-1, max-image-preview:large, max-video-preview:-1\" \/>\n<link rel=\"canonical\" href=\"https:\/\/instytutpolski.pl\/telaviv\/pl\/o-nas\/\" \/>\n<meta property=\"og:locale\" content=\"en_GB\" \/>\n<meta property=\"og:type\" content=\"article\" \/>\n<meta property=\"og:title\" content=\"O Instytucie Polskim - Instytut Polski w Tel Avivie\" \/>\n<meta property=\"og:description\" content=\"Instytut Polski w Tel Awiwie powsta\u0142 w czerwcu 2000 r. jako pierwsza (obok IP w Nowym Jorku) pozaeuropejska, kulturalna plac\u00f3wka zagraniczna podleg\u0142a Ministertswu Spraw Zagranicznych. Od tamtej pory z ogromn\u0105 pasj\u0105 i po\u015bwi\u0119ceniem przedstawia izraelskiej publiczno\u015bci wsp\u00f3\u0142czesn\u0105 Polsk\u0119. Naszym g\u0142\u00f3wnym celem jest promocja polskiej kultury i dziedzictwa w Izraelu. Traktujemy nasz Instytut jako most mi\u0119dzy [&hellip;]\" \/>\n<meta property=\"og:url\" content=\"https:\/\/instytutpolski.pl\/telaviv\/pl\/o-nas\/\" \/>\n<meta property=\"og:site_name\" content=\"Instytut Polski w Tel Avivie\" \/>\n<meta property=\"article:modified_time\" content=\"2025-01-24T08:19:23+00:00\" \/>\n<meta property=\"og:image\" content=\"https:\/\/instytutpolski.pl\/telaviv\/wp-content\/uploads\/sites\/20\/2020\/01\/45114814881_03eb7c5cce_k.jpg\" \/>\n\t<meta property=\"og:image:width\" content=\"2048\" \/>\n\t<meta property=\"og:image:height\" content=\"1366\" \/>\n\t<meta property=\"og:image:type\" content=\"image\/jpeg\" \/>\n<meta name=\"twitter:card\" content=\"summary_large_image\" \/>\n<meta name=\"twitter:label1\" content=\"Estimated reading time\" \/>\n\t<meta name=\"twitter:data1\" content=\"1 minute\" \/>\n<script type=\"application\/ld+json\" class=\"yoast-schema-graph\">{\"@context\":\"https:\/\/schema.org\",\"@graph\":[{\"@type\":\"WebPage\",\"@id\":\"https:\/\/instytutpolski.pl\/telaviv\/pl\/o-nas\/\",\"url\":\"https:\/\/instytutpolski.pl\/telaviv\/pl\/o-nas\/\",\"name\":\"O Instytucie Polskim - Instytut Polski w Tel Avivie\",\"isPartOf\":{\"@id\":\"https:\/\/instytutpolski.pl\/telaviv\/#website\"},\"primaryImageOfPage\":{\"@id\":\"https:\/\/instytutpolski.pl\/telaviv\/pl\/o-nas\/#primaryimage\"},\"image\":{\"@id\":\"https:\/\/instytutpolski.pl\/telaviv\/pl\/o-nas\/#primaryimage\"},\"thumbnailUrl\":\"https:\/\/instytutpolski.pl\/telaviv\/wp-content\/uploads\/sites\/20\/2020\/01\/45114814881_03eb7c5cce_k.jpg\",\"datePublished\":\"2022-06-14T13:19:52+00:00\",\"dateModified\":\"2025-01-24T08:19:23+00:00\",\"breadcrumb\":{\"@id\":\"https:\/\/instytutpolski.pl\/telaviv\/pl\/o-nas\/#breadcrumb\"},\"inLanguage\":\"en-GB\",\"potentialAction\":[{\"@type\":\"ReadAction\",\"target\":[\"https:\/\/instytutpolski.pl\/telaviv\/pl\/o-nas\/\"]}]},{\"@type\":\"ImageObject\",\"inLanguage\":\"en-GB\",\"@id\":\"https:\/\/instytutpolski.pl\/telaviv\/pl\/o-nas\/#primaryimage\",\"url\":\"https:\/\/instytutpolski.pl\/telaviv\/wp-content\/uploads\/sites\/20\/2020\/01\/45114814881_03eb7c5cce_k.jpg\",\"contentUrl\":\"https:\/\/instytutpolski.pl\/telaviv\/wp-content\/uploads\/sites\/20\/2020\/01\/45114814881_03eb7c5cce_k.jpg\",\"width\":2048,\"height\":1366},{\"@type\":\"BreadcrumbList\",\"@id\":\"https:\/\/instytutpolski.pl\/telaviv\/pl\/o-nas\/#breadcrumb\",\"itemListElement\":[{\"@type\":\"ListItem\",\"position\":1,\"name\":\"Home\",\"item\":\"https:\/\/instytutpolski.pl\/telaviv\/en\/\"},{\"@type\":\"ListItem\",\"position\":2,\"name\":\"O Instytucie Polskim\"}]},{\"@type\":\"WebSite\",\"@id\":\"https:\/\/instytutpolski.pl\/telaviv\/#website\",\"url\":\"https:\/\/instytutpolski.pl\/telaviv\/\",\"name\":\"Instytut Polski w Tel Avivie\",\"description\":\"Instytuty Polskie\",\"potentialAction\":[{\"@type\":\"SearchAction\",\"target\":{\"@type\":\"EntryPoint\",\"urlTemplate\":\"https:\/\/instytutpolski.pl\/telaviv\/?s={search_term_string}\"},\"query-input\":{\"@type\":\"PropertyValueSpecification\",\"valueRequired\":true,\"valueName\":\"search_term_string\"}}],\"inLanguage\":\"en-GB\"}]}<\/script>\n<!-- \/ Yoast SEO plugin. -->","yoast_head_json":{"title":"O Instytucie Polskim - Instytut Polski w Tel Avivie","robots":{"index":"index","follow":"follow","max-snippet":"max-snippet:-1","max-image-preview":"max-image-preview:large","max-video-preview":"max-video-preview:-1"},"canonical":"https:\/\/instytutpolski.pl\/telaviv\/pl\/o-nas\/","og_locale":"en_GB","og_type":"article","og_title":"O Instytucie Polskim - Instytut Polski w Tel Avivie","og_description":"Instytut Polski w Tel Awiwie powsta\u0142 w czerwcu 2000 r. jako pierwsza (obok IP w Nowym Jorku) pozaeuropejska, kulturalna plac\u00f3wka zagraniczna podleg\u0142a Ministertswu Spraw Zagranicznych. Od tamtej pory z ogromn\u0105 pasj\u0105 i po\u015bwi\u0119ceniem przedstawia izraelskiej publiczno\u015bci wsp\u00f3\u0142czesn\u0105 Polsk\u0119. Naszym g\u0142\u00f3wnym celem jest promocja polskiej kultury i dziedzictwa w Izraelu. Traktujemy nasz Instytut jako most mi\u0119dzy [&hellip;]","og_url":"https:\/\/instytutpolski.pl\/telaviv\/pl\/o-nas\/","og_site_name":"Instytut Polski w Tel Avivie","article_modified_time":"2025-01-24T08:19:23+00:00","og_image":[{"width":2048,"height":1366,"url":"https:\/\/instytutpolski.pl\/telaviv\/wp-content\/uploads\/sites\/20\/2020\/01\/45114814881_03eb7c5cce_k.jpg","type":"image\/jpeg"}],"twitter_card":"summary_large_image","twitter_misc":{"Estimated reading time":"1 minute"},"schema":{"@context":"https:\/\/schema.org","@graph":[{"@type":"WebPage","@id":"https:\/\/instytutpolski.pl\/telaviv\/pl\/o-nas\/","url":"https:\/\/instytutpolski.pl\/telaviv\/pl\/o-nas\/","name":"O Instytucie Polskim - Instytut Polski w Tel Avivie","isPartOf":{"@id":"https:\/\/instytutpolski.pl\/telaviv\/#website"},"primaryImageOfPage":{"@id":"https:\/\/instytutpolski.pl\/telaviv\/pl\/o-nas\/#primaryimage"},"image":{"@id":"https:\/\/instytutpolski.pl\/telaviv\/pl\/o-nas\/#primaryimage"},"thumbnailUrl":"https:\/\/instytutpolski.pl\/telaviv\/wp-content\/uploads\/sites\/20\/2020\/01\/45114814881_03eb7c5cce_k.jpg","datePublished":"2022-06-14T13:19:52+00:00","dateModified":"2025-01-24T08:19:23+00:00","breadcrumb":{"@id":"https:\/\/instytutpolski.pl\/telaviv\/pl\/o-nas\/#breadcrumb"},"inLanguage":"en-GB","potentialAction":[{"@type":"ReadAction","target":["https:\/\/instytutpolski.pl\/telaviv\/pl\/o-nas\/"]}]},{"@type":"ImageObject","inLanguage":"en-GB","@id":"https:\/\/instytutpolski.pl\/telaviv\/pl\/o-nas\/#primaryimage","url":"https:\/\/instytutpolski.pl\/telaviv\/wp-content\/uploads\/sites\/20\/2020\/01\/45114814881_03eb7c5cce_k.jpg","contentUrl":"https:\/\/instytutpolski.pl\/telaviv\/wp-content\/uploads\/sites\/20\/2020\/01\/45114814881_03eb7c5cce_k.jpg","width":2048,"height":1366},{"@type":"BreadcrumbList","@id":"https:\/\/instytutpolski.pl\/telaviv\/pl\/o-nas\/#breadcrumb","itemListElement":[{"@type":"ListItem","position":1,"name":"Home","item":"https:\/\/instytutpolski.pl\/telaviv\/en\/"},{"@type":"ListItem","position":2,"name":"O Instytucie Polskim"}]},{"@type":"WebSite","@id":"https:\/\/instytutpolski.pl\/telaviv\/#website","url":"https:\/\/instytutpolski.pl\/telaviv\/","name":"Instytut Polski w Tel Avivie","description":"Instytuty Polskie","potentialAction":[{"@type":"SearchAction","target":{"@type":"EntryPoint","urlTemplate":"https:\/\/instytutpolski.pl\/telaviv\/?s={search_term_string}"},"query-input":{"@type":"PropertyValueSpecification","valueRequired":true,"valueName":"search_term_string"}}],"inLanguage":"en-GB"}]}},"_links":{"self":[{"href":"https:\/\/instytutpolski.pl\/telaviv\/wp-json\/wp\/v2\/pages\/3748","targetHints":{"allow":["GET"]}}],"collection":[{"href":"https:\/\/instytutpolski.pl\/telaviv\/wp-json\/wp\/v2\/pages"}],"about":[{"href":"https:\/\/instytutpolski.pl\/telaviv\/wp-json\/wp\/v2\/types\/page"}],"author":[{"embeddable":true,"href":"https:\/\/instytutpolski.pl\/telaviv\/wp-json\/wp\/v2\/users\/26"}],"replies":[{"embeddable":true,"href":"https:\/\/instytutpolski.pl\/telaviv\/wp-json\/wp\/v2\/comments?post=3748"}],"version-history":[{"count":9,"href":"https:\/\/instytutpolski.pl\/telaviv\/wp-json\/wp\/v2\/pages\/3748\/revisions"}],"predecessor-version":[{"id":6885,"href":"https:\/\/instytutpolski.pl\/telaviv\/wp-json\/wp\/v2\/pages\/3748\/revisions\/6885"}],"wp:featuredmedia":[{"embeddable":true,"href":"https:\/\/instytutpolski.pl\/telaviv\/wp-json\/wp\/v2\/media\/634"}],"wp:attachment":[{"href":"https:\/\/instytutpolski.pl\/telaviv\/wp-json\/wp\/v2\/media?parent=3748"}],"curies":[{"name":"wp","href":"https:\/\/api.w.org\/{rel}","templated":true}]}}