{"id":3752,"date":"2020-05-18T14:53:19","date_gmt":"2020-05-18T12:53:19","guid":{"rendered":"https:\/\/instytutpolski.pl\/telaviv\/?page_id=3752"},"modified":"2023-02-07T09:00:04","modified_gmt":"2023-02-07T08:00:04","slug":"poznaj-polske-2","status":"publish","type":"page","link":"https:\/\/instytutpolski.pl\/telaviv\/pl\/poznaj-polske-2\/","title":{"rendered":"Poznaj Polsk\u0119"},"content":{"rendered":"<p><span style=\"font-family: tahoma, arial, helvetica, sans-serif\"><strong>Geometryczny \u015brodek Europy znajduje si\u0119 niedaleko stolicy Polski, Warszawy<\/strong>. Przez ponad tysi\u0105c lat swojej historii Polska zmienia\u0142a si\u0119 od europejskiej pot\u0119gi, poprzez utracon\u0105 niepodleg\u0142o\u015b\u0107 po gospodarczego pioniera Europy \u015arodkowo-Wschodniej. Entuzjazm, kreatywno\u015b\u0107 i potencja\u0142 polskiej przedsi\u0119biorczo\u015bci s\u0105 dzisiaj szeroko znane w \u015bwiecie. Dzi\u0119ki determinacji Polak\u00f3w, ich Solidarno\u015bci, a tak\u017ce autorytetowi duchowemu \u015bwi\u0119tego papie\u017ca Jana Paw\u0142a II, Polska wydosta\u0142a si\u0119 z depresji komunistycznego re\u017cimu i od 1989 roku jest wolnym krajem, kt\u00f3rego bogata tradycja i zwyczaje przyci\u0105gaj\u0105 miliony turyst\u00f3w z ca\u0142ego \u015bwiata.\u00a0<\/span><\/p>\n<p><span style=\"font-family: tahoma, arial, helvetica, sans-serif\"><strong>Kultura i sztuka<\/strong>\u00a0od wiek\u00f3w wzmacnia\u0142y to\u017csamo\u015b\u0107 narodow\u0105 Polak\u00f3w, jak r\u00f3wnie\u017c pomaga\u0142y im przetrwa\u0107 najgorsze momenty w historii. Polscy tw\u00f3rcy wci\u0105\u017c inspiruj\u0105 \u015bwiat. To w Polsce urodzi\u0142 si\u0119 jeden z najwi\u0119kszych kompozytor\u00f3w i pianist\u00f3w Fryderyk Chopin. Jego muzyce po\u015bwi\u0119cony jest jeden z najwa\u017cniejszych na \u015bwiecie konkurs\u00f3w muzycznych \u2013 Mi\u0119dzynarodowy Konkurs Pianistyczny im. Fryderyka Chopina, odbywaj\u0105cy si\u0119 w Warszawie\u00a0\u00a0co pi\u0119\u0107 lat, ju\u017c od 1927 roku. Polska jest domem noblist\u00f3w, laureat\u00f3w Oscar\u00f3w oraz zwyci\u0119zc\u00f3w nagrody Grammy. Dzi\u0119ki zdobywcom literackiego Nobla, m.in. Wis\u0142awie Szymborskiej, Czes\u0142awowi Mi\u0142oszowi i Oldze Tokarczuk, Polska zyska\u0142a reputacj\u0119 ziemi poet\u00f3w i pisarzy. Rozwojowi literatury sprzyja d\u017awi\u0119czny polski j\u0119zyk, kt\u00f3rym pos\u0142uguje si\u0119 ponad 40 milion\u00f3w ludzi w Polsce i za granic\u0105. To w j\u0119zyku polskim tworzy\u0142 dzie\u0142a filmowe Andrzeja Wajda, zdobywca presti\u017cowych nagr\u00f3d filmowych, w tym Oscara za ca\u0142okszta\u0142t tw\u00f3rczo\u015bci. Polakiem by\u0142 Krzysztof Penderecki, wybitny kompozytor, czterokrotny zdobywca Nagrody Grammy.<\/span><\/p>\n<p><span style=\"font-family: tahoma, arial, helvetica, sans-serif\"><strong>Polska to kraj ludzi z pomys\u0142ami<\/strong>. Polscy naukowcy mog\u0105 poszczyci\u0107 si\u0119 wa\u017cnymi odkryciami i wynalazkami, kt\u00f3re zmieni\u0142y \u015bwiat. Z Warszawy pochodzi\u0142a Maria Sk\u0142odowska-Curie. Uznana za uczon\u0105 wszechczas\u00f3w, pozostaje do dzi\u015b jedyn\u0105 kobiet\u0105, kt\u00f3ra dwukrotnie otrzyma\u0142a Nagrod\u0119 Nobla (w 1903 i 1911 roku) i jedynym naukowcem uhonorowanym w dw\u00f3ch r\u00f3\u017cnych dziedzinach nauk przyrodniczych. By\u0142a pierwsz\u0105 kobiet\u0105, kt\u00f3ra otrzyma\u0142a Nobla z chemii (za odkrycie polonu i radu), pierwsz\u0105 kobiet\u0105 mianowan\u0105 profesorem paryskiego uniwersytetu La Sorbonne oraz pierwsz\u0105 kobiet\u0105 przyj\u0119t\u0105 do Akademii Medycznej. Natomiast Jan Czochralski, polski fizyk, wynalaz\u0142 metod\u0119 hodowania monokryszta\u0142\u00f3w, kt\u00f3ra okaza\u0142a si\u0119 podstaw\u0105 wsp\u00f3\u0142czesnej elektroniki. Z monokryszta\u0142\u00f3w krzemu uzyskanych t\u0105 metod\u0105\u00a0\u00a0powstaj\u0105 urz\u0105dzenia p\u00f3\u0142przewodnikowe. Dzi\u0119ki nim dzia\u0142aj\u0105 komputery, tablety, telefony kom\u00f3rkowe, cyfrowe aparaty fotograficzne, odtwarzacze mp3 i inne urz\u0105dzenia elektroniczne. Za\u015b polscy matematycy: Marian Rejewski, Jerzy R\u00f3\u017cycki i Henryk Zygalski z\u0142amali kody najs\u0142ynniejszej maszyny szyfruj\u0105cej w historii \u2013 niemieckiej Enigmy. Swoimi dokonaniami przyczynili si\u0119 do zako\u0144czenia II wojny \u015bwiatowej.\u00a0<\/span><\/p>\n<p><span style=\"font-family: tahoma, arial, helvetica, sans-serif\">Dzi\u0119ki swojemu po\u0142o\u017ceniu od Morza Ba\u0142tyckiego i mazurskich jezior na p\u00f3\u0142nocy, poprzez niziny \u015brodkowej cz\u0119\u015bci kraju a\u017c do g\u00f3rskich \u0142a\u0144cuch\u00f3w na po\u0142udniu,\u00a0<strong>Polska jest krajem atrakcyjnym przyrodniczo.<\/strong>\u00a0Ma 23 parki narodowe, 1500 rezerwat\u00f3w przyrody i 145 park\u00f3w krajobrazowych. Zach\u0119ca do aktywnego wypoczynku podczas wycieczek g\u00f3rskich, rajd\u00f3w rowerowych, sp\u0142yw\u00f3w kajakowych rzekami i jeziorami, \u017ceglowania, surfowania, jazdy konnej na przyk\u0142ad jednym z najd\u0142u\u017cszych\u00a0\u00a0szlak\u00f3w w Europie licz\u0105cym 1800 km, kt\u00f3ry przebiega przez centrum kraju, czy te\u017c obserwowania rzadkich gatunk\u00f3w ptak\u00f3w w ich naturalnych \u015brodowiskach.<\/span><\/p>\n<p><span style=\"font-family: tahoma, arial, helvetica, sans-serif\">Do Polski przyci\u0105gaj\u0105 turyst\u00f3w liczne\u00a0<strong>wydarzenia kulturalne, festiwale muzyczne, filmowe i teatralne.\u00a0<\/strong>Ich gospodarzami s\u0105 polskie miasta s\u0142yn\u0105ce z niezwyk\u0142ej, nagradzanej na mi\u0119dzynarodowych konkursach architektury jak przepi\u0119kny budynek\u00a0<strong>filharmonii im. M. Kar\u0142owicza w Szczecinie<\/strong>, kt\u00f3ry jako pierwszy budynek z Polski otrzyma\u0142\u00a0najwa\u017cniejsz\u0105 europejsk\u0105 nagrod\u0119 im. Miesa van der Rohe, czy\u00a0<strong>Muzeum Narodowe w Szczecinie \u2013 Centrum Dialogu Prze\u0142omy<\/strong>\u00a0uznane najlepszym budynkiem na \u015bwiecie roku 2016 na World Architecture Festival w Berlinie. Inne wybijaj\u0105ce si\u0119 na \u015bwiatowej mapie architektury polskie budynki u\u017cyteczno\u015bci publicznej to\u00a0<strong>Teatr Szekspirowski\u00a0<\/strong>oraz\u00a0<strong>Europejskie Centrum Solidarno\u015bci<\/strong>\u00a0w Gda\u0144sku,\u00a0<strong>Muzeum \u015al\u0105skie<\/strong>\u00a0w Katowice zbudowane w miejscu dawnej kopalni w\u0119gla, siedziba Narodowej Orkiestry Symfonicznej Polskiego Radia w Katowicach,\u00a0<strong>Centrum Muzyki im. Krzysztofa Pendereckiego<\/strong>\u00a0w Lus\u0142awicach,\u00a0<strong>Cricoteca\u00a0<\/strong>(Muzeum Tadeusza Kantora) w Krakowie,\u00a0<strong>Muzeum Powstania Warszawskiego<\/strong>\u00a0czy\u00a0<strong>Muzeum Historii \u017byd\u00f3w Polskich POLIN<\/strong>\u00a0w Warszawie.<\/span><\/p>\n<p><span style=\"font-family: tahoma, arial, helvetica, sans-serif\">Zwiedzanie tych niezwyk\u0142ych obiekt\u00f3w s\u0142u\u017c\u0105cych kulturze daje wgl\u0105d w z\u0142o\u017con\u0105 histori\u0119 Polski i momentami tragiczne losy jej mieszka\u0144c\u00f3w, szczeg\u00f3lnie zwi\u0105zane z do\u015bwiadczeniem II wojny \u015bwiatowej.\u00a0\u00a0Polska dba o odradzanie si\u0119 tego, co utracone. Sta\u0142a si\u0119 stra\u017cnikiem pami\u0119ci \u2013 chroni zaginione podczas II wojny \u015bwiatowej dziedzictwo \u017cydowskie poprzez wspieranie rozwoju wsp\u00f3\u0142czesnej kultury mniejszo\u015bci \u017cydowskiej w Polsce. Przyk\u0142adem tego wsparcia jest m.in. organizowany od ponad 30 lat\u00a0<strong>Festiwal kultury \u017cydowskiej w Krakowie<\/strong>\u00a0\u2013 najbardziej spektakularny i interdyscyplinarny festiwal tego typu na \u015bwiecie, odwiedzany przez dziesi\u0105tki tysi\u0119cy turyst\u00f3w.\u00a0<\/span><\/p>\n<p><span style=\"font-family: tahoma, arial, helvetica, sans-serif\"><strong>Polska przyci\u0105ga tak\u017ce mi\u0142o\u015bnik\u00f3w filmu, teatru i muzyki.<\/strong>\u00a0Nie lada gratk\u0105 jest dla nich spotkanie z najwybitniejszymi tw\u00f3rcami muzyki wsp\u00f3\u0142czesnej podczas mi\u0119dzynarodowego festiwalu\u00a0<strong>Warszawska Jesie\u0144<\/strong>; z gwiazdami kina i \u015bwiatowej s\u0142awy autorami zdj\u0119\u0107 filmowych na festiwalu operator\u00f3w EnergaCAMERIMAGE w Toruniu, czy z niezale\u017cnymi tw\u00f3rcami z ca\u0142ego \u015bwiata uczestnicz\u0105cymi w\u00a0<strong>Mi\u0119dzynarodowym Festiwalu Nowe Horyzonty<\/strong>\u00a0we Wroc\u0142awiu, kt\u00f3ry prezentuje kino artystyczne, wizjonerskie, eksperymentalne.\u00a0<\/span><\/p>\n<p>https:\/\/youtu.be\/yhYKtPEB16E<\/p>\n<p>Wi\u0119cej o Polsce:<\/p>\n<p><a href=\"http:\/\/poland.pl\/\" target=\"_blank\" rel=\"noreferrer noopener\">Poland.pl<\/a><\/p>\n<p><a href=\"http:\/\/culture.pl\/\" target=\"_blank\" rel=\"noreferrer noopener\">Culture.pl<\/a><\/p>\n<p><a href=\"http:\/\/polandtravel.pl\/\" target=\"_blank\" rel=\"noreferrer noopener\">Polandtravel.pl<\/a><\/p>\n<p><a href=\"https:\/\/www.polskieradio.pl\/395\" target=\"_blank\" rel=\"noreferrer noopener\">The latest news from Poland in various languages \u2013 Polish Radio for Foreigners<\/a><\/p>\n","protected":false},"excerpt":{"rendered":"<p>Geometryczny \u015brodek Europy znajduje si\u0119 niedaleko stolicy Polski, Warszawy. Przez ponad tysi\u0105c lat swojej historii Polska zmienia\u0142a si\u0119 od europejskiej pot\u0119gi, poprzez utracon\u0105 niepodleg\u0142o\u015b\u0107 po gospodarczego pioniera Europy \u015arodkowo-Wschodniej. Entuzjazm, kreatywno\u015b\u0107 i potencja\u0142 polskiej przedsi\u0119biorczo\u015bci s\u0105 dzisiaj szeroko znane w \u015bwiecie. Dzi\u0119ki determinacji Polak\u00f3w, ich Solidarno\u015bci, a tak\u017ce autorytetowi duchowemu \u015bwi\u0119tego papie\u017ca Jana Paw\u0142a II, [&hellip;]<\/p>\n","protected":false},"author":26,"featured_media":277,"parent":0,"menu_order":0,"comment_status":"closed","ping_status":"closed","template":"","meta":{"inline_featured_image":false,"_monsterinsights_skip_tracking":false,"_monsterinsights_sitenote_active":false,"_monsterinsights_sitenote_note":"","_monsterinsights_sitenote_category":0,"footnotes":""},"class_list":["post-3752","page","type-page","status-publish","has-post-thumbnail","hentry"],"yoast_head":"<!-- This site is optimized with the Yoast SEO plugin v24.6 - https:\/\/yoast.com\/wordpress\/plugins\/seo\/ -->\n<title>Poznaj Polsk\u0119 - Instytut Polski w Tel Avivie<\/title>\n<meta name=\"robots\" content=\"index, follow, max-snippet:-1, max-image-preview:large, max-video-preview:-1\" \/>\n<link rel=\"canonical\" href=\"https:\/\/instytutpolski.pl\/telaviv\/pl\/poznaj-polske-2\/\" \/>\n<meta property=\"og:locale\" content=\"en_GB\" \/>\n<meta property=\"og:type\" content=\"article\" \/>\n<meta property=\"og:title\" content=\"Poznaj Polsk\u0119 - Instytut Polski w Tel Avivie\" \/>\n<meta property=\"og:description\" content=\"Geometryczny \u015brodek Europy znajduje si\u0119 niedaleko stolicy Polski, Warszawy. Przez ponad tysi\u0105c lat swojej historii Polska zmienia\u0142a si\u0119 od europejskiej pot\u0119gi, poprzez utracon\u0105 niepodleg\u0142o\u015b\u0107 po gospodarczego pioniera Europy \u015arodkowo-Wschodniej. Entuzjazm, kreatywno\u015b\u0107 i potencja\u0142 polskiej przedsi\u0119biorczo\u015bci s\u0105 dzisiaj szeroko znane w \u015bwiecie. Dzi\u0119ki determinacji Polak\u00f3w, ich Solidarno\u015bci, a tak\u017ce autorytetowi duchowemu \u015bwi\u0119tego papie\u017ca Jana Paw\u0142a II, [&hellip;]\" \/>\n<meta property=\"og:url\" content=\"https:\/\/instytutpolski.pl\/telaviv\/pl\/poznaj-polske-2\/\" \/>\n<meta property=\"og:site_name\" content=\"Instytut Polski w Tel Avivie\" \/>\n<meta property=\"article:modified_time\" content=\"2023-02-07T08:00:04+00:00\" \/>\n<meta property=\"og:image\" content=\"https:\/\/instytutpolski.pl\/telaviv\/wp-content\/uploads\/sites\/20\/2019\/06\/poznaj-polske.jpg\" \/>\n\t<meta property=\"og:image:width\" content=\"1920\" \/>\n\t<meta property=\"og:image:height\" content=\"700\" \/>\n\t<meta property=\"og:image:type\" content=\"image\/jpeg\" \/>\n<meta name=\"twitter:card\" content=\"summary_large_image\" \/>\n<meta name=\"twitter:label1\" content=\"Estimated reading time\" \/>\n\t<meta name=\"twitter:data1\" content=\"4 minutes\" \/>\n<script type=\"application\/ld+json\" class=\"yoast-schema-graph\">{\"@context\":\"https:\/\/schema.org\",\"@graph\":[{\"@type\":\"WebPage\",\"@id\":\"https:\/\/instytutpolski.pl\/telaviv\/pl\/poznaj-polske-2\/\",\"url\":\"https:\/\/instytutpolski.pl\/telaviv\/pl\/poznaj-polske-2\/\",\"name\":\"Poznaj Polsk\u0119 - Instytut Polski w Tel Avivie\",\"isPartOf\":{\"@id\":\"https:\/\/instytutpolski.pl\/telaviv\/#website\"},\"primaryImageOfPage\":{\"@id\":\"https:\/\/instytutpolski.pl\/telaviv\/pl\/poznaj-polske-2\/#primaryimage\"},\"image\":{\"@id\":\"https:\/\/instytutpolski.pl\/telaviv\/pl\/poznaj-polske-2\/#primaryimage\"},\"thumbnailUrl\":\"https:\/\/instytutpolski.pl\/telaviv\/wp-content\/uploads\/sites\/20\/2019\/06\/poznaj-polske.jpg\",\"datePublished\":\"2020-05-18T12:53:19+00:00\",\"dateModified\":\"2023-02-07T08:00:04+00:00\",\"breadcrumb\":{\"@id\":\"https:\/\/instytutpolski.pl\/telaviv\/pl\/poznaj-polske-2\/#breadcrumb\"},\"inLanguage\":\"en-GB\",\"potentialAction\":[{\"@type\":\"ReadAction\",\"target\":[\"https:\/\/instytutpolski.pl\/telaviv\/pl\/poznaj-polske-2\/\"]}]},{\"@type\":\"ImageObject\",\"inLanguage\":\"en-GB\",\"@id\":\"https:\/\/instytutpolski.pl\/telaviv\/pl\/poznaj-polske-2\/#primaryimage\",\"url\":\"https:\/\/instytutpolski.pl\/telaviv\/wp-content\/uploads\/sites\/20\/2019\/06\/poznaj-polske.jpg\",\"contentUrl\":\"https:\/\/instytutpolski.pl\/telaviv\/wp-content\/uploads\/sites\/20\/2019\/06\/poznaj-polske.jpg\",\"width\":1920,\"height\":700},{\"@type\":\"BreadcrumbList\",\"@id\":\"https:\/\/instytutpolski.pl\/telaviv\/pl\/poznaj-polske-2\/#breadcrumb\",\"itemListElement\":[{\"@type\":\"ListItem\",\"position\":1,\"name\":\"Home\",\"item\":\"https:\/\/instytutpolski.pl\/telaviv\/en\/\"},{\"@type\":\"ListItem\",\"position\":2,\"name\":\"Poznaj Polsk\u0119\"}]},{\"@type\":\"WebSite\",\"@id\":\"https:\/\/instytutpolski.pl\/telaviv\/#website\",\"url\":\"https:\/\/instytutpolski.pl\/telaviv\/\",\"name\":\"Instytut Polski w Tel Avivie\",\"description\":\"Instytuty Polskie\",\"potentialAction\":[{\"@type\":\"SearchAction\",\"target\":{\"@type\":\"EntryPoint\",\"urlTemplate\":\"https:\/\/instytutpolski.pl\/telaviv\/?s={search_term_string}\"},\"query-input\":{\"@type\":\"PropertyValueSpecification\",\"valueRequired\":true,\"valueName\":\"search_term_string\"}}],\"inLanguage\":\"en-GB\"}]}<\/script>\n<!-- \/ Yoast SEO plugin. -->","yoast_head_json":{"title":"Poznaj Polsk\u0119 - Instytut Polski w Tel Avivie","robots":{"index":"index","follow":"follow","max-snippet":"max-snippet:-1","max-image-preview":"max-image-preview:large","max-video-preview":"max-video-preview:-1"},"canonical":"https:\/\/instytutpolski.pl\/telaviv\/pl\/poznaj-polske-2\/","og_locale":"en_GB","og_type":"article","og_title":"Poznaj Polsk\u0119 - Instytut Polski w Tel Avivie","og_description":"Geometryczny \u015brodek Europy znajduje si\u0119 niedaleko stolicy Polski, Warszawy. Przez ponad tysi\u0105c lat swojej historii Polska zmienia\u0142a si\u0119 od europejskiej pot\u0119gi, poprzez utracon\u0105 niepodleg\u0142o\u015b\u0107 po gospodarczego pioniera Europy \u015arodkowo-Wschodniej. Entuzjazm, kreatywno\u015b\u0107 i potencja\u0142 polskiej przedsi\u0119biorczo\u015bci s\u0105 dzisiaj szeroko znane w \u015bwiecie. Dzi\u0119ki determinacji Polak\u00f3w, ich Solidarno\u015bci, a tak\u017ce autorytetowi duchowemu \u015bwi\u0119tego papie\u017ca Jana Paw\u0142a II, [&hellip;]","og_url":"https:\/\/instytutpolski.pl\/telaviv\/pl\/poznaj-polske-2\/","og_site_name":"Instytut Polski w Tel Avivie","article_modified_time":"2023-02-07T08:00:04+00:00","og_image":[{"width":1920,"height":700,"url":"https:\/\/instytutpolski.pl\/telaviv\/wp-content\/uploads\/sites\/20\/2019\/06\/poznaj-polske.jpg","type":"image\/jpeg"}],"twitter_card":"summary_large_image","twitter_misc":{"Estimated reading time":"4 minutes"},"schema":{"@context":"https:\/\/schema.org","@graph":[{"@type":"WebPage","@id":"https:\/\/instytutpolski.pl\/telaviv\/pl\/poznaj-polske-2\/","url":"https:\/\/instytutpolski.pl\/telaviv\/pl\/poznaj-polske-2\/","name":"Poznaj Polsk\u0119 - Instytut Polski w Tel Avivie","isPartOf":{"@id":"https:\/\/instytutpolski.pl\/telaviv\/#website"},"primaryImageOfPage":{"@id":"https:\/\/instytutpolski.pl\/telaviv\/pl\/poznaj-polske-2\/#primaryimage"},"image":{"@id":"https:\/\/instytutpolski.pl\/telaviv\/pl\/poznaj-polske-2\/#primaryimage"},"thumbnailUrl":"https:\/\/instytutpolski.pl\/telaviv\/wp-content\/uploads\/sites\/20\/2019\/06\/poznaj-polske.jpg","datePublished":"2020-05-18T12:53:19+00:00","dateModified":"2023-02-07T08:00:04+00:00","breadcrumb":{"@id":"https:\/\/instytutpolski.pl\/telaviv\/pl\/poznaj-polske-2\/#breadcrumb"},"inLanguage":"en-GB","potentialAction":[{"@type":"ReadAction","target":["https:\/\/instytutpolski.pl\/telaviv\/pl\/poznaj-polske-2\/"]}]},{"@type":"ImageObject","inLanguage":"en-GB","@id":"https:\/\/instytutpolski.pl\/telaviv\/pl\/poznaj-polske-2\/#primaryimage","url":"https:\/\/instytutpolski.pl\/telaviv\/wp-content\/uploads\/sites\/20\/2019\/06\/poznaj-polske.jpg","contentUrl":"https:\/\/instytutpolski.pl\/telaviv\/wp-content\/uploads\/sites\/20\/2019\/06\/poznaj-polske.jpg","width":1920,"height":700},{"@type":"BreadcrumbList","@id":"https:\/\/instytutpolski.pl\/telaviv\/pl\/poznaj-polske-2\/#breadcrumb","itemListElement":[{"@type":"ListItem","position":1,"name":"Home","item":"https:\/\/instytutpolski.pl\/telaviv\/en\/"},{"@type":"ListItem","position":2,"name":"Poznaj Polsk\u0119"}]},{"@type":"WebSite","@id":"https:\/\/instytutpolski.pl\/telaviv\/#website","url":"https:\/\/instytutpolski.pl\/telaviv\/","name":"Instytut Polski w Tel Avivie","description":"Instytuty Polskie","potentialAction":[{"@type":"SearchAction","target":{"@type":"EntryPoint","urlTemplate":"https:\/\/instytutpolski.pl\/telaviv\/?s={search_term_string}"},"query-input":{"@type":"PropertyValueSpecification","valueRequired":true,"valueName":"search_term_string"}}],"inLanguage":"en-GB"}]}},"_links":{"self":[{"href":"https:\/\/instytutpolski.pl\/telaviv\/wp-json\/wp\/v2\/pages\/3752","targetHints":{"allow":["GET"]}}],"collection":[{"href":"https:\/\/instytutpolski.pl\/telaviv\/wp-json\/wp\/v2\/pages"}],"about":[{"href":"https:\/\/instytutpolski.pl\/telaviv\/wp-json\/wp\/v2\/types\/page"}],"author":[{"embeddable":true,"href":"https:\/\/instytutpolski.pl\/telaviv\/wp-json\/wp\/v2\/users\/26"}],"replies":[{"embeddable":true,"href":"https:\/\/instytutpolski.pl\/telaviv\/wp-json\/wp\/v2\/comments?post=3752"}],"version-history":[{"count":2,"href":"https:\/\/instytutpolski.pl\/telaviv\/wp-json\/wp\/v2\/pages\/3752\/revisions"}],"predecessor-version":[{"id":4310,"href":"https:\/\/instytutpolski.pl\/telaviv\/wp-json\/wp\/v2\/pages\/3752\/revisions\/4310"}],"wp:featuredmedia":[{"embeddable":true,"href":"https:\/\/instytutpolski.pl\/telaviv\/wp-json\/wp\/v2\/media\/277"}],"wp:attachment":[{"href":"https:\/\/instytutpolski.pl\/telaviv\/wp-json\/wp\/v2\/media?parent=3752"}],"curies":[{"name":"wp","href":"https:\/\/api.w.org\/{rel}","templated":true}]}}