{"id":3785,"date":"2019-05-31T10:28:56","date_gmt":"2019-05-31T08:28:56","guid":{"rendered":"https:\/\/instytutpolski.pl\/telaviv\/?page_id=3785"},"modified":"2026-02-02T08:01:21","modified_gmt":"2026-02-02T07:01:21","slug":"biblioteka","status":"publish","type":"page","link":"https:\/\/instytutpolski.pl\/telaviv\/pl\/biblioteka\/","title":{"rendered":"Biblioteka"},"content":{"rendered":"<p><a href=\"https:\/\/szukamksi\u0105\u017cki.pl\/SkNewWeb\/bstart\/520001098\"><span style=\"font-family: tahoma, arial, helvetica, sans-serif\"><u>Katalog biblioteki<\/u><\/span><\/a><\/p>\n<p>&nbsp;<\/p>\n<p><span style=\"font-family: tahoma, arial, helvetica, sans-serif\">Instytut Polski w Tel Awiwie dysponuje bogatym zbiorem ksi\u0105\u017cek w j\u0119zyku polskim w wydaniach oryginalnych i t\u0142umaczeniach. Posiadamy obszerny zbi\u00f3r hebrajskich przek\u0142ad\u00f3w literatury polskiej. Opr\u00f3cz bogatej kolekcji literatury pi\u0119knej posiadamy r\u00f3wnie\u017c dzia\u0142 historyczny po\u015bwi\u0119cony zar\u00f3wno historii Polski, jak i historii \u017byd\u00f3w polskich. Czytelnicy biblioteki znajd\u0105 tak\u017ce zbi\u00f3r reporta\u017cy, biografii, krymina\u0142\u00f3w oraz ksi\u0105\u017cek kulinarnych i przewodnik\u00f3w turystycznych.<\/span><\/p>\n<p><span style=\"font-family: tahoma, arial, helvetica, sans-serif\">Obok literatury pi\u0119knej dla doros\u0142ych biblioteka posiada r\u00f3wnie\u017c obszerny dzia\u0142 z literatur\u0105 dla dzieci. Ksi\u0119gozbi\u00f3r jest na bie\u017c\u0105co aktualizowany i uzupe\u0142niany. Opr\u00f3cz ksi\u0105\u017cek wypo\u017cyczy\u0107 mo\u017cna tu tak\u017ce p\u0142yty kompaktowe oraz DVD z polskimi filmami fabularnymi i dokumentalnymi. W czytelni dost\u0119pne s\u0105 gazety, czasopisma oraz materia\u0142y informacyjne na temat Polski.<\/span><\/p>\n<p>&nbsp;<\/p>\n<p><span style=\"font-family: tahoma, arial, helvetica, sans-serif\">Zasady korzystania z Biblioteki IP:<\/span><\/p>\n<ol>\n<li><span style=\"font-family: tahoma, arial, helvetica, sans-serif\">Jednorazowo mo\u017cna wypo\u017cyczy\u0107 10 ksi\u0105\u017cek.<\/span><\/li>\n<li><span style=\"font-family: tahoma, arial, helvetica, sans-serif\">Okres wypo\u017cyczenia nie mo\u017ce by\u0107 d\u0142u\u017cszy ni\u017c 3 miesi\u0105ce (z wyj\u0105tkiem nowo\u015bci literackich, kt\u00f3re mo\u017cna wypo\u017cycza\u0107 wy\u0142\u0105cznie na okres 4 tygodni).<\/span><\/li>\n<\/ol>\n<p>&nbsp;<\/p>\n<p><span style=\"font-family: tahoma, arial, helvetica, sans-serif\">W celu zdobycia dodatkowych informacji prosimy o kontakt z Agat\u0105 Krizevski.<\/span><\/p>\n<p><span style=\"font-family: tahoma, arial, helvetica, sans-serif\">Adres e-mail: <a href=\"mailto:telaviv.librarian@instytutpolski.pl\">telaviv.librarian@instytutpolski.pl<\/a><\/span><\/p>\n<p><span style=\"font-family: tahoma, arial, helvetica, sans-serif\">Tel. 03-6962053<\/span><\/p>\n<p>&nbsp;<\/p>\n<p><strong><span style=\"font-family: tahoma, arial, helvetica, sans-serif\">Adres:<\/span><\/strong><\/p>\n<p><strong><span style=\"font-family: tahoma, arial, helvetica, sans-serif\">Instytut Polski w Tel Awiwie<\/span><\/strong><\/p>\n<p><strong><span style=\"font-family: tahoma, arial, helvetica, sans-serif\">Beit Psagot<\/span><\/strong><\/p>\n<p><strong><span style=\"font-family: tahoma, arial, helvetica, sans-serif\">Rothschild 3, 22. <\/span><\/strong><strong><span style=\"font-family: tahoma, arial, helvetica, sans-serif\">pi\u0119tro<\/span><\/strong><\/p>\n<p>&nbsp;<\/p>\n<p><span style=\"font-family: tahoma, arial, helvetica, sans-serif\"><strong>Godziny otwarcia:<\/strong><\/span><\/p>\n<p><span style=\"font-family: tahoma, arial, helvetica, sans-serif\"><strong>Poniedzia\u0142ek: 8:00 \u2013 16:00<\/strong><\/span><\/p>\n<p><span style=\"font-family: tahoma, arial, helvetica, sans-serif\"><strong>Pi\u0105tek:\u00a0 8:00 \u2013 13:30<\/strong><\/span><\/p>\n","protected":false},"excerpt":{"rendered":"<p>Katalog biblioteki &nbsp; Instytut Polski w Tel Awiwie dysponuje bogatym zbiorem ksi\u0105\u017cek w j\u0119zyku polskim w wydaniach oryginalnych i t\u0142umaczeniach. Posiadamy obszerny zbi\u00f3r hebrajskich przek\u0142ad\u00f3w literatury polskiej. Opr\u00f3cz bogatej kolekcji literatury pi\u0119knej posiadamy r\u00f3wnie\u017c dzia\u0142 historyczny po\u015bwi\u0119cony zar\u00f3wno historii Polski, jak i historii \u017byd\u00f3w polskich. Czytelnicy biblioteki znajd\u0105 tak\u017ce zbi\u00f3r reporta\u017cy, biografii, krymina\u0142\u00f3w oraz ksi\u0105\u017cek [&hellip;]<\/p>\n","protected":false},"author":69,"featured_media":638,"parent":0,"menu_order":0,"comment_status":"closed","ping_status":"closed","template":"","meta":{"inline_featured_image":false,"_monsterinsights_skip_tracking":false,"_monsterinsights_sitenote_active":false,"_monsterinsights_sitenote_note":"","_monsterinsights_sitenote_category":0,"footnotes":""},"class_list":["post-3785","page","type-page","status-publish","has-post-thumbnail","hentry"],"yoast_head":"<!-- This site is optimized with the Yoast SEO plugin v24.6 - https:\/\/yoast.com\/wordpress\/plugins\/seo\/ -->\n<title>Biblioteka - Instytut Polski w Tel Avivie<\/title>\n<meta name=\"robots\" content=\"index, follow, max-snippet:-1, max-image-preview:large, max-video-preview:-1\" \/>\n<link rel=\"canonical\" href=\"https:\/\/instytutpolski.pl\/telaviv\/pl\/biblioteka\/\" \/>\n<meta property=\"og:locale\" content=\"en_GB\" \/>\n<meta property=\"og:type\" content=\"article\" \/>\n<meta property=\"og:title\" content=\"Biblioteka - Instytut Polski w Tel Avivie\" \/>\n<meta property=\"og:description\" content=\"Katalog biblioteki &nbsp; Instytut Polski w Tel Awiwie dysponuje bogatym zbiorem ksi\u0105\u017cek w j\u0119zyku polskim w wydaniach oryginalnych i t\u0142umaczeniach. Posiadamy obszerny zbi\u00f3r hebrajskich przek\u0142ad\u00f3w literatury polskiej. Opr\u00f3cz bogatej kolekcji literatury pi\u0119knej posiadamy r\u00f3wnie\u017c dzia\u0142 historyczny po\u015bwi\u0119cony zar\u00f3wno historii Polski, jak i historii \u017byd\u00f3w polskich. Czytelnicy biblioteki znajd\u0105 tak\u017ce zbi\u00f3r reporta\u017cy, biografii, krymina\u0142\u00f3w oraz ksi\u0105\u017cek [&hellip;]\" \/>\n<meta property=\"og:url\" content=\"https:\/\/instytutpolski.pl\/telaviv\/pl\/biblioteka\/\" \/>\n<meta property=\"og:site_name\" content=\"Instytut Polski w Tel Avivie\" \/>\n<meta property=\"article:modified_time\" content=\"2026-02-02T07:01:21+00:00\" \/>\n<meta property=\"og:image\" content=\"https:\/\/instytutpolski.pl\/telaviv\/wp-content\/uploads\/sites\/20\/2020\/01\/31240916278_5268478320_k.jpg\" \/>\n\t<meta property=\"og:image:width\" content=\"2048\" \/>\n\t<meta property=\"og:image:height\" content=\"1363\" \/>\n\t<meta property=\"og:image:type\" content=\"image\/jpeg\" \/>\n<meta name=\"twitter:card\" content=\"summary_large_image\" \/>\n<meta name=\"twitter:label1\" content=\"Estimated reading time\" \/>\n\t<meta name=\"twitter:data1\" content=\"1 minute\" \/>\n<script type=\"application\/ld+json\" class=\"yoast-schema-graph\">{\"@context\":\"https:\/\/schema.org\",\"@graph\":[{\"@type\":\"WebPage\",\"@id\":\"https:\/\/instytutpolski.pl\/telaviv\/pl\/biblioteka\/\",\"url\":\"https:\/\/instytutpolski.pl\/telaviv\/pl\/biblioteka\/\",\"name\":\"Biblioteka - Instytut Polski w Tel Avivie\",\"isPartOf\":{\"@id\":\"https:\/\/instytutpolski.pl\/telaviv\/#website\"},\"primaryImageOfPage\":{\"@id\":\"https:\/\/instytutpolski.pl\/telaviv\/pl\/biblioteka\/#primaryimage\"},\"image\":{\"@id\":\"https:\/\/instytutpolski.pl\/telaviv\/pl\/biblioteka\/#primaryimage\"},\"thumbnailUrl\":\"https:\/\/instytutpolski.pl\/telaviv\/wp-content\/uploads\/sites\/20\/2020\/01\/31240916278_5268478320_k.jpg\",\"datePublished\":\"2019-05-31T08:28:56+00:00\",\"dateModified\":\"2026-02-02T07:01:21+00:00\",\"breadcrumb\":{\"@id\":\"https:\/\/instytutpolski.pl\/telaviv\/pl\/biblioteka\/#breadcrumb\"},\"inLanguage\":\"en-GB\",\"potentialAction\":[{\"@type\":\"ReadAction\",\"target\":[\"https:\/\/instytutpolski.pl\/telaviv\/pl\/biblioteka\/\"]}]},{\"@type\":\"ImageObject\",\"inLanguage\":\"en-GB\",\"@id\":\"https:\/\/instytutpolski.pl\/telaviv\/pl\/biblioteka\/#primaryimage\",\"url\":\"https:\/\/instytutpolski.pl\/telaviv\/wp-content\/uploads\/sites\/20\/2020\/01\/31240916278_5268478320_k.jpg\",\"contentUrl\":\"https:\/\/instytutpolski.pl\/telaviv\/wp-content\/uploads\/sites\/20\/2020\/01\/31240916278_5268478320_k.jpg\",\"width\":2048,\"height\":1363},{\"@type\":\"BreadcrumbList\",\"@id\":\"https:\/\/instytutpolski.pl\/telaviv\/pl\/biblioteka\/#breadcrumb\",\"itemListElement\":[{\"@type\":\"ListItem\",\"position\":1,\"name\":\"Home\",\"item\":\"https:\/\/instytutpolski.pl\/telaviv\/en\/\"},{\"@type\":\"ListItem\",\"position\":2,\"name\":\"Biblioteka\"}]},{\"@type\":\"WebSite\",\"@id\":\"https:\/\/instytutpolski.pl\/telaviv\/#website\",\"url\":\"https:\/\/instytutpolski.pl\/telaviv\/\",\"name\":\"Instytut Polski w Tel Avivie\",\"description\":\"Instytuty Polskie\",\"potentialAction\":[{\"@type\":\"SearchAction\",\"target\":{\"@type\":\"EntryPoint\",\"urlTemplate\":\"https:\/\/instytutpolski.pl\/telaviv\/?s={search_term_string}\"},\"query-input\":{\"@type\":\"PropertyValueSpecification\",\"valueRequired\":true,\"valueName\":\"search_term_string\"}}],\"inLanguage\":\"en-GB\"}]}<\/script>\n<!-- \/ Yoast SEO plugin. -->","yoast_head_json":{"title":"Biblioteka - Instytut Polski w Tel Avivie","robots":{"index":"index","follow":"follow","max-snippet":"max-snippet:-1","max-image-preview":"max-image-preview:large","max-video-preview":"max-video-preview:-1"},"canonical":"https:\/\/instytutpolski.pl\/telaviv\/pl\/biblioteka\/","og_locale":"en_GB","og_type":"article","og_title":"Biblioteka - Instytut Polski w Tel Avivie","og_description":"Katalog biblioteki &nbsp; Instytut Polski w Tel Awiwie dysponuje bogatym zbiorem ksi\u0105\u017cek w j\u0119zyku polskim w wydaniach oryginalnych i t\u0142umaczeniach. Posiadamy obszerny zbi\u00f3r hebrajskich przek\u0142ad\u00f3w literatury polskiej. Opr\u00f3cz bogatej kolekcji literatury pi\u0119knej posiadamy r\u00f3wnie\u017c dzia\u0142 historyczny po\u015bwi\u0119cony zar\u00f3wno historii Polski, jak i historii \u017byd\u00f3w polskich. Czytelnicy biblioteki znajd\u0105 tak\u017ce zbi\u00f3r reporta\u017cy, biografii, krymina\u0142\u00f3w oraz ksi\u0105\u017cek [&hellip;]","og_url":"https:\/\/instytutpolski.pl\/telaviv\/pl\/biblioteka\/","og_site_name":"Instytut Polski w Tel Avivie","article_modified_time":"2026-02-02T07:01:21+00:00","og_image":[{"width":2048,"height":1363,"url":"https:\/\/instytutpolski.pl\/telaviv\/wp-content\/uploads\/sites\/20\/2020\/01\/31240916278_5268478320_k.jpg","type":"image\/jpeg"}],"twitter_card":"summary_large_image","twitter_misc":{"Estimated reading time":"1 minute"},"schema":{"@context":"https:\/\/schema.org","@graph":[{"@type":"WebPage","@id":"https:\/\/instytutpolski.pl\/telaviv\/pl\/biblioteka\/","url":"https:\/\/instytutpolski.pl\/telaviv\/pl\/biblioteka\/","name":"Biblioteka - Instytut Polski w Tel Avivie","isPartOf":{"@id":"https:\/\/instytutpolski.pl\/telaviv\/#website"},"primaryImageOfPage":{"@id":"https:\/\/instytutpolski.pl\/telaviv\/pl\/biblioteka\/#primaryimage"},"image":{"@id":"https:\/\/instytutpolski.pl\/telaviv\/pl\/biblioteka\/#primaryimage"},"thumbnailUrl":"https:\/\/instytutpolski.pl\/telaviv\/wp-content\/uploads\/sites\/20\/2020\/01\/31240916278_5268478320_k.jpg","datePublished":"2019-05-31T08:28:56+00:00","dateModified":"2026-02-02T07:01:21+00:00","breadcrumb":{"@id":"https:\/\/instytutpolski.pl\/telaviv\/pl\/biblioteka\/#breadcrumb"},"inLanguage":"en-GB","potentialAction":[{"@type":"ReadAction","target":["https:\/\/instytutpolski.pl\/telaviv\/pl\/biblioteka\/"]}]},{"@type":"ImageObject","inLanguage":"en-GB","@id":"https:\/\/instytutpolski.pl\/telaviv\/pl\/biblioteka\/#primaryimage","url":"https:\/\/instytutpolski.pl\/telaviv\/wp-content\/uploads\/sites\/20\/2020\/01\/31240916278_5268478320_k.jpg","contentUrl":"https:\/\/instytutpolski.pl\/telaviv\/wp-content\/uploads\/sites\/20\/2020\/01\/31240916278_5268478320_k.jpg","width":2048,"height":1363},{"@type":"BreadcrumbList","@id":"https:\/\/instytutpolski.pl\/telaviv\/pl\/biblioteka\/#breadcrumb","itemListElement":[{"@type":"ListItem","position":1,"name":"Home","item":"https:\/\/instytutpolski.pl\/telaviv\/en\/"},{"@type":"ListItem","position":2,"name":"Biblioteka"}]},{"@type":"WebSite","@id":"https:\/\/instytutpolski.pl\/telaviv\/#website","url":"https:\/\/instytutpolski.pl\/telaviv\/","name":"Instytut Polski w Tel Avivie","description":"Instytuty Polskie","potentialAction":[{"@type":"SearchAction","target":{"@type":"EntryPoint","urlTemplate":"https:\/\/instytutpolski.pl\/telaviv\/?s={search_term_string}"},"query-input":{"@type":"PropertyValueSpecification","valueRequired":true,"valueName":"search_term_string"}}],"inLanguage":"en-GB"}]}},"_links":{"self":[{"href":"https:\/\/instytutpolski.pl\/telaviv\/wp-json\/wp\/v2\/pages\/3785","targetHints":{"allow":["GET"]}}],"collection":[{"href":"https:\/\/instytutpolski.pl\/telaviv\/wp-json\/wp\/v2\/pages"}],"about":[{"href":"https:\/\/instytutpolski.pl\/telaviv\/wp-json\/wp\/v2\/types\/page"}],"author":[{"embeddable":true,"href":"https:\/\/instytutpolski.pl\/telaviv\/wp-json\/wp\/v2\/users\/69"}],"replies":[{"embeddable":true,"href":"https:\/\/instytutpolski.pl\/telaviv\/wp-json\/wp\/v2\/comments?post=3785"}],"version-history":[{"count":17,"href":"https:\/\/instytutpolski.pl\/telaviv\/wp-json\/wp\/v2\/pages\/3785\/revisions"}],"predecessor-version":[{"id":7750,"href":"https:\/\/instytutpolski.pl\/telaviv\/wp-json\/wp\/v2\/pages\/3785\/revisions\/7750"}],"wp:featuredmedia":[{"embeddable":true,"href":"https:\/\/instytutpolski.pl\/telaviv\/wp-json\/wp\/v2\/media\/638"}],"wp:attachment":[{"href":"https:\/\/instytutpolski.pl\/telaviv\/wp-json\/wp\/v2\/media?parent=3785"}],"curies":[{"name":"wp","href":"https:\/\/api.w.org\/{rel}","templated":true}]}}