{"id":3885,"date":"2020-05-19T15:32:41","date_gmt":"2020-05-19T13:32:41","guid":{"rendered":"https:\/\/instytutpolski.pl\/telaviv\/?page_id=3885"},"modified":"2022-11-07T10:16:50","modified_gmt":"2022-11-07T09:16:50","slug":"instytut-polski-w-mediach","status":"publish","type":"page","link":"https:\/\/instytutpolski.pl\/telaviv\/pl\/instytut-polski-w-mediach\/","title":{"rendered":"Instytut Polski w mediach"},"content":{"rendered":"<p><strong><span style=\"font-family: tahoma, arial, helvetica, sans-serif\">Znana fotografka Michal Chelbin podczas wyjazdu do Polski stworzy\u0142a fotoreporta\u017c na temat polskich rodzin goszcz\u0105cych uchod\u017ac\u00f3w z Ukrainy oraz <\/span><\/strong><\/p>\n<p><strong><span style=\"font-family: tahoma, arial, helvetica, sans-serif\">wynikaj\u0105cego z tego wyj\u0105tkowego spotkania kultur<\/span><\/strong><\/p>\n<p><strong><a href=\"https:\/\/www.haaretz.co.il\/gallery\/galleryfriday\/2022-03-31\/ty-article-magazine\/.highlight\/00000180-5bce-de8c-a1aa-dbeeb26d0000\" target=\"_blank\" rel=\"noopener\"><span style=\"font-family: tahoma, arial, helvetica, sans-serif\">Fotoreporta\u017c wraz z towarzysz\u0105cym mu artyku\u0142em w dzienniku \u201eHaaretz\u201d z dnia 31 marca 2022 r.<\/span><\/a><\/strong><\/p>\n<p>&nbsp;<\/p>\n<p><strong><span style=\"font-family: tahoma, arial, helvetica, sans-serif\">Polacy po\u015bwi\u0119caj\u0105cy swoje \u017cycie w badaniach, tw\u00f3rczo\u015bci i kulturze w reporta\u017cu na temat piel\u0119gnowania i przywracania pami\u0119ci o polskich \u017bydach w Polsce<\/span><\/strong><\/p>\n<p><strong><a href=\"https:\/\/13tv.co.il\/item\/news\/domestic\/internal\/the-other-poles-903020343\/\" target=\"_blank\" rel=\"noopener\"><span style=\"font-family: tahoma, arial, helvetica, sans-serif\">Reporta\u017c na Kanale 13 z dnia 28 kwietnia 2022 r.<\/span><\/a><\/strong><\/p>\n<p>&nbsp;<\/p>\n<p><strong><span style=\"font-family: tahoma, arial, helvetica, sans-serif\">Artyku\u0142 autorstwa premiera RP Mateusza Morawieckiego na temat raportu o stratach wojennych opublikowanego przez polski rz\u0105d dnia 1 wrze\u015bnia 2022 r. w rocznic\u0119 <\/span><\/strong><\/p>\n<p><strong><span style=\"font-family: tahoma, arial, helvetica, sans-serif\">wybuchu drugiej wojny \u015bwiatowej, opisuj\u0105cego szkody wyrz\u0105dzone przez Niemcy w trakcie wojny<\/span><\/strong><\/p>\n<p><strong><a href=\"https:\/\/www.globes.co.il\/news\/article.aspx?did=1001424292\" target=\"_blank\" rel=\"noopener\"><span style=\"font-family: tahoma, arial, helvetica, sans-serif\">Artyku\u0142 w dzienniku \u201eGlobes\u201d z dnia 13 wrze\u015bnia 2022 r.<\/span><\/a><\/strong><\/p>\n","protected":false},"excerpt":{"rendered":"<p>Znana fotografka Michal Chelbin podczas wyjazdu do Polski stworzy\u0142a fotoreporta\u017c na temat polskich rodzin goszcz\u0105cych uchod\u017ac\u00f3w z Ukrainy oraz wynikaj\u0105cego z tego wyj\u0105tkowego spotkania kultur Fotoreporta\u017c wraz z towarzysz\u0105cym mu artyku\u0142em w dzienniku \u201eHaaretz\u201d z dnia 31 marca 2022 r. &nbsp; Polacy po\u015bwi\u0119caj\u0105cy swoje \u017cycie w badaniach, tw\u00f3rczo\u015bci i kulturze w reporta\u017cu na temat piel\u0119gnowania [&hellip;]<\/p>\n","protected":false},"author":69,"featured_media":618,"parent":0,"menu_order":0,"comment_status":"closed","ping_status":"closed","template":"","meta":{"inline_featured_image":false,"_monsterinsights_skip_tracking":false,"_monsterinsights_sitenote_active":false,"_monsterinsights_sitenote_note":"","_monsterinsights_sitenote_category":0,"footnotes":""},"class_list":["post-3885","page","type-page","status-publish","has-post-thumbnail","hentry"],"yoast_head":"<!-- This site is optimized with the Yoast SEO plugin v24.6 - https:\/\/yoast.com\/wordpress\/plugins\/seo\/ -->\n<title>Instytut Polski w mediach - Instytut Polski w Tel Avivie<\/title>\n<meta name=\"robots\" content=\"index, follow, max-snippet:-1, max-image-preview:large, max-video-preview:-1\" \/>\n<link rel=\"canonical\" href=\"https:\/\/instytutpolski.pl\/telaviv\/pl\/instytut-polski-w-mediach\/\" \/>\n<meta property=\"og:locale\" content=\"en_GB\" \/>\n<meta property=\"og:type\" content=\"article\" \/>\n<meta property=\"og:title\" content=\"Instytut Polski w mediach - Instytut Polski w Tel Avivie\" \/>\n<meta property=\"og:description\" content=\"Znana fotografka Michal Chelbin podczas wyjazdu do Polski stworzy\u0142a fotoreporta\u017c na temat polskich rodzin goszcz\u0105cych uchod\u017ac\u00f3w z Ukrainy oraz wynikaj\u0105cego z tego wyj\u0105tkowego spotkania kultur Fotoreporta\u017c wraz z towarzysz\u0105cym mu artyku\u0142em w dzienniku \u201eHaaretz\u201d z dnia 31 marca 2022 r. &nbsp; Polacy po\u015bwi\u0119caj\u0105cy swoje \u017cycie w badaniach, tw\u00f3rczo\u015bci i kulturze w reporta\u017cu na temat piel\u0119gnowania [&hellip;]\" \/>\n<meta property=\"og:url\" content=\"https:\/\/instytutpolski.pl\/telaviv\/pl\/instytut-polski-w-mediach\/\" \/>\n<meta property=\"og:site_name\" content=\"Instytut Polski w Tel Avivie\" \/>\n<meta property=\"article:modified_time\" content=\"2022-11-07T09:16:50+00:00\" \/>\n<meta property=\"og:image\" content=\"https:\/\/instytutpolski.pl\/telaviv\/wp-content\/uploads\/sites\/20\/2020\/01\/45065655252_d429432b87_k.jpg\" \/>\n\t<meta property=\"og:image:width\" content=\"2048\" \/>\n\t<meta property=\"og:image:height\" content=\"1366\" \/>\n\t<meta property=\"og:image:type\" content=\"image\/jpeg\" \/>\n<meta name=\"twitter:card\" content=\"summary_large_image\" \/>\n<meta name=\"twitter:label1\" content=\"Estimated reading time\" \/>\n\t<meta name=\"twitter:data1\" content=\"1 minute\" \/>\n<script type=\"application\/ld+json\" class=\"yoast-schema-graph\">{\"@context\":\"https:\/\/schema.org\",\"@graph\":[{\"@type\":\"WebPage\",\"@id\":\"https:\/\/instytutpolski.pl\/telaviv\/pl\/instytut-polski-w-mediach\/\",\"url\":\"https:\/\/instytutpolski.pl\/telaviv\/pl\/instytut-polski-w-mediach\/\",\"name\":\"Instytut Polski w mediach - Instytut Polski w Tel Avivie\",\"isPartOf\":{\"@id\":\"https:\/\/instytutpolski.pl\/telaviv\/#website\"},\"primaryImageOfPage\":{\"@id\":\"https:\/\/instytutpolski.pl\/telaviv\/pl\/instytut-polski-w-mediach\/#primaryimage\"},\"image\":{\"@id\":\"https:\/\/instytutpolski.pl\/telaviv\/pl\/instytut-polski-w-mediach\/#primaryimage\"},\"thumbnailUrl\":\"https:\/\/instytutpolski.pl\/telaviv\/wp-content\/uploads\/sites\/20\/2020\/01\/45065655252_d429432b87_k.jpg\",\"datePublished\":\"2020-05-19T13:32:41+00:00\",\"dateModified\":\"2022-11-07T09:16:50+00:00\",\"breadcrumb\":{\"@id\":\"https:\/\/instytutpolski.pl\/telaviv\/pl\/instytut-polski-w-mediach\/#breadcrumb\"},\"inLanguage\":\"en-GB\",\"potentialAction\":[{\"@type\":\"ReadAction\",\"target\":[\"https:\/\/instytutpolski.pl\/telaviv\/pl\/instytut-polski-w-mediach\/\"]}]},{\"@type\":\"ImageObject\",\"inLanguage\":\"en-GB\",\"@id\":\"https:\/\/instytutpolski.pl\/telaviv\/pl\/instytut-polski-w-mediach\/#primaryimage\",\"url\":\"https:\/\/instytutpolski.pl\/telaviv\/wp-content\/uploads\/sites\/20\/2020\/01\/45065655252_d429432b87_k.jpg\",\"contentUrl\":\"https:\/\/instytutpolski.pl\/telaviv\/wp-content\/uploads\/sites\/20\/2020\/01\/45065655252_d429432b87_k.jpg\",\"width\":2048,\"height\":1366},{\"@type\":\"BreadcrumbList\",\"@id\":\"https:\/\/instytutpolski.pl\/telaviv\/pl\/instytut-polski-w-mediach\/#breadcrumb\",\"itemListElement\":[{\"@type\":\"ListItem\",\"position\":1,\"name\":\"Home\",\"item\":\"https:\/\/instytutpolski.pl\/telaviv\/en\/\"},{\"@type\":\"ListItem\",\"position\":2,\"name\":\"Instytut Polski w mediach\"}]},{\"@type\":\"WebSite\",\"@id\":\"https:\/\/instytutpolski.pl\/telaviv\/#website\",\"url\":\"https:\/\/instytutpolski.pl\/telaviv\/\",\"name\":\"Instytut Polski w Tel Avivie\",\"description\":\"Instytuty Polskie\",\"potentialAction\":[{\"@type\":\"SearchAction\",\"target\":{\"@type\":\"EntryPoint\",\"urlTemplate\":\"https:\/\/instytutpolski.pl\/telaviv\/?s={search_term_string}\"},\"query-input\":{\"@type\":\"PropertyValueSpecification\",\"valueRequired\":true,\"valueName\":\"search_term_string\"}}],\"inLanguage\":\"en-GB\"}]}<\/script>\n<!-- \/ Yoast SEO plugin. -->","yoast_head_json":{"title":"Instytut Polski w mediach - Instytut Polski w Tel Avivie","robots":{"index":"index","follow":"follow","max-snippet":"max-snippet:-1","max-image-preview":"max-image-preview:large","max-video-preview":"max-video-preview:-1"},"canonical":"https:\/\/instytutpolski.pl\/telaviv\/pl\/instytut-polski-w-mediach\/","og_locale":"en_GB","og_type":"article","og_title":"Instytut Polski w mediach - Instytut Polski w Tel Avivie","og_description":"Znana fotografka Michal Chelbin podczas wyjazdu do Polski stworzy\u0142a fotoreporta\u017c na temat polskich rodzin goszcz\u0105cych uchod\u017ac\u00f3w z Ukrainy oraz wynikaj\u0105cego z tego wyj\u0105tkowego spotkania kultur Fotoreporta\u017c wraz z towarzysz\u0105cym mu artyku\u0142em w dzienniku \u201eHaaretz\u201d z dnia 31 marca 2022 r. &nbsp; Polacy po\u015bwi\u0119caj\u0105cy swoje \u017cycie w badaniach, tw\u00f3rczo\u015bci i kulturze w reporta\u017cu na temat piel\u0119gnowania [&hellip;]","og_url":"https:\/\/instytutpolski.pl\/telaviv\/pl\/instytut-polski-w-mediach\/","og_site_name":"Instytut Polski w Tel Avivie","article_modified_time":"2022-11-07T09:16:50+00:00","og_image":[{"width":2048,"height":1366,"url":"https:\/\/instytutpolski.pl\/telaviv\/wp-content\/uploads\/sites\/20\/2020\/01\/45065655252_d429432b87_k.jpg","type":"image\/jpeg"}],"twitter_card":"summary_large_image","twitter_misc":{"Estimated reading time":"1 minute"},"schema":{"@context":"https:\/\/schema.org","@graph":[{"@type":"WebPage","@id":"https:\/\/instytutpolski.pl\/telaviv\/pl\/instytut-polski-w-mediach\/","url":"https:\/\/instytutpolski.pl\/telaviv\/pl\/instytut-polski-w-mediach\/","name":"Instytut Polski w mediach - Instytut Polski w Tel Avivie","isPartOf":{"@id":"https:\/\/instytutpolski.pl\/telaviv\/#website"},"primaryImageOfPage":{"@id":"https:\/\/instytutpolski.pl\/telaviv\/pl\/instytut-polski-w-mediach\/#primaryimage"},"image":{"@id":"https:\/\/instytutpolski.pl\/telaviv\/pl\/instytut-polski-w-mediach\/#primaryimage"},"thumbnailUrl":"https:\/\/instytutpolski.pl\/telaviv\/wp-content\/uploads\/sites\/20\/2020\/01\/45065655252_d429432b87_k.jpg","datePublished":"2020-05-19T13:32:41+00:00","dateModified":"2022-11-07T09:16:50+00:00","breadcrumb":{"@id":"https:\/\/instytutpolski.pl\/telaviv\/pl\/instytut-polski-w-mediach\/#breadcrumb"},"inLanguage":"en-GB","potentialAction":[{"@type":"ReadAction","target":["https:\/\/instytutpolski.pl\/telaviv\/pl\/instytut-polski-w-mediach\/"]}]},{"@type":"ImageObject","inLanguage":"en-GB","@id":"https:\/\/instytutpolski.pl\/telaviv\/pl\/instytut-polski-w-mediach\/#primaryimage","url":"https:\/\/instytutpolski.pl\/telaviv\/wp-content\/uploads\/sites\/20\/2020\/01\/45065655252_d429432b87_k.jpg","contentUrl":"https:\/\/instytutpolski.pl\/telaviv\/wp-content\/uploads\/sites\/20\/2020\/01\/45065655252_d429432b87_k.jpg","width":2048,"height":1366},{"@type":"BreadcrumbList","@id":"https:\/\/instytutpolski.pl\/telaviv\/pl\/instytut-polski-w-mediach\/#breadcrumb","itemListElement":[{"@type":"ListItem","position":1,"name":"Home","item":"https:\/\/instytutpolski.pl\/telaviv\/en\/"},{"@type":"ListItem","position":2,"name":"Instytut Polski w mediach"}]},{"@type":"WebSite","@id":"https:\/\/instytutpolski.pl\/telaviv\/#website","url":"https:\/\/instytutpolski.pl\/telaviv\/","name":"Instytut Polski w Tel Avivie","description":"Instytuty Polskie","potentialAction":[{"@type":"SearchAction","target":{"@type":"EntryPoint","urlTemplate":"https:\/\/instytutpolski.pl\/telaviv\/?s={search_term_string}"},"query-input":{"@type":"PropertyValueSpecification","valueRequired":true,"valueName":"search_term_string"}}],"inLanguage":"en-GB"}]}},"_links":{"self":[{"href":"https:\/\/instytutpolski.pl\/telaviv\/wp-json\/wp\/v2\/pages\/3885","targetHints":{"allow":["GET"]}}],"collection":[{"href":"https:\/\/instytutpolski.pl\/telaviv\/wp-json\/wp\/v2\/pages"}],"about":[{"href":"https:\/\/instytutpolski.pl\/telaviv\/wp-json\/wp\/v2\/types\/page"}],"author":[{"embeddable":true,"href":"https:\/\/instytutpolski.pl\/telaviv\/wp-json\/wp\/v2\/users\/69"}],"replies":[{"embeddable":true,"href":"https:\/\/instytutpolski.pl\/telaviv\/wp-json\/wp\/v2\/comments?post=3885"}],"version-history":[{"count":1,"href":"https:\/\/instytutpolski.pl\/telaviv\/wp-json\/wp\/v2\/pages\/3885\/revisions"}],"predecessor-version":[{"id":3886,"href":"https:\/\/instytutpolski.pl\/telaviv\/wp-json\/wp\/v2\/pages\/3885\/revisions\/3886"}],"wp:featuredmedia":[{"embeddable":true,"href":"https:\/\/instytutpolski.pl\/telaviv\/wp-json\/wp\/v2\/media\/618"}],"wp:attachment":[{"href":"https:\/\/instytutpolski.pl\/telaviv\/wp-json\/wp\/v2\/media?parent=3885"}],"curies":[{"name":"wp","href":"https:\/\/api.w.org\/{rel}","templated":true}]}}