{"id":5387,"date":"2019-06-26T13:39:30","date_gmt":"2019-06-26T11:39:30","guid":{"rendered":"https:\/\/instytutpolski.pl\/telaviv\/?page_id=5387"},"modified":"2025-08-19T22:37:28","modified_gmt":"2025-08-19T20:37:28","slug":"zespol","status":"publish","type":"page","link":"https:\/\/instytutpolski.pl\/telaviv\/pl\/zespol\/","title":{"rendered":"Zesp\u00f3\u0142"},"content":{"rendered":"<p><\/p>\r\n<p>&nbsp;<\/p>\r\n<table style=\"width: 80.2289%;height: 349px\" border=\"0\" width=\"777\" cellspacing=\"0\" cellpadding=\"0\" align=\"center\">\r\n<tbody>\r\n<tr>\r\n<td style=\"width: 28.8196%\">\r\n<p><strong>Magdalena Kuku\u0142a<\/strong><\/p>\r\n<\/td>\r\n<td style=\"width: 25.4954%\">Dyrektor<\/td>\r\n<td style=\"width: 45.9027%\"><a href=\"mailto:adam.sadownik@msz.gov.pl\">magdalena.kukula@msz.gov.pl\u00a0<\/a><\/td>\r\n<\/tr>\r\n<tr>\r\n<td style=\"width: 28.8196%\">\r\n<p><strong>Rados\u0142aw W\u00f3jcik<\/strong><\/p>\r\n<\/td>\r\n<td style=\"width: 25.4954%\">Z-ca Dyrektora<\/td>\r\n<td style=\"width: 45.9027%\"><a href=\"mailto:radoslaw.wojcik@msz.gov.pl\">radoslaw.wojcik@msz.gov.pl<\/a><\/td>\r\n<\/tr>\r\n<tr class=\"sectiontableentry1\" style=\"height: 23px\">\r\n<td style=\"height: 22px;width: 28.8196%\" height=\"20\">\r\n<p><strong>Barbara Eytan<\/strong><\/p>\r\n<p>&nbsp;<\/p>\r\n<\/td>\r\n<td style=\"height: 22px;width: 25.4954%\">Sekretariat<\/td>\r\n<td style=\"height: 22px;width: 45.9027%\" width=\"15%\"><a href=\"mailto:Yasmin.harel@instytutpolski.org\">telaviv@instytutpolski.pl<\/a><\/td>\r\n<\/tr>\r\n<tr class=\"sectiontableentry1\" style=\"height: 55px\">\r\n<td style=\"height: 55px;width: 28.8196%\" height=\"20\">\r\n<p><strong>Julia Mackiewicz<\/strong><\/p>\r\n<p>&nbsp;<\/p>\r\n<\/td>\r\n<td style=\"height: 55px;width: 25.4954%\">Projekty Kulturalne i Edukacyjne<\/td>\r\n<td style=\"height: 55px;width: 45.9027%\" width=\"15%\">\r\n<p><a href=\"mailto:julia.mackiewicz@instytutpolski.org\">julia.mackiewicz@instytutpolski.pl<\/a><\/p>\r\n<\/td>\r\n<\/tr>\r\n<tr class=\"sectiontableentry1\" style=\"height: 46px\">\r\n<td style=\"height: 46px;width: 28.8196%\" height=\"20\">\r\n<p><strong>Moran Sulmirski-Noam<\/strong><\/p>\r\n<p>&nbsp;<\/p>\r\n<\/td>\r\n<td style=\"height: 46px;width: 25.4954%\">Projekty Kulturalne i Edukacyjne<\/td>\r\n<td style=\"height: 46px;width: 45.9027%\" width=\"15%\">\r\n<p><a href=\"mailto:hagay.hacohen@instytutpolski.pl\">moran.sulmirski-noam@instytutpolski.pl<\/a><\/p>\r\n<\/td>\r\n<\/tr>\r\n<tr class=\"sectiontableentry1\" style=\"height: 46px\">\r\n<td style=\"height: 46px;width: 28.8196%\" height=\"20\">\r\n<p><strong>Lior Tamim<\/strong><\/p>\r\n<p>&nbsp;<\/p>\r\n<\/td>\r\n<td style=\"height: 46px;width: 25.4954%\">Projekty Kulturalne i Edukacyjne<\/td>\r\n<td style=\"height: 46px;width: 45.9027%\" width=\"15%\">\r\n<p><a href=\"mailto:hagay.hacohen@instytutpolski.pl\">lior.tamim@instytutpolski.pl<\/a><\/p>\r\n<\/td>\r\n<\/tr>\r\n<tr style=\"height: 55px\">\r\n<td style=\"width: 28.8196%;height: 55px\">\r\n<p><strong>Anna Ben \u2013 Natan<\/strong><\/p>\r\n<\/td>\r\n<td style=\"width: 25.4954%;height: 55px\">Projekty Kulturalne i Edukacyjne<\/td>\r\n<td style=\"width: 45.9027%;height: 55px\">\r\n<p><a href=\"mailto:anna.ben-natan@instytutpolski.pl\">anna.ben-natan@instytutpolski.pl<\/a><\/p>\r\n<\/td>\r\n<\/tr>\r\n<tr>\r\n<td style=\"width: 28.8196%\">\r\n<p><strong>Tal Barel<\/strong><\/p>\r\n<\/td>\r\n<td style=\"width: 25.4954%\">PR &amp; komunikacja<\/td>\r\n<td style=\"width: 45.9027%\">\r\n<p><a href=\"mailto:tal.barel@instytutpolski.pl\">tal.barel@instytutpolski.pl\u00a0<\/a><\/p>\r\n<\/td>\r\n<\/tr>\r\n<tr class=\"sectiontableentry1\" style=\"height: 23px\">\r\n<td style=\"height: 23px;width: 28.8196%\" height=\"20\">\r\n<p><strong>Agata Krizevski<\/strong><\/p>\r\n<p>&nbsp;<\/p>\r\n<\/td>\r\n<td style=\"height: 23px;width: 25.4954%\">Biblioteka i Projekty Literackie<\/td>\r\n<td style=\"height: 23px;width: 45.9027%\" width=\"15%\"><a href=\"mailto:telaviv.librarian@instytutpolski.org\">telaviv.librarian@instytutpolski.pl<\/a><\/td>\r\n<\/tr>\r\n<tr class=\"sectiontableentry2\" style=\"height: 23px\">\r\n<td style=\"height: 23px;width: 28.8196%\" height=\"20\">\r\n<p><strong>Jacek Sawicki<\/strong><\/p>\r\n<p>&nbsp;<\/p>\r\n<\/td>\r\n<td style=\"height: 23px;width: 25.4954%\">Intendent i Kierowca<\/td>\r\n<td style=\"height: 23px;width: 45.9027%\" width=\"15%\">\u00a0<a href=\"mailto:telaviv.logistics@instytutpolski.org\">jacek.sawicki@instytutpolski.pl<\/a><\/td>\r\n<\/tr>\r\n<tr>\r\n<td style=\"width: 28.8196%\">\r\n<p><strong>Natalia Wysocka<\/strong><\/p>\r\n<\/td>\r\n<td style=\"width: 25.4954%\">Referat ds. Obs\u0142ugi Administracyjno-Finansowej<\/td>\r\n<td style=\"width: 45.9027%\">\u00a0 <a href=\"mailto:telaviv.logistics@instytutpolski.org\">natalia.wysocka@instytutpolski.pl<\/a><\/td>\r\n<\/tr>\r\n<\/tbody>\r\n<\/table>\r\n<p><\/p>","protected":false},"excerpt":{"rendered":"<p>&nbsp; Magdalena Kuku\u0142a Dyrektor magdalena.kukula@msz.gov.pl\u00a0 Rados\u0142aw W\u00f3jcik Z-ca Dyrektora radoslaw.wojcik@msz.gov.pl Barbara Eytan &nbsp; Sekretariat telaviv@instytutpolski.pl Julia Mackiewicz &nbsp; Projekty Kulturalne i Edukacyjne julia.mackiewicz@instytutpolski.pl Moran Sulmirski-Noam &nbsp; Projekty Kulturalne i Edukacyjne moran.sulmirski-noam@instytutpolski.pl Lior Tamim &nbsp; Projekty Kulturalne i Edukacyjne lior.tamim@instytutpolski.pl Anna Ben \u2013 Natan Projekty Kulturalne i Edukacyjne anna.ben-natan@instytutpolski.pl Tal Barel PR &amp; komunikacja tal.barel@instytutpolski.pl\u00a0 Agata [&hellip;]<\/p>\n","protected":false},"author":26,"featured_media":630,"parent":0,"menu_order":0,"comment_status":"closed","ping_status":"closed","template":"","meta":{"inline_featured_image":false,"_monsterinsights_skip_tracking":false,"_monsterinsights_sitenote_active":false,"_monsterinsights_sitenote_note":"","_monsterinsights_sitenote_category":0,"footnotes":""},"class_list":["post-5387","page","type-page","status-publish","has-post-thumbnail","hentry"],"yoast_head":"<!-- This site is optimized with the Yoast SEO plugin v24.6 - https:\/\/yoast.com\/wordpress\/plugins\/seo\/ -->\n<title>Zesp\u00f3\u0142 - Instytut Polski w Tel Avivie<\/title>\n<meta name=\"robots\" content=\"index, follow, max-snippet:-1, max-image-preview:large, max-video-preview:-1\" \/>\n<link rel=\"canonical\" href=\"https:\/\/instytutpolski.pl\/telaviv\/pl\/zespol\/\" \/>\n<meta property=\"og:locale\" content=\"en_GB\" \/>\n<meta property=\"og:type\" content=\"article\" \/>\n<meta property=\"og:title\" content=\"Zesp\u00f3\u0142 - Instytut Polski w Tel Avivie\" \/>\n<meta property=\"og:description\" content=\"&nbsp; Magdalena Kuku\u0142a Dyrektor magdalena.kukula@msz.gov.pl\u00a0 Rados\u0142aw W\u00f3jcik Z-ca Dyrektora radoslaw.wojcik@msz.gov.pl Barbara Eytan &nbsp; Sekretariat telaviv@instytutpolski.pl Julia Mackiewicz &nbsp; Projekty Kulturalne i Edukacyjne julia.mackiewicz@instytutpolski.pl Moran Sulmirski-Noam &nbsp; Projekty Kulturalne i Edukacyjne moran.sulmirski-noam@instytutpolski.pl Lior Tamim &nbsp; Projekty Kulturalne i Edukacyjne lior.tamim@instytutpolski.pl Anna Ben \u2013 Natan Projekty Kulturalne i Edukacyjne anna.ben-natan@instytutpolski.pl Tal Barel PR &amp; komunikacja tal.barel@instytutpolski.pl\u00a0 Agata [&hellip;]\" \/>\n<meta property=\"og:url\" content=\"https:\/\/instytutpolski.pl\/telaviv\/pl\/zespol\/\" \/>\n<meta property=\"og:site_name\" content=\"Instytut Polski w Tel Avivie\" \/>\n<meta property=\"article:modified_time\" content=\"2025-08-19T20:37:28+00:00\" \/>\n<meta property=\"og:image\" content=\"https:\/\/instytutpolski.pl\/telaviv\/wp-content\/uploads\/sites\/20\/2020\/01\/30176742177_a184df540d_k.jpg\" \/>\n\t<meta property=\"og:image:width\" content=\"2048\" \/>\n\t<meta property=\"og:image:height\" content=\"1366\" \/>\n\t<meta property=\"og:image:type\" content=\"image\/jpeg\" \/>\n<meta name=\"twitter:card\" content=\"summary_large_image\" \/>\n<meta name=\"twitter:label1\" content=\"Estimated reading time\" \/>\n\t<meta name=\"twitter:data1\" content=\"1 minute\" \/>\n<script type=\"application\/ld+json\" class=\"yoast-schema-graph\">{\"@context\":\"https:\/\/schema.org\",\"@graph\":[{\"@type\":\"WebPage\",\"@id\":\"https:\/\/instytutpolski.pl\/telaviv\/pl\/zespol\/\",\"url\":\"https:\/\/instytutpolski.pl\/telaviv\/pl\/zespol\/\",\"name\":\"Zesp\u00f3\u0142 - Instytut Polski w Tel Avivie\",\"isPartOf\":{\"@id\":\"https:\/\/instytutpolski.pl\/telaviv\/#website\"},\"primaryImageOfPage\":{\"@id\":\"https:\/\/instytutpolski.pl\/telaviv\/pl\/zespol\/#primaryimage\"},\"image\":{\"@id\":\"https:\/\/instytutpolski.pl\/telaviv\/pl\/zespol\/#primaryimage\"},\"thumbnailUrl\":\"https:\/\/instytutpolski.pl\/telaviv\/wp-content\/uploads\/sites\/20\/2020\/01\/30176742177_a184df540d_k.jpg\",\"datePublished\":\"2019-06-26T11:39:30+00:00\",\"dateModified\":\"2025-08-19T20:37:28+00:00\",\"breadcrumb\":{\"@id\":\"https:\/\/instytutpolski.pl\/telaviv\/pl\/zespol\/#breadcrumb\"},\"inLanguage\":\"en-GB\",\"potentialAction\":[{\"@type\":\"ReadAction\",\"target\":[\"https:\/\/instytutpolski.pl\/telaviv\/pl\/zespol\/\"]}]},{\"@type\":\"ImageObject\",\"inLanguage\":\"en-GB\",\"@id\":\"https:\/\/instytutpolski.pl\/telaviv\/pl\/zespol\/#primaryimage\",\"url\":\"https:\/\/instytutpolski.pl\/telaviv\/wp-content\/uploads\/sites\/20\/2020\/01\/30176742177_a184df540d_k.jpg\",\"contentUrl\":\"https:\/\/instytutpolski.pl\/telaviv\/wp-content\/uploads\/sites\/20\/2020\/01\/30176742177_a184df540d_k.jpg\",\"width\":2048,\"height\":1366},{\"@type\":\"BreadcrumbList\",\"@id\":\"https:\/\/instytutpolski.pl\/telaviv\/pl\/zespol\/#breadcrumb\",\"itemListElement\":[{\"@type\":\"ListItem\",\"position\":1,\"name\":\"Home\",\"item\":\"https:\/\/instytutpolski.pl\/telaviv\/en\/\"},{\"@type\":\"ListItem\",\"position\":2,\"name\":\"Zesp\u00f3\u0142\"}]},{\"@type\":\"WebSite\",\"@id\":\"https:\/\/instytutpolski.pl\/telaviv\/#website\",\"url\":\"https:\/\/instytutpolski.pl\/telaviv\/\",\"name\":\"Instytut Polski w Tel Avivie\",\"description\":\"Instytuty Polskie\",\"potentialAction\":[{\"@type\":\"SearchAction\",\"target\":{\"@type\":\"EntryPoint\",\"urlTemplate\":\"https:\/\/instytutpolski.pl\/telaviv\/?s={search_term_string}\"},\"query-input\":{\"@type\":\"PropertyValueSpecification\",\"valueRequired\":true,\"valueName\":\"search_term_string\"}}],\"inLanguage\":\"en-GB\"}]}<\/script>\n<!-- \/ Yoast SEO plugin. -->","yoast_head_json":{"title":"Zesp\u00f3\u0142 - Instytut Polski w Tel Avivie","robots":{"index":"index","follow":"follow","max-snippet":"max-snippet:-1","max-image-preview":"max-image-preview:large","max-video-preview":"max-video-preview:-1"},"canonical":"https:\/\/instytutpolski.pl\/telaviv\/pl\/zespol\/","og_locale":"en_GB","og_type":"article","og_title":"Zesp\u00f3\u0142 - Instytut Polski w Tel Avivie","og_description":"&nbsp; Magdalena Kuku\u0142a Dyrektor magdalena.kukula@msz.gov.pl\u00a0 Rados\u0142aw W\u00f3jcik Z-ca Dyrektora radoslaw.wojcik@msz.gov.pl Barbara Eytan &nbsp; Sekretariat telaviv@instytutpolski.pl Julia Mackiewicz &nbsp; Projekty Kulturalne i Edukacyjne julia.mackiewicz@instytutpolski.pl Moran Sulmirski-Noam &nbsp; Projekty Kulturalne i Edukacyjne moran.sulmirski-noam@instytutpolski.pl Lior Tamim &nbsp; Projekty Kulturalne i Edukacyjne lior.tamim@instytutpolski.pl Anna Ben \u2013 Natan Projekty Kulturalne i Edukacyjne anna.ben-natan@instytutpolski.pl Tal Barel PR &amp; komunikacja tal.barel@instytutpolski.pl\u00a0 Agata [&hellip;]","og_url":"https:\/\/instytutpolski.pl\/telaviv\/pl\/zespol\/","og_site_name":"Instytut Polski w Tel Avivie","article_modified_time":"2025-08-19T20:37:28+00:00","og_image":[{"width":2048,"height":1366,"url":"https:\/\/instytutpolski.pl\/telaviv\/wp-content\/uploads\/sites\/20\/2020\/01\/30176742177_a184df540d_k.jpg","type":"image\/jpeg"}],"twitter_card":"summary_large_image","twitter_misc":{"Estimated reading time":"1 minute"},"schema":{"@context":"https:\/\/schema.org","@graph":[{"@type":"WebPage","@id":"https:\/\/instytutpolski.pl\/telaviv\/pl\/zespol\/","url":"https:\/\/instytutpolski.pl\/telaviv\/pl\/zespol\/","name":"Zesp\u00f3\u0142 - Instytut Polski w Tel Avivie","isPartOf":{"@id":"https:\/\/instytutpolski.pl\/telaviv\/#website"},"primaryImageOfPage":{"@id":"https:\/\/instytutpolski.pl\/telaviv\/pl\/zespol\/#primaryimage"},"image":{"@id":"https:\/\/instytutpolski.pl\/telaviv\/pl\/zespol\/#primaryimage"},"thumbnailUrl":"https:\/\/instytutpolski.pl\/telaviv\/wp-content\/uploads\/sites\/20\/2020\/01\/30176742177_a184df540d_k.jpg","datePublished":"2019-06-26T11:39:30+00:00","dateModified":"2025-08-19T20:37:28+00:00","breadcrumb":{"@id":"https:\/\/instytutpolski.pl\/telaviv\/pl\/zespol\/#breadcrumb"},"inLanguage":"en-GB","potentialAction":[{"@type":"ReadAction","target":["https:\/\/instytutpolski.pl\/telaviv\/pl\/zespol\/"]}]},{"@type":"ImageObject","inLanguage":"en-GB","@id":"https:\/\/instytutpolski.pl\/telaviv\/pl\/zespol\/#primaryimage","url":"https:\/\/instytutpolski.pl\/telaviv\/wp-content\/uploads\/sites\/20\/2020\/01\/30176742177_a184df540d_k.jpg","contentUrl":"https:\/\/instytutpolski.pl\/telaviv\/wp-content\/uploads\/sites\/20\/2020\/01\/30176742177_a184df540d_k.jpg","width":2048,"height":1366},{"@type":"BreadcrumbList","@id":"https:\/\/instytutpolski.pl\/telaviv\/pl\/zespol\/#breadcrumb","itemListElement":[{"@type":"ListItem","position":1,"name":"Home","item":"https:\/\/instytutpolski.pl\/telaviv\/en\/"},{"@type":"ListItem","position":2,"name":"Zesp\u00f3\u0142"}]},{"@type":"WebSite","@id":"https:\/\/instytutpolski.pl\/telaviv\/#website","url":"https:\/\/instytutpolski.pl\/telaviv\/","name":"Instytut Polski w Tel Avivie","description":"Instytuty Polskie","potentialAction":[{"@type":"SearchAction","target":{"@type":"EntryPoint","urlTemplate":"https:\/\/instytutpolski.pl\/telaviv\/?s={search_term_string}"},"query-input":{"@type":"PropertyValueSpecification","valueRequired":true,"valueName":"search_term_string"}}],"inLanguage":"en-GB"}]}},"_links":{"self":[{"href":"https:\/\/instytutpolski.pl\/telaviv\/wp-json\/wp\/v2\/pages\/5387","targetHints":{"allow":["GET"]}}],"collection":[{"href":"https:\/\/instytutpolski.pl\/telaviv\/wp-json\/wp\/v2\/pages"}],"about":[{"href":"https:\/\/instytutpolski.pl\/telaviv\/wp-json\/wp\/v2\/types\/page"}],"author":[{"embeddable":true,"href":"https:\/\/instytutpolski.pl\/telaviv\/wp-json\/wp\/v2\/users\/26"}],"replies":[{"embeddable":true,"href":"https:\/\/instytutpolski.pl\/telaviv\/wp-json\/wp\/v2\/comments?post=5387"}],"version-history":[{"count":12,"href":"https:\/\/instytutpolski.pl\/telaviv\/wp-json\/wp\/v2\/pages\/5387\/revisions"}],"predecessor-version":[{"id":6875,"href":"https:\/\/instytutpolski.pl\/telaviv\/wp-json\/wp\/v2\/pages\/5387\/revisions\/6875"}],"wp:featuredmedia":[{"embeddable":true,"href":"https:\/\/instytutpolski.pl\/telaviv\/wp-json\/wp\/v2\/media\/630"}],"wp:attachment":[{"href":"https:\/\/instytutpolski.pl\/telaviv\/wp-json\/wp\/v2\/media?parent=5387"}],"curies":[{"name":"wp","href":"https:\/\/api.w.org\/{rel}","templated":true}]}}