{"id":1081,"date":"2019-12-16T11:10:00","date_gmt":"2019-12-16T10:10:00","guid":{"rendered":"https:\/\/instytutpolski.pl\/tokyo\/?page_id=1081"},"modified":"2020-03-10T14:15:26","modified_gmt":"2020-03-10T13:15:26","slug":"pl100jp-2","status":"publish","type":"page","link":"https:\/\/instytutpolski.pl\/tokyo\/pl\/pl100jp-2\/","title":{"rendered":"PL100JP"},"content":{"rendered":"\n\n\n<h3 style=\"text-align: center;\">W 2019 roku Polska i Japonia obchodz\u0105 setn\u0105 rocznic\u0119 nawi\u0105zania stosunk\u00f3w dyplomatycznych.<\/h3>\n<h5 style=\"text-align: center;\">W tym Jubileuszowym roku chcemy przypomnie\u0107 histori\u0119 relacji polsko-japo\u0144skich oraz pog\u0142\u0119bi\u0107 wymian\u0119 kulturow\u0105. W ci\u0105gu nadchodz\u0105cego roku w Polsce i Japonii odb\u0119dzie si\u0119 wiele wydarze\u0144 towarzysz\u0105cych obchodom rocznicy.<\/h5>\n","protected":false},"excerpt":{"rendered":"<p>W 2019 roku Polska i Japonia obchodz\u0105 setn\u0105 rocznic\u0119 nawi\u0105zania stosunk\u00f3w dyplomatycznych. W tym Jubileuszowym roku chcemy przypomnie\u0107 histori\u0119 relacji polsko-japo\u0144skich oraz pog\u0142\u0119bi\u0107 wymian\u0119 kulturow\u0105. W ci\u0105gu nadchodz\u0105cego roku w Polsce i Japonii odb\u0119dzie si\u0119 wiele wydarze\u0144 towarzysz\u0105cych obchodom rocznicy.<\/p>\n","protected":false},"author":26,"featured_media":1080,"parent":0,"menu_order":0,"comment_status":"closed","ping_status":"closed","template":"page-big-event.php","meta":{"inline_featured_image":false,"_monsterinsights_skip_tracking":false,"_monsterinsights_sitenote_active":false,"_monsterinsights_sitenote_note":"","_monsterinsights_sitenote_category":0,"footnotes":""},"class_list":["post-1081","page","type-page","status-publish","has-post-thumbnail","hentry"],"yoast_head":"<!-- This site is optimized with the Yoast SEO plugin v24.6 - https:\/\/yoast.com\/wordpress\/plugins\/seo\/ -->\n<title>PL100JP - Instytut Polski w Tokio<\/title>\n<meta name=\"robots\" content=\"index, follow, max-snippet:-1, max-image-preview:large, max-video-preview:-1\" \/>\n<link rel=\"canonical\" href=\"https:\/\/instytutpolski.pl\/tokyo\/pl\/pl100jp-2\/\" \/>\n<meta property=\"og:locale\" content=\"pl_PL\" \/>\n<meta property=\"og:type\" content=\"article\" \/>\n<meta property=\"og:title\" content=\"PL100JP - Instytut Polski w Tokio\" \/>\n<meta property=\"og:description\" content=\"W 2019 roku Polska i Japonia obchodz\u0105 setn\u0105 rocznic\u0119 nawi\u0105zania stosunk\u00f3w dyplomatycznych. W tym Jubileuszowym roku chcemy przypomnie\u0107 histori\u0119 relacji polsko-japo\u0144skich oraz pog\u0142\u0119bi\u0107 wymian\u0119 kulturow\u0105. W ci\u0105gu nadchodz\u0105cego roku w Polsce i Japonii odb\u0119dzie si\u0119 wiele wydarze\u0144 towarzysz\u0105cych obchodom rocznicy.\" \/>\n<meta property=\"og:url\" content=\"https:\/\/instytutpolski.pl\/tokyo\/pl\/pl100jp-2\/\" \/>\n<meta property=\"og:site_name\" content=\"Instytut Polski w Tokio\" \/>\n<meta property=\"article:modified_time\" content=\"2020-03-10T13:15:26+00:00\" \/>\n<meta property=\"og:image\" content=\"https:\/\/instytutpolski.pl\/tokyo\/wp-content\/uploads\/sites\/22\/2019\/12\/100.-JPPL-2000PX.jpg\" \/>\n\t<meta property=\"og:image:width\" content=\"2000\" \/>\n\t<meta property=\"og:image:height\" content=\"1080\" \/>\n\t<meta property=\"og:image:type\" content=\"image\/jpeg\" \/>\n<meta name=\"twitter:card\" content=\"summary_large_image\" \/>\n<script type=\"application\/ld+json\" class=\"yoast-schema-graph\">{\"@context\":\"https:\/\/schema.org\",\"@graph\":[{\"@type\":\"WebPage\",\"@id\":\"https:\/\/instytutpolski.pl\/tokyo\/pl\/pl100jp-2\/\",\"url\":\"https:\/\/instytutpolski.pl\/tokyo\/pl\/pl100jp-2\/\",\"name\":\"PL100JP - Instytut Polski w Tokio\",\"isPartOf\":{\"@id\":\"https:\/\/instytutpolski.pl\/tokyo\/#website\"},\"primaryImageOfPage\":{\"@id\":\"https:\/\/instytutpolski.pl\/tokyo\/pl\/pl100jp-2\/#primaryimage\"},\"image\":{\"@id\":\"https:\/\/instytutpolski.pl\/tokyo\/pl\/pl100jp-2\/#primaryimage\"},\"thumbnailUrl\":\"https:\/\/instytutpolski.pl\/tokyo\/wp-content\/uploads\/sites\/22\/2019\/12\/100.-JPPL-2000PX.jpg\",\"datePublished\":\"2019-12-16T10:10:00+00:00\",\"dateModified\":\"2020-03-10T13:15:26+00:00\",\"breadcrumb\":{\"@id\":\"https:\/\/instytutpolski.pl\/tokyo\/pl\/pl100jp-2\/#breadcrumb\"},\"inLanguage\":\"pl-PL\",\"potentialAction\":[{\"@type\":\"ReadAction\",\"target\":[\"https:\/\/instytutpolski.pl\/tokyo\/pl\/pl100jp-2\/\"]}]},{\"@type\":\"ImageObject\",\"inLanguage\":\"pl-PL\",\"@id\":\"https:\/\/instytutpolski.pl\/tokyo\/pl\/pl100jp-2\/#primaryimage\",\"url\":\"https:\/\/instytutpolski.pl\/tokyo\/wp-content\/uploads\/sites\/22\/2019\/12\/100.-JPPL-2000PX.jpg\",\"contentUrl\":\"https:\/\/instytutpolski.pl\/tokyo\/wp-content\/uploads\/sites\/22\/2019\/12\/100.-JPPL-2000PX.jpg\",\"width\":2000,\"height\":1080},{\"@type\":\"BreadcrumbList\",\"@id\":\"https:\/\/instytutpolski.pl\/tokyo\/pl\/pl100jp-2\/#breadcrumb\",\"itemListElement\":[{\"@type\":\"ListItem\",\"position\":1,\"name\":\"Home\",\"item\":\"https:\/\/instytutpolski.pl\/tokyo\/\"},{\"@type\":\"ListItem\",\"position\":2,\"name\":\"PL100JP\"}]},{\"@type\":\"WebSite\",\"@id\":\"https:\/\/instytutpolski.pl\/tokyo\/#website\",\"url\":\"https:\/\/instytutpolski.pl\/tokyo\/\",\"name\":\"Instytut Polski w Tokio\",\"description\":\"Instytuty Polskie\",\"potentialAction\":[{\"@type\":\"SearchAction\",\"target\":{\"@type\":\"EntryPoint\",\"urlTemplate\":\"https:\/\/instytutpolski.pl\/tokyo\/?s={search_term_string}\"},\"query-input\":{\"@type\":\"PropertyValueSpecification\",\"valueRequired\":true,\"valueName\":\"search_term_string\"}}],\"inLanguage\":\"pl-PL\"}]}<\/script>\n<!-- \/ Yoast SEO plugin. -->","yoast_head_json":{"title":"PL100JP - Instytut Polski w Tokio","robots":{"index":"index","follow":"follow","max-snippet":"max-snippet:-1","max-image-preview":"max-image-preview:large","max-video-preview":"max-video-preview:-1"},"canonical":"https:\/\/instytutpolski.pl\/tokyo\/pl\/pl100jp-2\/","og_locale":"pl_PL","og_type":"article","og_title":"PL100JP - Instytut Polski w Tokio","og_description":"W 2019 roku Polska i Japonia obchodz\u0105 setn\u0105 rocznic\u0119 nawi\u0105zania stosunk\u00f3w dyplomatycznych. W tym Jubileuszowym roku chcemy przypomnie\u0107 histori\u0119 relacji polsko-japo\u0144skich oraz pog\u0142\u0119bi\u0107 wymian\u0119 kulturow\u0105. W ci\u0105gu nadchodz\u0105cego roku w Polsce i Japonii odb\u0119dzie si\u0119 wiele wydarze\u0144 towarzysz\u0105cych obchodom rocznicy.","og_url":"https:\/\/instytutpolski.pl\/tokyo\/pl\/pl100jp-2\/","og_site_name":"Instytut Polski w Tokio","article_modified_time":"2020-03-10T13:15:26+00:00","og_image":[{"width":2000,"height":1080,"url":"https:\/\/instytutpolski.pl\/tokyo\/wp-content\/uploads\/sites\/22\/2019\/12\/100.-JPPL-2000PX.jpg","type":"image\/jpeg"}],"twitter_card":"summary_large_image","schema":{"@context":"https:\/\/schema.org","@graph":[{"@type":"WebPage","@id":"https:\/\/instytutpolski.pl\/tokyo\/pl\/pl100jp-2\/","url":"https:\/\/instytutpolski.pl\/tokyo\/pl\/pl100jp-2\/","name":"PL100JP - Instytut Polski w Tokio","isPartOf":{"@id":"https:\/\/instytutpolski.pl\/tokyo\/#website"},"primaryImageOfPage":{"@id":"https:\/\/instytutpolski.pl\/tokyo\/pl\/pl100jp-2\/#primaryimage"},"image":{"@id":"https:\/\/instytutpolski.pl\/tokyo\/pl\/pl100jp-2\/#primaryimage"},"thumbnailUrl":"https:\/\/instytutpolski.pl\/tokyo\/wp-content\/uploads\/sites\/22\/2019\/12\/100.-JPPL-2000PX.jpg","datePublished":"2019-12-16T10:10:00+00:00","dateModified":"2020-03-10T13:15:26+00:00","breadcrumb":{"@id":"https:\/\/instytutpolski.pl\/tokyo\/pl\/pl100jp-2\/#breadcrumb"},"inLanguage":"pl-PL","potentialAction":[{"@type":"ReadAction","target":["https:\/\/instytutpolski.pl\/tokyo\/pl\/pl100jp-2\/"]}]},{"@type":"ImageObject","inLanguage":"pl-PL","@id":"https:\/\/instytutpolski.pl\/tokyo\/pl\/pl100jp-2\/#primaryimage","url":"https:\/\/instytutpolski.pl\/tokyo\/wp-content\/uploads\/sites\/22\/2019\/12\/100.-JPPL-2000PX.jpg","contentUrl":"https:\/\/instytutpolski.pl\/tokyo\/wp-content\/uploads\/sites\/22\/2019\/12\/100.-JPPL-2000PX.jpg","width":2000,"height":1080},{"@type":"BreadcrumbList","@id":"https:\/\/instytutpolski.pl\/tokyo\/pl\/pl100jp-2\/#breadcrumb","itemListElement":[{"@type":"ListItem","position":1,"name":"Home","item":"https:\/\/instytutpolski.pl\/tokyo\/"},{"@type":"ListItem","position":2,"name":"PL100JP"}]},{"@type":"WebSite","@id":"https:\/\/instytutpolski.pl\/tokyo\/#website","url":"https:\/\/instytutpolski.pl\/tokyo\/","name":"Instytut Polski w Tokio","description":"Instytuty Polskie","potentialAction":[{"@type":"SearchAction","target":{"@type":"EntryPoint","urlTemplate":"https:\/\/instytutpolski.pl\/tokyo\/?s={search_term_string}"},"query-input":{"@type":"PropertyValueSpecification","valueRequired":true,"valueName":"search_term_string"}}],"inLanguage":"pl-PL"}]}},"_links":{"self":[{"href":"https:\/\/instytutpolski.pl\/tokyo\/wp-json\/wp\/v2\/pages\/1081","targetHints":{"allow":["GET"]}}],"collection":[{"href":"https:\/\/instytutpolski.pl\/tokyo\/wp-json\/wp\/v2\/pages"}],"about":[{"href":"https:\/\/instytutpolski.pl\/tokyo\/wp-json\/wp\/v2\/types\/page"}],"author":[{"embeddable":true,"href":"https:\/\/instytutpolski.pl\/tokyo\/wp-json\/wp\/v2\/users\/26"}],"replies":[{"embeddable":true,"href":"https:\/\/instytutpolski.pl\/tokyo\/wp-json\/wp\/v2\/comments?post=1081"}],"version-history":[{"count":11,"href":"https:\/\/instytutpolski.pl\/tokyo\/wp-json\/wp\/v2\/pages\/1081\/revisions"}],"predecessor-version":[{"id":2095,"href":"https:\/\/instytutpolski.pl\/tokyo\/wp-json\/wp\/v2\/pages\/1081\/revisions\/2095"}],"wp:featuredmedia":[{"embeddable":true,"href":"https:\/\/instytutpolski.pl\/tokyo\/wp-json\/wp\/v2\/media\/1080"}],"wp:attachment":[{"href":"https:\/\/instytutpolski.pl\/tokyo\/wp-json\/wp\/v2\/media?parent=1081"}],"curies":[{"name":"wp","href":"https:\/\/api.w.org\/{rel}","templated":true}]}}