{"id":2898,"date":"2020-09-30T15:19:17","date_gmt":"2020-09-30T13:19:17","guid":{"rendered":"https:\/\/instytutpolski.pl\/tokyo\/?page_id=2898"},"modified":"2020-11-16T05:32:46","modified_gmt":"2020-11-16T04:32:46","slug":"rok-romana-ingardena","status":"publish","type":"page","link":"https:\/\/instytutpolski.pl\/tokyo\/pl\/rok-romana-ingardena\/","title":{"rendered":"Rok Romana Ingardena"},"content":{"rendered":"\n<div id=\"attachment_3070\" style=\"width: 310px\" class=\"wp-caption aligncenter\"><img loading=\"lazy\" decoding=\"async\" aria-describedby=\"caption-attachment-3070\" class=\"wp-image-3070 size-medium\" src=\"https:\/\/instytutpolski.pl\/tokyo\/wp-content\/uploads\/sites\/22\/2020\/10\/pap_19600101_0EQ-300x295.jpg\" alt=\"\" width=\"300\" height=\"295\" srcset=\"https:\/\/instytutpolski.pl\/tokyo\/wp-content\/uploads\/sites\/22\/2020\/10\/pap_19600101_0EQ-300x295.jpg 300w, https:\/\/instytutpolski.pl\/tokyo\/wp-content\/uploads\/sites\/22\/2020\/10\/pap_19600101_0EQ-1024x1007.jpg 1024w, https:\/\/instytutpolski.pl\/tokyo\/wp-content\/uploads\/sites\/22\/2020\/10\/pap_19600101_0EQ-768x755.jpg 768w, https:\/\/instytutpolski.pl\/tokyo\/wp-content\/uploads\/sites\/22\/2020\/10\/pap_19600101_0EQ-1536x1511.jpg 1536w, https:\/\/instytutpolski.pl\/tokyo\/wp-content\/uploads\/sites\/22\/2020\/10\/pap_19600101_0EQ-2048x2014.jpg 2048w\" sizes=\"auto, (max-width: 300px) 100vw, 300px\" \/><p id=\"caption-attachment-3070\" class=\"wp-caption-text\">Roman Ingarden <br \/><br \/>PAP\/Irena Jarosi\u0144ska<\/p><\/div>\n<p style=\"text-align: center\"><br \/><br \/>UCHWA\u0141A<\/p>\n<p style=\"text-align: center\">SEJMU RZECZYPOSPOLITEJ POLSKIEJ<\/p>\n<p style=\"text-align: center\">\u00a0z dnia 13 czerwca 2019 r.<\/p>\n<p style=\"text-align: center\"><strong>w sprawie ustanowienia roku 2020 Rokiem Romana Ingardena<\/strong><\/p>\n<p>\u00a0<\/p>\n<p>\u00a0\u00a0\u00a0\u00a0\u00a0\u00a0\u00a0\u00a0\u00a0 W 2020 roku przypada 50. rocznica \u015bmierci Romana Ingardena \u2013 jednego z\u00a0najwybitniejszych polskich filozof\u00f3w. Sejm Rzeczypospolitej Polskiej, w uznaniu wielkich zas\u0142ug uczonego, postanawia odda\u0107 Mu ho\u0142d.<\/p>\n<p>\u00a0\u00a0\u00a0\u00a0\u00a0\u00a0\u00a0\u00a0\u00a0 Roman Ingarden urodzi\u0142 si\u0119 w 1893 roku w Krakowie. Studiowa\u0142 matematyk\u0119 i filozofi\u0119 we Lwowie i Getyndze, a tak\u017ce w Wiedniu i Fryburgu. Promotorem Jego pracy doktorskiej w 1918 roku by\u0142 Edmund Husserl. Ingarden od 1933 roku by\u0142 profesorem na Uniwersytecie Jana Kazimierza we Lwowie. Po wojnie pracowa\u0142 na Uniwersytecie Jagiello\u0144skim w Krakowie. By\u0142 tak\u017ce cz\u0142onkiem Polskiej Akademii Umiej\u0119tno\u015bci i Polskiej Akademii Nauk.<\/p>\n<p>Roman Ingarden pozostawi\u0142 po sobie imponuj\u0105cy dorobek: ksi\u0105\u017cki, artyku\u0142y, przek\u0142ady, archiwum r\u0119kopis\u00f3w. Obejmowa\u0142y one szeroki zakres tematyczny. Od\u00a0filozofii literatury, przez estetyk\u0119, teori\u0119 poznania, po ontologi\u0119. Cho\u0107 punktem wyj\u015bcia jego prac by\u0142a fenomenologia, z czasem wypracowa\u0142 w\u0142asny, oryginalny styl my\u015blenia oraz terminologi\u0119 wzbogacaj\u0105c\u0105 polski j\u0119zyk filozofii.<\/p>\n<p>\u00a0\u00a0\u00a0\u00a0\u00a0\u00a0\u00a0\u00a0\u00a0 Na szczeg\u00f3lne podkre\u015blenie zas\u0142uguje Jego bezkompromisowo\u015b\u0107 intelektualna. Podczas\u00a0 okupacji niemieckiej napisa\u0142 swoje sztandarowe dzie\u0142o \u201eSp\u00f3r o istnienie \u015bwiata\u201d. Po wojnie pracowa\u0142 na Uniwersytecie Jagiello\u0144skim. Ju\u017c w 1950 roku za\u00a0krytyczny stosunek do marksizmu zosta\u0142 pozbawiany prawa wyk\u0142adania i\u00a0publikowania prac fenomenologicznych. Ten czas wykorzysta\u0142 m.in. na dokonanie wzorcowego przek\u0142adu \u201eKrytyki czystego rozumu\u201d Kanta. Cho\u0107 sam by\u0142 racjonalist\u0105, przez lata korespondowa\u0142 z Edyt\u0105 Stein, a w\u015br\u00f3d jego uczni\u00f3w znale\u017ali si\u0119 Karol\u00a0Wojty\u0142a czy J\u00f3zef Tischner.<\/p>\n<p>\u00a0\u00a0\u00a0\u00a0\u00a0\u00a0\u00a0\u00a0\u00a0 W 1956 roku powr\u00f3ci\u0142 na Uniwersytet. Do ostatnich chwil intensywnie pracowa\u0142, publikowa\u0142, uczestniczy\u0142 w licznych kongresach mi\u0119dzynarodowych oraz wyk\u0142ada\u0142 w\u00a0Europie i Stanach Zjednoczonych. Szczeg\u00f3lne uznanie zdoby\u0142 w USA i Niemczech, gdzie zaliczany jest do najwybitniejszych filozof\u00f3w wsp\u00f3\u0142czesnych.<\/p>\n<p>\u00a0\u00a0\u00a0\u00a0\u00a0\u00a0\u00a0\u00a0\u00a0 Sejm Rzeczypospolitej Polskiej, w przekonaniu o wyj\u0105tkowo\u015bci dzie\u0142a i postawy filozofa, ustanawia rok 2020 Rokiem Romana Ingardena.<\/p>\n<div id=\"attachment_3123\" style=\"width: 1034px\" class=\"wp-caption aligncenter\"><img loading=\"lazy\" decoding=\"async\" aria-describedby=\"caption-attachment-3123\" class=\"wp-image-3123 size-large\" src=\"https:\/\/instytutpolski.pl\/tokyo\/wp-content\/uploads\/sites\/22\/2020\/10\/1960-ok-Gabinet-Romana-Ingardena-Biskupia-14m15-INGARDEN181-ki-1024x653.jpg\" alt=\"\" width=\"1024\" height=\"653\" srcset=\"https:\/\/instytutpolski.pl\/tokyo\/wp-content\/uploads\/sites\/22\/2020\/10\/1960-ok-Gabinet-Romana-Ingardena-Biskupia-14m15-INGARDEN181-ki-1024x653.jpg 1024w, https:\/\/instytutpolski.pl\/tokyo\/wp-content\/uploads\/sites\/22\/2020\/10\/1960-ok-Gabinet-Romana-Ingardena-Biskupia-14m15-INGARDEN181-ki-300x191.jpg 300w, https:\/\/instytutpolski.pl\/tokyo\/wp-content\/uploads\/sites\/22\/2020\/10\/1960-ok-Gabinet-Romana-Ingardena-Biskupia-14m15-INGARDEN181-ki-768x490.jpg 768w, https:\/\/instytutpolski.pl\/tokyo\/wp-content\/uploads\/sites\/22\/2020\/10\/1960-ok-Gabinet-Romana-Ingardena-Biskupia-14m15-INGARDEN181-ki-1536x979.jpg 1536w, https:\/\/instytutpolski.pl\/tokyo\/wp-content\/uploads\/sites\/22\/2020\/10\/1960-ok-Gabinet-Romana-Ingardena-Biskupia-14m15-INGARDEN181-ki-2048x1306.jpg 2048w\" sizes=\"auto, (max-width: 1024px) 100vw, 1024px\" \/><p id=\"caption-attachment-3123\" class=\"wp-caption-text\">Gabinet prof. R. Ingardena (ok. 1960 r.) Fot.: RWI\u00a9Archiwum Krzysztofa Ingardena<\/p><\/div>\n<p>&#8212;<\/p>\n\n\n\n<p><em>Trzeba sobie zdawa\u0107 spraw\u0119, \u017ce mamy do czynienia z my\u015bl\u0105 kogo\u015b naprawd\u0119 pierwszorz\u0119dnego, kogo\u015b, kt\u00f3rego nie imaj\u0105 si\u0119 jakie\u015b mody, kt\u00f3rego dzie\u0142o b\u0119dzie trwa\u0107 dop\u00f3ki trwa\u0107 b\u0119dzie jaki\u015b zasadniczy zr\u0105b cywilizacji europejskiej. Okre\u015bli\u0107 Go mo\u017cna kr\u00f3tko \u2013 to polski Arystoteles. W opinii jest niekt\u00f3rych najwi\u0119kszym polskim my\u015blicielem obok Kopernika.&nbsp; &nbsp; <a href=\"https:\/\/instytutpolski.pl\/tokyo\/wp-content\/uploads\/sites\/22\/2020\/10\/Ingarden_KS_2020-bez-Uch.-Sejmu-ze-zdjeciami.pdf\"><strong>czytaj dalej (&#8222;Ingarden_KS_2020&#8221;)<\/strong><\/a><\/em><\/p>\n<p>&nbsp; &nbsp; &nbsp; &nbsp; &nbsp; &nbsp; &nbsp; &nbsp; &nbsp; &nbsp; &nbsp; &nbsp; &nbsp; &nbsp; &nbsp; &nbsp; &nbsp; &nbsp; &nbsp; &nbsp; &nbsp; &nbsp; &nbsp; &nbsp; &nbsp; &nbsp; &nbsp; &nbsp; &nbsp; &nbsp; &nbsp; Prof. Jerzy Perzanowski, filozof, etyk<\/p>\n\n\n\n<p>Linki<\/p>\n<p>\u201eIngarden in the garden, czyli estetyka dla ka\u017cdego\u201d &#8211; Dr hab. Anna Ch\u0119\u0107ka z Instytutu Filozofii Uniwersytetu Gda\u0144skiego &#8211; cykl czterech wyk\u0142ad\u00f3w <a href=\"https:\/\/www.youtube.com\/watch?v=2_ukYVqCmz8\">https:\/\/www.youtube.com\/watch?v=2_ukYVqCmz8<\/a> \u00a0(YouTube, j\u0119z. polski)<\/p>\n<p>Cyfrowe Archiwum Romana Ingardena <a href=\"http:\/\/ingarden.archive.uj.edu.pl\">http:\/\/ingarden.archive.uj.edu.pl<\/a>\u00a0 (j\u0119z. polski)<br \/>Cyfrowe Archiwum Romana Ingardena\u00a0 <a href=\"http:\/\/ingarden.archive.uj.edu.pl\/en\/home\/\">http:\/\/ingarden.archive.uj.edu.pl\/en\/home\/<\/a>\u00a0 (j\u0119z. angielski)<\/p>\n","protected":false},"excerpt":{"rendered":"<p>UCHWA\u0141A SEJMU RZECZYPOSPOLITEJ POLSKIEJ \u00a0z dnia 13 czerwca 2019 r. w sprawie ustanowienia roku 2020 Rokiem Romana Ingardena \u00a0 \u00a0\u00a0\u00a0\u00a0\u00a0\u00a0\u00a0\u00a0\u00a0 W 2020 roku przypada 50. rocznica \u015bmierci Romana Ingardena \u2013 jednego z\u00a0najwybitniejszych polskich filozof\u00f3w. Sejm Rzeczypospolitej Polskiej, w uznaniu wielkich zas\u0142ug uczonego, postanawia odda\u0107 Mu ho\u0142d. \u00a0\u00a0\u00a0\u00a0\u00a0\u00a0\u00a0\u00a0\u00a0 Roman Ingarden urodzi\u0142 si\u0119 w 1893 roku w [&hellip;]<\/p>\n","protected":false},"author":26,"featured_media":3056,"parent":0,"menu_order":0,"comment_status":"closed","ping_status":"closed","template":"","meta":{"inline_featured_image":false,"_monsterinsights_skip_tracking":false,"_monsterinsights_sitenote_active":false,"_monsterinsights_sitenote_note":"","_monsterinsights_sitenote_category":0,"footnotes":""},"class_list":["post-2898","page","type-page","status-publish","has-post-thumbnail","hentry"],"yoast_head":"<!-- This site is optimized with the Yoast SEO plugin v24.6 - https:\/\/yoast.com\/wordpress\/plugins\/seo\/ -->\n<title>Rok Romana Ingardena - Instytut Polski w Tokio<\/title>\n<meta name=\"robots\" content=\"index, follow, max-snippet:-1, max-image-preview:large, max-video-preview:-1\" \/>\n<link rel=\"canonical\" href=\"https:\/\/instytutpolski.pl\/tokyo\/pl\/rok-romana-ingardena\/\" \/>\n<meta property=\"og:locale\" content=\"pl_PL\" \/>\n<meta property=\"og:type\" content=\"article\" \/>\n<meta property=\"og:title\" content=\"Rok Romana Ingardena - Instytut Polski w Tokio\" \/>\n<meta property=\"og:description\" content=\"UCHWA\u0141A SEJMU RZECZYPOSPOLITEJ POLSKIEJ \u00a0z dnia 13 czerwca 2019 r. w sprawie ustanowienia roku 2020 Rokiem Romana Ingardena \u00a0 \u00a0\u00a0\u00a0\u00a0\u00a0\u00a0\u00a0\u00a0\u00a0 W 2020 roku przypada 50. rocznica \u015bmierci Romana Ingardena \u2013 jednego z\u00a0najwybitniejszych polskich filozof\u00f3w. Sejm Rzeczypospolitej Polskiej, w uznaniu wielkich zas\u0142ug uczonego, postanawia odda\u0107 Mu ho\u0142d. \u00a0\u00a0\u00a0\u00a0\u00a0\u00a0\u00a0\u00a0\u00a0 Roman Ingarden urodzi\u0142 si\u0119 w 1893 roku w [&hellip;]\" \/>\n<meta property=\"og:url\" content=\"https:\/\/instytutpolski.pl\/tokyo\/pl\/rok-romana-ingardena\/\" \/>\n<meta property=\"og:site_name\" content=\"Instytut Polski w Tokio\" \/>\n<meta property=\"article:modified_time\" content=\"2020-11-16T04:32:46+00:00\" \/>\n<meta property=\"og:image\" content=\"https:\/\/instytutpolski.pl\/tokyo\/wp-content\/uploads\/sites\/22\/2020\/10\/pap_19600101_0EQ-ok-scaled.jpg\" \/>\n\t<meta property=\"og:image:width\" content=\"2560\" \/>\n\t<meta property=\"og:image:height\" content=\"860\" \/>\n\t<meta property=\"og:image:type\" content=\"image\/jpeg\" \/>\n<meta name=\"twitter:card\" content=\"summary_large_image\" \/>\n<meta name=\"twitter:label1\" content=\"Szacowany czas czytania\" \/>\n\t<meta name=\"twitter:data1\" content=\"3 minuty\" \/>\n<script type=\"application\/ld+json\" class=\"yoast-schema-graph\">{\"@context\":\"https:\/\/schema.org\",\"@graph\":[{\"@type\":\"WebPage\",\"@id\":\"https:\/\/instytutpolski.pl\/tokyo\/pl\/rok-romana-ingardena\/\",\"url\":\"https:\/\/instytutpolski.pl\/tokyo\/pl\/rok-romana-ingardena\/\",\"name\":\"Rok Romana Ingardena - Instytut Polski w Tokio\",\"isPartOf\":{\"@id\":\"https:\/\/instytutpolski.pl\/tokyo\/#website\"},\"primaryImageOfPage\":{\"@id\":\"https:\/\/instytutpolski.pl\/tokyo\/pl\/rok-romana-ingardena\/#primaryimage\"},\"image\":{\"@id\":\"https:\/\/instytutpolski.pl\/tokyo\/pl\/rok-romana-ingardena\/#primaryimage\"},\"thumbnailUrl\":\"https:\/\/instytutpolski.pl\/tokyo\/wp-content\/uploads\/sites\/22\/2020\/10\/pap_19600101_0EQ-ok-scaled.jpg\",\"datePublished\":\"2020-09-30T13:19:17+00:00\",\"dateModified\":\"2020-11-16T04:32:46+00:00\",\"breadcrumb\":{\"@id\":\"https:\/\/instytutpolski.pl\/tokyo\/pl\/rok-romana-ingardena\/#breadcrumb\"},\"inLanguage\":\"pl-PL\",\"potentialAction\":[{\"@type\":\"ReadAction\",\"target\":[\"https:\/\/instytutpolski.pl\/tokyo\/pl\/rok-romana-ingardena\/\"]}]},{\"@type\":\"ImageObject\",\"inLanguage\":\"pl-PL\",\"@id\":\"https:\/\/instytutpolski.pl\/tokyo\/pl\/rok-romana-ingardena\/#primaryimage\",\"url\":\"https:\/\/instytutpolski.pl\/tokyo\/wp-content\/uploads\/sites\/22\/2020\/10\/pap_19600101_0EQ-ok-scaled.jpg\",\"contentUrl\":\"https:\/\/instytutpolski.pl\/tokyo\/wp-content\/uploads\/sites\/22\/2020\/10\/pap_19600101_0EQ-ok-scaled.jpg\",\"width\":2560,\"height\":860,\"caption\":\"Krak\u00f3w lata 60. Filozof, przedstawiciel fenomenologii polskiej, estetyk, profesor Roman Ingarden. gr PAP\/Irena Jarosi\u00f1ska\"},{\"@type\":\"BreadcrumbList\",\"@id\":\"https:\/\/instytutpolski.pl\/tokyo\/pl\/rok-romana-ingardena\/#breadcrumb\",\"itemListElement\":[{\"@type\":\"ListItem\",\"position\":1,\"name\":\"Home\",\"item\":\"https:\/\/instytutpolski.pl\/tokyo\/\"},{\"@type\":\"ListItem\",\"position\":2,\"name\":\"Rok Romana Ingardena\"}]},{\"@type\":\"WebSite\",\"@id\":\"https:\/\/instytutpolski.pl\/tokyo\/#website\",\"url\":\"https:\/\/instytutpolski.pl\/tokyo\/\",\"name\":\"Instytut Polski w Tokio\",\"description\":\"Instytuty Polskie\",\"potentialAction\":[{\"@type\":\"SearchAction\",\"target\":{\"@type\":\"EntryPoint\",\"urlTemplate\":\"https:\/\/instytutpolski.pl\/tokyo\/?s={search_term_string}\"},\"query-input\":{\"@type\":\"PropertyValueSpecification\",\"valueRequired\":true,\"valueName\":\"search_term_string\"}}],\"inLanguage\":\"pl-PL\"}]}<\/script>\n<!-- \/ Yoast SEO plugin. -->","yoast_head_json":{"title":"Rok Romana Ingardena - Instytut Polski w Tokio","robots":{"index":"index","follow":"follow","max-snippet":"max-snippet:-1","max-image-preview":"max-image-preview:large","max-video-preview":"max-video-preview:-1"},"canonical":"https:\/\/instytutpolski.pl\/tokyo\/pl\/rok-romana-ingardena\/","og_locale":"pl_PL","og_type":"article","og_title":"Rok Romana Ingardena - Instytut Polski w Tokio","og_description":"UCHWA\u0141A SEJMU RZECZYPOSPOLITEJ POLSKIEJ \u00a0z dnia 13 czerwca 2019 r. w sprawie ustanowienia roku 2020 Rokiem Romana Ingardena \u00a0 \u00a0\u00a0\u00a0\u00a0\u00a0\u00a0\u00a0\u00a0\u00a0 W 2020 roku przypada 50. rocznica \u015bmierci Romana Ingardena \u2013 jednego z\u00a0najwybitniejszych polskich filozof\u00f3w. Sejm Rzeczypospolitej Polskiej, w uznaniu wielkich zas\u0142ug uczonego, postanawia odda\u0107 Mu ho\u0142d. \u00a0\u00a0\u00a0\u00a0\u00a0\u00a0\u00a0\u00a0\u00a0 Roman Ingarden urodzi\u0142 si\u0119 w 1893 roku w [&hellip;]","og_url":"https:\/\/instytutpolski.pl\/tokyo\/pl\/rok-romana-ingardena\/","og_site_name":"Instytut Polski w Tokio","article_modified_time":"2020-11-16T04:32:46+00:00","og_image":[{"width":2560,"height":860,"url":"https:\/\/instytutpolski.pl\/tokyo\/wp-content\/uploads\/sites\/22\/2020\/10\/pap_19600101_0EQ-ok-scaled.jpg","type":"image\/jpeg"}],"twitter_card":"summary_large_image","twitter_misc":{"Szacowany czas czytania":"3 minuty"},"schema":{"@context":"https:\/\/schema.org","@graph":[{"@type":"WebPage","@id":"https:\/\/instytutpolski.pl\/tokyo\/pl\/rok-romana-ingardena\/","url":"https:\/\/instytutpolski.pl\/tokyo\/pl\/rok-romana-ingardena\/","name":"Rok Romana Ingardena - Instytut Polski w Tokio","isPartOf":{"@id":"https:\/\/instytutpolski.pl\/tokyo\/#website"},"primaryImageOfPage":{"@id":"https:\/\/instytutpolski.pl\/tokyo\/pl\/rok-romana-ingardena\/#primaryimage"},"image":{"@id":"https:\/\/instytutpolski.pl\/tokyo\/pl\/rok-romana-ingardena\/#primaryimage"},"thumbnailUrl":"https:\/\/instytutpolski.pl\/tokyo\/wp-content\/uploads\/sites\/22\/2020\/10\/pap_19600101_0EQ-ok-scaled.jpg","datePublished":"2020-09-30T13:19:17+00:00","dateModified":"2020-11-16T04:32:46+00:00","breadcrumb":{"@id":"https:\/\/instytutpolski.pl\/tokyo\/pl\/rok-romana-ingardena\/#breadcrumb"},"inLanguage":"pl-PL","potentialAction":[{"@type":"ReadAction","target":["https:\/\/instytutpolski.pl\/tokyo\/pl\/rok-romana-ingardena\/"]}]},{"@type":"ImageObject","inLanguage":"pl-PL","@id":"https:\/\/instytutpolski.pl\/tokyo\/pl\/rok-romana-ingardena\/#primaryimage","url":"https:\/\/instytutpolski.pl\/tokyo\/wp-content\/uploads\/sites\/22\/2020\/10\/pap_19600101_0EQ-ok-scaled.jpg","contentUrl":"https:\/\/instytutpolski.pl\/tokyo\/wp-content\/uploads\/sites\/22\/2020\/10\/pap_19600101_0EQ-ok-scaled.jpg","width":2560,"height":860,"caption":"Krak\u00f3w lata 60. Filozof, przedstawiciel fenomenologii polskiej, estetyk, profesor Roman Ingarden. gr PAP\/Irena Jarosi\u00f1ska"},{"@type":"BreadcrumbList","@id":"https:\/\/instytutpolski.pl\/tokyo\/pl\/rok-romana-ingardena\/#breadcrumb","itemListElement":[{"@type":"ListItem","position":1,"name":"Home","item":"https:\/\/instytutpolski.pl\/tokyo\/"},{"@type":"ListItem","position":2,"name":"Rok Romana Ingardena"}]},{"@type":"WebSite","@id":"https:\/\/instytutpolski.pl\/tokyo\/#website","url":"https:\/\/instytutpolski.pl\/tokyo\/","name":"Instytut Polski w Tokio","description":"Instytuty Polskie","potentialAction":[{"@type":"SearchAction","target":{"@type":"EntryPoint","urlTemplate":"https:\/\/instytutpolski.pl\/tokyo\/?s={search_term_string}"},"query-input":{"@type":"PropertyValueSpecification","valueRequired":true,"valueName":"search_term_string"}}],"inLanguage":"pl-PL"}]}},"_links":{"self":[{"href":"https:\/\/instytutpolski.pl\/tokyo\/wp-json\/wp\/v2\/pages\/2898","targetHints":{"allow":["GET"]}}],"collection":[{"href":"https:\/\/instytutpolski.pl\/tokyo\/wp-json\/wp\/v2\/pages"}],"about":[{"href":"https:\/\/instytutpolski.pl\/tokyo\/wp-json\/wp\/v2\/types\/page"}],"author":[{"embeddable":true,"href":"https:\/\/instytutpolski.pl\/tokyo\/wp-json\/wp\/v2\/users\/26"}],"replies":[{"embeddable":true,"href":"https:\/\/instytutpolski.pl\/tokyo\/wp-json\/wp\/v2\/comments?post=2898"}],"version-history":[{"count":19,"href":"https:\/\/instytutpolski.pl\/tokyo\/wp-json\/wp\/v2\/pages\/2898\/revisions"}],"predecessor-version":[{"id":6569,"href":"https:\/\/instytutpolski.pl\/tokyo\/wp-json\/wp\/v2\/pages\/2898\/revisions\/6569"}],"wp:featuredmedia":[{"embeddable":true,"href":"https:\/\/instytutpolski.pl\/tokyo\/wp-json\/wp\/v2\/media\/3056"}],"wp:attachment":[{"href":"https:\/\/instytutpolski.pl\/tokyo\/wp-json\/wp\/v2\/media?parent=2898"}],"curies":[{"name":"wp","href":"https:\/\/api.w.org\/{rel}","templated":true}]}}