{"id":535,"date":"2019-06-05T14:16:03","date_gmt":"2019-06-05T12:16:03","guid":{"rendered":"https:\/\/instytutpolski.pl\/tokio\/?page_id=535"},"modified":"2020-05-21T04:34:06","modified_gmt":"2020-05-21T02:34:06","slug":"jezyk-polski","status":"publish","type":"page","link":"https:\/\/instytutpolski.pl\/tokyo\/pl\/jezyk-polski\/","title":{"rendered":"J\u0119zyk polski"},"content":{"rendered":"\n<p>Kursy j\u0119zyka polskiego w Japonii<br>\nTUFS \u30dd\u30fc\u30e9\u30f3\u30c9\u8a9e\u8b1b\u5ea7\u6771\u4eac\u5916\u56fd\u8a9e\u5927\u5b66 http:\/\/www.tufs.ac.jp\/common\/open-academy\/index.html<\/p>\n\n\n\n<p>Obirin \u685c\u7f8e\u6797\u5927\u5b66 http:\/\/www2.obirin.ac.jp\/annay\/polski.htm<\/p>\n\n\n\n<p>DILA \u5927\u5b66\u66f8\u6797 http:\/\/dila.co.jp\/<\/p>\n\n\n\n<p>Asahi Culture Center \u671d\u65e5\u30ab\u30eb\u30c1\u30e3\u30fc\u30bb\u30f3\u30bf\u30fc https:\/\/www.asahiculture.jp\/gaikokugo<\/p>\n\n\n\n<p><a href=\"https:\/\/instytutpolski.pl\/tokio\/pl\/szkola-polonijna-im-janusza-korczaka-przy-ambasadzie-rp-w-tokio\/\">Szko\u0142a Polonijna im. Janusza Korczaka przy Ambasadzie RP w Tokio &gt;&gt;<\/a><\/p>\n\n\n\n<p><a href=\"https:\/\/instytutpolski.pl\/tokio\/polonijna-szkola-sobotnia-oraz-klub-malucha-przy-stowarzyszeniu-polonijnym-razem\/\">Polonijna Szko\u0142a Sobotnia oraz Klub Malucha przy Stowarzyszeniu Polonijnym \u201eRAZEM\u201d &gt;&gt;<\/a><\/p>\n\n\n\n<p>Polszczyzna jest drugim co do liczebno\u015bci u\u017cytkownik\u00f3w j\u0119zykiem s\u0142owia\u0144skim na \u015bwiecie. Pos\u0142uguje si\u0119 ni\u0105 aktywnie ok. 50 mln ludzi, a co najmniej 10 mln wykazuje si\u0119 jej pasywn\u0105 znajomo\u015bci\u0105. Tym samym polszczyzna jest najwi\u0119kszym j\u0119zykiem s\u0142owia\u0144skim w Unii Europejskiej, jej pi\u0105tym j\u0119zykiem etnicznych (ex aequo z hiszpa\u0144skim kastylijskim, po niemieckim, angielskim, francuskim i&nbsp;w\u0142oskim).&nbsp;<\/p>\n\n\n\n<p>Polski nale\u017cy do grupy j\u0119zyk\u00f3w indoeuropejskich i podgrupy j\u0119zyk\u00f3w zachodnios\u0142owia\u0144skich (obok czeskiego, s\u0142owackiego, kaszubskiego, dolno\u0142u\u017cyckiego, g\u00f3rno\u0142u\u017cyckiego i &#8211; wymar\u0142ego &#8211; po\u0142abskiego).Ocenia si\u0119, \u017ce przeci\u0119tny Polak zna czynnie ok. 30 tys. s\u0142\u00f3w, a biernie \u2013 rozumie ok. 100 tys, ale nie pos\u0142uguje si\u0119 nimi. Wed\u0142ug cz\u0119\u015bci polonist\u00f3w uniwersyteckich, wystarczy zna\u0107 1200 s\u0142\u00f3w, najcz\u0119\u015bciej u\u017cywanych, by m\u00f3c pos\u0142ugiwa\u0107 si\u0119 j\u0119zykiem polskim.&nbsp;<\/p>\n\n\n\n<p>Alfabet polski oparty jest na alfabecie \u0142aci\u0144skim i sk\u0142ada si\u0119 z 32 liter. Wyst\u0119puje w nim dziewi\u0119\u0107 liter tworzonych za pomoc\u0105 znak\u00f3w diakrytycznych (\u0105, \u0107, \u0119, \u0142, \u0144, \u00f3, \u015b, \u017a, \u017c). Ponadto w zapisie j\u0119zykowym wyr\u00f3\u017cnia si\u0119 jeszcze siedem dwuznak\u00f3w (sz, rz, cz, ch, dz, d\u017c, d\u017a) oraz jeden tr\u00f3jznak (dzi).<\/p>\n\n\n\n<p>W polskim wyst\u0119puje deklinacja. Przez siedem przypadk\u00f3w odmieniaj\u0105 si\u0119 rzeczowniki, przymiotniki, imies\u0142owy przymiotnikowe, zaimki rzeczowne, przymiotne i liczebne oraz liczebniki. Czasowniki z&nbsp;kolei ulegaj\u0105 koniugacji przez osoby, czasy, tryby, strony i liczby, a tak\u017ce aspekty.<\/p>\n\n\n\n<p>Najstarsze zdanie w j\u0119zyku polskim: \u201eDay, ut ia pobrusa, a ti poziwai\u201d (\u201eDaj, a\u0107 ja pobrucz\u0119, a ty poczywaj\u201d)&nbsp;zapisano w alfabecie \u0142aci\u0144skim w 1270 r. we Wroc\u0142awiu (w Ksi\u0119dze Henrykowskiej znajduj\u0105cej si\u0119 na li\u015bcie pami\u0119ci \u015bwiata UNESCO). W 1285 roku na zje\u017adzie w \u0141\u0119czycy postanowiono, \u017ce j\u0119zyk polski b\u0119dzie u\u017cywany obok \u0142aciny w szko\u0142ach klasztornych i katedralnych.<\/p>\n\n\n\n<p>Na j\u0119zyk polski wp\u0142yw mia\u0142y \u0142acina, greka, j\u0119zyk niemiecki, czeski, ruski, turecki, francuski, w\u0142oski, rosyjski, w\u0119gierski i jidysz. Obecnie najwi\u0119kszy wp\u0142yw ma na niego lingua franca naszych czas\u00f3w &#8211; j\u0119zyk angielski.&nbsp;<\/p>\n\n\n\n<p>G\u0142\u00f3wnymi dialektami j\u0119zyka polskiego s\u0105 wielkopolski, ma\u0142opolski, \u015bl\u0105ski, mazowiecki, che\u0142mi\u0144sko-kociewsko-warmi\u0144ski oraz p\u00f3\u0142nocno- i po\u0142udniowokresowy.<\/p>\n\n\n\n<p>Wi\u0119cej:<\/p>\n\n\n\n<p>Multimedia Guide to Polish Language:&nbsp;<a href=\"http:\/\/multimediaguides.culture.pl\/multimediaguides\/alphabet\/the-polish-alphabet\/0\">http:\/\/multimediaguides.culture.pl\/multimediaguides\/alphabet\/the-polish-alphabet\/0<\/a><\/p>\n\n\n\n<p>Poland.pl:&nbsp;<a href=\"https:\/\/poland.pl\/social-issues\/social\/polish-language-simple-language\/\">https:\/\/poland.pl\/social-issues\/social\/polish-language-simple-language\/<\/a><\/p>\n\n\n\n<p>Informacje o tym gdzie na \u015bwiecie mo\u017cna uczy\u0107 si\u0119 j\u0119zyka polskiego oraz o polskich ksi\u0119gozbiorach na interaktywnej mapie Polski poza Polsk\u0105&nbsp;<a href=\"https:\/\/polski.msz.gov.pl\/\">https:\/\/polski.msz.gov.pl\/<\/a><\/p>\n\n\n\n<p>Upowszechnianie j\u0119zyka polskiego za granic\u0105:&nbsp;<a href=\"https:\/\/nawa.gov.pl\/jezyk-polski\">https:\/\/nawa.gov.pl\/jezyk-polski<\/a><\/p>\n","protected":false},"excerpt":{"rendered":"<p>Kursy j\u0119zyka polskiego w Japonii TUFS \u30dd\u30fc\u30e9\u30f3\u30c9\u8a9e\u8b1b\u5ea7\u6771\u4eac\u5916\u56fd\u8a9e\u5927\u5b66 http:\/\/www.tufs.ac.jp\/common\/open-academy\/index.html Obirin \u685c\u7f8e\u6797\u5927\u5b66 http:\/\/www2.obirin.ac.jp\/annay\/polski.htm DILA \u5927\u5b66\u66f8\u6797 http:\/\/dila.co.jp\/ Asahi Culture Center \u671d\u65e5\u30ab\u30eb\u30c1\u30e3\u30fc\u30bb\u30f3\u30bf\u30fc https:\/\/www.asahiculture.jp\/gaikokugo Szko\u0142a Polonijna im. Janusza Korczaka przy Ambasadzie RP w Tokio &gt;&gt; Polonijna Szko\u0142a Sobotnia oraz Klub Malucha przy Stowarzyszeniu Polonijnym \u201eRAZEM\u201d &gt;&gt; Polszczyzna jest drugim co do liczebno\u015bci u\u017cytkownik\u00f3w j\u0119zykiem s\u0142owia\u0144skim na \u015bwiecie. Pos\u0142uguje si\u0119 ni\u0105 [&hellip;]<\/p>\n","protected":false},"author":1,"featured_media":1005,"parent":0,"menu_order":0,"comment_status":"closed","ping_status":"closed","template":"","meta":{"inline_featured_image":false,"_monsterinsights_skip_tracking":false,"_monsterinsights_sitenote_active":false,"_monsterinsights_sitenote_note":"","_monsterinsights_sitenote_category":0,"footnotes":""},"class_list":["post-535","page","type-page","status-publish","has-post-thumbnail","hentry"],"yoast_head":"<!-- This site is optimized with the Yoast SEO plugin v24.6 - https:\/\/yoast.com\/wordpress\/plugins\/seo\/ -->\n<title>J\u0119zyk polski - Instytut Polski w Tokio<\/title>\n<meta name=\"robots\" content=\"index, follow, max-snippet:-1, max-image-preview:large, max-video-preview:-1\" \/>\n<link rel=\"canonical\" href=\"https:\/\/instytutpolski.pl\/tokyo\/pl\/jezyk-polski\/\" \/>\n<meta property=\"og:locale\" content=\"pl_PL\" \/>\n<meta property=\"og:type\" content=\"article\" \/>\n<meta property=\"og:title\" content=\"J\u0119zyk polski - Instytut Polski w Tokio\" \/>\n<meta property=\"og:description\" content=\"Kursy j\u0119zyka polskiego w Japonii TUFS \u30dd\u30fc\u30e9\u30f3\u30c9\u8a9e\u8b1b\u5ea7\u6771\u4eac\u5916\u56fd\u8a9e\u5927\u5b66 http:\/\/www.tufs.ac.jp\/common\/open-academy\/index.html Obirin \u685c\u7f8e\u6797\u5927\u5b66 http:\/\/www2.obirin.ac.jp\/annay\/polski.htm DILA \u5927\u5b66\u66f8\u6797 http:\/\/dila.co.jp\/ Asahi Culture Center \u671d\u65e5\u30ab\u30eb\u30c1\u30e3\u30fc\u30bb\u30f3\u30bf\u30fc https:\/\/www.asahiculture.jp\/gaikokugo Szko\u0142a Polonijna im. Janusza Korczaka przy Ambasadzie RP w Tokio &gt;&gt; Polonijna Szko\u0142a Sobotnia oraz Klub Malucha przy Stowarzyszeniu Polonijnym \u201eRAZEM\u201d &gt;&gt; Polszczyzna jest drugim co do liczebno\u015bci u\u017cytkownik\u00f3w j\u0119zykiem s\u0142owia\u0144skim na \u015bwiecie. Pos\u0142uguje si\u0119 ni\u0105 [&hellip;]\" \/>\n<meta property=\"og:url\" content=\"https:\/\/instytutpolski.pl\/tokyo\/pl\/jezyk-polski\/\" \/>\n<meta property=\"og:site_name\" content=\"Instytut Polski w Tokio\" \/>\n<meta property=\"article:modified_time\" content=\"2020-05-21T02:34:06+00:00\" \/>\n<meta property=\"og:image\" content=\"https:\/\/instytutpolski.pl\/tokyo\/wp-content\/uploads\/sites\/22\/2019\/06\/jezyk-polski-1.jpg\" \/>\n\t<meta property=\"og:image:width\" content=\"1920\" \/>\n\t<meta property=\"og:image:height\" content=\"700\" \/>\n\t<meta property=\"og:image:type\" content=\"image\/jpeg\" \/>\n<meta name=\"twitter:card\" content=\"summary_large_image\" \/>\n<meta name=\"twitter:label1\" content=\"Szacowany czas czytania\" \/>\n\t<meta name=\"twitter:data1\" content=\"3 minuty\" \/>\n<script type=\"application\/ld+json\" class=\"yoast-schema-graph\">{\"@context\":\"https:\/\/schema.org\",\"@graph\":[{\"@type\":\"WebPage\",\"@id\":\"https:\/\/instytutpolski.pl\/tokyo\/pl\/jezyk-polski\/\",\"url\":\"https:\/\/instytutpolski.pl\/tokyo\/pl\/jezyk-polski\/\",\"name\":\"J\u0119zyk polski - Instytut Polski w Tokio\",\"isPartOf\":{\"@id\":\"https:\/\/instytutpolski.pl\/tokyo\/#website\"},\"primaryImageOfPage\":{\"@id\":\"https:\/\/instytutpolski.pl\/tokyo\/pl\/jezyk-polski\/#primaryimage\"},\"image\":{\"@id\":\"https:\/\/instytutpolski.pl\/tokyo\/pl\/jezyk-polski\/#primaryimage\"},\"thumbnailUrl\":\"https:\/\/instytutpolski.pl\/tokyo\/wp-content\/uploads\/sites\/22\/2019\/06\/jezyk-polski-1.jpg\",\"datePublished\":\"2019-06-05T12:16:03+00:00\",\"dateModified\":\"2020-05-21T02:34:06+00:00\",\"breadcrumb\":{\"@id\":\"https:\/\/instytutpolski.pl\/tokyo\/pl\/jezyk-polski\/#breadcrumb\"},\"inLanguage\":\"pl-PL\",\"potentialAction\":[{\"@type\":\"ReadAction\",\"target\":[\"https:\/\/instytutpolski.pl\/tokyo\/pl\/jezyk-polski\/\"]}]},{\"@type\":\"ImageObject\",\"inLanguage\":\"pl-PL\",\"@id\":\"https:\/\/instytutpolski.pl\/tokyo\/pl\/jezyk-polski\/#primaryimage\",\"url\":\"https:\/\/instytutpolski.pl\/tokyo\/wp-content\/uploads\/sites\/22\/2019\/06\/jezyk-polski-1.jpg\",\"contentUrl\":\"https:\/\/instytutpolski.pl\/tokyo\/wp-content\/uploads\/sites\/22\/2019\/06\/jezyk-polski-1.jpg\",\"width\":1920,\"height\":700},{\"@type\":\"BreadcrumbList\",\"@id\":\"https:\/\/instytutpolski.pl\/tokyo\/pl\/jezyk-polski\/#breadcrumb\",\"itemListElement\":[{\"@type\":\"ListItem\",\"position\":1,\"name\":\"Home\",\"item\":\"https:\/\/instytutpolski.pl\/tokyo\/\"},{\"@type\":\"ListItem\",\"position\":2,\"name\":\"J\u0119zyk polski\"}]},{\"@type\":\"WebSite\",\"@id\":\"https:\/\/instytutpolski.pl\/tokyo\/#website\",\"url\":\"https:\/\/instytutpolski.pl\/tokyo\/\",\"name\":\"Instytut Polski w Tokio\",\"description\":\"Instytuty Polskie\",\"potentialAction\":[{\"@type\":\"SearchAction\",\"target\":{\"@type\":\"EntryPoint\",\"urlTemplate\":\"https:\/\/instytutpolski.pl\/tokyo\/?s={search_term_string}\"},\"query-input\":{\"@type\":\"PropertyValueSpecification\",\"valueRequired\":true,\"valueName\":\"search_term_string\"}}],\"inLanguage\":\"pl-PL\"}]}<\/script>\n<!-- \/ Yoast SEO plugin. -->","yoast_head_json":{"title":"J\u0119zyk polski - Instytut Polski w Tokio","robots":{"index":"index","follow":"follow","max-snippet":"max-snippet:-1","max-image-preview":"max-image-preview:large","max-video-preview":"max-video-preview:-1"},"canonical":"https:\/\/instytutpolski.pl\/tokyo\/pl\/jezyk-polski\/","og_locale":"pl_PL","og_type":"article","og_title":"J\u0119zyk polski - Instytut Polski w Tokio","og_description":"Kursy j\u0119zyka polskiego w Japonii TUFS \u30dd\u30fc\u30e9\u30f3\u30c9\u8a9e\u8b1b\u5ea7\u6771\u4eac\u5916\u56fd\u8a9e\u5927\u5b66 http:\/\/www.tufs.ac.jp\/common\/open-academy\/index.html Obirin \u685c\u7f8e\u6797\u5927\u5b66 http:\/\/www2.obirin.ac.jp\/annay\/polski.htm DILA \u5927\u5b66\u66f8\u6797 http:\/\/dila.co.jp\/ Asahi Culture Center \u671d\u65e5\u30ab\u30eb\u30c1\u30e3\u30fc\u30bb\u30f3\u30bf\u30fc https:\/\/www.asahiculture.jp\/gaikokugo Szko\u0142a Polonijna im. Janusza Korczaka przy Ambasadzie RP w Tokio &gt;&gt; Polonijna Szko\u0142a Sobotnia oraz Klub Malucha przy Stowarzyszeniu Polonijnym \u201eRAZEM\u201d &gt;&gt; Polszczyzna jest drugim co do liczebno\u015bci u\u017cytkownik\u00f3w j\u0119zykiem s\u0142owia\u0144skim na \u015bwiecie. Pos\u0142uguje si\u0119 ni\u0105 [&hellip;]","og_url":"https:\/\/instytutpolski.pl\/tokyo\/pl\/jezyk-polski\/","og_site_name":"Instytut Polski w Tokio","article_modified_time":"2020-05-21T02:34:06+00:00","og_image":[{"width":1920,"height":700,"url":"https:\/\/instytutpolski.pl\/tokyo\/wp-content\/uploads\/sites\/22\/2019\/06\/jezyk-polski-1.jpg","type":"image\/jpeg"}],"twitter_card":"summary_large_image","twitter_misc":{"Szacowany czas czytania":"3 minuty"},"schema":{"@context":"https:\/\/schema.org","@graph":[{"@type":"WebPage","@id":"https:\/\/instytutpolski.pl\/tokyo\/pl\/jezyk-polski\/","url":"https:\/\/instytutpolski.pl\/tokyo\/pl\/jezyk-polski\/","name":"J\u0119zyk polski - Instytut Polski w Tokio","isPartOf":{"@id":"https:\/\/instytutpolski.pl\/tokyo\/#website"},"primaryImageOfPage":{"@id":"https:\/\/instytutpolski.pl\/tokyo\/pl\/jezyk-polski\/#primaryimage"},"image":{"@id":"https:\/\/instytutpolski.pl\/tokyo\/pl\/jezyk-polski\/#primaryimage"},"thumbnailUrl":"https:\/\/instytutpolski.pl\/tokyo\/wp-content\/uploads\/sites\/22\/2019\/06\/jezyk-polski-1.jpg","datePublished":"2019-06-05T12:16:03+00:00","dateModified":"2020-05-21T02:34:06+00:00","breadcrumb":{"@id":"https:\/\/instytutpolski.pl\/tokyo\/pl\/jezyk-polski\/#breadcrumb"},"inLanguage":"pl-PL","potentialAction":[{"@type":"ReadAction","target":["https:\/\/instytutpolski.pl\/tokyo\/pl\/jezyk-polski\/"]}]},{"@type":"ImageObject","inLanguage":"pl-PL","@id":"https:\/\/instytutpolski.pl\/tokyo\/pl\/jezyk-polski\/#primaryimage","url":"https:\/\/instytutpolski.pl\/tokyo\/wp-content\/uploads\/sites\/22\/2019\/06\/jezyk-polski-1.jpg","contentUrl":"https:\/\/instytutpolski.pl\/tokyo\/wp-content\/uploads\/sites\/22\/2019\/06\/jezyk-polski-1.jpg","width":1920,"height":700},{"@type":"BreadcrumbList","@id":"https:\/\/instytutpolski.pl\/tokyo\/pl\/jezyk-polski\/#breadcrumb","itemListElement":[{"@type":"ListItem","position":1,"name":"Home","item":"https:\/\/instytutpolski.pl\/tokyo\/"},{"@type":"ListItem","position":2,"name":"J\u0119zyk polski"}]},{"@type":"WebSite","@id":"https:\/\/instytutpolski.pl\/tokyo\/#website","url":"https:\/\/instytutpolski.pl\/tokyo\/","name":"Instytut Polski w Tokio","description":"Instytuty Polskie","potentialAction":[{"@type":"SearchAction","target":{"@type":"EntryPoint","urlTemplate":"https:\/\/instytutpolski.pl\/tokyo\/?s={search_term_string}"},"query-input":{"@type":"PropertyValueSpecification","valueRequired":true,"valueName":"search_term_string"}}],"inLanguage":"pl-PL"}]}},"_links":{"self":[{"href":"https:\/\/instytutpolski.pl\/tokyo\/wp-json\/wp\/v2\/pages\/535","targetHints":{"allow":["GET"]}}],"collection":[{"href":"https:\/\/instytutpolski.pl\/tokyo\/wp-json\/wp\/v2\/pages"}],"about":[{"href":"https:\/\/instytutpolski.pl\/tokyo\/wp-json\/wp\/v2\/types\/page"}],"author":[{"embeddable":true,"href":"https:\/\/instytutpolski.pl\/tokyo\/wp-json\/wp\/v2\/users\/1"}],"replies":[{"embeddable":true,"href":"https:\/\/instytutpolski.pl\/tokyo\/wp-json\/wp\/v2\/comments?post=535"}],"version-history":[{"count":7,"href":"https:\/\/instytutpolski.pl\/tokyo\/wp-json\/wp\/v2\/pages\/535\/revisions"}],"predecessor-version":[{"id":1857,"href":"https:\/\/instytutpolski.pl\/tokyo\/wp-json\/wp\/v2\/pages\/535\/revisions\/1857"}],"wp:featuredmedia":[{"embeddable":true,"href":"https:\/\/instytutpolski.pl\/tokyo\/wp-json\/wp\/v2\/media\/1005"}],"wp:attachment":[{"href":"https:\/\/instytutpolski.pl\/tokyo\/wp-json\/wp\/v2\/media?parent=535"}],"curies":[{"name":"wp","href":"https:\/\/api.w.org\/{rel}","templated":true}]}}