{"id":544,"date":"2019-06-05T14:28:27","date_gmt":"2019-06-05T12:28:27","guid":{"rendered":"https:\/\/instytutpolski.pl\/tokio\/?page_id=544"},"modified":"2023-09-04T09:04:00","modified_gmt":"2023-09-04T07:04:00","slug":"instytut-polski-w-tokio","status":"publish","type":"page","link":"https:\/\/instytutpolski.pl\/tokyo\/pl\/instytut-polski-w-tokio\/","title":{"rendered":"O nas"},"content":{"rendered":"\n<h3 class=\"wp-block-heading\">Instytut Polski w Tokio<\/h3>\n\n\n\n<p>\u00a0\u00a0\u00a0\u00a0\u00a0\u00a0\u00a0\u00a0<\/p>\n<p>\u00a0\u00a0\u00a0 Instytut Polski w Tokio zosta\u0142 utworzony 17 listopada 2011 r. jako pierwsza tego typu plac\u00f3wka zagraniczna Ministerstwa Spraw Zagranicznych RP w Azji Wschodniej i 22. na \u015bwiecie. Jej powstanie by\u0142o potwierdzeniem du\u017cej wagi jak\u0105 Polska przywi\u0105zuje do stosunk\u00f3w z Japoni\u0105, do rozwoju z tym krajem wsp\u00f3\u0142pracy w dziedzinie gospodarczej, naukowo-technicznej i kulturalnej, do rozszerzania kontakt\u00f3w i wymiany osobowej mi\u0119dzy obu krajami, w tym m\u0142odzie\u017cy i student\u00f3w.<\/p>\n\n\n\n<p> &nbsp;&nbsp;&nbsp;&nbsp;&nbsp;&nbsp;&nbsp;&nbsp;&nbsp;&nbsp;&nbsp;  Misj\u0105 Instytutu jest budowanie prawid\u0142owego, rzeczywistego wizerunku Polski i jej rozpoznawalno\u015bci w Japonii poprzez zapewnianie i przekazywanie rzetelnej informacji i wiedzy o Polsce, jej historii, dniu dzisiejszym, jej kulturze, zachodz\u0105cych zmianach cywilizacyjnych, rosn\u0105cej pozycji Polski w EU, NATO, w Europie i na \u015bwiecie i in. w dzia\u0142aniach plac\u00f3wki w tym kraju, szczeg\u00f3lnie w kontaktach i w ramach wsp\u00f3\u0142pracy z japo\u0144skimi mediami, instytucjami, uczelniami i szko\u0142ami, organizacjami pozarz\u0105dowymi i in.<\/p>\n\n\n\n<p>&nbsp;&nbsp;&nbsp;&nbsp;&nbsp;&nbsp;&nbsp;&nbsp;&nbsp;&nbsp;&nbsp; Szczeg\u00f3ln\u0105 rol\u0119 w kszta\u0142towaniu obrazu Polski odgrywa zwi\u0119kszanie obecno\u015bci polskiej kultury, jej bogatego dziedzictwa w tej sferze w Japonii, gdzie to nasza kultura jest najbardziej znanym i kojarzonym z Polsk\u0105 produktem. Zadaniem Instytutu Polskiego w Tokio jest inicjowanie, realizowanie, wspieranie w tym kraju projekt\u00f3w promuj\u0105cych osi\u0105gni\u0119cia polskiej muzyki, kinematografii, teatru, literatury, sztuki wsp\u00f3\u0142czesnej, plakatu in.<\/p>\n\n\n\n<p>Zadanie to Instytut realizuje we wsp\u00f3\u0142pracy z Ministerstwem Kultury i Dziedzictwa Narodowego i z podleg\u0142ymi mu instytucjami odpowiedzialnymi za promocj\u0119 polskiej kultury za granic\u0105, w tym zw\u0142aszcza z Instytutem Adama Mickiewicza, Polskim Instytutem Sztuki Filmowej, Narodowym Instytutem Fryderyka Chopina, jak i z japo\u0144skimi instytucjami i impresariatami. W sferze tej polska plac\u00f3wka dba r\u00f3wnie\u017c o popularyzacj\u0119 j\u0119zyka polskiego, w tym wspiera jego nauczanie w Japonii oraz t\u0142umaczenia i wydania polskiej literatury, materia\u0142\u00f3w \u017ar\u00f3d\u0142owych zwi\u0105zanych z polsk\u0105 histori\u0105.<\/p>\n\n\n\n<p>&nbsp;&nbsp;&nbsp;&nbsp;&nbsp;&nbsp;&nbsp;&nbsp;&nbsp;&nbsp;&nbsp; Nawi\u0105zuj\u0105c do wa\u017cnych rocznic w dziejach Polski (np. 1050. Rocznicy Chrztu Polski, 100. rocznica odzyskania niepodleg\u0142o\u015bci przez Polsk\u0119), jak we wzajemnych relacjach (100. rocznica nawi\u0105zania stosunk\u00f3w mi\u0119dzy Polsk\u0105 i Japoni\u0105 w 2019 r.), Instytut \u2013 z jednej strony \u2013 przypomina w Japonii wk\u0142ad Polski w rozw\u00f3j Europy, przemiany demokratyczne po 1989 r. i budow\u0119 nowego \u0142adu w Europie, zaanga\u017cowanie Polski na rzecz umacniania bezpiecze\u0144stwa i pokoju na \u015bwiecie, a z drugiej \u2013 popularyzuje przyk\u0142ady wzajemnej solidarno\u015bci, pomocy i wsp\u00f3\u0142pracy, kt\u00f3re leg\u0142y u podstaw bardzo dobrych relacji mi\u0119dzy Polsk\u0105 i Japoni\u0105 oraz przyja\u017ani mi\u0119dzy spo\u0142ecze\u0144stwami obu kraj\u00f3w.<\/p>\n\n\n\n<p>&nbsp;&nbsp;&nbsp;&nbsp;&nbsp;&nbsp;&nbsp;&nbsp;&nbsp;&nbsp;&nbsp; Instytut promuje wsp\u00f3\u0142czesn\u0105 Polsk\u0119 \u2013 kraj nowoczesny, dynamicznie si\u0119 rozwijaj\u0105cy w oparciu o nowoczesne technologie, innowacje i kreatywne ga\u0142\u0119zie gospodarki, kt\u00f3ry jest&nbsp; atrakcyjnym i po\u017c\u0105danym partnerem w wielu dziedzinach gospodarki, nauki i technologii.<\/p>\n\n\n\n<p>W sprawach petycji, skarg i wniosk\u00f3w dyrektor Instytutu Polskiego w Tokio przyjmuje interesant\u00f3w w poniedzia\u0142ki w godz. od 16:00 do 17:00.<\/p>\n\n\n\n<figure class=\"wp-block-embed is-type-video is-provider-youtube wp-block-embed-youtube wp-embed-aspect-16-9 wp-has-aspect-ratio\"><div class=\"wp-block-embed__wrapper\">\nhttps:\/\/youtu.be\/tLiWuW9VvyI\n<\/div><\/figure>\n","protected":false},"excerpt":{"rendered":"<p>Instytut Polski w Tokio \u00a0\u00a0\u00a0\u00a0\u00a0\u00a0\u00a0\u00a0 \u00a0\u00a0\u00a0 Instytut Polski w Tokio zosta\u0142 utworzony 17 listopada 2011 r. jako pierwsza tego typu plac\u00f3wka zagraniczna Ministerstwa Spraw Zagranicznych RP w Azji Wschodniej i 22. na \u015bwiecie. Jej powstanie by\u0142o potwierdzeniem du\u017cej wagi jak\u0105 Polska przywi\u0105zuje do stosunk\u00f3w z Japoni\u0105, do rozwoju z tym krajem wsp\u00f3\u0142pracy w dziedzinie gospodarczej, [&hellip;]<\/p>\n","protected":false},"author":1,"featured_media":1985,"parent":0,"menu_order":0,"comment_status":"closed","ping_status":"closed","template":"","meta":{"inline_featured_image":false,"_monsterinsights_skip_tracking":false,"_monsterinsights_sitenote_active":false,"_monsterinsights_sitenote_note":"","_monsterinsights_sitenote_category":0,"footnotes":""},"class_list":["post-544","page","type-page","status-publish","has-post-thumbnail","hentry"],"yoast_head":"<!-- This site is optimized with the Yoast SEO plugin v24.6 - https:\/\/yoast.com\/wordpress\/plugins\/seo\/ -->\n<title>O nas - Instytut Polski w Tokio<\/title>\n<meta name=\"robots\" content=\"index, follow, max-snippet:-1, max-image-preview:large, max-video-preview:-1\" \/>\n<link rel=\"canonical\" href=\"https:\/\/instytutpolski.pl\/tokyo\/pl\/instytut-polski-w-tokio\/\" \/>\n<meta property=\"og:locale\" content=\"pl_PL\" \/>\n<meta property=\"og:type\" content=\"article\" \/>\n<meta property=\"og:title\" content=\"O nas - Instytut Polski w Tokio\" \/>\n<meta property=\"og:description\" content=\"Instytut Polski w Tokio \u00a0\u00a0\u00a0\u00a0\u00a0\u00a0\u00a0\u00a0 \u00a0\u00a0\u00a0 Instytut Polski w Tokio zosta\u0142 utworzony 17 listopada 2011 r. jako pierwsza tego typu plac\u00f3wka zagraniczna Ministerstwa Spraw Zagranicznych RP w Azji Wschodniej i 22. na \u015bwiecie. Jej powstanie by\u0142o potwierdzeniem du\u017cej wagi jak\u0105 Polska przywi\u0105zuje do stosunk\u00f3w z Japoni\u0105, do rozwoju z tym krajem wsp\u00f3\u0142pracy w dziedzinie gospodarczej, [&hellip;]\" \/>\n<meta property=\"og:url\" content=\"https:\/\/instytutpolski.pl\/tokyo\/pl\/instytut-polski-w-tokio\/\" \/>\n<meta property=\"og:site_name\" content=\"Instytut Polski w Tokio\" \/>\n<meta property=\"article:modified_time\" content=\"2023-09-04T07:04:00+00:00\" \/>\n<meta property=\"og:image\" content=\"https:\/\/instytutpolski.pl\/tokyo\/wp-content\/uploads\/sites\/22\/2020\/06\/IP.jpg\" \/>\n\t<meta property=\"og:image:width\" content=\"1581\" \/>\n\t<meta property=\"og:image:height\" content=\"829\" \/>\n\t<meta property=\"og:image:type\" content=\"image\/jpeg\" \/>\n<meta name=\"twitter:card\" content=\"summary_large_image\" \/>\n<meta name=\"twitter:label1\" content=\"Szacowany czas czytania\" \/>\n\t<meta name=\"twitter:data1\" content=\"3 minuty\" \/>\n<script type=\"application\/ld+json\" class=\"yoast-schema-graph\">{\"@context\":\"https:\/\/schema.org\",\"@graph\":[{\"@type\":\"WebPage\",\"@id\":\"https:\/\/instytutpolski.pl\/tokyo\/pl\/instytut-polski-w-tokio\/\",\"url\":\"https:\/\/instytutpolski.pl\/tokyo\/pl\/instytut-polski-w-tokio\/\",\"name\":\"O nas - Instytut Polski w Tokio\",\"isPartOf\":{\"@id\":\"https:\/\/instytutpolski.pl\/tokyo\/#website\"},\"primaryImageOfPage\":{\"@id\":\"https:\/\/instytutpolski.pl\/tokyo\/pl\/instytut-polski-w-tokio\/#primaryimage\"},\"image\":{\"@id\":\"https:\/\/instytutpolski.pl\/tokyo\/pl\/instytut-polski-w-tokio\/#primaryimage\"},\"thumbnailUrl\":\"https:\/\/instytutpolski.pl\/tokyo\/wp-content\/uploads\/sites\/22\/2020\/06\/IP.jpg\",\"datePublished\":\"2019-06-05T12:28:27+00:00\",\"dateModified\":\"2023-09-04T07:04:00+00:00\",\"breadcrumb\":{\"@id\":\"https:\/\/instytutpolski.pl\/tokyo\/pl\/instytut-polski-w-tokio\/#breadcrumb\"},\"inLanguage\":\"pl-PL\",\"potentialAction\":[{\"@type\":\"ReadAction\",\"target\":[\"https:\/\/instytutpolski.pl\/tokyo\/pl\/instytut-polski-w-tokio\/\"]}]},{\"@type\":\"ImageObject\",\"inLanguage\":\"pl-PL\",\"@id\":\"https:\/\/instytutpolski.pl\/tokyo\/pl\/instytut-polski-w-tokio\/#primaryimage\",\"url\":\"https:\/\/instytutpolski.pl\/tokyo\/wp-content\/uploads\/sites\/22\/2020\/06\/IP.jpg\",\"contentUrl\":\"https:\/\/instytutpolski.pl\/tokyo\/wp-content\/uploads\/sites\/22\/2020\/06\/IP.jpg\",\"width\":1581,\"height\":829},{\"@type\":\"BreadcrumbList\",\"@id\":\"https:\/\/instytutpolski.pl\/tokyo\/pl\/instytut-polski-w-tokio\/#breadcrumb\",\"itemListElement\":[{\"@type\":\"ListItem\",\"position\":1,\"name\":\"Home\",\"item\":\"https:\/\/instytutpolski.pl\/tokyo\/\"},{\"@type\":\"ListItem\",\"position\":2,\"name\":\"O nas\"}]},{\"@type\":\"WebSite\",\"@id\":\"https:\/\/instytutpolski.pl\/tokyo\/#website\",\"url\":\"https:\/\/instytutpolski.pl\/tokyo\/\",\"name\":\"Instytut Polski w Tokio\",\"description\":\"Instytuty Polskie\",\"potentialAction\":[{\"@type\":\"SearchAction\",\"target\":{\"@type\":\"EntryPoint\",\"urlTemplate\":\"https:\/\/instytutpolski.pl\/tokyo\/?s={search_term_string}\"},\"query-input\":{\"@type\":\"PropertyValueSpecification\",\"valueRequired\":true,\"valueName\":\"search_term_string\"}}],\"inLanguage\":\"pl-PL\"}]}<\/script>\n<!-- \/ Yoast SEO plugin. -->","yoast_head_json":{"title":"O nas - Instytut Polski w Tokio","robots":{"index":"index","follow":"follow","max-snippet":"max-snippet:-1","max-image-preview":"max-image-preview:large","max-video-preview":"max-video-preview:-1"},"canonical":"https:\/\/instytutpolski.pl\/tokyo\/pl\/instytut-polski-w-tokio\/","og_locale":"pl_PL","og_type":"article","og_title":"O nas - Instytut Polski w Tokio","og_description":"Instytut Polski w Tokio \u00a0\u00a0\u00a0\u00a0\u00a0\u00a0\u00a0\u00a0 \u00a0\u00a0\u00a0 Instytut Polski w Tokio zosta\u0142 utworzony 17 listopada 2011 r. jako pierwsza tego typu plac\u00f3wka zagraniczna Ministerstwa Spraw Zagranicznych RP w Azji Wschodniej i 22. na \u015bwiecie. Jej powstanie by\u0142o potwierdzeniem du\u017cej wagi jak\u0105 Polska przywi\u0105zuje do stosunk\u00f3w z Japoni\u0105, do rozwoju z tym krajem wsp\u00f3\u0142pracy w dziedzinie gospodarczej, [&hellip;]","og_url":"https:\/\/instytutpolski.pl\/tokyo\/pl\/instytut-polski-w-tokio\/","og_site_name":"Instytut Polski w Tokio","article_modified_time":"2023-09-04T07:04:00+00:00","og_image":[{"width":1581,"height":829,"url":"https:\/\/instytutpolski.pl\/tokyo\/wp-content\/uploads\/sites\/22\/2020\/06\/IP.jpg","type":"image\/jpeg"}],"twitter_card":"summary_large_image","twitter_misc":{"Szacowany czas czytania":"3 minuty"},"schema":{"@context":"https:\/\/schema.org","@graph":[{"@type":"WebPage","@id":"https:\/\/instytutpolski.pl\/tokyo\/pl\/instytut-polski-w-tokio\/","url":"https:\/\/instytutpolski.pl\/tokyo\/pl\/instytut-polski-w-tokio\/","name":"O nas - Instytut Polski w Tokio","isPartOf":{"@id":"https:\/\/instytutpolski.pl\/tokyo\/#website"},"primaryImageOfPage":{"@id":"https:\/\/instytutpolski.pl\/tokyo\/pl\/instytut-polski-w-tokio\/#primaryimage"},"image":{"@id":"https:\/\/instytutpolski.pl\/tokyo\/pl\/instytut-polski-w-tokio\/#primaryimage"},"thumbnailUrl":"https:\/\/instytutpolski.pl\/tokyo\/wp-content\/uploads\/sites\/22\/2020\/06\/IP.jpg","datePublished":"2019-06-05T12:28:27+00:00","dateModified":"2023-09-04T07:04:00+00:00","breadcrumb":{"@id":"https:\/\/instytutpolski.pl\/tokyo\/pl\/instytut-polski-w-tokio\/#breadcrumb"},"inLanguage":"pl-PL","potentialAction":[{"@type":"ReadAction","target":["https:\/\/instytutpolski.pl\/tokyo\/pl\/instytut-polski-w-tokio\/"]}]},{"@type":"ImageObject","inLanguage":"pl-PL","@id":"https:\/\/instytutpolski.pl\/tokyo\/pl\/instytut-polski-w-tokio\/#primaryimage","url":"https:\/\/instytutpolski.pl\/tokyo\/wp-content\/uploads\/sites\/22\/2020\/06\/IP.jpg","contentUrl":"https:\/\/instytutpolski.pl\/tokyo\/wp-content\/uploads\/sites\/22\/2020\/06\/IP.jpg","width":1581,"height":829},{"@type":"BreadcrumbList","@id":"https:\/\/instytutpolski.pl\/tokyo\/pl\/instytut-polski-w-tokio\/#breadcrumb","itemListElement":[{"@type":"ListItem","position":1,"name":"Home","item":"https:\/\/instytutpolski.pl\/tokyo\/"},{"@type":"ListItem","position":2,"name":"O nas"}]},{"@type":"WebSite","@id":"https:\/\/instytutpolski.pl\/tokyo\/#website","url":"https:\/\/instytutpolski.pl\/tokyo\/","name":"Instytut Polski w Tokio","description":"Instytuty Polskie","potentialAction":[{"@type":"SearchAction","target":{"@type":"EntryPoint","urlTemplate":"https:\/\/instytutpolski.pl\/tokyo\/?s={search_term_string}"},"query-input":{"@type":"PropertyValueSpecification","valueRequired":true,"valueName":"search_term_string"}}],"inLanguage":"pl-PL"}]}},"_links":{"self":[{"href":"https:\/\/instytutpolski.pl\/tokyo\/wp-json\/wp\/v2\/pages\/544","targetHints":{"allow":["GET"]}}],"collection":[{"href":"https:\/\/instytutpolski.pl\/tokyo\/wp-json\/wp\/v2\/pages"}],"about":[{"href":"https:\/\/instytutpolski.pl\/tokyo\/wp-json\/wp\/v2\/types\/page"}],"author":[{"embeddable":true,"href":"https:\/\/instytutpolski.pl\/tokyo\/wp-json\/wp\/v2\/users\/1"}],"replies":[{"embeddable":true,"href":"https:\/\/instytutpolski.pl\/tokyo\/wp-json\/wp\/v2\/comments?post=544"}],"version-history":[{"count":7,"href":"https:\/\/instytutpolski.pl\/tokyo\/wp-json\/wp\/v2\/pages\/544\/revisions"}],"predecessor-version":[{"id":9189,"href":"https:\/\/instytutpolski.pl\/tokyo\/wp-json\/wp\/v2\/pages\/544\/revisions\/9189"}],"wp:featuredmedia":[{"embeddable":true,"href":"https:\/\/instytutpolski.pl\/tokyo\/wp-json\/wp\/v2\/media\/1985"}],"wp:attachment":[{"href":"https:\/\/instytutpolski.pl\/tokyo\/wp-json\/wp\/v2\/media?parent=544"}],"curies":[{"name":"wp","href":"https:\/\/api.w.org\/{rel}","templated":true}]}}