{"id":550,"date":"2019-06-05T14:37:22","date_gmt":"2019-06-05T12:37:22","guid":{"rendered":"https:\/\/instytutpolski.pl\/tokio\/?page_id=550"},"modified":"2025-07-14T07:17:59","modified_gmt":"2025-07-14T05:17:59","slug":"pracownicy","status":"publish","type":"page","link":"https:\/\/instytutpolski.pl\/tokyo\/pl\/pracownicy\/","title":{"rendered":"Pracownicy"},"content":{"rendered":"\n<p><strong>Urszula Osmycka<\/strong><\/p>\n\n\n\n<p>Dyrektor<br>I radca<br>tel. +81-3-5794-5051<br>e-mail: <a href=\"mailto:urszula.osmycka@msz.gov.pl\">urszula.osmycka@msz.gov.pl<\/a><\/p>\n\n\n\n<p>Absolwentka japonistyki na Uniwersytecie Warszawskim, ze specjalizacj\u0105 z historii nowszej Japonii. Stypendystka rz\u0105du Japonii; w 1999 r. wzi\u0119\u0142a udzia\u0142 w rocznym programie Ministerstwa Edukacji dla badaczy j\u0119zyka i kultury japo\u0144skiej na Uniwersytecie Kagoshima; w latach 2002 \u2013 2006&nbsp; studiowa\u0142a na Wydziale Prawa Uniwersytetu Kyushu w Fukuoce, gdzie otrzyma\u0142a tytu\u0142 magistra nauk politycznych.<\/p>\n\n\n\n<p>Po powrocie do Polski by\u0142a zatrudniona m.in. w Ambasadzie Egiptu oraz w Ambasadzie Japonii w&nbsp;Warszawie.<\/p>\n\n\n\n<p>W 2009 r. uko\u0144czy\u0142a aplikacj\u0119 dyplomatyczno-konsularn\u0105 w Ministerstwie Spraw Zagranicznych i&nbsp;rozpocz\u0119\u0142a prac\u0119 w Departamencie Azji i Pacyfiku. W pa\u017adzierniku 2011 r. wzi\u0119\u0142a udzia\u0142 w polsko-japo\u0144skim programie wymiany dyplomat\u00f3w i odby\u0142a sta\u017c w Departamencie Europy w Ministerstwie Spraw Zagranicznych Japonii.<\/p>\n\n\n\n<p>W latach 2012 \u2013 2018 zajmowa\u0142a si\u0119 w Wydziale Polityczno-Ekonomicznym Ambasady RP w Tokio kwestiami politycznymi, prasowymi oraz projektami z zakresu dyplomacji publicznej.<\/p>\n\n\n\n<p>Od sierpnia 2018 r. pracowa\u0142a w Wydziale Obs\u0142ugi Merytorycznej w Sekretariacie Ministra, a&nbsp;nast\u0119pnie Biurze Ministra w Ministerstwie Spraw Zagranicznych w Warszawie.<\/p>\n\n\n\n<p>1 wrze\u015bnia 2021 r. obj\u0119\u0142a stanowisko dyrektora Instytutu Polskiego w Tokio. Pos\u0142uguje si\u0119 j\u0119zykiem angielskim, japo\u0144skim i francuskim.<\/p>\n\n\n\n<p>\u2014<\/p>\n\n\n\n<p><strong>Joanna Baranowska<\/strong><br>Zast\u0119pca Dyrektora<br>II Sekretarz<br>tel. +81-3-5794-7052<br>e-mail: <a href=\"mailto:Joanna.Baranowska2@msz.gov.pl\">Joanna.Baranowska2@msz.gov.pl<\/a><\/p>\n\n\n\n<p><strong>Jaros\u0142aw Waczy\u0144ski<\/strong><br>Ekspert ds. kultury<br>tel. +81-3-5794-7028<br>e-mail: <a href=\"mailto:jaroslaw.waczynski@msz.gov.pl\">jaroslaw.waczynski@msz.gov.pl<\/a> <\/p>\n\n\n\n<p><strong>Rie Hiraiwa<\/strong><br>Ekspert ds. kultury<br>tel. +81-3-5794-7050<br>e-mail: <a href=\"mailto:rie.hiraiwa@msz.gov.pl\">rie.hiraiwa@msz.gov.pl<\/a><\/p>\n\n\n\n<p><strong>Remika Minoguchi<\/strong><br>Ekspert ds. kultury<br>tel. +81-3-5794-7041<br>e-mail: <a href=\"mailto:remika.minoguchi@msz.gov.pl\">remika.minoguchi@msz.gov.pl<\/a><\/p>\n\n\n\n<p><strong>Anna Koyama<\/strong><br>Ekspert ds. kultury; referent ds. obs\u0142ugi administracyjno-finansowej<br>tel. +81-3-5794-7053<br>e-mail: <a href=\"mailto:anna.koyama@msz.gov.pl\">anna.koyama@msz.gov.pl<\/a><\/p>\n\n\n\n<p><strong>Narumi Yorichika<\/strong><br>Sekretariat Instytutu<br>tel. +81-3-5794-7045<br>e-mail: <a href=\"mailto:narumi.yorichika@msz.gov.pl\">narumi.yorichika@msz.gov.pl<\/a><\/p>\n\n\n\n<p>\u2014<\/p>\n\n\n\n<p>Instytut Polski w Tokio<br>2-13-5 Mita Meguro-ku Tokio<br>153-0062 Japonia<br>tel. +81-3-5794-7045<br>faks: +81-3-5794-7024<br>e-mail: <a href=\"mailto:tokio@instytutpolski.pl\">tokio@instytutpolski.pl<\/a><\/p>\n\n\n\n<p><\/p>\n","protected":false},"excerpt":{"rendered":"<p>Urszula Osmycka DyrektorI radcatel. +81-3-5794-5051e-mail: urszula.osmycka@msz.gov.pl Absolwentka japonistyki na Uniwersytecie Warszawskim, ze specjalizacj\u0105 z historii nowszej Japonii. Stypendystka rz\u0105du Japonii; w 1999 r. wzi\u0119\u0142a udzia\u0142 w rocznym programie Ministerstwa Edukacji dla badaczy j\u0119zyka i kultury japo\u0144skiej na Uniwersytecie Kagoshima; w latach 2002 \u2013 2006&nbsp; studiowa\u0142a na Wydziale Prawa Uniwersytetu Kyushu w Fukuoce, gdzie otrzyma\u0142a tytu\u0142 [&hellip;]<\/p>\n","protected":false},"author":1,"featured_media":4976,"parent":0,"menu_order":0,"comment_status":"closed","ping_status":"closed","template":"","meta":{"inline_featured_image":false,"_monsterinsights_skip_tracking":false,"_monsterinsights_sitenote_active":false,"_monsterinsights_sitenote_note":"","_monsterinsights_sitenote_category":0,"footnotes":""},"class_list":["post-550","page","type-page","status-publish","has-post-thumbnail","hentry"],"yoast_head":"<!-- This site is optimized with the Yoast SEO plugin v24.6 - https:\/\/yoast.com\/wordpress\/plugins\/seo\/ -->\n<title>Pracownicy - Instytut Polski w Tokio<\/title>\n<meta name=\"robots\" content=\"index, follow, max-snippet:-1, max-image-preview:large, max-video-preview:-1\" \/>\n<link rel=\"canonical\" href=\"https:\/\/instytutpolski.pl\/tokyo\/pl\/pracownicy\/\" \/>\n<meta property=\"og:locale\" content=\"pl_PL\" \/>\n<meta property=\"og:type\" content=\"article\" \/>\n<meta property=\"og:title\" content=\"Pracownicy - Instytut Polski w Tokio\" \/>\n<meta property=\"og:description\" content=\"Urszula Osmycka DyrektorI radcatel. +81-3-5794-5051e-mail: urszula.osmycka@msz.gov.pl Absolwentka japonistyki na Uniwersytecie Warszawskim, ze specjalizacj\u0105 z historii nowszej Japonii. Stypendystka rz\u0105du Japonii; w 1999 r. wzi\u0119\u0142a udzia\u0142 w rocznym programie Ministerstwa Edukacji dla badaczy j\u0119zyka i kultury japo\u0144skiej na Uniwersytecie Kagoshima; w latach 2002 \u2013 2006&nbsp; studiowa\u0142a na Wydziale Prawa Uniwersytetu Kyushu w Fukuoce, gdzie otrzyma\u0142a tytu\u0142 [&hellip;]\" \/>\n<meta property=\"og:url\" content=\"https:\/\/instytutpolski.pl\/tokyo\/pl\/pracownicy\/\" \/>\n<meta property=\"og:site_name\" content=\"Instytut Polski w Tokio\" \/>\n<meta property=\"article:modified_time\" content=\"2025-07-14T05:17:59+00:00\" \/>\n<meta property=\"og:image\" content=\"https:\/\/instytutpolski.pl\/tokyo\/wp-content\/uploads\/sites\/22\/2021\/12\/IMG_1050-scaled.jpg\" \/>\n\t<meta property=\"og:image:width\" content=\"2560\" \/>\n\t<meta property=\"og:image:height\" content=\"1920\" \/>\n\t<meta property=\"og:image:type\" content=\"image\/jpeg\" \/>\n<meta name=\"twitter:card\" content=\"summary_large_image\" \/>\n<meta name=\"twitter:label1\" content=\"Szacowany czas czytania\" \/>\n\t<meta name=\"twitter:data1\" content=\"2 minuty\" \/>\n<script type=\"application\/ld+json\" class=\"yoast-schema-graph\">{\"@context\":\"https:\/\/schema.org\",\"@graph\":[{\"@type\":\"WebPage\",\"@id\":\"https:\/\/instytutpolski.pl\/tokyo\/pl\/pracownicy\/\",\"url\":\"https:\/\/instytutpolski.pl\/tokyo\/pl\/pracownicy\/\",\"name\":\"Pracownicy - Instytut Polski w Tokio\",\"isPartOf\":{\"@id\":\"https:\/\/instytutpolski.pl\/tokyo\/#website\"},\"primaryImageOfPage\":{\"@id\":\"https:\/\/instytutpolski.pl\/tokyo\/pl\/pracownicy\/#primaryimage\"},\"image\":{\"@id\":\"https:\/\/instytutpolski.pl\/tokyo\/pl\/pracownicy\/#primaryimage\"},\"thumbnailUrl\":\"https:\/\/instytutpolski.pl\/tokyo\/wp-content\/uploads\/sites\/22\/2021\/12\/IMG_1050-scaled.jpg\",\"datePublished\":\"2019-06-05T12:37:22+00:00\",\"dateModified\":\"2025-07-14T05:17:59+00:00\",\"breadcrumb\":{\"@id\":\"https:\/\/instytutpolski.pl\/tokyo\/pl\/pracownicy\/#breadcrumb\"},\"inLanguage\":\"pl-PL\",\"potentialAction\":[{\"@type\":\"ReadAction\",\"target\":[\"https:\/\/instytutpolski.pl\/tokyo\/pl\/pracownicy\/\"]}]},{\"@type\":\"ImageObject\",\"inLanguage\":\"pl-PL\",\"@id\":\"https:\/\/instytutpolski.pl\/tokyo\/pl\/pracownicy\/#primaryimage\",\"url\":\"https:\/\/instytutpolski.pl\/tokyo\/wp-content\/uploads\/sites\/22\/2021\/12\/IMG_1050-scaled.jpg\",\"contentUrl\":\"https:\/\/instytutpolski.pl\/tokyo\/wp-content\/uploads\/sites\/22\/2021\/12\/IMG_1050-scaled.jpg\",\"width\":2560,\"height\":1920},{\"@type\":\"BreadcrumbList\",\"@id\":\"https:\/\/instytutpolski.pl\/tokyo\/pl\/pracownicy\/#breadcrumb\",\"itemListElement\":[{\"@type\":\"ListItem\",\"position\":1,\"name\":\"Home\",\"item\":\"https:\/\/instytutpolski.pl\/tokyo\/\"},{\"@type\":\"ListItem\",\"position\":2,\"name\":\"Pracownicy\"}]},{\"@type\":\"WebSite\",\"@id\":\"https:\/\/instytutpolski.pl\/tokyo\/#website\",\"url\":\"https:\/\/instytutpolski.pl\/tokyo\/\",\"name\":\"Instytut Polski w Tokio\",\"description\":\"Instytuty Polskie\",\"potentialAction\":[{\"@type\":\"SearchAction\",\"target\":{\"@type\":\"EntryPoint\",\"urlTemplate\":\"https:\/\/instytutpolski.pl\/tokyo\/?s={search_term_string}\"},\"query-input\":{\"@type\":\"PropertyValueSpecification\",\"valueRequired\":true,\"valueName\":\"search_term_string\"}}],\"inLanguage\":\"pl-PL\"}]}<\/script>\n<!-- \/ Yoast SEO plugin. -->","yoast_head_json":{"title":"Pracownicy - Instytut Polski w Tokio","robots":{"index":"index","follow":"follow","max-snippet":"max-snippet:-1","max-image-preview":"max-image-preview:large","max-video-preview":"max-video-preview:-1"},"canonical":"https:\/\/instytutpolski.pl\/tokyo\/pl\/pracownicy\/","og_locale":"pl_PL","og_type":"article","og_title":"Pracownicy - Instytut Polski w Tokio","og_description":"Urszula Osmycka DyrektorI radcatel. +81-3-5794-5051e-mail: urszula.osmycka@msz.gov.pl Absolwentka japonistyki na Uniwersytecie Warszawskim, ze specjalizacj\u0105 z historii nowszej Japonii. Stypendystka rz\u0105du Japonii; w 1999 r. wzi\u0119\u0142a udzia\u0142 w rocznym programie Ministerstwa Edukacji dla badaczy j\u0119zyka i kultury japo\u0144skiej na Uniwersytecie Kagoshima; w latach 2002 \u2013 2006&nbsp; studiowa\u0142a na Wydziale Prawa Uniwersytetu Kyushu w Fukuoce, gdzie otrzyma\u0142a tytu\u0142 [&hellip;]","og_url":"https:\/\/instytutpolski.pl\/tokyo\/pl\/pracownicy\/","og_site_name":"Instytut Polski w Tokio","article_modified_time":"2025-07-14T05:17:59+00:00","og_image":[{"width":2560,"height":1920,"url":"https:\/\/instytutpolski.pl\/tokyo\/wp-content\/uploads\/sites\/22\/2021\/12\/IMG_1050-scaled.jpg","type":"image\/jpeg"}],"twitter_card":"summary_large_image","twitter_misc":{"Szacowany czas czytania":"2 minuty"},"schema":{"@context":"https:\/\/schema.org","@graph":[{"@type":"WebPage","@id":"https:\/\/instytutpolski.pl\/tokyo\/pl\/pracownicy\/","url":"https:\/\/instytutpolski.pl\/tokyo\/pl\/pracownicy\/","name":"Pracownicy - Instytut Polski w Tokio","isPartOf":{"@id":"https:\/\/instytutpolski.pl\/tokyo\/#website"},"primaryImageOfPage":{"@id":"https:\/\/instytutpolski.pl\/tokyo\/pl\/pracownicy\/#primaryimage"},"image":{"@id":"https:\/\/instytutpolski.pl\/tokyo\/pl\/pracownicy\/#primaryimage"},"thumbnailUrl":"https:\/\/instytutpolski.pl\/tokyo\/wp-content\/uploads\/sites\/22\/2021\/12\/IMG_1050-scaled.jpg","datePublished":"2019-06-05T12:37:22+00:00","dateModified":"2025-07-14T05:17:59+00:00","breadcrumb":{"@id":"https:\/\/instytutpolski.pl\/tokyo\/pl\/pracownicy\/#breadcrumb"},"inLanguage":"pl-PL","potentialAction":[{"@type":"ReadAction","target":["https:\/\/instytutpolski.pl\/tokyo\/pl\/pracownicy\/"]}]},{"@type":"ImageObject","inLanguage":"pl-PL","@id":"https:\/\/instytutpolski.pl\/tokyo\/pl\/pracownicy\/#primaryimage","url":"https:\/\/instytutpolski.pl\/tokyo\/wp-content\/uploads\/sites\/22\/2021\/12\/IMG_1050-scaled.jpg","contentUrl":"https:\/\/instytutpolski.pl\/tokyo\/wp-content\/uploads\/sites\/22\/2021\/12\/IMG_1050-scaled.jpg","width":2560,"height":1920},{"@type":"BreadcrumbList","@id":"https:\/\/instytutpolski.pl\/tokyo\/pl\/pracownicy\/#breadcrumb","itemListElement":[{"@type":"ListItem","position":1,"name":"Home","item":"https:\/\/instytutpolski.pl\/tokyo\/"},{"@type":"ListItem","position":2,"name":"Pracownicy"}]},{"@type":"WebSite","@id":"https:\/\/instytutpolski.pl\/tokyo\/#website","url":"https:\/\/instytutpolski.pl\/tokyo\/","name":"Instytut Polski w Tokio","description":"Instytuty Polskie","potentialAction":[{"@type":"SearchAction","target":{"@type":"EntryPoint","urlTemplate":"https:\/\/instytutpolski.pl\/tokyo\/?s={search_term_string}"},"query-input":{"@type":"PropertyValueSpecification","valueRequired":true,"valueName":"search_term_string"}}],"inLanguage":"pl-PL"}]}},"_links":{"self":[{"href":"https:\/\/instytutpolski.pl\/tokyo\/wp-json\/wp\/v2\/pages\/550","targetHints":{"allow":["GET"]}}],"collection":[{"href":"https:\/\/instytutpolski.pl\/tokyo\/wp-json\/wp\/v2\/pages"}],"about":[{"href":"https:\/\/instytutpolski.pl\/tokyo\/wp-json\/wp\/v2\/types\/page"}],"author":[{"embeddable":true,"href":"https:\/\/instytutpolski.pl\/tokyo\/wp-json\/wp\/v2\/users\/1"}],"replies":[{"embeddable":true,"href":"https:\/\/instytutpolski.pl\/tokyo\/wp-json\/wp\/v2\/comments?post=550"}],"version-history":[{"count":23,"href":"https:\/\/instytutpolski.pl\/tokyo\/wp-json\/wp\/v2\/pages\/550\/revisions"}],"predecessor-version":[{"id":11657,"href":"https:\/\/instytutpolski.pl\/tokyo\/wp-json\/wp\/v2\/pages\/550\/revisions\/11657"}],"wp:featuredmedia":[{"embeddable":true,"href":"https:\/\/instytutpolski.pl\/tokyo\/wp-json\/wp\/v2\/media\/4976"}],"wp:attachment":[{"href":"https:\/\/instytutpolski.pl\/tokyo\/wp-json\/wp\/v2\/media?parent=550"}],"curies":[{"name":"wp","href":"https:\/\/api.w.org\/{rel}","templated":true}]}}