{"id":568,"date":"2019-06-06T09:00:55","date_gmt":"2019-06-06T07:00:55","guid":{"rendered":"https:\/\/instytutpolski.pl\/tokio\/?page_id=568"},"modified":"2026-02-10T08:30:41","modified_gmt":"2026-02-10T07:30:41","slug":"polonijna-szkola-sobotnia-oraz-klub-malucha-przy-stowarzyszeniu-polonijnym-razem","status":"publish","type":"page","link":"https:\/\/instytutpolski.pl\/tokyo\/pl\/polonijna-szkola-sobotnia-oraz-klub-malucha-przy-stowarzyszeniu-polonijnym-razem\/","title":{"rendered":"Polonijna Szko\u0142a Sobotnia oraz Klub Malucha przy Stowarzyszeniu Polonijnym RAZEM"},"content":{"rendered":"\n<p>Jeste\u015bmy zarejestrowani na portalu edukacyjnym Polska Szko\u0142a prowadzonym przez O\u015brodek Rozwoju Polskiej Edukacji za Granic\u0105 we wsp\u00f3\u0142pracy z Ministerstwem Edukacji Narodowej.<\/p>\n\n\n\n<p>Obecnie uczniowie podzieleni s\u0105 na sze\u015b\u0107 grup:*<\/p>\n\n\n\n<ol class=\"wp-block-list\">\n<li>Klub Malucha \u2013 grupa przedszkolna (3\u20134-latki)<\/li>\n\n\n\n<li>Klub Malucha \u2013 roczne przygotowanie szkolne (6-latki)<\/li>\n\n\n\n<li>Polonijna Szko\u0142a Sobotnia \u2013 grupa \u201ej\u0119zyk polski jako j\u0119zyk obcy\u201d**<\/li>\n\n\n\n<li>Polonijna Szko\u0142a Sobotnia \u2013 grupa m\u0142odsza<\/li>\n\n\n\n<li>Polonijna Szko\u0142a Sobotnia \u2013 grupa \u015brednia<\/li>\n\n\n\n<li>Polonijna Szko\u0142a Sobotnia \u2013 grupa m\u0142odzie\u017cowa<\/li>\n<\/ol>\n\n\n\n<p>*Dob\u00f3r grup odbywa si\u0119 na podstawie indywidualnych rozm\u00f3w z dzieckiem oraz z jednym lub obojgiem rodzic\u00f3w, przy uwzgl\u0119dnieniu wieku i potrzeb j\u0119zykowych dziecka.<\/p>\n\n\n\n<p>**Zaj\u0119cia w grupie &#8222;j\u0119zyk polski jako j\u0119zyk obcy&#8221; skupiaj\u0105 si\u0119 przede wszystkim na <strong>praktycznej nauce j\u0119zyka od podstaw<\/strong>: stopniowym poszerzaniu s\u0142ownictwa, rozwijaniu rozumienia i m\u00f3wienia oraz wzmacnianiu swobody w codziennej komunikacji. Wa\u017cnym elementem zaj\u0119\u0107 jest tak\u017ce kszta\u0142towanie poprawnej wymowy.<\/p>\n\n\n\n<p>Podczas zaj\u0119\u0107 korzystamy z podr\u0119cznik\u00f3w rekomendowanych przez Ministerstwo Edukacji Narodowej.<\/p>\n\n\n\n<p><strong>Program danej klasy realizowany jest w ci\u0105gu jednego roku szkolnego wed\u0142ug kalendarza polskiego, czyli od wrze\u015bnia do czerwca.<\/strong><\/p>\n\n\n\n<p>Dodatkowo w naszej szkole du\u017co si\u0119 dzieje!<\/p>\n\n\n\n<p>Wsp\u00f3lnie \u015bwi\u0119tujemy polskie tradycje, przygotowujemy wyst\u0119py, czasem na powa\u017cnie, a czasem na weso\u0142o. Organizujemy r\u00f3wnie\u017c spotkania z ciekawymi go\u015b\u0107mi z Polski, wyjazdy weekendowe, a na co dzie\u0144 nie brakuje te\u017c zwyk\u0142ych, podw\u00f3rkowych zabaw w pobliskim parku.<\/p>\n\n\n\n<p>Zaj\u0119cia odbywaj\u0105 si\u0119 w salach lekcyjnych przy ko\u015bciele Dominikan\u00f3w w Tokio w soboty, 2\u20133 razy w miesi\u0105cu.<\/p>\n\n\n\n<p><strong>Adres szko\u0142y:<\/strong><\/p>\n<p>Shibuya Catholic Church (St. Dominic)<\/p>\n<p>18-13 Nanpeidai-cho, Shibuya-ku<br>150-0036 Tokyo<\/p>\n<p><a href=\"https:\/\/maps.app.goo.gl\/XXUNSfNfYadCz4UG9\">Zobacz lokalizacj\u0119<\/a><\/p>\n<p><strong>Rodzice zainteresowani kszta\u0142ceniem i rozwojem j\u0119zyka polskiego swoich dzieci, a tak\u017ce integracj\u0105 z r\u00f3wie\u015bnikami, proszeni s\u0105 o kontakt mailowy:<br><\/strong><strong>razemwjaponii@gmail.com<\/strong><\/p>\n\n\n\n<p>Fotoreporta\u017ce z \u017cycia szko\u0142y mo\u017cna zobaczy\u0107 na stronie FB:<\/p>\n<p><a href=\"https:\/\/www.facebook.com\/razemwjaponii\"><u>https:\/\/www.facebook.com\/razemwjaponii<\/u><\/a><\/p>\n<p>\u00a0<\/p>\n","protected":false},"excerpt":{"rendered":"<p>Jeste\u015bmy zarejestrowani na portalu edukacyjnym Polska Szko\u0142a prowadzonym przez O\u015brodek Rozwoju Polskiej Edukacji za Granic\u0105 we wsp\u00f3\u0142pracy z Ministerstwem Edukacji Narodowej. Obecnie uczniowie podzieleni s\u0105 na sze\u015b\u0107 grup:* *Dob\u00f3r grup odbywa si\u0119 na podstawie indywidualnych rozm\u00f3w z dzieckiem oraz z jednym lub obojgiem rodzic\u00f3w, przy uwzgl\u0119dnieniu wieku i potrzeb j\u0119zykowych dziecka. **Zaj\u0119cia w grupie &#8222;j\u0119zyk [&hellip;]<\/p>\n","protected":false},"author":1,"featured_media":0,"parent":0,"menu_order":0,"comment_status":"closed","ping_status":"closed","template":"","meta":{"inline_featured_image":false,"_monsterinsights_skip_tracking":false,"_monsterinsights_sitenote_active":false,"_monsterinsights_sitenote_note":"","_monsterinsights_sitenote_category":0,"footnotes":""},"class_list":["post-568","page","type-page","status-publish","hentry"],"yoast_head":"<!-- This site is optimized with the Yoast SEO plugin v24.6 - https:\/\/yoast.com\/wordpress\/plugins\/seo\/ -->\n<title>Polonijna Szko\u0142a Sobotnia oraz Klub Malucha przy Stowarzyszeniu Polonijnym RAZEM - Instytut Polski w Tokio<\/title>\n<meta name=\"robots\" content=\"index, follow, max-snippet:-1, max-image-preview:large, max-video-preview:-1\" \/>\n<link rel=\"canonical\" href=\"https:\/\/instytutpolski.pl\/tokyo\/pl\/polonijna-szkola-sobotnia-oraz-klub-malucha-przy-stowarzyszeniu-polonijnym-razem\/\" \/>\n<meta property=\"og:locale\" content=\"pl_PL\" \/>\n<meta property=\"og:type\" content=\"article\" \/>\n<meta property=\"og:title\" content=\"Polonijna Szko\u0142a Sobotnia oraz Klub Malucha przy Stowarzyszeniu Polonijnym RAZEM - Instytut Polski w Tokio\" \/>\n<meta property=\"og:description\" content=\"Jeste\u015bmy zarejestrowani na portalu edukacyjnym Polska Szko\u0142a prowadzonym przez O\u015brodek Rozwoju Polskiej Edukacji za Granic\u0105 we wsp\u00f3\u0142pracy z Ministerstwem Edukacji Narodowej. Obecnie uczniowie podzieleni s\u0105 na sze\u015b\u0107 grup:* *Dob\u00f3r grup odbywa si\u0119 na podstawie indywidualnych rozm\u00f3w z dzieckiem oraz z jednym lub obojgiem rodzic\u00f3w, przy uwzgl\u0119dnieniu wieku i potrzeb j\u0119zykowych dziecka. **Zaj\u0119cia w grupie &#8222;j\u0119zyk [&hellip;]\" \/>\n<meta property=\"og:url\" content=\"https:\/\/instytutpolski.pl\/tokyo\/pl\/polonijna-szkola-sobotnia-oraz-klub-malucha-przy-stowarzyszeniu-polonijnym-razem\/\" \/>\n<meta property=\"og:site_name\" content=\"Instytut Polski w Tokio\" \/>\n<meta property=\"article:modified_time\" content=\"2026-02-10T07:30:41+00:00\" \/>\n<meta name=\"twitter:card\" content=\"summary_large_image\" \/>\n<meta name=\"twitter:label1\" content=\"Szacowany czas czytania\" \/>\n\t<meta name=\"twitter:data1\" content=\"2 minuty\" \/>\n<script type=\"application\/ld+json\" class=\"yoast-schema-graph\">{\"@context\":\"https:\/\/schema.org\",\"@graph\":[{\"@type\":\"WebPage\",\"@id\":\"https:\/\/instytutpolski.pl\/tokyo\/pl\/polonijna-szkola-sobotnia-oraz-klub-malucha-przy-stowarzyszeniu-polonijnym-razem\/\",\"url\":\"https:\/\/instytutpolski.pl\/tokyo\/pl\/polonijna-szkola-sobotnia-oraz-klub-malucha-przy-stowarzyszeniu-polonijnym-razem\/\",\"name\":\"Polonijna Szko\u0142a Sobotnia oraz Klub Malucha przy Stowarzyszeniu Polonijnym RAZEM - Instytut Polski w Tokio\",\"isPartOf\":{\"@id\":\"https:\/\/instytutpolski.pl\/tokyo\/#website\"},\"datePublished\":\"2019-06-06T07:00:55+00:00\",\"dateModified\":\"2026-02-10T07:30:41+00:00\",\"breadcrumb\":{\"@id\":\"https:\/\/instytutpolski.pl\/tokyo\/pl\/polonijna-szkola-sobotnia-oraz-klub-malucha-przy-stowarzyszeniu-polonijnym-razem\/#breadcrumb\"},\"inLanguage\":\"pl-PL\",\"potentialAction\":[{\"@type\":\"ReadAction\",\"target\":[\"https:\/\/instytutpolski.pl\/tokyo\/pl\/polonijna-szkola-sobotnia-oraz-klub-malucha-przy-stowarzyszeniu-polonijnym-razem\/\"]}]},{\"@type\":\"BreadcrumbList\",\"@id\":\"https:\/\/instytutpolski.pl\/tokyo\/pl\/polonijna-szkola-sobotnia-oraz-klub-malucha-przy-stowarzyszeniu-polonijnym-razem\/#breadcrumb\",\"itemListElement\":[{\"@type\":\"ListItem\",\"position\":1,\"name\":\"Home\",\"item\":\"https:\/\/instytutpolski.pl\/tokyo\/\"},{\"@type\":\"ListItem\",\"position\":2,\"name\":\"Polonijna Szko\u0142a Sobotnia oraz Klub Malucha przy Stowarzyszeniu Polonijnym RAZEM\"}]},{\"@type\":\"WebSite\",\"@id\":\"https:\/\/instytutpolski.pl\/tokyo\/#website\",\"url\":\"https:\/\/instytutpolski.pl\/tokyo\/\",\"name\":\"Instytut Polski w Tokio\",\"description\":\"Instytuty Polskie\",\"potentialAction\":[{\"@type\":\"SearchAction\",\"target\":{\"@type\":\"EntryPoint\",\"urlTemplate\":\"https:\/\/instytutpolski.pl\/tokyo\/?s={search_term_string}\"},\"query-input\":{\"@type\":\"PropertyValueSpecification\",\"valueRequired\":true,\"valueName\":\"search_term_string\"}}],\"inLanguage\":\"pl-PL\"}]}<\/script>\n<!-- \/ Yoast SEO plugin. -->","yoast_head_json":{"title":"Polonijna Szko\u0142a Sobotnia oraz Klub Malucha przy Stowarzyszeniu Polonijnym RAZEM - Instytut Polski w Tokio","robots":{"index":"index","follow":"follow","max-snippet":"max-snippet:-1","max-image-preview":"max-image-preview:large","max-video-preview":"max-video-preview:-1"},"canonical":"https:\/\/instytutpolski.pl\/tokyo\/pl\/polonijna-szkola-sobotnia-oraz-klub-malucha-przy-stowarzyszeniu-polonijnym-razem\/","og_locale":"pl_PL","og_type":"article","og_title":"Polonijna Szko\u0142a Sobotnia oraz Klub Malucha przy Stowarzyszeniu Polonijnym RAZEM - Instytut Polski w Tokio","og_description":"Jeste\u015bmy zarejestrowani na portalu edukacyjnym Polska Szko\u0142a prowadzonym przez O\u015brodek Rozwoju Polskiej Edukacji za Granic\u0105 we wsp\u00f3\u0142pracy z Ministerstwem Edukacji Narodowej. Obecnie uczniowie podzieleni s\u0105 na sze\u015b\u0107 grup:* *Dob\u00f3r grup odbywa si\u0119 na podstawie indywidualnych rozm\u00f3w z dzieckiem oraz z jednym lub obojgiem rodzic\u00f3w, przy uwzgl\u0119dnieniu wieku i potrzeb j\u0119zykowych dziecka. **Zaj\u0119cia w grupie &#8222;j\u0119zyk [&hellip;]","og_url":"https:\/\/instytutpolski.pl\/tokyo\/pl\/polonijna-szkola-sobotnia-oraz-klub-malucha-przy-stowarzyszeniu-polonijnym-razem\/","og_site_name":"Instytut Polski w Tokio","article_modified_time":"2026-02-10T07:30:41+00:00","twitter_card":"summary_large_image","twitter_misc":{"Szacowany czas czytania":"2 minuty"},"schema":{"@context":"https:\/\/schema.org","@graph":[{"@type":"WebPage","@id":"https:\/\/instytutpolski.pl\/tokyo\/pl\/polonijna-szkola-sobotnia-oraz-klub-malucha-przy-stowarzyszeniu-polonijnym-razem\/","url":"https:\/\/instytutpolski.pl\/tokyo\/pl\/polonijna-szkola-sobotnia-oraz-klub-malucha-przy-stowarzyszeniu-polonijnym-razem\/","name":"Polonijna Szko\u0142a Sobotnia oraz Klub Malucha przy Stowarzyszeniu Polonijnym RAZEM - Instytut Polski w Tokio","isPartOf":{"@id":"https:\/\/instytutpolski.pl\/tokyo\/#website"},"datePublished":"2019-06-06T07:00:55+00:00","dateModified":"2026-02-10T07:30:41+00:00","breadcrumb":{"@id":"https:\/\/instytutpolski.pl\/tokyo\/pl\/polonijna-szkola-sobotnia-oraz-klub-malucha-przy-stowarzyszeniu-polonijnym-razem\/#breadcrumb"},"inLanguage":"pl-PL","potentialAction":[{"@type":"ReadAction","target":["https:\/\/instytutpolski.pl\/tokyo\/pl\/polonijna-szkola-sobotnia-oraz-klub-malucha-przy-stowarzyszeniu-polonijnym-razem\/"]}]},{"@type":"BreadcrumbList","@id":"https:\/\/instytutpolski.pl\/tokyo\/pl\/polonijna-szkola-sobotnia-oraz-klub-malucha-przy-stowarzyszeniu-polonijnym-razem\/#breadcrumb","itemListElement":[{"@type":"ListItem","position":1,"name":"Home","item":"https:\/\/instytutpolski.pl\/tokyo\/"},{"@type":"ListItem","position":2,"name":"Polonijna Szko\u0142a Sobotnia oraz Klub Malucha przy Stowarzyszeniu Polonijnym RAZEM"}]},{"@type":"WebSite","@id":"https:\/\/instytutpolski.pl\/tokyo\/#website","url":"https:\/\/instytutpolski.pl\/tokyo\/","name":"Instytut Polski w Tokio","description":"Instytuty Polskie","potentialAction":[{"@type":"SearchAction","target":{"@type":"EntryPoint","urlTemplate":"https:\/\/instytutpolski.pl\/tokyo\/?s={search_term_string}"},"query-input":{"@type":"PropertyValueSpecification","valueRequired":true,"valueName":"search_term_string"}}],"inLanguage":"pl-PL"}]}},"_links":{"self":[{"href":"https:\/\/instytutpolski.pl\/tokyo\/wp-json\/wp\/v2\/pages\/568","targetHints":{"allow":["GET"]}}],"collection":[{"href":"https:\/\/instytutpolski.pl\/tokyo\/wp-json\/wp\/v2\/pages"}],"about":[{"href":"https:\/\/instytutpolski.pl\/tokyo\/wp-json\/wp\/v2\/types\/page"}],"author":[{"embeddable":true,"href":"https:\/\/instytutpolski.pl\/tokyo\/wp-json\/wp\/v2\/users\/1"}],"replies":[{"embeddable":true,"href":"https:\/\/instytutpolski.pl\/tokyo\/wp-json\/wp\/v2\/comments?post=568"}],"version-history":[{"count":4,"href":"https:\/\/instytutpolski.pl\/tokyo\/wp-json\/wp\/v2\/pages\/568\/revisions"}],"predecessor-version":[{"id":13166,"href":"https:\/\/instytutpolski.pl\/tokyo\/wp-json\/wp\/v2\/pages\/568\/revisions\/13166"}],"wp:attachment":[{"href":"https:\/\/instytutpolski.pl\/tokyo\/wp-json\/wp\/v2\/media?parent=568"}],"curies":[{"name":"wp","href":"https:\/\/api.w.org\/{rel}","templated":true}]}}