{"id":6169,"date":"2022-11-16T11:14:29","date_gmt":"2022-11-16T10:14:29","guid":{"rendered":"https:\/\/instytutpolski.pl\/tokyo\/?page_id=6169"},"modified":"2023-09-14T04:38:26","modified_gmt":"2023-09-14T02:38:26","slug":"seria-opowiadamy-polske-swiatu","status":"publish","type":"page","link":"https:\/\/instytutpolski.pl\/tokyo\/pl\/seria-opowiadamy-polske-swiatu\/","title":{"rendered":"SERIA &#8222;OPOWIADAMY POLSK\u0118 \u015aWIATU&#8221;"},"content":{"rendered":"\n<p><em>\u201eOpowiadamy Polsk\u0119 \u015bwiatu\u201d to projekt realizowany przez Instytut Nowych Medi\u00f3w przy wsparciu Instytutu Pami\u0119ci Narodowej, Narodowego Banku Polskiego, Ministerstwa Spraw Zagranicznych i Polskiej Agencji Prasowej. Wszystkie teksty projektu zosta\u0142y opublikowane na portalu&nbsp;<a href=\"https:\/\/wszystkoconajwazniejsze.pl\/autorzy\/karol-nawrocki\/\" target=\"_blank\" rel=\"noreferrer noopener\">wszystkoconajwazniejsze.pl<\/a>.<\/em><br><\/p>\n\n\n\n<ul class=\"wp-block-list\"><li>10.09.2023 &#8222;Historia m\u0119cze\u0144stwa Ulm\u00f3w powinna by\u0107 znana na ca\u0142ym \u015bwiecie&#8221; <strong>Andrzej DUDA<\/strong>, Prezydent RP<\/li><\/ul>\n\n\n\n<p>Jako Polacy jeste\u015bmy dumni, \u017ce 10 wrze\u015bnia 2023 roku rodzina Ulm\u00f3w, naszych rodak\u00f3w, zostanie w\u0142\u0105czona w poczet b\u0142ogos\u0142awionych Ko\u015bcio\u0142a katolickiego. Znaczenie tego wydarzenia wykracza poza wymiar religijny. B\u0119dzie to r\u00f3wnie\u017c ho\u0142d dla bohater\u00f3w uosabiaj\u0105cych najwy\u017csze idea\u0142y cz\u0142owiecze\u0144stwa.(&#8230;) Czytaj dalej; <a href=\"https:\/\/instytutpolski.pl\/tokyo\/wp-content\/uploads\/sites\/22\/2023\/09\/Andrzej-DUDA-\u2013-Historia-me\u0328czen\u0301stwa-Ulmo\u0301w-powinna-byc\u0301-znana-na-calym-s\u0301wiecie.pdf\" target=\"_blank\" rel=\"noreferrer noopener\">PDF<\/a><\/p>\n\n\n\n<hr class=\"wp-block-separator has-alpha-channel-opacity\" \/>\n\n\n\n<ul class=\"wp-block-list\"><li>10.09.2023 &#8222;Naszym obowi\u0105zkiem jest pami\u0119ta\u0107&#8221; <strong>Prof. Piotr GLI\u0143SKI<\/strong>, Minister Kultury i Dziedzictwa Narodowego<\/li><\/ul>\n\n\n\n<p>Wrzesie\u0144 to miesi\u0105c zajmuj\u0105cy szczeg\u00f3lne miejsce w pami\u0119ci i \u015bwiadomo\u015bci historycznej Polak\u00f3w. To czas refleksji nad dramatycznymi do\u015bwiadczeniami narodu polskiego w XX w., czas dw\u00f3ch rocznic, kt\u00f3rych obchody przypominaj\u0105 nam o tym, jak kruche s\u0105 cz\u0119sto podstawy naszego spokojnego, codziennego \u017cycia, jak wa\u017cna jest czujno\u015b\u0107 w obliczu rosn\u0105cych imperialnych ambicji zewn\u0119trznych wrog\u00f3w i jak wielka jest warto\u015b\u0107 samodzielnego bytu pa\u0144stwowego, zdolno\u015bci do obrony tego, co w naszym \u017cyciu najwa\u017cniejsze \u2013 naszych rodzin, dorobku pokole\u0144; \u017cycia i wolno\u015bci. (&#8230;) Czytaj dalej; <a href=\"https:\/\/instytutpolski.pl\/tokyo\/wp-content\/uploads\/sites\/22\/2023\/09\/Prof.-Piotr-GLIN\u0301SKI-\u2013-Naszym-obowia\u0328zkiem-jest-pamie\u0328tac\u0301.pdf\">PDF<\/a><\/p>\n\n\n\n<hr class=\"wp-block-separator has-alpha-channel-opacity\" \/>\n\n\n\n<p>\u25cf05.05.2023 &#8222;Wolno\u015b\u0107 i solidarno\u015b\u0107 w polskim DNA&#8221; <strong>Prof. Arkady RZEGOCKI<\/strong><\/p>\n\n\n\n<p>W maju \u015bwi\u0119tujmy polsko\u015b\u0107 wszyscy. Zar\u00f3wno Polacy, jak i przyjaciele Polski \u2013 pisze prof. Arkady RZEGOCKI.<\/p>\n\n\n\n<p>W maju, jak w \u017cadnym innym miesi\u0105cu roku, zbiegaj\u0105 si\u0119 wa\u017cne daty dla naszej historii i tera\u017aniejszo\u015bci. 3 maja, 232 lata temu, polski Sejm uchwali\u0142 pierwsz\u0105 na kontynencie europejskim konstytucj\u0119. Da\u0142a ona wyraz polskim aspiracjom, ale tak\u017ce sile i pot\u0119dze Serenissima Res Publica Poloniae. (&#8230;) Czytaj dalej\u3000\u2192  <a href=\"https:\/\/instytutpolski.pl\/tokyo\/wp-content\/uploads\/sites\/22\/2023\/05\/Prof.-Arkady-RZEGOCKI-Wolnos\u0301c\u0301-i-solidarnos\u0301c\u0301-w-polskim-DNA-wersja-polsko-japonska.pdf\" target=\"_blank\" rel=\"noreferrer noopener\">PDF<\/a><\/p>\n\n\n\n<hr class=\"wp-block-separator has-alpha-channel-opacity\" \/>\n\n\n\n<p>\u25cf03.05.2023 &#8222;KONSTYTUCJA POLSKIEJ WOLNO\u015aCI&#8221; <strong>Mateusz Morawiecki<\/strong>, Premier Rzeczypospolitej<\/p>\n\n\n\n<p>Historia to \u017cywio\u0142 okrutnej ironii. Nied\u0142ugo po tym, jak idea republikanizmu osi\u0105gn\u0119\u0142a w I Rzeczypospolitej pe\u0142n\u0105 dojrza\u0142o\u015b\u0107, nast\u0105pi\u0142o za\u0142amanie, a nasza ojczyzna znikn\u0119\u0142a z mapy \u015bwiata.<br>Ustawa rz\u0105dowa z dnia 3 maja 1791 roku zosta\u0142a uchwalona \u201ew chwili, kt\u00f3ra nas samym sobie zwr\u00f3ci\u0142a\u201d \u2013 jak czytamy w poprzedzaj\u0105cej Konstytucj\u0119 Preambule. W burzliwym czasie rozbior\u00f3w nasi przodkowie stan\u0119li przed pytaniem o w\u0142asn\u0105 to\u017csamo\u015b\u0107. Odpowied\u017a, kt\u00f3r\u0105 dali, przez dwie\u015bcie trzydzie\u015bci lat nie straci\u0142a na aktualno\u015bci. Jeszcze w XXI wieku okre\u015bla to, kim jeste\u015bmy. (&#8230;) Czytaj dalej\u3000\u2192\u3000<a href=\"https:\/\/instytutpolski.pl\/tokyo\/wp-content\/uploads\/sites\/22\/2023\/05\/Mateusz-MORAWIECKI-Konstytucja-polskiej-wolnos\u0301ci-wersja-polsko-japonska.pdf\" target=\"_blank\" rel=\"noreferrer noopener\">PDF<\/a><\/p>\n\n\n\n<hr class=\"wp-block-separator has-alpha-channel-opacity\" \/>\n\n\n\n<p>\u25cf17.04.2023 \u201eJeste\u015bmy kustoszami tej pami\u0119ci. Osiemdziesi\u0105ta rocznica powstania w getcie warszawskim&#8221; <strong>Prof. Piotr GLI\u0143SKI<\/strong><br>W kwietniu 1943 r., w przeddzie\u0144 \u017cydowskiego \u015bwi\u0119ta Pesach, okupuj\u0105cy polsk\u0105 stolic\u0119 Niemcy otoczyli stworzon\u0105 przez siebie \u017cydowsk\u0105 dzielnic\u0119, warszawskie getto, przygotowuj\u0105c si\u0119 do jego ostatecznej likwidacji. 19 kwietnia niemiecka policja i si\u0142y pomocnicze SS wkroczy\u0142y, by doko\u0144czy\u0107 dzie\u0142a zag\u0142ady. Mieszka\u0144cy getta ukryli si\u0119 w bunkrach i kryj\u00f3wkach. \u017bydowscy powsta\u0144cy zaatakowali Niemc\u00f3w przy u\u017cyciu broni palnej, koktajli Mo\u0142otowa oraz granat\u00f3w r\u0119cznych. Dwa niemieckie pojazdy zosta\u0142y podpalone za pomoc\u0105 butelek z benzyn\u0105. Zaskoczeni Niemcy pocz\u0105tkowo nie byli w stanie prze\u0142ama\u0107 zaci\u0119tego oporu obro\u0144c\u00f3w. (&#8230;) Czytaj dalej\u3000\u2192\u3000<a href=\"https:\/\/instytutpolski.pl\/tokyo\/wp-content\/uploads\/sites\/22\/2023\/04\/PL-Prof.-Piotr-GLIN\u0301SKI-Jestes\u0301my-kustoszem-tej-pamie\u0328ci.-80.-rocznica-powstania-w-getcie-warszawskim-002.pdf\" target=\"_blank\" rel=\"noreferrer noopener\">PDF<\/a><\/p>\n\n\n\n<hr class=\"wp-block-separator has-alpha-channel-opacity\" \/>\n\n\n\n<p>\u25cf02.02.2023 \u201eFryderyk Chopin &#8211; poeta polskiej wolno\u015bci\u201d<strong> Artur SZKLENER, <\/strong>dyrektor Narodowego Instytutu Fryderyka Chopina<br>160 lat temu, we wrze\u015bniu 1863 roku, w czasie powstania styczniowego Rosjanie zdemolowali pa\u0142ac Zamoyskich w Warszawie, wyrzucaj\u0105c przez okno budynku znajduj\u0105cy si\u0119 wewn\u0105trz fortepian, na kt\u00f3rym gra\u0142 niegdy\u015b Fryderyk Chopin. Moment ten przeszed\u0142 do historii. Czytaj dalej \u2192 <a href=\"https:\/\/instytutpolski.pl\/tokyo\/wp-content\/uploads\/sites\/22\/2023\/02\/Artur-SZKLENER-Fryderyk-Chopin-poeta-polskiej-wolnos\u0301ci-wersja-polsko-japonska.pdf\" target=\"_blank\" rel=\"noreferrer noopener\">PDF<\/a><\/p>\n\n\n\n<hr class=\"wp-block-separator has-alpha-channel-opacity\" \/>\n\n\n\n<p>\u25cf26.01.2023 \u201e250 lat walki z rosyjskim imperializmem\u201d<strong> Eryk MISTEWICZ<\/strong>, Prezes Instytutu Nowych Medi\u00f3w<br>Od ponad 250 lat Europa Centralna zmaga si\u0119 z tym samym. 160 lat temu wybuch\u0142o powstanie, w kt\u00f3rym Polacy, Ukrai\u0144cy, Litwini i Bia\u0142orusini wyst\u0105pili wsp\u00f3lnie przeciw despotyzmowi rosyjskiego cara i rosyjskiemu imperializmowi. Dzi\u015b jednocz\u0105 si\u0119 w pomocy dla Ukrainy. Czytaj dalej \u2192 <a href=\"https:\/\/instytutpolski.pl\/tokyo\/wp-content\/uploads\/sites\/22\/2023\/02\/Eryk-MISTEWICZ-250-lat-walki-z-rosyjskim-imperializmem.pdf\" target=\"_blank\" rel=\"noreferrer noopener\">PDF<\/a><\/p>\n\n\n\n<hr class=\"wp-block-separator has-alpha-channel-opacity\" \/>\n\n\n\n<p>\u25cf18.11.2022  &#8222;Spo\u0142ecze\u0144stwo Solidarno\u015bci&#8221; <strong>Piotr Arak<\/strong>, Dyrektor Polskiego Instytutu Ekonomicznego<br>Wojna sprawi\u0142a, \u017ce kilka milion\u00f3w Ukrai\u0144c\u00f3w musia\u0142o opu\u015bci\u0107 sw\u00f3j kraj. Polskie spo\u0142ecze\u0144stwo przyj\u0119\u0142o uchod\u017ac\u00f3w wojennych do swoich dom\u00f3w z otwartymi ramionami. Bezprecedensow\u0105 decyzj\u0105 polskich w\u0142adz Ukrai\u0144cy uzyskali takie same prawa co Polacy \u2013 w zasadzie tylko poza mo\u017cliwo\u015bci\u0105 g\u0142osowania. Czytaj dalej \u2192  <a href=\"https:\/\/instytutpolski.pl\/tokyo\/wp-content\/uploads\/sites\/22\/2022\/11\/ARAK-PL-bez-jednego-zdania.pdf\" target=\"_blank\" rel=\"noreferrer noopener\">PDF<\/a><\/p>\n\n\n\n<hr class=\"wp-block-separator has-alpha-channel-opacity\" \/>\n\n\n\n<p>\u25cf11.11.2022  &#8222;Puste ramy &#8211; niezabli\u017anione rany polskich muze\u00f3w&#8221;<strong> Prof. Piotr Gli\u0144ski <\/strong><br>Od po\u0142owy wrze\u015bnia w najwi\u0119kszych polskich muzeach mo\u017cna zobaczy\u0107 puste ramy. To kampania informacyjna, kt\u00f3ra ma na celu przypomnienie o dzie\u0142ach sztuki z polskich kolekcji publicznych, prywatnych i ko\u015bcielnych, kt\u00f3re zosta\u0142y utracone (skradzione, zniszczone) w wyniku II wojny \u015bwiatowej. Czytaj dalej \u2192 <a href=\"https:\/\/instytutpolski.pl\/tokyo\/wp-content\/uploads\/sites\/22\/2022\/11\/GLINSKI-PL-002-wersja-polsko-japonska.pdf\" target=\"_blank\" rel=\"noreferrer noopener\">PDF<\/a><\/p>\n\n\n\n<hr class=\"wp-block-separator has-alpha-channel-opacity\" \/>\n\n\n\n<p>\u25cf11.11.2022  &#8222;Niepodleg\u0142a Polska jako fundament bezpiecze\u0144stwa Zachodu&#8221;  <strong>Mateusz Morawiecki<\/strong><br>11 listopada 1918 r. Polska odzyska\u0142a niepodleg\u0142o\u015b\u0107. 123 lata wcze\u015bniej I Rzeczpospolita przesta\u0142a istnie\u0107 w wyniku porozumienia trzech mocarstw \u2013 Rosji, Prus i Austrii. Polski nie by\u0142o na mapach przez 123 lata, ale istnia\u0142a w sercach Polak\u00f3w. Czytaj dalej \u2192  <a href=\"https:\/\/instytutpolski.pl\/tokyo\/wp-content\/uploads\/sites\/22\/2022\/11\/PMM-PL.pdf\" target=\"_blank\" rel=\"noreferrer noopener\">PDF<\/a><\/p>\n","protected":false},"excerpt":{"rendered":"<p>\u201eOpowiadamy Polsk\u0119 \u015bwiatu\u201d to projekt realizowany przez Instytut Nowych Medi\u00f3w przy wsparciu Instytutu Pami\u0119ci Narodowej, Narodowego Banku Polskiego, Ministerstwa Spraw Zagranicznych i Polskiej Agencji Prasowej. Wszystkie teksty projektu zosta\u0142y opublikowane na portalu&nbsp;wszystkoconajwazniejsze.pl. 10.09.2023 &#8222;Historia m\u0119cze\u0144stwa Ulm\u00f3w powinna by\u0107 znana na ca\u0142ym \u015bwiecie&#8221; Andrzej DUDA, Prezydent RP Jako Polacy jeste\u015bmy dumni, \u017ce 10 wrze\u015bnia 2023 roku [&hellip;]<\/p>\n","protected":false},"author":26,"featured_media":6170,"parent":0,"menu_order":0,"comment_status":"closed","ping_status":"closed","template":"","meta":{"inline_featured_image":false,"_monsterinsights_skip_tracking":false,"_monsterinsights_sitenote_active":false,"_monsterinsights_sitenote_note":"","_monsterinsights_sitenote_category":0,"footnotes":""},"class_list":["post-6169","page","type-page","status-publish","has-post-thumbnail","hentry"],"yoast_head":"<!-- This site is optimized with the Yoast SEO plugin v24.6 - https:\/\/yoast.com\/wordpress\/plugins\/seo\/ -->\n<title>SERIA &quot;OPOWIADAMY POLSK\u0118 \u015aWIATU&quot; - Instytut Polski w Tokio<\/title>\n<meta name=\"robots\" content=\"index, follow, max-snippet:-1, max-image-preview:large, max-video-preview:-1\" \/>\n<link rel=\"canonical\" href=\"https:\/\/instytutpolski.pl\/tokyo\/pl\/seria-opowiadamy-polske-swiatu\/\" \/>\n<meta property=\"og:locale\" content=\"pl_PL\" \/>\n<meta property=\"og:type\" content=\"article\" \/>\n<meta property=\"og:title\" content=\"SERIA &quot;OPOWIADAMY POLSK\u0118 \u015aWIATU&quot; - Instytut Polski w Tokio\" \/>\n<meta property=\"og:description\" content=\"\u201eOpowiadamy Polsk\u0119 \u015bwiatu\u201d to projekt realizowany przez Instytut Nowych Medi\u00f3w przy wsparciu Instytutu Pami\u0119ci Narodowej, Narodowego Banku Polskiego, Ministerstwa Spraw Zagranicznych i Polskiej Agencji Prasowej. Wszystkie teksty projektu zosta\u0142y opublikowane na portalu&nbsp;wszystkoconajwazniejsze.pl. 10.09.2023 &#8222;Historia m\u0119cze\u0144stwa Ulm\u00f3w powinna by\u0107 znana na ca\u0142ym \u015bwiecie&#8221; Andrzej DUDA, Prezydent RP Jako Polacy jeste\u015bmy dumni, \u017ce 10 wrze\u015bnia 2023 roku [&hellip;]\" \/>\n<meta property=\"og:url\" content=\"https:\/\/instytutpolski.pl\/tokyo\/pl\/seria-opowiadamy-polske-swiatu\/\" \/>\n<meta property=\"og:site_name\" content=\"Instytut Polski w Tokio\" \/>\n<meta property=\"article:modified_time\" content=\"2023-09-14T02:38:26+00:00\" \/>\n<meta property=\"og:image\" content=\"https:\/\/instytutpolski.pl\/tokyo\/wp-content\/uploads\/sites\/22\/2022\/11\/Pieniny-okladka-scaled.jpg\" \/>\n\t<meta property=\"og:image:width\" content=\"2560\" \/>\n\t<meta property=\"og:image:height\" content=\"1706\" \/>\n\t<meta property=\"og:image:type\" content=\"image\/jpeg\" \/>\n<meta name=\"twitter:card\" content=\"summary_large_image\" \/>\n<meta name=\"twitter:label1\" content=\"Szacowany czas czytania\" \/>\n\t<meta name=\"twitter:data1\" content=\"5 minut\" \/>\n<script type=\"application\/ld+json\" class=\"yoast-schema-graph\">{\"@context\":\"https:\/\/schema.org\",\"@graph\":[{\"@type\":\"WebPage\",\"@id\":\"https:\/\/instytutpolski.pl\/tokyo\/pl\/seria-opowiadamy-polske-swiatu\/\",\"url\":\"https:\/\/instytutpolski.pl\/tokyo\/pl\/seria-opowiadamy-polske-swiatu\/\",\"name\":\"SERIA \\\"OPOWIADAMY POLSK\u0118 \u015aWIATU\\\" - Instytut Polski w Tokio\",\"isPartOf\":{\"@id\":\"https:\/\/instytutpolski.pl\/tokyo\/#website\"},\"primaryImageOfPage\":{\"@id\":\"https:\/\/instytutpolski.pl\/tokyo\/pl\/seria-opowiadamy-polske-swiatu\/#primaryimage\"},\"image\":{\"@id\":\"https:\/\/instytutpolski.pl\/tokyo\/pl\/seria-opowiadamy-polske-swiatu\/#primaryimage\"},\"thumbnailUrl\":\"https:\/\/instytutpolski.pl\/tokyo\/wp-content\/uploads\/sites\/22\/2022\/11\/Pieniny-okladka-scaled.jpg\",\"datePublished\":\"2022-11-16T10:14:29+00:00\",\"dateModified\":\"2023-09-14T02:38:26+00:00\",\"breadcrumb\":{\"@id\":\"https:\/\/instytutpolski.pl\/tokyo\/pl\/seria-opowiadamy-polske-swiatu\/#breadcrumb\"},\"inLanguage\":\"pl-PL\",\"potentialAction\":[{\"@type\":\"ReadAction\",\"target\":[\"https:\/\/instytutpolski.pl\/tokyo\/pl\/seria-opowiadamy-polske-swiatu\/\"]}]},{\"@type\":\"ImageObject\",\"inLanguage\":\"pl-PL\",\"@id\":\"https:\/\/instytutpolski.pl\/tokyo\/pl\/seria-opowiadamy-polske-swiatu\/#primaryimage\",\"url\":\"https:\/\/instytutpolski.pl\/tokyo\/wp-content\/uploads\/sites\/22\/2022\/11\/Pieniny-okladka-scaled.jpg\",\"contentUrl\":\"https:\/\/instytutpolski.pl\/tokyo\/wp-content\/uploads\/sites\/22\/2022\/11\/Pieniny-okladka-scaled.jpg\",\"width\":2560,\"height\":1706,\"caption\":\"Fot. M. Cieszewski\"},{\"@type\":\"BreadcrumbList\",\"@id\":\"https:\/\/instytutpolski.pl\/tokyo\/pl\/seria-opowiadamy-polske-swiatu\/#breadcrumb\",\"itemListElement\":[{\"@type\":\"ListItem\",\"position\":1,\"name\":\"Home\",\"item\":\"https:\/\/instytutpolski.pl\/tokyo\/\"},{\"@type\":\"ListItem\",\"position\":2,\"name\":\"SERIA &#8222;OPOWIADAMY POLSK\u0118 \u015aWIATU&#8221;\"}]},{\"@type\":\"WebSite\",\"@id\":\"https:\/\/instytutpolski.pl\/tokyo\/#website\",\"url\":\"https:\/\/instytutpolski.pl\/tokyo\/\",\"name\":\"Instytut Polski w Tokio\",\"description\":\"Instytuty Polskie\",\"potentialAction\":[{\"@type\":\"SearchAction\",\"target\":{\"@type\":\"EntryPoint\",\"urlTemplate\":\"https:\/\/instytutpolski.pl\/tokyo\/?s={search_term_string}\"},\"query-input\":{\"@type\":\"PropertyValueSpecification\",\"valueRequired\":true,\"valueName\":\"search_term_string\"}}],\"inLanguage\":\"pl-PL\"}]}<\/script>\n<!-- \/ Yoast SEO plugin. -->","yoast_head_json":{"title":"SERIA \"OPOWIADAMY POLSK\u0118 \u015aWIATU\" - Instytut Polski w Tokio","robots":{"index":"index","follow":"follow","max-snippet":"max-snippet:-1","max-image-preview":"max-image-preview:large","max-video-preview":"max-video-preview:-1"},"canonical":"https:\/\/instytutpolski.pl\/tokyo\/pl\/seria-opowiadamy-polske-swiatu\/","og_locale":"pl_PL","og_type":"article","og_title":"SERIA \"OPOWIADAMY POLSK\u0118 \u015aWIATU\" - Instytut Polski w Tokio","og_description":"\u201eOpowiadamy Polsk\u0119 \u015bwiatu\u201d to projekt realizowany przez Instytut Nowych Medi\u00f3w przy wsparciu Instytutu Pami\u0119ci Narodowej, Narodowego Banku Polskiego, Ministerstwa Spraw Zagranicznych i Polskiej Agencji Prasowej. Wszystkie teksty projektu zosta\u0142y opublikowane na portalu&nbsp;wszystkoconajwazniejsze.pl. 10.09.2023 &#8222;Historia m\u0119cze\u0144stwa Ulm\u00f3w powinna by\u0107 znana na ca\u0142ym \u015bwiecie&#8221; Andrzej DUDA, Prezydent RP Jako Polacy jeste\u015bmy dumni, \u017ce 10 wrze\u015bnia 2023 roku [&hellip;]","og_url":"https:\/\/instytutpolski.pl\/tokyo\/pl\/seria-opowiadamy-polske-swiatu\/","og_site_name":"Instytut Polski w Tokio","article_modified_time":"2023-09-14T02:38:26+00:00","og_image":[{"width":2560,"height":1706,"url":"https:\/\/instytutpolski.pl\/tokyo\/wp-content\/uploads\/sites\/22\/2022\/11\/Pieniny-okladka-scaled.jpg","type":"image\/jpeg"}],"twitter_card":"summary_large_image","twitter_misc":{"Szacowany czas czytania":"5 minut"},"schema":{"@context":"https:\/\/schema.org","@graph":[{"@type":"WebPage","@id":"https:\/\/instytutpolski.pl\/tokyo\/pl\/seria-opowiadamy-polske-swiatu\/","url":"https:\/\/instytutpolski.pl\/tokyo\/pl\/seria-opowiadamy-polske-swiatu\/","name":"SERIA \"OPOWIADAMY POLSK\u0118 \u015aWIATU\" - Instytut Polski w Tokio","isPartOf":{"@id":"https:\/\/instytutpolski.pl\/tokyo\/#website"},"primaryImageOfPage":{"@id":"https:\/\/instytutpolski.pl\/tokyo\/pl\/seria-opowiadamy-polske-swiatu\/#primaryimage"},"image":{"@id":"https:\/\/instytutpolski.pl\/tokyo\/pl\/seria-opowiadamy-polske-swiatu\/#primaryimage"},"thumbnailUrl":"https:\/\/instytutpolski.pl\/tokyo\/wp-content\/uploads\/sites\/22\/2022\/11\/Pieniny-okladka-scaled.jpg","datePublished":"2022-11-16T10:14:29+00:00","dateModified":"2023-09-14T02:38:26+00:00","breadcrumb":{"@id":"https:\/\/instytutpolski.pl\/tokyo\/pl\/seria-opowiadamy-polske-swiatu\/#breadcrumb"},"inLanguage":"pl-PL","potentialAction":[{"@type":"ReadAction","target":["https:\/\/instytutpolski.pl\/tokyo\/pl\/seria-opowiadamy-polske-swiatu\/"]}]},{"@type":"ImageObject","inLanguage":"pl-PL","@id":"https:\/\/instytutpolski.pl\/tokyo\/pl\/seria-opowiadamy-polske-swiatu\/#primaryimage","url":"https:\/\/instytutpolski.pl\/tokyo\/wp-content\/uploads\/sites\/22\/2022\/11\/Pieniny-okladka-scaled.jpg","contentUrl":"https:\/\/instytutpolski.pl\/tokyo\/wp-content\/uploads\/sites\/22\/2022\/11\/Pieniny-okladka-scaled.jpg","width":2560,"height":1706,"caption":"Fot. M. Cieszewski"},{"@type":"BreadcrumbList","@id":"https:\/\/instytutpolski.pl\/tokyo\/pl\/seria-opowiadamy-polske-swiatu\/#breadcrumb","itemListElement":[{"@type":"ListItem","position":1,"name":"Home","item":"https:\/\/instytutpolski.pl\/tokyo\/"},{"@type":"ListItem","position":2,"name":"SERIA &#8222;OPOWIADAMY POLSK\u0118 \u015aWIATU&#8221;"}]},{"@type":"WebSite","@id":"https:\/\/instytutpolski.pl\/tokyo\/#website","url":"https:\/\/instytutpolski.pl\/tokyo\/","name":"Instytut Polski w Tokio","description":"Instytuty Polskie","potentialAction":[{"@type":"SearchAction","target":{"@type":"EntryPoint","urlTemplate":"https:\/\/instytutpolski.pl\/tokyo\/?s={search_term_string}"},"query-input":{"@type":"PropertyValueSpecification","valueRequired":true,"valueName":"search_term_string"}}],"inLanguage":"pl-PL"}]}},"_links":{"self":[{"href":"https:\/\/instytutpolski.pl\/tokyo\/wp-json\/wp\/v2\/pages\/6169","targetHints":{"allow":["GET"]}}],"collection":[{"href":"https:\/\/instytutpolski.pl\/tokyo\/wp-json\/wp\/v2\/pages"}],"about":[{"href":"https:\/\/instytutpolski.pl\/tokyo\/wp-json\/wp\/v2\/types\/page"}],"author":[{"embeddable":true,"href":"https:\/\/instytutpolski.pl\/tokyo\/wp-json\/wp\/v2\/users\/26"}],"replies":[{"embeddable":true,"href":"https:\/\/instytutpolski.pl\/tokyo\/wp-json\/wp\/v2\/comments?post=6169"}],"version-history":[{"count":11,"href":"https:\/\/instytutpolski.pl\/tokyo\/wp-json\/wp\/v2\/pages\/6169\/revisions"}],"predecessor-version":[{"id":7502,"href":"https:\/\/instytutpolski.pl\/tokyo\/wp-json\/wp\/v2\/pages\/6169\/revisions\/7502"}],"wp:featuredmedia":[{"embeddable":true,"href":"https:\/\/instytutpolski.pl\/tokyo\/wp-json\/wp\/v2\/media\/6170"}],"wp:attachment":[{"href":"https:\/\/instytutpolski.pl\/tokyo\/wp-json\/wp\/v2\/media?parent=6169"}],"curies":[{"name":"wp","href":"https:\/\/api.w.org\/{rel}","templated":true}]}}