{"id":730,"date":"2019-06-26T14:13:16","date_gmt":"2019-06-26T12:13:16","guid":{"rendered":"https:\/\/instytutpolski.pl\/tokio\/?page_id=730"},"modified":"2020-05-21T04:47:43","modified_gmt":"2020-05-21T02:47:43","slug":"poznaj-polske","status":"publish","type":"page","link":"https:\/\/instytutpolski.pl\/tokyo\/pl\/poznaj-polske\/","title":{"rendered":"Poznaj Polsk\u0119"},"content":{"rendered":"\n<p><strong>Geometryczny \u015brodek Europy znajduje si\u0119 niedaleko stolicy Polski, Warszawy<\/strong>. Przez ponad tysi\u0105c lat swojej historii Polska zmienia\u0142a si\u0119 od europejskiej pot\u0119gi, poprzez utracon\u0105 niepodleg\u0142o\u015b\u0107 po gospodarczego pioniera Europy \u015arodkowo-Wschodniej. Entuzjazm, kreatywno\u015b\u0107 i potencja\u0142 polskiej przedsi\u0119biorczo\u015bci s\u0105 dzisiaj szeroko znane w \u015bwiecie. Dzi\u0119ki determinacji Polak\u00f3w, ich Solidarno\u015bci, a tak\u017ce autorytetowi duchowemu \u015bwi\u0119tego papie\u017ca Jana Paw\u0142a II, Polska wydosta\u0142a si\u0119 z depresji komunistycznego re\u017cimu i od 1989 roku jest wolnym krajem, kt\u00f3rego bogata tradycja i zwyczaje przyci\u0105gaj\u0105 miliony turyst\u00f3w z ca\u0142ego \u015bwiata.&nbsp;<\/p>\n\n\n\n<p><strong>Kultura i sztuka<\/strong>&nbsp;od wiek\u00f3w wzmacnia\u0142y to\u017csamo\u015b\u0107 narodow\u0105 Polak\u00f3w, jak r\u00f3wnie\u017c pomaga\u0142y im przetrwa\u0107 najgorsze momenty w historii. Polscy tw\u00f3rcy wci\u0105\u017c inspiruj\u0105 \u015bwiat. To w Polsce urodzi\u0142 si\u0119 jeden z najwi\u0119kszych kompozytor\u00f3w i pianist\u00f3w Fryderyk Chopin. Jego muzyce po\u015bwi\u0119cony jest jeden z najwa\u017cniejszych na \u015bwiecie konkurs\u00f3w muzycznych \u2013 Mi\u0119dzynarodowy Konkurs Pianistyczny im. Fryderyka Chopina, odbywaj\u0105cy si\u0119 w Warszawie&nbsp;&nbsp;co pi\u0119\u0107 lat, ju\u017c od 1927 roku. Polska jest domem noblist\u00f3w, laureat\u00f3w Oscar\u00f3w oraz zwyci\u0119zc\u00f3w nagrody Grammy. Dzi\u0119ki zdobywcom literackiego Nobla, m.in. Wis\u0142awie Szymborskiej, Czes\u0142awowi Mi\u0142oszowi i Oldze Tokarczuk, Polska zyska\u0142a reputacj\u0119 ziemi poet\u00f3w i pisarzy. Rozwojowi literatury sprzyja d\u017awi\u0119czny polski j\u0119zyk, kt\u00f3rym pos\u0142uguje si\u0119 ponad 40 milion\u00f3w ludzi w Polsce i za granic\u0105. To w j\u0119zyku polskim tworzy\u0142 dzie\u0142a filmowe Andrzeja Wajda, zdobywca presti\u017cowych nagr\u00f3d filmowych, w tym Oscara za ca\u0142okszta\u0142t tw\u00f3rczo\u015bci. Polakiem by\u0142 Krzysztof Penderecki, wybitny kompozytor, czterokrotny zdobywca Nagrody Grammy.<\/p>\n\n\n\n<p><strong>Polska to kraj ludzi z pomys\u0142ami<\/strong>. Polscy naukowcy mog\u0105 poszczyci\u0107 si\u0119 wa\u017cnymi odkryciami i wynalazkami, kt\u00f3re zmieni\u0142y \u015bwiat. Z Warszawy pochodzi\u0142a Maria Sk\u0142odowska-Curie. Uznana za uczon\u0105 wszechczas\u00f3w, pozostaje do dzi\u015b jedyn\u0105 kobiet\u0105, kt\u00f3ra dwukrotnie otrzyma\u0142a Nagrod\u0119 Nobla (w 1903 i 1911 roku) i jedynym naukowcem uhonorowanym w dw\u00f3ch r\u00f3\u017cnych dziedzinach nauk przyrodniczych. By\u0142a pierwsz\u0105 kobiet\u0105, kt\u00f3ra otrzyma\u0142a Nobla z chemii (za odkrycie polonu i radu), pierwsz\u0105 kobiet\u0105 mianowan\u0105 profesorem paryskiego uniwersytetu La Sorbonne oraz pierwsz\u0105 kobiet\u0105 przyj\u0119t\u0105 do Akademii Medycznej. Natomiast Jan Czochralski, polski fizyk, wynalaz\u0142 metod\u0119 hodowania monokryszta\u0142\u00f3w, kt\u00f3ra okaza\u0142a si\u0119 podstaw\u0105 wsp\u00f3\u0142czesnej elektroniki. Z monokryszta\u0142\u00f3w krzemu uzyskanych t\u0105 metod\u0105&nbsp;&nbsp;powstaj\u0105 urz\u0105dzenia p\u00f3\u0142przewodnikowe. Dzi\u0119ki nim dzia\u0142aj\u0105 komputery, tablety, telefony kom\u00f3rkowe, cyfrowe aparaty fotograficzne, odtwarzacze mp3 i inne urz\u0105dzenia elektroniczne. Za\u015b polscy matematycy: Marian Rejewski, Jerzy R\u00f3\u017cycki i Henryk Zygalski z\u0142amali kody najs\u0142ynniejszej maszyny szyfruj\u0105cej w historii \u2013 niemieckiej Enigmy. Swoimi dokonaniami przyczynili si\u0119 do zako\u0144czenia II wojny \u015bwiatowej.&nbsp;<\/p>\n\n\n\n<p>Dzi\u0119ki swojemu po\u0142o\u017ceniu od Morza Ba\u0142tyckiego i mazurskich jezior na p\u00f3\u0142nocy, poprzez niziny \u015brodkowej cz\u0119\u015bci kraju a\u017c do g\u00f3rskich \u0142a\u0144cuch\u00f3w na po\u0142udniu, Polska jest krajem atrakcyjnym przyrodniczo. Ma 23 parki narodowe, 1500 rezerwat\u00f3w przyrody i 145 park\u00f3w krajobrazowych. Zach\u0119ca do aktywnego wypoczynku podczas wycieczek g\u00f3rskich, rajd\u00f3w rowerowych, sp\u0142yw\u00f3w kajakowych rzekami i jeziorami, \u017ceglowania, surfowania, jazdy konnej na przyk\u0142ad jednym z najd\u0142u\u017cszych&nbsp;&nbsp;szlak\u00f3w w Europie licz\u0105cym 1800 km, kt\u00f3ry przebiega przez centrum kraju, czy te\u017c obserwowania rzadkich gatunk\u00f3w ptak\u00f3w w ich naturalnych \u015brodowiskach.<\/p>\n\n\n\n<p>Do Polski przyci\u0105gaj\u0105 turyst\u00f3w liczne&nbsp;<strong>wydarzenia kulturalne, festiwale muzyczne, filmowe i teatralne.&nbsp;<\/strong>Ich gospodarzami s\u0105 polskie miasta s\u0142yn\u0105ce z niezwyk\u0142ej, nagradzanej na mi\u0119dzynarodowych konkursach architektury jak przepi\u0119kny budynek filharmonii im. M. Kar\u0142owicza w Szczecinie, kt\u00f3ry jako pierwszy budynek z Polski otrzyma\u0142&nbsp;najwa\u017cniejsz\u0105 europejsk\u0105 nagrod\u0119 im. Miesa van der Rohe, czy Muzeum Narodowe w Szczecinie \u2013 Centrum Dialogu Prze\u0142omy uznane najlepszym budynkiem na \u015bwiecie roku 2016 na World Architecture Festival w Berlinie. Inne wybijaj\u0105ce si\u0119 na \u015bwiatowej mapie architektury polskie budynki u\u017cyteczno\u015bci publicznej to Teatr Szekspirowski oraz Europejskie Centrum Solidarno\u015bci w Gda\u0144sku, Muzeum \u015al\u0105skie w Katowice zbudowane w miejscu dawnej kopalni w\u0119gla, siedziba Narodowej Orkiestry Symfonicznej Polskiego Radia w Katowicach, Centrum Muzyki im. Krzysztofa Pendereckiego w Lus\u0142awicach, Cricoteca (Muzeum Tadeusza Kantora) w Krakowie, Muzeum Powstania Warszawskiego czy Muzeum Historii \u017byd\u00f3w Polskich POLIN w Warszawie.<\/p>\n\n\n\n<p>Zwiedzanie tych niezwyk\u0142ych obiekt\u00f3w s\u0142u\u017c\u0105cych kulturze daje wgl\u0105d w z\u0142o\u017con\u0105 histori\u0119 Polski i momentami tragiczne losy jej mieszka\u0144c\u00f3w, szczeg\u00f3lnie zwi\u0105zane z do\u015bwiadczeniem II wojny \u015bwiatowej.&nbsp;&nbsp;Polska dba o odradzanie si\u0119 tego, co utracone. Sta\u0142a si\u0119 stra\u017cnikiem pami\u0119ci &#8211; chroni zaginione podczas II wojny \u015bwiatowej dziedzictwo \u017cydowskie poprzez wspieranie rozwoju wsp\u00f3\u0142czesnej kultury mniejszo\u015bci \u017cydowskiej w Polsce. Przyk\u0142adem tego wsparcia jest m.in. organizowany od ponad 30 lat Festiwal kultury \u017cydowskiej w Krakowie &#8211; najbardziej spektakularny i interdyscyplinarny festiwal tego typu na \u015bwiecie, odwiedzany przez dziesi\u0105tki tysi\u0119cy turyst\u00f3w.&nbsp;<\/p>\n\n\n\n<p><strong>Polska przyci\u0105ga tak\u017ce mi\u0142o\u015bnik\u00f3w filmu, teatru i muzyki.<\/strong>&nbsp;Nie lada gratk\u0105 jest dla nich spotkanie z najwybitniejszymi tw\u00f3rcami muzyki wsp\u00f3\u0142czesnej podczas mi\u0119dzynarodowego festiwalu Warszawska Jesie\u0144; z gwiazdami kina i \u015bwiatowej s\u0142awy autorami zdj\u0119\u0107 filmowych na festiwalu operator\u00f3w EnergaCAMERIMAGE w Toruniu, czy z niezale\u017cnymi tw\u00f3rcami z ca\u0142ego \u015bwiata uczestnicz\u0105cymi w Mi\u0119dzynarodowym Festiwalu Nowe Horyzonty we Wroc\u0142awiu, kt\u00f3ry prezentuje kino artystyczne, wizjonerskie, eksperymentalne.&nbsp;<\/p>\n","protected":false},"excerpt":{"rendered":"<p>Geometryczny \u015brodek Europy znajduje si\u0119 niedaleko stolicy Polski, Warszawy. Przez ponad tysi\u0105c lat swojej historii Polska zmienia\u0142a si\u0119 od europejskiej pot\u0119gi, poprzez utracon\u0105 niepodleg\u0142o\u015b\u0107 po gospodarczego pioniera Europy \u015arodkowo-Wschodniej. Entuzjazm, kreatywno\u015b\u0107 i potencja\u0142 polskiej przedsi\u0119biorczo\u015bci s\u0105 dzisiaj szeroko znane w \u015bwiecie. Dzi\u0119ki determinacji Polak\u00f3w, ich Solidarno\u015bci, a tak\u017ce autorytetowi duchowemu \u015bwi\u0119tego papie\u017ca Jana Paw\u0142a II, [&hellip;]<\/p>\n","protected":false},"author":1,"featured_media":942,"parent":0,"menu_order":0,"comment_status":"closed","ping_status":"closed","template":"","meta":{"inline_featured_image":false,"_monsterinsights_skip_tracking":false,"_monsterinsights_sitenote_active":false,"_monsterinsights_sitenote_note":"","_monsterinsights_sitenote_category":0,"footnotes":""},"class_list":["post-730","page","type-page","status-publish","has-post-thumbnail","hentry"],"yoast_head":"<!-- This site is optimized with the Yoast SEO plugin v24.6 - https:\/\/yoast.com\/wordpress\/plugins\/seo\/ -->\n<title>Poznaj Polsk\u0119 - Instytut Polski w Tokio<\/title>\n<meta name=\"robots\" content=\"index, follow, max-snippet:-1, max-image-preview:large, max-video-preview:-1\" \/>\n<link rel=\"canonical\" href=\"https:\/\/instytutpolski.pl\/tokyo\/pl\/poznaj-polske\/\" \/>\n<meta property=\"og:locale\" content=\"pl_PL\" \/>\n<meta property=\"og:type\" content=\"article\" \/>\n<meta property=\"og:title\" content=\"Poznaj Polsk\u0119 - Instytut Polski w Tokio\" \/>\n<meta property=\"og:description\" content=\"Geometryczny \u015brodek Europy znajduje si\u0119 niedaleko stolicy Polski, Warszawy. Przez ponad tysi\u0105c lat swojej historii Polska zmienia\u0142a si\u0119 od europejskiej pot\u0119gi, poprzez utracon\u0105 niepodleg\u0142o\u015b\u0107 po gospodarczego pioniera Europy \u015arodkowo-Wschodniej. Entuzjazm, kreatywno\u015b\u0107 i potencja\u0142 polskiej przedsi\u0119biorczo\u015bci s\u0105 dzisiaj szeroko znane w \u015bwiecie. Dzi\u0119ki determinacji Polak\u00f3w, ich Solidarno\u015bci, a tak\u017ce autorytetowi duchowemu \u015bwi\u0119tego papie\u017ca Jana Paw\u0142a II, [&hellip;]\" \/>\n<meta property=\"og:url\" content=\"https:\/\/instytutpolski.pl\/tokyo\/pl\/poznaj-polske\/\" \/>\n<meta property=\"og:site_name\" content=\"Instytut Polski w Tokio\" \/>\n<meta property=\"article:modified_time\" content=\"2020-05-21T02:47:43+00:00\" \/>\n<meta property=\"og:image\" content=\"https:\/\/instytutpolski.pl\/tokyo\/wp-content\/uploads\/sites\/22\/2019\/06\/poznaj-polske-1.jpg\" \/>\n\t<meta property=\"og:image:width\" content=\"1920\" \/>\n\t<meta property=\"og:image:height\" content=\"700\" \/>\n\t<meta property=\"og:image:type\" content=\"image\/jpeg\" \/>\n<meta name=\"twitter:card\" content=\"summary_large_image\" \/>\n<meta name=\"twitter:label1\" content=\"Szacowany czas czytania\" \/>\n\t<meta name=\"twitter:data1\" content=\"5 minut\" \/>\n<script type=\"application\/ld+json\" class=\"yoast-schema-graph\">{\"@context\":\"https:\/\/schema.org\",\"@graph\":[{\"@type\":\"WebPage\",\"@id\":\"https:\/\/instytutpolski.pl\/tokyo\/pl\/poznaj-polske\/\",\"url\":\"https:\/\/instytutpolski.pl\/tokyo\/pl\/poznaj-polske\/\",\"name\":\"Poznaj Polsk\u0119 - Instytut Polski w Tokio\",\"isPartOf\":{\"@id\":\"https:\/\/instytutpolski.pl\/tokyo\/#website\"},\"primaryImageOfPage\":{\"@id\":\"https:\/\/instytutpolski.pl\/tokyo\/pl\/poznaj-polske\/#primaryimage\"},\"image\":{\"@id\":\"https:\/\/instytutpolski.pl\/tokyo\/pl\/poznaj-polske\/#primaryimage\"},\"thumbnailUrl\":\"https:\/\/instytutpolski.pl\/tokyo\/wp-content\/uploads\/sites\/22\/2019\/06\/poznaj-polske-1.jpg\",\"datePublished\":\"2019-06-26T12:13:16+00:00\",\"dateModified\":\"2020-05-21T02:47:43+00:00\",\"breadcrumb\":{\"@id\":\"https:\/\/instytutpolski.pl\/tokyo\/pl\/poznaj-polske\/#breadcrumb\"},\"inLanguage\":\"pl-PL\",\"potentialAction\":[{\"@type\":\"ReadAction\",\"target\":[\"https:\/\/instytutpolski.pl\/tokyo\/pl\/poznaj-polske\/\"]}]},{\"@type\":\"ImageObject\",\"inLanguage\":\"pl-PL\",\"@id\":\"https:\/\/instytutpolski.pl\/tokyo\/pl\/poznaj-polske\/#primaryimage\",\"url\":\"https:\/\/instytutpolski.pl\/tokyo\/wp-content\/uploads\/sites\/22\/2019\/06\/poznaj-polske-1.jpg\",\"contentUrl\":\"https:\/\/instytutpolski.pl\/tokyo\/wp-content\/uploads\/sites\/22\/2019\/06\/poznaj-polske-1.jpg\",\"width\":1920,\"height\":700},{\"@type\":\"BreadcrumbList\",\"@id\":\"https:\/\/instytutpolski.pl\/tokyo\/pl\/poznaj-polske\/#breadcrumb\",\"itemListElement\":[{\"@type\":\"ListItem\",\"position\":1,\"name\":\"Home\",\"item\":\"https:\/\/instytutpolski.pl\/tokyo\/\"},{\"@type\":\"ListItem\",\"position\":2,\"name\":\"Poznaj Polsk\u0119\"}]},{\"@type\":\"WebSite\",\"@id\":\"https:\/\/instytutpolski.pl\/tokyo\/#website\",\"url\":\"https:\/\/instytutpolski.pl\/tokyo\/\",\"name\":\"Instytut Polski w Tokio\",\"description\":\"Instytuty Polskie\",\"potentialAction\":[{\"@type\":\"SearchAction\",\"target\":{\"@type\":\"EntryPoint\",\"urlTemplate\":\"https:\/\/instytutpolski.pl\/tokyo\/?s={search_term_string}\"},\"query-input\":{\"@type\":\"PropertyValueSpecification\",\"valueRequired\":true,\"valueName\":\"search_term_string\"}}],\"inLanguage\":\"pl-PL\"}]}<\/script>\n<!-- \/ Yoast SEO plugin. -->","yoast_head_json":{"title":"Poznaj Polsk\u0119 - Instytut Polski w Tokio","robots":{"index":"index","follow":"follow","max-snippet":"max-snippet:-1","max-image-preview":"max-image-preview:large","max-video-preview":"max-video-preview:-1"},"canonical":"https:\/\/instytutpolski.pl\/tokyo\/pl\/poznaj-polske\/","og_locale":"pl_PL","og_type":"article","og_title":"Poznaj Polsk\u0119 - Instytut Polski w Tokio","og_description":"Geometryczny \u015brodek Europy znajduje si\u0119 niedaleko stolicy Polski, Warszawy. Przez ponad tysi\u0105c lat swojej historii Polska zmienia\u0142a si\u0119 od europejskiej pot\u0119gi, poprzez utracon\u0105 niepodleg\u0142o\u015b\u0107 po gospodarczego pioniera Europy \u015arodkowo-Wschodniej. Entuzjazm, kreatywno\u015b\u0107 i potencja\u0142 polskiej przedsi\u0119biorczo\u015bci s\u0105 dzisiaj szeroko znane w \u015bwiecie. Dzi\u0119ki determinacji Polak\u00f3w, ich Solidarno\u015bci, a tak\u017ce autorytetowi duchowemu \u015bwi\u0119tego papie\u017ca Jana Paw\u0142a II, [&hellip;]","og_url":"https:\/\/instytutpolski.pl\/tokyo\/pl\/poznaj-polske\/","og_site_name":"Instytut Polski w Tokio","article_modified_time":"2020-05-21T02:47:43+00:00","og_image":[{"width":1920,"height":700,"url":"https:\/\/instytutpolski.pl\/tokyo\/wp-content\/uploads\/sites\/22\/2019\/06\/poznaj-polske-1.jpg","type":"image\/jpeg"}],"twitter_card":"summary_large_image","twitter_misc":{"Szacowany czas czytania":"5 minut"},"schema":{"@context":"https:\/\/schema.org","@graph":[{"@type":"WebPage","@id":"https:\/\/instytutpolski.pl\/tokyo\/pl\/poznaj-polske\/","url":"https:\/\/instytutpolski.pl\/tokyo\/pl\/poznaj-polske\/","name":"Poznaj Polsk\u0119 - Instytut Polski w Tokio","isPartOf":{"@id":"https:\/\/instytutpolski.pl\/tokyo\/#website"},"primaryImageOfPage":{"@id":"https:\/\/instytutpolski.pl\/tokyo\/pl\/poznaj-polske\/#primaryimage"},"image":{"@id":"https:\/\/instytutpolski.pl\/tokyo\/pl\/poznaj-polske\/#primaryimage"},"thumbnailUrl":"https:\/\/instytutpolski.pl\/tokyo\/wp-content\/uploads\/sites\/22\/2019\/06\/poznaj-polske-1.jpg","datePublished":"2019-06-26T12:13:16+00:00","dateModified":"2020-05-21T02:47:43+00:00","breadcrumb":{"@id":"https:\/\/instytutpolski.pl\/tokyo\/pl\/poznaj-polske\/#breadcrumb"},"inLanguage":"pl-PL","potentialAction":[{"@type":"ReadAction","target":["https:\/\/instytutpolski.pl\/tokyo\/pl\/poznaj-polske\/"]}]},{"@type":"ImageObject","inLanguage":"pl-PL","@id":"https:\/\/instytutpolski.pl\/tokyo\/pl\/poznaj-polske\/#primaryimage","url":"https:\/\/instytutpolski.pl\/tokyo\/wp-content\/uploads\/sites\/22\/2019\/06\/poznaj-polske-1.jpg","contentUrl":"https:\/\/instytutpolski.pl\/tokyo\/wp-content\/uploads\/sites\/22\/2019\/06\/poznaj-polske-1.jpg","width":1920,"height":700},{"@type":"BreadcrumbList","@id":"https:\/\/instytutpolski.pl\/tokyo\/pl\/poznaj-polske\/#breadcrumb","itemListElement":[{"@type":"ListItem","position":1,"name":"Home","item":"https:\/\/instytutpolski.pl\/tokyo\/"},{"@type":"ListItem","position":2,"name":"Poznaj Polsk\u0119"}]},{"@type":"WebSite","@id":"https:\/\/instytutpolski.pl\/tokyo\/#website","url":"https:\/\/instytutpolski.pl\/tokyo\/","name":"Instytut Polski w Tokio","description":"Instytuty Polskie","potentialAction":[{"@type":"SearchAction","target":{"@type":"EntryPoint","urlTemplate":"https:\/\/instytutpolski.pl\/tokyo\/?s={search_term_string}"},"query-input":{"@type":"PropertyValueSpecification","valueRequired":true,"valueName":"search_term_string"}}],"inLanguage":"pl-PL"}]}},"_links":{"self":[{"href":"https:\/\/instytutpolski.pl\/tokyo\/wp-json\/wp\/v2\/pages\/730","targetHints":{"allow":["GET"]}}],"collection":[{"href":"https:\/\/instytutpolski.pl\/tokyo\/wp-json\/wp\/v2\/pages"}],"about":[{"href":"https:\/\/instytutpolski.pl\/tokyo\/wp-json\/wp\/v2\/types\/page"}],"author":[{"embeddable":true,"href":"https:\/\/instytutpolski.pl\/tokyo\/wp-json\/wp\/v2\/users\/1"}],"replies":[{"embeddable":true,"href":"https:\/\/instytutpolski.pl\/tokyo\/wp-json\/wp\/v2\/comments?post=730"}],"version-history":[{"count":3,"href":"https:\/\/instytutpolski.pl\/tokyo\/wp-json\/wp\/v2\/pages\/730\/revisions"}],"predecessor-version":[{"id":1862,"href":"https:\/\/instytutpolski.pl\/tokyo\/wp-json\/wp\/v2\/pages\/730\/revisions\/1862"}],"wp:featuredmedia":[{"embeddable":true,"href":"https:\/\/instytutpolski.pl\/tokyo\/wp-json\/wp\/v2\/media\/942"}],"wp:attachment":[{"href":"https:\/\/instytutpolski.pl\/tokyo\/wp-json\/wp\/v2\/media?parent=730"}],"curies":[{"name":"wp","href":"https:\/\/api.w.org\/{rel}","templated":true}]}}