{"id":740,"date":"2019-06-26T14:15:20","date_gmt":"2019-06-26T12:15:20","guid":{"rendered":"https:\/\/instytutpolski.pl\/tokio\/?page_id=740"},"modified":"2020-06-01T06:04:37","modified_gmt":"2020-06-01T04:04:37","slug":"stypendia-w-polsce","status":"publish","type":"page","link":"https:\/\/instytutpolski.pl\/tokyo\/pl\/stypendia-w-polsce\/","title":{"rendered":"Stypendia w Polsce"},"content":{"rendered":"\n<p>Polska oferuje kilka rodzaj\u00f3w stypendi\u00f3w dla obcokrajowc\u00f3w chc\u0105cych studiowa\u0107 w Polsce i prowadzi\u0107 tutaj badania naukowe.&nbsp;<\/p>\n\n\n\n<p>Dost\u0119pne s\u0105 m.in.: Erasmus +, stypendia w ramach um\u00f3w bilateralnych, \u015arodkowoeuropejski Program Wymiany Uniwersyteckiej CEEPUS, Wyszehradzki program stypendialny, stypendia dla student\u00f3w z kraj\u00f3w Partnerstwa Wschodniego oraz z kraj\u00f3w postsowieckich, stypendia dla obywateli kraj\u00f3w rozwijaj\u0105cych si\u0119, Program Fulbrighta, program stypendialny im.&nbsp;Lane\u2019a Kirklanda, UNESCO\/Poland Co-Sponsored Fellowships Programme in Engineering, Programme of Fellowships under the Polish National Commission for UNESCO.<\/p>\n\n\n\n<p>Wi\u0119cej informacji na&nbsp;<a href=\"http:\/\/www.go-poland.pl\/\">http:\/\/www.go-poland.pl\/<\/a><\/p>\n","protected":false},"excerpt":{"rendered":"<p>Polska oferuje kilka rodzaj\u00f3w stypendi\u00f3w dla obcokrajowc\u00f3w chc\u0105cych studiowa\u0107 w Polsce i prowadzi\u0107 tutaj badania naukowe.&nbsp; Dost\u0119pne s\u0105 m.in.: Erasmus +, stypendia w ramach um\u00f3w bilateralnych, \u015arodkowoeuropejski Program Wymiany Uniwersyteckiej CEEPUS, Wyszehradzki program stypendialny, stypendia dla student\u00f3w z kraj\u00f3w Partnerstwa Wschodniego oraz z kraj\u00f3w postsowieckich, stypendia dla obywateli kraj\u00f3w rozwijaj\u0105cych si\u0119, Program Fulbrighta, program stypendialny [&hellip;]<\/p>\n","protected":false},"author":1,"featured_media":1962,"parent":0,"menu_order":0,"comment_status":"closed","ping_status":"closed","template":"","meta":{"inline_featured_image":false,"_monsterinsights_skip_tracking":false,"_monsterinsights_sitenote_active":false,"_monsterinsights_sitenote_note":"","_monsterinsights_sitenote_category":0,"footnotes":""},"class_list":["post-740","page","type-page","status-publish","has-post-thumbnail","hentry"],"yoast_head":"<!-- This site is optimized with the Yoast SEO plugin v24.6 - https:\/\/yoast.com\/wordpress\/plugins\/seo\/ -->\n<title>Stypendia w Polsce - Instytut Polski w Tokio<\/title>\n<meta name=\"robots\" content=\"index, follow, max-snippet:-1, max-image-preview:large, max-video-preview:-1\" \/>\n<link rel=\"canonical\" href=\"https:\/\/instytutpolski.pl\/tokyo\/pl\/stypendia-w-polsce\/\" \/>\n<meta property=\"og:locale\" content=\"pl_PL\" \/>\n<meta property=\"og:type\" content=\"article\" \/>\n<meta property=\"og:title\" content=\"Stypendia w Polsce - Instytut Polski w Tokio\" \/>\n<meta property=\"og:description\" content=\"Polska oferuje kilka rodzaj\u00f3w stypendi\u00f3w dla obcokrajowc\u00f3w chc\u0105cych studiowa\u0107 w Polsce i prowadzi\u0107 tutaj badania naukowe.&nbsp; Dost\u0119pne s\u0105 m.in.: Erasmus +, stypendia w ramach um\u00f3w bilateralnych, \u015arodkowoeuropejski Program Wymiany Uniwersyteckiej CEEPUS, Wyszehradzki program stypendialny, stypendia dla student\u00f3w z kraj\u00f3w Partnerstwa Wschodniego oraz z kraj\u00f3w postsowieckich, stypendia dla obywateli kraj\u00f3w rozwijaj\u0105cych si\u0119, Program Fulbrighta, program stypendialny [&hellip;]\" \/>\n<meta property=\"og:url\" content=\"https:\/\/instytutpolski.pl\/tokyo\/pl\/stypendia-w-polsce\/\" \/>\n<meta property=\"og:site_name\" content=\"Instytut Polski w Tokio\" \/>\n<meta property=\"article:modified_time\" content=\"2020-06-01T04:04:37+00:00\" \/>\n<meta property=\"og:image\" content=\"https:\/\/instytutpolski.pl\/tokyo\/wp-content\/uploads\/sites\/22\/2020\/06\/B72.jpg\" \/>\n\t<meta property=\"og:image:width\" content=\"2480\" \/>\n\t<meta property=\"og:image:height\" content=\"1622\" \/>\n\t<meta property=\"og:image:type\" content=\"image\/jpeg\" \/>\n<meta name=\"twitter:card\" content=\"summary_large_image\" \/>\n<script type=\"application\/ld+json\" class=\"yoast-schema-graph\">{\"@context\":\"https:\/\/schema.org\",\"@graph\":[{\"@type\":\"WebPage\",\"@id\":\"https:\/\/instytutpolski.pl\/tokyo\/pl\/stypendia-w-polsce\/\",\"url\":\"https:\/\/instytutpolski.pl\/tokyo\/pl\/stypendia-w-polsce\/\",\"name\":\"Stypendia w Polsce - Instytut Polski w Tokio\",\"isPartOf\":{\"@id\":\"https:\/\/instytutpolski.pl\/tokyo\/#website\"},\"primaryImageOfPage\":{\"@id\":\"https:\/\/instytutpolski.pl\/tokyo\/pl\/stypendia-w-polsce\/#primaryimage\"},\"image\":{\"@id\":\"https:\/\/instytutpolski.pl\/tokyo\/pl\/stypendia-w-polsce\/#primaryimage\"},\"thumbnailUrl\":\"https:\/\/instytutpolski.pl\/tokyo\/wp-content\/uploads\/sites\/22\/2020\/06\/B72.jpg\",\"datePublished\":\"2019-06-26T12:15:20+00:00\",\"dateModified\":\"2020-06-01T04:04:37+00:00\",\"breadcrumb\":{\"@id\":\"https:\/\/instytutpolski.pl\/tokyo\/pl\/stypendia-w-polsce\/#breadcrumb\"},\"inLanguage\":\"pl-PL\",\"potentialAction\":[{\"@type\":\"ReadAction\",\"target\":[\"https:\/\/instytutpolski.pl\/tokyo\/pl\/stypendia-w-polsce\/\"]}]},{\"@type\":\"ImageObject\",\"inLanguage\":\"pl-PL\",\"@id\":\"https:\/\/instytutpolski.pl\/tokyo\/pl\/stypendia-w-polsce\/#primaryimage\",\"url\":\"https:\/\/instytutpolski.pl\/tokyo\/wp-content\/uploads\/sites\/22\/2020\/06\/B72.jpg\",\"contentUrl\":\"https:\/\/instytutpolski.pl\/tokyo\/wp-content\/uploads\/sites\/22\/2020\/06\/B72.jpg\",\"width\":2480,\"height\":1622},{\"@type\":\"BreadcrumbList\",\"@id\":\"https:\/\/instytutpolski.pl\/tokyo\/pl\/stypendia-w-polsce\/#breadcrumb\",\"itemListElement\":[{\"@type\":\"ListItem\",\"position\":1,\"name\":\"Home\",\"item\":\"https:\/\/instytutpolski.pl\/tokyo\/\"},{\"@type\":\"ListItem\",\"position\":2,\"name\":\"Stypendia w Polsce\"}]},{\"@type\":\"WebSite\",\"@id\":\"https:\/\/instytutpolski.pl\/tokyo\/#website\",\"url\":\"https:\/\/instytutpolski.pl\/tokyo\/\",\"name\":\"Instytut Polski w Tokio\",\"description\":\"Instytuty Polskie\",\"potentialAction\":[{\"@type\":\"SearchAction\",\"target\":{\"@type\":\"EntryPoint\",\"urlTemplate\":\"https:\/\/instytutpolski.pl\/tokyo\/?s={search_term_string}\"},\"query-input\":{\"@type\":\"PropertyValueSpecification\",\"valueRequired\":true,\"valueName\":\"search_term_string\"}}],\"inLanguage\":\"pl-PL\"}]}<\/script>\n<!-- \/ Yoast SEO plugin. -->","yoast_head_json":{"title":"Stypendia w Polsce - Instytut Polski w Tokio","robots":{"index":"index","follow":"follow","max-snippet":"max-snippet:-1","max-image-preview":"max-image-preview:large","max-video-preview":"max-video-preview:-1"},"canonical":"https:\/\/instytutpolski.pl\/tokyo\/pl\/stypendia-w-polsce\/","og_locale":"pl_PL","og_type":"article","og_title":"Stypendia w Polsce - Instytut Polski w Tokio","og_description":"Polska oferuje kilka rodzaj\u00f3w stypendi\u00f3w dla obcokrajowc\u00f3w chc\u0105cych studiowa\u0107 w Polsce i prowadzi\u0107 tutaj badania naukowe.&nbsp; Dost\u0119pne s\u0105 m.in.: Erasmus +, stypendia w ramach um\u00f3w bilateralnych, \u015arodkowoeuropejski Program Wymiany Uniwersyteckiej CEEPUS, Wyszehradzki program stypendialny, stypendia dla student\u00f3w z kraj\u00f3w Partnerstwa Wschodniego oraz z kraj\u00f3w postsowieckich, stypendia dla obywateli kraj\u00f3w rozwijaj\u0105cych si\u0119, Program Fulbrighta, program stypendialny [&hellip;]","og_url":"https:\/\/instytutpolski.pl\/tokyo\/pl\/stypendia-w-polsce\/","og_site_name":"Instytut Polski w Tokio","article_modified_time":"2020-06-01T04:04:37+00:00","og_image":[{"width":2480,"height":1622,"url":"https:\/\/instytutpolski.pl\/tokyo\/wp-content\/uploads\/sites\/22\/2020\/06\/B72.jpg","type":"image\/jpeg"}],"twitter_card":"summary_large_image","schema":{"@context":"https:\/\/schema.org","@graph":[{"@type":"WebPage","@id":"https:\/\/instytutpolski.pl\/tokyo\/pl\/stypendia-w-polsce\/","url":"https:\/\/instytutpolski.pl\/tokyo\/pl\/stypendia-w-polsce\/","name":"Stypendia w Polsce - Instytut Polski w Tokio","isPartOf":{"@id":"https:\/\/instytutpolski.pl\/tokyo\/#website"},"primaryImageOfPage":{"@id":"https:\/\/instytutpolski.pl\/tokyo\/pl\/stypendia-w-polsce\/#primaryimage"},"image":{"@id":"https:\/\/instytutpolski.pl\/tokyo\/pl\/stypendia-w-polsce\/#primaryimage"},"thumbnailUrl":"https:\/\/instytutpolski.pl\/tokyo\/wp-content\/uploads\/sites\/22\/2020\/06\/B72.jpg","datePublished":"2019-06-26T12:15:20+00:00","dateModified":"2020-06-01T04:04:37+00:00","breadcrumb":{"@id":"https:\/\/instytutpolski.pl\/tokyo\/pl\/stypendia-w-polsce\/#breadcrumb"},"inLanguage":"pl-PL","potentialAction":[{"@type":"ReadAction","target":["https:\/\/instytutpolski.pl\/tokyo\/pl\/stypendia-w-polsce\/"]}]},{"@type":"ImageObject","inLanguage":"pl-PL","@id":"https:\/\/instytutpolski.pl\/tokyo\/pl\/stypendia-w-polsce\/#primaryimage","url":"https:\/\/instytutpolski.pl\/tokyo\/wp-content\/uploads\/sites\/22\/2020\/06\/B72.jpg","contentUrl":"https:\/\/instytutpolski.pl\/tokyo\/wp-content\/uploads\/sites\/22\/2020\/06\/B72.jpg","width":2480,"height":1622},{"@type":"BreadcrumbList","@id":"https:\/\/instytutpolski.pl\/tokyo\/pl\/stypendia-w-polsce\/#breadcrumb","itemListElement":[{"@type":"ListItem","position":1,"name":"Home","item":"https:\/\/instytutpolski.pl\/tokyo\/"},{"@type":"ListItem","position":2,"name":"Stypendia w Polsce"}]},{"@type":"WebSite","@id":"https:\/\/instytutpolski.pl\/tokyo\/#website","url":"https:\/\/instytutpolski.pl\/tokyo\/","name":"Instytut Polski w Tokio","description":"Instytuty Polskie","potentialAction":[{"@type":"SearchAction","target":{"@type":"EntryPoint","urlTemplate":"https:\/\/instytutpolski.pl\/tokyo\/?s={search_term_string}"},"query-input":{"@type":"PropertyValueSpecification","valueRequired":true,"valueName":"search_term_string"}}],"inLanguage":"pl-PL"}]}},"_links":{"self":[{"href":"https:\/\/instytutpolski.pl\/tokyo\/wp-json\/wp\/v2\/pages\/740","targetHints":{"allow":["GET"]}}],"collection":[{"href":"https:\/\/instytutpolski.pl\/tokyo\/wp-json\/wp\/v2\/pages"}],"about":[{"href":"https:\/\/instytutpolski.pl\/tokyo\/wp-json\/wp\/v2\/types\/page"}],"author":[{"embeddable":true,"href":"https:\/\/instytutpolski.pl\/tokyo\/wp-json\/wp\/v2\/users\/1"}],"replies":[{"embeddable":true,"href":"https:\/\/instytutpolski.pl\/tokyo\/wp-json\/wp\/v2\/comments?post=740"}],"version-history":[{"count":6,"href":"https:\/\/instytutpolski.pl\/tokyo\/wp-json\/wp\/v2\/pages\/740\/revisions"}],"predecessor-version":[{"id":1963,"href":"https:\/\/instytutpolski.pl\/tokyo\/wp-json\/wp\/v2\/pages\/740\/revisions\/1963"}],"wp:featuredmedia":[{"embeddable":true,"href":"https:\/\/instytutpolski.pl\/tokyo\/wp-json\/wp\/v2\/media\/1962"}],"wp:attachment":[{"href":"https:\/\/instytutpolski.pl\/tokyo\/wp-json\/wp\/v2\/media?parent=740"}],"curies":[{"name":"wp","href":"https:\/\/api.w.org\/{rel}","templated":true}]}}